{"id":13093,"date":"2014-09-02T12:29:22","date_gmt":"2014-09-02T11:29:22","guid":{"rendered":"http:\/\/www.smartheating.cz\/sr\/mobilni-kotelna-bio-house-special-boiler-house-design-eng\/"},"modified":"2018-01-23T12:26:15","modified_gmt":"2018-01-23T11:26:15","slug":"mobilni-kotelna-bio-house-special-boiler-house-design-eng","status":"publish","type":"page","link":"https:\/\/www.smartheating.cz\/sr\/mobilni-kotelna-bio-house-special-boiler-house-design-eng\/","title":{"rendered":"Mobile boiler room BIO-HOUSE Special Boiler House Design"},"content":{"rendered":"<h1 class=\"title\">Monta\u017ene mobilne kotlarnice<br \/>\n <strong>POSEBNO RE\u0160ENJE KOTLARNICE <\/strong><\/h1>\n<p class=\"subtitle\">&nbsp;<\/p>\n<p>&nbsp;<span class=\"obrazek-pod-textem\"><img loading=\"lazy\" decoding=\"async\" class=\"alignnone wp-image-13096 size-full\" src=\"https:\/\/www.smartheating.cz\/wp-content\/uploads\/2014\/09\/bio_house_spec_RS.png\" width=\"864\" height=\"478\" srcset=\"https:\/\/www.smartheating.cz\/wp-content\/uploads\/2014\/09\/bio_house_spec_RS.png 864w, https:\/\/www.smartheating.cz\/wp-content\/uploads\/2014\/09\/bio_house_spec_RS-300x166.png 300w, https:\/\/www.smartheating.cz\/wp-content\/uploads\/2014\/09\/bio_house_spec_RS-768x425.png 768w, https:\/\/www.smartheating.cz\/wp-content\/uploads\/2014\/09\/bio_house_spec_RS-600x332.png 600w\" sizes=\"auto, (max-width: 864px) 100vw, 864px\" \/><\/span><\/p>\n<p>&nbsp;<\/p>\n<p>&nbsp;<\/p>\n<p>&nbsp;<\/p>\n<p>&nbsp;<\/p>\n<p>&nbsp;<\/p>\n<p>&nbsp;<\/p>\n<p>&nbsp;<\/p>\n<p>&nbsp;<\/p>\n<p>&nbsp;<\/p>\n<p><span class=\"barva-modra\">\u2022 Pocinkovana struktura sa PUR panelima prema zahtevima kupaca \u2022 Hidrauli\u010dno ili ru\u010dno otvaranje vrata za punjenje silosa \u2022 Tehnologija kotlova na biomasu Smart 150\u2013500\u20131500 kW \u2022 Moguc\u0301nost pomo\u0107nog kotla na mazut \/ gas \u2022 Kompletna re\u0161enja silosa za drveni pelet i drvenu se\u010dku \u2022 Kompletna re\u0161enja dimnjaka i odvoda dima \u2022 Kompletna re\u0161enja hidrauli\u010dnih instalacija \u2022 Sistem merenja i regulacije \u2022 Efikasnost sagorevanja 96% \u2022 Fleksibilnost tehni\u010dkog re\u0161enja \u2022 Razli\u010dite mogu\u0107nosti dizajna uklju\u010duju\u0107i posebne dizajn elemente<\/span><\/p>\n<p>&nbsp;<\/p>\n<h2>Dizajn<\/h2>\n<p><img loading=\"lazy\" decoding=\"async\" class=\"alignnone wp-image-13064 size-full\" src=\"https:\/\/www.smartheating.cz\/wp-content\/uploads\/2014\/07\/Prefabrikovana_kotelna_na_biomasu_RS.png\" width=\"864\" height=\"211\" srcset=\"https:\/\/www.smartheating.cz\/wp-content\/uploads\/2014\/07\/Prefabrikovana_kotelna_na_biomasu_RS.png 864w, https:\/\/www.smartheating.cz\/wp-content\/uploads\/2014\/07\/Prefabrikovana_kotelna_na_biomasu_RS-300x73.png 300w, https:\/\/www.smartheating.cz\/wp-content\/uploads\/2014\/07\/Prefabrikovana_kotelna_na_biomasu_RS-768x188.png 768w, https:\/\/www.smartheating.cz\/wp-content\/uploads\/2014\/07\/Prefabrikovana_kotelna_na_biomasu_RS-600x147.png 600w\" sizes=\"auto, (max-width: 864px) 100vw, 864px\" \/><\/p>\n<p><span class=\"obrazek-pod-textem\">&nbsp;<\/span><\/p>\n<h2>Mogu\u0107a tehni\u010dka re\u0161enja monta\u017enih mobilnih kotlarnica:<\/h2>\n<p><strong><span class=\"barva-cervena\">\u2022<\/span> <\/strong><span class=\"barva-modra\">Sa silosom ili bez silosa<\/span><br \/>\n <span class=\"barva-cervena\"><strong>\u2022<\/strong> <\/span><span class=\"barva-modra\">Leva ili desna varijanta mobilne kotlarnice<\/span><br \/>\n <strong><span class=\"barva-cervena\">\u2022<\/span> <\/strong><span class=\"barva-modra\">Hidrauli\u010dno ili ru\u010dno otvaranje vrata za punjenje silosa<\/span><br \/>\n <strong><span class=\"barva-cervena\">\u2022<\/span> <\/strong><span class=\"barva-modra\">Ulazna vrata od stakla ili metala<\/span><br \/>\n <strong><span class=\"barva-cervena\">\u2022<\/span> <\/strong><span class=\"barva-modra\">Posebna sigurnosna oprema<\/span><br \/>\n <strong><span class=\"barva-cervena\">\u2022<\/span> <\/strong><span class=\"barva-modra\">Spoljni izgled prema zahtevu kupca<\/span><br \/>\n &nbsp;<\/p>\n<h2>Minimalne &#8211; maksimalne dimenzije Smart BIO-HOUSE kotlarnice:<\/h2>\n<p><span class=\"barva-modra\">3 x 3 m \u2013 9 x 9 m<\/span><br \/>\n &nbsp;<\/p>\n<h2>Standardne boje panela:<\/h2>\n<p><img loading=\"lazy\" decoding=\"async\" class=\"alignnone size-full wp-image-671\" src=\"https:\/\/www.smartheating.cz\/wp-content\/uploads\/2014\/07\/bio-house-3.jpg\" alt=\"bio-house-3\" width=\"863\" height=\"118\" srcset=\"https:\/\/www.smartheating.cz\/wp-content\/uploads\/2014\/07\/bio-house-3.jpg 863w, https:\/\/www.smartheating.cz\/wp-content\/uploads\/2014\/07\/bio-house-3-300x41.jpg 300w, https:\/\/www.smartheating.cz\/wp-content\/uploads\/2014\/07\/bio-house-3-600x82.jpg 600w\" sizes=\"auto, (max-width: 863px) 100vw, 863px\" \/><\/p>\n<h2>Oprema kotlarnica:<\/h2>\n<table>\n<tbody>\n<tr>\n<td width=\"66%\"><img loading=\"lazy\" decoding=\"async\" class=\"alignnone size-full wp-image-397\" src=\"https:\/\/www.smartheating.cz\/wp-content\/uploads\/2014\/07\/kotelna-smart-cabin3.jpg\" alt=\"kotelna-smart-cabin3\" width=\"567\" height=\"249\" srcset=\"https:\/\/www.smartheating.cz\/wp-content\/uploads\/2014\/07\/kotelna-smart-cabin3.jpg 567w, https:\/\/www.smartheating.cz\/wp-content\/uploads\/2014\/07\/kotelna-smart-cabin3-300x131.jpg 300w\" sizes=\"auto, (max-width: 567px) 100vw, 567px\" \/>&nbsp;<\/td>\n<td width=\"1%\">&nbsp;<\/td>\n<td width=\"33%\">\n<p>&nbsp;<br \/>\n <span class=\"ubuntu barva-modra\" style=\"font-size: 10pt;\"><span class=\"barva-modra ubuntu\">Kotal <\/span>SMART 150\u2013500 kW<\/span><\/p>\n<p>&nbsp;<\/p>\n<p><a href=\"https:\/\/www.smartheating.cz\/en\/smart-150-kw\/\">SMART 150 kW<\/a><br \/>\n <a href=\"https:\/\/www.smartheating.cz\/en\/smart-180-kw\/\">SMART 180 kW<\/a><br \/>\n <a href=\"https:\/\/www.smartheating.cz\/en\/smart-200-kw\/\">SMART 200 kW<\/a><br \/>\n <a href=\"https:\/\/www.smartheating.cz\/en\/smart-200-kw\/\">SMART 220 kW<\/a><br \/>\n <a href=\"https:\/\/www.smartheating.cz\/en\/smart-250-kw\/\">SMART 250 kW<\/a><br \/>\n <a href=\"https:\/\/www.smartheating.cz\/en\/smart-300-kw\/\">SMART 300 kW<\/a><br \/>\n <a href=\"https:\/\/www.smartheating.cz\/en\/smart-350-kw\/\">SMART 350 kW<br \/>\n <\/a><a href=\"https:\/\/www.smartheating.cz\/en\/smart-400-kw\/\">SMART 400 kW<\/a><br \/>\n <a href=\"https:\/\/www.smartheating.cz\/en\/smart-450-kw\/\">SMART 450 kW<\/a><br \/>\n <a href=\"https:\/\/www.smartheating.cz\/en\/smart-500-kw\/\">SMART 500 kW<\/a><\/p>\n<\/td>\n<\/tr>\n<\/tbody>\n<\/table>\n<p>&nbsp;<\/p>\n<table class=\" tabulka\" style=\"width: 863px;\">\n<tbody>\n<tr style=\"height: 24px;\">\n<td class=\"extra-tmava-bunka\" style=\"width: 851px; height: 24px; text-align: center;\" colspan=\"11\"><span style=\"font-size: 10pt;\">TEHNI\u010cKI PODACI SMART KOTLOVA<\/span><\/td>\n<\/tr>\n<tr style=\"height: 24px;\">\n<td class=\"extra-tmava-bunka\" style=\"width: 243.81px; height: 24px;\"><span style=\"font-size: 10pt;\">Oznaka<\/span><\/td>\n<td class=\"extra-tmava-bunka\" style=\"width: 42.96px; height: 24px; text-align: center;\"><span style=\"font-size: 10pt;\">&nbsp;<\/span><\/td>\n<td class=\"extra-tmava-bunka\" style=\"width: 54.87px; height: 24px; text-align: center;\"><span style=\"font-size: 10pt;\">150&nbsp;<\/span><\/td>\n<td class=\"extra-tmava-bunka\" style=\"width: 48.27px; height: 24px; text-align: center;\"><span style=\"font-size: 10pt;\">200<\/span><\/td>\n<td class=\"extra-tmava-bunka\" style=\"width: 54.87px; height: 24px; text-align: center;\"><span style=\"font-size: 10pt;\">220<\/span><\/td>\n<td class=\"extra-tmava-bunka\" style=\"width: 48.27px; height: 24px; text-align: center;\"><span style=\"font-size: 10pt;\">250<\/span><\/td>\n<td class=\"extra-tmava-bunka\" style=\"width: 48.27px; height: 24px; text-align: center;\"><span style=\"font-size: 10pt;\">300<\/span><\/td>\n<td class=\"extra-tmava-bunka\" style=\"width: 48.27px; height: 24px; text-align: center;\"><span style=\"font-size: 10pt;\">350<\/span><\/td>\n<td class=\"extra-tmava-bunka\" style=\"width: 48.27px; height: 24px; text-align: center;\"><span style=\"font-size: 10pt;\">400<\/span><\/td>\n<td class=\"extra-tmava-bunka\" style=\"width: 54.87px; height: 24px; text-align: center;\"><span style=\"font-size: 10pt;\">450<\/span><\/td>\n<td class=\"extra-tmava-bunka\" style=\"width: 48.27px; height: 24px; text-align: center;\"><span style=\"font-size: 10pt;\">500<\/span><\/td>\n<\/tr>\n<tr style=\"height: 24px;\">\n<td style=\"width: 243.81px; height: 24px;\"><span style=\"font-size: 10pt;\">Nominalna snaga Ns<\/span><\/td>\n<td style=\"width: 42.96px; height: 24px; text-align: center;\"><span style=\"font-size: 10pt;\">kW<\/span><\/td>\n<td style=\"width: 54.87px; height: 24px; text-align: center;\"><span style=\"font-size: 10pt;\">150<\/span><\/td>\n<td style=\"width: 48.27px; height: 24px; text-align: center;\"><span style=\"font-size: 10pt;\">200<\/span><\/td>\n<td style=\"width: 54.87px; height: 24px; text-align: center;\"><span style=\"font-size: 10pt;\">220&nbsp;<\/span><\/td>\n<td style=\"width: 48.27px; height: 24px; text-align: center;\"><span style=\"font-size: 10pt;\">250<\/span><\/td>\n<td style=\"width: 48.27px; height: 24px; text-align: center;\"><span style=\"font-size: 10pt;\">300<\/span><\/td>\n<td style=\"width: 48.27px; height: 24px; text-align: center;\"><span style=\"font-size: 10pt;\">350<\/span><\/td>\n<td style=\"width: 48.27px; height: 24px; text-align: center;\"><span style=\"font-size: 10pt;\">400<\/span><\/td>\n<td style=\"width: 54.87px; height: 24px; text-align: center;\"><span style=\"font-size: 10pt;\">450&nbsp;<\/span><\/td>\n<td style=\"width: 48.27px; height: 24px; text-align: center;\"><span style=\"font-size: 10pt;\">500<\/span><\/td>\n<\/tr>\n<tr style=\"height: 24.54px;\">\n<td style=\"width: 243.81px; height: 24.54px;\"><span style=\"font-size: 10pt;\">Delimi\u010dna snaga Ds<\/span><\/td>\n<td style=\"width: 42.96px; height: 24.54px; text-align: center;\"><span style=\"font-size: 10pt;\">kW<\/span><\/td>\n<td style=\"width: 54.87px; height: 24.54px; text-align: center;\"><span style=\"font-size: 10pt;\">40<\/span><\/td>\n<td style=\"width: 48.27px; height: 24.54px; text-align: center;\"><span style=\"font-size: 10pt;\">45<\/span><\/td>\n<td style=\"width: 54.87px; height: 24.54px; text-align: center;\"><span style=\"font-size: 10pt;\">55<\/span><\/td>\n<td style=\"width: 48.27px; height: 24.54px; text-align: center;\"><span style=\"font-size: 10pt;\">65<\/span><\/td>\n<td style=\"width: 48.27px; height: 24.54px; text-align: center;\"><span style=\"font-size: 10pt;\">75<\/span><\/td>\n<td style=\"width: 48.27px; height: 24.54px; text-align: center;\"><span style=\"font-size: 10pt;\">90<\/span><\/td>\n<td style=\"width: 48.27px; height: 24.54px; text-align: center;\"><span style=\"font-size: 10pt;\">100<\/span><\/td>\n<td style=\"width: 54.87px; height: 24.54px; text-align: center;\"><span style=\"font-size: 10pt;\">115&nbsp;<\/span><\/td>\n<td style=\"width: 48.27px; height: 24.54px; text-align: center;\"><span style=\"font-size: 10pt;\">140<\/span><\/td>\n<\/tr>\n<tr style=\"height: 24px;\">\n<td style=\"width: 243.81px; height: 24px;\"><span style=\"font-size: 10pt;\">Efikasnost kotla pri Ns<\/span><\/td>\n<td style=\"width: 42.96px; height: 24px; text-align: center;\"><span style=\"font-size: 10pt;\">&nbsp;%<\/span><\/td>\n<td style=\"width: 54.87px; height: 24px; text-align: center;\"><span style=\"font-size: 10pt;\">95<\/span><\/td>\n<td style=\"width: 48.27px; height: 24px; text-align: center;\"><span style=\"font-size: 10pt;\">95<\/span><\/td>\n<td style=\"width: 54.87px; height: 24px; text-align: center;\"><span style=\"font-size: 10pt;\">95<\/span><\/td>\n<td style=\"width: 48.27px; height: 24px; text-align: center;\"><span style=\"font-size: 10pt;\">95<\/span><\/td>\n<td style=\"width: 48.27px; height: 24px; text-align: center;\"><span style=\"font-size: 10pt;\">95&nbsp;<\/span><\/td>\n<td style=\"width: 48.27px; height: 24px; text-align: center;\"><span style=\"font-size: 10pt;\">95<\/span><\/td>\n<td style=\"width: 48.27px; height: 24px; text-align: center;\"><span style=\"font-size: 10pt;\">95<\/span><\/td>\n<td style=\"width: 54.87px; height: 24px; text-align: center;\"><span style=\"font-size: 10pt;\">95<\/span><\/td>\n<td style=\"width: 48.27px; height: 24px; text-align: center;\"><span style=\"font-size: 10pt;\">95<\/span><\/td>\n<\/tr>\n<tr style=\"height: 24px;\">\n<td style=\"width: 243.81px; height: 24px;\"><span style=\"font-size: 10pt;\">Efikasnost kotla pri Ds<\/span><\/td>\n<td style=\"width: 42.96px; height: 24px; text-align: center;\"><span style=\"font-size: 10pt;\">&nbsp;%<\/span><\/td>\n<td style=\"width: 54.87px; height: 24px; text-align: center;\"><span style=\"font-size: 10pt;\">96<\/span><\/td>\n<td style=\"width: 48.27px; height: 24px; text-align: center;\"><span style=\"font-size: 10pt;\">96<\/span><\/td>\n<td style=\"width: 54.87px; height: 24px; text-align: center;\"><span style=\"font-size: 10pt;\">96<\/span><\/td>\n<td style=\"width: 48.27px; height: 24px; text-align: center;\"><span style=\"font-size: 10pt;\">96<\/span><\/td>\n<td style=\"width: 48.27px; height: 24px; text-align: center;\"><span style=\"font-size: 10pt;\">96<\/span><\/td>\n<td style=\"width: 48.27px; height: 24px; text-align: center;\"><span style=\"font-size: 10pt;\">96<\/span><\/td>\n<td style=\"width: 48.27px; height: 24px; text-align: center;\"><span style=\"font-size: 10pt;\">96<\/span><\/td>\n<td style=\"width: 54.87px; height: 24px; text-align: center;\"><span style=\"font-size: 10pt;\">96<\/span><\/td>\n<td style=\"width: 48.27px; height: 24px; text-align: center;\"><span style=\"font-size: 10pt;\">96<\/span><\/td>\n<\/tr>\n<tr style=\"height: 24px;\">\n<td style=\"width: 243.81px; height: 24px;\"><span style=\"font-size: 10pt;\">Klasa kotla<\/span><\/td>\n<td style=\"width: 42.96px; height: 24px; text-align: center;\"><span style=\"font-size: 10pt;\">&nbsp;<\/span><\/td>\n<td style=\"width: 54.87px; height: 24px; text-align: center;\"><span style=\"font-size: 10pt;\">5<\/span><\/td>\n<td style=\"width: 48.27px; height: 24px; text-align: center;\"><span style=\"font-size: 10pt;\">5<\/span><\/td>\n<td style=\"width: 54.87px; height: 24px; text-align: center;\"><span style=\"font-size: 10pt;\">5<\/span><\/td>\n<td style=\"width: 48.27px; height: 24px; text-align: center;\"><span style=\"font-size: 10pt;\">5<\/span><\/td>\n<td style=\"width: 48.27px; height: 24px; text-align: center;\"><span style=\"font-size: 10pt;\">5<\/span><\/td>\n<td style=\"width: 48.27px; height: 24px; text-align: center;\"><span style=\"font-size: 10pt;\">5<\/span><\/td>\n<td style=\"width: 48.27px; height: 24px; text-align: center;\"><span style=\"font-size: 10pt;\">5<\/span><\/td>\n<td style=\"width: 54.87px; height: 24px; text-align: center;\"><span style=\"font-size: 10pt;\">5<\/span><\/td>\n<td style=\"width: 48.27px; height: 24px; text-align: center;\"><span style=\"font-size: 10pt;\">5<\/span><\/td>\n<\/tr>\n<\/tbody>\n<\/table>\n<p>&nbsp;<\/p>\n<table>\n<tbody>\n<tr>\n<td width=\"33%\"><img loading=\"lazy\" decoding=\"async\" class=\"alignnone wp-image-5060\" src=\"http:\/\/www.be-heating.be\/wp-content\/uploads\/2014\/07\/FE-AKU-2000_DN100_CELLA-PV-100_300dpi_logo.png\" alt=\"\" width=\"199\" height=\"299\">&nbsp;<\/td>\n<td width=\"1%\">&nbsp;<\/td>\n<td width=\"33%\"><img loading=\"lazy\" decoding=\"async\" class=\"alignnone wp-image-5061\" src=\"http:\/\/www.be-heating.be\/wp-content\/uploads\/2014\/07\/FE-AKU-2000_G6-4inch_CELLA-PV-100_300dpi_logo.png\" alt=\"\" width=\"199\" height=\"299\">&nbsp;<\/td>\n<td width=\"1%\">&nbsp;<\/td>\n<td width=\"33%\">\n<p>&nbsp;<\/p>\n<p><span class=\"barva-modra\" style=\"font-size: 10pt;\"><span class=\"barva-modra\">Akumulacioni <\/span>Tank<br \/>\n &nbsp;<\/span><\/p>\n<p><a href=\"https:\/\/www.smartheating.cz\/en\/accumulation-tanks\/\">FE AKU<\/a><br \/>\n <a href=\"https:\/\/www.smartheating.cz\/en\/accumulation-tanks\/\">FE AKU ST<\/a><\/p>\n<\/td>\n<\/tr>\n<\/tbody>\n<\/table>\n<p>&nbsp;<\/p>\n<h2>Foto galerija<\/h2>\n<p><p>Invalid Displayed Gallery<\/p><\/p>\n","protected":false},"excerpt":{"rendered":"<p>Monta\u017ene mobilne kotlarnice POSEBNO RE\u0160ENJE KOTLARNICE &nbsp; &nbsp; &nbsp; &nbsp; &nbsp; &nbsp; &nbsp; &nbsp; &nbsp; &nbsp; &nbsp; \u2022 Pocinkovana struktura sa PUR panelima prema zahtevima kupaca \u2022 Hidrauli\u010dno ili ru\u010dno otvaranje vrata za punjenje silosa \u2022 Tehnologija kotlova na biomasu Smart 150\u2013500\u20131500 kW \u2022 Moguc\u0301nost pomo\u0107nog kotla na mazut \/ gas \u2022 Kompletna re\u0161enja silosa [&hellip;]<\/p>\n","protected":false},"author":2,"featured_media":0,"parent":0,"menu_order":0,"comment_status":"closed","ping_status":"closed","template":"page-h1.php","meta":{"ngg_post_thumbnail":0,"footnotes":""},"class_list":["post-13093","page","type-page","status-publish","hentry"],"_links":{"self":[{"href":"https:\/\/www.smartheating.cz\/sr\/wp-json\/wp\/v2\/pages\/13093","targetHints":{"allow":["GET"]}}],"collection":[{"href":"https:\/\/www.smartheating.cz\/sr\/wp-json\/wp\/v2\/pages"}],"about":[{"href":"https:\/\/www.smartheating.cz\/sr\/wp-json\/wp\/v2\/types\/page"}],"author":[{"embeddable":true,"href":"https:\/\/www.smartheating.cz\/sr\/wp-json\/wp\/v2\/users\/2"}],"replies":[{"embeddable":true,"href":"https:\/\/www.smartheating.cz\/sr\/wp-json\/wp\/v2\/comments?post=13093"}],"version-history":[{"count":0,"href":"https:\/\/www.smartheating.cz\/sr\/wp-json\/wp\/v2\/pages\/13093\/revisions"}],"wp:attachment":[{"href":"https:\/\/www.smartheating.cz\/sr\/wp-json\/wp\/v2\/media?parent=13093"}],"curies":[{"name":"wp","href":"https:\/\/api.w.org\/{rel}","templated":true}]}}