{"id":12984,"date":"2014-09-10T10:31:27","date_gmt":"2014-09-10T09:31:27","guid":{"rendered":"http:\/\/www.smartheating.cz\/sr\/rozcestnik-kotelny-4\/mobile-boiler-smart-greenhouse-heating-solution\/"},"modified":"2018-02-01T14:53:06","modified_gmt":"2018-02-01T13:53:06","slug":"mobile-boiler-smart-greenhouse-heating-solution","status":"publish","type":"page","link":"https:\/\/www.smartheating.cz\/sr\/mobile-boiler-smart-greenhouse-heating-solution\/","title":{"rendered":"Mobile boiler SMART GREENHOUSE HEATING SOLUTION"},"content":{"rendered":"<h1 class=\"title\">Mobilne kotlarnice<br \/>\n<span class=\"mezera-dole-0\"><strong>SMART GREENHOUSE HEATING SOLUTION<\/strong><\/span><\/h1>\n<p><span class=\"obrazek-pod-textem\"><img loading=\"lazy\" decoding=\"async\" class=\"alignnone size-full wp-image-33894\" src=\"https:\/\/www.smartheating.cz\/wp-content\/uploads\/2014\/09\/mobilni_kotelny_uvodni_obrazek_Srbsko_obyc_drevo.png\" alt=\"\" width=\"864\" height=\"515\" srcset=\"https:\/\/www.smartheating.cz\/wp-content\/uploads\/2014\/09\/mobilni_kotelny_uvodni_obrazek_Srbsko_obyc_drevo.png 864w, https:\/\/www.smartheating.cz\/wp-content\/uploads\/2014\/09\/mobilni_kotelny_uvodni_obrazek_Srbsko_obyc_drevo-300x179.png 300w, https:\/\/www.smartheating.cz\/wp-content\/uploads\/2014\/09\/mobilni_kotelny_uvodni_obrazek_Srbsko_obyc_drevo-768x458.png 768w, https:\/\/www.smartheating.cz\/wp-content\/uploads\/2014\/09\/mobilni_kotelny_uvodni_obrazek_Srbsko_obyc_drevo-600x358.png 600w\" sizes=\"auto, (max-width: 864px) 100vw, 864px\" \/><\/span><\/p>\n<p>&nbsp;<\/p>\n<p>&nbsp;<\/p>\n<p>&nbsp;<\/p>\n<p>&nbsp;<\/p>\n<p>&nbsp;<\/p>\n<p>&nbsp;<\/p>\n<p>&nbsp;<\/p>\n<p>&nbsp;<\/p>\n<p>&nbsp;<\/p>\n<p>&nbsp;<\/p>\n<p><span class=\"barva-modra\">\u2022 Kompletna isporuka mobilnih kotlarnica u kontejneru ili isporuka individualnih kotlova na biomasu \u2022 Opcija grejanja toplom vodom ili toplim vazduhom \u2022 Kompletna hidrauli\u010dna i elektri\u010dna re\u0161enja za grejanje vi\u0161e zgrada (vi\u0161e grejnih krugova) \u2022 2-4 termostata u svakom objektu \u2022 Kompletan nadzor i regulacija svih grejnih krugova \u2022 Daljinska kontrola i upravljanje preko mobilnog telefona&nbsp; i interneta \u2022 Trenutna obave\u0161tenja o promeni radnih uslova<br \/>\n<\/span><\/p>\n<h2 dir=\"LTR\" align=\"LEFT\">&nbsp;<\/h2>\n<h2 dir=\"LTR\" align=\"LEFT\">Mogu\u0107nosti izgleda unutra\u0161njeg ventilatora:<\/h2>\n<table>\n<tbody>\n<tr>\n<td><a href=\"https:\/\/www.smartheating.cz\/wp-content\/uploads\/2014\/08\/fukar1-300x225.jpg\"><img loading=\"lazy\" decoding=\"async\" class=\"alignnone wp-image-1612 size-medium\" src=\"https:\/\/www.smartheating.cz\/wp-content\/uploads\/2014\/08\/fukar1-300x225.jpg\" alt=\"fukar1\" width=\"300\" height=\"225\" srcset=\"https:\/\/www.smartheating.cz\/wp-content\/uploads\/2014\/08\/fukar1-300x225.jpg 300w, https:\/\/www.smartheating.cz\/wp-content\/uploads\/2014\/08\/fukar1-600x450.jpg 600w, https:\/\/www.smartheating.cz\/wp-content\/uploads\/2014\/08\/fukar1.jpg 1000w\" sizes=\"auto, (max-width: 300px) 100vw, 300px\" \/><\/a>&nbsp;<\/td>\n<td>&nbsp;<a href=\"https:\/\/www.smartheating.cz\/wp-content\/uploads\/2014\/08\/ventilator1-300x300.jpg\"><img loading=\"lazy\" decoding=\"async\" class=\"alignnone wp-image-1613\" src=\"https:\/\/www.smartheating.cz\/wp-content\/uploads\/2014\/08\/ventilator1-300x300.jpg\" alt=\"ventilator1\" width=\"225\" height=\"225\" srcset=\"https:\/\/www.smartheating.cz\/wp-content\/uploads\/2014\/08\/ventilator1-300x300.jpg 300w, https:\/\/www.smartheating.cz\/wp-content\/uploads\/2014\/08\/ventilator1-150x150.jpg 150w, https:\/\/www.smartheating.cz\/wp-content\/uploads\/2014\/08\/ventilator1-600x600.jpg 600w, https:\/\/www.smartheating.cz\/wp-content\/uploads\/2014\/08\/ventilator1.jpg 1000w\" sizes=\"auto, (max-width: 225px) 100vw, 225px\" \/><\/a><\/td>\n<td>&nbsp;<\/td>\n<td><a href=\"https:\/\/www.smartheating.cz\/wp-content\/uploads\/2014\/08\/ventilator2-300x225.jpg\"><img loading=\"lazy\" decoding=\"async\" class=\"alignnone wp-image-1614 size-medium\" src=\"https:\/\/www.smartheating.cz\/wp-content\/uploads\/2014\/08\/ventilator2-300x225.jpg\" alt=\"ventilator2\" width=\"300\" height=\"225\" srcset=\"https:\/\/www.smartheating.cz\/wp-content\/uploads\/2014\/08\/ventilator2-300x225.jpg 300w, https:\/\/www.smartheating.cz\/wp-content\/uploads\/2014\/08\/ventilator2-600x450.jpg 600w, https:\/\/www.smartheating.cz\/wp-content\/uploads\/2014\/08\/ventilator2.jpg 1000w\" sizes=\"auto, (max-width: 300px) 100vw, 300px\" \/><\/a>&nbsp;<\/td>\n<\/tr>\n<\/tbody>\n<\/table>\n<h2>&nbsp;<\/h2>\n<h2 dir=\"LTR\" align=\"LEFT\">Mogu\u0107nosti primene Smart GreenHouse Cabin:<\/h2>\n<p><strong><span class=\"barva-cervena\">\u2022<\/span><\/strong><span class=\"barva-modra\"> Grejanje plastenika \u2013toplom vodom \/ toplim vazduhom \/ priprema potro\u0161ne tople vode<\/span><br \/>\n<strong><span class=\"barva-cervena\">\u2022<\/span> <\/strong><span class=\"barva-modra\">\u017divinarske farme \u2013toplom vodom \/ toplim vazduhom \/ priprema potro\u0161ne tople vode<\/span><br \/>\n<strong><span class=\"barva-cervena\">\u2022<\/span> <\/strong><span class=\"barva-modra\">Sto\u010dne farme \u2013toplom vodom \/ toplim vazduhom \/ priprema potro\u0161ne tople vode<br \/>\n<\/span><strong><span class=\"barva-cervena\">\u2022<\/span> <\/strong><span class=\"barva-modra\">Farme svinja \u2013toplom vodom \/ toplim vazduhom \/ priprema potro\u0161ne tople vode<\/span><br \/>\n<strong><span class=\"barva-cervena\">\u2022<\/span>&nbsp;<\/strong><span class=\"barva-modra\">Uzgoj ribe \u2013toplom vodom \/ toplim vazduhom \/ priprema potro\u0161ne tople vode<\/span><br \/>\n<strong><span class=\"barva-cervena\">\u2022<\/span>&nbsp;<\/strong><span class=\"barva-modra\">ZOO vrtovi \u2013toplom vodom \/ toplim vazduhom \/ priprema potro\u0161ne tople vode<\/span><br \/>\n<strong><span class=\"barva-cervena\">\u2022<\/span>&nbsp;<\/strong><span class=\"barva-modra\">Re\u0161enja za su\u0161enje materijala \u2013 priprema potro\u0161ne tople vode<\/span><\/p>\n<p>&nbsp;<\/p>\n<h2>Oprema kotlarnica:<\/h2>\n<table>\n<tbody>\n<tr>\n<td width=\"66%\"><a href=\"https:\/\/www.smartheating.cz\/wp-content\/uploads\/2014\/07\/kotelna-smart-cabin3.jpg\"><img loading=\"lazy\" decoding=\"async\" class=\"alignnone size-full wp-image-397\" src=\"https:\/\/www.smartheating.cz\/wp-content\/uploads\/2014\/07\/kotelna-smart-cabin3.jpg\" alt=\"kotelna-smart-cabin3\" width=\"567\" height=\"249\" srcset=\"https:\/\/www.smartheating.cz\/wp-content\/uploads\/2014\/07\/kotelna-smart-cabin3.jpg 567w, https:\/\/www.smartheating.cz\/wp-content\/uploads\/2014\/07\/kotelna-smart-cabin3-300x131.jpg 300w\" sizes=\"auto, (max-width: 567px) 100vw, 567px\" \/><\/a>&nbsp;<\/td>\n<td width=\"1%\">&nbsp;<\/td>\n<td width=\"33%\">&nbsp;<br \/>\n<span class=\"barva-modra ubuntu\">Kotal&nbsp;SMART 150\u2013500 kW<\/span><\/p>\n<p><a href=\"https:\/\/www.smartheating.cz\/sr\/smart-150-kw\/\">SMART 150 kW<\/a><br \/>\n<a href=\"https:\/\/www.smartheating.cz\/sr\/smart-180-kw\/\">SMART 180 kW<\/a><br \/>\n<a href=\"https:\/\/www.smartheating.cz\/sr\/smart-200-kw\/\">SMART 200 kW<\/a><br \/>\n<a href=\"https:\/\/www.smartheating.cz\/sr\/smart-200-kw\/\">SMART 220 kW<\/a><br \/>\n<a href=\"https:\/\/www.smartheating.cz\/sr\/smart-250-kw\/\">SMART 250 kW<\/a><br \/>\n<a href=\"https:\/\/www.smartheating.cz\/sr\/smart-300-kw\/\">SMART 300 kW<\/a><br \/>\n<a href=\"https:\/\/www.smartheating.cz\/sr\/smart-350-kw\/\">SMART 350 kW<br \/>\n<\/a><a href=\"https:\/\/www.smartheating.cz\/sr\/smart-400-kw\/\">SMART 400 kW<\/a><br \/>\n<a href=\"https:\/\/www.smartheating.cz\/sr\/smart-450-kw\/\">SMART 450 kW<\/a><br \/>\n<a href=\"https:\/\/www.smartheating.cz\/sr\/smart-500-kw\/\">SMART 500 kW<\/a><\/p>\n<\/td>\n<\/tr>\n<\/tbody>\n<\/table>\n<p>&nbsp;<\/p>\n<table class=\" tabulka\" style=\"width: 862.21px;\">\n<tbody>\n<tr style=\"height: 24.63px;\">\n<td class=\"extra-tmava-bunka\" style=\"width: 735.21px; height: 24.63px; text-align: center;\" colspan=\"11\"><span style=\"font-size: 10pt;\">TEHNI\u010cKI PODACI SMART KOTLOVA<\/span><\/td>\n<\/tr>\n<tr style=\"height: 24px;\">\n<td class=\"extra-tmava-bunka\" style=\"width: 243px; height: 24px;\"><span style=\"font-size: 10pt;\">Oznaka<\/span><\/td>\n<td class=\"extra-tmava-bunka\" style=\"width: 42px; height: 24px; text-align: center;\"><span style=\"font-size: 10pt;\">&nbsp;<\/span><\/td>\n<td class=\"extra-tmava-bunka\" style=\"width: 54px; height: 24px; text-align: center;\"><span style=\"font-size: 10pt;\">150&nbsp;<\/span><\/td>\n<td class=\"extra-tmava-bunka\" style=\"width: 48px; height: 24px; text-align: center;\"><span style=\"font-size: 10pt;\">200<\/span><\/td>\n<td class=\"extra-tmava-bunka\" style=\"width: 54px; height: 24px; text-align: center;\"><span style=\"font-size: 10pt;\">220<\/span><\/td>\n<td class=\"extra-tmava-bunka\" style=\"width: 48px; height: 24px; text-align: center;\"><span style=\"font-size: 10pt;\">250<\/span><\/td>\n<td class=\"extra-tmava-bunka\" style=\"width: 48px; height: 24px; text-align: center;\"><span style=\"font-size: 10pt;\">300<\/span><\/td>\n<td class=\"extra-tmava-bunka\" style=\"width: 48px; height: 24px; text-align: center;\"><span style=\"font-size: 10pt;\">350<\/span><\/td>\n<td class=\"extra-tmava-bunka\" style=\"width: 48px; height: 24px; text-align: center;\"><span style=\"font-size: 10pt;\">400<\/span><\/td>\n<td class=\"extra-tmava-bunka\" style=\"width: 54px; height: 24px; text-align: center;\"><span style=\"font-size: 10pt;\">450<\/span><\/td>\n<td class=\"extra-tmava-bunka\" style=\"width: 48.21px; height: 24px; text-align: center;\"><span style=\"font-size: 10pt;\">500<\/span><\/td>\n<\/tr>\n<tr style=\"height: 24px;\">\n<td style=\"width: 243px; height: 24px;\"><span style=\"font-size: 10pt;\">Nominalna snaga Ns<\/span><\/td>\n<td style=\"width: 42px; height: 24px; text-align: center;\"><span style=\"font-size: 10pt;\">kW<\/span><\/td>\n<td style=\"width: 54px; height: 24px; text-align: center;\"><span style=\"font-size: 10pt;\">150<\/span><\/td>\n<td style=\"width: 48px; height: 24px; text-align: center;\"><span style=\"font-size: 10pt;\">200<\/span><\/td>\n<td style=\"width: 54px; height: 24px; text-align: center;\"><span style=\"font-size: 10pt;\">220&nbsp;<\/span><\/td>\n<td style=\"width: 48px; height: 24px; text-align: center;\"><span style=\"font-size: 10pt;\">250<\/span><\/td>\n<td style=\"width: 48px; height: 24px; text-align: center;\"><span style=\"font-size: 10pt;\">300<\/span><\/td>\n<td style=\"width: 48px; height: 24px; text-align: center;\"><span style=\"font-size: 10pt;\">350<\/span><\/td>\n<td style=\"width: 48px; height: 24px; text-align: center;\"><span style=\"font-size: 10pt;\">400<\/span><\/td>\n<td style=\"width: 54px; height: 24px; text-align: center;\"><span style=\"font-size: 10pt;\">450&nbsp;<\/span><\/td>\n<td style=\"width: 48.21px; height: 24px; text-align: center;\"><span style=\"font-size: 10pt;\">500<\/span><\/td>\n<\/tr>\n<tr style=\"height: 24px;\">\n<td style=\"width: 243px; height: 24px;\"><span style=\"font-size: 10pt;\">Delimi\u010dna snaga Ds<\/span><\/td>\n<td style=\"width: 42px; height: 24px; text-align: center;\"><span style=\"font-size: 10pt;\">kW<\/span><\/td>\n<td style=\"width: 54px; height: 24px; text-align: center;\"><span style=\"font-size: 10pt;\">40<\/span><\/td>\n<td style=\"width: 48px; height: 24px; text-align: center;\"><span style=\"font-size: 10pt;\">45<\/span><\/td>\n<td style=\"width: 54px; height: 24px; text-align: center;\"><span style=\"font-size: 10pt;\">55<\/span><\/td>\n<td style=\"width: 48px; height: 24px; text-align: center;\"><span style=\"font-size: 10pt;\">65<\/span><\/td>\n<td style=\"width: 48px; height: 24px; text-align: center;\"><span style=\"font-size: 10pt;\">75<\/span><\/td>\n<td style=\"width: 48px; height: 24px; text-align: center;\"><span style=\"font-size: 10pt;\">90<\/span><\/td>\n<td style=\"width: 48px; height: 24px; text-align: center;\"><span style=\"font-size: 10pt;\">100<\/span><\/td>\n<td style=\"width: 54px; height: 24px; text-align: center;\"><span style=\"font-size: 10pt;\">115&nbsp;<\/span><\/td>\n<td style=\"width: 48.21px; height: 24px; text-align: center;\"><span style=\"font-size: 10pt;\">140<\/span><\/td>\n<\/tr>\n<tr style=\"height: 24px;\">\n<td style=\"width: 243px; height: 24px;\"><span style=\"font-size: 10pt;\">Efikasnost kotla pri Ns<\/span><\/td>\n<td style=\"width: 42px; height: 24px; text-align: center;\"><span style=\"font-size: 10pt;\">&nbsp;%<\/span><\/td>\n<td style=\"width: 54px; height: 24px; text-align: center;\"><span style=\"font-size: 10pt;\">95<\/span><\/td>\n<td style=\"width: 48px; height: 24px; text-align: center;\"><span style=\"font-size: 10pt;\">95<\/span><\/td>\n<td style=\"width: 54px; height: 24px; text-align: center;\"><span style=\"font-size: 10pt;\">95<\/span><\/td>\n<td style=\"width: 48px; height: 24px; text-align: center;\"><span style=\"font-size: 10pt;\">95<\/span><\/td>\n<td style=\"width: 48px; height: 24px; text-align: center;\"><span style=\"font-size: 10pt;\">95&nbsp;<\/span><\/td>\n<td style=\"width: 48px; height: 24px; text-align: center;\"><span style=\"font-size: 10pt;\">95<\/span><\/td>\n<td style=\"width: 48px; height: 24px; text-align: center;\"><span style=\"font-size: 10pt;\">95<\/span><\/td>\n<td style=\"width: 54px; height: 24px; text-align: center;\"><span style=\"font-size: 10pt;\">95<\/span><\/td>\n<td style=\"width: 48.21px; height: 24px; text-align: center;\"><span style=\"font-size: 10pt;\">95<\/span><\/td>\n<\/tr>\n<tr style=\"height: 24px;\">\n<td style=\"width: 243px; height: 24px;\"><span style=\"font-size: 10pt;\">Efikasnost kotla pri Ds<\/span><\/td>\n<td style=\"width: 42px; height: 24px; text-align: center;\"><span style=\"font-size: 10pt;\">&nbsp;%<\/span><\/td>\n<td style=\"width: 54px; height: 24px; text-align: center;\"><span style=\"font-size: 10pt;\">96<\/span><\/td>\n<td style=\"width: 48px; height: 24px; text-align: center;\"><span style=\"font-size: 10pt;\">96<\/span><\/td>\n<td style=\"width: 54px; height: 24px; text-align: center;\"><span style=\"font-size: 10pt;\">96<\/span><\/td>\n<td style=\"width: 48px; height: 24px; text-align: center;\"><span style=\"font-size: 10pt;\">96<\/span><\/td>\n<td style=\"width: 48px; height: 24px; text-align: center;\"><span style=\"font-size: 10pt;\">96<\/span><\/td>\n<td style=\"width: 48px; height: 24px; text-align: center;\"><span style=\"font-size: 10pt;\">96<\/span><\/td>\n<td style=\"width: 48px; height: 24px; text-align: center;\"><span style=\"font-size: 10pt;\">96<\/span><\/td>\n<td style=\"width: 54px; height: 24px; text-align: center;\"><span style=\"font-size: 10pt;\">96<\/span><\/td>\n<td style=\"width: 48.21px; height: 24px; text-align: center;\"><span style=\"font-size: 10pt;\">96<\/span><\/td>\n<\/tr>\n<tr style=\"height: 24px;\">\n<td style=\"width: 243px; height: 24px;\"><span style=\"font-size: 10pt;\">Klasa kotla<\/span><\/td>\n<td style=\"width: 42px; height: 24px; text-align: center;\"><span style=\"font-size: 10pt;\">&nbsp;<\/span><\/td>\n<td style=\"width: 54px; height: 24px; text-align: center;\"><span style=\"font-size: 10pt;\">5<\/span><\/td>\n<td style=\"width: 48px; height: 24px; text-align: center;\"><span style=\"font-size: 10pt;\">5<\/span><\/td>\n<td style=\"width: 54px; height: 24px; text-align: center;\"><span style=\"font-size: 10pt;\">5<\/span><\/td>\n<td style=\"width: 48px; height: 24px; text-align: center;\"><span style=\"font-size: 10pt;\">5<\/span><\/td>\n<td style=\"width: 48px; height: 24px; text-align: center;\"><span style=\"font-size: 10pt;\">5<\/span><\/td>\n<td style=\"width: 48px; height: 24px; text-align: center;\"><span style=\"font-size: 10pt;\">5<\/span><\/td>\n<td style=\"width: 48px; height: 24px; text-align: center;\"><span style=\"font-size: 10pt;\">5<\/span><\/td>\n<td style=\"width: 54px; height: 24px; text-align: center;\"><span style=\"font-size: 10pt;\">5<\/span><\/td>\n<td style=\"width: 48.21px; height: 24px; text-align: center;\"><span style=\"font-size: 10pt;\">5<\/span><\/td>\n<\/tr>\n<\/tbody>\n<\/table>\n<p>&nbsp;<\/p>\n<table>\n<tbody>\n<tr>\n<td width=\"33%\"><img loading=\"lazy\" decoding=\"async\" class=\"alignnone wp-image-5060\" src=\"http:\/\/www.be-heating.be\/wp-content\/uploads\/2014\/07\/FE-AKU-2000_DN100_CELLA-PV-100_300dpi_logo.png\" alt=\"\" width=\"199\" height=\"299\">&nbsp;<\/td>\n<td width=\"1%\">&nbsp;<\/td>\n<td width=\"33%\"><img loading=\"lazy\" decoding=\"async\" class=\"alignnone wp-image-5061\" src=\"http:\/\/www.be-heating.be\/wp-content\/uploads\/2014\/07\/FE-AKU-2000_G6-4inch_CELLA-PV-100_300dpi_logo.png\" alt=\"\" width=\"199\" height=\"299\">&nbsp;<\/td>\n<td width=\"1%\">&nbsp;<\/td>\n<td width=\"33%\">\n<p>&nbsp;<\/p>\n<p><span class=\"barva-modra\">Akumulacioni rezervoar<br \/>\n&nbsp;<\/span><\/p>\n<p><a href=\"https:\/\/www.smartheating.cz\/sr\/accumulation-tanks\/\">FE AKU<\/a><br \/>\n<a href=\"https:\/\/www.smartheating.cz\/sr\/accumulation-tanks\/\">FE AKU ST<\/a><\/p>\n<\/td>\n<\/tr>\n<\/tbody>\n<\/table>\n<p>&nbsp;<\/p>\n<h2>Foto galerija<\/h2>\n<p><span style=\"color: #1f497d; font-family: Calibri;\">ngg_shortcode_0_placeholder<\/span><\/p>\n","protected":false},"excerpt":{"rendered":"<p>Mobilne kotlarnice SMART GREENHOUSE HEATING SOLUTION &nbsp; &nbsp; &nbsp; &nbsp; &nbsp; &nbsp; &nbsp; &nbsp; &nbsp; &nbsp; \u2022 Kompletna isporuka mobilnih kotlarnica u kontejneru ili isporuka individualnih kotlova na biomasu \u2022 Opcija grejanja toplom vodom ili toplim vazduhom \u2022 Kompletna hidrauli\u010dna i elektri\u010dna re\u0161enja za grejanje vi\u0161e zgrada (vi\u0161e grejnih krugova) \u2022 2-4 termostata u svakom [&hellip;]<\/p>\n","protected":false},"author":2,"featured_media":0,"parent":0,"menu_order":0,"comment_status":"closed","ping_status":"closed","template":"page-h1.php","meta":{"ngg_post_thumbnail":0,"footnotes":""},"class_list":["post-12984","page","type-page","status-publish","hentry"],"_links":{"self":[{"href":"https:\/\/www.smartheating.cz\/sr\/wp-json\/wp\/v2\/pages\/12984","targetHints":{"allow":["GET"]}}],"collection":[{"href":"https:\/\/www.smartheating.cz\/sr\/wp-json\/wp\/v2\/pages"}],"about":[{"href":"https:\/\/www.smartheating.cz\/sr\/wp-json\/wp\/v2\/types\/page"}],"author":[{"embeddable":true,"href":"https:\/\/www.smartheating.cz\/sr\/wp-json\/wp\/v2\/users\/2"}],"replies":[{"embeddable":true,"href":"https:\/\/www.smartheating.cz\/sr\/wp-json\/wp\/v2\/comments?post=12984"}],"version-history":[{"count":0,"href":"https:\/\/www.smartheating.cz\/sr\/wp-json\/wp\/v2\/pages\/12984\/revisions"}],"wp:attachment":[{"href":"https:\/\/www.smartheating.cz\/sr\/wp-json\/wp\/v2\/media?parent=12984"}],"curies":[{"name":"wp","href":"https:\/\/api.w.org\/{rel}","templated":true}]}}