{"id":12981,"date":"2014-09-10T11:54:58","date_gmt":"2014-09-10T10:54:58","guid":{"rendered":"http:\/\/www.smartheating.cz\/sr\/rozcestnik-kotelny-4\/mobile-boiler-smart-industrial-cabin\/"},"modified":"2018-02-01T14:29:59","modified_gmt":"2018-02-01T13:29:59","slug":"mobile-boiler-smart-industrial-cabin","status":"publish","type":"page","link":"https:\/\/www.smartheating.cz\/sr\/mobile-boiler-smart-industrial-cabin\/","title":{"rendered":"Mobile boiler SMART INDUSTRIAL CABIN"},"content":{"rendered":"<h1 class=\"title\">Mobilna kotlarnica <br \/>\n <span class=\"mezera-dole-0\"><strong>SMART INDUSTRIAL CABIN<\/strong><\/span><\/h1>\n<p><img loading=\"lazy\" decoding=\"async\" class=\"alignnone size-full wp-image-33724\" src=\"https:\/\/www.smartheating.cz\/wp-content\/uploads\/2014\/09\/mobilni_kotelny_uvodni_obrazek_Srbsko_2MW.png\" alt=\"\" width=\"864\" height=\"515\" srcset=\"https:\/\/www.smartheating.cz\/wp-content\/uploads\/2014\/09\/mobilni_kotelny_uvodni_obrazek_Srbsko_2MW.png 864w, https:\/\/www.smartheating.cz\/wp-content\/uploads\/2014\/09\/mobilni_kotelny_uvodni_obrazek_Srbsko_2MW-300x179.png 300w, https:\/\/www.smartheating.cz\/wp-content\/uploads\/2014\/09\/mobilni_kotelny_uvodni_obrazek_Srbsko_2MW-768x458.png 768w, https:\/\/www.smartheating.cz\/wp-content\/uploads\/2014\/09\/mobilni_kotelny_uvodni_obrazek_Srbsko_2MW-600x358.png 600w\" sizes=\"auto, (max-width: 864px) 100vw, 864px\" \/><\/p>\n<p><span class=\"barva-modra\">\u2022 Kompletna isporuka mobilnih kotlarnica u kontejneru ili isporuka individualnih kotlova na biomasu \u2022 Opcija grejanja toplom vodom ili toplim vazduhom \u2022 Kompletna hidrauli\u010dna i elektri\u010dna re\u0161enja za grejanje vi\u0161e zgrada (vi\u0161e grejnih krugova)&nbsp;\u2022 2-10 termostata u svakoj zgradi \u2022 Kompletan nadzor i regulacija svih grejnih krugova \u2022 Mogu\u0107nost instalacije sertifikovanih kalorimetara za naplatu utro\u0161ene energie \u2022 Daljinska kontrola i upravljanje preko mobilnog telefona i interneta \u2022 Trenutna obave\u0161tenja o promeni radnih uslova<\/span><\/p>\n<h2 dir=\"LTR\" align=\"LEFT\">&nbsp;<\/h2>\n<h2 dir=\"LTR\" align=\"LEFT\">Mogu\u0107nosti primene Smart Industrial Cabin:<\/h2>\n<p><strong><span class=\"barva-cervena\">\u2022<\/span> <\/strong><span class=\"barva-modra\">Stambene zgrade<\/span><br \/>\n <strong><span class=\"barva-cervena\">\u2022<\/span> <\/strong><span class=\"barva-modra\">Vi\u0161enamenski objekti<\/span><br \/>\n <strong><span class=\"barva-cervena\">\u2022<\/span> <\/strong><span class=\"barva-modra\">Tr\u017eni centri<\/span><br \/>\n <strong><span class=\"barva-cervena\">\u2022<\/span> <\/strong><span class=\"barva-modra\">Proizvodni pogoni, industrijski objekti i skladi\u0161ni prostor<\/span><br \/>\n <strong><span class=\"barva-cervena\">\u2022<\/span>&nbsp;<\/strong><span class=\"barva-modra\">Hoteli \/ Moteli \/ Wellness centri \/ Bazeni<\/span><br \/>\n <strong><span class=\"barva-cervena\">\u2022<\/span>&nbsp;<\/strong><span class=\"barva-modra\">Sportske arene<\/span><br \/>\n <strong><span class=\"barva-cervena\">\u2022<\/span>&nbsp;<\/strong><span class=\"barva-modra\">Op\u0161tinske zgrade<\/span><br \/>\n <strong><span class=\"barva-cervena\">\u2022<\/span>&nbsp;<\/strong><span class=\"barva-modra\">\u0160kole, bolnice, policija i vojni kompleksi<\/span><br \/>\n <strong><span class=\"barva-cervena\">\u2022<\/span>&nbsp;<\/strong><span class=\"barva-modra\">Gradske \u010detvrti<\/span><\/p>\n<p>&nbsp;<\/p>\n<h2>Oprema kotlarnica:<\/h2>\n<table>\n<tbody>\n<tr>\n<td width=\"66%\"><a href=\"https:\/\/www.smartheating.cz\/wp-content\/uploads\/2014\/07\/kotelna-smart-cabin3.jpg\"><img loading=\"lazy\" decoding=\"async\" class=\"alignnone size-full wp-image-397\" src=\"https:\/\/www.smartheating.cz\/wp-content\/uploads\/2014\/07\/kotelna-smart-cabin3.jpg\" alt=\"kotelna-smart-cabin3\" width=\"567\" height=\"249\" srcset=\"https:\/\/www.smartheating.cz\/wp-content\/uploads\/2014\/07\/kotelna-smart-cabin3.jpg 567w, https:\/\/www.smartheating.cz\/wp-content\/uploads\/2014\/07\/kotelna-smart-cabin3-300x131.jpg 300w\" sizes=\"auto, (max-width: 567px) 100vw, 567px\" \/><\/a>&nbsp;<\/td>\n<td width=\"1%\">&nbsp;<\/td>\n<td width=\"33%\">\n<p>&nbsp;<br \/>\n <span class=\"barva-modra ubuntu\">Kotal SMART 150\u2013500 kW<\/span><\/p>\n<p><a href=\"https:\/\/www.smartheating.cz\/sr\/smart-150-kw\/\">SMART 150 kW<\/a><br \/>\n <a href=\"https:\/\/www.smartheating.cz\/sr\/smart-180-kw\/\">SMART 180 kW<\/a><br \/>\n <a href=\"https:\/\/www.smartheating.cz\/sr\/smart-200-kw\/\">SMART 200 kW<\/a><br \/>\n <a href=\"https:\/\/www.smartheating.cz\/sr\/smart-200-kw\/\">SMART 220 kW<\/a><br \/>\n <a href=\"https:\/\/www.smartheating.cz\/sr\/smart-250-kw\/\">SMART 250 kW<\/a><br \/>\n <a href=\"https:\/\/www.smartheating.cz\/sr\/smart-300-kw\/\">SMART 300 kW<\/a><br \/>\n <a href=\"https:\/\/www.smartheating.cz\/sr\/smart-350-kw\/\">SMART 350 kW<br \/>\n <\/a><a href=\"https:\/\/www.smartheating.cz\/sr\/smart-400-kw\/\">SMART 400 kW<\/a><br \/>\n <a href=\"https:\/\/www.smartheating.cz\/sr\/smart-450-kw\/\">SMART 450 kW<\/a><br \/>\n <a href=\"https:\/\/www.smartheating.cz\/sr\/smart-500-kw\/\">SMART 500 kW<\/a><\/p>\n<\/td>\n<\/tr>\n<\/tbody>\n<\/table>\n<h2>&nbsp;<\/h2>\n<table class=\" tabulka\" style=\"width: 862.21px;\">\n<tbody>\n<tr style=\"height: 24.63px;\">\n<td class=\"extra-tmava-bunka\" style=\"width: 735.21px; height: 24.63px; text-align: center;\" colspan=\"11\"><span style=\"font-size: 10pt;\">TEHNI\u010cKI PODACI SMART KOTLOVA<\/span><\/td>\n<\/tr>\n<tr style=\"height: 24px;\">\n<td class=\"extra-tmava-bunka\" style=\"width: 243px; height: 24px;\"><span style=\"font-size: 10pt;\">Oznaka<\/span><\/td>\n<td class=\"extra-tmava-bunka\" style=\"width: 42px; height: 24px; text-align: center;\"><span style=\"font-size: 10pt;\">&nbsp;<\/span><\/td>\n<td class=\"extra-tmava-bunka\" style=\"width: 54px; height: 24px; text-align: center;\"><span style=\"font-size: 10pt;\">150&nbsp;<\/span><\/td>\n<td class=\"extra-tmava-bunka\" style=\"width: 48px; height: 24px; text-align: center;\"><span style=\"font-size: 10pt;\">200<\/span><\/td>\n<td class=\"extra-tmava-bunka\" style=\"width: 54px; height: 24px; text-align: center;\"><span style=\"font-size: 10pt;\">220<\/span><\/td>\n<td class=\"extra-tmava-bunka\" style=\"width: 48px; height: 24px; text-align: center;\"><span style=\"font-size: 10pt;\">250<\/span><\/td>\n<td class=\"extra-tmava-bunka\" style=\"width: 48px; height: 24px; text-align: center;\"><span style=\"font-size: 10pt;\">300<\/span><\/td>\n<td class=\"extra-tmava-bunka\" style=\"width: 48px; height: 24px; text-align: center;\"><span style=\"font-size: 10pt;\">350<\/span><\/td>\n<td class=\"extra-tmava-bunka\" style=\"width: 48px; height: 24px; text-align: center;\"><span style=\"font-size: 10pt;\">400<\/span><\/td>\n<td class=\"extra-tmava-bunka\" style=\"width: 54px; height: 24px; text-align: center;\"><span style=\"font-size: 10pt;\">450<\/span><\/td>\n<td class=\"extra-tmava-bunka\" style=\"width: 48.21px; height: 24px; text-align: center;\"><span style=\"font-size: 10pt;\">500<\/span><\/td>\n<\/tr>\n<tr style=\"height: 24px;\">\n<td style=\"width: 243px; height: 24px;\"><span style=\"font-size: 10pt;\">Nominalna snaga Ns<\/span><\/td>\n<td style=\"width: 42px; height: 24px; text-align: center;\"><span style=\"font-size: 10pt;\">kW<\/span><\/td>\n<td style=\"width: 54px; height: 24px; text-align: center;\"><span style=\"font-size: 10pt;\">150<\/span><\/td>\n<td style=\"width: 48px; height: 24px; text-align: center;\"><span style=\"font-size: 10pt;\">200<\/span><\/td>\n<td style=\"width: 54px; height: 24px; text-align: center;\"><span style=\"font-size: 10pt;\">220&nbsp;<\/span><\/td>\n<td style=\"width: 48px; height: 24px; text-align: center;\"><span style=\"font-size: 10pt;\">250<\/span><\/td>\n<td style=\"width: 48px; height: 24px; text-align: center;\"><span style=\"font-size: 10pt;\">300<\/span><\/td>\n<td style=\"width: 48px; height: 24px; text-align: center;\"><span style=\"font-size: 10pt;\">350<\/span><\/td>\n<td style=\"width: 48px; height: 24px; text-align: center;\"><span style=\"font-size: 10pt;\">400<\/span><\/td>\n<td style=\"width: 54px; height: 24px; text-align: center;\"><span style=\"font-size: 10pt;\">450&nbsp;<\/span><\/td>\n<td style=\"width: 48.21px; height: 24px; text-align: center;\"><span style=\"font-size: 10pt;\">500<\/span><\/td>\n<\/tr>\n<tr style=\"height: 24px;\">\n<td style=\"width: 243px; height: 24px;\"><span style=\"font-size: 10pt;\">Delimi\u010dna snaga Ds<\/span><\/td>\n<td style=\"width: 42px; height: 24px; text-align: center;\"><span style=\"font-size: 10pt;\">kW<\/span><\/td>\n<td style=\"width: 54px; height: 24px; text-align: center;\"><span style=\"font-size: 10pt;\">40<\/span><\/td>\n<td style=\"width: 48px; height: 24px; text-align: center;\"><span style=\"font-size: 10pt;\">45<\/span><\/td>\n<td style=\"width: 54px; height: 24px; text-align: center;\"><span style=\"font-size: 10pt;\">55<\/span><\/td>\n<td style=\"width: 48px; height: 24px; text-align: center;\"><span style=\"font-size: 10pt;\">65<\/span><\/td>\n<td style=\"width: 48px; height: 24px; text-align: center;\"><span style=\"font-size: 10pt;\">75<\/span><\/td>\n<td style=\"width: 48px; height: 24px; text-align: center;\"><span style=\"font-size: 10pt;\">90<\/span><\/td>\n<td style=\"width: 48px; height: 24px; text-align: center;\"><span style=\"font-size: 10pt;\">100<\/span><\/td>\n<td style=\"width: 54px; height: 24px; text-align: center;\"><span style=\"font-size: 10pt;\">115&nbsp;<\/span><\/td>\n<td style=\"width: 48.21px; height: 24px; text-align: center;\"><span style=\"font-size: 10pt;\">140<\/span><\/td>\n<\/tr>\n<tr style=\"height: 24px;\">\n<td style=\"width: 243px; height: 24px;\"><span style=\"font-size: 10pt;\">Efikasnost kotla pri Ns<\/span><\/td>\n<td style=\"width: 42px; height: 24px; text-align: center;\"><span style=\"font-size: 10pt;\">&nbsp;%<\/span><\/td>\n<td style=\"width: 54px; height: 24px; text-align: center;\"><span style=\"font-size: 10pt;\">95<\/span><\/td>\n<td style=\"width: 48px; height: 24px; text-align: center;\"><span style=\"font-size: 10pt;\">95<\/span><\/td>\n<td style=\"width: 54px; height: 24px; text-align: center;\"><span style=\"font-size: 10pt;\">95<\/span><\/td>\n<td style=\"width: 48px; height: 24px; text-align: center;\"><span style=\"font-size: 10pt;\">95<\/span><\/td>\n<td style=\"width: 48px; height: 24px; text-align: center;\"><span style=\"font-size: 10pt;\">95&nbsp;<\/span><\/td>\n<td style=\"width: 48px; height: 24px; text-align: center;\"><span style=\"font-size: 10pt;\">95<\/span><\/td>\n<td style=\"width: 48px; height: 24px; text-align: center;\"><span style=\"font-size: 10pt;\">95<\/span><\/td>\n<td style=\"width: 54px; height: 24px; text-align: center;\"><span style=\"font-size: 10pt;\">95<\/span><\/td>\n<td style=\"width: 48.21px; height: 24px; text-align: center;\"><span style=\"font-size: 10pt;\">95<\/span><\/td>\n<\/tr>\n<tr style=\"height: 24px;\">\n<td style=\"width: 243px; height: 24px;\"><span style=\"font-size: 10pt;\">Efikasnost kotla pri Ds<\/span><\/td>\n<td style=\"width: 42px; height: 24px; text-align: center;\"><span style=\"font-size: 10pt;\">&nbsp;%<\/span><\/td>\n<td style=\"width: 54px; height: 24px; text-align: center;\"><span style=\"font-size: 10pt;\">96<\/span><\/td>\n<td style=\"width: 48px; height: 24px; text-align: center;\"><span style=\"font-size: 10pt;\">96<\/span><\/td>\n<td style=\"width: 54px; height: 24px; text-align: center;\"><span style=\"font-size: 10pt;\">96<\/span><\/td>\n<td style=\"width: 48px; height: 24px; text-align: center;\"><span style=\"font-size: 10pt;\">96<\/span><\/td>\n<td style=\"width: 48px; height: 24px; text-align: center;\"><span style=\"font-size: 10pt;\">96<\/span><\/td>\n<td style=\"width: 48px; height: 24px; text-align: center;\"><span style=\"font-size: 10pt;\">96<\/span><\/td>\n<td style=\"width: 48px; height: 24px; text-align: center;\"><span style=\"font-size: 10pt;\">96<\/span><\/td>\n<td style=\"width: 54px; height: 24px; text-align: center;\"><span style=\"font-size: 10pt;\">96<\/span><\/td>\n<td style=\"width: 48.21px; height: 24px; text-align: center;\"><span style=\"font-size: 10pt;\">96<\/span><\/td>\n<\/tr>\n<tr style=\"height: 24px;\">\n<td style=\"width: 243px; height: 24px;\"><span style=\"font-size: 10pt;\">Klasa kotla<\/span><\/td>\n<td style=\"width: 42px; height: 24px; text-align: center;\"><span style=\"font-size: 10pt;\">&nbsp;<\/span><\/td>\n<td style=\"width: 54px; height: 24px; text-align: center;\"><span style=\"font-size: 10pt;\">5<\/span><\/td>\n<td style=\"width: 48px; height: 24px; text-align: center;\"><span style=\"font-size: 10pt;\">5<\/span><\/td>\n<td style=\"width: 54px; height: 24px; text-align: center;\"><span style=\"font-size: 10pt;\">5<\/span><\/td>\n<td style=\"width: 48px; height: 24px; text-align: center;\"><span style=\"font-size: 10pt;\">5<\/span><\/td>\n<td style=\"width: 48px; height: 24px; text-align: center;\"><span style=\"font-size: 10pt;\">5<\/span><\/td>\n<td style=\"width: 48px; height: 24px; text-align: center;\"><span style=\"font-size: 10pt;\">5<\/span><\/td>\n<td style=\"width: 48px; height: 24px; text-align: center;\"><span style=\"font-size: 10pt;\">5<\/span><\/td>\n<td style=\"width: 54px; height: 24px; text-align: center;\"><span style=\"font-size: 10pt;\">5<\/span><\/td>\n<td style=\"width: 48.21px; height: 24px; text-align: center;\"><span style=\"font-size: 10pt;\">5<\/span><\/td>\n<\/tr>\n<\/tbody>\n<\/table>\n<p>&nbsp;<\/p>\n<table>\n<tbody>\n<tr style=\"height: 168.61px;\">\n<td style=\"height: 168.61px;\" width=\"33%\"><img loading=\"lazy\" decoding=\"async\" class=\"alignnone wp-image-5060\" src=\"http:\/\/www.be-heating.be\/wp-content\/uploads\/2014\/07\/FE-AKU-2000_DN100_CELLA-PV-100_300dpi_logo.png\" alt=\"\" width=\"199\" height=\"299\">&nbsp;<\/td>\n<td style=\"height: 168.61px;\" width=\"1%\">&nbsp;<\/td>\n<td style=\"height: 168.61px;\" width=\"33%\"><img loading=\"lazy\" decoding=\"async\" class=\"alignnone wp-image-5061\" src=\"http:\/\/www.be-heating.be\/wp-content\/uploads\/2014\/07\/FE-AKU-2000_G6-4inch_CELLA-PV-100_300dpi_logo.png\" alt=\"\" width=\"199\" height=\"299\">&nbsp;<\/td>\n<td style=\"height: 168.61px;\" width=\"1%\">&nbsp;<\/td>\n<td style=\"height: 168.61px;\" width=\"33%\">\n<p>&nbsp;<\/p>\n<p><span class=\"barva-modra\"><span class=\"barva-modra\"><span class=\"barva-modra\">Akumulacioni rezervoar<\/span><\/span><br \/>\n &nbsp;<\/span><\/p>\n<p><a href=\"https:\/\/www.smartheating.cz\/sr\/accumulation-tanks\/\">FE AKU<\/a><br \/>\n <a href=\"https:\/\/www.smartheating.cz\/sr\/accumulation-tanks\/\">FE AKU ST<\/a><\/p>\n<\/td>\n<\/tr>\n<\/tbody>\n<\/table>\n<h2>&nbsp;<\/h2>\n<h2>Foto galerija:<\/h2>\n<p><span style=\"color: #1f497d; font-family: Calibri;\">ngg_shortcode_0_placeholder<\/span><\/p>\n","protected":false},"excerpt":{"rendered":"<p>Mobilna kotlarnica SMART INDUSTRIAL CABIN \u2022 Kompletna isporuka mobilnih kotlarnica u kontejneru ili isporuka individualnih kotlova na biomasu \u2022 Opcija grejanja toplom vodom ili toplim vazduhom \u2022 Kompletna hidrauli\u010dna i elektri\u010dna re\u0161enja za grejanje vi\u0161e zgrada (vi\u0161e grejnih krugova)&nbsp;\u2022 2-10 termostata u svakoj zgradi \u2022 Kompletan nadzor i regulacija svih grejnih krugova \u2022 Mogu\u0107nost instalacije [&hellip;]<\/p>\n","protected":false},"author":2,"featured_media":0,"parent":0,"menu_order":0,"comment_status":"closed","ping_status":"closed","template":"page-h1.php","meta":{"ngg_post_thumbnail":0,"footnotes":""},"class_list":["post-12981","page","type-page","status-publish","hentry"],"_links":{"self":[{"href":"https:\/\/www.smartheating.cz\/sr\/wp-json\/wp\/v2\/pages\/12981","targetHints":{"allow":["GET"]}}],"collection":[{"href":"https:\/\/www.smartheating.cz\/sr\/wp-json\/wp\/v2\/pages"}],"about":[{"href":"https:\/\/www.smartheating.cz\/sr\/wp-json\/wp\/v2\/types\/page"}],"author":[{"embeddable":true,"href":"https:\/\/www.smartheating.cz\/sr\/wp-json\/wp\/v2\/users\/2"}],"replies":[{"embeddable":true,"href":"https:\/\/www.smartheating.cz\/sr\/wp-json\/wp\/v2\/comments?post=12981"}],"version-history":[{"count":0,"href":"https:\/\/www.smartheating.cz\/sr\/wp-json\/wp\/v2\/pages\/12981\/revisions"}],"wp:attachment":[{"href":"https:\/\/www.smartheating.cz\/sr\/wp-json\/wp\/v2\/media?parent=12981"}],"curies":[{"name":"wp","href":"https:\/\/api.w.org\/{rel}","templated":true}]}}