{"id":12967,"date":"2014-09-10T10:24:20","date_gmt":"2014-09-10T09:24:20","guid":{"rendered":"http:\/\/www.smartheating.cz\/sr\/rozcestnik-kotelny-4\/mobile-boiler-smart-cabin\/"},"modified":"2018-02-01T14:07:33","modified_gmt":"2018-02-01T13:07:33","slug":"mobile-boiler-smart-cabin","status":"publish","type":"page","link":"https:\/\/www.smartheating.cz\/sr\/mobile-boiler-smart-cabin\/","title":{"rendered":"Mobile boiler SMART CABIN"},"content":{"rendered":"<h1 class=\"title\">Mobilna kotlarnica <br \/>\n <strong>SMART CABIN 150 \u2013 500&nbsp;\u2013 1500 kW<\/strong><\/h1>\n<p><img loading=\"lazy\" decoding=\"async\" class=\"alignnone wp-image-33541 size-full\" src=\"https:\/\/www.smartheating.cz\/wp-content\/uploads\/2014\/09\/mobilni_kotelny_uvodni_obrazek_Srbsko_solar.png\" alt=\"\" width=\"864\" height=\"515\" srcset=\"https:\/\/www.smartheating.cz\/wp-content\/uploads\/2014\/09\/mobilni_kotelny_uvodni_obrazek_Srbsko_solar.png 864w, https:\/\/www.smartheating.cz\/wp-content\/uploads\/2014\/09\/mobilni_kotelny_uvodni_obrazek_Srbsko_solar-300x179.png 300w, https:\/\/www.smartheating.cz\/wp-content\/uploads\/2014\/09\/mobilni_kotelny_uvodni_obrazek_Srbsko_solar-768x458.png 768w, https:\/\/www.smartheating.cz\/wp-content\/uploads\/2014\/09\/mobilni_kotelny_uvodni_obrazek_Srbsko_solar-600x358.png 600w\" sizes=\"auto, (max-width: 864px) 100vw, 864px\" \/><\/p>\n<p><span class=\"barva-modra\">\u2022 Tehnologija kotlova na biomasu Smart 150 &#8211; 500 &#8211; 1500 kW \u2022 Moguc\u0301nost pomo\u0107nog kotla na mazut \/ gas \u2022 Kompletna re\u0161enja silosa za drveni pelet i drvenu se\u010dku \u2022 Kompletna re\u0161enja dimnjaka i odvoda dima \u2022 Kompletna re\u0161enja hidrauli\u010dnih instalacija unutar kontejnera \u2022 Sistem merenja i regulacije \u2022 Efikasnost sagorevanja 96% \u2022 Fleksibilnost tehni\u010dkog re\u0161enja \u2022 Razli\u010dite mogu\u0107nosti dizajna uklju\u010duju\u0107i posebne dizajn elemente<\/span><\/p>\n<p>&nbsp;<\/p>\n<h2>Dizajn<\/h2>\n<p><img loading=\"lazy\" decoding=\"async\" class=\"alignnone wp-image-32727 size-full\" src=\"https:\/\/www.smartheating.cz\/wp-content\/uploads\/2014\/09\/provedeni_kontejnery_new_RS.png\" alt=\"\" width=\"864\" height=\"192\" srcset=\"https:\/\/www.smartheating.cz\/wp-content\/uploads\/2014\/09\/provedeni_kontejnery_new_RS.png 864w, https:\/\/www.smartheating.cz\/wp-content\/uploads\/2014\/09\/provedeni_kontejnery_new_RS-300x67.png 300w, https:\/\/www.smartheating.cz\/wp-content\/uploads\/2014\/09\/provedeni_kontejnery_new_RS-768x171.png 768w, https:\/\/www.smartheating.cz\/wp-content\/uploads\/2014\/09\/provedeni_kontejnery_new_RS-600x133.png 600w\" sizes=\"auto, (max-width: 864px) 100vw, 864px\" \/><\/p>\n<p>&nbsp;<\/p>\n<h2>Opcije tehni\u010dkih re\u0161enja mobilnih kotlarnica:<\/h2>\n<p><strong><span class=\"barva-cervena\">\u2022<\/span> <\/strong><span class=\"barva-modra\">Leva ili desna varijanta mobilne kotlarnice<\/span><br \/>\n <strong><span class=\"barva-cervena\">\u2022<\/span> <\/strong><span class=\"barva-modra\">Hidrauli\u010dni ili ru\u010dno otvaranje vrata za punjenje silosa<\/span><br \/>\n <strong><span class=\"barva-cervena\">\u2022<\/span> <\/strong><span class=\"barva-modra\">Ulazna vrata od stakla ili metala<\/span><br \/>\n <strong><span class=\"barva-cervena\">\u2022<\/span> <\/strong><span class=\"barva-modra\">Posebna sigurnosna oprema<\/span><br \/>\n <strong><span class=\"barva-cervena\">\u2022<\/span> <\/strong><span class=\"barva-modra\">Spoljni izgled prema zahtevu kupca<\/span><br \/>\n &nbsp;<\/p>\n<h2>Dimenzije i te\u017eine:<\/h2>\n<p><span class=\"barva-modra\">150\u2013250 kW: 3 x 3 x 12,6 m ~ 12 tona*<\/span><br \/>\n <span class=\"barva-modra\">300\u2013500 kW: 3,2 x 3 x 12,6 m ~ 15 tona*<\/span><br \/>\n <span class=\"barva-modra\" style=\"font-size: 10pt;\">*U slu\u010daju zahteva za isporuku pomo\u0107nog kotla na gas ili mazut, potrebno je pro\u0161iriti kontejner za 1,2 m i to povec\u0301ava te\u017einu za 1,5 tona<\/span><br \/>\n &nbsp;<\/p>\n<h2>Oprema kotlarnica:<\/h2>\n<table>\n<tbody>\n<tr>\n<td width=\"66%\"><a href=\"https:\/\/www.smartheating.cz\/wp-content\/uploads\/2014\/07\/kotelna-smart-cabin3.jpg\"><img loading=\"lazy\" decoding=\"async\" class=\"alignnone size-full wp-image-397\" src=\"https:\/\/www.smartheating.cz\/wp-content\/uploads\/2014\/07\/kotelna-smart-cabin3.jpg\" alt=\"kotelna-smart-cabin3\" width=\"567\" height=\"249\" srcset=\"https:\/\/www.smartheating.cz\/wp-content\/uploads\/2014\/07\/kotelna-smart-cabin3.jpg 567w, https:\/\/www.smartheating.cz\/wp-content\/uploads\/2014\/07\/kotelna-smart-cabin3-300x131.jpg 300w\" sizes=\"auto, (max-width: 567px) 100vw, 567px\" \/><\/a>&nbsp;<\/td>\n<td width=\"1%\">&nbsp;<\/td>\n<td width=\"33%\">\n<p>&nbsp;<br \/>\n <span class=\"barva-modra ubuntu\">Kotal SMART 150\u2013500 kW<\/span><\/p>\n<p>&nbsp;<\/p>\n<p><a href=\"https:\/\/www.smartheating.cz\/sr\/smart-150-kw\/\">SMART 150 kW<\/a><br \/>\n <a href=\"https:\/\/www.smartheating.cz\/sr\/smart-180-kw\/\">SMART 180 kW<\/a><br \/>\n <a href=\"https:\/\/www.smartheating.cz\/sr\/smart-200-kw\/\">SMART 200 kW<\/a><br \/>\n <a href=\"https:\/\/www.smartheating.cz\/sr\/smart-200-kw\/\">SMART 220 kW<\/a><br \/>\n <a href=\"https:\/\/www.smartheating.cz\/sr\/smart-250-kw\/\">SMART 250 kW<\/a><br \/>\n <a href=\"https:\/\/www.smartheating.cz\/sr\/smart-300-kw\/\">SMART 300 kW<\/a><br \/>\n <a href=\"https:\/\/www.smartheating.cz\/sr\/smart-350-kw\/\">SMART 350 kW<br \/>\n <\/a><a href=\"https:\/\/www.smartheating.cz\/sr\/smart-400-kw\/\">SMART 400 kW<\/a><br \/>\n <a href=\"https:\/\/www.smartheating.cz\/sr\/smart-450-kw\/\">SMART 450 kW<\/a><br \/>\n <a href=\"https:\/\/www.smartheating.cz\/sr\/smart-500-kw\/\">SMART 500 kW<\/a><\/p>\n<\/td>\n<\/tr>\n<\/tbody>\n<\/table>\n<p>&nbsp;<\/p>\n<table class=\" tabulka\" style=\"width: 863px;\">\n<tbody>\n<tr style=\"height: 24px;\">\n<td class=\"extra-tmava-bunka\" style=\"height: 24px; text-align: center;\" colspan=\"11\"><span style=\"font-size: 10pt;\">TEHNI\u010cKI PODACI SMART KOTLOVA<\/span><\/td>\n<\/tr>\n<tr style=\"height: 24px;\">\n<td class=\"extra-tmava-bunka\" style=\"height: 24px;\"><span style=\"font-size: 10pt;\">Oznaka<\/span><\/td>\n<td class=\"extra-tmava-bunka\" style=\"height: 24px; text-align: center;\"><span style=\"font-size: 10pt;\">&nbsp;<\/span><\/td>\n<td class=\"extra-tmava-bunka\" style=\"height: 24px; text-align: center;\"><span style=\"font-size: 10pt;\">150&nbsp;<\/span><\/td>\n<td class=\"extra-tmava-bunka\" style=\"height: 24px; text-align: center;\"><span style=\"font-size: 10pt;\">200<\/span><\/td>\n<td class=\"extra-tmava-bunka\" style=\"height: 24px; text-align: center;\"><span style=\"font-size: 10pt;\">220<\/span><\/td>\n<td class=\"extra-tmava-bunka\" style=\"height: 24px; text-align: center;\"><span style=\"font-size: 10pt;\">250<\/span><\/td>\n<td class=\"extra-tmava-bunka\" style=\"height: 24px; text-align: center;\"><span style=\"font-size: 10pt;\">300<\/span><\/td>\n<td class=\"extra-tmava-bunka\" style=\"height: 24px; text-align: center;\"><span style=\"font-size: 10pt;\">350<\/span><\/td>\n<td class=\"extra-tmava-bunka\" style=\"height: 24px; text-align: center;\"><span style=\"font-size: 10pt;\">400<\/span><\/td>\n<td class=\"extra-tmava-bunka\" style=\"height: 24px; text-align: center;\"><span style=\"font-size: 10pt;\">450<\/span><\/td>\n<td class=\"extra-tmava-bunka\" style=\"height: 24px; text-align: center;\"><span style=\"font-size: 10pt;\">500<\/span><\/td>\n<\/tr>\n<tr style=\"height: 24px;\">\n<td style=\"height: 24px;\"><span style=\"font-size: 10pt;\">Nominalna snaga Ns<\/span><\/td>\n<td style=\"height: 24px; text-align: center;\"><span style=\"font-size: 10pt;\">kW<\/span><\/td>\n<td style=\"height: 24px; text-align: center;\"><span style=\"font-size: 10pt;\">150<\/span><\/td>\n<td style=\"height: 24px; text-align: center;\"><span style=\"font-size: 10pt;\">200<\/span><\/td>\n<td style=\"height: 24px; text-align: center;\"><span style=\"font-size: 10pt;\">220&nbsp;<\/span><\/td>\n<td style=\"height: 24px; text-align: center;\"><span style=\"font-size: 10pt;\">250<\/span><\/td>\n<td style=\"height: 24px; text-align: center;\"><span style=\"font-size: 10pt;\">300<\/span><\/td>\n<td style=\"height: 24px; text-align: center;\"><span style=\"font-size: 10pt;\">350<\/span><\/td>\n<td style=\"height: 24px; text-align: center;\"><span style=\"font-size: 10pt;\">400<\/span><\/td>\n<td style=\"height: 24px; text-align: center;\"><span style=\"font-size: 10pt;\">450&nbsp;<\/span><\/td>\n<td style=\"height: 24px; text-align: center;\"><span style=\"font-size: 10pt;\">500<\/span><\/td>\n<\/tr>\n<tr style=\"height: 24.54px;\">\n<td style=\"height: 24.54px;\"><span style=\"font-size: 10pt;\">Delimi\u010dna snaga Ds<\/span><\/td>\n<td style=\"height: 24.54px; text-align: center;\"><span style=\"font-size: 10pt;\">kW<\/span><\/td>\n<td style=\"height: 24.54px; text-align: center;\"><span style=\"font-size: 10pt;\">40<\/span><\/td>\n<td style=\"height: 24.54px; text-align: center;\"><span style=\"font-size: 10pt;\">45<\/span><\/td>\n<td style=\"height: 24.54px; text-align: center;\"><span style=\"font-size: 10pt;\">55<\/span><\/td>\n<td style=\"height: 24.54px; text-align: center;\"><span style=\"font-size: 10pt;\">65<\/span><\/td>\n<td style=\"height: 24.54px; text-align: center;\"><span style=\"font-size: 10pt;\">75<\/span><\/td>\n<td style=\"height: 24.54px; text-align: center;\"><span style=\"font-size: 10pt;\">90<\/span><\/td>\n<td style=\"height: 24.54px; text-align: center;\"><span style=\"font-size: 10pt;\">100<\/span><\/td>\n<td style=\"height: 24.54px; text-align: center;\"><span style=\"font-size: 10pt;\">115&nbsp;<\/span><\/td>\n<td style=\"height: 24.54px; text-align: center;\"><span style=\"font-size: 10pt;\">140<\/span><\/td>\n<\/tr>\n<tr style=\"height: 24px;\">\n<td style=\"height: 24px;\"><span style=\"font-size: 10pt;\">Efikasnost kotla pri Ns<\/span><\/td>\n<td style=\"height: 24px; text-align: center;\"><span style=\"font-size: 10pt;\">&nbsp;%<\/span><\/td>\n<td style=\"height: 24px; text-align: center;\"><span style=\"font-size: 10pt;\">95<\/span><\/td>\n<td style=\"height: 24px; text-align: center;\"><span style=\"font-size: 10pt;\">95<\/span><\/td>\n<td style=\"height: 24px; text-align: center;\"><span style=\"font-size: 10pt;\">95<\/span><\/td>\n<td style=\"height: 24px; text-align: center;\"><span style=\"font-size: 10pt;\">95<\/span><\/td>\n<td style=\"height: 24px; text-align: center;\"><span style=\"font-size: 10pt;\">95&nbsp;<\/span><\/td>\n<td style=\"height: 24px; text-align: center;\"><span style=\"font-size: 10pt;\">95<\/span><\/td>\n<td style=\"height: 24px; text-align: center;\"><span style=\"font-size: 10pt;\">95<\/span><\/td>\n<td style=\"height: 24px; text-align: center;\"><span style=\"font-size: 10pt;\">95<\/span><\/td>\n<td style=\"height: 24px; text-align: center;\"><span style=\"font-size: 10pt;\">95<\/span><\/td>\n<\/tr>\n<tr style=\"height: 24px;\">\n<td style=\"height: 24px;\"><span style=\"font-size: 10pt;\">Efikasnost kotla pri Ds<\/span><\/td>\n<td style=\"height: 24px; text-align: center;\"><span style=\"font-size: 10pt;\">&nbsp;%<\/span><\/td>\n<td style=\"height: 24px; text-align: center;\"><span style=\"font-size: 10pt;\">96<\/span><\/td>\n<td style=\"height: 24px; text-align: center;\"><span style=\"font-size: 10pt;\">96<\/span><\/td>\n<td style=\"height: 24px; text-align: center;\"><span style=\"font-size: 10pt;\">96<\/span><\/td>\n<td style=\"height: 24px; text-align: center;\"><span style=\"font-size: 10pt;\">96<\/span><\/td>\n<td style=\"height: 24px; text-align: center;\"><span style=\"font-size: 10pt;\">96<\/span><\/td>\n<td style=\"height: 24px; text-align: center;\"><span style=\"font-size: 10pt;\">96<\/span><\/td>\n<td style=\"height: 24px; text-align: center;\"><span style=\"font-size: 10pt;\">96<\/span><\/td>\n<td style=\"height: 24px; text-align: center;\"><span style=\"font-size: 10pt;\">96<\/span><\/td>\n<td style=\"height: 24px; text-align: center;\"><span style=\"font-size: 10pt;\">96<\/span><\/td>\n<\/tr>\n<tr style=\"height: 24px;\">\n<td style=\"height: 24px;\"><span style=\"font-size: 10pt;\">Klasa kotla<\/span><\/td>\n<td style=\"height: 24px; text-align: center;\"><span style=\"font-size: 10pt;\">&nbsp;<\/span><\/td>\n<td style=\"height: 24px; text-align: center;\"><span style=\"font-size: 10pt;\">5<\/span><\/td>\n<td style=\"height: 24px; text-align: center;\"><span style=\"font-size: 10pt;\">5<\/span><\/td>\n<td style=\"height: 24px; text-align: center;\"><span style=\"font-size: 10pt;\">5<\/span><\/td>\n<td style=\"height: 24px; text-align: center;\"><span style=\"font-size: 10pt;\">5<\/span><\/td>\n<td style=\"height: 24px; text-align: center;\"><span style=\"font-size: 10pt;\">5<\/span><\/td>\n<td style=\"height: 24px; text-align: center;\"><span style=\"font-size: 10pt;\">5<\/span><\/td>\n<td style=\"height: 24px; text-align: center;\"><span style=\"font-size: 10pt;\">5<\/span><\/td>\n<td style=\"height: 24px; text-align: center;\"><span style=\"font-size: 10pt;\">5<\/span><\/td>\n<td style=\"height: 24px; text-align: center;\"><span style=\"font-size: 10pt;\">5<\/span><\/td>\n<\/tr>\n<\/tbody>\n<\/table>\n<p>&nbsp;<\/p>\n<p>&nbsp;<\/p>\n<table>\n<tbody>\n<tr>\n<td width=\"33%\"><img loading=\"lazy\" decoding=\"async\" class=\"alignnone wp-image-5060\" src=\"http:\/\/www.be-heating.be\/wp-content\/uploads\/2014\/07\/FE-AKU-2000_DN100_CELLA-PV-100_300dpi_logo.png\" alt=\"\" width=\"199\" height=\"299\">&nbsp;<\/td>\n<td width=\"1%\">&nbsp;<\/td>\n<td width=\"33%\"><img loading=\"lazy\" decoding=\"async\" class=\"alignnone wp-image-5061\" src=\"http:\/\/www.be-heating.be\/wp-content\/uploads\/2014\/07\/FE-AKU-2000_G6-4inch_CELLA-PV-100_300dpi_logo.png\" width=\"199\" height=\"299\">&nbsp;<\/td>\n<td width=\"1%\">&nbsp;<\/td>\n<td width=\"33%\">\n<p>&nbsp;<\/p>\n<p><span class=\"barva-modra\"><span class=\"barva-modra\"><span class=\"barva-modra\">Akumulacioni rezervoar<\/span><\/span><br \/>\n &nbsp;<\/span><\/p>\n<p><a href=\"https:\/\/www.smartheating.cz\/sr\/accumulation-tanks\/\">FE AKU<\/a><br \/>\n <a href=\"https:\/\/www.smartheating.cz\/sr\/accumulation-tanks\/\">FE AKU ST<\/a><\/p>\n<\/td>\n<\/tr>\n<\/tbody>\n<\/table>\n<p>&nbsp;<\/p>\n<h2>Foto galerija<\/h2>\nngg_shortcode_0_placeholder\n","protected":false},"excerpt":{"rendered":"<p>Mobilna kotlarnica SMART CABIN 150 \u2013 500&nbsp;\u2013 1500 kW \u2022 Tehnologija kotlova na biomasu Smart 150 &#8211; 500 &#8211; 1500 kW \u2022 Moguc\u0301nost pomo\u0107nog kotla na mazut \/ gas \u2022 Kompletna re\u0161enja silosa za drveni pelet i drvenu se\u010dku \u2022 Kompletna re\u0161enja dimnjaka i odvoda dima \u2022 Kompletna re\u0161enja hidrauli\u010dnih instalacija unutar kontejnera \u2022 Sistem [&hellip;]<\/p>\n","protected":false},"author":2,"featured_media":0,"parent":0,"menu_order":0,"comment_status":"closed","ping_status":"closed","template":"page-h1.php","meta":{"ngg_post_thumbnail":0,"footnotes":""},"class_list":["post-12967","page","type-page","status-publish","hentry"],"_links":{"self":[{"href":"https:\/\/www.smartheating.cz\/sr\/wp-json\/wp\/v2\/pages\/12967","targetHints":{"allow":["GET"]}}],"collection":[{"href":"https:\/\/www.smartheating.cz\/sr\/wp-json\/wp\/v2\/pages"}],"about":[{"href":"https:\/\/www.smartheating.cz\/sr\/wp-json\/wp\/v2\/types\/page"}],"author":[{"embeddable":true,"href":"https:\/\/www.smartheating.cz\/sr\/wp-json\/wp\/v2\/users\/2"}],"replies":[{"embeddable":true,"href":"https:\/\/www.smartheating.cz\/sr\/wp-json\/wp\/v2\/comments?post=12967"}],"version-history":[{"count":0,"href":"https:\/\/www.smartheating.cz\/sr\/wp-json\/wp\/v2\/pages\/12967\/revisions"}],"wp:attachment":[{"href":"https:\/\/www.smartheating.cz\/sr\/wp-json\/wp\/v2\/media?parent=12967"}],"curies":[{"name":"wp","href":"https:\/\/api.w.org\/{rel}","templated":true}]}}