{"id":11567,"date":"2015-10-31T15:32:46","date_gmt":"2015-10-31T14:32:46","guid":{"rendered":"http:\/\/www.smartheating.cz\/sr\/smart-100-kw\/"},"modified":"2017-08-21T09:18:14","modified_gmt":"2017-08-21T08:18:14","slug":"smart-100-kw","status":"publish","type":"page","link":"https:\/\/www.smartheating.cz\/sr\/smart-100-kw\/","title":{"rendered":"SMART 100 kW"},"content":{"rendered":"<p class=\"title\"><span class=\"mezera-dole-0\"><div class=\"row \"><div class=\"col-lg-3 col-md-3 col-xs-12 col-sm-12\"><div class=\"content_block\" id=\"custom_post_widget-2598\"><h3 class=\"line\">Automatski kotlovi<br \/>\n na biomasu (150\u2013500-1500 kW)<\/h3>\n<ul>\n<li><a href=\"https:\/\/www.smartheating.cz\/sr\/smart-60-kw\/\">SMART&nbsp;60 kW<\/a><\/li>\n<li><a href=\"https:\/\/www.smartheating.cz\/sr\/smart-80-kw\/\">SMART&nbsp;80 kW<\/a><\/li>\n<li><a href=\"https:\/\/www.smartheating.cz\/sr\/smart-100-kw\/\">SMART&nbsp;100 kW<\/a><\/li>\n<li><a title=\"SMART 150 kW\" href=\"https:\/\/www.smartheating.cz\/en\/smart-150-kw\/\">SMART 150 kW<\/a><\/li>\n<li><a href=\"https:\/\/www.smartheating.cz\/sr\/smart-180-kw\/\">SMART 180 kW<\/a><\/li>\n<li><a href=\"https:\/\/www.smartheating.cz\/sr\/smart-200-kw\/\">SMART&nbsp;200 kW<\/a><\/li>\n<li><a href=\"https:\/\/www.smartheating.cz\/sr\/smart-220-kw\/\">SMART 220 kW<\/a><\/li>\n<li><a href=\"https:\/\/www.smartheating.cz\/sr\/smart-250-kw\/\">SMART&nbsp;250 kW<\/a><\/li>\n<li><a href=\"https:\/\/www.smartheating.cz\/sr\/smart-300-kw\/\">SMART&nbsp;300 kW<\/a><\/li>\n<li><a href=\"https:\/\/www.smartheating.cz\/sr\/smart-350-kw\/\">SMART&nbsp;350 kW<\/a><\/li>\n<li><a href=\"https:\/\/www.smartheating.cz\/sr\/smart-400-kw\/\">SMART&nbsp;400 kW<\/a><\/li>\n<li><a href=\"https:\/\/www.smartheating.cz\/sr\/smart-450-kw\/\">SMART&nbsp;450 kW<\/a><\/li>\n<li><a href=\"https:\/\/www.smartheating.cz\/sr\/smart-500-kw\/\">SMART&nbsp;500 kW<\/a><\/li>\n<\/ul>\n<p>&nbsp;<\/p>\n<h3 class=\"line\">Konfigurator&nbsp; boja<\/h3>\n<ul>\n<li><a href=\"https:\/\/www.smartheating.cz\/sr\/konfigurator-boja\/\">Izaberite boje kotlova<\/a><\/li>\n<\/ul>\n<p>&nbsp;<\/p>\n<h3 class=\"line\">Preuzimanje<\/h3>\n<p><a href=\"http:\/\/www.smartheating.cz\/wp-content\/uploads\/2014\/09\/brozura_kotle_RS_nahled.pdf\">Bro\u0161ura &#8211; Smart kotlovi 150-500-1500 kW<\/a><br \/>\n <a href=\"http:\/\/www.smartheating.cz\/wp-content\/uploads\/2014\/09\/Biomass_Boilers_60-100kW_brochure_RS_nahled.pdf\">Bro\u0161ura &#8211; Smart kotlovi 60-100 kW<\/a><\/p>\n<h3 class=\"line\">Promotivni Magazin Sa Referencama 2017\/2018<\/h3>\n<p><a href=\"http:\/\/www.youblisher.com\/p\/1850659-Marketing-Reference-Book-2017-2018-Serbia\/\" target=\"_blank\" rel=\"noopener\"><img decoding=\"async\" src=\"http:\/\/www.youblisher.com\/files\/publications\/309\/1850659\/200x300.jpg\" alt=\"Marketing &amp; Reference Book 2017-2018 - Serbia\"><\/a><\/p>\n<h3 class=\"line\">Foto galerija<\/h3>\n<p><a href=\"https:\/\/www.smartheating.cz\/sr\/reference-evropa\/\">Pogledajte fotografije na\u0161ih instalacija<\/a><\/p>\n<\/div><\/div><div class=\"col-lg-9 col-md-9 col-xs-12 col-sm-12\"><\/span><\/p>\n<h1 class=\"title\"><span class=\"mezera-dole-0\">Automatski kotlovi <br \/>\n na biomasu <br \/>\n <\/span><strong>SMART\u00a0100 kW<span class=\"obrazek-pod-textem\"><span style=\"color: #da1b1a; font-size: xx-large;\"><img loading=\"lazy\" decoding=\"async\" class=\"alignnone wp-image-25275 size-full\" src=\"http:\/\/www.smartheating.cz\/wp-content\/uploads\/2015\/10\/kotel_60-100kw_RS-1.png\" width=\"899\" height=\"532\" srcset=\"https:\/\/www.smartheating.cz\/wp-content\/uploads\/2015\/10\/kotel_60-100kw_RS-1.png 899w, https:\/\/www.smartheating.cz\/wp-content\/uploads\/2015\/10\/kotel_60-100kw_RS-1-300x178.png 300w, https:\/\/www.smartheating.cz\/wp-content\/uploads\/2015\/10\/kotel_60-100kw_RS-1-768x454.png 768w, https:\/\/www.smartheating.cz\/wp-content\/uploads\/2015\/10\/kotel_60-100kw_RS-1-600x355.png 600w\" sizes=\"auto, (max-width: 899px) 100vw, 899px\" \/><\/span><\/span><\/strong><\/h1>\n<p>&nbsp;<\/p>\n<p class=\"subtitle\">\u00a0<\/p>\n<p class=\"subtitle\">\u00a0\u00a0<\/p>\n<p class=\"subtitle\">\u00a0<br \/>\n \u00a0<\/p>\n<p class=\"subtitle\">\u00a0<\/p>\n<p class=\"subtitle\">\u00a0<\/p>\n<p class=\"subtitle\">\u00a0<\/p>\n<p class=\"subtitle\">\u00a0<\/p>\n<p class=\"subtitle\">\u00a0<\/p>\n<p class=\"subtitle\">\u00a0<\/p>\n<p style=\"text-align: left;\"><span class=\"barva-modra\">\u2022 Potpuno automatski, ekolo\u0161ki kotlovi sa odli\u010dnim performansama \u2022 Fleksibilno tehni\u010dko re\u0161enje \u2022 Razli\u010dite vrste goriva \u2022 Ekonomski i ekolo\u0161ki \u2022 3 vrste kotlova \u2022 Efikasnost 90% \u2022 Pode\u0161avanja izlazne snage 30-100 % \u2022 Lambda sonda \u2022 Gorionik od ner\u0111aju\u0107eg \u010delika sa mehanizmom za \u010di\u0161c\u0301enje \u2022 Minimalni zahtevi za odr\u017eavanje i servis \u2022 Regulacija grejnih krugova \u2022 Kaskadna instalaciona re\u0161enja \u2022 Daljinska kontrola i upravljanje preko mobilnog telefona i interneta \u2022 Mobilna re\u0161enja u kontejneru \u2022 Specijalna oprema za kotlove<\/span><\/p>\n<h2>Mogu\u0107e primene SMART kotlova:<\/h2>\n<p><span class=\"barva-cervena\"><strong>\u2022<\/strong><\/span> <span class=\"barva-modra\">Veliki objekti<\/span><\/p>\n<p><span class=\"barva-modra\">I manji objekti:<\/span><\/p>\n<p><span class=\"barva-cervena\"><strong>\u2022<\/strong> <\/span><span class=\"barva-modra\">Stambene zgrade<\/span><br \/>\n <span class=\"barva-cervena\"><strong>\u2022<\/strong> <\/span><span class=\"barva-modra\">Vi\u0161enamenski objekti<\/span><br \/>\n <span class=\"barva-cervena\"><strong>\u2022<\/strong> <\/span><span class=\"barva-modra\">Sportski kompleksi<\/span><br \/>\n <span class=\"barva-cervena\"><strong>\u2022<\/strong> <\/span><span class=\"barva-modra\">Proizvodni pogoni, industrijski objekti i skladi\u0161ni prostor<\/span><br \/>\n <span class=\"barva-cervena\"><strong>\u2022 <\/strong><\/span><span class=\"barva-modra\">Objekti za poljoprivredu, hortikulturu, ribarstvo <\/span><br \/>\n <span class=\"barva-cervena\"><strong>\u2022<\/strong> <\/span><span class=\"barva-modra\">Hoteli \/ Moteli \/ Wellness centri \/ Bazeni \/ Sportske arene<\/span><span class=\"barva-modra\"><br \/>\n <\/span><span class=\"barva-cervena\"><strong>\u2022<\/strong> <\/span><span class=\"barva-modra\">Op\u0161tinske zgrade<\/span><br \/>\n <span class=\"barva-cervena\"><strong>\u2022<\/strong><\/span><span class=\"barva-modra\"> \u0160kole, bolnice, policija i vojni kompleksi<\/span><\/p>\n<p style=\"text-align: left;\"><span class=\"barva-modra\">\u00a0<\/span><\/p>\n<p>&nbsp;<\/p>\n<table>\n<tbody>\n<tr>\n<td>\n<table class=\" tabulka\">\n<tbody>\n<tr>\n<td style=\"text-align: center;\" colspan=\"3\"><span style=\"font-size: 10pt;\">KARAKTERISTIKE SMART KOTLOVA<\/span><\/td>\n<\/tr>\n<tr class=\"tmavy-radek extra-tmavy-radek\">\n<td class=\"extra-tmava-bunka\" colspan=\"3\"><span style=\"font-size: 10pt;\">Tehni\u010dki podaci<\/span><\/td>\n<\/tr>\n<tr>\n<td><span style=\"font-size: 10pt;\">Oznaka<\/span><\/td>\n<td style=\"text-align: center;\"><span style=\"font-size: 10pt;\">\u00a0<\/span><\/td>\n<td class=\"tmava-bunka\" style=\"text-align: center;\"><span style=\"font-size: 10pt;\">100<\/span><\/td>\n<\/tr>\n<tr>\n<td><span style=\"font-size: 10pt;\">Nominalna snaga Ns<\/span><\/td>\n<td style=\"text-align: center;\"><span style=\"font-size: 10pt;\">kW<\/span><\/td>\n<td class=\"tmava-bunka\" style=\"text-align: center;\"><span style=\"font-size: 10pt;\">100<\/span><\/td>\n<\/tr>\n<tr>\n<td><span style=\"font-size: 10pt;\">Delimi\u010dna snaga Ds<\/span><\/td>\n<td style=\"text-align: center;\"><span style=\"font-size: 10pt;\">kW<\/span><\/td>\n<td class=\"tmava-bunka\" style=\"text-align: center;\"><span style=\"font-size: 10pt;\">29<\/span><\/td>\n<\/tr>\n<tr>\n<td><span style=\"font-size: 10pt;\">Efikasnost kotla pri Ns<\/span><\/td>\n<td style=\"text-align: center;\"><span style=\"font-size: 10pt;\">%<\/span><\/td>\n<td class=\"tmava-bunka\" style=\"text-align: center;\"><span style=\"font-size: 10pt;\">88,2<\/span><\/td>\n<\/tr>\n<tr>\n<td><span style=\"font-size: 10pt;\">Efikasnost kotla pri Ds<\/span><\/td>\n<td class=\"svetla-bunka\" style=\"text-align: center;\"><span style=\"font-size: 10pt;\">%<\/span><\/td>\n<td class=\"tmava-bunka\" style=\"text-align: center;\"><span style=\"font-size: 10pt;\">87,7<\/span><\/td>\n<\/tr>\n<tr>\n<td><span style=\"font-size: 10pt;\">Klasa kotla<\/span><\/td>\n<td class=\"svetla-bunka\" style=\"text-align: center;\"><span style=\"font-size: 10pt;\">\u00a0<\/span><\/td>\n<td class=\"tmava-bunka\" style=\"text-align: center;\"><span style=\"font-size: 10pt;\">\u00a05<\/span><\/td>\n<\/tr>\n<tr>\n<td><span style=\"font-size: 10pt;\">Nivo buke<\/span><\/td>\n<td class=\"svetla-bunka\" style=\"text-align: center;\"><span style=\"font-size: 10pt;\">dB<\/span><\/td>\n<td class=\"tmava-bunka\" style=\"text-align: center;\"><span style=\"font-size: 10pt;\">&lt; 65<\/span><\/td>\n<\/tr>\n<tr>\n<td><span style=\"font-size: 10pt;\">Te\u017eina <\/span><\/td>\n<td class=\"svetla-bunka\" style=\"text-align: center;\"><span style=\"font-size: 10pt;\">kg<\/span><\/td>\n<td class=\"tmava-bunka\" style=\"text-align: center;\"><span style=\"font-size: 10pt;\">1042<\/span><\/td>\n<\/tr>\n<tr>\n<td class=\"extra-tmava-bunka\" colspan=\"3\"><span style=\"font-size: 10pt;\">Voda<\/span><\/td>\n<\/tr>\n<tr>\n<td><span style=\"font-size: 10pt;\">Zapremina vode<\/span><\/td>\n<td style=\"text-align: center;\"><span style=\"font-size: 10pt;\">l<\/span><\/td>\n<td class=\"tmava-bunka\" style=\"text-align: center;\"><span style=\"font-size: 10pt;\">105<\/span><\/td>\n<\/tr>\n<tr>\n<td class=\"svetla-bunka\"><span style=\"font-size: 10pt;\">Pre\u010dnik priklju\u010dka za vodu<\/span><\/td>\n<td class=\"svetla-bunka\" style=\"text-align: center;\"><span style=\"font-size: 10pt;\">&#8222;<\/span><\/td>\n<td class=\"tmava-bunka\" style=\"text-align: center;\"><span style=\"font-size: 10pt;\">2<\/span><\/td>\n<\/tr>\n<tr>\n<td><span style=\"font-size: 10pt;\">Pre\u010dnik priklju\u010dka za vodu<\/span><\/td>\n<td style=\"text-align: center;\"><span style=\"font-size: 10pt;\">DN<\/span><\/td>\n<td class=\"tmava-bunka\" style=\"text-align: center;\"><span style=\"font-size: 10pt;\">50<\/span><\/td>\n<\/tr>\n<tr>\n<td><span style=\"font-size: 10pt;\">Hidrauli\u010dni gubici pri temperaturnom gradientu od 10\u00b0<\/span><\/td>\n<td style=\"text-align: center;\"><span style=\"font-size: 10pt;\">mbar<\/span><\/td>\n<td class=\"tmava-bunka\" style=\"text-align: center;\"><span style=\"font-size: 10pt;\">47<\/span><\/td>\n<\/tr>\n<tr>\n<td><span style=\"font-size: 10pt;\">Hidrauli\u010dni gubici pri temperaturnom gradientu od 20\u00b0<\/span><\/td>\n<td style=\"text-align: center;\"><span style=\"font-size: 10pt;\">mbar<\/span><\/td>\n<td class=\"tmava-bunka\" style=\"text-align: center;\"><span style=\"font-size: 10pt;\">11,9<\/span><\/td>\n<\/tr>\n<tr>\n<td><span style=\"font-size: 10pt;\">Temperatura kotla<\/span><\/td>\n<td style=\"text-align: center;\"><span style=\"font-size: 10pt;\">\u00b0C<\/span><\/td>\n<td class=\"tmava-bunka\" style=\"text-align: center;\"><span style=\"font-size: 10pt;\">\u00a065\u201390\u00b0<\/span><\/td>\n<\/tr>\n<tr>\n<td><span style=\"font-size: 10pt;\">Minimalna temperatura povratne vode<\/span><\/td>\n<td style=\"text-align: center;\"><span style=\"font-size: 10pt;\">\u00b0C<\/span><\/td>\n<td class=\"tmava-bunka\" style=\"text-align: center;\"><span style=\"font-size: 10pt;\">55<\/span><\/td>\n<\/tr>\n<tr>\n<td><span style=\"font-size: 10pt;\">Maksimalni radni pritisak<\/span><\/td>\n<td style=\"text-align: center;\"><span style=\"font-size: 10pt;\">bar<\/span><\/td>\n<td class=\"tmava-bunka\" style=\"text-align: center;\"><span style=\"font-size: 10pt;\">3,5<\/span><\/td>\n<\/tr>\n<tr>\n<td><span style=\"font-size: 10pt;\">Probni pritisak<\/span><\/td>\n<td style=\"text-align: center;\"><span style=\"font-size: 10pt;\">bar<\/span><\/td>\n<td class=\"tmava-bunka\" style=\"text-align: center;\"><span style=\"font-size: 10pt;\">6<\/span><\/td>\n<\/tr>\n<tr>\n<td class=\"extra-tmava-bunka\"><span style=\"font-size: 10pt;\">Temperatura ognji\u0161te<\/span><\/td>\n<td class=\"extra-tmava-bunka\" style=\"text-align: center;\"><span style=\"font-size: 10pt;\">\u00b0C<\/span><\/td>\n<td class=\"extra-tmava-bunka\"><span style=\"font-size: 10pt;\">\u00a0<\/span><\/td>\n<\/tr>\n<tr>\n<td><span style=\"font-size: 10pt;\">Pritisak u ognji\u0161tu<\/span><\/td>\n<td style=\"text-align: center;\"><span style=\"font-size: 10pt;\">mbar<\/span><\/td>\n<td class=\"tmava-bunka\" style=\"text-align: center;\"><span style=\"font-size: 10pt;\">-0,01<\/span><\/td>\n<\/tr>\n<tr>\n<td><span style=\"font-size: 10pt;\">Potreban protok vazduha u dimnjaku <\/span><\/td>\n<td style=\"text-align: center;\"><span style=\"font-size: 10pt;\">mbar<\/span><\/td>\n<td class=\"tmava-bunka\" style=\"text-align: center;\"><span style=\"font-size: 10pt;\">0,2<\/span><\/td>\n<\/tr>\n<tr>\n<td><span style=\"font-size: 10pt;\">Potreba za ve\u0161ta\u010dkim protokom vazduha u dimnjaku<\/span><\/td>\n<td style=\"text-align: center;\"><span style=\"font-size: 10pt;\">\u00a0<\/span><\/td>\n<td class=\"tmava-bunka\" style=\"text-align: center;\"><span style=\"font-size: 10pt;\">da<\/span><\/td>\n<\/tr>\n<tr>\n<td><span style=\"font-size: 10pt;\">Temperatura dimnih gasova pri NS<\/span><\/td>\n<td style=\"text-align: center;\"><span style=\"font-size: 10pt;\">\u00b0C<\/span><\/td>\n<td class=\"tmava-bunka\" style=\"text-align: center;\"><span style=\"font-size: 10pt;\">205<\/span><\/td>\n<\/tr>\n<tr>\n<td><span style=\"font-size: 10pt;\">Maseni protok dimnih gasova pri NS<\/span><\/td>\n<td style=\"text-align: center;\"><span style=\"font-size: 10pt;\">\u00b0C<\/span><\/td>\n<td class=\"tmava-bunka\" style=\"text-align: center;\"><span style=\"font-size: 10pt;\">105<\/span><\/td>\n<\/tr>\n<tr>\n<td><span style=\"font-size: 10pt;\">Temperatura dimnih gasova pri Ds <\/span><\/td>\n<td style=\"text-align: center;\"><span style=\"font-size: 10pt;\">kg\/h<\/span><\/td>\n<td class=\"tmava-bunka\" style=\"text-align: center;\"><span style=\"font-size: 10pt;\">300<\/span><\/td>\n<\/tr>\n<tr>\n<td><span style=\"font-size: 10pt;\">Maseni protok dimnih gasova pri Ds<\/span><\/td>\n<td style=\"text-align: center;\"><span style=\"font-size: 10pt;\">kg\/h<\/span><\/td>\n<td class=\"tmava-bunka\" style=\"text-align: center;\"><span style=\"font-size: 10pt;\">99<\/span><\/td>\n<\/tr>\n<tr>\n<td><span style=\"font-size: 10pt;\">Obim dimnih gasova pri Ns<\/span><\/td>\n<td style=\"text-align: center;\"><span style=\"font-size: 10pt;\">m<sup>3<\/sup>\/h<\/span><\/td>\n<td class=\"tmava-bunka\" style=\"text-align: center;\"><span style=\"font-size: 10pt;\">235<\/span><\/td>\n<\/tr>\n<tr>\n<td><span style=\"font-size: 10pt;\">Obim dimnih gasova u Ds<\/span><\/td>\n<td style=\"text-align: center;\"><span style=\"font-size: 10pt;\">m<sup>3<\/sup>\/h<\/span><\/td>\n<td class=\"tmava-bunka\" style=\"text-align: center;\"><span style=\"font-size: 10pt;\">77,6<\/span><\/td>\n<\/tr>\n<tr>\n<td><span style=\"font-size: 10pt;\">Pre\u010dnik cevi dimnjaka<\/span><\/td>\n<td style=\"text-align: center;\"><span style=\"font-size: 10pt;\">mm<\/span><\/td>\n<td class=\"tmava-bunka\" style=\"text-align: center;\"><span style=\"font-size: 10pt;\">200<\/span><\/td>\n<\/tr>\n<tr>\n<td><span style=\"font-size: 10pt;\">Pre\u010dnik dimnjak<\/span><\/td>\n<td style=\"text-align: center;\"><span style=\"font-size: 10pt;\">mm<\/span><\/td>\n<td class=\"tmava-bunka\" style=\"text-align: center;\"><span style=\"font-size: 10pt;\">200<\/span><\/td>\n<\/tr>\n<tr>\n<td><span style=\"font-size: 10pt;\">Vrsta dimnjaka<\/span><\/td>\n<td style=\"text-align: center;\"><span style=\"font-size: 10pt;\">\u00a0<\/span><\/td>\n<td class=\"tmava-bunka\" style=\"text-align: center;\"><span style=\"font-size: 10pt;\">otporan na vlagu <\/span><\/td>\n<\/tr>\n<tr>\n<td class=\"extra-tmava-bunka\"><span style=\"font-size: 10pt;\">Gorivo<\/span><\/td>\n<td class=\"extra-tmava-bunka\" style=\"text-align: center;\"><span style=\"font-size: 10pt;\">\u00a0<\/span><\/td>\n<td class=\"tmava-bunka extra-tmava-bunka\" style=\"text-align: center;\"><span style=\"font-size: 10pt;\">\u00a0<\/span><\/td>\n<\/tr>\n<tr>\n<td><span style=\"font-size: 10pt;\">Maksimalna veli\u010dina<\/span><\/td>\n<td style=\"text-align: center;\"><span style=\"font-size: 10pt;\">cm<\/span><\/td>\n<td class=\"tmava-bunka\" style=\"text-align: center;\"><span style=\"font-size: 10pt;\">3<\/span><\/td>\n<\/tr>\n<tr>\n<td><span style=\"font-size: 10pt;\">Maksimalna vla\u017enost<\/span><\/td>\n<td style=\"text-align: center;\"><span style=\"font-size: 10pt;\">%<\/span><\/td>\n<td class=\"tmava-bunka\" style=\"text-align: center;\"><span style=\"font-size: 10pt;\">30<\/span><\/td>\n<\/tr>\n<tr>\n<td class=\"extra-tmava-bunka\" colspan=\"3\"><span style=\"font-size: 10pt;\">Elektro oprema<\/span><\/td>\n<\/tr>\n<tr>\n<td class=\"svetla-bunka\"><span style=\"font-size: 10pt;\">Priklju\u010dak<\/span><\/td>\n<td><span style=\"font-size: 10pt;\">\u00a0<\/span><\/td>\n<td class=\"tmava-bunka\"><span style=\"font-size: 10pt;\">\u00a0<\/span><\/td>\n<\/tr>\n<tr>\n<td class=\"svetla-bunka\"><span style=\"font-size: 10pt;\">Ukupno otal<\/span><\/td>\n<td style=\"text-align: center;\"><span style=\"font-size: 10pt;\">W<\/span><\/td>\n<td class=\"tmava-bunka\" style=\"text-align: center;\"><span style=\"font-size: 10pt;\">3131<\/span><\/td>\n<\/tr>\n<tr>\n<td class=\"svetla-bunka\"><span style=\"font-size: 10pt;\">Stepen za\u0161tite IP<\/span><\/td>\n<td style=\"text-align: center;\"><span style=\"font-size: 10pt;\">\u00a0<\/span><\/td>\n<td class=\"tmava-bunka\" style=\"text-align: center;\"><span style=\"font-size: 10pt;\">41<\/span><\/td>\n<\/tr>\n<\/tbody>\n<\/table>\n<p>&nbsp;<\/p>\n<\/td>\n<td>&nbsp;<\/td>\n<\/tr>\n<\/tbody>\n<\/table>\n<p>&nbsp;<\/p>\n<h2>Foto galerija<\/h2>\n<p>ngg_shortcode_0_placeholder\n <\/div><\/div><\/p>\n","protected":false},"excerpt":{"rendered":"","protected":false},"author":2,"featured_media":0,"parent":0,"menu_order":0,"comment_status":"closed","ping_status":"closed","template":"page-h1-full.php","meta":{"ngg_post_thumbnail":0,"footnotes":""},"class_list":["post-11567","page","type-page","status-publish","hentry"],"_links":{"self":[{"href":"https:\/\/www.smartheating.cz\/sr\/wp-json\/wp\/v2\/pages\/11567","targetHints":{"allow":["GET"]}}],"collection":[{"href":"https:\/\/www.smartheating.cz\/sr\/wp-json\/wp\/v2\/pages"}],"about":[{"href":"https:\/\/www.smartheating.cz\/sr\/wp-json\/wp\/v2\/types\/page"}],"author":[{"embeddable":true,"href":"https:\/\/www.smartheating.cz\/sr\/wp-json\/wp\/v2\/users\/2"}],"replies":[{"embeddable":true,"href":"https:\/\/www.smartheating.cz\/sr\/wp-json\/wp\/v2\/comments?post=11567"}],"version-history":[{"count":0,"href":"https:\/\/www.smartheating.cz\/sr\/wp-json\/wp\/v2\/pages\/11567\/revisions"}],"wp:attachment":[{"href":"https:\/\/www.smartheating.cz\/sr\/wp-json\/wp\/v2\/media?parent=11567"}],"curies":[{"name":"wp","href":"https:\/\/api.w.org\/{rel}","templated":true}]}}