{"id":11547,"date":"2014-06-07T09:35:52","date_gmt":"2014-06-07T08:35:52","guid":{"rendered":"http:\/\/www.smartheating.cz\/sr\/smart-industrial-park-en\/"},"modified":"2017-11-14T13:16:50","modified_gmt":"2017-11-14T12:16:50","slug":"smart-industrial-park-en","status":"publish","type":"page","link":"https:\/\/www.smartheating.cz\/sr\/smart-industrial-park-en\/","title":{"rendered":"Smart Industrial Park"},"content":{"rendered":"<h1>Smart Industrijski Park<\/h1>\n<p><span style=\"font-family: Arial,Helvetica,sans-serif;\">Prostor Smart industrijskog parka je mesto gde se nalaze <strong>Smart Heating Technology&nbsp; s.r.o. Smart Trading&nbsp; Company s.r.o. i Smart Painting s.r.o.<\/strong> Pilot projekat Smart Industrijski park je osmi\u0161ljen 2005. godine, sa povr\u0161inom od 18 000 m<sup>2<\/sup> za proizvodnju i skladi\u0161tenje.<\/span><\/p>\n<p><span style=\"font-family: Arial,Helvetica,sans-serif;\">Prva faza industrijskog kompleksa je uspostavljenja 2005. godine sa renoviranjem postojec\u0301ih prostora i potpunom rekonstrukcijom zgrade SO 01 (1 650 m<sup>2<\/sup>), i u martu 2006. godine je izgra\u0111ena hala SO 03 (4 000 m<sup>2<\/sup>).<\/span><\/p>\n<p><span style=\"font-family: Arial,Helvetica,sans-serif;\">Druga faza je po\u010dela u julu 2007. godine sa izgradnjom najvec\u0301e proizvodne hale i skladi\u0161ta SO 04 (povr\u0161ine 10 000 m<sup>2<\/sup>), a zatim hale SO 05 (1 200 m<sup>2<\/sup>) u avgustu 2008. godine.<\/span><\/p>\n<p><span style=\"font-family: Arial,Helvetica,sans-serif;\">Trec\u0301a i poslednja faza izvedena je u prolec\u0301e 2010. godine, kada su zavr\u0161ene i pu\u0161tene u rad sve proizvodne hale i skladi\u0161ta.Smart Trading Company s.r.o. , Smart Painting s.r.o. &nbsp;i Smart Heating Technology &nbsp;s.r.o. dele viziju u\u010destvovanja u izgradnji dodatnog proizvodnog prostora od 37 000 m<sup>2<\/sup>, nadovezuju\u0107eg na postoje\u0107e prostore, da bi time povec\u0301avali proizvodne kapacitete i pro\u0161irili poslovne aktivnosti na tr\u017ei\u0161tima na kojima su vec\u0301 aktivni.<\/span><\/p>\n<p>&nbsp;<\/p>\n<p><img loading=\"lazy\" decoding=\"async\" class=\"alignnone size-full wp-image-559\" src=\"http:\/\/www.smartheating.cz\/wp-content\/uploads\/2014\/06\/sht.png\" alt=\"sht\" height=\"66\" width=\"395\" srcset=\"https:\/\/www.smartheating.cz\/wp-content\/uploads\/2014\/06\/sht.png 395w, https:\/\/www.smartheating.cz\/wp-content\/uploads\/2014\/06\/sht-300x50.png 300w\" sizes=\"auto, (max-width: 395px) 100vw, 395px\" \/><\/p>\n<p class=\"relative\"><strong><span class=\"barva-cervena\">\u2022<\/span><\/strong> Projektant i proizvo\u0111a\u010d kompletnih re\u0161enja za grejanje i pratec\u0301e opreme<img loading=\"lazy\" decoding=\"async\" class=\"alignright wp-image-890\" src=\"http:\/\/www.smartheating.cz\/wp-content\/uploads\/2014\/06\/SMART_A4_Kotle_Tisk_v2_Airflow-22.png\" alt=\"SMART_A4_Kotle_Tisk_v2_Airflow-22\" height=\"181\" width=\"420\" srcset=\"https:\/\/www.smartheating.cz\/wp-content\/uploads\/2014\/06\/SMART_A4_Kotle_Tisk_v2_Airflow-22.png 677w, https:\/\/www.smartheating.cz\/wp-content\/uploads\/2014\/06\/SMART_A4_Kotle_Tisk_v2_Airflow-22-300x129.png 300w, https:\/\/www.smartheating.cz\/wp-content\/uploads\/2014\/06\/SMART_A4_Kotle_Tisk_v2_Airflow-22-600x258.png 600w\" sizes=\"auto, (max-width: 420px) 100vw, 420px\" \/><br \/>\n <strong><span class=\"barva-cervena\">\u2022<\/span><\/strong> Automatski kotlovi na biomasu Smart 60 &#8211; 100 kW<br \/>\n <strong><span class=\"barva-cervena\">\u2022<\/span> <\/strong>Automatski kotlovi na biomasu Smart 150 &#8211; 500 &#8211; 1500 kW<br \/>\n <strong><span class=\"barva-cervena\">\u2022<\/span> <\/strong>Mobilne kotlarnice, montirane u kontejnerima<br \/>\n <strong><span class=\"barva-cervena\">\u2022<\/span> <\/strong>Specijalni sistemi za transport goriva i re\u0161enja za silose<br \/>\n <strong><span class=\"barva-cervena\">\u2022<\/span> <\/strong>Specijalni sistemi za merenje i kontrolu grejnih krugova<br \/>\n <strong><span class=\"barva-cervena\">\u2022<\/span> <\/strong>Specijalni filteri<br \/>\n <strong><span class=\"barva-cervena\">\u2022<\/span> <\/strong>Proizvo\u0111a\u010d OEM proizvoda<\/p>\n<p>&nbsp;<\/p>\n<p class=\"mezera-dole-0\"><a href=\"http:\/\/www.smartheating.cz\/wp-content\/uploads\/2014\/06\/sht-3.png\"><img loading=\"lazy\" decoding=\"async\" class=\"alignnone size-full wp-image-560\" src=\"http:\/\/www.smartheating.cz\/wp-content\/uploads\/2014\/06\/sht-3.png\" alt=\"sht-3\" height=\"59\" width=\"267\"><br \/>\n <\/a><\/p>\n<table>\n<tbody>\n<tr>\n<td width=\"66%\">\n<p>Proizvo\u0111a\u010d \u0161irokog spektra mehani\u010dkih komponenti od lima na CNC tehnologiji:<\/p>\n<p><strong><span class=\"barva-cervena\">\u2022<\/span> <\/strong>PTT ormani (unutra\u0161nji \/spolja\u0161nj)<br \/>\n <strong><span class=\"barva-cervena\">\u2022<\/span> <\/strong>Kuc\u0301i\u0161ta i mehani\u010dke komponente za elektroniku<br \/>\n <strong><span class=\"barva-cervena\">\u2022<\/span> <\/strong>Ramovi, delovi od lima, komponente za energetiku i telekomunikacije<br \/>\n <strong><span class=\"barva-cervena\">\u2022<\/span> <\/strong>Elektortehni\u010dke komponente od bakra<br \/>\n <strong><span class=\"barva-cervena\">\u2022<\/span> <\/strong>Industrijski sistemi polica za skladi\u0161tenje<br \/>\n <strong><span class=\"barva-cervena\">\u2022<\/span> <\/strong>Razne obloge kotlova<\/p>\n<p>&nbsp;<\/p>\n<\/td>\n<td width=\"1%\">&nbsp;<\/td>\n<td width=\"33%\"><img loading=\"lazy\" decoding=\"async\" class=\"alignnone size-full wp-image-579\" src=\"http:\/\/www.smartheating.cz\/wp-content\/uploads\/2014\/06\/sht-5.jpg\" alt=\"sht-5\" height=\"208\" width=\"278\"><\/td>\n<\/tr>\n<\/tbody>\n<\/table>\n<p class=\"mezera-dole-0\">&nbsp;<\/p>\n<p class=\"mezera-dole-0\"><span class=\"mezera-dole-0\"><a href=\"http:\/\/www.smartheating.cz\/wp-content\/uploads\/2014\/06\/sht-4.png\"><img loading=\"lazy\" decoding=\"async\" class=\"alignnone size-full wp-image-561\" src=\"http:\/\/www.smartheating.cz\/wp-content\/uploads\/2014\/06\/sht-4.png\" alt=\"sht-4\" height=\"70\" width=\"267\"><\/a><\/span><\/p>\n<table>\n<tbody>\n<tr>\n<td width=\"66%\">\n<p><strong><span class=\"barva-cervena\">\u2022<\/span> <\/strong>Pra\u0161kasto farbanje sa kontinuiranom, potpuno automatizovanom linijom <br \/>\n <strong><span class=\"barva-cervena\">\u2022<\/span> <\/strong>Pra\u0161kasto farbanje na 6 manualnih radnih mesta<br \/>\n <strong><span class=\"barva-cervena\">\u2022<\/span> <\/strong>Sito \u0161tampa<br \/>\n <strong><span class=\"barva-cervena\">\u2022<\/span> <\/strong>Mokro farbanje<br \/>\n <strong><span class=\"barva-cervena\">\u2022<\/span> <\/strong>Se\u010dena grafika (samolepljive folije)<\/p>\n<\/td>\n<td width=\"1%\">&nbsp;<\/td>\n<td width=\"33%\"><img loading=\"lazy\" decoding=\"async\" class=\"size-full wp-image-569 alignright\" src=\"http:\/\/www.smartheating.cz\/wp-content\/uploads\/2014\/06\/sht-7.jpg\" alt=\"sht-7\" height=\"186\" width=\"278\"><\/td>\n<\/tr>\n<\/tbody>\n<\/table>\n<p><img loading=\"lazy\" decoding=\"async\" class=\"alignnone size-full wp-image-562\" src=\"http:\/\/www.smartheating.cz\/wp-content\/uploads\/2014\/06\/sht-6.jpg\" alt=\"sht-6\" height=\"181\" width=\"864\" srcset=\"https:\/\/www.smartheating.cz\/wp-content\/uploads\/2014\/06\/sht-6.jpg 864w, https:\/\/www.smartheating.cz\/wp-content\/uploads\/2014\/06\/sht-6-300x62.jpg 300w, https:\/\/www.smartheating.cz\/wp-content\/uploads\/2014\/06\/sht-6-600x125.jpg 600w\" sizes=\"auto, (max-width: 864px) 100vw, 864px\" \/><\/p>\n<p><img loading=\"lazy\" decoding=\"async\" class=\"alignnone size-full wp-image-563\" src=\"http:\/\/www.smartheating.cz\/wp-content\/uploads\/2014\/06\/sht-2.png\" alt=\"sht-2\" height=\"98\" width=\"863\" srcset=\"https:\/\/www.smartheating.cz\/wp-content\/uploads\/2014\/06\/sht-2.png 863w, https:\/\/www.smartheating.cz\/wp-content\/uploads\/2014\/06\/sht-2-300x34.png 300w, https:\/\/www.smartheating.cz\/wp-content\/uploads\/2014\/06\/sht-2-600x68.png 600w\" sizes=\"auto, (max-width: 863px) 100vw, 863px\" \/><\/p>\n<h2>Ostali proizvodni procesi &#8222;pod jednim krovom&#8220;:<\/h2>\n<p><strong><span class=\"barva-cervena\">\u2022<\/span> <\/strong>Zavarivanje i bru\u0161enje (TIG, MIG metode, ta\u010dkasto zavarivanje, robotsko lasersko zavarivanje)<br \/>\n <strong><span class=\"barva-cervena\">\u2022<\/span><\/strong> Bu\u0161enje, izrezivanje navoja, struganje, glodanje, bru\u0161enje povr\u0161ina<br \/>\n <strong><span class=\"barva-cervena\">\u2022<\/span> <\/strong>Spajanje delova (polu-automatsko pod pritiskom, zakivanje\u2026)<br \/>\n <strong><span class=\"barva-cervena\">\u2022<\/span> <\/strong>Zavr\u0161ni monta\u017eni radovi, izolacija i zaptivanje<br \/>\n <strong><span class=\"barva-cervena\">\u2022<\/span> <\/strong>Kompletna obrada bakarnih delova<br \/>\n <strong><span class=\"barva-cervena\">\u2022<\/span> <\/strong>Aplikacija za\u0161titnih folija na limove<br \/>\n <strong><span class=\"barva-cervena\">\u2022<\/span> <\/strong>Izrada \u010dvrstog alata (presa&nbsp; od 160 tona)<br \/>\n <strong><span class=\"barva-cervena\">\u2022<\/span> <\/strong>Tretmani povr\u0161ine: pra\u0161kasto i mokro farbanje, cinkovnje, kalajisanje, niklovanje, anodizacija<br \/>\n <strong><span class=\"barva-cervena\">\u2022<\/span> <\/strong>3D vizualizacija i dizajn<\/p>\n<p>&nbsp;<\/p>\n<p><img loading=\"lazy\" decoding=\"async\" class=\"alignnone size-full wp-image-461\" src=\"http:\/\/www.smartheating.cz\/wp-content\/uploads\/2014\/06\/kontakt-areal.png\" alt=\"kontakt-areal\" height=\"586\" width=\"862\" srcset=\"https:\/\/www.smartheating.cz\/wp-content\/uploads\/2014\/06\/kontakt-areal.png 862w, https:\/\/www.smartheating.cz\/wp-content\/uploads\/2014\/06\/kontakt-areal-300x203.png 300w, https:\/\/www.smartheating.cz\/wp-content\/uploads\/2014\/06\/kontakt-areal-600x407.png 600w\" sizes=\"auto, (max-width: 862px) 100vw, 862px\" \/><\/p>\n","protected":false},"excerpt":{"rendered":"<p>Smart Industrijski Park Prostor Smart industrijskog parka je mesto gde se nalaze Smart Heating Technology&nbsp; s.r.o. Smart Trading&nbsp; Company s.r.o. i Smart Painting s.r.o. Pilot projekat Smart Industrijski park je osmi\u0161ljen 2005. godine, sa povr\u0161inom od 18 000 m2 za proizvodnju i skladi\u0161tenje. Prva faza industrijskog kompleksa je uspostavljenja 2005. godine sa renoviranjem postojec\u0301ih prostora [&hellip;]<\/p>\n","protected":false},"author":1,"featured_media":0,"parent":0,"menu_order":54,"comment_status":"closed","ping_status":"closed","template":"page-h1.php","meta":{"ngg_post_thumbnail":0,"footnotes":""},"class_list":["post-11547","page","type-page","status-publish","hentry"],"_links":{"self":[{"href":"https:\/\/www.smartheating.cz\/sr\/wp-json\/wp\/v2\/pages\/11547","targetHints":{"allow":["GET"]}}],"collection":[{"href":"https:\/\/www.smartheating.cz\/sr\/wp-json\/wp\/v2\/pages"}],"about":[{"href":"https:\/\/www.smartheating.cz\/sr\/wp-json\/wp\/v2\/types\/page"}],"author":[{"embeddable":true,"href":"https:\/\/www.smartheating.cz\/sr\/wp-json\/wp\/v2\/users\/1"}],"replies":[{"embeddable":true,"href":"https:\/\/www.smartheating.cz\/sr\/wp-json\/wp\/v2\/comments?post=11547"}],"version-history":[{"count":0,"href":"https:\/\/www.smartheating.cz\/sr\/wp-json\/wp\/v2\/pages\/11547\/revisions"}],"wp:attachment":[{"href":"https:\/\/www.smartheating.cz\/sr\/wp-json\/wp\/v2\/media?parent=11547"}],"curies":[{"name":"wp","href":"https:\/\/api.w.org\/{rel}","templated":true}]}}