{"id":11521,"date":"2014-06-07T09:52:48","date_gmt":"2014-06-07T08:52:48","guid":{"rendered":"http:\/\/www.smartheating.cz\/sr\/accessories\/"},"modified":"2014-06-07T09:52:48","modified_gmt":"2014-06-07T08:52:48","slug":"accessories","status":"publish","type":"page","link":"https:\/\/www.smartheating.cz\/sr\/accessories\/","title":{"rendered":"Accessories"},"content":{"rendered":"<div class=\"row \"><div class=\"col-lg-3 col-md-3 col-xs-12 col-sm-12\"><div class=\"content_block\" id=\"custom_post_widget-3998\"><h3 class=\"line\">Oprema<\/h3>\n<ul>\n<li><a href=\"https:\/\/www.smartheating.cz\/sr\/airflowunit\/\">Smart uredaj za zagrevanje vazduha<\/a><\/li>\n<\/ul>\n<p>&nbsp;<\/p>\n<h3 class=\"line\">Preuzimanje<\/h3>\n<p><a href=\"http:\/\/www.smartheating.cz\/wp-content\/uploads\/2016\/09\/Airflow_Units_30-50-kW_Brochure_RS_nahled.pdf\">Bro\u0161ura Smart Hot-Air Unit 30\u201350 kW<\/a><\/p>\n<h3 class=\"line\">Foto galerija<\/h3>\n<p><a href=\"https:\/\/www.smartheating.cz\/sr\/uredaj-za-zagrevanje-vazduha-2\/\">Pogledajte fotografije na\u0161ih instalacija<\/a><\/p>\n<\/div><\/div><div class=\"col-lg-9 col-md-9 col-xs-12 col-sm-12\"><div class=\"content_block\" id=\"custom_post_widget-3969\"><h1 class=\"title\">Oprema<br \/>\n <strong>Uredaj za zagrevanje vazduha<br \/>\n &nbsp;<span class=\"obrazek-pod-textem\"><a href=\"https:\/\/www.smartheating.cz\/sr\/airflowunit\/\"><img loading=\"lazy\" decoding=\"async\" class=\"alignnone wp-image-25337 size-full\" src=\"http:\/\/www.smartheating.cz\/wp-content\/uploads\/2014\/11\/prislusenstvi_RS-1.jpg\" alt=\"\" height=\"520\" width=\"566\" srcset=\"https:\/\/www.smartheating.cz\/wp-content\/uploads\/2014\/11\/prislusenstvi_RS-1.jpg 566w, https:\/\/www.smartheating.cz\/wp-content\/uploads\/2014\/11\/prislusenstvi_RS-1-300x276.jpg 300w\" sizes=\"auto, (max-width: 566px) 100vw, 566px\" \/><\/a><\/span><\/strong><\/h1>\n<p>&nbsp;<\/p>\n<p>&nbsp;<\/p>\n<p>&nbsp;<\/p>\n<p>&nbsp;<\/p>\n<p>&nbsp;<\/p>\n<p>&nbsp;<\/p>\n<p>&nbsp;<\/p>\n<p>&nbsp;<\/p>\n<p>&nbsp;<\/p>\n<\/div><\/div><\/div>\n<div class=\"row \"><div class=\"col-lg-12 col-md-12 col-xs-12 col-sm-12\"><div class=\"content_block\" id=\"custom_post_widget-388\"><div class=\"extra-wrap extra-wrap-2\">\n<div class=\"extra\">\n<div class=\"extra-in\">\n<h2>\u00a0<\/h2>\n<\/div>\n<\/div>\n<\/div>\n<\/div><\/div><\/div>\n<div class=\"row \"><div class=\"col-lg-3 col-md-3 col-xs-12 col-sm-12\"><div class=\"content_block\" id=\"custom_post_widget-1114\"><h3 class=\"line\">Oprema<\/h3>\n<ul>\n<li><a href=\"https:\/\/www.smartheating.cz\/sr\/susac-za-drvenu-secku\/\">Su\u0161a\u010d za drvenu se\u010dku<\/a><\/li>\n<\/ul>\n<p>&nbsp;<\/p>\n<h4><span style=\"color: #255aa3; font-size: 12pt;\">REFERENCE LIST:<\/span><\/h4>\n<p><a href=\"http:\/\/www.smartheating.cz\/wp-content\/uploads\/2014\/06\/SMART_WOOD_CHIPS_DRYER_560_KW_Daruvar.pdf\" target=\"_blank\" rel=\"noopener noreferrer\"><span style=\"color: #645e61;\">Smart Wood Chips Dryer 560 kW \u2013 Daruvar<\/span><\/a><br \/>\n<a href=\"http:\/\/www.smartheating.cz\/wp-content\/uploads\/2014\/06\/SMART_WOOD_CHIPS_DRYER_560_KW_nahled.pdf\" target=\"_blank\" rel=\"noopener noreferrer\"><span style=\"color: #645e61;\">Smart Wood Chips Dryer 560 kW \u2013 Virovitica<\/span><\/a><br \/>\n<a href=\"http:\/\/www.smartheating.cz\/wp-content\/uploads\/2020\/04\/Smart_Wood_Chips_Dryer_Vocin_nahled.pdf\" target=\"_blank\" rel=\"noopener noreferrer\">Smart Wood Chips Dryer 560 kW \u2013 Vo\u010din<\/a> <br \/>\n<a href=\"http:\/\/www.smartheating.cz\/wp-content\/uploads\/2020\/04\/Smart_Wood_Chips_Dryer_Grubisno_Polje_nahled.pdf\" target=\"_blank\" rel=\"noopener noreferrer\">Smart Wood Chips Dryer 560 kW \u2013 Grubi\u0161no Polje<\/a><\/p>\n<p>&nbsp;<\/p>\n<h3 class=\"line\">Foto galerija<\/h3>\n<p><a href=\"https:\/\/www.smartheating.cz\/sr\/susac-za-drvenu-secku\/\">Pogledajte fotografije na\u0161ih instalacija<\/a><\/p>\n<\/div><\/div><div class=\"col-lg-9 col-md-9 col-xs-12 col-sm-12\"><div class=\"content_block\" id=\"custom_post_widget-1113\"><h1 class=\"title\">Oprema<br \/><strong>Su\u0161a\u010d za drvenu se\u010dku<\/strong><\/h1>\n<p>\u00a0<span class=\"obrazek-pod-textem\"><a href=\"https:\/\/www.smartheating.cz\/sr\/susac-za-drvenu-secku\/\"><img loading=\"lazy\" decoding=\"async\" class=\"alignnone wp-image-1360 size-full\" src=\"http:\/\/www.smartheating.cz\/wp-content\/uploads\/2014\/08\/susicka1.jpg\" alt=\"susicka\" width=\"566\" height=\"490\" srcset=\"https:\/\/www.smartheating.cz\/wp-content\/uploads\/2014\/08\/susicka1.jpg 566w, https:\/\/www.smartheating.cz\/wp-content\/uploads\/2014\/08\/susicka1-300x259.jpg 300w\" sizes=\"auto, (max-width: 566px) 100vw, 566px\" \/><\/a><\/span><\/p>\n<p>&nbsp;<\/p>\n<p>&nbsp;<\/p>\n<p>&nbsp;<\/p>\n<p>&nbsp;<\/p>\n<p>&nbsp;<\/p>\n<p>&nbsp;<\/p>\n<p>&nbsp;<\/p>\n<p>&nbsp;<\/p>\n<p>&nbsp;<\/p>\n<\/div><\/div><\/div>\n<div class=\"row \"><div class=\"col-lg-12 col-md-12 col-xs-12 col-sm-12\"><div class=\"content_block\" id=\"custom_post_widget-388\"><div class=\"extra-wrap extra-wrap-2\">\n<div class=\"extra\">\n<div class=\"extra-in\">\n<h2>\u00a0<\/h2>\n<\/div>\n<\/div>\n<\/div>\n<\/div><\/div><\/div>\n<div class=\"row \"><br \/><div class=\"col-lg-3 col-md-3 col-xs-12 col-sm-12\"><div class=\"content_block\" id=\"custom_post_widget-1115\"><h3 class=\"line\">Oprema<\/h3>\n<ul>\n<li><a href=\"https:\/\/www.smartheating.cz\/sr\/accessories-hydraulic-hatch\/\">Hidrauli\u010dni poklopac<\/a><\/li>\n<\/ul>\n<p>&nbsp;<\/p>\n<h3 class=\"line\">Preuzimanje<\/h3>\n<p><a href=\"http:\/\/www.smartheating.cz\/wp-content\/uploads\/2014\/09\/Hydraulic_Hatch_Brochure_RS_nahled.pdf\">Bro\u0161ura Smart Hidrauli\u010dni Poklopac<\/a><\/p>\n<h4><span style=\"color: #255aa3; font-size: 12pt;\">Reference list:<\/span><\/h4>\n<p><a href=\"http:\/\/www.smartheating.cz\/wp-content\/uploads\/2014\/06\/Smart_Hydraulic_Hatch_Ireland_nahled.pdf\"><span style=\"color: #645e61;\">Smart Hydraulic Hatch \u2013 Ireland<\/span><\/a><br \/>\n<a href=\"http:\/\/www.smartheating.cz\/wp-content\/uploads\/2014\/06\/Smart_Hydraulic_Hatch_Sweden_nahled.pdf\"><span style=\"color: #645e61;\">Smart Hydraulic Hatch \u2013 Sweden<\/span><\/a><\/p>\n<p>&nbsp;<\/p>\n<h3 class=\"line\">Foto galerija<\/h3>\n<p>Pogledajte fotografije na\u0161ih instalacija<\/p>\n<\/div><\/div><div class=\"col-lg-9 col-md-9 col-xs-12 col-sm-12\"><div class=\"content_block\" id=\"custom_post_widget-1116\"><h1 class=\"title\">Oprema<br \/>\n<strong>Hidrauli\u010dni poklopac<\/strong><\/h1>\n<p>&nbsp;<\/p>\n<p><span class=\"barva-modra\">\u00a0<\/span>\u00a0<\/p>\n<p>&nbsp;<\/p>\n<p>&nbsp;<\/p>\n<p>&nbsp;<\/p>\n<p>&nbsp;<\/p>\n<p>&nbsp;<\/p>\n<p>&nbsp;<\/p>\n<p>&nbsp;<\/p>\n<p>&nbsp;<\/p>\n<p><span class=\"obrazek-pod-textem\"><a href=\"https:\/\/www.smartheating.cz\/sr\/accessories-hydraulic-hatch\/\"><img loading=\"lazy\" decoding=\"async\" class=\"alignnone wp-image-25358 size-full\" src=\"http:\/\/www.smartheating.cz\/wp-content\/uploads\/2014\/09\/3D_poklop3_blue.jpg\" width=\"566\" height=\"520\" srcset=\"https:\/\/www.smartheating.cz\/wp-content\/uploads\/2014\/09\/3D_poklop3_blue.jpg 566w, https:\/\/www.smartheating.cz\/wp-content\/uploads\/2014\/09\/3D_poklop3_blue-300x276.jpg 300w\" sizes=\"auto, (max-width: 566px) 100vw, 566px\" \/><\/a><\/span><\/p>\n<\/div><\/div><\/div>\n<div class=\"row \"><div class=\"col-lg-12 col-md-12 col-xs-12 col-sm-12\"><div class=\"content_block\" id=\"custom_post_widget-388\"><div class=\"extra-wrap extra-wrap-2\">\n<div class=\"extra\">\n<div class=\"extra-in\">\n<h2>\u00a0<\/h2>\n<\/div>\n<\/div>\n<\/div>\n<\/div><\/div><\/div>\n<div class=\"row \"><br \/><div class=\"col-lg-3 col-md-3 col-xs-12 col-sm-12\"><div class=\"content_block\" id=\"custom_post_widget-1117\"><h3 class=\"line\">Oprema<\/h3>\n<ul>\n<li><span style=\"line-height: 13px;\"><a href=\"https:\/\/www.smartheating.cz\/sr\/hidraulicni-vodovi\/\">Hidrauli\u010dni vodovi<\/a><\/span><\/li>\n<\/ul>\n<p>&nbsp;<\/p>\n<h3 class=\"line\">Foto galerija<\/h3>\n<p><a href=\"https:\/\/www.smartheating.cz\/sr\/hidraulicni-vodovi\/\">Pogledajte fotografije na\u0161ih instalacija<\/a><\/p>\n<\/div><\/div><div class=\"col-lg-9 col-md-9 col-xs-12 col-sm-12\"><div class=\"content_block\" id=\"custom_post_widget-1118\"><h1 class=\"title\">Oprema<br \/><strong>Hidrauli\u010dni vodovi<\/strong><\/h1>\n<p><span class=\"obrazek-pod-textem\"><a href=\"https:\/\/www.smartheating.cz\/sr\/hidraulicni-vodovi\/\"><img loading=\"lazy\" decoding=\"async\" class=\"alignnone wp-image-1206 size-full\" src=\"http:\/\/www.smartheating.cz\/wp-content\/uploads\/2014\/08\/hydraulicke_zapojeni.jpg\" alt=\"hydraulicke_zapojeni\" width=\"566\" height=\"490\" srcset=\"https:\/\/www.smartheating.cz\/wp-content\/uploads\/2014\/08\/hydraulicke_zapojeni.jpg 566w, https:\/\/www.smartheating.cz\/wp-content\/uploads\/2014\/08\/hydraulicke_zapojeni-300x259.jpg 300w\" sizes=\"auto, (max-width: 566px) 100vw, 566px\" \/><\/a><\/span><\/p>\n<p>&nbsp;<\/p>\n<p>&nbsp;<\/p>\n<p>&nbsp;<\/p>\n<p>&nbsp;<\/p>\n<p>&nbsp;<\/p>\n<p>&nbsp;<\/p>\n<p>&nbsp;<\/p>\n<p>&nbsp;<\/p>\n<p>&nbsp;<\/p>\n<\/div><\/div><\/div>\n<div class=\"row \"><div class=\"col-lg-12 col-md-12 col-xs-12 col-sm-12\"><div class=\"content_block\" id=\"custom_post_widget-388\"><div class=\"extra-wrap extra-wrap-2\">\n<div class=\"extra\">\n<div class=\"extra-in\">\n<h2>\u00a0<\/h2>\n<\/div>\n<\/div>\n<\/div>\n<\/div><\/div><\/div>\n<div class=\"row \"><br \/><div class=\"col-lg-3 col-md-3 col-xs-12 col-sm-12\"><div class=\"content_block\" id=\"custom_post_widget-1119\"><h3 class=\"line\">Oprema<\/h3>\n<ul>\n<li><a href=\"https:\/\/www.smartheating.cz\/sr\/dimnjaci-i-resenja-odvoda-dima\/\">Dimnjaci i re\u0161enja odvoda dima<\/a><\/li>\n<\/ul>\n<p>&nbsp;<\/p>\n<h3 class=\"line\">Foto galerija<\/h3>\n<p><a href=\"https:\/\/www.smartheating.cz\/sr\/dimnjaci-i-resenja-odvoda-dima\/\">Pogledajte fotografije na\u0161ih instalacija<\/a><\/p>\n<\/div><\/div><div class=\"col-lg-9 col-md-9 col-xs-12 col-sm-12\"><div class=\"content_block\" id=\"custom_post_widget-1120\"><h1 class=\"title\">Oprema<br \/><strong>Dimnjaci i re\u0161enja odvoda dima<\/strong><\/h1>\n<p>&nbsp;<\/p>\n<p>&nbsp;<\/p>\n<p>&nbsp;<\/p>\n<p>&nbsp;<\/p>\n<p>&nbsp;<\/p>\n<p>&nbsp;<\/p>\n<p>&nbsp;<\/p>\n<p>&nbsp;<\/p>\n<p>&nbsp;<\/p>\n<p>&nbsp;<\/p>\n<p><span class=\"obrazek-pod-textem\"><a href=\"https:\/\/www.smartheating.cz\/sr\/dimnjaci-i-resenja-odvoda-dima\/\"><img loading=\"lazy\" decoding=\"async\" class=\"alignnone wp-image-1204 size-full\" src=\"http:\/\/www.smartheating.cz\/wp-content\/uploads\/2014\/08\/komin.jpg\" alt=\"komin\" width=\"566\" height=\"490\" srcset=\"https:\/\/www.smartheating.cz\/wp-content\/uploads\/2014\/08\/komin.jpg 566w, https:\/\/www.smartheating.cz\/wp-content\/uploads\/2014\/08\/komin-300x259.jpg 300w\" sizes=\"auto, (max-width: 566px) 100vw, 566px\" \/><\/a><\/span><\/p>\n<\/div><\/div><\/div>\n<div class=\"row \"><div class=\"col-lg-12 col-md-12 col-xs-12 col-sm-12\"><div class=\"content_block\" id=\"custom_post_widget-388\"><div class=\"extra-wrap extra-wrap-2\">\n<div class=\"extra\">\n<div class=\"extra-in\">\n<h2>\u00a0<\/h2>\n<\/div>\n<\/div>\n<\/div>\n<\/div><\/div><\/div>\n<div class=\"row \"><br \/><div class=\"col-lg-3 col-md-3 col-xs-12 col-sm-12\"><div class=\"content_block\" id=\"custom_post_widget-1121\"><h3 class=\"line\">Oprema<\/h3>\n<ul>\n<li><a href=\"https:\/\/www.smartheating.cz\/sr\/posebna-resenja-za-transport-goriva\/\">Posebna re\u0161enja za transport goriva<\/a><\/li>\n<\/ul>\n<p>&nbsp;<\/p>\n<h3 class=\"line\">Photo Gallery<\/h3>\n<p><a href=\"https:\/\/www.smartheating.cz\/sr\/posebna-resenja-za-transport-goriva\/\">Pogledajte fotografije na\u0161ih instalacija<\/a><\/p>\n<\/div><\/div><div class=\"col-lg-9 col-md-9 col-xs-12 col-sm-12\"><div class=\"content_block\" id=\"custom_post_widget-1122\"><h1 class=\"title\">Oprema<br \/><strong>Posebna re\u0161enja za transport goriva<\/strong><\/h1>\n<p>&nbsp;<\/p>\n<p>&nbsp;<\/p>\n<p>&nbsp;<\/p>\n<p>&nbsp;<\/p>\n<p>&nbsp;<\/p>\n<p>&nbsp;<\/p>\n<p>&nbsp;<\/p>\n<p>&nbsp;<\/p>\n<p>&nbsp;<\/p>\n<p>&nbsp;<\/p>\n<p><span class=\"obrazek-pod-textem\"><a href=\"https:\/\/www.smartheating.cz\/sr\/posebna-resenja-za-transport-goriva\/\"><img loading=\"lazy\" decoding=\"async\" class=\"alignnone wp-image-1476 size-full\" src=\"http:\/\/www.smartheating.cz\/wp-content\/uploads\/2014\/08\/specialni_dopravni_system.jpg\" alt=\"specialni_dopravni_system\" width=\"566\" height=\"490\" srcset=\"https:\/\/www.smartheating.cz\/wp-content\/uploads\/2014\/08\/specialni_dopravni_system.jpg 566w, https:\/\/www.smartheating.cz\/wp-content\/uploads\/2014\/08\/specialni_dopravni_system-300x259.jpg 300w\" sizes=\"auto, (max-width: 566px) 100vw, 566px\" \/><\/a><\/span><\/p>\n<\/div><\/div><\/div>\n<div class=\"row \"><div class=\"col-lg-12 col-md-12 col-xs-12 col-sm-12\"><div class=\"content_block\" id=\"custom_post_widget-388\"><div class=\"extra-wrap extra-wrap-2\">\n<div class=\"extra\">\n<div class=\"extra-in\">\n<h2>\u00a0<\/h2>\n<\/div>\n<\/div>\n<\/div>\n<\/div><\/div><\/div>\n<div class=\"row \"><br \/><div class=\"col-lg-3 col-md-3 col-xs-12 col-sm-12\"><div class=\"content_block\" id=\"custom_post_widget-1124\"><h3 class=\"line\">Oprema<\/h3>\n<ul>\n<li><a href=\"https:\/\/www.smartheating.cz\/sr\/jedinice-za-filtraciju\/\">Jedinice za filtraciju<\/a><\/li>\n<\/ul>\n<p>&nbsp;<\/p>\n<h3 class=\"line\">Foto galerija<\/h3>\n<p><a href=\"https:\/\/www.smartheating.cz\/sr\/jedinice-za-filtraciju\/\">Pogledajte fotografije na\u0161ih instalacija<\/a><\/p>\n<\/div><\/div><div class=\"col-lg-9 col-md-9 col-xs-12 col-sm-12\"><div class=\"content_block\" id=\"custom_post_widget-1125\"><h1 class=\"title\">Oprema<br \/><strong>Jedinice za filtraciju<\/strong><\/h1>\n<p>&nbsp;<\/p>\n<p>&nbsp;<\/p>\n<p><span class=\"obrazek-pod-textem\"><a href=\"https:\/\/www.smartheating.cz\/sr\/jedinice-za-filtraciju\/\"><img loading=\"lazy\" decoding=\"async\" class=\"alignnone wp-image-1202 size-full\" src=\"http:\/\/www.smartheating.cz\/wp-content\/uploads\/2014\/08\/Filtracni_jednotka.jpg\" alt=\"Filtracni_jednotka\" width=\"566\" height=\"490\" srcset=\"https:\/\/www.smartheating.cz\/wp-content\/uploads\/2014\/08\/Filtracni_jednotka.jpg 566w, https:\/\/www.smartheating.cz\/wp-content\/uploads\/2014\/08\/Filtracni_jednotka-300x259.jpg 300w\" sizes=\"auto, (max-width: 566px) 100vw, 566px\" \/><\/a><\/span><\/p>\n<p>&nbsp;<\/p>\n<p>&nbsp;<\/p>\n<p>&nbsp;<\/p>\n<p>&nbsp;<\/p>\n<p>&nbsp;<\/p>\n<p>&nbsp;<\/p>\n<p>&nbsp;<\/p>\n<p>&nbsp;<\/p>\n<\/div><\/div><\/div>\n<div class=\"row \"><div class=\"col-lg-12 col-md-12 col-xs-12 col-sm-12\"><div class=\"content_block\" id=\"custom_post_widget-388\"><div class=\"extra-wrap extra-wrap-2\">\n<div class=\"extra\">\n<div class=\"extra-in\">\n<h2>\u00a0<\/h2>\n<\/div>\n<\/div>\n<\/div>\n<\/div><\/div><\/div>\n<div class=\"row \"><br \/><div class=\"col-lg-3 col-md-3 col-xs-12 col-sm-12\"><div class=\"content_block\" id=\"custom_post_widget-1126\"><h3 class=\"line\">Oprema<\/h3>\n<ul>\n<li><a href=\"https:\/\/www.smartheating.cz\/sr\/silosi-i-celicne-konstrukcije\/\">Silosi i \u010deli\u010dne konstrukcije<\/a><\/li>\n<\/ul>\n<p>&nbsp;<\/p>\n<h3 class=\"line\">Foto galerija<\/h3>\n<p><a href=\"https:\/\/www.smartheating.cz\/sr\/silosi-i-celicne-konstrukcije\/\">Pogledajte fotografije na\u0161ih instalacija<\/a><\/p>\n<\/div><\/div><div class=\"col-lg-9 col-md-9 col-xs-12 col-sm-12\"><div class=\"content_block\" id=\"custom_post_widget-1127\"><h1 class=\"title\">Oprema<br \/><strong>Silosi i \u010deli\u010dne konstrukcije<\/strong><\/h1>\n<p>&nbsp;<\/p>\n<p>&nbsp;<\/p>\n<p>&nbsp;<\/p>\n<p>\u00a0<span class=\"obrazek-pod-textem\"><a href=\"https:\/\/www.smartheating.cz\/sr\/silosi-i-celicne-konstrukcije\/\"><img loading=\"lazy\" decoding=\"async\" class=\"alignnone wp-image-4397 size-full\" src=\"http:\/\/www.smartheating.cz\/wp-content\/uploads\/2014\/09\/silo.jpg\" alt=\"\" width=\"566\" height=\"490\" srcset=\"https:\/\/www.smartheating.cz\/wp-content\/uploads\/2014\/09\/silo.jpg 566w, https:\/\/www.smartheating.cz\/wp-content\/uploads\/2014\/09\/silo-300x259.jpg 300w\" sizes=\"auto, (max-width: 566px) 100vw, 566px\" \/><\/a><\/span><\/p>\n<p>&nbsp;<\/p>\n<p>&nbsp;<\/p>\n<p>&nbsp;<\/p>\n<p>&nbsp;<\/p>\n<p>&nbsp;<\/p>\n<p>&nbsp;<\/p>\n<\/div><\/div><\/div>\n<p>&nbsp;<\/p>\n<p>&nbsp;<\/p>\n","protected":false},"excerpt":{"rendered":"<p>&nbsp; &nbsp;<\/p>\n","protected":false},"author":1,"featured_media":0,"parent":0,"menu_order":17,"comment_status":"closed","ping_status":"closed","template":"page-h1-full.php","meta":{"ngg_post_thumbnail":0,"footnotes":""},"class_list":["post-11521","page","type-page","status-publish","hentry"],"_links":{"self":[{"href":"https:\/\/www.smartheating.cz\/sr\/wp-json\/wp\/v2\/pages\/11521","targetHints":{"allow":["GET"]}}],"collection":[{"href":"https:\/\/www.smartheating.cz\/sr\/wp-json\/wp\/v2\/pages"}],"about":[{"href":"https:\/\/www.smartheating.cz\/sr\/wp-json\/wp\/v2\/types\/page"}],"author":[{"embeddable":true,"href":"https:\/\/www.smartheating.cz\/sr\/wp-json\/wp\/v2\/users\/1"}],"replies":[{"embeddable":true,"href":"https:\/\/www.smartheating.cz\/sr\/wp-json\/wp\/v2\/comments?post=11521"}],"version-history":[{"count":0,"href":"https:\/\/www.smartheating.cz\/sr\/wp-json\/wp\/v2\/pages\/11521\/revisions"}],"wp:attachment":[{"href":"https:\/\/www.smartheating.cz\/sr\/wp-json\/wp\/v2\/media?parent=11521"}],"curies":[{"name":"wp","href":"https:\/\/api.w.org\/{rel}","templated":true}]}}