{"id":11155,"date":"2014-09-02T16:57:44","date_gmt":"2014-09-02T15:57:44","guid":{"rendered":"http:\/\/www.smartheating.cz\/sr\/accessories-hydraulic-hatch\/"},"modified":"2017-10-23T09:36:03","modified_gmt":"2017-10-23T08:36:03","slug":"accessories-hydraulic-hatch","status":"publish","type":"page","link":"https:\/\/www.smartheating.cz\/sr\/accessories-hydraulic-hatch\/","title":{"rendered":"Accessories Hydraulic Hatch"},"content":{"rendered":"<h1 class=\"title\">Oprema<br \/>\n <strong>SMART Hidrauli\u010dni <br \/>\n poklopac<\/strong><\/h1>\n<p class=\"subtitle\">&nbsp;<\/p>\n<p>&nbsp;<\/p>\n<p>&nbsp;<\/p>\n<p>&nbsp;<\/p>\n<p>&nbsp;<\/p>\n<p>&nbsp;<\/p>\n<p><span class=\"barva-modra\">&nbsp;<\/span>&nbsp;&nbsp;<\/p>\n<p>&nbsp;<span class=\"obrazek-pod-textem\"><img loading=\"lazy\" decoding=\"async\" class=\"alignnone wp-image-25348 size-full\" src=\"http:\/\/www.smartheating.cz\/wp-content\/uploads\/2014\/09\/hydraulicke_dvere_RS.png\" height=\"442\" width=\"864\" srcset=\"https:\/\/www.smartheating.cz\/wp-content\/uploads\/2014\/09\/hydraulicke_dvere_RS.png 864w, https:\/\/www.smartheating.cz\/wp-content\/uploads\/2014\/09\/hydraulicke_dvere_RS-300x153.png 300w, https:\/\/www.smartheating.cz\/wp-content\/uploads\/2014\/09\/hydraulicke_dvere_RS-768x393.png 768w, https:\/\/www.smartheating.cz\/wp-content\/uploads\/2014\/09\/hydraulicke_dvere_RS-600x307.png 600w\" sizes=\"auto, (max-width: 864px) 100vw, 864px\" \/><\/span><\/p>\n<p><span class=\"barva-modra\">\u2022 Jednokrilno \/ dvokrilna verzija za automatizaciju punjenja i skladi\u0161tenje biomase \u2022 Kompletan set hidrauli\u010dnih klipova, agregata i vodova \u2022 Otporan na razli\u010dite atmosferske promene i sa sistemom za izbacivanje vlage \u2022 Mogu\u0107nost ugradnje nose\u0107ih pokretnih rampi sa za\u0161titnim barijerama \u2022 Daljinsko upravljanje \u2022 Svetlosni i zvu\u010dni indikator pokreta i upozoravaju\u0107i signal kad je poklopac potpuno otvoren \u2022 Pra\u0107enje nivoa materijala u silosu sa indikatorom popunjenosti \u2022 Za\u0161titna mre\u017eu za spre\u010davanje pada u silos \u2022 Servisni otvor za hitni ulazak u silos<\/span><\/p>\n<p>&nbsp;<\/p>\n<h2>Specifikacija i dizajn:<\/h2>\n<p><img loading=\"lazy\" decoding=\"async\" class=\"alignnone size-full wp-image-1728\" src=\"http:\/\/www.smartheating.cz\/wp-content\/uploads\/2014\/09\/Specification-and-design.jpg\" alt=\"Specification-and-design\" height=\"193\" width=\"829\" srcset=\"https:\/\/www.smartheating.cz\/wp-content\/uploads\/2014\/09\/Specification-and-design.jpg 829w, https:\/\/www.smartheating.cz\/wp-content\/uploads\/2014\/09\/Specification-and-design-300x69.jpg 300w, https:\/\/www.smartheating.cz\/wp-content\/uploads\/2014\/09\/Specification-and-design-600x139.jpg 600w\" sizes=\"auto, (max-width: 829px) 100vw, 829px\" \/><\/p>\n<p>&nbsp;<\/p>\n<h2 dir=\"LTR\" align=\"LEFT\">Upotreba:<\/h2>\n<p><strong><span class=\"barva-cervena\">\u2022<\/span> <\/strong><span class=\"barva-modra\">Spoljni silosi<\/span><br \/>\n <span class=\"barva-cervena\"><strong>\u2022<\/strong> <span style=\"color: #255aa3;\">Podzemni silosi<\/span><\/span><br \/>\n <strong><span class=\"barva-cervena\">\u2022<\/span> <\/strong><span style=\"color: #255aa3;\">Kontejnerski silosi<\/span><\/p>\n<p>&nbsp;<\/p>\n<h2>Minimalne &#8211; maksimalne dimenzije:<\/h2>\n<p><span class=\"barva-modra\">1&nbsp;x&nbsp;1 m \u2013&nbsp;6 x&nbsp;6 m<\/span><br \/>\n &nbsp;&nbsp;<\/p>\n<h2>Foto galerija:<\/h2>\nngg_shortcode_0_placeholder\n","protected":false},"excerpt":{"rendered":"<p>Oprema SMART Hidrauli\u010dni poklopac &nbsp; &nbsp; &nbsp; &nbsp; &nbsp; &nbsp; &nbsp;&nbsp;&nbsp; &nbsp; \u2022 Jednokrilno \/ dvokrilna verzija za automatizaciju punjenja i skladi\u0161tenje biomase \u2022 Kompletan set hidrauli\u010dnih klipova, agregata i vodova \u2022 Otporan na razli\u010dite atmosferske promene i sa sistemom za izbacivanje vlage \u2022 Mogu\u0107nost ugradnje nose\u0107ih pokretnih rampi sa za\u0161titnim barijerama \u2022 Daljinsko upravljanje [&hellip;]<\/p>\n","protected":false},"author":2,"featured_media":0,"parent":0,"menu_order":0,"comment_status":"closed","ping_status":"closed","template":"page-h1.php","meta":{"ngg_post_thumbnail":0,"footnotes":""},"class_list":["post-11155","page","type-page","status-publish","hentry"],"_links":{"self":[{"href":"https:\/\/www.smartheating.cz\/sr\/wp-json\/wp\/v2\/pages\/11155","targetHints":{"allow":["GET"]}}],"collection":[{"href":"https:\/\/www.smartheating.cz\/sr\/wp-json\/wp\/v2\/pages"}],"about":[{"href":"https:\/\/www.smartheating.cz\/sr\/wp-json\/wp\/v2\/types\/page"}],"author":[{"embeddable":true,"href":"https:\/\/www.smartheating.cz\/sr\/wp-json\/wp\/v2\/users\/2"}],"replies":[{"embeddable":true,"href":"https:\/\/www.smartheating.cz\/sr\/wp-json\/wp\/v2\/comments?post=11155"}],"version-history":[{"count":0,"href":"https:\/\/www.smartheating.cz\/sr\/wp-json\/wp\/v2\/pages\/11155\/revisions"}],"wp:attachment":[{"href":"https:\/\/www.smartheating.cz\/sr\/wp-json\/wp\/v2\/media?parent=11155"}],"curies":[{"name":"wp","href":"https:\/\/api.w.org\/{rel}","templated":true}]}}