{"id":11144,"date":"2014-11-12T14:21:50","date_gmt":"2014-11-12T13:21:50","guid":{"rendered":"http:\/\/www.smartheating.cz\/sr\/smart-airflow-unit\/"},"modified":"2017-08-21T12:34:33","modified_gmt":"2017-08-21T11:34:33","slug":"uredaj-za-zagrevanje-vazduha","status":"publish","type":"page","link":"https:\/\/www.smartheating.cz\/sr\/uredaj-za-zagrevanje-vazduha\/","title":{"rendered":"Smart uredaj za zagrevanje vazduha"},"content":{"rendered":"<h1 class=\"title\"><strong><br \/>\n \u00a0<\/strong><\/h1>\n<p class=\"subtitle\">\u00a0<\/p>\n<p>&nbsp;<\/p>\n<p>&nbsp;<\/p>\n<p>&nbsp;<\/p>\n<p><span class=\"barva-modra\">\u00a0<\/span>\u00a0\u00a0<\/p>\n<p>\u00a0<span class=\"obrazek-pod-textem\"><img loading=\"lazy\" decoding=\"async\" class=\"alignnone wp-image-25305\" src=\"http:\/\/www.smartheating.cz\/wp-content\/uploads\/2014\/11\/airflow_blue_RS-1.png\" width=\"422\" height=\"480\" srcset=\"https:\/\/www.smartheating.cz\/wp-content\/uploads\/2014\/11\/airflow_blue_RS-1.png 880w, https:\/\/www.smartheating.cz\/wp-content\/uploads\/2014\/11\/airflow_blue_RS-1-264x300.png 264w, https:\/\/www.smartheating.cz\/wp-content\/uploads\/2014\/11\/airflow_blue_RS-1-768x873.png 768w, https:\/\/www.smartheating.cz\/wp-content\/uploads\/2014\/11\/airflow_blue_RS-1-600x682.png 600w\" sizes=\"auto, (max-width: 422px) 100vw, 422px\" \/><\/span><\/p>\n<p><span class=\"barva-modra\">\u2022 \u010celi\u010dna nose\u0107a paleta i pokrivaju\u0107a struktura \u2022 Automatski kotao na drveni pelet sa automatskim \u010di\u0161c\u0301enjem i otpepeljavanjem \u2022 Efikasnost &gt; 90 % \u2022 Pode\u0161avanja izlazne snage 30-100 % \u2022 400 L spremnik goriva \u2022 Elektronski kontrolisana izduvna jedinica za topao vazduh sa pokretom od 0-270 \u00b0 \u2022 Isporuka kompletnog dimnjaka \u2022 Isporuka kompletne hidraulike \u2022 Prikaz operacija \u2022 Daljinska kontrola i upravljanje preko mobilnog telefona i interneta<\/span><\/p>\n<h2 dir=\"LTR\" align=\"LEFT\">Opis Smart ure\u0111aja za zagrevanje vazduha:<\/h2>\n<p><span class=\"barva-cervena\"><span style=\"color: #255aa3;\"><strong><span class=\"barva-cervena\">\u2022 <\/span><\/strong>Kompaktna nose\u0107a \u010deli\u010dna paleta za lak\u0161e rukovanje i pozicioniranje<br \/>\n <\/span><strong>\u2022<\/strong> <span style=\"color: #255aa3;\">Smart 30\/50\/80 kW kotao na drveni pelet<br \/>\n <\/span><\/span><span style=\"color: #255aa3;\"><span class=\"barva-cervena\"><strong>\u2022<\/strong> <\/span>250 kg spremnik goriva (400 l) uklju\u010duju\u0107i transportni pu\u017e <\/span><span style=\"color: #255aa3;\"><br \/>\n <span class=\"barva-cervena\"><strong>\u2022<\/strong> <\/span>2 m dimnjak iz tri sloja<br \/>\n <span class=\"barva-cervena\"><strong>\u2022<\/strong> <\/span>Izduvna jedinica za topao vazduh sa pokretom od 0-270 \u00b0<br \/>\n <span class=\"barva-cervena\"><strong>\u2022<\/strong> <\/span>Cirkulaciona pumpa<br \/>\n <span class=\"barva-cervena\"><strong>\u2022<\/strong> <\/span>Ispusni ventil<br \/>\n <span class=\"barva-cervena\"><strong>\u2022<\/strong> <\/span>Kontrola pritiska<br \/>\n <span class=\"barva-cervena\"><strong>\u2022<\/strong> <\/span>Ekspanziona posuda<br \/>\n <span class=\"barva-cervena\"><strong>\u2022<\/strong> <\/span>Ventil za ispu\u0161tanje pritiska <br \/>\n <span class=\"barva-cervena\"><strong>\u2022<\/strong> <\/span>Automatska kontrola ventila <br \/>\n <span class=\"barva-cervena\"><strong>\u2022<\/strong> <\/span>Kalorimetar \u2013 Opciono<\/span><\/p>\n<h2><span style=\"color: #255aa3;\"><br \/>\n Prikaz operacija:<\/span><\/h2>\n<table>\n<tbody>\n<tr>\n<td><a href=\"http:\/\/www.smartheating.cz\/wp-content\/uploads\/2014\/11\/displej2.jpg\"><img loading=\"lazy\" decoding=\"async\" class=\"alignnone wp-image-4006\" src=\"http:\/\/www.smartheating.cz\/wp-content\/uploads\/2014\/11\/displej2.jpg\" alt=\"displej2\" width=\"250\" height=\"187\" srcset=\"https:\/\/www.smartheating.cz\/wp-content\/uploads\/2014\/11\/displej2.jpg 635w, https:\/\/www.smartheating.cz\/wp-content\/uploads\/2014\/11\/displej2-300x224.jpg 300w, https:\/\/www.smartheating.cz\/wp-content\/uploads\/2014\/11\/displej2-600x449.jpg 600w\" sizes=\"auto, (max-width: 250px) 100vw, 250px\" \/><\/a>\u00a0<\/td>\n<td>&nbsp;<\/td>\n<td><a href=\"http:\/\/www.smartheating.cz\/wp-content\/uploads\/2014\/11\/displej4.jpg\"><img loading=\"lazy\" decoding=\"async\" class=\"alignnone wp-image-4007\" src=\"http:\/\/www.smartheating.cz\/wp-content\/uploads\/2014\/11\/displej4.jpg\" alt=\"displej4\" width=\"250\" height=\"187\" srcset=\"https:\/\/www.smartheating.cz\/wp-content\/uploads\/2014\/11\/displej4.jpg 638w, https:\/\/www.smartheating.cz\/wp-content\/uploads\/2014\/11\/displej4-300x224.jpg 300w, https:\/\/www.smartheating.cz\/wp-content\/uploads\/2014\/11\/displej4-600x449.jpg 600w\" sizes=\"auto, (max-width: 250px) 100vw, 250px\" \/><\/a>\u00a0<\/td>\n<\/tr>\n<\/tbody>\n<\/table>\n<h2>\u00a0<\/h2>\n<h2>Karakteristike Smart 30\/50\/80 kW kotla na drveni pelet :<\/h2>\n<p><span class=\"barva-modra\"><span style=\"color: #255aa3;\"><span class=\"barva-cervena\"><strong>\u2022<\/strong> <\/span><\/span>\u010celi\u010dna konstrukcija sa za\u0161titnim premazom za dug radni vek<\/span><br \/>\n <span class=\"barva-modra\"><span style=\"color: #255aa3;\"><span class=\"barva-cervena\"><strong>\u2022<\/strong> <\/span><\/span>Vi\u0161e opcija za snabdevanje gorivom: transportni pu\u017e , vakuum ili ru\u010dno snabdevanje<\/span><br \/>\n <span class=\"barva-modra\"><span style=\"color: #255aa3;\"><span class=\"barva-cervena\"><strong>\u2022<\/strong> <\/span><\/span>Napredna upravlja\u010dka jedinica za automatski rad<\/span><br \/>\n <span class=\"barva-modra\"><span style=\"color: #255aa3;\"><span class=\"barva-cervena\"><strong>\u2022<\/strong> <\/span><\/span>Visoka efikasnost &#8211; preko 90 %<\/span><br \/>\n <span class=\"barva-modra\"><span style=\"color: #255aa3;\"><span class=\"barva-cervena\"><strong>\u2022<\/strong> <\/span><\/span>Pode\u0161avanja izlazne snage od 30-100 % u zavisnosti od potrebe za grejanjem<\/span><br \/>\n <span class=\"barva-modra\"><span style=\"color: #255aa3;\"><span class=\"barva-cervena\"><strong>\u2022<\/strong> <\/span><\/span>Gorionik od livenog gvo\u017e\u0111a sa zamenljivom povr\u0161inom gorionika <\/span><br \/>\n <span class=\"barva-modra\"><span style=\"color: #255aa3;\"><span class=\"barva-cervena\"><strong>\u2022<\/strong> <\/span><\/span>Automatsko elektri\u010dno paljenje<\/span><br \/>\n <span class=\"barva-modra\"><span style=\"color: #255aa3;\"><span class=\"barva-cervena\"><strong>\u2022 <\/strong><\/span><\/span>Vertikalni izmenjiva\u010d toplote koji se sam \u010disti<\/span><br \/>\n <span class=\"barva-modra\"><span style=\"color: #255aa3;\"><span class=\"barva-cervena\"><strong>\u2022<\/strong> <\/span><\/span>Sigurnosni termostat sa automatskim isklju\u010denjem<\/span><br \/>\n <span class=\"barva-modra\"><span style=\"color: #255aa3;\"><span class=\"barva-cervena\"><strong>\u2022<\/strong> <\/span><\/span>Automatsko otpepeljavanje u kutiju na to\u010dki\u0107ima <\/span><br \/>\n <span class=\"barva-modra\"><span style=\"color: #255aa3;\"><span class=\"barva-cervena\"><strong>\u2022<\/strong> <\/span><\/span>Daljinska kontrola i upravljanje preko interneta ili GSM<\/span><br \/>\n <span class=\"barva-modra\"><span style=\"color: #255aa3;\"><span class=\"barva-cervena\"><strong>\u2022<\/strong> <\/span><\/span>Integrisani ventilator dimnjaka \u2013 Opciono<\/span><\/p>\n<h2>\u00a0<\/h2>\n<h2>Parametri prostora za instalaciju:<\/h2>\n<table>\n<tbody>\n<tr>\n<td>\u00a0 <a href=\"http:\/\/www.smartheating.cz\/wp-content\/uploads\/2014\/11\/rozmerove_schema.png\"><img loading=\"lazy\" decoding=\"async\" class=\"alignnone wp-image-4010\" src=\"http:\/\/www.smartheating.cz\/wp-content\/uploads\/2014\/11\/rozmerove_schema.png\" alt=\"rozmerove_schema\" width=\"183\" height=\"300\" \/><\/a><\/td>\n<td>&nbsp;<\/td>\n<td>\u00a0<a href=\"http:\/\/www.smartheating.cz\/wp-content\/uploads\/2014\/11\/servisni_zony.png\"><img loading=\"lazy\" decoding=\"async\" class=\"aligncenter wp-image-4011\" src=\"http:\/\/www.smartheating.cz\/wp-content\/uploads\/2014\/11\/servisni_zony.png\" alt=\"servisni_zony\" width=\"250\" height=\"280\" srcset=\"https:\/\/www.smartheating.cz\/wp-content\/uploads\/2014\/11\/servisni_zony.png 675w, https:\/\/www.smartheating.cz\/wp-content\/uploads\/2014\/11\/servisni_zony-267x300.png 267w, https:\/\/www.smartheating.cz\/wp-content\/uploads\/2014\/11\/servisni_zony-600x672.png 600w\" sizes=\"auto, (max-width: 250px) 100vw, 250px\" \/><\/a><\/td>\n<\/tr>\n<tr>\n<td style=\"text-align: center;\"><span class=\"barva-modra\" style=\"font-size: 10pt;\">Dimenzije ure\u0111aja za zagrevanje vazduha<\/span><\/td>\n<td style=\"text-align: center;\"><span class=\"barva-modra\" style=\"font-size: 10pt;\">\u00a0<\/span><\/td>\n<td style=\"text-align: center;\"><span class=\"barva-modra\" style=\"font-size: 10pt;\">Te\u017eina ure\u0111aja za zagrevanje vazduha<\/span><\/td>\n<\/tr>\n<tr>\n<td style=\"text-align: center;\"><span class=\"barva-modra\" style=\"font-size: 10pt;\">1 900 x 1 130 x 2 885 mm<\/span><\/td>\n<td style=\"text-align: center;\"><span class=\"barva-modra\" style=\"font-size: 10pt;\">\u00a0<\/span><\/td>\n<td style=\"text-align: center;\"><span class=\"barva-modra\" style=\"font-size: 10pt;\">815 kg \/ 920 kg<\/span><\/td>\n<\/tr>\n<\/tbody>\n<\/table>\n<h2>\u00a0<\/h2>\n<table class=\" tabulka\">\n<tbody>\n<tr>\n<td class=\"extra-tmava-bunka\" style=\"width: 313.26px;\"><span style=\"font-size: 10pt;\">Toplotni i tehni\u010dki parametari <\/span><\/td>\n<td class=\"extra-tmava-bunka\" style=\"width: 60.74px; text-align: center;\"><span style=\"font-size: 10pt;\">Jedinica<\/span><\/td>\n<td class=\"extra-tmava-bunka\" style=\"width: 175.38px; text-align: center;\"><span style=\"font-size: 10pt;\">AirFlov 30 kW<\/span><\/td>\n<td class=\"extra-tmava-bunka\" style=\"width: 175.38px; text-align: center;\"><span style=\"font-size: 10pt;\">AirFlov 50 kW<\/span><\/td>\n<\/tr>\n<tr>\n<td style=\"width: 313.26px;\"><span style=\"font-size: 10pt;\">Nominalna snaga\u00a0\u00a0\u00a0\u00a0\u00a0\u00a0\u00a0\u00a0\u00a0\u00a0\u00a0\u00a0\u00a0\u00a0<\/span><\/td>\n<td style=\"width: 60.74px; text-align: center;\"><span style=\"font-size: 10pt;\">kW<\/span><\/td>\n<td style=\"width: 175.38px; text-align: center;\"><span style=\"font-size: 10pt;\">29<\/span><\/td>\n<td style=\"width: 175.38px; text-align: center;\"><span style=\"font-size: 10pt;\">49,5<\/span><\/td>\n<\/tr>\n<tr>\n<td style=\"width: 313.26px;\"><span style=\"font-size: 10pt;\">Izlazni opseg <\/span><\/td>\n<td style=\"width: 60.74px; text-align: center;\"><span style=\"font-size: 10pt;\">kW<\/span><\/td>\n<td style=\"width: 175.38px; text-align: center;\"><span style=\"font-size: 10pt;\">8,6 &#8211; 29<\/span><\/td>\n<td style=\"width: 175.38px; text-align: center;\"><span style=\"font-size: 10pt;\">14,6 &#8211; 49,5<\/span><\/td>\n<\/tr>\n<tr>\n<td style=\"width: 313.26px;\"><span style=\"font-size: 10pt;\">Potro\u0161nja goriva <\/span><\/td>\n<td style=\"width: 60.74px; text-align: center;\"><span style=\"font-size: 10pt;\">kg x sati-1<\/span><\/td>\n<td style=\"width: 175.38px; text-align: center;\"><span style=\"font-size: 10pt;\">1,9 &#8211; 6,6<\/span><\/td>\n<td style=\"width: 175.38px; text-align: center;\"><span style=\"font-size: 10pt;\">3,44 &#8211; 11,63<\/span><\/td>\n<\/tr>\n<tr>\n<td style=\"width: 313.26px;\"><span style=\"font-size: 10pt;\">Efikasnost (nomilna snaga)<\/span><\/td>\n<td style=\"width: 60.74px; text-align: center;\"><span style=\"font-size: 10pt;\">%<\/span><\/td>\n<td style=\"width: 175.38px; text-align: center;\"><span style=\"font-size: 10pt;\">90,9<\/span><\/td>\n<td style=\"width: 175.38px; text-align: center;\"><span style=\"font-size: 10pt;\">90,4<\/span><\/td>\n<\/tr>\n<tr>\n<td style=\"width: 313.26px;\"><span style=\"font-size: 10pt;\">Temperatura dimnih gasova (nomilna snaga)\u00a0\u00a0\u00a0\u00a0\u00a0\u00a0\u00a0\u00a0\u00a0\u00a0\u00a0\u00a0\u00a0<\/span><\/td>\n<td style=\"width: 60.74px; text-align: center;\"><span style=\"font-size: 10pt;\">\u00b0C<\/span><\/td>\n<td style=\"width: 175.38px; text-align: center;\"><span style=\"font-size: 10pt;\">94 &#8211; 148<\/span><\/td>\n<td style=\"width: 175.38px; text-align: center;\"><span style=\"font-size: 10pt;\">110 &#8211; 153<\/span><\/td>\n<\/tr>\n<tr>\n<td style=\"width: 313.26px;\"><span style=\"font-size: 10pt;\">Klasa kotla <\/span><\/td>\n<td style=\"width: 60.74px; text-align: center;\"><span style=\"font-size: 10pt;\">\u00a0<\/span><\/td>\n<td style=\"width: 175.38px; text-align: center;\"><span style=\"font-size: 10pt;\">5<\/span><\/td>\n<td style=\"width: 175.38px; text-align: center;\"><span style=\"font-size: 10pt;\">5<\/span><\/td>\n<\/tr>\n<tr>\n<td style=\"width: 313.26px;\"><span style=\"font-size: 10pt;\">Vreme sagorevanja \u00a0min\/ nomilna snaga<\/span><br \/>\n <span style=\"font-size: 10pt;\">(na osnovu spremnika goriva od 250 kg)<\/span><\/td>\n<td style=\"width: 60.74px; text-align: center;\"><span style=\"font-size: 10pt;\">sati<\/span><\/td>\n<td style=\"width: 175.38px; text-align: center;\"><span style=\"font-size: 10pt;\">147 &#8211; 42<\/span><\/td>\n<td style=\"width: 175.38px; text-align: center;\"><span style=\"font-size: 10pt;\">80 &#8211; 24<\/span><\/td>\n<\/tr>\n<tr>\n<td class=\"extra-tmava-bunka\" style=\"width: 757.76px;\" colspan=\"4\"><span style=\"font-size: 10pt;\">Tehni\u010dki parametri<\/span><\/td>\n<\/tr>\n<tr>\n<td style=\"width: 313.26px;\"><span style=\"font-size: 10pt;\">Te\u017eina <\/span><\/td>\n<td style=\"width: 60.74px; text-align: center;\"><span style=\"font-size: 10pt;\">kg<\/span><\/td>\n<td style=\"width: 175.38px; text-align: center;\"><span style=\"font-size: 10pt;\">815<\/span><\/td>\n<td style=\"width: 175.38px; text-align: center;\"><span style=\"font-size: 10pt;\">920<\/span><\/td>\n<\/tr>\n<tr>\n<td style=\"width: 313.26px;\"><span style=\"font-size: 10pt;\">Sadr\u017eaj vode <\/span><\/td>\n<td style=\"width: 60.74px; text-align: center;\"><span style=\"font-size: 10pt;\">litara<\/span><\/td>\n<td style=\"width: 175.38px; text-align: center;\"><span style=\"font-size: 10pt;\">140<\/span><\/td>\n<td style=\"width: 175.38px; text-align: center;\"><span style=\"font-size: 10pt;\">190<\/span><\/td>\n<\/tr>\n<tr>\n<td style=\"width: 313.26px;\"><span style=\"font-size: 10pt;\">Pre\u010dnik dimnjaka <\/span><\/td>\n<td style=\"width: 60.74px; text-align: center;\"><span style=\"font-size: 10pt;\">mm<\/span><\/td>\n<td style=\"width: 175.38px; text-align: center;\"><span style=\"font-size: 10pt;\">150<\/span><\/td>\n<td style=\"width: 175.38px; text-align: center;\"><span style=\"font-size: 10pt;\">160<\/span><\/td>\n<\/tr>\n<tr>\n<td style=\"width: 313.26px;\"><span style=\"font-size: 10pt;\">Dimenzije (\u0161irina x dubina) bez kutije za pepeo\u00a0 <\/span><\/td>\n<td style=\"width: 60.74px; text-align: center;\"><span style=\"font-size: 10pt;\">mm<\/span><\/td>\n<td style=\"width: 175.38px; text-align: center;\"><span style=\"font-size: 10pt;\">1130 x 1900<\/span><\/td>\n<td style=\"width: 175.38px; text-align: center;\"><span style=\"font-size: 10pt;\">1130 x 1900<\/span><\/td>\n<\/tr>\n<tr>\n<td style=\"width: 313.26px;\"><span style=\"font-size: 10pt;\">Maksimalni pritisak vode <\/span><\/td>\n<td style=\"width: 60.74px; text-align: center;\"><span style=\"font-size: 10pt;\">bar<\/span><\/td>\n<td style=\"width: 175.38px; text-align: center;\"><span style=\"font-size: 10pt;\">do\u00a03<\/span><\/td>\n<td style=\"width: 175.38px; text-align: center;\"><span style=\"font-size: 10pt;\">do\u00a03<\/span><\/td>\n<\/tr>\n<tr>\n<td style=\"width: 313.26px;\"><span style=\"font-size: 10pt;\">Potreban protok vazduha u dimnjaku<\/span><\/td>\n<td style=\"width: 60.74px; text-align: center;\"><span style=\"font-size: 10pt;\">mbar<\/span><\/td>\n<td style=\"width: 175.38px; text-align: center;\"><span style=\"font-size: 10pt;\">0,1 &#8211; 0,2<\/span><\/td>\n<td style=\"width: 175.38px; text-align: center;\"><span style=\"font-size: 10pt;\">0,1 &#8211; 0,3<\/span><\/td>\n<\/tr>\n<tr>\n<td style=\"width: 313.26px;\"><span style=\"font-size: 10pt;\">Preporu\u010dena radna temperature<br \/>\n Vode za grejanje<\/span><\/td>\n<td style=\"width: 60.74px; text-align: center;\"><span style=\"font-size: 10pt;\">\u00b0C<\/span><\/td>\n<td style=\"width: 175.38px; text-align: center;\"><span style=\"font-size: 10pt;\">60 &#8211; 80<\/span><\/td>\n<td style=\"width: 175.38px; text-align: center;\"><span style=\"font-size: 10pt;\">60 &#8211; 80<\/span><\/td>\n<\/tr>\n<tr>\n<td style=\"width: 313.26px;\"><span style=\"font-size: 10pt;\">Minimalna temperatura povratne vode<\/span><\/td>\n<td style=\"width: 60.74px; text-align: center;\"><span style=\"font-size: 10pt;\">\u00b0C<\/span><\/td>\n<td style=\"width: 175.38px; text-align: center;\"><span style=\"font-size: 10pt;\">55<\/span><\/td>\n<td style=\"width: 175.38px; text-align: center;\"><span style=\"font-size: 10pt;\">55<\/span><\/td>\n<\/tr>\n<tr>\n<td style=\"width: 313.26px;\"><span style=\"font-size: 10pt;\">Nivo buke <\/span><\/td>\n<td style=\"width: 60.74px; text-align: center;\"><span style=\"font-size: 10pt;\">dB<\/span><\/td>\n<td style=\"width: 175.38px; text-align: center;\"><span style=\"font-size: 10pt;\">57<\/span><\/td>\n<td style=\"width: 175.38px; text-align: center;\"><span style=\"font-size: 10pt;\">57<\/span><\/td>\n<\/tr>\n<tr>\n<td style=\"width: 313.26px;\"><span style=\"font-size: 10pt;\">Izlazna snaga 70\/50 \u00b0C, 10 \u00b0C<\/span><\/td>\n<td style=\"width: 60.74px; text-align: center;\"><span style=\"font-size: 10pt;\">kW<\/span><\/td>\n<td style=\"width: 175.38px; text-align: center;\"><span style=\"font-size: 10pt;\">32,48<\/span><\/td>\n<td style=\"width: 175.38px; text-align: center;\"><span style=\"font-size: 10pt;\">53,91<\/span><\/td>\n<\/tr>\n<tr>\n<td style=\"width: 313.26px;\"><span style=\"font-size: 10pt;\">Opseg cirkulacije vazduha na otvorenom prostoru <\/span><\/td>\n<td style=\"width: 60.74px; text-align: center;\"><span style=\"font-size: 10pt;\">m<\/span><\/td>\n<td style=\"width: 175.38px; text-align: center;\"><span style=\"font-size: 10pt;\">22,5<\/span><\/td>\n<td style=\"width: 175.38px; text-align: center;\"><span style=\"font-size: 10pt;\">17,5<\/span><\/td>\n<\/tr>\n<tr>\n<td style=\"width: 313.26px;\"><span style=\"font-size: 10pt;\">Srednji nivo zvu\u010dnog pritiska <\/span><\/td>\n<td style=\"width: 60.74px; text-align: center;\"><span style=\"font-size: 10pt;\">dB<\/span><\/td>\n<td style=\"width: 175.38px; text-align: center;\"><span style=\"font-size: 10pt;\">64,5<\/span><\/td>\n<td style=\"width: 175.38px; text-align: center;\"><span style=\"font-size: 10pt;\">67,2<\/span><\/td>\n<\/tr>\n<tr>\n<td class=\"extra-tmava-bunka\" style=\"width: 757.76px;\" colspan=\"4\"><span style=\"font-size: 10pt;\">Elektri\u010dni parametri proizvoda <\/span><\/td>\n<\/tr>\n<tr>\n<td style=\"width: 313.26px;\"><span style=\"font-size: 10pt;\">Priklju\u010dni napon\u00a0\u00a0\u00a0\u00a0\u00a0\u00a0\u00a0\u00a0\u00a0\u00a0\u00a0 <\/span><\/td>\n<td style=\"width: 60.74px; text-align: center;\"><span style=\"font-size: 10pt;\">\u00a0<\/span><\/td>\n<td style=\"width: 175.38px; text-align: center;\"><span style=\"font-size: 10pt;\">230 VAC \u00b110%, 50 Hz \u00b1 2 Hz<\/span><\/td>\n<td style=\"width: 175.38px; text-align: center;\"><span style=\"font-size: 10pt;\">230 VAC \u00b110%, 50 Hz \u00b1 2 Hz<\/span><\/td>\n<\/tr>\n<tr>\n<td style=\"width: 313.26px;\"><span style=\"font-size: 10pt;\">Maksimalni elektri\u010dni ulaz &#8211; paljenje <\/span><\/td>\n<td style=\"width: 60.74px; text-align: center;\"><span style=\"font-size: 10pt;\">V<\/span><\/td>\n<td style=\"width: 175.38px; text-align: center;\"><span style=\"font-size: 10pt;\">1200<\/span><\/td>\n<td style=\"width: 175.38px; text-align: center;\"><span style=\"font-size: 10pt;\">1200<\/span><\/td>\n<\/tr>\n<tr>\n<td style=\"width: 313.26px;\"><span style=\"font-size: 10pt;\">Elektri\u010dna za\u0161tita upravlja\u010dke jedinice <\/span><\/td>\n<td style=\"width: 60.74px; text-align: center;\"><span style=\"font-size: 10pt;\">\u00a0<\/span><\/td>\n<td style=\"width: 175.38px; text-align: center;\"><span style=\"font-size: 10pt;\">IP54<\/span><\/td>\n<td style=\"width: 175.38px; text-align: center;\"><span style=\"font-size: 10pt;\">IP54<\/span><\/td>\n<\/tr>\n<tr>\n<td style=\"width: 313.26px;\"><span style=\"font-size: 10pt;\">Elektri\u010dna za\u0161tita kablova kotla <\/span><\/td>\n<td style=\"width: 60.74px; text-align: center;\"><span style=\"font-size: 10pt;\">\u00a0<\/span><\/td>\n<td style=\"width: 175.38px; text-align: center;\"><span style=\"font-size: 10pt;\">IP20<\/span><\/td>\n<td style=\"width: 175.38px; text-align: center;\"><span style=\"font-size: 10pt;\">IP20<\/span><\/td>\n<\/tr>\n<tr>\n<td class=\"extra-tmava-bunka\" style=\"width: 757.76px;\" colspan=\"4\"><span style=\"font-size: 10pt;\">Parametri goriva <\/span><\/td>\n<\/tr>\n<tr>\n<td style=\"width: 313.26px;\"><span style=\"font-size: 10pt;\">Pre\u010dnik drvenih peleta<\/span><\/td>\n<td style=\"width: 60.74px; text-align: center;\"><span style=\"font-size: 10pt;\">mm<\/span><\/td>\n<td style=\"width: 175.38px; text-align: center;\"><span style=\"font-size: 10pt;\">6,0 &#8211; 8,5<\/span><\/td>\n<td style=\"width: 175.38px; text-align: center;\"><span style=\"font-size: 10pt;\">6,0 &#8211; 8,5<\/span><\/td>\n<\/tr>\n<tr>\n<td style=\"width: 313.26px;\"><span style=\"font-size: 10pt;\">Kalorijska vrednost<\/span><\/td>\n<td style=\"width: 60.74px; text-align: center;\"><span style=\"font-size: 10pt;\">MJ\/kg<\/span><\/td>\n<td style=\"width: 175.38px; text-align: center;\"><span style=\"font-size: 10pt;\">pribli\u017eno 16 &#8211; 18<\/span><\/td>\n<td style=\"width: 175.38px; text-align: center;\"><span style=\"font-size: 10pt;\">pribli\u017eno 16 &#8211; 18<\/span><\/td>\n<\/tr>\n<tr>\n<td style=\"width: 313.26px;\"><span style=\"font-size: 10pt;\">Sadr\u017eaj vode<\/span><\/td>\n<td style=\"width: 60.74px; text-align: center;\"><span style=\"font-size: 10pt;\">\u00a0<\/span><\/td>\n<td style=\"width: 175.38px; text-align: center;\"><span style=\"font-size: 10pt;\">do\u00a010%<\/span><\/td>\n<td style=\"width: 175.38px; text-align: center;\"><span style=\"font-size: 10pt;\">do\u00a010%<\/span><\/td>\n<\/tr>\n<tr>\n<td style=\"width: 313.26px;\"><span style=\"font-size: 10pt;\">Sadr\u017eaj pepela<\/span><\/td>\n<td style=\"width: 60.74px; text-align: center;\"><span style=\"font-size: 10pt;\">\u00a0<\/span><\/td>\n<td style=\"width: 175.38px; text-align: center;\"><span style=\"font-size: 10pt;\">do\u00a01% (0,8 &#8211; 1,0%)<\/span><\/td>\n<td style=\"width: 175.38px; text-align: center;\"><span style=\"font-size: 10pt;\">do\u00a01% (0,8 &#8211; 1,0%)<\/span><\/td>\n<\/tr>\n<\/tbody>\n<\/table>\n<p>&nbsp;<\/p>\n<h2>Foto galerija:<\/h2>\nngg_shortcode_0_placeholder\n","protected":false},"excerpt":{"rendered":"<p>\u00a0 \u00a0 &nbsp; &nbsp; &nbsp; \u00a0\u00a0\u00a0 \u00a0 \u2022 \u010celi\u010dna nose\u0107a paleta i pokrivaju\u0107a struktura \u2022 Automatski kotao na drveni pelet sa automatskim \u010di\u0161c\u0301enjem i otpepeljavanjem \u2022 Efikasnost &gt; 90 % \u2022 Pode\u0161avanja izlazne snage 30-100 % \u2022 400 L spremnik goriva \u2022 Elektronski kontrolisana izduvna jedinica za topao vazduh sa pokretom od 0-270 \u00b0 \u2022 [&hellip;]<\/p>\n","protected":false},"author":2,"featured_media":0,"parent":0,"menu_order":0,"comment_status":"closed","ping_status":"closed","template":"page-h1.php","meta":{"ngg_post_thumbnail":0,"footnotes":""},"class_list":["post-11144","page","type-page","status-publish","hentry"],"_links":{"self":[{"href":"https:\/\/www.smartheating.cz\/sr\/wp-json\/wp\/v2\/pages\/11144","targetHints":{"allow":["GET"]}}],"collection":[{"href":"https:\/\/www.smartheating.cz\/sr\/wp-json\/wp\/v2\/pages"}],"about":[{"href":"https:\/\/www.smartheating.cz\/sr\/wp-json\/wp\/v2\/types\/page"}],"author":[{"embeddable":true,"href":"https:\/\/www.smartheating.cz\/sr\/wp-json\/wp\/v2\/users\/2"}],"replies":[{"embeddable":true,"href":"https:\/\/www.smartheating.cz\/sr\/wp-json\/wp\/v2\/comments?post=11144"}],"version-history":[{"count":0,"href":"https:\/\/www.smartheating.cz\/sr\/wp-json\/wp\/v2\/pages\/11144\/revisions"}],"wp:attachment":[{"href":"https:\/\/www.smartheating.cz\/sr\/wp-json\/wp\/v2\/media?parent=11144"}],"curies":[{"name":"wp","href":"https:\/\/api.w.org\/{rel}","templated":true}]}}