{"id":28879,"date":"2017-10-23T15:26:09","date_gmt":"2017-10-23T14:26:09","guid":{"rendered":"http:\/\/www.smartheating.cz\/airflowunit\/"},"modified":"2018-01-23T13:46:00","modified_gmt":"2018-01-23T12:46:00","slug":"airflowunit","status":"publish","type":"page","link":"https:\/\/www.smartheating.cz\/ru\/airflowunit\/","title":{"rendered":"Smart Airflow Unit"},"content":{"rendered":"<h1 class=\"title\"><strong>\u0411\u043b\u043e\u043a \u0432\u043e\u0437\u0434\u0443\u0448\u043d\u043e\u0433\u043e \u043f\u043e\u0442\u043e\u043a\u0430 Smart<br \/>\n &nbsp;<\/strong><\/h1>\n<p class=\"subtitle\">&nbsp;<\/p>\n<p>&nbsp;<\/p>\n<p>&nbsp;<\/p>\n<p>&nbsp;<\/p>\n<p><span class=\"barva-modra\">&nbsp;<\/span>&nbsp;&nbsp;<\/p>\n<p>&nbsp;<\/p>\n<p>&nbsp;<span class=\"obrazek-pod-textem\"><img loading=\"lazy\" decoding=\"async\" class=\"alignnone wp-image-32772 size-full\" src=\"http:\/\/www.smartheating.cz\/wp-content\/uploads\/2017\/10\/airflow_ru2.png\" alt=\"\" width=\"1021\" height=\"522\" srcset=\"https:\/\/www.smartheating.cz\/wp-content\/uploads\/2017\/10\/airflow_ru2.png 1021w, https:\/\/www.smartheating.cz\/wp-content\/uploads\/2017\/10\/airflow_ru2-300x153.png 300w, https:\/\/www.smartheating.cz\/wp-content\/uploads\/2017\/10\/airflow_ru2-768x393.png 768w, https:\/\/www.smartheating.cz\/wp-content\/uploads\/2017\/10\/airflow_ru2-600x307.png 600w\" sizes=\"auto, (max-width: 1021px) 100vw, 1021px\" \/><\/span><\/p>\n<p><span class=\"barva-modra\">\u2022 Palete de suporte com estrutura em a\u00e7o \u2022 Caldeiras autom\u00e1ticas a pellets com sistema autom\u00e1tico de limpeza \u2022 Rendimento &gt;90% \u2022 Modula\u00e7\u00e3o de pot\u00eancia de 30-100% \u2022 Reservat\u00f3rio para combust\u00edvel de 400 l \u2022 Ventilador de ar quente com controlo eletr\u00f3nico e movimento de 0-270\u00ba \u2022 Fornecimento completo da conduta de fumos \u2022 Fornecimento completo da parte hidr\u00e1ulica \u2022 Display especial de funcionamento \u2022 Controlo por telem\u00f3vel \u2022 Controlo por Internet <\/span><\/p>\n<h2 dir=\"LTR\" align=\"LEFT\">&nbsp;<\/h2>\n<h2 dir=\"LTR\" align=\"LEFT\">Forma de fornecimento do Gerador de Ar Quente SMART:<\/h2>\n<p><span class=\"barva-cervena\"><strong>\u2022&nbsp;<\/strong><\/span><span class=\"barva-modra\">Estrutura de suporte compacta, em a\u00e7o, para um posicionamento mais f\u00e1cil<\/span><br \/>\n <span class=\"barva-cervena\"><strong>\u2022&nbsp;<\/strong><\/span><span class=\"barva-modra\">Caldeira a pellets Smart 30\/50\/80 kW<\/span><br \/>\n <span class=\"barva-cervena\"><strong>\u2022&nbsp;<\/strong><\/span><span class=\"barva-modra\">Reservat\u00f3rio de combust\u00edvel com capacidade para 250 kg incluindo sistema de alimenta\u00e7\u00e3o<\/span><br \/>\n <span class=\"barva-cervena\"><strong>\u2022&nbsp;<\/strong><\/span><span class=\"barva-modra\">2000 mm de chamin\u00e9 de parede dupla<\/span><br \/>\n <span class=\"barva-cervena\"><strong>\u2022&nbsp;<\/strong><\/span><span class=\"barva-modra\">Ventilador de ar quente com movimento de 0-270\u00ba<\/span><br \/>\n <span class=\"barva-cervena\"><strong>\u2022&nbsp;<\/strong><\/span><span class=\"barva-modra\">Bomba de circula\u00e7\u00e3o<\/span><br \/>\n <span class=\"barva-cervena\"><strong>\u2022&nbsp;<\/strong><\/span><span class=\"barva-modra\">V\u00e1lvula de drenagem<\/span><br \/>\n <span class=\"barva-cervena\"><strong>\u2022&nbsp;<\/strong><\/span><span class=\"barva-modra\">Controlo de press\u00e3o<\/span><br \/>\n <span class=\"barva-cervena\"><strong>\u2022&nbsp;<\/strong><\/span><span class=\"barva-modra\">Vaso de expans\u00e3o<\/span><br \/>\n <span class=\"barva-cervena\"><strong>\u2022&nbsp;<\/strong><\/span><span class=\"barva-modra\">V\u00e1lvula de seguran\u00e7a<\/span> <br \/>\n <span class=\"barva-cervena\"><strong>\u2022&nbsp;<\/strong><\/span><span class=\"barva-modra\">Tiragem com controlo autom\u00e1tico<\/span><br \/>\n <span class=\"barva-cervena\"><strong>\u2022&nbsp;<\/strong><\/span><span class=\"barva-modra\">Contador de entalpia opcional<\/span><\/p>\n<h2>\n Display de visualiza\u00e7\u00e3o:<\/h2>\n<table>\n<tbody>\n<tr>\n<td><img loading=\"lazy\" decoding=\"async\" class=\"alignnone wp-image-4006\" src=\"http:\/\/www.smartheating.cz\/wp-content\/uploads\/2014\/11\/displej2.jpg\" width=\"250\" height=\"187\" srcset=\"https:\/\/www.smartheating.cz\/wp-content\/uploads\/2014\/11\/displej2.jpg 635w, https:\/\/www.smartheating.cz\/wp-content\/uploads\/2014\/11\/displej2-300x224.jpg 300w, https:\/\/www.smartheating.cz\/wp-content\/uploads\/2014\/11\/displej2-600x449.jpg 600w\" sizes=\"auto, (max-width: 250px) 100vw, 250px\" \/>&nbsp;<\/td>\n<td>&nbsp;<\/td>\n<td><img loading=\"lazy\" decoding=\"async\" class=\"alignnone wp-image-4007\" src=\"http:\/\/www.smartheating.cz\/wp-content\/uploads\/2014\/11\/displej4.jpg\" width=\"250\" height=\"187\" srcset=\"https:\/\/www.smartheating.cz\/wp-content\/uploads\/2014\/11\/displej4.jpg 638w, https:\/\/www.smartheating.cz\/wp-content\/uploads\/2014\/11\/displej4-300x224.jpg 300w, https:\/\/www.smartheating.cz\/wp-content\/uploads\/2014\/11\/displej4-600x449.jpg 600w\" sizes=\"auto, (max-width: 250px) 100vw, 250px\" \/>&nbsp;<\/td>\n<\/tr>\n<\/tbody>\n<\/table>\n<h2>&nbsp;<\/h2>\n<h2>Caracter\u00edsticas t\u00e9cnicas da Caldeira a Pellets Smart 30\/50\/80 kW:<\/h2>\n<p><span class=\"barva-modra\"><span class=\"barva-cervena\"><strong>\u2022<\/strong> <\/span>Constru\u00e7\u00e3o em chapa de a\u00e7o de elevada qualidade<\/span><br \/>\n <span class=\"barva-modra\"><span class=\"barva-cervena\"><strong>\u2022<\/strong> <\/span>M\u00faltiplas op\u00e7\u00f5es de alimenta\u00e7\u00e3o: parafuso sem-fim, pneum\u00e1tico ou manual<\/span><br \/>\n <span class=\"barva-modra\"><span class=\"barva-cervena\"><strong>\u2022<\/strong> <\/span>Unidade de controlo avan\u00e7ado para funcionamento autom\u00e1tico<\/span><br \/>\n <span class=\"barva-modra\"><span class=\"barva-cervena\"><strong>\u2022<\/strong> <\/span>Elevado rendimento \u2013 superior a 90%<\/span><br \/>\n <span class=\"barva-modra\"><span class=\"barva-cervena\"><strong>\u2022<\/strong> <\/span>Modula\u00e7\u00e3o de pot\u00eancia de 30 &#8212; 100% em fun\u00e7\u00e3o das necessidades de aquecimento<\/span><br \/>\n <span class=\"barva-modra\"><span class=\"barva-cervena\"><strong>\u2022<\/strong> <\/span>Queimador em ferro fundido <\/span><br \/>\n <span class=\"barva-modra\"><span class=\"barva-cervena\"><strong>\u2022<\/strong> <\/span>Acendimento autom\u00e1tico<\/span><br \/>\n <span class=\"barva-modra\"><span class=\"barva-cervena\"><strong>\u2022<\/strong> <\/span>Permutador de calor com auto-limpeza<\/span><br \/>\n <span class=\"barva-modra\"><span class=\"barva-cervena\"><strong>\u2022<\/strong> <\/span>Term\u00f3stato de seguran\u00e7a com corte autom\u00e1tico<\/span><br \/>\n <span class=\"barva-modra\"><span class=\"barva-cervena\"><strong>\u2022<\/strong> <\/span>Sistema autom\u00e1tico de limpeza das cinzas com reservat\u00f3rio<\/span><br \/>\n <span class=\"barva-modra\"><span class=\"barva-cervena\"><strong>\u2022<\/strong> <\/span>Controlo remoto via Internet ou GSM<\/span><br \/>\n <span class=\"barva-modra\"><span class=\"barva-cervena\"><strong>\u2022<\/strong> <\/span>Ventilador de exaust\u00e3o integrado&nbsp;&#8212; Opcional<\/span><\/p>\n<h2>&nbsp;<\/h2>\n<h2>Espa\u00e7o necess\u00e1rio para instala\u00e7\u00e3o:<\/h2>\n<table>\n<tbody>\n<tr>\n<td>&nbsp; <img loading=\"lazy\" decoding=\"async\" class=\"alignnone wp-image-4010\" src=\"http:\/\/www.smartheating.cz\/wp-content\/uploads\/2014\/11\/rozmerove_schema.png\" width=\"183\" height=\"300\"><\/td>\n<td>&nbsp;<\/td>\n<td>&nbsp;<img loading=\"lazy\" decoding=\"async\" class=\"alignnone wp-image-4011\" src=\"http:\/\/www.smartheating.cz\/wp-content\/uploads\/2014\/11\/servisni_zony.png\" width=\"268\" height=\"300\" srcset=\"https:\/\/www.smartheating.cz\/wp-content\/uploads\/2014\/11\/servisni_zony.png 675w, https:\/\/www.smartheating.cz\/wp-content\/uploads\/2014\/11\/servisni_zony-267x300.png 267w, https:\/\/www.smartheating.cz\/wp-content\/uploads\/2014\/11\/servisni_zony-600x672.png 600w\" sizes=\"auto, (max-width: 268px) 100vw, 268px\" \/><\/td>\n<\/tr>\n<tr>\n<td style=\"text-align: center;\"><span class=\"barva-modra\" style=\"font-size: 10pt;\">Dimens\u00f5es do Gerador de Ar Quente<\/span><\/td>\n<td style=\"text-align: center;\"><span class=\"barva-modra\" style=\"font-size: 10pt;\">&nbsp;<\/span><\/td>\n<td style=\"text-align: center;\"><span class=\"barva-modra\" style=\"font-size: 10pt;\">Peso do Gerador de Ar Quente<\/span><\/td>\n<\/tr>\n<tr>\n<td style=\"text-align: center;\"><span class=\"barva-modra\" style=\"font-size: 10pt;\">1 900 x 1 130 x 2 885 mm<\/span><\/td>\n<td style=\"text-align: center;\"><span class=\"barva-modra\" style=\"font-size: 10pt;\">&nbsp;<\/span><\/td>\n<td style=\"text-align: center;\"><span class=\"barva-modra\" style=\"font-size: 10pt;\">815 kg \/ 920 kg<\/span><\/td>\n<\/tr>\n<\/tbody>\n<\/table>\n<h2>&nbsp;<\/h2>\n<p>&nbsp;<\/p>\n<table class=\" tabulka\">\n<tbody>\n<tr>\n<td class=\"extra-tmava-bunka\"><span style=\"font-size: 10pt;\">Caracter\u00edsticas t\u00e9cnicas<\/span><\/td>\n<td class=\"extra-tmava-bunka\" style=\"text-align: center;\"><span style=\"font-size: 10pt;\">Unidade<\/span><\/td>\n<td class=\"extra-tmava-bunka\" style=\"text-align: center;\"><span style=\"font-size: 10pt;\">Gerador de ar Quente 30 kW<\/span><\/td>\n<td class=\"extra-tmava-bunka\" style=\"text-align: center;\"><span style=\"font-size: 10pt;\">Gerador de ar Quente 50 kW<\/span><\/td>\n<\/tr>\n<tr>\n<td><span style=\"font-size: 10pt;\">Pot\u00eancia de sa\u00edda<\/span><\/td>\n<td style=\"text-align: center;\"><span style=\"font-size: 10pt;\">kW<\/span><\/td>\n<td style=\"text-align: center;\"><span style=\"font-size: 10pt;\">29<\/span><\/td>\n<td style=\"text-align: center;\"><span style=\"font-size: 10pt;\">49,5<\/span><\/td>\n<\/tr>\n<tr>\n<td><span style=\"font-size: 10pt;\">Intervalo de Pot\u00eancia<\/span><\/td>\n<td style=\"text-align: center;\"><span style=\"font-size: 10pt;\">kW<\/span><\/td>\n<td style=\"text-align: center;\"><span style=\"font-size: 10pt;\">8,6 &#8212; 29<\/span><\/td>\n<td style=\"text-align: center;\"><span style=\"font-size: 10pt;\">14,6 &#8212; 49,5<\/span><\/td>\n<\/tr>\n<tr>\n<td><span style=\"font-size: 10pt;\">Consumo de combust\u00edvel<\/span><\/td>\n<td style=\"text-align: center;\"><span style=\"font-size: 10pt;\">kg\/h<\/span><\/td>\n<td style=\"text-align: center;\"><span style=\"font-size: 10pt;\">1,9 &#8212; 6,6<\/span><\/td>\n<td style=\"text-align: center;\"><span style=\"font-size: 10pt;\">3,44 &#8212; 11,63<\/span><\/td>\n<\/tr>\n<tr>\n<td><span style=\"font-size: 10pt;\">Rendimento<\/span><\/td>\n<td style=\"text-align: center;\"><span style=\"font-size: 10pt;\">%<\/span><\/td>\n<td style=\"text-align: center;\"><span style=\"font-size: 10pt;\">90,9<\/span><\/td>\n<td style=\"text-align: center;\"><span style=\"font-size: 10pt;\">90,4<\/span><\/td>\n<\/tr>\n<tr>\n<td><span style=\"font-size: 10pt;\">Temperatura dos gases de combust\u00e3o<\/span><\/td>\n<td style=\"text-align: center;\"><span style=\"font-size: 10pt;\">\u00b0C<\/span><\/td>\n<td style=\"text-align: center;\"><span style=\"font-size: 10pt;\">94 &#8212; 148<\/span><\/td>\n<td style=\"text-align: center;\"><span style=\"font-size: 10pt;\">110 &#8212; 153<\/span><\/td>\n<\/tr>\n<tr>\n<td><span style=\"font-size: 10pt;\">Classe da caldeira<\/span><\/td>\n<td style=\"text-align: center;\"><span style=\"font-size: 10pt;\">&nbsp;<\/span><\/td>\n<td style=\"text-align: center;\"><span style=\"font-size: 10pt;\">5<\/span><\/td>\n<td style=\"text-align: center;\"><span style=\"font-size: 10pt;\">5<\/span><\/td>\n<\/tr>\n<tr>\n<td><span style=\"font-size: 10pt;\">Autonomia (para um carregamento<\/span><br \/>\n <span style=\"font-size: 10pt;\"> de 250 kg de combust\u00edvel)<\/span><\/td>\n<td style=\"text-align: center;\"><span style=\"font-size: 10pt;\">Horas<\/span><\/td>\n<td style=\"text-align: center;\"><span style=\"font-size: 10pt;\">147 &#8212; 42<\/span><\/td>\n<td style=\"text-align: center;\"><span style=\"font-size: 10pt;\">80 &#8212; 24<\/span><\/td>\n<\/tr>\n<tr>\n<td class=\"extra-tmava-bunka\" style=\"text-align: center;\" colspan=\"4\"><span style=\"font-size: 10pt;\">Outras Caracter\u00edsticas<\/span><\/td>\n<\/tr>\n<tr>\n<td><span style=\"font-size: 10pt;\">Peso<\/span><\/td>\n<td style=\"text-align: center;\"><span style=\"font-size: 10pt;\">kg<\/span><\/td>\n<td style=\"text-align: center;\"><span style=\"font-size: 10pt;\">815<\/span><\/td>\n<td style=\"text-align: center;\"><span style=\"font-size: 10pt;\">920<\/span><\/td>\n<\/tr>\n<tr>\n<td><span style=\"font-size: 10pt;\">Volume de \u00e1gua<\/span><\/td>\n<td style=\"text-align: center;\"><span style=\"font-size: 10pt;\">Litros<\/span><\/td>\n<td style=\"text-align: center;\"><span style=\"font-size: 10pt;\">140<\/span><\/td>\n<td style=\"text-align: center;\"><span style=\"font-size: 10pt;\">190<\/span><\/td>\n<\/tr>\n<tr>\n<td><span style=\"font-size: 10pt;\">Di\u00e2metro da sa\u00edda dos gases<\/span><\/td>\n<td style=\"text-align: center;\"><span style=\"font-size: 10pt;\">mm<\/span><\/td>\n<td style=\"text-align: center;\"><span style=\"font-size: 10pt;\">150<\/span><\/td>\n<td style=\"text-align: center;\"><span style=\"font-size: 10pt;\">160<\/span><\/td>\n<\/tr>\n<tr>\n<td><span style=\"font-size: 10pt;\">Dimens\u00f5es (larg.xprof.) sem<\/span><br \/>\n <span style=\"font-size: 10pt;\"> reservat\u00f3rio de cinzas<\/span><\/td>\n<td style=\"text-align: center;\"><span style=\"font-size: 10pt;\">mm<\/span><\/td>\n<td style=\"text-align: center;\"><span style=\"font-size: 10pt;\">1130 x 1900<\/span><\/td>\n<td style=\"text-align: center;\"><span style=\"font-size: 10pt;\">1130 x 1900<\/span><\/td>\n<\/tr>\n<tr>\n<td><span style=\"font-size: 10pt;\">Press\u00e3o m\u00e1xima (\u00e1gua)<\/span><\/td>\n<td style=\"text-align: center;\"><span style=\"font-size: 10pt;\">bar<\/span><\/td>\n<td style=\"text-align: center;\"><span style=\"font-size: 10pt;\">At\u00e9 3<\/span><\/td>\n<td style=\"text-align: center;\"><span style=\"font-size: 10pt;\">At\u00e9 3<\/span><\/td>\n<\/tr>\n<tr>\n<td><span style=\"font-size: 10pt;\">Tiragem necess\u00e1ria<\/span><\/td>\n<td style=\"text-align: center;\"><span style=\"font-size: 10pt;\">mbar<\/span><\/td>\n<td style=\"text-align: center;\"><span style=\"font-size: 10pt;\">0,1 &#8212; 0,2<\/span><\/td>\n<td style=\"text-align: center;\"><span style=\"font-size: 10pt;\">0,1 &#8212; 0,3<\/span><\/td>\n<\/tr>\n<tr>\n<td><span style=\"font-size: 10pt;\">Temperatura da \u00e1gua (recomendada)<\/span><\/td>\n<td style=\"text-align: center;\"><span style=\"font-size: 10pt;\">\u00b0C<\/span><\/td>\n<td style=\"text-align: center;\"><span style=\"font-size: 10pt;\">60 &#8212; 80<\/span><\/td>\n<td style=\"text-align: center;\"><span style=\"font-size: 10pt;\">60 &#8212; 80<\/span><\/td>\n<\/tr>\n<tr>\n<td><span style=\"font-size: 10pt;\">Temperatura de retorno da \u00e1gua<\/span><\/td>\n<td style=\"text-align: center;\"><span style=\"font-size: 10pt;\">\u00b0C<\/span><\/td>\n<td style=\"text-align: center;\"><span style=\"font-size: 10pt;\">55<\/span><\/td>\n<td style=\"text-align: center;\"><span style=\"font-size: 10pt;\">55<\/span><\/td>\n<\/tr>\n<tr>\n<td><span style=\"font-size: 10pt;\">N\u00edvel de ruido<\/span><\/td>\n<td style=\"text-align: center;\"><span style=\"font-size: 10pt;\">dB<\/span><\/td>\n<td style=\"text-align: center;\"><span style=\"font-size: 10pt;\">57<\/span><\/td>\n<td style=\"text-align: center;\"><span style=\"font-size: 10pt;\">57<\/span><\/td>\n<\/tr>\n<tr>\n<td><span style=\"font-size: 10pt;\">Pot\u00eancia de sa\u00edda 70\/50 \u00b0C, 10 \u00b0C<\/span><\/td>\n<td style=\"text-align: center;\"><span style=\"font-size: 10pt;\">kW<\/span><\/td>\n<td style=\"text-align: center;\"><span style=\"font-size: 10pt;\">32,48<\/span><\/td>\n<td style=\"text-align: center;\"><span style=\"font-size: 10pt;\">53,91<\/span><\/td>\n<\/tr>\n<tr>\n<td><span style=\"font-size: 10pt;\">Circula\u00e7\u00e3o de ar em espa\u00e7o aberto<\/span><\/td>\n<td style=\"text-align: center;\"><span style=\"font-size: 10pt;\">m<\/span><\/td>\n<td style=\"text-align: center;\"><span style=\"font-size: 10pt;\">22,5<\/span><\/td>\n<td style=\"text-align: center;\"><span style=\"font-size: 10pt;\">17,5<\/span><\/td>\n<\/tr>\n<tr>\n<td><span style=\"font-size: 10pt;\">N\u00edvel m\u00e9dio de press\u00e3o sonora<\/span><\/td>\n<td style=\"text-align: center;\"><span style=\"font-size: 10pt;\">dB<\/span><\/td>\n<td style=\"text-align: center;\"><span style=\"font-size: 10pt;\">64,5<\/span><\/td>\n<td style=\"text-align: center;\"><span style=\"font-size: 10pt;\">67,2<\/span><\/td>\n<\/tr>\n<tr>\n<td class=\"extra-tmava-bunka\" style=\"text-align: center;\" colspan=\"4\"><span style=\"font-size: 10pt;\">Par\u00e2metros el\u00e9tricos<\/span><\/td>\n<\/tr>\n<tr>\n<td><span style=\"font-size: 10pt;\">Alimenta\u00e7\u00e3o<\/span><\/td>\n<td style=\"text-align: center;\"><span style=\"font-size: 10pt;\">&nbsp;<\/span><\/td>\n<td style=\"text-align: center;\"><span style=\"font-size: 10pt;\">230 VAC \u00b110%, 50 Hz \u00b1 2 Hz<\/span><\/td>\n<td style=\"text-align: center;\"><span style=\"font-size: 10pt;\">230 VAC \u00b110%, 50 Hz \u00b1 2 Hz<\/span><\/td>\n<\/tr>\n<tr>\n<td><span style=\"font-size: 10pt;\">Tens\u00e3o m\u00e1xima (acendimento)<\/span><\/td>\n<td style=\"text-align: center;\"><span style=\"font-size: 10pt;\">V<\/span><\/td>\n<td style=\"text-align: center;\"><span style=\"font-size: 10pt;\">1200<\/span><\/td>\n<td style=\"text-align: center;\"><span style=\"font-size: 10pt;\">1200<\/span><\/td>\n<\/tr>\n<tr>\n<td><span style=\"font-size: 10pt;\">Prote\u00e7\u00e3o el\u00e9ctrica da unidade de controlo<\/span><\/td>\n<td style=\"text-align: center;\"><span style=\"font-size: 10pt;\">&nbsp;<\/span><\/td>\n<td style=\"text-align: center;\"><span style=\"font-size: 10pt;\">IP54<\/span><\/td>\n<td style=\"text-align: center;\"><span style=\"font-size: 10pt;\">IP54<\/span><\/td>\n<\/tr>\n<tr>\n<td><span style=\"font-size: 10pt;\">Prote\u00e7\u00e3o el\u00e9ctrica da cablagem<\/span><\/td>\n<td style=\"text-align: center;\"><span style=\"font-size: 10pt;\">&nbsp;<\/span><\/td>\n<td style=\"text-align: center;\"><span style=\"font-size: 10pt;\">IP20<\/span><\/td>\n<td style=\"text-align: center;\"><span style=\"font-size: 10pt;\">IP20<\/span><\/td>\n<\/tr>\n<tr>\n<td class=\"extra-tmava-bunka\" style=\"text-align: center;\" colspan=\"4\"><span style=\"font-size: 10pt;\">Par\u00e2metros do combust\u00edvel<\/span><\/td>\n<\/tr>\n<tr>\n<td><span style=\"font-size: 10pt;\">Di\u00e2metro dos pellets<\/span><\/td>\n<td style=\"text-align: center;\"><span style=\"font-size: 10pt;\">mm<\/span><\/td>\n<td style=\"text-align: center;\"><span style=\"font-size: 10pt;\">6,0 &#8212; 8,5<\/span><\/td>\n<td style=\"text-align: center;\"><span style=\"font-size: 10pt;\">6,0 &#8212; 8,5<\/span><\/td>\n<\/tr>\n<tr>\n<td><span style=\"font-size: 10pt;\">Poder calor\u00edfico<\/span><\/td>\n<td style=\"text-align: center;\"><span style=\"font-size: 10pt;\">MJ\/kg<\/span><\/td>\n<td style=\"text-align: center;\"><span style=\"font-size: 10pt;\">aproximadamente 16 &#8212; 18<\/span><\/td>\n<td style=\"text-align: center;\"><span style=\"font-size: 10pt;\">aproximadamente 16 &#8212; 18<\/span><\/td>\n<\/tr>\n<tr>\n<td><span style=\"font-size: 10pt;\">Percentagem de \u00e1gua<\/span><\/td>\n<td style=\"text-align: center;\"><span style=\"font-size: 10pt;\">&nbsp;<\/span><\/td>\n<td style=\"text-align: center;\"><span style=\"font-size: 10pt;\">At\u00e9 10%<\/span><\/td>\n<td style=\"text-align: center;\"><span style=\"font-size: 10pt;\">At\u00e9 10%<\/span><\/td>\n<\/tr>\n<tr>\n<td><span style=\"font-size: 10pt;\">Teor de cinzas<\/span><\/td>\n<td style=\"text-align: center;\"><span style=\"font-size: 10pt;\">&nbsp;<\/span><\/td>\n<td style=\"text-align: center;\"><span style=\"font-size: 10pt;\">At\u00e9 1% (0,8 &#8212; 1,0%)<\/span><\/td>\n<td style=\"text-align: center;\"><span style=\"font-size: 10pt;\">At\u00e9 1% (0,8 &#8212; 1,0%)<\/span><\/td>\n<\/tr>\n<\/tbody>\n<\/table>\n<p>&nbsp;<\/p>\n<p>&nbsp;<\/p>\n<h2>Galeria de Fotos:<\/h2>\nngg_shortcode_0_placeholder\n","protected":false},"excerpt":{"rendered":"<p>\u0411\u043b\u043e\u043a \u0432\u043e\u0437\u0434\u0443\u0448\u043d\u043e\u0433\u043e \u043f\u043e\u0442\u043e\u043a\u0430 Smart &nbsp; &nbsp; &nbsp; &nbsp; &nbsp; &nbsp;&nbsp;&nbsp; &nbsp; &nbsp; \u2022 Palete de suporte com estrutura em a\u00e7o \u2022 Caldeiras autom\u00e1ticas a pellets com sistema autom\u00e1tico de limpeza \u2022 Rendimento &gt;90% \u2022 Modula\u00e7\u00e3o de pot\u00eancia de 30-100% \u2022 Reservat\u00f3rio para combust\u00edvel de 400 l \u2022 Ventilador de ar quente com controlo eletr\u00f3nico e [&hellip;]<\/p>\n","protected":false},"author":1,"featured_media":0,"parent":0,"menu_order":0,"comment_status":"closed","ping_status":"closed","template":"page-h1.php","meta":{"ngg_post_thumbnail":0,"footnotes":""},"class_list":["post-28879","page","type-page","status-publish","hentry"],"_links":{"self":[{"href":"https:\/\/www.smartheating.cz\/ru\/wp-json\/wp\/v2\/pages\/28879","targetHints":{"allow":["GET"]}}],"collection":[{"href":"https:\/\/www.smartheating.cz\/ru\/wp-json\/wp\/v2\/pages"}],"about":[{"href":"https:\/\/www.smartheating.cz\/ru\/wp-json\/wp\/v2\/types\/page"}],"author":[{"embeddable":true,"href":"https:\/\/www.smartheating.cz\/ru\/wp-json\/wp\/v2\/users\/1"}],"replies":[{"embeddable":true,"href":"https:\/\/www.smartheating.cz\/ru\/wp-json\/wp\/v2\/comments?post=28879"}],"version-history":[{"count":0,"href":"https:\/\/www.smartheating.cz\/ru\/wp-json\/wp\/v2\/pages\/28879\/revisions"}],"wp:attachment":[{"href":"https:\/\/www.smartheating.cz\/ru\/wp-json\/wp\/v2\/media?parent=28879"}],"curies":[{"name":"wp","href":"https:\/\/api.w.org\/{rel}","templated":true}]}}