{"id":34353,"date":"2017-10-23T15:26:09","date_gmt":"2017-10-23T14:26:09","guid":{"rendered":"http:\/\/www.smartheating.cz\/airflowunit\/"},"modified":"2018-02-14T12:06:59","modified_gmt":"2018-02-14T11:06:59","slug":"airflowunit","status":"publish","type":"page","link":"https:\/\/www.smartheating.cz\/ro\/airflowunit\/","title":{"rendered":"Smart Airflow Unit"},"content":{"rendered":"<h1 class=\"title\"><strong>Unitate de circula\u021bie a aerului Smart <br \/>\n &nbsp;<\/strong><\/h1>\n<p class=\"subtitle\">&nbsp;<\/p>\n<p>&nbsp;<\/p>\n<p>&nbsp;<\/p>\n<p>&nbsp;<\/p>\n<p><span class=\"barva-modra\">&nbsp;<\/span>&nbsp;&nbsp;<\/p>\n<p>&nbsp;<\/p>\n<p>&nbsp;<span class=\"obrazek-pod-textem\"><img loading=\"lazy\" decoding=\"async\" class=\"alignnone wp-image-34503 size-full\" src=\"http:\/\/www.smartheating.cz\/wp-content\/uploads\/2017\/10\/airflow_RO.png\" alt=\"\" width=\"989\" height=\"506\" srcset=\"https:\/\/www.smartheating.cz\/wp-content\/uploads\/2017\/10\/airflow_RO.png 989w, https:\/\/www.smartheating.cz\/wp-content\/uploads\/2017\/10\/airflow_RO-300x153.png 300w, https:\/\/www.smartheating.cz\/wp-content\/uploads\/2017\/10\/airflow_RO-768x393.png 768w, https:\/\/www.smartheating.cz\/wp-content\/uploads\/2017\/10\/airflow_RO-600x307.png 600w\" sizes=\"auto, (max-width: 989px) 100vw, 989px\" \/><\/span><\/p>\n<p><span class=\"barva-modra\">\u2022 Palet de sus\u021binere din o\u021bel \u0219i structur\u0103 de acoperire \u2022 Cazan din lemn automat cu cur\u0103\u021bare automat\u0103 \u0219i dezaburire \u2022 Eficien\u021b\u0103&gt;90% \u2022 Modularea ie\u0219irii 30\u2013100% \u2022 rezervor de combustibil de 400 l \u2022 Unitate de ventila\u0219ie cu aer cald controlat electronic cu interval 0\u2013270\u00b0 \u2022 Furnizare complet\u0103 a co\u0219ului de fum \u2022 Furnizare hidraulic\u0103 complet\u0103 \u2022 Vizualizare special\u0103 a func\u021bion\u0103rii \u2022 Control de pe telefonul mobil \u2022 Control prin internet<br \/>\n <\/span><\/p>\n<h2 dir=\"LTR\" align=\"LEFT\">Descrierea livr\u0103rii unit\u0103\u021bii de flux de aer Smart:<\/h2>\n<p><span class=\"barva-cervena\"><span style=\"color: #255aa3;\"><strong><span class=\"barva-cervena\">\u2022 <\/span><\/strong>Palet compact din o\u021bel pentru sus\u021binere pentru o pozi\u021bionare \u0219i manipulare facil\u0103 <br \/>\n <\/span><strong>\u2022<\/strong> <span style=\"color: #255aa3;\">Cazan Smart pentru pale\u021bi de elemn 30\/50 kW<br \/>\n <\/span><\/span><span style=\"color: #255aa3;\"><span class=\"barva-cervena\"><strong>\u2022<\/strong> <\/span>250 kg <\/span><span style=\"color: #255aa3;\">depozit de combustibil, inclusiv arborele de combustibil<br \/>\n <span class=\"barva-cervena\"><strong>\u2022<\/strong> <\/span>2 000 mm set de co\u0219uri \u00een 3 straturi <br \/>\n <span class=\"barva-cervena\"><strong>\u2022<\/strong> <\/span>Unitate de ventilare cu aer cald cu o raz\u0103 de mi\u0219care \u00eentre 0-270 grade<br \/>\n <span class=\"barva-cervena\"><strong>\u2022<\/strong> <\/span>Pomp\u0103 de circula\u021bie<br \/>\n <span class=\"barva-cervena\"><strong>\u2022<\/strong> <\/span>Valva de scurgere<br \/>\n <span class=\"barva-cervena\"><strong>\u2022<\/strong> <\/span>Control de presiune<br \/>\n <span class=\"barva-cervena\"><strong>\u2022<\/strong> <\/span>Rezervor de expansiune<br \/>\n <span class=\"barva-cervena\"><strong>\u2022<\/strong> <\/span>Valv\u0103 de eliberare a presiunii<br \/>\n <span class=\"barva-cervena\"><strong>\u2022<\/strong> <\/span>Aerisire cu control automat <br \/>\n <span class=\"barva-cervena\"><strong>\u2022<\/strong> <\/span>Contor de c\u0103ldur\u0103 \u2013 Op\u021bional<\/span><\/p>\n<h2><span style=\"color: #255aa3;\"><br \/>\n Vizualizarea opera\u021biunilor speciale:<\/span><\/h2>\n<table>\n<tbody>\n<tr>\n<td><a href=\"http:\/\/www.smartheating.cz\/wp-content\/uploads\/2014\/11\/displej2.jpg\"><img loading=\"lazy\" decoding=\"async\" class=\"alignnone wp-image-4006\" src=\"http:\/\/www.smartheating.cz\/wp-content\/uploads\/2014\/11\/displej2.jpg\" alt=\"displej2\" width=\"250\" height=\"187\" srcset=\"https:\/\/www.smartheating.cz\/wp-content\/uploads\/2014\/11\/displej2.jpg 635w, https:\/\/www.smartheating.cz\/wp-content\/uploads\/2014\/11\/displej2-300x224.jpg 300w, https:\/\/www.smartheating.cz\/wp-content\/uploads\/2014\/11\/displej2-600x449.jpg 600w\" sizes=\"auto, (max-width: 250px) 100vw, 250px\" \/><\/a>&nbsp;<\/td>\n<td>&nbsp;<\/td>\n<td><a href=\"http:\/\/www.smartheating.cz\/wp-content\/uploads\/2014\/11\/displej4.jpg\"><img loading=\"lazy\" decoding=\"async\" class=\"alignnone wp-image-4007\" src=\"http:\/\/www.smartheating.cz\/wp-content\/uploads\/2014\/11\/displej4.jpg\" alt=\"displej4\" width=\"250\" height=\"187\" srcset=\"https:\/\/www.smartheating.cz\/wp-content\/uploads\/2014\/11\/displej4.jpg 638w, https:\/\/www.smartheating.cz\/wp-content\/uploads\/2014\/11\/displej4-300x224.jpg 300w, https:\/\/www.smartheating.cz\/wp-content\/uploads\/2014\/11\/displej4-600x449.jpg 600w\" sizes=\"auto, (max-width: 250px) 100vw, 250px\" \/><\/a>&nbsp;<\/td>\n<\/tr>\n<\/tbody>\n<\/table>\n<h2>&nbsp;<\/h2>\n<h2>Proiec\u021biile Cazanului pentru pale\u021bi de lemn Smart 30\/50 kW:<\/h2>\n<p><span class=\"barva-modra\"><span style=\"color: #255aa3;\"><span class=\"barva-cervena\"><strong>\u2022<\/strong> <\/span><\/span>Constructii din otel cu acoperirea coaxial\u0103 pentru o durat\u0103 lung\u0103 de via\u021b\u0103<\/span><br \/>\n <span class=\"barva-modra\"><span style=\"color: #255aa3;\"><span class=\"barva-cervena\"><strong>\u2022<\/strong> <\/span><\/span>Op\u021biuni multiple de alimentare: \u0219urub, vid sau alimentare manual\u0103<\/span><br \/>\n <span class=\"barva-modra\"><span style=\"color: #255aa3;\"><span class=\"barva-cervena\"><strong>\u2022<\/strong> <\/span><\/span>Unitate de control avansat\u0103 pentru opera\u021biune automat\u0103<\/span><br \/>\n <span class=\"barva-modra\"><span style=\"color: #255aa3;\"><span class=\"barva-cervena\"><strong>\u2022<\/strong> <\/span><\/span>Eficien\u021b\u0103 ridicat\u0103 \u2013 peste 90%<\/span><br \/>\n <span class=\"barva-modra\"><span style=\"color: #255aa3;\"><span class=\"barva-cervena\"><strong>\u2022<\/strong> <\/span><\/span>Modularea rezultatului \u00eentre 30\u2013100% \u00een func\u021bie de cererea actual\u0103 de c\u0103ldur\u0103<\/span><br \/>\n <span class=\"barva-modra\"><span style=\"color: #255aa3;\"><span class=\"barva-cervena\"><strong>\u2022<\/strong> <\/span><\/span>Structura arz\u0103torului de font\u0103 cu posibilitatea schimb\u0103rii suprafe\u021bei de arz\u0103tor <\/span><br \/>\n <span class=\"barva-modra\"><span style=\"color: #255aa3;\"><span class=\"barva-cervena\"><strong>\u2022<\/strong> <\/span><\/span>Aprindere electric\u0103 automat\u0103<\/span><br \/>\n <span class=\"barva-modra\"><span style=\"color: #255aa3;\"><span class=\"barva-cervena\"><strong>\u2022<\/strong> <\/span><\/span>Auto-cur\u0103\u021bare, schimb\u0103tor tubular de c\u0103ldur\u0103 vertical<\/span><br \/>\n <span class=\"barva-modra\"><span style=\"color: #255aa3;\"><span class=\"barva-cervena\"><strong>\u2022<\/strong> <\/span><\/span>Termostat de siguran\u021b\u0103 cu \u00eentrerupere automat\u0103<\/span><br \/>\n <span class=\"barva-modra\"><span style=\"color: #255aa3;\"><span class=\"barva-cervena\"><strong>\u2022<\/strong> <\/span><\/span>Co\u0219 de cenu\u0219\u0103 cu de-calcinare automat\u0103 c\/w<\/span><br \/>\n <span class=\"barva-modra\"><span style=\"color: #255aa3;\"><span class=\"barva-cervena\"><strong>\u2022<\/strong> <\/span><\/span>Monitorizare de la distan\u021b\u0103 prin Internet or GSM<\/span><br \/>\n <span class=\"barva-modra\"><span style=\"color: #255aa3;\"><span class=\"barva-cervena\"><strong>\u2022<\/strong> <\/span><\/span>Ventilator de evacuare integral \u2013 Op\u021bional<\/span><\/p>\n<h2>&nbsp;<\/h2>\n<h2>Cerin\u021be pentru spa\u021biul de instalare:<\/h2>\n<table>\n<tbody>\n<tr>\n<td>&nbsp; <a href=\"http:\/\/www.smartheating.cz\/wp-content\/uploads\/2014\/11\/rozmerove_schema.png\"><img loading=\"lazy\" decoding=\"async\" class=\"alignnone wp-image-4010\" src=\"http:\/\/www.smartheating.cz\/wp-content\/uploads\/2014\/11\/rozmerove_schema.png\" alt=\"rozmerove_schema\" width=\"183\" height=\"300\"><\/a><\/td>\n<td>&nbsp;<\/td>\n<td>&nbsp;<a href=\"http:\/\/www.smartheating.cz\/wp-content\/uploads\/2014\/11\/servisni_zony.png\"><img loading=\"lazy\" decoding=\"async\" class=\"aligncenter wp-image-4011\" src=\"http:\/\/www.smartheating.cz\/wp-content\/uploads\/2014\/11\/servisni_zony.png\" alt=\"servisni_zony\" width=\"250\" height=\"280\" srcset=\"https:\/\/www.smartheating.cz\/wp-content\/uploads\/2014\/11\/servisni_zony.png 675w, https:\/\/www.smartheating.cz\/wp-content\/uploads\/2014\/11\/servisni_zony-267x300.png 267w, https:\/\/www.smartheating.cz\/wp-content\/uploads\/2014\/11\/servisni_zony-600x672.png 600w\" sizes=\"auto, (max-width: 250px) 100vw, 250px\" \/><\/a><\/td>\n<\/tr>\n<tr>\n<td style=\"text-align: center;\"><span class=\"barva-modra\" style=\"font-size: 10pt;\">Dimensiunile unit\u0103\u021bii de flux de aer <\/span><\/td>\n<td style=\"text-align: center;\"><span class=\"barva-modra\" style=\"font-size: 10pt;\">&nbsp;<\/span><\/td>\n<td style=\"text-align: center;\"><span class=\"barva-modra\" style=\"font-size: 10pt;\">Greutatea unit\u0103\u021bii de flux de aer<\/span><\/td>\n<\/tr>\n<tr>\n<td style=\"text-align: center;\"><span class=\"barva-modra\" style=\"font-size: 10pt;\">1 900 x 1 130 x 2 885 mm<\/span><\/td>\n<td style=\"text-align: center;\"><span class=\"barva-modra\" style=\"font-size: 10pt;\">&nbsp;<\/span><\/td>\n<td style=\"text-align: center;\"><span class=\"barva-modra\" style=\"font-size: 10pt;\">815 kg \/ 920 kg<\/span><\/td>\n<\/tr>\n<\/tbody>\n<\/table>\n<h2>&nbsp;<\/h2>\n<table class=\" tabulka\">\n<tbody>\n<tr>\n<td class=\"extra-tmava-bunka\"><span style=\"font-size: 10pt;\">Parametri termici \u0219i tehnici<\/span><\/td>\n<td class=\"extra-tmava-bunka\" style=\"text-align: center;\"><span style=\"font-size: 10pt;\">Unitatea<\/span><\/td>\n<td class=\"extra-tmava-bunka\" style=\"text-align: center;\"><span style=\"font-size: 10pt;\">Fluxul de aer 30 kW<\/span><\/td>\n<td class=\"extra-tmava-bunka\" style=\"text-align: center;\"><span style=\"font-size: 10pt;\">Fluxul de aer 50 kW<\/span><\/td>\n<\/tr>\n<tr>\n<td><span style=\"font-size: 10pt;\">Putere nominal\u0103<\/span><\/td>\n<td style=\"text-align: center;\"><span style=\"font-size: 10pt;\">kW<\/span><\/td>\n<td style=\"text-align: center;\"><span style=\"font-size: 10pt;\">29<\/span><\/td>\n<td style=\"text-align: center;\"><span style=\"font-size: 10pt;\">49,5<\/span><\/td>\n<\/tr>\n<tr>\n<td><span style=\"font-size: 10pt;\">Intervalul de ie\u0219ire<\/span><\/td>\n<td style=\"text-align: center;\"><span style=\"font-size: 10pt;\">kW<\/span><\/td>\n<td style=\"text-align: center;\"><span style=\"font-size: 10pt;\">8,6 &#8211; 29<\/span><\/td>\n<td style=\"text-align: center;\"><span style=\"font-size: 10pt;\">14,6 &#8211; 49,5<\/span><\/td>\n<\/tr>\n<tr>\n<td><span style=\"font-size: 10pt;\">Consumul de combustibil<\/span><\/td>\n<td style=\"text-align: center;\"><span style=\"font-size: 10pt;\">kg x ore-1<\/span><\/td>\n<td style=\"text-align: center;\"><span style=\"font-size: 10pt;\">1,9 &#8211; 6,6<\/span><\/td>\n<td style=\"text-align: center;\"><span style=\"font-size: 10pt;\">3,44 &#8211; 11,63<\/span><\/td>\n<\/tr>\n<tr>\n<td><span style=\"font-size: 10pt;\">Eficien\u021b\u0103 (intervalul de ie\u0219ire)<\/span><\/td>\n<td style=\"text-align: center;\"><span style=\"font-size: 10pt;\">%<\/span><\/td>\n<td style=\"text-align: center;\"><span style=\"font-size: 10pt;\">90,9<\/span><\/td>\n<td style=\"text-align: center;\"><span style=\"font-size: 10pt;\">90,4<\/span><\/td>\n<\/tr>\n<tr>\n<td><span style=\"font-size: 10pt;\">Rezisten\u021ba nominal\u0103 la temperatura gazelor arse<\/span><\/td>\n<td style=\"text-align: center;\"><span style=\"font-size: 10pt;\">\u00b0C<\/span><\/td>\n<td style=\"text-align: center;\"><span style=\"font-size: 10pt;\">94 &#8211; 148<\/span><\/td>\n<td style=\"text-align: center;\"><span style=\"font-size: 10pt;\">110 &#8211; 153<\/span><\/td>\n<\/tr>\n<tr>\n<td><span style=\"font-size: 10pt;\">Clasa cazanului<\/span><\/td>\n<td style=\"text-align: center;\">&nbsp;<\/td>\n<td style=\"text-align: center;\"><span style=\"font-size: 10pt;\">5<\/span><\/td>\n<td style=\"text-align: center;\"><span style=\"font-size: 10pt;\">5<\/span><\/td>\n<\/tr>\n<tr>\n<td><span style=\"font-size: 10pt;\">Timp de ardere min \/ ie\u0219ire nominal\u0103<br \/>\n (bazat pe stocarea de combustibil a 250 kg)<\/span><\/td>\n<td style=\"text-align: center;\"><span style=\"font-size: 10pt;\">ore<\/span><\/td>\n<td style=\"text-align: center;\"><span style=\"font-size: 10pt;\">147 &#8211; 42<\/span><\/td>\n<td style=\"text-align: center;\"><span style=\"font-size: 10pt;\">80 &#8211; 24<\/span><\/td>\n<\/tr>\n<tr>\n<td class=\"extra-tmava-bunka\" colspan=\"4\"><span style=\"font-size: 10pt;\">Parametrii tehnici ai produselor <br \/>\n <\/span><\/td>\n<\/tr>\n<tr>\n<td><span style=\"font-size: 10pt;\">Greutatea<\/span><\/td>\n<td style=\"text-align: center;\"><span style=\"font-size: 10pt;\">kg<\/span><\/td>\n<td style=\"text-align: center;\"><span style=\"font-size: 10pt;\">815<\/span><\/td>\n<td style=\"text-align: center;\"><span style=\"font-size: 10pt;\">920<\/span><\/td>\n<\/tr>\n<tr>\n<td><span style=\"font-size: 10pt;\">Con\u021binutul de ap\u0103<\/span><\/td>\n<td style=\"text-align: center;\"><span style=\"font-size: 10pt;\">litri<\/span><\/td>\n<td style=\"text-align: center;\"><span style=\"font-size: 10pt;\">140<\/span><\/td>\n<td style=\"text-align: center;\"><span style=\"font-size: 10pt;\">190<\/span><\/td>\n<\/tr>\n<tr>\n<td><span style=\"font-size: 10pt;\">Diametrul canalului de evacuare<\/span><\/td>\n<td style=\"text-align: center;\"><span style=\"font-size: 10pt;\">mm<\/span><\/td>\n<td style=\"text-align: center;\"><span style=\"font-size: 10pt;\">150<\/span><\/td>\n<td style=\"text-align: center;\"><span style=\"font-size: 10pt;\">160<\/span><\/td>\n<\/tr>\n<tr>\n<td><span style=\"font-size: 10pt;\">Dimensiuni (l\u0103\u021bimeaxad\u00e2ncime) excluz\u00e2nd cutia cu cenu\u0219\u0103<\/span><\/td>\n<td style=\"text-align: center;\"><span style=\"font-size: 10pt;\">mm<\/span><\/td>\n<td style=\"text-align: center;\"><span style=\"font-size: 10pt;\">1130 x 1900<\/span><\/td>\n<td style=\"text-align: center;\"><span style=\"font-size: 10pt;\">1130 x 1900<\/span><\/td>\n<\/tr>\n<tr>\n<td><span style=\"font-size: 10pt;\">Presiunea maxim\u0103 a apei<\/span><\/td>\n<td style=\"text-align: center;\"><span style=\"font-size: 10pt;\">bar<\/span><\/td>\n<td style=\"text-align: center;\"><span style=\"font-size: 10pt;\">P\u00e2n\u0103 la 3<\/span><\/td>\n<td style=\"text-align: center;\"><span style=\"font-size: 10pt;\">P\u00e2n\u0103 la 3<\/span><\/td>\n<\/tr>\n<tr>\n<td><span style=\"font-size: 10pt;\">Tragerea de fum cerut\u0103&nbsp;<\/span><\/td>\n<td style=\"text-align: center;\"><span style=\"font-size: 10pt;\">mbar<\/span><\/td>\n<td style=\"text-align: center;\"><span style=\"font-size: 10pt;\">0,1 &#8211; 0,2<\/span><\/td>\n<td style=\"text-align: center;\"><span style=\"font-size: 10pt;\">0,1 &#8211; 0,3<\/span><\/td>\n<\/tr>\n<tr>\n<td><span style=\"font-size: 10pt;\">Temperatura recomandat\u0103 de operare pentru \u00eenc\u0103lzirea apei<\/span><\/td>\n<td style=\"text-align: center;\"><span style=\"font-size: 10pt;\">\u00b0C<\/span><\/td>\n<td style=\"text-align: center;\"><span style=\"font-size: 10pt;\">60 &#8211; 80<\/span><\/td>\n<td style=\"text-align: center;\"><span style=\"font-size: 10pt;\">60 &#8211; 80<\/span><\/td>\n<\/tr>\n<tr>\n<td><span style=\"font-size: 10pt;\">Temperatura minim\u0103 a apei de intrare<\/span><\/td>\n<td style=\"text-align: center;\"><span style=\"font-size: 10pt;\">\u00b0C<\/span><\/td>\n<td style=\"text-align: center;\"><span style=\"font-size: 10pt;\">55<\/span><\/td>\n<td style=\"text-align: center;\"><span style=\"font-size: 10pt;\">55<\/span><\/td>\n<\/tr>\n<tr>\n<td><span style=\"font-size: 10pt;\">Nivelul de putere acustic\u0103<\/span><\/td>\n<td style=\"text-align: center;\"><span style=\"font-size: 10pt;\">dB<\/span><\/td>\n<td style=\"text-align: center;\"><span style=\"font-size: 10pt;\">57<\/span><\/td>\n<td style=\"text-align: center;\"><span style=\"font-size: 10pt;\">57<\/span><\/td>\n<\/tr>\n<tr>\n<td><span style=\"font-size: 10pt;\">Puterea de ie\u0219ire 70\/50 \u00b0C, 10 \u00b0C<\/span><\/td>\n<td style=\"text-align: center;\"><span style=\"font-size: 10pt;\">kW<\/span><\/td>\n<td style=\"text-align: center;\"><span style=\"font-size: 10pt;\">32,48<\/span><\/td>\n<td style=\"text-align: center;\"><span style=\"font-size: 10pt;\">53,91<\/span><\/td>\n<\/tr>\n<tr>\n<td><span style=\"font-size: 10pt;\">Sfera de circula\u021bie a aerului \u00een spa\u021biu deschis<\/span><\/td>\n<td style=\"text-align: center;\"><span style=\"font-size: 10pt;\">m<\/span><\/td>\n<td style=\"text-align: center;\"><span style=\"font-size: 10pt;\">22,5<\/span><\/td>\n<td style=\"text-align: center;\"><span style=\"font-size: 10pt;\">17,5<\/span><\/td>\n<\/tr>\n<tr>\n<td><span style=\"font-size: 10pt;\">Nivelul mediu al presiunii acustice<\/span><\/td>\n<td style=\"text-align: center;\"><span style=\"font-size: 10pt;\">dB<\/span><\/td>\n<td style=\"text-align: center;\"><span style=\"font-size: 10pt;\">64,5<\/span><\/td>\n<td style=\"text-align: center;\"><span style=\"font-size: 10pt;\">67,2<\/span><\/td>\n<\/tr>\n<tr>\n<td class=\"extra-tmava-bunka\" colspan=\"4\"><span style=\"font-size: 10pt;\">Parametrii electrici ai produselor&nbsp;&nbsp;&nbsp;<\/span><\/td>\n<\/tr>\n<tr>\n<td><span style=\"font-size: 10pt;\">Tensiunea de conectare<\/span><\/td>\n<td style=\"text-align: center;\"><span style=\"font-size: 10pt;\">&nbsp;<\/span><\/td>\n<td style=\"text-align: center;\"><span style=\"font-size: 10pt;\">230 VAC \u00b110%, 50 Hz \u00b1 2 Hz<\/span><\/td>\n<td style=\"text-align: center;\"><span style=\"font-size: 10pt;\">230 VAC \u00b110%, 50 Hz \u00b1 2 Hz<\/span><\/td>\n<\/tr>\n<tr>\n<td><span style=\"font-size: 10pt;\">Injec\u021bia maxim\u0103 electric\u0103 &#8211; aprindere<\/span><\/td>\n<td style=\"text-align: center;\"><span style=\"font-size: 10pt;\">V<\/span><\/td>\n<td style=\"text-align: center;\"><span style=\"font-size: 10pt;\">1200<\/span><\/td>\n<td style=\"text-align: center;\"><span style=\"font-size: 10pt;\">1200<\/span><\/td>\n<\/tr>\n<tr>\n<td><span style=\"font-size: 10pt;\">Protec\u021bia electric\u0103 a unit\u0103\u021bii de control<\/span><\/td>\n<td style=\"text-align: center;\"><span style=\"font-size: 10pt;\">&nbsp;<\/span><\/td>\n<td style=\"text-align: center;\"><span style=\"font-size: 10pt;\">IP54<\/span><\/td>\n<td style=\"text-align: center;\"><span style=\"font-size: 10pt;\">IP54<\/span><\/td>\n<\/tr>\n<tr>\n<td><span style=\"font-size: 10pt;\">Protec\u021bia electric\u0103 a instala\u021biei cazanului<\/span><\/td>\n<td style=\"text-align: center;\"><span style=\"font-size: 10pt;\">&nbsp;<\/span><\/td>\n<td style=\"text-align: center;\"><span style=\"font-size: 10pt;\">IP20<\/span><\/td>\n<td style=\"text-align: center;\"><span style=\"font-size: 10pt;\">IP20<\/span><\/td>\n<\/tr>\n<tr>\n<td class=\"extra-tmava-bunka\" colspan=\"4\"><span style=\"font-size: 10pt;\">Combustibilul \u0219i parametrii lui&nbsp;&nbsp;&nbsp; &nbsp; <br \/>\n <\/span><\/td>\n<\/tr>\n<tr>\n<td><span style=\"font-size: 10pt;\">Diametrul pale\u021bilor de lemn<\/span><\/td>\n<td style=\"text-align: center;\"><span style=\"font-size: 10pt;\">mm<\/span><\/td>\n<td style=\"text-align: center;\"><span style=\"font-size: 10pt;\">6,0 &#8211; 8,5<\/span><\/td>\n<td style=\"text-align: center;\"><span style=\"font-size: 10pt;\">6,0 &#8211; 8,5<\/span><\/td>\n<\/tr>\n<tr>\n<td><span style=\"font-size: 10pt;\">Valoarea caloric\u0103<\/span><\/td>\n<td style=\"text-align: center;\"><span style=\"font-size: 10pt;\">MJ\/kg<\/span><\/td>\n<td style=\"text-align: center;\"><span style=\"font-size: 10pt;\">approximately 16 &#8211; 18<\/span><\/td>\n<td style=\"text-align: center;\"><span style=\"font-size: 10pt;\">approximately 16 &#8211; 18<\/span><\/td>\n<\/tr>\n<tr>\n<td><span style=\"font-size: 10pt;\">Con\u021binutul de ap\u0103<\/span><\/td>\n<td style=\"text-align: center;\"><span style=\"font-size: 10pt;\">&nbsp;<\/span><\/td>\n<td style=\"text-align: center;\"><span style=\"font-size: 10pt;\">P\u00e2n\u0103 la 10%<\/span><\/td>\n<td style=\"text-align: center;\"><span style=\"font-size: 10pt;\">P\u00e2n\u0103 la 10%<\/span><\/td>\n<\/tr>\n<tr>\n<td><span style=\"font-size: 10pt;\">Con\u021binutul de cenus\u0103<\/span><\/td>\n<td style=\"text-align: center;\"><span style=\"font-size: 10pt;\">&nbsp;<\/span><\/td>\n<td style=\"text-align: center;\"><span style=\"font-size: 10pt;\">P\u00e2n\u0103 la 1% (0,8 &#8211; 1,0%)<\/span><\/td>\n<td style=\"text-align: center;\"><span style=\"font-size: 10pt;\">P\u00e2n\u0103 la 1% (0,8 &#8211; 1,0%)<\/span><\/td>\n<\/tr>\n<\/tbody>\n<\/table>\n<p>&nbsp;<\/p>\n<h2>Galerie foto:<\/h2>\nngg_shortcode_0_placeholder\n","protected":false},"excerpt":{"rendered":"<p>Unitate de circula\u021bie a aerului Smart &nbsp; &nbsp; &nbsp; &nbsp; &nbsp; &nbsp;&nbsp;&nbsp; &nbsp; &nbsp; \u2022 Palet de sus\u021binere din o\u021bel \u0219i structur\u0103 de acoperire \u2022 Cazan din lemn automat cu cur\u0103\u021bare automat\u0103 \u0219i dezaburire \u2022 Eficien\u021b\u0103&gt;90% \u2022 Modularea ie\u0219irii 30\u2013100% \u2022 rezervor de combustibil de 400 l \u2022 Unitate de ventila\u0219ie cu aer cald controlat [&hellip;]<\/p>\n","protected":false},"author":1,"featured_media":0,"parent":0,"menu_order":0,"comment_status":"closed","ping_status":"closed","template":"page-h1.php","meta":{"ngg_post_thumbnail":0,"footnotes":""},"class_list":["post-34353","page","type-page","status-publish","hentry"],"_links":{"self":[{"href":"https:\/\/www.smartheating.cz\/ro\/wp-json\/wp\/v2\/pages\/34353","targetHints":{"allow":["GET"]}}],"collection":[{"href":"https:\/\/www.smartheating.cz\/ro\/wp-json\/wp\/v2\/pages"}],"about":[{"href":"https:\/\/www.smartheating.cz\/ro\/wp-json\/wp\/v2\/types\/page"}],"author":[{"embeddable":true,"href":"https:\/\/www.smartheating.cz\/ro\/wp-json\/wp\/v2\/users\/1"}],"replies":[{"embeddable":true,"href":"https:\/\/www.smartheating.cz\/ro\/wp-json\/wp\/v2\/comments?post=34353"}],"version-history":[{"count":0,"href":"https:\/\/www.smartheating.cz\/ro\/wp-json\/wp\/v2\/pages\/34353\/revisions"}],"wp:attachment":[{"href":"https:\/\/www.smartheating.cz\/ro\/wp-json\/wp\/v2\/media?parent=34353"}],"curies":[{"name":"wp","href":"https:\/\/api.w.org\/{rel}","templated":true}]}}