{"id":34328,"date":"2014-09-02T16:57:44","date_gmt":"2014-09-02T15:57:44","guid":{"rendered":"http:\/\/www.smartheating.cz\/accessories-hydraulic-hatch\/"},"modified":"2018-02-13T13:34:10","modified_gmt":"2018-02-13T12:34:10","slug":"accessories-hydraulic-hatch","status":"publish","type":"page","link":"https:\/\/www.smartheating.cz\/ro\/accessories-hydraulic-hatch\/","title":{"rendered":"Accessories Hydraulic Hatch"},"content":{"rendered":"<h1 class=\"title\">Accesorii<br \/>\n <strong>Trap\u0103 hidraulic\u0103 SMART <\/strong><\/h1>\n<p class=\"subtitle\">&nbsp;<\/p>\n<p>&nbsp;<\/p>\n<p>&nbsp;<\/p>\n<p>&nbsp;<\/p>\n<p>&nbsp;<\/p>\n<p>&nbsp;<\/p>\n<p><span class=\"barva-modra\">&nbsp;<\/span>&nbsp;&nbsp;<\/p>\n<p>&nbsp;<span class=\"obrazek-pod-textem\"><img loading=\"lazy\" decoding=\"async\" class=\"alignnone wp-image-34339 size-full\" src=\"http:\/\/www.smartheating.cz\/wp-content\/uploads\/2014\/09\/hydraulicke_dvere_RO.png\" alt=\"\" width=\"864\" height=\"442\" srcset=\"https:\/\/www.smartheating.cz\/wp-content\/uploads\/2014\/09\/hydraulicke_dvere_RO.png 864w, https:\/\/www.smartheating.cz\/wp-content\/uploads\/2014\/09\/hydraulicke_dvere_RO-300x153.png 300w, https:\/\/www.smartheating.cz\/wp-content\/uploads\/2014\/09\/hydraulicke_dvere_RO-768x393.png 768w, https:\/\/www.smartheating.cz\/wp-content\/uploads\/2014\/09\/hydraulicke_dvere_RO-600x307.png 600w\" sizes=\"auto, (max-width: 864px) 100vw, 864px\" \/><\/span><\/p>\n<p><span class=\"barva-modra\">\u2022 Proiectare cu o arip\u0103 sau dou\u0103 pentru alimentarea \u0219i stocarea biomasei \u2022 Set complet de pistoane hidraulice, agregat hidraulic \u0219i re\u021bea \u2022 Proiectare rezistent\u0103 la precipita\u021bii atmostferice cu sistem de epuizare la umezeal\u0103 \u2022 Varianta de proiectare cu rampe de sus\u021binere \u0219i bariere de protec\u021bie \u2022 Control de la distan\u021b\u0103 \u2022 Indicator luminos \u0219i cu sunt al mi\u0219c\u0103rii \u0219i marcaj de avertizare la deschiderea complet\u0103 \u2022 Monitorizarea \u0219i indicarea nivelului materialului \u00een siloz \u00eempreun\u0103 cu proiectarea pentru alimentare \u2022 Grilaj protector pentru evitarea c\u0103derii \u00een siloz \u2022 Serviciu de deschidere de intrarea de urgen\u021b\u0103 \u00een siloz <\/span><\/p>\n<p>&nbsp;<\/p>\n<h2>Specifica\u021bii \u0219i proiectare:<\/h2>\n<p><img loading=\"lazy\" decoding=\"async\" class=\"alignnone size-full wp-image-1728\" src=\"http:\/\/www.smartheating.cz\/wp-content\/uploads\/2014\/09\/Specification-and-design.jpg\" alt=\"Specification-and-design\" width=\"829\" height=\"193\" srcset=\"https:\/\/www.smartheating.cz\/wp-content\/uploads\/2014\/09\/Specification-and-design.jpg 829w, https:\/\/www.smartheating.cz\/wp-content\/uploads\/2014\/09\/Specification-and-design-300x69.jpg 300w, https:\/\/www.smartheating.cz\/wp-content\/uploads\/2014\/09\/Specification-and-design-600x139.jpg 600w\" sizes=\"auto, (max-width: 829px) 100vw, 829px\" \/><\/p>\n<p>&nbsp;<\/p>\n<h2 dir=\"LTR\" align=\"LEFT\">Folsin\u021b\u0103:<\/h2>\n<p><strong><span class=\"barva-cervena\">\u2022<\/span> <\/strong><span class=\"barva-modra\">Silozuri externe <\/span><br \/>\n <span class=\"barva-cervena\"><strong>\u2022<\/strong> <span style=\"color: #255aa3;\">Silozuri subterane <\/span><\/span><br \/>\n <strong><span class=\"barva-cervena\">\u2022<\/span> <\/strong><span style=\"color: #255aa3;\">Siloz tip container<\/span><\/p>\n<p>&nbsp;<\/p>\n<h2>Dimensiunile minime \u2013 maxime ale trapei:<\/h2>\n<p><span class=\"barva-modra\">1&nbsp;x&nbsp;1 m \u2013&nbsp;6 x&nbsp;6 m<\/span><br \/>\n &nbsp;&nbsp;<\/p>\n<h2>Galerie foto:<\/h2>\nngg_shortcode_0_placeholder\n","protected":false},"excerpt":{"rendered":"<p>Accesorii Trap\u0103 hidraulic\u0103 SMART &nbsp; &nbsp; &nbsp; &nbsp; &nbsp; &nbsp; &nbsp;&nbsp;&nbsp; &nbsp; \u2022 Proiectare cu o arip\u0103 sau dou\u0103 pentru alimentarea \u0219i stocarea biomasei \u2022 Set complet de pistoane hidraulice, agregat hidraulic \u0219i re\u021bea \u2022 Proiectare rezistent\u0103 la precipita\u021bii atmostferice cu sistem de epuizare la umezeal\u0103 \u2022 Varianta de proiectare cu rampe de sus\u021binere \u0219i [&hellip;]<\/p>\n","protected":false},"author":2,"featured_media":0,"parent":0,"menu_order":0,"comment_status":"closed","ping_status":"closed","template":"page-h1.php","meta":{"ngg_post_thumbnail":0,"footnotes":""},"class_list":["post-34328","page","type-page","status-publish","hentry"],"_links":{"self":[{"href":"https:\/\/www.smartheating.cz\/ro\/wp-json\/wp\/v2\/pages\/34328","targetHints":{"allow":["GET"]}}],"collection":[{"href":"https:\/\/www.smartheating.cz\/ro\/wp-json\/wp\/v2\/pages"}],"about":[{"href":"https:\/\/www.smartheating.cz\/ro\/wp-json\/wp\/v2\/types\/page"}],"author":[{"embeddable":true,"href":"https:\/\/www.smartheating.cz\/ro\/wp-json\/wp\/v2\/users\/2"}],"replies":[{"embeddable":true,"href":"https:\/\/www.smartheating.cz\/ro\/wp-json\/wp\/v2\/comments?post=34328"}],"version-history":[{"count":0,"href":"https:\/\/www.smartheating.cz\/ro\/wp-json\/wp\/v2\/pages\/34328\/revisions"}],"wp:attachment":[{"href":"https:\/\/www.smartheating.cz\/ro\/wp-json\/wp\/v2\/media?parent=34328"}],"curies":[{"name":"wp","href":"https:\/\/api.w.org\/{rel}","templated":true}]}}