{"id":34318,"date":"2016-09-26T15:37:28","date_gmt":"2016-09-26T14:37:28","guid":{"rendered":"http:\/\/www.smartheating.cz\/smart-air-heaters-360\/"},"modified":"2018-02-13T13:25:36","modified_gmt":"2018-02-13T12:25:36","slug":"smart-air-heaters-360","status":"publish","type":"page","link":"https:\/\/www.smartheating.cz\/ro\/smart-air-heaters-360\/","title":{"rendered":"\u00cenc\u0103lzitoare cu aer Smart 360\u00b0"},"content":{"rendered":"<h1 class=\"title\"><strong>&nbsp;<img loading=\"lazy\" decoding=\"async\" class=\"wp-image-20389 alignright\" src=\"http:\/\/www.smartheating.cz\/wp-content\/uploads\/2016\/09\/Multiheat_image2.png\" width=\"659\" height=\"422\" srcset=\"https:\/\/www.smartheating.cz\/wp-content\/uploads\/2016\/09\/Multiheat_image2.png 864w, https:\/\/www.smartheating.cz\/wp-content\/uploads\/2016\/09\/Multiheat_image2-300x192.png 300w, https:\/\/www.smartheating.cz\/wp-content\/uploads\/2016\/09\/Multiheat_image2-768x492.png 768w, https:\/\/www.smartheating.cz\/wp-content\/uploads\/2016\/09\/Multiheat_image2-600x384.png 600w\" sizes=\"auto, (max-width: 659px) 100vw, 659px\" \/><\/strong><\/h1>\n<p>&nbsp;<\/p>\n<p class=\"subtitle\">&nbsp;<\/p>\n<p>\n <b><\/b><i><\/i><u><\/u><\/p>\n<p>&nbsp;<\/p>\n<p>&nbsp;<\/p>\n<p><span class=\"barva-modra\">&nbsp;<\/span>&nbsp;&nbsp;<\/p>\n<p>&nbsp;<\/p>\n<p>&nbsp;<\/p>\n<p>&nbsp;<\/p>\n<p>\n <span class=\"barva-modra\">\u2022 Corp ABS u\u0219or \u2022 15-30 Metri 360\u00b0 Evacuare de aer \u2022 Flan\u0219e din o\u021bel inoxidabil pentru reglarea fluxului de aer \u2022 Schimb\u0103tor cu strat dublu \u2022 Capacitate &gt;10.000 m<sup>3<\/sup> pe or\u0103 \u2022 \u00cenc\u0103lzire\/Uscare f\u0103r\u0103 produc\u021bie de CO<sub>2<\/sub> \u2022 Mediu mai bun pentru \u2022 \u00cenc\u0103lzire uscat\u0103 \u2022 De\u0219euri uscate \/ de\u0219euri animale \u2022 Reduce problemele la picioare ale animalelor rezult\u00e2nd mai pu\u021bine antibiotice pentru acestea \u2022 Nivel de NH<sub>2<\/sub> mult mai sc\u0103zut \u2022 Rat\u0103 de conversie a aliment\u0103rii mai bun\u0103 \u2022 U\u0219urin\u021b\u0103 \u00een pre-\u00eenc\u0103lzirea podelii \u2022 Cur\u0103\u021bare u\u0219oar\u0103\/Mentenan\u021b\u0103 u\u0219oar\u0103\/Service u\u0219or <\/span><\/p>\n<h2 dir=\"LTR\" align=\"LEFT\">&nbsp;<\/h2>\n<table class=\" alignright\" style=\"width: 207.5px;\">\n<tbody>\n<tr style=\"height: 109px;\">\n<td style=\"width: 204.5px; height: 109px;\">\n<p><a href=\"http:\/\/www.smartheating.cz\/wp-content\/uploads\/2016\/09\/Smart-Air-Heater-1.png\"><img loading=\"lazy\" decoding=\"async\" class=\"alignnone wp-image-20323\" src=\"http:\/\/www.smartheating.cz\/wp-content\/uploads\/2016\/09\/Smart-Air-Heater-1.png\" alt=\"smart-air-heater-1\" width=\"200\" height=\"99\" srcset=\"https:\/\/www.smartheating.cz\/wp-content\/uploads\/2016\/09\/Smart-Air-Heater-1.png 400w, https:\/\/www.smartheating.cz\/wp-content\/uploads\/2016\/09\/Smart-Air-Heater-1-300x148.png 300w\" sizes=\"auto, (max-width: 200px) 100vw, 200px\" \/><\/a><br \/>\n &nbsp;<\/p>\n<\/td>\n<\/tr>\n<tr style=\"height: 127px;\">\n<td style=\"width: 204.5px; height: 127px;\"><a href=\"http:\/\/www.smartheating.cz\/wp-content\/uploads\/2016\/09\/Smart-Air-Heater-2.png\"><img loading=\"lazy\" decoding=\"async\" class=\"alignnone wp-image-20334\" src=\"http:\/\/www.smartheating.cz\/wp-content\/uploads\/2016\/09\/Smart-Air-Heater-2.png\" alt=\"smart-air-heater-2\" width=\"200\" height=\"99\" srcset=\"https:\/\/www.smartheating.cz\/wp-content\/uploads\/2016\/09\/Smart-Air-Heater-2.png 400w, https:\/\/www.smartheating.cz\/wp-content\/uploads\/2016\/09\/Smart-Air-Heater-2-300x148.png 300w\" sizes=\"auto, (max-width: 200px) 100vw, 200px\" \/><\/a><br \/>\n &nbsp;<\/td>\n<\/tr>\n<tr style=\"height: 120.28px;\">\n<td style=\"width: 204.5px; height: 120.28px;\"><a href=\"http:\/\/www.smartheating.cz\/wp-content\/uploads\/2016\/09\/Smart-Air-Heater-3.png\"><img loading=\"lazy\" decoding=\"async\" class=\"alignnone wp-image-20345\" src=\"http:\/\/www.smartheating.cz\/wp-content\/uploads\/2016\/09\/Smart-Air-Heater-3.png\" alt=\"smart-air-heater-3\" width=\"200\" height=\"99\" srcset=\"https:\/\/www.smartheating.cz\/wp-content\/uploads\/2016\/09\/Smart-Air-Heater-3.png 400w, https:\/\/www.smartheating.cz\/wp-content\/uploads\/2016\/09\/Smart-Air-Heater-3-300x148.png 300w\" sizes=\"auto, (max-width: 200px) 100vw, 200px\" \/><\/a><br \/>\n &nbsp;<\/td>\n<\/tr>\n<tr style=\"height: 109px;\">\n<td style=\"width: 204.5px; height: 109px;\"><a href=\"http:\/\/www.smartheating.cz\/wp-content\/uploads\/2016\/09\/Smart-Air-Heater-4.png\"><img loading=\"lazy\" decoding=\"async\" class=\"alignnone wp-image-20356\" src=\"http:\/\/www.smartheating.cz\/wp-content\/uploads\/2016\/09\/Smart-Air-Heater-4.png\" alt=\"smart-air-heater-4\" width=\"200\" height=\"99\" srcset=\"https:\/\/www.smartheating.cz\/wp-content\/uploads\/2016\/09\/Smart-Air-Heater-4.png 400w, https:\/\/www.smartheating.cz\/wp-content\/uploads\/2016\/09\/Smart-Air-Heater-4-300x148.png 300w\" sizes=\"auto, (max-width: 200px) 100vw, 200px\" \/><\/a><br \/>\n &nbsp;<\/td>\n<\/tr>\n<tr style=\"height: 177px;\">\n<td style=\"width: 204.5px; height: 177px;\"><a href=\"http:\/\/www.smartheating.cz\/wp-content\/uploads\/2016\/09\/Smart-Air-Heater-5.png\"><img loading=\"lazy\" decoding=\"async\" class=\"alignnone wp-image-20367\" src=\"http:\/\/www.smartheating.cz\/wp-content\/uploads\/2016\/09\/Smart-Air-Heater-5.png\" alt=\"smart-air-heater-5\" width=\"200\" height=\"167\" srcset=\"https:\/\/www.smartheating.cz\/wp-content\/uploads\/2016\/09\/Smart-Air-Heater-5.png 400w, https:\/\/www.smartheating.cz\/wp-content\/uploads\/2016\/09\/Smart-Air-Heater-5-300x250.png 300w\" sizes=\"auto, (max-width: 200px) 100vw, 200px\" \/><\/a><\/td>\n<\/tr>\n<\/tbody>\n<\/table>\n<h2 dir=\"LTR\" align=\"LEFT\">\u00cenc\u0103lzitoare Smart Air 360\u00b0 o unitate unic\u0103 de distribu\u021bie a aerului <\/h2>\n<p><span class=\"barva-modra\">Unit\u0103\u021bile \u00eenc\u0103lzitoarelor Smart Air 360\u00b0 sunt compuse dintr-un schimb\u0103tor de c\u0103ldur\u0103 cu o eficien\u021b\u0103 mare, ventilator axial \u0219i un dispozitiv unic proiectat de distribu\u021bie. Apa cald\u0103 este alimentat\u0103 dintr-un cazan extern \u0219i trece prin schimb\u0103torul de c\u0103ldur\u0103. Ventilatorul aspir\u0103 aerul din interiorul cl\u0103dirii prin schimb\u0103torul de c\u0103ldur\u0103 \u0219i introduce \u00een aceia\u0219i m\u0103sur\u0103 aerul cald prin 6 puncte de aer. <\/span><\/p>\n<p>\n <span class=\"barva-modra\">Cantitatea de aer \u0219i direc\u021biile pot fi ajustate prin clapetele din interiorului fiec\u0103rui punct. Unit\u0103\u021bile sunt ag\u0103\u021bate \u00een mijlocul cl\u0103dirii prin care o distribu\u021bie ideal\u0103 este garantat\u0103 tuturor col\u021burilor cl\u0103dirii. <\/span><\/p>\n<p><span class=\"barva-modra\">Aerul poate fi distribuit p\u00e2n\u0103 la 15 m, ulterior pentru case late de 30 de m. <\/span><\/p>\n<p>&nbsp;<\/p>\n<h2><span class=\"barva-modra\">Conducta de recirculare<\/span><\/h2>\n<p><span class=\"barva-modra\">Aerul cald atinge pere\u021bii laterali \u0219i urc\u0103 \u00een tavan, de unde se \u00eentoarce \u00een unitatea HW pentru o circula\u021bie natural\u0103 a aerului cald. <\/span><\/p>\n<p>&nbsp;<\/p>\n<h2>Avantaje<\/h2>\n<p><span class=\"barva-cervena\"><span style=\"color: #255aa3;\"><strong><span class=\"barva-cervena\">\u2022 <\/span><\/strong>Distribu\u021bia perfect\u0103 a c\u0103ldurii<br \/>\n <\/span><strong>\u2022<\/strong> <span style=\"color: #255aa3;\">Costuri sc\u0103zute cu energia <br \/>\n <\/span><\/span><span style=\"color: #255aa3;\"><span class=\"barva-cervena\"><strong>\u2022<\/strong> <\/span>N<\/span><span style=\"color: #255aa3;\">on-periculoase, f\u0103r\u0103 flac\u0103r\u0103 deschis\u0103<br \/>\n <span class=\"barva-cervena\"><strong>\u2022<\/strong> <\/span>Material ABS durabil <br \/>\n <span class=\"barva-cervena\"><strong>\u2022<\/strong> <\/span>Posibilitate de utilizare pentru r\u0103cire <br \/>\n <\/span><\/p>\n<p><span class=\"barva-modra\" style=\"font-size: 10pt;\">Unitatea este patentat\u0103 \u0219i \u00eenregistrat\u0103. <\/span><\/p>\n<h2>&nbsp;<\/h2>\n<table class=\" tabulka\" style=\"width: 678.14px;\">\n<tbody>\n<tr style=\"height: 24px;\">\n<td class=\"extra-tmava-bunka\" style=\"width: 111px; height: 24px;\">&nbsp;<\/td>\n<td class=\"extra-tmava-bunka\" style=\"width: 43px; height: 24px; text-align: center;\"><span style=\"font-size: 10pt;\">&nbsp;<\/span><\/td>\n<td class=\"extra-tmava-bunka\" style=\"width: 108px; height: 24px; text-align: center;\"><span style=\"font-size: 10pt;\">\u00cenc\u0103lzitor Smart Air 25 <\/span><\/td>\n<td class=\"extra-tmava-bunka\" style=\"width: 108px; height: 24px; text-align: center;\"><span style=\"font-size: 10pt;\">\u00cenc\u0103lzitor Smart Air 50<\/span><\/td>\n<td class=\"extra-tmava-bunka\" style=\"width: 108px; height: 24px; text-align: center;\"><span style=\"font-size: 10pt;\">\u00cenc\u0103lzitor Smart Air 60<\/span><\/td>\n<td class=\"extra-tmava-bunka\" style=\"width: 110.14px; height: 24px; text-align: center;\"><span style=\"font-size: 10pt;\">\u00cenc\u0103lzitor Smart Air 70<\/span><\/td>\n<\/tr>\n<tr style=\"height: 24px;\">\n<td style=\"width: 111px; height: 24px;\"><span style=\"font-size: 10pt;\">Deplasarea aerului<\/span><\/td>\n<td style=\"width: 43px; height: 24px; text-align: center;\"><span style=\"font-size: 10pt;\">&nbsp;<\/span><\/td>\n<td style=\"width: 108px; height: 24px; text-align: center;\"><span style=\"font-size: 10pt;\">3 000 m<sup>3<\/sup>\/h<\/span><\/td>\n<td style=\"width: 108px; height: 24px; text-align: center;\"><span style=\"font-size: 10pt;\">10 400 m<sup>3<\/sup>\/h<\/span><\/td>\n<td style=\"width: 108px; height: 24px; text-align: center;\"><span style=\"font-size: 10pt;\">10 400 m<sup>3<\/sup>\/h<\/span><\/td>\n<td style=\"width: 110.14px; height: 24px; text-align: center;\"><span style=\"font-size: 10pt;\">10 400 m<sup>3<\/sup>\/h<\/span><\/td>\n<\/tr>\n<tr style=\"height: 24px;\">\n<td style=\"width: 111px; height: 24px;\"><span style=\"font-size: 10pt;\">Ventilator <\/span><\/td>\n<td style=\"width: 43px; height: 24px; text-align: center;\"><span style=\"font-size: 10pt;\">&nbsp;<\/span><\/td>\n<td style=\"width: 108px; height: 24px; text-align: center;\"><span style=\"font-size: 10pt;\">230 V\/0,9 A<br \/>\n 170 W\/ 1400 RPM<\/span><\/td>\n<td style=\"width: 108px; height: 24px; text-align: center;\"><span style=\"font-size: 10pt;\">400 V\/1,3 A<br \/>\n 600 W\/900 RPM<\/span><\/td>\n<td style=\"width: 108px; height: 24px; text-align: center;\"><span style=\"font-size: 10pt;\">400 V\/1,3 A<br \/>\n 600 W\/900 RPM<\/span><\/td>\n<td style=\"width: 110.14px; height: 24px; text-align: center;\"><span style=\"font-size: 10pt;\">400 V\/1,3 A<br \/>\n 600 W\/900 RPM<\/span><\/td>\n<\/tr>\n<tr style=\"height: 24px;\">\n<td style=\"width: 111px; height: 24px;\"><span style=\"font-size: 10pt;\">M\u0103sur\u0103toare<\/span><\/td>\n<td style=\"width: 43px; height: 24px; text-align: center;\">&nbsp;<\/td>\n<td style=\"width: 108px; height: 24px; text-align: center;\"><span style=\"font-size: 10pt;\">830 x 535 x 860<\/span><\/td>\n<td style=\"width: 108px; height: 24px; text-align: center;\"><span style=\"font-size: 10pt;\">1115 x 1062 x 920<\/span><\/td>\n<td style=\"width: 108px; height: 24px; text-align: center;\"><span style=\"font-size: 10pt;\">1115 x 1062 x 950<\/span><\/td>\n<td style=\"width: 110.14px; height: 24px; text-align: center;\"><span style=\"font-size: 10pt;\">1115 x 1062 x 980<\/span><\/td>\n<\/tr>\n<tr style=\"height: 24.53px;\">\n<td style=\"width: 111px; height: 24.53px;\"><span style=\"font-size: 10pt;\">Conexiunea la app\u0103 <\/span><\/td>\n<td style=\"width: 43px; height: 24.53px; text-align: center;\"><span style=\"font-size: 10pt;\">&nbsp;<\/span><\/td>\n<td style=\"width: 108px; height: 24.53px; text-align: center;\"><span style=\"font-size: 10pt;\">G 3\/4\u201d<\/span><\/td>\n<td style=\"width: 108px; height: 24.53px; text-align: center;\"><span style=\"font-size: 10pt;\">G 1\u201d<\/span><\/td>\n<td style=\"width: 108px; height: 24.53px; text-align: center;\"><span style=\"font-size: 10pt;\">G 5\/4\u201d<\/span><\/td>\n<td style=\"width: 110.14px; height: 24.53px; text-align: center;\"><span style=\"font-size: 10pt;\">G 5\/4\u201d<\/span><\/td>\n<\/tr>\n<tr style=\"height: 24px;\">\n<td style=\"width: 111px; height: 24px;\"><span style=\"font-size: 10pt;\">Greutatea incluz\u00e2nd apa<\/span><\/td>\n<td style=\"width: 43px; height: 24px; text-align: center;\">&nbsp;<\/td>\n<td style=\"width: 108px; height: 24px; text-align: center;\"><span style=\"font-size: 10pt;\">32 kg<\/span><\/td>\n<td style=\"width: 108px; height: 24px; text-align: center;\"><span style=\"font-size: 10pt;\">82 kg<\/span><\/td>\n<td style=\"width: 108px; height: 24px; text-align: center;\"><span style=\"font-size: 10pt;\">86 kg<\/span><\/td>\n<td style=\"width: 110.14px; height: 24px; text-align: center;\"><span style=\"font-size: 10pt;\">90 kg<\/span><\/td>\n<\/tr>\n<tr style=\"height: 24px;\">\n<td class=\"extra-tmava-bunka\" style=\"width: 111px; height: 24px;\">&nbsp;<\/td>\n<td class=\"extra-tmava-bunka\" style=\"width: 43px; height: 24px;\">&nbsp;<\/td>\n<td class=\"extra-tmava-bunka\" style=\"width: 434.14px; height: 24px; text-align: center;\" colspan=\"4\"><span style=\"font-size: 10pt;\">Performan\u021ba la 80 \u00b0C \u2013 65 \u00b0C temperatura apei <\/span><\/td>\n<\/tr>\n<tr style=\"height: 24px;\">\n<td style=\"width: 111px; height: 24px;\"><span style=\"font-size: 10pt;\">Temperatura ambiental\u0103 la: <\/span><\/td>\n<td style=\"width: 43px; height: 24px; text-align: center;\"><span style=\"font-size: 10pt;\">20 \u00b0C<\/span><\/td>\n<td style=\"width: 108px; height: 24px; text-align: center;\"><span style=\"font-size: 10pt;\">28 kW &#8211; 1,3 m<sup>3<\/sup>\/h &#8211; 20 kPa<\/span><\/td>\n<td style=\"width: 108px; height: 24px; text-align: center;\"><span style=\"font-size: 10pt;\">75 kW &#8211; 3,3 m<sup>3<\/sup>\/h &#8211; 37 kPa<\/span><\/td>\n<td style=\"width: 108px; height: 24px; text-align: center;\"><span style=\"font-size: 10pt;\">93 kW &#8211; 4,2 m<sup>3<\/sup>\/h &#8211; 35 kPa<\/span><\/td>\n<td style=\"width: 110.14px; height: 24px; text-align: center;\"><span style=\"font-size: 10pt;\">111 kW &#8211; 4,9 m<sup>3<\/sup>\/h &#8211;&nbsp;38 kPa<\/span><\/td>\n<\/tr>\n<tr style=\"height: 24px;\">\n<td class=\"extra-tmava-bunka\" style=\"width: 111px; height: 24px;\"><span style=\"font-size: 10pt;\">Greutatea incluz\u00e2nd apa<\/span><\/td>\n<td class=\"extra-tmava-bunka\" style=\"width: 43px; height: 24px; text-align: center;\"><span style=\"font-size: 10pt;\">&nbsp;<\/span><\/td>\n<td class=\"extra-tmava-bunka\" style=\"width: 434.14px; height: 24px; text-align: center;\" colspan=\"4\"><span style=\"font-size: 10pt;\">Performan\u021ba la 80 \u00b0C \u2013 65 \u00b0C temperatura apei <\/span><\/td>\n<\/tr>\n<tr style=\"height: 24px;\">\n<td style=\"width: 111px; height: 24px;\"><span style=\"font-size: 10pt;\">Temperatura ambiental\u0103 la: <\/span><\/td>\n<td style=\"width: 43px; height: 24px; text-align: center;\"><span style=\"font-size: 10pt;\">20 \u00b0C<\/span><\/td>\n<td style=\"width: 108px; height: 24px; text-align: center;\"><span style=\"font-size: 10pt;\">25 kW &#8211; 1,5 m<sup>3<\/sup>\/h &#8211; 27 kPa<\/span><\/td>\n<td style=\"width: 108px; height: 24px; text-align: center;\"><span style=\"font-size: 10pt;\">66 kW &#8211; 3,9 m<sup>3<\/sup>\/h &#8211; 50 kPa<\/span><\/td>\n<td style=\"width: 108px; height: 24px; text-align: center;\"><span style=\"font-size: 10pt;\">82 kW &#8211; 4,8 m<sup>3<\/sup>\/h &#8211; 47 kPa<\/span><\/td>\n<td style=\"width: 110.14px; height: 24px; text-align: center;\"><span style=\"font-size: 10pt;\">97 kW &#8211; 5,7 m<sup>3<\/sup>\/h &#8211; 51 kPa<\/span><\/td>\n<\/tr>\n<\/tbody>\n<\/table>\n<p>&nbsp;<\/p>\n<h2>Galerie foto:<\/h2>\n<p>&nbsp;<\/p>\n","protected":false},"excerpt":{"rendered":"<p>&nbsp; &nbsp; &nbsp; &nbsp; &nbsp; &nbsp;&nbsp;&nbsp; &nbsp; &nbsp; &nbsp; \u2022 Corp ABS u\u0219or \u2022 15-30 Metri 360\u00b0 Evacuare de aer \u2022 Flan\u0219e din o\u021bel inoxidabil pentru reglarea fluxului de aer \u2022 Schimb\u0103tor cu strat dublu \u2022 Capacitate &gt;10.000 m3 pe or\u0103 \u2022 \u00cenc\u0103lzire\/Uscare f\u0103r\u0103 produc\u021bie de CO2 \u2022 Mediu mai bun pentru \u2022 \u00cenc\u0103lzire uscat\u0103 [&hellip;]<\/p>\n","protected":false},"author":2,"featured_media":0,"parent":0,"menu_order":0,"comment_status":"closed","ping_status":"closed","template":"","meta":{"ngg_post_thumbnail":0,"footnotes":""},"class_list":["post-34318","page","type-page","status-publish","hentry"],"_links":{"self":[{"href":"https:\/\/www.smartheating.cz\/ro\/wp-json\/wp\/v2\/pages\/34318","targetHints":{"allow":["GET"]}}],"collection":[{"href":"https:\/\/www.smartheating.cz\/ro\/wp-json\/wp\/v2\/pages"}],"about":[{"href":"https:\/\/www.smartheating.cz\/ro\/wp-json\/wp\/v2\/types\/page"}],"author":[{"embeddable":true,"href":"https:\/\/www.smartheating.cz\/ro\/wp-json\/wp\/v2\/users\/2"}],"replies":[{"embeddable":true,"href":"https:\/\/www.smartheating.cz\/ro\/wp-json\/wp\/v2\/comments?post=34318"}],"version-history":[{"count":0,"href":"https:\/\/www.smartheating.cz\/ro\/wp-json\/wp\/v2\/pages\/34318\/revisions"}],"wp:attachment":[{"href":"https:\/\/www.smartheating.cz\/ro\/wp-json\/wp\/v2\/media?parent=34318"}],"curies":[{"name":"wp","href":"https:\/\/api.w.org\/{rel}","templated":true}]}}