{"id":31215,"date":"2014-06-07T10:05:14","date_gmt":"2014-06-07T09:05:14","guid":{"rendered":"http:\/\/www.smartheating.cz\/contacts\/"},"modified":"2025-11-10T10:18:20","modified_gmt":"2025-11-10T09:18:20","slug":"contacts","status":"publish","type":"page","link":"https:\/\/www.smartheating.cz\/ro\/contacts\/","title":{"rendered":"Contacts"},"content":{"rendered":"<h3>&nbsp;<br \/>\nContacte:<\/h3>\n<p class=\"intro\"><span class=\"barva-modra\"><strong><em><a><span style=\"color: #255aa3;\">Adresa de facturare: <\/span><\/a><\/em><br \/>\n<\/strong><\/span><span class=\"barva-modra\">Smart Heating Technology s.r.o.<\/span><br \/>\n<span class=\"barva-modra\"> U Statku 653\/24<\/span><br \/>\n<span class=\"barva-modra\"> 717 00 Ostrava-Bartovice<\/span><br \/>\n<span class=\"barva-modra\">Republica Ceh\u0103<\/span><\/p>\n<p class=\"intro\"><span class=\"barva-modra\">ID: 28616774<\/span><br \/>\n<span class=\"barva-modra\">VAT: CZ28616774<\/span><\/p>\n<p class=\"intro\">&nbsp;<\/p>\n<table class=\"relative\" width=\"100%\">\n<tbody>\n<tr>\n<td width=\"54%\">&nbsp;<img loading=\"lazy\" decoding=\"async\" class=\"alignnone wp-image-35014\" src=\"https:\/\/www.smartheating.cz\/wp-content\/uploads\/2014\/06\/SMART_Kotel_Rumunsko2.png\" alt=\"\" width=\"470\" height=\"193\" srcset=\"https:\/\/www.smartheating.cz\/wp-content\/uploads\/2014\/06\/SMART_Kotel_Rumunsko2.png 1453w, https:\/\/www.smartheating.cz\/wp-content\/uploads\/2014\/06\/SMART_Kotel_Rumunsko2-300x123.png 300w, https:\/\/www.smartheating.cz\/wp-content\/uploads\/2014\/06\/SMART_Kotel_Rumunsko2-768x316.png 768w, https:\/\/www.smartheating.cz\/wp-content\/uploads\/2014\/06\/SMART_Kotel_Rumunsko2-1024x421.png 1024w, https:\/\/www.smartheating.cz\/wp-content\/uploads\/2014\/06\/SMART_Kotel_Rumunsko2-600x247.png 600w\" sizes=\"auto, (max-width: 470px) 100vw, 470px\" \/><\/td>\n<td width=\"2%\">&nbsp;<\/td>\n<td width=\"54%\">\n<p style=\"text-align: right;\"><span class=\"barva-modra\">GPS: 49\u00b047&#8217;17.2&#8243;N<br \/>\n<span class=\"barva-modra\">18\u00b021&#8217;08.3&#8243;E<\/span><\/span><\/p>\n<p>&nbsp;<\/p>\n<p style=\"text-align: right;\"><a href=\"https:\/\/www.google.com\/maps\/place\/U+Statku+218%2F24,+717+00+Ostrava-Radvanice+a+Bartovice,+Czech+Republic\/@49.788535,18.351159,14z\/data=!4m2!3m1!1s0x4713fb8f0838370d:0xb42efc7b5552a057?hl=en\"><img loading=\"lazy\" decoding=\"async\" src=\"https:\/\/www.smartheating.cz\/wp-content\/uploads\/2014\/06\/logo-google.png\" alt=\"logo-google\" width=\"178\" height=\"67\"><\/a><a href=\"http:\/\/www.mapy.cz\/zakladni?x=18.3510104&amp;y=49.7882650&amp;z=15&amp;source=addr&amp;id=11642360\"><img loading=\"lazy\" decoding=\"async\" src=\"https:\/\/www.smartheating.cz\/wp-content\/uploads\/2014\/06\/logo-mapy.png\" alt=\"logo-mapy\" width=\"153\" height=\"67\"><\/a><\/p>\n<\/td>\n<\/tr>\n<\/tbody>\n<\/table>\n<p class=\"intro\"><span class=\"barva-modra\">&nbsp;<\/span><\/p>\n<p class=\"intro\"><span class=\"barva-modra\"><a href=\"https:\/\/www.smartheating.cz\/wp-content\/uploads\/2021\/03\/SMART_Access_map.jpg\"><img loading=\"lazy\" decoding=\"async\" class=\"alignright wp-image-45384\" src=\"https:\/\/www.smartheating.cz\/wp-content\/uploads\/2021\/01\/SMART_Mapka_web_Senov_1.jpg\" alt=\"\" width=\"500\" height=\"292\" srcset=\"https:\/\/www.smartheating.cz\/wp-content\/uploads\/2021\/01\/SMART_Mapka_web_Senov_1.jpg 560w, https:\/\/www.smartheating.cz\/wp-content\/uploads\/2021\/01\/SMART_Mapka_web_Senov_1-300x175.jpg 300w\" sizes=\"auto, (max-width: 500px) 100vw, 500px\" \/><\/a><\/span><\/p>\n<p class=\"intro\"><span class=\"barva-modra\"><em><a><strong><span style=\"color: #255aa3;\">Adresa de livrare:&nbsp;<\/span><\/strong><\/a><\/em><br \/>\nSmart Heating Technology s.r.o.<br \/>\nDukelsk\u00e1 110<br \/>\n742 42 \u0160enov u Nov\u00e9ho Ji\u010d\u00edna<br \/>\nRepublica Ceh\u0103<\/span><\/p>\n<p><span class=\"barva-modra\">GPS:<\/span><br \/>\n<span class=\"barva-modra\">49\u00b036&#8217;38.5&#8243;N, <\/span><span class=\"barva-modra\">17\u00b059&#8217;45.7&#8243;E<span class=\"barva-modra\"><br \/>\n<span class=\"barva-modra\"><a href=\"https:\/\/www.google.cz\/maps\/place\/Dukelsk%C3%A1+125,+742+42+%C5%A0enov+u+Nov%C3%A9ho+Ji%C4%8D%C3%ADna\/@49.6103758,17.9960265,17z\/data=!3m1!4b1!4m2!3m1!1s0x4713eb3788a2577d:0xe04cd12dc16fb541?hl=cs\"><img loading=\"lazy\" decoding=\"async\" class=\" alignnone\" src=\"https:\/\/www.smartheating.cz\/wp-content\/uploads\/2014\/06\/logo-google.png\" alt=\"logo-google\" width=\"178\" height=\"67\"><\/a><span class=\"barva-modra\"><a href=\"http:\/\/mapy.cz\/s\/gCz8\"><img loading=\"lazy\" decoding=\"async\" class=\"alignnone\" src=\"https:\/\/www.smartheating.cz\/wp-content\/uploads\/2014\/06\/logo-mapy.png\" alt=\"logo-mapy\" width=\"153\" height=\"67\"><\/a><\/span><\/span><\/span><\/span><\/p>\n<p><span class=\"obrazek-pod-textem\"><img loading=\"lazy\" decoding=\"async\" class=\"alignnone wp-image-462\" src=\"https:\/\/www.smartheating.cz\/wp-content\/uploads\/2014\/06\/kontakt-bg.png\" alt=\"kontakt-bg\" width=\"520\" height=\"304\" srcset=\"https:\/\/www.smartheating.cz\/wp-content\/uploads\/2014\/06\/kontakt-bg.png 560w, https:\/\/www.smartheating.cz\/wp-content\/uploads\/2014\/06\/kontakt-bg-300x175.png 300w\" sizes=\"auto, (max-width: 520px) 100vw, 520px\" \/><\/span><\/p>\n<table class=\" tabulka-kontakt\" style=\"width: 97.2837%;\" border=\"0\" cellspacing=\"0\" cellpadding=\"0\">\n<tbody>\n<tr class=\"tmavy\" style=\"height: 18px;\">\n<td class=\"funkce\" style=\"height: 18px; width: 29.9505%;\">&nbsp;<\/td>\n<td class=\"funkce\" style=\"height: 18px; width: 18.9356%;\"><span class=\"ubuntu\">Phone<\/span>:<\/td>\n<td class=\"funkce\" style=\"height: 18px; width: 49.7525%;\"><span class=\"ubuntu\">Mail:<\/span><\/td>\n<\/tr>\n<tr class=\"tmavy\" style=\"height: 24px;\">\n<td style=\"height: 24px; width: 29.9505%;\">Front Office<\/td>\n<td style=\"height: 24px; width: 18.9356%;\">+ 420 777 258 481<\/td>\n<td style=\"height: 24px; width: 49.7525%;\"><a href=\"mailto:Info@SmartHeating.cz\">Info@SmartHeating.cz<\/a><\/td>\n<\/tr>\n<tr>\n<td style=\"width: 29.9505%;\"><span class=\"ubuntu\">Financial and Sales Departments<\/span><\/td>\n<td style=\"width: 18.9356%;\">+ 420 732 382 387<\/td>\n<td style=\"width: 49.7525%;\"><a href=\"mailto:office@SmartHeating.cz\">Office@SmartHeating.cz<\/a><\/td>\n<\/tr>\n<tr class=\"tmavy\">\n<td style=\"width: 29.9505%;\"><span class=\"ubuntu\"><span class=\"tlid-translation translation\"><span class=\"\" title=\"\">Billing <\/span><\/span>Department<\/span><\/td>\n<td style=\"width: 18.9356%;\">+ 420 732 382 387<\/td>\n<td style=\"width: 49.7525%;\"><a href=\"mailto:invoices@smartheating.cz\">Invoices@SmartHeating.cz<\/a><\/td>\n<\/tr>\n<tr>\n<td style=\"width: 29.9505%;\"><span class=\"ubuntu\">Purchasing Department<\/span><\/td>\n<td style=\"width: 18.9356%;\">+ 420 734 751 655<\/td>\n<td style=\"width: 49.7525%;\"><a href=\"mailto:Sales@SmartHeating.cz\">Sales@SmartHeating.cz<\/a><\/td>\n<\/tr>\n<tr>\n<tr class=\"tmavy\" style=\"height: 18px;\">\n<td style=\"width: 29.9505%;\"><span class=\"ubuntu\">Service Department<\/span> \/ Hot-line<\/td>\n<td style=\"width: 18.9356%;\">+ 420 734 751 681<\/td>\n<td style=\"width: 49.7525%;\"><a href=\"mailto:Service@SmartHeating.cz\">Service@SmartHeating.cz<\/a><\/td>\n<\/tr>\n<\/tbody>\n<\/table>\n<p><a href=\"https:\/\/www.smartheating.cz\/wp-content\/uploads\/2014\/06\/kontakt-areal.png\"><img loading=\"lazy\" decoding=\"async\" class=\"alignnone size-full wp-image-31216\" src=\"https:\/\/www.smartheating.cz\/wp-content\/uploads\/2014\/06\/kontakt-areal.png\" alt=\"kontakt-areal\" width=\"862\" height=\"586\" srcset=\"https:\/\/www.smartheating.cz\/wp-content\/uploads\/2014\/06\/kontakt-areal.png 862w, https:\/\/www.smartheating.cz\/wp-content\/uploads\/2014\/06\/kontakt-areal-300x203.png 300w, https:\/\/www.smartheating.cz\/wp-content\/uploads\/2014\/06\/kontakt-areal-600x407.png 600w\" sizes=\"auto, (max-width: 862px) 100vw, 862px\" \/><\/a><\/p>\n","protected":false},"excerpt":{"rendered":"<p>&nbsp; Contacte: Adresa de facturare: Smart Heating Technology s.r.o. U Statku 653\/24 717 00 Ostrava-Bartovice Republica Ceh\u0103 ID: 28616774 VAT: CZ28616774 &nbsp; &nbsp; &nbsp; GPS: 49\u00b047&#8217;17.2&#8243;N 18\u00b021&#8217;08.3&#8243;E &nbsp; &nbsp; Adresa de livrare:&nbsp; Smart Heating Technology s.r.o. Dukelsk\u00e1 110 742 42 \u0160enov u Nov\u00e9ho Ji\u010d\u00edna Republica Ceh\u0103 GPS: 49\u00b036&#8217;38.5&#8243;N, 17\u00b059&#8217;45.7&#8243;E &nbsp; Phone: Mail: Front Office + [&hellip;]<\/p>\n","protected":false},"author":1,"featured_media":0,"parent":0,"menu_order":61,"comment_status":"closed","ping_status":"closed","template":"page-h1.php","meta":{"ngg_post_thumbnail":0,"footnotes":""},"class_list":["post-31215","page","type-page","status-publish","hentry"],"_links":{"self":[{"href":"https:\/\/www.smartheating.cz\/ro\/wp-json\/wp\/v2\/pages\/31215","targetHints":{"allow":["GET"]}}],"collection":[{"href":"https:\/\/www.smartheating.cz\/ro\/wp-json\/wp\/v2\/pages"}],"about":[{"href":"https:\/\/www.smartheating.cz\/ro\/wp-json\/wp\/v2\/types\/page"}],"author":[{"embeddable":true,"href":"https:\/\/www.smartheating.cz\/ro\/wp-json\/wp\/v2\/users\/1"}],"replies":[{"embeddable":true,"href":"https:\/\/www.smartheating.cz\/ro\/wp-json\/wp\/v2\/comments?post=31215"}],"version-history":[{"count":12,"href":"https:\/\/www.smartheating.cz\/ro\/wp-json\/wp\/v2\/pages\/31215\/revisions"}],"predecessor-version":[{"id":49505,"href":"https:\/\/www.smartheating.cz\/ro\/wp-json\/wp\/v2\/pages\/31215\/revisions\/49505"}],"wp:attachment":[{"href":"https:\/\/www.smartheating.cz\/ro\/wp-json\/wp\/v2\/media?parent=31215"}],"curies":[{"name":"wp","href":"https:\/\/api.w.org\/{rel}","templated":true}]}}