{"id":30959,"date":"2014-09-10T10:31:27","date_gmt":"2014-09-10T09:31:27","guid":{"rendered":"http:\/\/www.smartheating.cz\/mobile-boiler-smart-greenhouse-heating-solution\/"},"modified":"2018-02-01T14:51:55","modified_gmt":"2018-02-01T13:51:55","slug":"mobile-boiler-smart-greenhouse-heating-solution","status":"publish","type":"page","link":"https:\/\/www.smartheating.cz\/ro\/mobile-boiler-smart-greenhouse-heating-solution\/","title":{"rendered":"Mobile boiler SMART GREENHOUSE HEATING SOLUTION"},"content":{"rendered":"<h1 class=\"title\">Camerele cazanelor mobile<br \/>\n <span class=\"mezera-dole-0\"><strong>CABINA TIP SER\u0102 SMART<\/strong><\/span><\/h1>\n<p><span class=\"obrazek-pod-textem\"><img loading=\"lazy\" decoding=\"async\" class=\"alignnone size-full wp-image-33880\" src=\"https:\/\/www.smartheating.cz\/wp-content\/uploads\/2014\/09\/mobilni_kotelny_uvodni_obrazek_Rumunsko_obyc_drevo.png\" alt=\"\" width=\"864\" height=\"515\" srcset=\"https:\/\/www.smartheating.cz\/wp-content\/uploads\/2014\/09\/mobilni_kotelny_uvodni_obrazek_Rumunsko_obyc_drevo.png 864w, https:\/\/www.smartheating.cz\/wp-content\/uploads\/2014\/09\/mobilni_kotelny_uvodni_obrazek_Rumunsko_obyc_drevo-300x179.png 300w, https:\/\/www.smartheating.cz\/wp-content\/uploads\/2014\/09\/mobilni_kotelny_uvodni_obrazek_Rumunsko_obyc_drevo-768x458.png 768w, https:\/\/www.smartheating.cz\/wp-content\/uploads\/2014\/09\/mobilni_kotelny_uvodni_obrazek_Rumunsko_obyc_drevo-600x358.png 600w\" sizes=\"auto, (max-width: 864px) 100vw, 864px\" \/><\/span><\/p>\n<p>&nbsp;<\/p>\n<p>&nbsp;<\/p>\n<p>&nbsp;<\/p>\n<p>&nbsp;<\/p>\n<p>&nbsp;<\/p>\n<p>&nbsp;<\/p>\n<p>&nbsp;<\/p>\n<p>&nbsp;<\/p>\n<p>&nbsp;<\/p>\n<p>&nbsp;<\/p>\n<p><span class=\"barva-modra\">\u2022 Solutie de aprovizionare complet\u0103 a containerului mobil sau solu\u021bia de aprovizionare individual\u0103 a cazanului Biomass \u2022 Op\u021biune de \u00eenc\u0103lzire cu ap\u0103\/aer cald \u2022 Solu\u021bie complet\u0103 hidraulic\u0103 \u0219i electric\u0103 pentru \u00eenc\u0103lzirea mai multor sere \u2022 Instalarea a 2-4 termostate \u00een fiecare ser\u0103 \u2022 Reglarea \u0219i monitorizarea complete a tuturor circuitelor de \u00eenc\u0103lzire \u2022 Control \u0219i monitarizare de la distan\u021b\u0103 prin Internet\/GSM \u2022 Notificare \u00een timp real a modific\u0103rilor condi\u021biilor de lucru<br \/>\n <\/span><\/p>\n<h2 dir=\"LTR\" align=\"LEFT\">&nbsp;<\/h2>\n<h2 dir=\"LTR\" align=\"LEFT\">Variantele de design pentru ventiltoare interioare:<\/h2>\n<table>\n<tbody>\n<tr>\n<td><a href=\"https:\/\/www.smartheating.cz\/wp-content\/uploads\/2014\/08\/fukar1-300x225.jpg\"><img loading=\"lazy\" decoding=\"async\" class=\"alignnone wp-image-1612 size-medium\" src=\"https:\/\/www.smartheating.cz\/wp-content\/uploads\/2014\/08\/fukar1-300x225.jpg\" alt=\"fukar1\" width=\"300\" height=\"225\" srcset=\"https:\/\/www.smartheating.cz\/wp-content\/uploads\/2014\/08\/fukar1-300x225.jpg 300w, https:\/\/www.smartheating.cz\/wp-content\/uploads\/2014\/08\/fukar1-600x450.jpg 600w, https:\/\/www.smartheating.cz\/wp-content\/uploads\/2014\/08\/fukar1.jpg 1000w\" sizes=\"auto, (max-width: 300px) 100vw, 300px\" \/><\/a>&nbsp;<\/td>\n<td>&nbsp;<a href=\"https:\/\/www.smartheating.cz\/wp-content\/uploads\/2014\/08\/ventilator1-300x300.jpg\"><img loading=\"lazy\" decoding=\"async\" class=\"alignnone wp-image-1613\" src=\"https:\/\/www.smartheating.cz\/wp-content\/uploads\/2014\/08\/ventilator1-300x300.jpg\" alt=\"ventilator1\" width=\"225\" height=\"225\" srcset=\"https:\/\/www.smartheating.cz\/wp-content\/uploads\/2014\/08\/ventilator1-300x300.jpg 300w, https:\/\/www.smartheating.cz\/wp-content\/uploads\/2014\/08\/ventilator1-150x150.jpg 150w, https:\/\/www.smartheating.cz\/wp-content\/uploads\/2014\/08\/ventilator1-600x600.jpg 600w, https:\/\/www.smartheating.cz\/wp-content\/uploads\/2014\/08\/ventilator1.jpg 1000w\" sizes=\"auto, (max-width: 225px) 100vw, 225px\" \/><\/a><\/td>\n<td>&nbsp;<\/td>\n<td><a href=\"https:\/\/www.smartheating.cz\/wp-content\/uploads\/2014\/08\/ventilator2-300x225.jpg\"><img loading=\"lazy\" decoding=\"async\" class=\"alignnone wp-image-1614 size-medium\" src=\"https:\/\/www.smartheating.cz\/wp-content\/uploads\/2014\/08\/ventilator2-300x225.jpg\" alt=\"ventilator2\" width=\"300\" height=\"225\" srcset=\"https:\/\/www.smartheating.cz\/wp-content\/uploads\/2014\/08\/ventilator2-300x225.jpg 300w, https:\/\/www.smartheating.cz\/wp-content\/uploads\/2014\/08\/ventilator2-600x450.jpg 600w, https:\/\/www.smartheating.cz\/wp-content\/uploads\/2014\/08\/ventilator2.jpg 1000w\" sizes=\"auto, (max-width: 300px) 100vw, 300px\" \/><\/a>&nbsp;<\/td>\n<\/tr>\n<\/tbody>\n<\/table>\n<h2>&nbsp;<\/h2>\n<h2 dir=\"LTR\" align=\"LEFT\">Solutii Smart de incalzire tip ser\u0103 Variantele solu\u021biei:<\/h2>\n<p><strong><span class=\"barva-cervena\">\u2022<\/span> <\/strong><span class=\"barva-modra\">\u00cenc\u0103lzirea tip ser\u0103 cu ap\u0103 cald\u0103\/ aer cald\/ preg\u0103tirea apei calde pentru uz domestic<\/span><br \/>\n <strong><span class=\"barva-cervena\">\u2022<\/span> <\/strong><span class=\"barva-modra\">Ferme de p\u0103s\u0103ri \u2013 \u00eenc\u0103lzire cu ap\u0103 cald\u0103\/aer cald\/\/ preg\u0103tirea apei calde pentru uz domestic<\/span><br \/>\n <strong><span class=\"barva-cervena\">\u2022<\/span> <\/strong><span class=\"barva-modra\">Ferme de bovine &#8211; \u00eenc\u0103lzire cu ap\u0103 cald\u0103\/aer cald\/\/ preg\u0103tirea apei calde pentru uz domestic<\/span><br \/>\n <strong><span class=\"barva-cervena\">\u2022<\/span> <\/strong><span class=\"barva-modra\">Ferme de porcine \u2013 \u00eenc\u0103lzire cu ap\u0103 cald\u0103\/aer cald\/\/ preg\u0103tirea apei calde pentru uz domestic<\/span><br \/>\n <strong><span class=\"barva-cervena\">\u2022<\/span> <\/strong><span class=\"barva-modra\">Ferme piscicole \u2013 \u00eenc\u0103lzire cu ap\u0103 cald\u0103\/aer cald\/\/ preg\u0103tirea apei calde pentru uz domestic<\/span><br \/>\n <strong><span class=\"barva-cervena\">\u2022<\/span>&nbsp;<\/strong><span class=\"barva-modra\">ZOO \u2013 \u00eenc\u0103lzire cu ap\u0103 cald\u0103\/aer cald\/\/ preg\u0103tirea apei calde pentru uz domestic<\/span><br \/>\n <strong><span class=\"barva-cervena\">\u2022<\/span> <\/strong><span class=\"barva-modra\">Solutii de uscare a materialului \u0219i preg\u0103tirea apei calde pentru uz domestic<\/span><\/p>\n<p>&nbsp;<\/p>\n<h2><span class=\"hps\">Echipamentul camerei cazanului<\/span>:<\/h2>\n<table>\n<tbody>\n<tr>\n<td width=\"66%\"><a href=\"https:\/\/www.smartheating.cz\/wp-content\/uploads\/2014\/07\/kotelna-smart-cabin3.jpg\"><img loading=\"lazy\" decoding=\"async\" class=\"alignnone size-full wp-image-397\" src=\"https:\/\/www.smartheating.cz\/wp-content\/uploads\/2014\/07\/kotelna-smart-cabin3.jpg\" alt=\"kotelna-smart-cabin3\" width=\"567\" height=\"249\" srcset=\"https:\/\/www.smartheating.cz\/wp-content\/uploads\/2014\/07\/kotelna-smart-cabin3.jpg 567w, https:\/\/www.smartheating.cz\/wp-content\/uploads\/2014\/07\/kotelna-smart-cabin3-300x131.jpg 300w\" sizes=\"auto, (max-width: 567px) 100vw, 567px\" \/><\/a>&nbsp;<\/td>\n<td width=\"1%\">&nbsp;<\/td>\n<td width=\"33%\">&nbsp;<br \/>\n <span class=\"barva-modra ubuntu\"><span class=\"barva-modra ubuntu\"><span class=\"barva-modra ubuntu\">Boiler <\/span><\/span>SMART 150\u2013500 kW<\/span><\/p>\n<p><a href=\"https:\/\/www.smartheating.cz\/ro\/smart-150-kw\/\">SMART 150 kW<\/a><br \/>\n <a href=\"https:\/\/www.smartheating.cz\/ro\/smart-180-kw\/\">SMART 180 kW<\/a><br \/>\n <a href=\"https:\/\/www.smartheating.cz\/ro\/smart-200-kw\/\">SMART 200 kW<\/a><br \/>\n <a href=\"https:\/\/www.smartheating.cz\/ro\/smart-200-kw\/\">SMART 220 kW<\/a><br \/>\n <a href=\"https:\/\/www.smartheating.cz\/ro\/smart-250-kw\/\">SMART 250 kW<\/a><br \/>\n <a href=\"https:\/\/www.smartheating.cz\/ro\/smart-300-kw\/\">SMART 300 kW<\/a><br \/>\n <a href=\"https:\/\/www.smartheating.cz\/ro\/smart-350-kw\/\">SMART 350 kW<br \/>\n <\/a><a href=\"https:\/\/www.smartheating.cz\/ro\/smart-400-kw\/\">SMART 400 kW<\/a><br \/>\n <a href=\"https:\/\/www.smartheating.cz\/ro\/smart-450-kw\/\">SMART 450 kW<\/a><br \/>\n <a href=\"https:\/\/www.smartheating.cz\/ro\/smart-500-kw\/\">SMART 500 kW<\/a><\/p>\n<\/td>\n<\/tr>\n<\/tbody>\n<\/table>\n<p>&nbsp;<\/p>\n<table class=\" tabulka\" style=\"width: 863px;\">\n<tbody>\n<tr>\n<td class=\"extra-tmava-bunka\" style=\"text-align: center;\" colspan=\"11\"><span style=\"font-size: 10pt;\">INFORMA\u021aII TEHNICE AL CAZANULUI SMART<\/span><\/td>\n<\/tr>\n<tr>\n<td class=\"extra-tmava-bunka\"><span style=\"font-size: 10pt;\">Marcare<\/span><\/td>\n<td class=\"extra-tmava-bunka\" style=\"text-align: center;\"><span style=\"font-size: 10pt;\">&nbsp;<\/span><\/td>\n<td class=\"extra-tmava-bunka\" style=\"text-align: center;\"><span style=\"font-size: 10pt;\">150&nbsp;<\/span><\/td>\n<td class=\"extra-tmava-bunka\" style=\"text-align: center;\"><span style=\"font-size: 10pt;\">200<\/span><\/td>\n<td class=\"extra-tmava-bunka\" style=\"text-align: center;\"><span style=\"font-size: 10pt;\">220<\/span><\/td>\n<td class=\"extra-tmava-bunka\" style=\"text-align: center;\"><span style=\"font-size: 10pt;\">250<\/span><\/td>\n<td class=\"extra-tmava-bunka\" style=\"text-align: center;\"><span style=\"font-size: 10pt;\">300<\/span><\/td>\n<td class=\"extra-tmava-bunka\" style=\"text-align: center;\"><span style=\"font-size: 10pt;\">350<\/span><\/td>\n<td class=\"extra-tmava-bunka\" style=\"text-align: center;\"><span style=\"font-size: 10pt;\">400<\/span><\/td>\n<td class=\"extra-tmava-bunka\" style=\"text-align: center;\"><span style=\"font-size: 10pt;\">450<\/span><\/td>\n<td class=\"extra-tmava-bunka\" style=\"text-align: center;\"><span style=\"font-size: 10pt;\">500<\/span><\/td>\n<\/tr>\n<tr>\n<td><span style=\"font-size: 10pt;\">Putere nominal\u0103 Pn<\/span><\/td>\n<td style=\"text-align: center;\"><span style=\"font-size: 10pt;\">kW<\/span><\/td>\n<td style=\"text-align: center;\"><span style=\"font-size: 10pt;\">150<\/span><\/td>\n<td style=\"text-align: center;\"><span style=\"font-size: 10pt;\">200<\/span><\/td>\n<td style=\"text-align: center;\"><span style=\"font-size: 10pt;\">220&nbsp;<\/span><\/td>\n<td style=\"text-align: center;\"><span style=\"font-size: 10pt;\">250<\/span><\/td>\n<td style=\"text-align: center;\"><span style=\"font-size: 10pt;\">300<\/span><\/td>\n<td style=\"text-align: center;\"><span style=\"font-size: 10pt;\">350<\/span><\/td>\n<td style=\"text-align: center;\"><span style=\"font-size: 10pt;\">400<\/span><\/td>\n<td style=\"text-align: center;\"><span style=\"font-size: 10pt;\">450&nbsp;<\/span><\/td>\n<td style=\"text-align: center;\"><span style=\"font-size: 10pt;\">500<\/span><\/td>\n<\/tr>\n<tr>\n<td><span style=\"font-size: 10pt;\">\u00cenc\u0103rcare par\u021bial\u0103 (putere) Pp<\/span><\/td>\n<td style=\"text-align: center;\"><span style=\"font-size: 10pt;\">kW<\/span><\/td>\n<td style=\"text-align: center;\"><span style=\"font-size: 10pt;\">40<\/span><\/td>\n<td style=\"text-align: center;\"><span style=\"font-size: 10pt;\">45<\/span><\/td>\n<td style=\"text-align: center;\"><span style=\"font-size: 10pt;\">55<\/span><\/td>\n<td style=\"text-align: center;\"><span style=\"font-size: 10pt;\">65<\/span><\/td>\n<td style=\"text-align: center;\"><span style=\"font-size: 10pt;\">75<\/span><\/td>\n<td style=\"text-align: center;\"><span style=\"font-size: 10pt;\">90<\/span><\/td>\n<td style=\"text-align: center;\"><span style=\"font-size: 10pt;\">100<\/span><\/td>\n<td style=\"text-align: center;\"><span style=\"font-size: 10pt;\">115&nbsp;<\/span><\/td>\n<td style=\"text-align: center;\"><span style=\"font-size: 10pt;\">140<\/span><\/td>\n<\/tr>\n<tr>\n<td><span style=\"font-size: 10pt;\">Eficien\u021ba cazanului la Pn<\/span><\/td>\n<td style=\"text-align: center;\"><span style=\"font-size: 10pt;\">%<\/span><\/td>\n<td style=\"text-align: center;\"><span style=\"font-size: 10pt;\">95<\/span><\/td>\n<td style=\"text-align: center;\"><span style=\"font-size: 10pt;\">95<\/span><\/td>\n<td style=\"text-align: center;\"><span style=\"font-size: 10pt;\">95<\/span><\/td>\n<td style=\"text-align: center;\"><span style=\"font-size: 10pt;\">95<\/span><\/td>\n<td style=\"text-align: center;\"><span style=\"font-size: 10pt;\">95&nbsp;<\/span><\/td>\n<td style=\"text-align: center;\"><span style=\"font-size: 10pt;\">95<\/span><\/td>\n<td style=\"text-align: center;\"><span style=\"font-size: 10pt;\">95<\/span><\/td>\n<td style=\"text-align: center;\"><span style=\"font-size: 10pt;\">95<\/span><\/td>\n<td style=\"text-align: center;\"><span style=\"font-size: 10pt;\">95<\/span><\/td>\n<\/tr>\n<tr>\n<td><span style=\"font-size: 10pt;\">Eficien\u021ba cazanului la Pp<\/span><\/td>\n<td style=\"text-align: center;\"><span style=\"font-size: 10pt;\">%<\/span><\/td>\n<td style=\"text-align: center;\"><span style=\"font-size: 10pt;\">96<\/span><\/td>\n<td style=\"text-align: center;\"><span style=\"font-size: 10pt;\">96<\/span><\/td>\n<td style=\"text-align: center;\"><span style=\"font-size: 10pt;\">96<\/span><\/td>\n<td style=\"text-align: center;\"><span style=\"font-size: 10pt;\">96<\/span><\/td>\n<td style=\"text-align: center;\"><span style=\"font-size: 10pt;\">96<\/span><\/td>\n<td style=\"text-align: center;\"><span style=\"font-size: 10pt;\">96<\/span><\/td>\n<td style=\"text-align: center;\"><span style=\"font-size: 10pt;\">96<\/span><\/td>\n<td style=\"text-align: center;\"><span style=\"font-size: 10pt;\">96<\/span><\/td>\n<td style=\"text-align: center;\"><span style=\"font-size: 10pt;\">96<\/span><\/td>\n<\/tr>\n<tr>\n<td><span style=\"font-size: 10pt;\">Clasa cazanului<\/span><\/td>\n<td style=\"text-align: center;\"><span style=\"font-size: 10pt;\">&nbsp;<\/span><\/td>\n<td style=\"text-align: center;\"><span style=\"font-size: 10pt;\">5<\/span><\/td>\n<td style=\"text-align: center;\"><span style=\"font-size: 10pt;\">5<\/span><\/td>\n<td style=\"text-align: center;\"><span style=\"font-size: 10pt;\">5<\/span><\/td>\n<td style=\"text-align: center;\"><span style=\"font-size: 10pt;\">5<\/span><\/td>\n<td style=\"text-align: center;\"><span style=\"font-size: 10pt;\">5<\/span><\/td>\n<td style=\"text-align: center;\"><span style=\"font-size: 10pt;\">5<\/span><\/td>\n<td style=\"text-align: center;\"><span style=\"font-size: 10pt;\">5<\/span><\/td>\n<td style=\"text-align: center;\"><span style=\"font-size: 10pt;\">5<\/span><\/td>\n<td style=\"text-align: center;\"><span style=\"font-size: 10pt;\">5<\/span><\/td>\n<\/tr>\n<\/tbody>\n<\/table>\n<p>&nbsp;<\/p>\n<p>&nbsp;<\/p>\n<table>\n<tbody>\n<tr>\n<td width=\"33%\"><img loading=\"lazy\" decoding=\"async\" class=\"alignnone wp-image-5060\" src=\"http:\/\/www.be-heating.be\/wp-content\/uploads\/2014\/07\/FE-AKU-2000_DN100_CELLA-PV-100_300dpi_logo.png\" alt=\"\" width=\"199\" height=\"299\">&nbsp;<\/td>\n<td width=\"1%\">&nbsp;<\/td>\n<td width=\"33%\"><img loading=\"lazy\" decoding=\"async\" class=\"alignnone wp-image-5061\" src=\"http:\/\/www.be-heating.be\/wp-content\/uploads\/2014\/07\/FE-AKU-2000_G6-4inch_CELLA-PV-100_300dpi_logo.png\" alt=\"\" width=\"199\" height=\"299\">&nbsp;<\/td>\n<td width=\"1%\">&nbsp;<\/td>\n<td width=\"33%\">\n<p>&nbsp;<\/p>\n<p><span class=\"barva-modra\">Rezervor de acumulare<br \/>\n &nbsp;<\/span><\/p>\n<p><a href=\"https:\/\/www.smartheating.cz\/ro\/accumulation-tanks\/\">FE AKU<\/a><br \/>\n <a href=\"https:\/\/www.smartheating.cz\/ro\/accumulation-tanks\/\">FE AKU ST<\/a><\/p>\n<\/td>\n<\/tr>\n<\/tbody>\n<\/table>\n<p>&nbsp;<\/p>\n<h2>Galerie foto:<\/h2>\n<p><span style=\"color: #1f497d; font-family: Calibri;\">ngg_shortcode_0_placeholder<\/span><\/p>\n","protected":false},"excerpt":{"rendered":"<p>Camerele cazanelor mobile CABINA TIP SER\u0102 SMART &nbsp; &nbsp; &nbsp; &nbsp; &nbsp; &nbsp; &nbsp; &nbsp; &nbsp; &nbsp; \u2022 Solutie de aprovizionare complet\u0103 a containerului mobil sau solu\u021bia de aprovizionare individual\u0103 a cazanului Biomass \u2022 Op\u021biune de \u00eenc\u0103lzire cu ap\u0103\/aer cald \u2022 Solu\u021bie complet\u0103 hidraulic\u0103 \u0219i electric\u0103 pentru \u00eenc\u0103lzirea mai multor sere \u2022 Instalarea a 2-4 [&hellip;]<\/p>\n","protected":false},"author":2,"featured_media":0,"parent":0,"menu_order":0,"comment_status":"closed","ping_status":"closed","template":"page-h1.php","meta":{"ngg_post_thumbnail":0,"footnotes":""},"class_list":["post-30959","page","type-page","status-publish","hentry"],"_links":{"self":[{"href":"https:\/\/www.smartheating.cz\/ro\/wp-json\/wp\/v2\/pages\/30959","targetHints":{"allow":["GET"]}}],"collection":[{"href":"https:\/\/www.smartheating.cz\/ro\/wp-json\/wp\/v2\/pages"}],"about":[{"href":"https:\/\/www.smartheating.cz\/ro\/wp-json\/wp\/v2\/types\/page"}],"author":[{"embeddable":true,"href":"https:\/\/www.smartheating.cz\/ro\/wp-json\/wp\/v2\/users\/2"}],"replies":[{"embeddable":true,"href":"https:\/\/www.smartheating.cz\/ro\/wp-json\/wp\/v2\/comments?post=30959"}],"version-history":[{"count":0,"href":"https:\/\/www.smartheating.cz\/ro\/wp-json\/wp\/v2\/pages\/30959\/revisions"}],"wp:attachment":[{"href":"https:\/\/www.smartheating.cz\/ro\/wp-json\/wp\/v2\/media?parent=30959"}],"curies":[{"name":"wp","href":"https:\/\/api.w.org\/{rel}","templated":true}]}}