{"id":30720,"date":"2015-10-27T10:15:08","date_gmt":"2015-10-27T09:15:08","guid":{"rendered":"http:\/\/www.smartheating.cz\/smart-60-kw\/"},"modified":"2018-01-08T10:05:06","modified_gmt":"2018-01-08T09:05:06","slug":"smart-60-kw","status":"publish","type":"page","link":"https:\/\/www.smartheating.cz\/ro\/smart-60-kw\/","title":{"rendered":"SMART 60 kW"},"content":{"rendered":"<p class=\"title\"><span class=\"mezera-dole-0\"><div class=\"row \"><div class=\"col-lg-3 col-md-3 col-xs-12 col-sm-12\"><div class=\"content_block\" id=\"custom_post_widget-2598\"><h3 class=\"line\">Cazane automate <br \/>\n Biomass <br \/>\n(150\u2013500\u20131500 kW)<\/h3>\n<ul>\n<li><a href=\"https:\/\/www.smartheating.cz\/en\/smart-60-kw\/\">SMART&nbsp;60 kW<\/a><\/li>\n<li><a href=\"https:\/\/www.smartheating.cz\/en\/smart-80-kw\/\">SMART&nbsp;80 kW<\/a><\/li>\n<li><a href=\"https:\/\/www.smartheating.cz\/en\/smart-100-kw\/\">SMART&nbsp;100 kW<\/a><\/li>\n<li><a title=\"SMART 150 kW\" href=\"https:\/\/www.smartheating.cz\/en\/smart-150-kw\/\">SMART 150 kW<\/a><\/li>\n<li><a href=\"https:\/\/www.smartheating.cz\/en\/smart-180-kw\/\">SMART 180 kW<\/a><\/li>\n<li><a href=\"https:\/\/www.smartheating.cz\/en\/smart-200-kw\/\">SMART&nbsp;200 kW<\/a><\/li>\n<li><a href=\"https:\/\/www.smartheating.cz\/en\/smart-220-kw\/\">SMART 220 kW<\/a><\/li>\n<li><a href=\"https:\/\/www.smartheating.cz\/en\/smart-250-kw\/\">SMART&nbsp;250 kW<\/a><\/li>\n<li><a href=\"https:\/\/www.smartheating.cz\/en\/smart-300-kw\/\">SMART&nbsp;300 kW<\/a><\/li>\n<li><a href=\"https:\/\/www.smartheating.cz\/en\/smart-350-kw\/\">SMART&nbsp;350 kW<\/a><\/li>\n<li><a href=\"https:\/\/www.smartheating.cz\/en\/smart-400-kw\/\">SMART&nbsp;400 kW<\/a><\/li>\n<li><a href=\"https:\/\/www.smartheating.cz\/en\/smart-450-kw\/\">SMART&nbsp;450 kW<\/a><\/li>\n<li><a href=\"https:\/\/www.smartheating.cz\/en\/smart-500-kw\/\">SMART&nbsp;500 kW<\/a><\/li>\n<\/ul>\n<p>&nbsp;<\/p>\n<h3 class=\"line\">Configurator de culori<\/h3>\n<ul>\n<li><a href=\"https:\/\/www.smartheating.cz\/en\/colour-configurator\/\"><span lang=\"EN-GB\">Configureaz\u0103-ti propria culoare pentru cazanul t\u0103u<\/span><\/a><\/li>\n<\/ul>\n<p>&nbsp;<\/p>\n<h3 class=\"line\">Download<\/h3>\n<p><a href=\"http:\/\/www.smartheating.cz\/wp-content\/uploads\/2014\/09\/brozura_kotle_Rumunsko_nahled.pdf\">Bro\u0219ura Cazanului Smart 150-500-1500 kW<\/a><br \/>\n <a href=\"http:\/\/www.smartheating.cz\/wp-content\/uploads\/2014\/09\/Letak_60-100kW_Rumunsko_A4_nahled.pdf\">Bro\u0219ura Cazanului Smart 60-100 kW<\/a><\/p>\n<p>&nbsp;<\/p>\n<h3 class=\"line\">Smart Marketing <br \/>\n &amp; Carte de referin\u021be 2017\/2018<\/h3>\n<p><a href=\"http:\/\/www.youblisher.com\/p\/1913809-Marketing-Book-Romania-ENG\/\" target=\"_blank\" rel=\"noopener\"><img decoding=\"async\" src=\"http:\/\/www.youblisher.com\/files\/publications\/319\/1913809\/200x300.jpg\" alt=\"Marketing Book Romania - ENG\"><\/a><\/p>\n<p>&nbsp;<\/p>\n<h3 class=\"line\">Galerie foto:<\/h3>\n<p><a href=\"https:\/\/www.smartheating.cz\/en\/reference-evropa\/\">V\u0103 rog s\u0103 vizualiza\u021bi imagini de la instal\u0103rile noastre<\/a><\/p>\n<\/div><\/div><div class=\"col-lg-9 col-md-9 col-xs-12 col-sm-12\"><\/span><\/p>\n<h1 class=\"title\"><span class=\"mezera-dole-0\">Cazane Biomass<br \/>\n Automate <br \/>\n <\/span><strong>SMART&nbsp;60 kW<span class=\"obrazek-pod-textem\"><span style=\"color: #da1b1a; font-size: xx-large;\"><img loading=\"lazy\" decoding=\"async\" class=\"alignnone wp-image-30910 size-full\" src=\"http:\/\/www.smartheating.cz\/wp-content\/uploads\/2015\/10\/kotel_60-100kw_paliva_RO.png\" alt=\"\" width=\"899\" height=\"532\" srcset=\"https:\/\/www.smartheating.cz\/wp-content\/uploads\/2015\/10\/kotel_60-100kw_paliva_RO.png 899w, https:\/\/www.smartheating.cz\/wp-content\/uploads\/2015\/10\/kotel_60-100kw_paliva_RO-300x178.png 300w, https:\/\/www.smartheating.cz\/wp-content\/uploads\/2015\/10\/kotel_60-100kw_paliva_RO-768x454.png 768w, https:\/\/www.smartheating.cz\/wp-content\/uploads\/2015\/10\/kotel_60-100kw_paliva_RO-600x355.png 600w\" sizes=\"auto, (max-width: 899px) 100vw, 899px\" \/><\/span><\/span><\/strong><\/h1>\n<p>&nbsp;<\/p>\n<p class=\"subtitle\">&nbsp;<\/p>\n<p class=\"subtitle\">&nbsp;&nbsp;<\/p>\n<p class=\"subtitle\">&nbsp;<\/p>\n<p class=\"subtitle\">\n &nbsp;<\/p>\n<p class=\"subtitle\">&nbsp;<\/p>\n<p class=\"subtitle\">&nbsp;<\/p>\n<p class=\"subtitle\">&nbsp;<\/p>\n<p class=\"subtitle\">&nbsp;<\/p>\n<p class=\"subtitle\">&nbsp;<\/p>\n<p style=\"text-align: left;\"><span class=\"barva-modra\"><span class=\"barva-modra\">\u2022 Cazane ecologice, complet automate cu caracteristici excelente \u2022 Flexibilitatea solu\u021biei tehnice \u2022 Posibilit\u0103\u021bi multiple de combustibil \u2022 Opera\u021biune economic\u0103 \u0219i ecologic\u0103 \u2022 3 cazane cu o raz\u0103 a eficien\u021bei de 90% \u2022 Modularea randamentului 30\u2013100 % \u2022 Senzor Lambda \u2022 Arz\u0103tor din o\u021bel inxodabil cu mecanism de cur\u0103\u021bare \u2022 Cerin\u021be sc\u0103zute de service \u0219i mentenan\u021b\u0103 \u2022 Reglarea circuitelor de \u00eenc\u0103lzire \u2022 Posibilitatea instal\u0103rii \u00een cascad\u0103 \u2022 Control prin telefonul mobil \u2022 Control prin internet \u2022 Varianta containerului mobil \u2022 Accesorii speciale pentru boiler<br \/>\n <\/span><\/span><\/p>\n<p>&nbsp;<\/p>\n<h2>Variantele de utilizare ale cazanului SMART:<\/h2>\n<p><span class=\"barva-cervena\"><strong>\u2022<\/strong><\/span> <span class=\"barva-modra\">Case de dimensiuni mari <\/span><\/p>\n<p><span class=\"barva-modra\">\u0218i la scale mai mici:<\/span><\/p>\n<p><span class=\"barva-cervena\"><strong>\u2022<\/strong> <\/span><span class=\"barva-modra\">Blocuri<\/span><br \/>\n <span class=\"barva-cervena\"><strong>\u2022<\/strong> <\/span><span class=\"barva-modra\">Cl\u0103diri multifunc\u021bionale<\/span><br \/>\n <span class=\"barva-cervena\"><strong>\u2022<\/strong> <\/span><span class=\"barva-modra\">Complexe sportive<\/span><br \/>\n <span class=\"barva-cervena\"><strong>\u2022<\/strong> <\/span><span class=\"barva-modra\">Hale de produc\u021bie, zone industriale \u0219i zone de depozitare<\/span><br \/>\n <span class=\"barva-cervena\"><strong>\u2022<\/strong> <\/span><span class=\"barva-modra\">Ferme agricole, acvaculturi, horticulturi<\/span><br \/>\n <span class=\"barva-cervena\"><strong>\u2022<\/strong> <\/span><span class=\"barva-modra\">Hoteluri\/Moteluri\/Centre Wellness\/Piscine <br \/>\n <\/span><span class=\"barva-cervena\"><strong>\u2022<\/strong> <\/span><span class=\"barva-modra\">Cl\u0103diri municipale<\/span><br \/>\n <span class=\"barva-cervena\"><strong>\u2022<\/strong> <\/span><span class=\"barva-modra\">\u0218coli, Spitale,Sec\u021bii de politie; Complexe militare<\/span><\/p>\n<p>&nbsp;<\/p>\n<table>\n<tbody>\n<tr>\n<td>\n<table class=\" tabulka\">\n<tbody>\n<tr>\n<td style=\"text-align: center; width: 674.767px;\" colspan=\"3\"><span style=\"font-size: 10pt;\">INFORMA\u021aII OPERA\u021aIONALE ALE CAZANULUI SMAR <\/span><\/td>\n<\/tr>\n<tr class=\"tmavy-radek extra-tmavy-radek\">\n<td class=\"extra-tmava-bunka\" style=\"width: 674.767px;\" colspan=\"3\"><span style=\"font-size: 10pt;\">Informa\u021bii tehnice ale cazanului<\/span><\/td>\n<\/tr>\n<tr>\n<td style=\"width: 477.9px;\"><span style=\"font-size: 10pt;\">Marcarea<\/span><\/td>\n<td style=\"text-align: center; width: 29px;\"><span style=\"font-size: 10pt;\">&nbsp;<\/span><\/td>\n<td class=\"tmava-bunka\" style=\"text-align: center; width: 145.867px;\"><span style=\"font-size: 10pt;\">60<\/span><\/td>\n<\/tr>\n<tr>\n<td style=\"width: 477.9px;\"><span style=\"font-size: 10pt;\">Puterea Nominal\u0103 <\/span><\/td>\n<td style=\"text-align: center; width: 29px;\"><span style=\"font-size: 10pt;\">kW<\/span><\/td>\n<td class=\"tmava-bunka\" style=\"text-align: center; width: 145.867px;\"><span style=\"font-size: 10pt;\">60<\/span><\/td>\n<\/tr>\n<tr>\n<td style=\"width: 477.9px;\"><span style=\"font-size: 10pt;\">\u00cenc\u0103rc\u0103tur\u0103 Partial\u0103 Pmin <\/span><\/td>\n<td style=\"text-align: center; width: 29px;\"><span style=\"font-size: 10pt;\">kW<\/span><\/td>\n<td class=\"tmava-bunka\" style=\"text-align: center; width: 145.867px;\"><span style=\"font-size: 10pt;\">17<\/span><\/td>\n<\/tr>\n<tr>\n<td style=\"width: 477.9px;\"><span style=\"font-size: 10pt;\">Eficien\u021ba boilerului la Pn&nbsp;<\/span><\/td>\n<td style=\"text-align: center; width: 29px;\"><span style=\"font-size: 10pt;\">%<\/span><\/td>\n<td class=\"tmava-bunka\" style=\"text-align: center; width: 145.867px;\"><span style=\"font-size: 10pt;\">90<\/span><\/td>\n<\/tr>\n<tr>\n<td style=\"width: 477.9px;\"><span style=\"font-size: 10pt;\">Eficien\u021ba boilerului la Pmin&nbsp;<\/span><\/td>\n<td class=\"svetla-bunka\" style=\"text-align: center; width: 29px;\"><span style=\"font-size: 10pt;\">%<\/span><\/td>\n<td class=\"tmava-bunka\" style=\"text-align: center; width: 145.867px;\"><span style=\"font-size: 10pt;\">89,1<\/span><\/td>\n<\/tr>\n<tr>\n<td style=\"width: 477.9px;\"><span style=\"font-size: 10pt;\">Clasa cazanului <\/span><\/td>\n<td class=\"svetla-bunka\" style=\"text-align: center; width: 29px;\"><span style=\"font-size: 10pt;\">&nbsp;<\/span><\/td>\n<td class=\"tmava-bunka\" style=\"text-align: center; width: 145.867px;\"><span style=\"font-size: 10pt;\">&nbsp;5<\/span><\/td>\n<\/tr>\n<tr>\n<td style=\"width: 477.9px;\"><span style=\"font-size: 10pt;\">Nivelul zgomotului <\/span><\/td>\n<td class=\"svetla-bunka\" style=\"text-align: center; width: 29px;\"><span style=\"font-size: 10pt;\">dB<\/span><\/td>\n<td class=\"tmava-bunka\" style=\"text-align: center; width: 145.867px;\"><span style=\"font-size: 10pt;\">&lt; 65<\/span><\/td>\n<\/tr>\n<tr>\n<td style=\"width: 477.9px;\"><span style=\"font-size: 10pt;\">Greutatea <\/span><\/td>\n<td class=\"svetla-bunka\" style=\"text-align: center; width: 29px;\"><span style=\"font-size: 10pt;\">kg<\/span><\/td>\n<td class=\"tmava-bunka\" style=\"text-align: center; width: 145.867px;\"><span style=\"font-size: 10pt;\">783<\/span><\/td>\n<\/tr>\n<tr>\n<td class=\"extra-tmava-bunka\" style=\"width: 674.767px;\" colspan=\"3\"><span style=\"font-size: 10pt;\">Apa <\/span><\/td>\n<\/tr>\n<tr>\n<td style=\"width: 477.9px;\"><span style=\"font-size: 10pt;\">Volumul apei <\/span><\/td>\n<td style=\"text-align: center; width: 29px;\"><span style=\"font-size: 10pt;\">&nbsp;l<\/span><\/td>\n<td class=\"tmava-bunka\" style=\"text-align: center; width: 145.867px;\"><span style=\"font-size: 10pt;\">&nbsp;129<\/span><\/td>\n<\/tr>\n<tr>\n<td class=\"svetla-bunka\" style=\"width: 477.9px;\"><span style=\"font-size: 10pt;\">Diametrul conexiunii la ap\u0103 &nbsp;<\/span><\/td>\n<td class=\"svetla-bunka\" style=\"text-align: center; width: 29px;\"><span style=\"font-size: 10pt;\">&nbsp;&#8222;<\/span><\/td>\n<td class=\"tmava-bunka\" style=\"text-align: center; width: 145.867px;\"><span style=\"font-size: 10pt;\">2<\/span><\/td>\n<\/tr>\n<tr>\n<td style=\"width: 477.9px;\"><span style=\"font-size: 10pt;\">Diametrul conexiunii la ap\u0103 &nbsp; <\/span><\/td>\n<td style=\"text-align: center; width: 29px;\"><span style=\"font-size: 10pt;\">DN<\/span><\/td>\n<td class=\"tmava-bunka\" style=\"text-align: center; width: 145.867px;\"><span style=\"font-size: 10pt;\">50<\/span><\/td>\n<\/tr>\n<tr>\n<td style=\"width: 477.9px;\"><span style=\"font-size: 10pt;\">Pierderea hidraulic\u0103 a cazanului la gradientul de temperatur\u0103 la 10\u00b0<\/span><\/td>\n<td style=\"text-align: center; width: 29px;\"><span style=\"font-size: 10pt;\">mbar<\/span><\/td>\n<td class=\"tmava-bunka\" style=\"text-align: center; width: 145.867px;\"><span style=\"font-size: 10pt;\">17<\/span><\/td>\n<\/tr>\n<tr>\n<td style=\"width: 477.9px;\"><span style=\"font-size: 10pt;\">Pierderea hidraulic\u0103 a cazanului la gradientul de temperatur\u0103 la 20\u00b0<\/span><\/td>\n<td style=\"text-align: center; width: 29px;\"><span style=\"font-size: 10pt;\">mbar<\/span><\/td>\n<td class=\"tmava-bunka\" style=\"text-align: center; width: 145.867px;\"><span style=\"font-size: 10pt;\">&nbsp;4,3<\/span><\/td>\n<\/tr>\n<tr>\n<td style=\"width: 477.9px;\"><span style=\"font-size: 10pt;\">Temperatura cazanulu <\/span><\/td>\n<td style=\"text-align: center; width: 29px;\"><span style=\"font-size: 10pt;\">\u00b0C<\/span><\/td>\n<td class=\"tmava-bunka\" style=\"text-align: center; width: 145.867px;\"><span style=\"font-size: 10pt;\">&nbsp;65\u201390\u00b0<\/span><\/td>\n<\/tr>\n<tr>\n<td style=\"width: 477.9px;\"><span style=\"font-size: 10pt;\">Temperatura minim\u0103 de returnare a ape <\/span><\/td>\n<td style=\"text-align: center; width: 29px;\"><span style=\"font-size: 10pt;\">\u00b0C<\/span><\/td>\n<td class=\"tmava-bunka\" style=\"text-align: center; width: 145.867px;\"><span style=\"font-size: 10pt;\">55<\/span><\/td>\n<\/tr>\n<tr>\n<td style=\"width: 477.9px;\"><span style=\"font-size: 10pt;\">Operarea maxim\u0103 a presiuni <\/span><\/td>\n<td style=\"text-align: center; width: 29px;\"><span style=\"font-size: 10pt;\">bar<\/span><\/td>\n<td class=\"tmava-bunka\" style=\"text-align: center; width: 145.867px;\"><span style=\"font-size: 10pt;\">3,5<\/span><\/td>\n<\/tr>\n<tr>\n<td style=\"width: 477.9px;\"><span style=\"font-size: 10pt;\">Test de presiune<\/span><\/td>\n<td style=\"text-align: center; width: 29px;\"><span style=\"font-size: 10pt;\">bar<\/span><\/td>\n<td class=\"tmava-bunka\" style=\"text-align: center; width: 145.867px;\"><span style=\"font-size: 10pt;\">6<\/span><\/td>\n<\/tr>\n<tr>\n<td class=\"extra-tmava-bunka\" style=\"width: 477.9px;\"><span style=\"font-size: 10pt;\">Temperatura camere <\/span><\/td>\n<td class=\"extra-tmava-bunka\" style=\"text-align: center; width: 29px;\"><span style=\"font-size: 10pt;\">\u00b0C<\/span><\/td>\n<td class=\"extra-tmava-bunka\" style=\"width: 145.867px;\"><span style=\"font-size: 10pt;\">&nbsp;<\/span><\/td>\n<\/tr>\n<tr>\n<td style=\"width: 477.9px;\"><span style=\"font-size: 10pt;\">Temperatura camere <\/span><\/td>\n<td style=\"text-align: center; width: 29px;\"><span style=\"font-size: 10pt;\">mbar<\/span><\/td>\n<td class=\"tmava-bunka\" style=\"text-align: center; width: 145.867px;\"><span style=\"font-size: 10pt;\">-0,01<\/span><\/td>\n<\/tr>\n<tr>\n<td style=\"width: 477.9px;\"><span style=\"font-size: 10pt;\">Tirajul necesar al co\u0219ului de fum<\/span><\/td>\n<td style=\"text-align: center; width: 29px;\"><span style=\"font-size: 10pt;\">mbar<\/span><\/td>\n<td class=\"tmava-bunka\" style=\"text-align: center; width: 145.867px;\"><span style=\"font-size: 10pt;\">0,2<\/span><\/td>\n<\/tr>\n<tr>\n<td style=\"width: 477.9px;\"><span style=\"font-size: 10pt;\">Nevoia pentru tiraj artificial <\/span><\/td>\n<td style=\"text-align: center; width: 29px;\"><span style=\"font-size: 10pt;\">&nbsp;<\/span><\/td>\n<td class=\"tmava-bunka\" style=\"text-align: center; width: 145.867px;\"><span style=\"font-size: 10pt;\">da<\/span><\/td>\n<\/tr>\n<tr>\n<td style=\"width: 477.9px;\"><span style=\"font-size: 10pt;\">Temperatura gazelor arse la<\/span><\/td>\n<td style=\"text-align: center; width: 29px;\"><span style=\"font-size: 10pt;\">\u00b0C<\/span><\/td>\n<td class=\"tmava-bunka\" style=\"text-align: center; width: 145.867px;\"><span style=\"font-size: 10pt;\">185<\/span><\/td>\n<\/tr>\n<tr>\n<td style=\"width: 477.9px;\"><span style=\"font-size: 10pt;\">Debitul de mas\u0103 al gazelor de ardere la<\/span><\/td>\n<td style=\"text-align: center; width: 29px;\"><span style=\"font-size: 10pt;\">\u00b0C<\/span><\/td>\n<td class=\"tmava-bunka\" style=\"text-align: center; width: 145.867px;\"><span style=\"font-size: 10pt;\">90<\/span><\/td>\n<\/tr>\n<tr>\n<td style=\"width: 477.9px;\"><span style=\"font-size: 10pt;\">Temperatura gazelor arse la Pmin<\/span><\/td>\n<td style=\"text-align: center; width: 29px;\"><span style=\"font-size: 10pt;\">kg\/h<\/span><\/td>\n<td class=\"tmava-bunka\" style=\"text-align: center; width: 145.867px;\"><span style=\"font-size: 10pt;\">180<\/span><\/td>\n<\/tr>\n<tr>\n<td style=\"width: 477.9px;\"><span style=\"font-size: 10pt;\">Debitul de mas\u0103 al gazelor de ardere la Pmin <\/span><\/td>\n<td style=\"text-align: center; width: 29px;\"><span style=\"font-size: 10pt;\">kg\/h<\/span><\/td>\n<td class=\"tmava-bunka\" style=\"text-align: center; width: 145.867px;\"><span style=\"font-size: 10pt;\">60<\/span><\/td>\n<\/tr>\n<tr>\n<td style=\"width: 477.9px;\"><span style=\"font-size: 10pt;\">Volumul gazelor arse la Pn <\/span><\/td>\n<td style=\"text-align: center; width: 29px;\"><span style=\"font-size: 10pt;\">m<sup>3<\/sup>\/h<\/span><\/td>\n<td class=\"tmava-bunka\" style=\"text-align: center; width: 145.867px;\"><span style=\"font-size: 10pt;\">141<\/span><\/td>\n<\/tr>\n<tr>\n<td style=\"width: 477.9px;\"><span style=\"font-size: 10pt;\">Volumul gazelor arse la Pmin <\/span><\/td>\n<td style=\"text-align: center; width: 29px;\"><span style=\"font-size: 10pt;\">m<sup>3<\/sup>\/h<\/span><\/td>\n<td class=\"tmava-bunka\" style=\"text-align: center; width: 145.867px;\"><span style=\"font-size: 10pt;\">47<\/span><\/td>\n<\/tr>\n<tr>\n<td style=\"width: 477.9px;\"><span style=\"font-size: 10pt;\">Diametrul conductei de fum <\/span><\/td>\n<td style=\"text-align: center; width: 29px;\"><span style=\"font-size: 10pt;\">mm<\/span><\/td>\n<td class=\"tmava-bunka\" style=\"text-align: center; width: 145.867px;\"><span style=\"font-size: 10pt;\">200<\/span><\/td>\n<\/tr>\n<tr>\n<td style=\"width: 477.9px;\"><span style=\"font-size: 10pt;\">Diametrul co\u0219ului de fum <\/span><\/td>\n<td style=\"text-align: center; width: 29px;\"><span style=\"font-size: 10pt;\">mm<\/span><\/td>\n<td class=\"tmava-bunka\" style=\"text-align: center; width: 145.867px;\"><span style=\"font-size: 10pt;\">200<\/span><\/td>\n<\/tr>\n<tr>\n<td style=\"width: 477.9px;\"><span style=\"font-size: 10pt;\">Tipul de co\u0219 de fum &nbsp; <\/span><\/td>\n<td style=\"text-align: center; width: 29px;\"><span style=\"font-size: 10pt;\">&nbsp;<\/span><\/td>\n<td class=\"tmava-bunka\" style=\"text-align: center; width: 145.867px;\"><span style=\"font-size: 10pt;\">Umiditate \u2013 rezistent<\/span><\/td>\n<\/tr>\n<tr>\n<td class=\"extra-tmava-bunka\" style=\"width: 477.9px;\"><span style=\"font-size: 10pt;\">Combustibil<\/span><\/td>\n<td class=\"extra-tmava-bunka\" style=\"text-align: center; width: 29px;\"><span style=\"font-size: 10pt;\">&nbsp;<\/span><\/td>\n<td class=\"tmava-bunka extra-tmava-bunka\" style=\"text-align: center; width: 145.867px;\"><span style=\"font-size: 10pt;\">&nbsp;<\/span><\/td>\n<\/tr>\n<tr>\n<td style=\"width: 477.9px;\"><span style=\"font-size: 10pt;\">M\u0103rime maxim\u0103 <\/span><\/td>\n<td style=\"text-align: center; width: 29px;\"><span style=\"font-size: 10pt;\">cm<\/span><\/td>\n<td class=\"tmava-bunka\" style=\"text-align: center; width: 145.867px;\"><span style=\"font-size: 10pt;\">3<\/span><\/td>\n<\/tr>\n<tr>\n<td style=\"width: 477.9px;\"><span style=\"font-size: 10pt;\">Con\u021binutul maxim de umiditate <\/span><\/td>\n<td style=\"text-align: center; width: 29px;\"><span style=\"font-size: 10pt;\">%<\/span><\/td>\n<td class=\"tmava-bunka\" style=\"text-align: center; width: 145.867px;\"><span style=\"font-size: 10pt;\">30<\/span><\/td>\n<\/tr>\n<tr>\n<td class=\"extra-tmava-bunka\" style=\"width: 674.767px;\" colspan=\"3\"><span style=\"font-size: 10pt;\">Echipament electric<\/span><\/td>\n<\/tr>\n<tr>\n<td class=\"svetla-bunka\" style=\"width: 477.9px;\"><span style=\"font-size: 10pt;\">Conexiune <\/span><\/td>\n<td style=\"width: 29px;\"><span style=\"font-size: 10pt;\">&nbsp;<\/span><\/td>\n<td class=\"tmava-bunka\" style=\"width: 145.867px;\"><span style=\"font-size: 10pt;\">&nbsp;<\/span><\/td>\n<\/tr>\n<tr>\n<td class=\"svetla-bunka\" style=\"width: 477.9px;\"><span style=\"font-size: 10pt;\">Total<\/span><\/td>\n<td style=\"text-align: center; width: 29px;\"><span style=\"font-size: 10pt;\">W<\/span><\/td>\n<td class=\"tmava-bunka\" style=\"text-align: center; width: 145.867px;\"><span style=\"font-size: 10pt;\">3131<\/span><\/td>\n<\/tr>\n<tr>\n<td class=\"svetla-bunka\" style=\"width: 477.9px;\"><span style=\"font-size: 10pt;\">Gradul de protec\u021bie (IP) <\/span><\/td>\n<td style=\"width: 29px;\"><span style=\"font-size: 10pt;\">&nbsp;<\/span><\/td>\n<td class=\"tmava-bunka\" style=\"text-align: center; width: 145.867px;\"><span style=\"font-size: 10pt;\">41<\/span><\/td>\n<\/tr>\n<\/tbody>\n<\/table>\n<p>&nbsp;<\/p>\n<\/td>\n<td>&nbsp;<\/td>\n<\/tr>\n<\/tbody>\n<\/table>\n<p>&nbsp;<\/p>\n<h2>Galerie foto<\/h2>\n<p>ngg_shortcode_0_placeholder\n <\/div><\/div><\/p>\n","protected":false},"excerpt":{"rendered":"","protected":false},"author":2,"featured_media":0,"parent":0,"menu_order":0,"comment_status":"closed","ping_status":"closed","template":"page-h1-full.php","meta":{"ngg_post_thumbnail":0,"footnotes":""},"class_list":["post-30720","page","type-page","status-publish","hentry"],"_links":{"self":[{"href":"https:\/\/www.smartheating.cz\/ro\/wp-json\/wp\/v2\/pages\/30720","targetHints":{"allow":["GET"]}}],"collection":[{"href":"https:\/\/www.smartheating.cz\/ro\/wp-json\/wp\/v2\/pages"}],"about":[{"href":"https:\/\/www.smartheating.cz\/ro\/wp-json\/wp\/v2\/types\/page"}],"author":[{"embeddable":true,"href":"https:\/\/www.smartheating.cz\/ro\/wp-json\/wp\/v2\/users\/2"}],"replies":[{"embeddable":true,"href":"https:\/\/www.smartheating.cz\/ro\/wp-json\/wp\/v2\/comments?post=30720"}],"version-history":[{"count":0,"href":"https:\/\/www.smartheating.cz\/ro\/wp-json\/wp\/v2\/pages\/30720\/revisions"}],"wp:attachment":[{"href":"https:\/\/www.smartheating.cz\/ro\/wp-json\/wp\/v2\/media?parent=30720"}],"curies":[{"name":"wp","href":"https:\/\/api.w.org\/{rel}","templated":true}]}}