{"id":6598,"date":"2014-07-17T23:24:57","date_gmt":"2014-07-17T22:24:57","guid":{"rendered":"http:\/\/www.smartheating.cz\/mobile-boiler-room-bio-house-2\/"},"modified":"2018-01-23T11:59:05","modified_gmt":"2018-01-23T10:59:05","slug":"mobile-boiler-room-bio-house","status":"publish","type":"page","link":"https:\/\/www.smartheating.cz\/pt-pt\/mobile-boiler-room-bio-house\/","title":{"rendered":"Mobile boiler room  BIO-HOUSE"},"content":{"rendered":"<h1 class=\"title\">Centrais de Aquecimento Pr\u00e9-fabricadas<br \/>\n<strong>BIO-HOUSE 150\u2013500\u20131500 KW<\/strong><\/h1>\n<p class=\"subtitle\">&nbsp;<\/p>\n<p>&nbsp;<span class=\"obrazek-pod-textem\"><img loading=\"lazy\" decoding=\"async\" class=\"alignnone size-full wp-image-6599\" src=\"https:\/\/www.smartheating.cz\/wp-content\/uploads\/2014\/07\/bio_house_pt.png\" alt=\"bio_house_pt\" width=\"864\" height=\"484\" srcset=\"https:\/\/www.smartheating.cz\/wp-content\/uploads\/2014\/07\/bio_house_pt.png 864w, https:\/\/www.smartheating.cz\/wp-content\/uploads\/2014\/07\/bio_house_pt-300x168.png 300w, https:\/\/www.smartheating.cz\/wp-content\/uploads\/2014\/07\/bio_house_pt-600x336.png 600w\" sizes=\"auto, (max-width: 864px) 100vw, 864px\" \/><\/span><\/p>\n<p>&nbsp;<\/p>\n<p>&nbsp;<\/p>\n<p>&nbsp;<\/p>\n<p>&nbsp;<\/p>\n<p>&nbsp;<\/p>\n<p>&nbsp;<\/p>\n<p>&nbsp;<\/p>\n<p><span class=\"barva-modra\">\u2022&nbsp;Estrutura em a\u00e7o galvanizado com paineis PUR com especifica\u00e7\u00f5es de acordo com os requisitos dos clientes \u2022&nbsp;porta de acesso ao silo de abertura hidr\u00e1ulica ou manual \u2022&nbsp;caldeiras a biomassa Smart 150\u2013500\u20131500 kW \u2022&nbsp;Possibilidade de caldeira de apoio a gas\u00f3leo\/g\u00e1s \u2022&nbsp;solu\u00e7\u00e3o completa com silo para estilha e pellets \u2022&nbsp;sistema de exaust\u00e3o dos gases de combust\u00e3o \u2022&nbsp;sistema de controlo e de contabiliza\u00e7\u00e3o \u2022&nbsp;96% de rendimento \u2022&nbsp;solu\u00e7\u00e3o t\u00e9cnica flex\u00edvel \u2022&nbsp;acabamento exterior personaliz\u00e1vel e caracter\u00edsticas especiais a pedido<\/span><\/p>\n<p>&nbsp;<\/p>\n<h2>Design<\/h2>\n<p><img loading=\"lazy\" decoding=\"async\" class=\"alignnone wp-image-6601 size-full\" src=\"https:\/\/www.smartheating.cz\/wp-content\/uploads\/2014\/07\/Prefabrikovana_kotelna_na_biomasu_PT.png\" alt=\"\" width=\"864\" height=\"211\" srcset=\"https:\/\/www.smartheating.cz\/wp-content\/uploads\/2014\/07\/Prefabrikovana_kotelna_na_biomasu_PT.png 864w, https:\/\/www.smartheating.cz\/wp-content\/uploads\/2014\/07\/Prefabrikovana_kotelna_na_biomasu_PT-300x73.png 300w, https:\/\/www.smartheating.cz\/wp-content\/uploads\/2014\/07\/Prefabrikovana_kotelna_na_biomasu_PT-600x147.png 600w\" sizes=\"auto, (max-width: 864px) 100vw, 864px\" \/><\/p>\n<p><span class=\"obrazek-pod-textem\">&nbsp;<\/span><\/p>\n<h2>Centrais de Aquecimento Pr\u00e9-fabricadas \u2013 op\u00e7\u00f5es:<\/h2>\n<p><strong><span class=\"barva-cervena\">\u2022<\/span> <\/strong><span class=\"barva-modra\">Silo com ou sem isolamento<\/span><br \/>\n<span class=\"barva-cervena\"><strong>\u2022<\/strong> <\/span><span class=\"barva-modra\">Central pr\u00e9-fabricada esquerda ou direita<\/span><br \/>\n<strong><span class=\"barva-cervena\">\u2022<\/span> <\/strong><span class=\"barva-modra\">Abertura hidr\u00e1ulica ou manual para estilha <br \/>\n<\/span><strong><span class=\"barva-cervena\">\u2022<\/span> <\/strong><span class=\"barva-modra\">Porta em metal ou em vidro<br \/>\n<\/span><strong><span class=\"barva-cervena\">\u2022<\/span> <\/strong><span class=\"barva-modra\">Dispositivos de seguran\u00e7a<br \/>\n<\/span><strong><span class=\"barva-cervena\">\u2022<\/span> <\/strong><span class=\"barva-modra\">Acabamento exterior personaliz\u00e1vel<\/span><br \/>\n&nbsp;<\/p>\n<h2>BIO-HOUSE \u2013 dimens\u00f5es m\u00ednimas e m\u00e1ximas:<\/h2>\n<p><span class=\"barva-modra\">3 x 3 m \u2013 9 x 9 m<\/span><br \/>\n&nbsp;<\/p>\n<h2>Cores Standard:<\/h2>\n<p><img loading=\"lazy\" decoding=\"async\" class=\"alignnone size-full wp-image-671\" src=\"http:\/\/sh4.kvalitni-web.cz\/wp-content\/uploads\/2014\/07\/bio-house-3.jpg\" alt=\"bio-house-3\" width=\"863\" height=\"118\" srcset=\"https:\/\/www.smartheating.cz\/wp-content\/uploads\/2014\/07\/bio-house-3.jpg 863w, https:\/\/www.smartheating.cz\/wp-content\/uploads\/2014\/07\/bio-house-3-300x41.jpg 300w, https:\/\/www.smartheating.cz\/wp-content\/uploads\/2014\/07\/bio-house-3-600x82.jpg 600w\" sizes=\"auto, (max-width: 863px) 100vw, 863px\" \/><\/p>\n<h2>Central t\u00e9rmica &#8211; Equipamentos:<\/h2>\n<table>\n<tbody>\n<tr>\n<td width=\"66%\"><img loading=\"lazy\" decoding=\"async\" class=\"alignnone size-full wp-image-397\" src=\"http:\/\/sh4.kvalitni-web.cz\/wp-content\/uploads\/2014\/07\/kotelna-smart-cabin3.jpg\" alt=\"kotelna-smart-cabin3\" width=\"567\" height=\"249\" srcset=\"https:\/\/www.smartheating.cz\/wp-content\/uploads\/2014\/07\/kotelna-smart-cabin3.jpg 567w, https:\/\/www.smartheating.cz\/wp-content\/uploads\/2014\/07\/kotelna-smart-cabin3-300x131.jpg 300w\" sizes=\"auto, (max-width: 567px) 100vw, 567px\" \/>&nbsp;<\/td>\n<td width=\"1%\">&nbsp;<\/td>\n<td width=\"33%\">\n<p>&nbsp;<br \/>\n<span class=\"barva-modra ubuntu\">Caldeira SMART 150-500 kW<\/span><\/p>\n<p>&nbsp;<\/p>\n<p><a href=\"https:\/\/www.smartheating.cz\/smart-150-kw\/\">SMART 150 kW<\/a><br \/>\n<a href=\"https:\/\/www.smartheating.cz\/smart-180-kw\/\">SMART 180 kW<\/a><br \/>\n<a href=\"https:\/\/www.smartheating.cz\/smart-200-kw\/\">SMART 200 kW<\/a><br \/>\n<a href=\"https:\/\/www.smartheating.cz\/smart-200-kw\/\">SMART 220 kW<\/a><br \/>\n<a href=\"https:\/\/www.smartheating.cz\/smart-250-kw\/\">SMART 250 kW<\/a><br \/>\n<a href=\"https:\/\/www.smartheating.cz\/smart-300-kw\/\">SMART 300 kW<\/a><br \/>\n<a href=\"https:\/\/www.smartheating.cz\/smart-350-kw\/\">SMART 350 kW<br \/>\n<\/a><a href=\"https:\/\/www.smartheating.cz\/smart-400-kw\/\">SMART 400 kW<\/a><br \/>\n<a href=\"https:\/\/www.smartheating.cz\/smart-450-kw\/\">SMART 450 kW<\/a><br \/>\n<a href=\"https:\/\/www.smartheating.cz\/smart-500-kw\/\">SMART 500 kW<\/a><\/p>\n<\/td>\n<\/tr>\n<\/tbody>\n<\/table>\n<p>&nbsp;<\/p>\n<p>&nbsp;<\/p>\n<table class=\" tabulka\" style=\"width: 863px;\">\n<tbody>\n<tr>\n<td class=\"extra-tmava-bunka\" style=\"text-align: center;\" colspan=\"11\"><span style=\"font-size: 10pt;\">CALDEIRAS SMART \u2013 INFORMA\u00c7\u00c3O T\u00c9CNICA<\/span><\/td>\n<\/tr>\n<tr>\n<td class=\"extra-tmava-bunka\"><span style=\"font-size: 10pt;\">Refer\u00eancia<\/span><\/td>\n<td class=\"extra-tmava-bunka\" style=\"text-align: center;\"><span style=\"font-size: 10pt;\">&nbsp;<\/span><\/td>\n<td class=\"extra-tmava-bunka\" style=\"text-align: center;\"><span style=\"font-size: 10pt;\">150<\/span><\/td>\n<td class=\"extra-tmava-bunka\" style=\"text-align: center;\"><span style=\"font-size: 10pt;\">200<\/span><\/td>\n<td class=\"extra-tmava-bunka\" style=\"text-align: center;\"><span style=\"font-size: 10pt;\">220<\/span><\/td>\n<td class=\"extra-tmava-bunka\" style=\"text-align: center;\"><span style=\"font-size: 10pt;\">250<\/span><\/td>\n<td class=\"extra-tmava-bunka\" style=\"text-align: center;\"><span style=\"font-size: 10pt;\">300<\/span><\/td>\n<td class=\"extra-tmava-bunka\" style=\"text-align: center;\"><span style=\"font-size: 10pt;\">350<\/span><\/td>\n<td class=\"extra-tmava-bunka\" style=\"text-align: center;\"><span style=\"font-size: 10pt;\">400<\/span><\/td>\n<td class=\"extra-tmava-bunka\" style=\"text-align: center;\"><span style=\"font-size: 10pt;\">450<\/span><\/td>\n<td class=\"extra-tmava-bunka\" style=\"text-align: center;\"><span style=\"font-size: 10pt;\">500<\/span><\/td>\n<\/tr>\n<tr>\n<td><span style=\"font-size: 10pt;\">Pot\u00eancia nominal Pn<\/span><\/td>\n<td style=\"text-align: center;\"><span style=\"font-size: 10pt;\">kW<\/span><\/td>\n<td style=\"text-align: center;\"><span style=\"font-size: 10pt;\">150<\/span><\/td>\n<td style=\"text-align: center;\"><span style=\"font-size: 10pt;\">200<\/span><\/td>\n<td style=\"text-align: center;\"><span style=\"font-size: 10pt;\">220<\/span><\/td>\n<td style=\"text-align: center;\"><span style=\"font-size: 10pt;\">250<\/span><\/td>\n<td style=\"text-align: center;\"><span style=\"font-size: 10pt;\">300<\/span><\/td>\n<td style=\"text-align: center;\"><span style=\"font-size: 10pt;\">350<\/span><\/td>\n<td style=\"text-align: center;\"><span style=\"font-size: 10pt;\">400<\/span><\/td>\n<td style=\"text-align: center;\"><span style=\"font-size: 10pt;\">450<\/span><\/td>\n<td style=\"text-align: center;\"><span style=\"font-size: 10pt;\">500<\/span><\/td>\n<\/tr>\n<tr>\n<td><span style=\"font-size: 10pt;\">Pot\u00eancia \u00e0 carga parcial Pp<\/span><\/td>\n<td style=\"text-align: center;\"><span style=\"font-size: 10pt;\">kW<\/span><\/td>\n<td style=\"text-align: center;\"><span style=\"font-size: 10pt;\">40<\/span><\/td>\n<td style=\"text-align: center;\"><span style=\"font-size: 10pt;\">45<\/span><\/td>\n<td style=\"text-align: center;\"><span style=\"font-size: 10pt;\">55<\/span><\/td>\n<td style=\"text-align: center;\"><span style=\"font-size: 10pt;\">65<\/span><\/td>\n<td style=\"text-align: center;\"><span style=\"font-size: 10pt;\">75<\/span><\/td>\n<td style=\"text-align: center;\"><span style=\"font-size: 10pt;\">90<\/span><\/td>\n<td style=\"text-align: center;\"><span style=\"font-size: 10pt;\">100<\/span><\/td>\n<td style=\"text-align: center;\"><span style=\"font-size: 10pt;\">115<\/span><\/td>\n<td style=\"text-align: center;\"><span style=\"font-size: 10pt;\">140<\/span><\/td>\n<\/tr>\n<tr>\n<td><span style=\"font-size: 10pt;\">Rendimento \u00e0 Pn<\/span><\/td>\n<td style=\"text-align: center;\"><span style=\"font-size: 10pt;\">&nbsp;%<\/span><\/td>\n<td style=\"text-align: center;\"><span style=\"font-size: 10pt;\">95<\/span><\/td>\n<td style=\"text-align: center;\"><span style=\"font-size: 10pt;\">95<\/span><\/td>\n<td style=\"text-align: center;\"><span style=\"font-size: 10pt;\">95<\/span><\/td>\n<td style=\"text-align: center;\"><span style=\"font-size: 10pt;\">95<\/span><\/td>\n<td style=\"text-align: center;\"><span style=\"font-size: 10pt;\">95&nbsp;<\/span><\/td>\n<td style=\"text-align: center;\"><span style=\"font-size: 10pt;\">95<\/span><\/td>\n<td style=\"text-align: center;\"><span style=\"font-size: 10pt;\">95<\/span><\/td>\n<td style=\"text-align: center;\"><span style=\"font-size: 10pt;\">95<\/span><\/td>\n<td style=\"text-align: center;\"><span style=\"font-size: 10pt;\">95<\/span><\/td>\n<\/tr>\n<tr>\n<td><span style=\"font-size: 10pt;\">Rendimento \u00e0 Pp<\/span><\/td>\n<td style=\"text-align: center;\"><span style=\"font-size: 10pt;\">&nbsp;%<\/span><\/td>\n<td style=\"text-align: center;\"><span style=\"font-size: 10pt;\">96<\/span><\/td>\n<td style=\"text-align: center;\"><span style=\"font-size: 10pt;\">96<\/span><\/td>\n<td style=\"text-align: center;\"><span style=\"font-size: 10pt;\">96<\/span><\/td>\n<td style=\"text-align: center;\"><span style=\"font-size: 10pt;\">96<\/span><\/td>\n<td style=\"text-align: center;\"><span style=\"font-size: 10pt;\">96<\/span><\/td>\n<td style=\"text-align: center;\"><span style=\"font-size: 10pt;\">96<\/span><\/td>\n<td style=\"text-align: center;\"><span style=\"font-size: 10pt;\">96<\/span><\/td>\n<td style=\"text-align: center;\"><span style=\"font-size: 10pt;\">96<\/span><\/td>\n<td style=\"text-align: center;\"><span style=\"font-size: 10pt;\">96<\/span><\/td>\n<\/tr>\n<tr>\n<td><span style=\"font-size: 10pt;\">Classe<\/span><\/td>\n<td style=\"text-align: center;\"><span style=\"font-size: 10pt;\">&nbsp;<\/span><\/td>\n<td style=\"text-align: center;\"><span style=\"font-size: 10pt;\">5<\/span><\/td>\n<td style=\"text-align: center;\"><span style=\"font-size: 10pt;\">5<\/span><\/td>\n<td style=\"text-align: center;\"><span style=\"font-size: 10pt;\">5<\/span><\/td>\n<td style=\"text-align: center;\"><span style=\"font-size: 10pt;\">5<\/span><\/td>\n<td style=\"text-align: center;\"><span style=\"font-size: 10pt;\">5<\/span><\/td>\n<td style=\"text-align: center;\"><span style=\"font-size: 10pt;\">5<\/span><\/td>\n<td style=\"text-align: center;\"><span style=\"font-size: 10pt;\">5<\/span><\/td>\n<td style=\"text-align: center;\"><span style=\"font-size: 10pt;\">5<\/span><\/td>\n<td style=\"text-align: center;\"><span style=\"font-size: 10pt;\">5<\/span><\/td>\n<\/tr>\n<\/tbody>\n<\/table>\n<p>&nbsp;<\/p>\n<p>&nbsp;<\/p>\n<p>&nbsp;<\/p>\n<table>\n<tbody>\n<tr>\n<td width=\"33%\"><img loading=\"lazy\" decoding=\"async\" class=\"alignnone wp-image-5060\" src=\"http:\/\/www.be-heating.be\/wp-content\/uploads\/2014\/07\/FE-AKU-2000_DN100_CELLA-PV-100_300dpi_logo.png\" alt=\"\" width=\"199\" height=\"299\">&nbsp;<\/td>\n<td width=\"1%\">&nbsp;<\/td>\n<td width=\"33%\"><img loading=\"lazy\" decoding=\"async\" class=\"alignnone wp-image-5061\" src=\"http:\/\/www.be-heating.be\/wp-content\/uploads\/2014\/07\/FE-AKU-2000_G6-4inch_CELLA-PV-100_300dpi_logo.png\" alt=\"\" width=\"199\" height=\"299\">&nbsp;<\/td>\n<td width=\"1%\">&nbsp;<\/td>\n<td width=\"33%\">\n<p>&nbsp;<\/p>\n<p><span class=\"barva-modra\">Dep\u00f3sito de In\u00e9rcia<br \/>\n&nbsp;<\/span><\/p>\n<p><a href=\"https:\/\/www.smartheating.cz\/accumulation-tanks\/\">FE AKU<\/a><br \/>\n<a href=\"https:\/\/www.smartheating.cz\/accumulation-tanks\/\">FE AKU ST<\/a><\/p>\n<\/td>\n<\/tr>\n<\/tbody>\n<\/table>\n<p>&nbsp;<\/p>\n<h2>Galeria de Fotos<a id=\"BIOHOUSE\"><\/a><\/h2>\n<p><p>Invalid Displayed Gallery<\/p><\/p>\n","protected":false},"excerpt":{"rendered":"<p>Centrais de Aquecimento Pr\u00e9-fabricadas BIO-HOUSE 150\u2013500\u20131500 KW &nbsp; &nbsp; &nbsp; &nbsp; &nbsp; &nbsp; &nbsp; &nbsp; &nbsp; \u2022&nbsp;Estrutura em a\u00e7o galvanizado com paineis PUR com especifica\u00e7\u00f5es de acordo com os requisitos dos clientes \u2022&nbsp;porta de acesso ao silo de abertura hidr\u00e1ulica ou manual \u2022&nbsp;caldeiras a biomassa Smart 150\u2013500\u20131500 kW \u2022&nbsp;Possibilidade de caldeira de apoio a gas\u00f3leo\/g\u00e1s [&hellip;]<\/p>\n","protected":false},"author":1,"featured_media":0,"parent":0,"menu_order":0,"comment_status":"closed","ping_status":"closed","template":"page-h1.php","meta":{"ngg_post_thumbnail":0,"footnotes":""},"class_list":["post-6598","page","type-page","status-publish","hentry"],"_links":{"self":[{"href":"https:\/\/www.smartheating.cz\/pt-pt\/wp-json\/wp\/v2\/pages\/6598","targetHints":{"allow":["GET"]}}],"collection":[{"href":"https:\/\/www.smartheating.cz\/pt-pt\/wp-json\/wp\/v2\/pages"}],"about":[{"href":"https:\/\/www.smartheating.cz\/pt-pt\/wp-json\/wp\/v2\/types\/page"}],"author":[{"embeddable":true,"href":"https:\/\/www.smartheating.cz\/pt-pt\/wp-json\/wp\/v2\/users\/1"}],"replies":[{"embeddable":true,"href":"https:\/\/www.smartheating.cz\/pt-pt\/wp-json\/wp\/v2\/comments?post=6598"}],"version-history":[{"count":0,"href":"https:\/\/www.smartheating.cz\/pt-pt\/wp-json\/wp\/v2\/pages\/6598\/revisions"}],"wp:attachment":[{"href":"https:\/\/www.smartheating.cz\/pt-pt\/wp-json\/wp\/v2\/media?parent=6598"}],"curies":[{"name":"wp","href":"https:\/\/api.w.org\/{rel}","templated":true}]}}