{"id":6596,"date":"2014-09-10T10:31:27","date_gmt":"2014-09-10T09:31:27","guid":{"rendered":"http:\/\/www.smartheating.cz\/centrais-de-aquecimento-em-contentor\/mobile-boiler-smart-greenhouse-heating-solution\/"},"modified":"2017-10-23T13:57:29","modified_gmt":"2017-10-23T12:57:29","slug":"mobile-boiler-smart-greenhouse-heating-solution","status":"publish","type":"page","link":"https:\/\/www.smartheating.cz\/pt-pt\/mobile-boiler-smart-greenhouse-heating-solution\/","title":{"rendered":"Mobile boiler SMART GREENHOUSE HEATING SOLUTION"},"content":{"rendered":"<h1 class=\"title\">Centrais de aquecimento em contentor<br \/>\n<span class=\"mezera-dole-0\"><strong>SOLUC\u00c3O DE AQUECIMENTO SMART GREENHOUSE<\/strong><\/span><\/h1>\n<p>&nbsp;<span class=\"obrazek-pod-textem\"><img loading=\"lazy\" decoding=\"async\" class=\"alignnone size-full wp-image-6597\" src=\"https:\/\/www.smartheating.cz\/wp-content\/uploads\/2014\/09\/greenhouse.png\" alt=\"greenhouse\" height=\"705\" width=\"864\" srcset=\"https:\/\/www.smartheating.cz\/wp-content\/uploads\/2014\/09\/greenhouse.png 864w, https:\/\/www.smartheating.cz\/wp-content\/uploads\/2014\/09\/greenhouse-300x245.png 300w, https:\/\/www.smartheating.cz\/wp-content\/uploads\/2014\/09\/greenhouse-600x490.png 600w\" sizes=\"auto, (max-width: 864px) 100vw, 864px\" \/><\/span><\/p>\n<p>&nbsp;<\/p>\n<p>&nbsp;<\/p>\n<p>&nbsp;<\/p>\n<p>&nbsp;<\/p>\n<p>&nbsp;<\/p>\n<p>&nbsp;<\/p>\n<p>&nbsp;<\/p>\n<p>&nbsp;<\/p>\n<p>&nbsp;<\/p>\n<p>&nbsp;<\/p>\n<p>&nbsp;<\/p>\n<p>&nbsp;<\/p>\n<p>&nbsp;<\/p>\n<p><span class=\"barva-modra\"><span style=\"color: #255aa3;\"><span class=\"barva-modra\">\u2022 Solu\u00e7\u00e3o completa em contentor ou solu\u00e7\u00e3o apenas com caldeira a biomassa \u2022 \u00c1gua quente \/ op\u00e7\u00e3o de aquecimento por ar quente \u2022&nbsp; Solu\u00e7\u00e3o hidr\u00e1ulica e el\u00e9trica completa para aquecimento de m\u00faltiplas estufas \/ naves \u2022 Possibilidade de instala\u00e7\u00e3o de 2\u20134 term\u00f3statos em cada estufa\/nave \u2022 Regula\u00e7\u00e3o e monitoriza\u00e7\u00e3o total de todos os circuitos de Aquecimento \u2022 Controlo e monitoriza\u00e7\u00e3o remota atrav\u00e9s da Internet \/ GSM \u2022 Informa\u00e7\u00e3o instant\u00e2nea de altera\u00e7\u00f5es das condi\u00e7\u00f5es de funcionamento<\/span><\/span><\/span><\/p>\n<h2 dir=\"LTR\" align=\"LEFT\">&nbsp;<\/h2>\n<h2 dir=\"LTR\" align=\"LEFT\">Modelos de Termoventiladores<\/h2>\n<table>\n<tbody>\n<tr>\n<td><a href=\"http:\/\/sh4.kvalitni-web.cz\/wp-content\/uploads\/2014\/08\/fukar1.jpg\"><img loading=\"lazy\" decoding=\"async\" class=\"alignnone wp-image-1612 size-medium\" src=\"http:\/\/sh4.kvalitni-web.cz\/wp-content\/uploads\/2014\/08\/fukar1-300x225.jpg\" alt=\"fukar1\" height=\"225\" width=\"300\" srcset=\"https:\/\/www.smartheating.cz\/wp-content\/uploads\/2014\/08\/fukar1-300x225.jpg 300w, https:\/\/www.smartheating.cz\/wp-content\/uploads\/2014\/08\/fukar1-600x450.jpg 600w, https:\/\/www.smartheating.cz\/wp-content\/uploads\/2014\/08\/fukar1.jpg 1000w\" sizes=\"auto, (max-width: 300px) 100vw, 300px\" \/><\/a>&nbsp;<\/td>\n<td>&nbsp;<a href=\"http:\/\/sh4.kvalitni-web.cz\/wp-content\/uploads\/2014\/08\/ventilator1.jpg\"><img loading=\"lazy\" decoding=\"async\" class=\"alignnone wp-image-1613\" src=\"http:\/\/sh4.kvalitni-web.cz\/wp-content\/uploads\/2014\/08\/ventilator1-300x300.jpg\" alt=\"ventilator1\" height=\"225\" width=\"225\" srcset=\"https:\/\/www.smartheating.cz\/wp-content\/uploads\/2014\/08\/ventilator1-300x300.jpg 300w, https:\/\/www.smartheating.cz\/wp-content\/uploads\/2014\/08\/ventilator1-150x150.jpg 150w, https:\/\/www.smartheating.cz\/wp-content\/uploads\/2014\/08\/ventilator1-600x600.jpg 600w, https:\/\/www.smartheating.cz\/wp-content\/uploads\/2014\/08\/ventilator1.jpg 1000w\" sizes=\"auto, (max-width: 225px) 100vw, 225px\" \/><\/a><\/td>\n<td>&nbsp;<\/td>\n<td><a href=\"http:\/\/sh4.kvalitni-web.cz\/wp-content\/uploads\/2014\/08\/ventilator2.jpg\"><img loading=\"lazy\" decoding=\"async\" class=\"alignnone wp-image-1614 size-medium\" src=\"http:\/\/sh4.kvalitni-web.cz\/wp-content\/uploads\/2014\/08\/ventilator2-300x225.jpg\" alt=\"ventilator2\" height=\"225\" width=\"300\" srcset=\"https:\/\/www.smartheating.cz\/wp-content\/uploads\/2014\/08\/ventilator2-300x225.jpg 300w, https:\/\/www.smartheating.cz\/wp-content\/uploads\/2014\/08\/ventilator2-600x450.jpg 600w, https:\/\/www.smartheating.cz\/wp-content\/uploads\/2014\/08\/ventilator2.jpg 1000w\" sizes=\"auto, (max-width: 300px) 100vw, 300px\" \/><\/a>&nbsp;<\/td>\n<\/tr>\n<\/tbody>\n<\/table>\n<h2>&nbsp;<\/h2>\n<h2 dir=\"LTR\" align=\"LEFT\">GREENHOUSE SMART HEATING \u2013 exemplos de aplica\u00e7\u00e3o:<\/h2>\n<p><span class=\"barva-cervena\"><strong>\u2022<\/strong><\/span> <span class=\"barva-modra\">Aquecimento de estufas \u2013 \u00e1gua quente\/ar quente\/prepara\u00e7\u00e3o de AQS<\/span><br \/>\n<span class=\"barva-cervena\"><strong>\u2022<\/strong><\/span>&nbsp;<span class=\"barva-modra\">Explora\u00e7\u00f5es av\u00edculas \u2013 \u00e1gua quente\/ar quente\/prepara\u00e7\u00e3o de AQS<\/span><br \/>\n<span class=\"barva-cervena\"><strong>\u2022<\/strong><\/span>&nbsp;<span class=\"barva-modra\">Cria\u00e7\u00e3o de gado \u2013 \u00e1gua quente\/ar quente\/prepara\u00e7\u00e3o de AQS<\/span><br \/>\n<span class=\"barva-cervena\"><strong>\u2022<\/strong><\/span>&nbsp;<span class=\"barva-modra\">Explora\u00e7\u00f5es de bovinos \u2013 \u00e1gua quente\/ar quente\/prepara\u00e7\u00e3o de AQS<\/span><br \/>\n<span class=\"barva-cervena\"><strong>\u2022<\/strong><\/span>&nbsp;<span class=\"barva-modra\">Suinicultura \u2013 \u00e1gua quente\/ar quente\/prepara\u00e7\u00e3o de AQS<\/span><br \/>\n<span class=\"barva-cervena\"><strong>\u2022<\/strong><\/span>&nbsp;<span class=\"barva-modra\">Aquacultura \u2013 \u00e1gua quente\/ar quente\/prepara\u00e7\u00e3o de AQS<\/span><br \/>\n<span class=\"barva-cervena\"><strong>\u2022<\/strong><\/span>&nbsp;<span class=\"barva-modra\">ZOO \u2013 \u00e1gua quente\/ar quente\/prepara\u00e7\u00e3o de AQS<\/span><br \/>\n<span class=\"barva-cervena\"><strong>\u2022<\/strong><\/span>&nbsp;<span class=\"barva-modra\">Solu\u00e7\u00f5es de secagem e prepara\u00e7\u00e3o de AQS<\/span><\/p>\n<p>&nbsp;<\/p>\n<h2>Central t\u00e9rmica &#8211; Equipamentos:<\/h2>\n<table>\n<tbody>\n<tr>\n<td width=\"66%\"><img loading=\"lazy\" decoding=\"async\" class=\"alignnone size-full wp-image-397\" src=\"http:\/\/sh4.kvalitni-web.cz\/wp-content\/uploads\/2014\/07\/kotelna-smart-cabin3.jpg\" alt=\"kotelna-smart-cabin3\" height=\"249\" width=\"567\" srcset=\"https:\/\/www.smartheating.cz\/wp-content\/uploads\/2014\/07\/kotelna-smart-cabin3.jpg 567w, https:\/\/www.smartheating.cz\/wp-content\/uploads\/2014\/07\/kotelna-smart-cabin3-300x131.jpg 300w\" sizes=\"auto, (max-width: 567px) 100vw, 567px\" \/>&nbsp;<\/td>\n<td width=\"1%\">&nbsp;<\/td>\n<td width=\"33%\">&nbsp;<br \/>\n<span class=\"barva-modra ubuntu\">Caldeiras 150\u2013500 kW<\/span><\/p>\n<p><a href=\"https:\/\/www.smartheating.cz\/smart-150-kw\/\">SMART 150 kW<\/a><br \/>\n<a href=\"https:\/\/www.smartheating.cz\/smart-180-kw\/\">SMART 180 kW<\/a><br \/>\n<a href=\"https:\/\/www.smartheating.cz\/smart-200-kw\/\">SMART 200 kW<\/a><br \/>\n<a href=\"https:\/\/www.smartheating.cz\/smart-200-kw\/\">SMART 220 kW<\/a><br \/>\n<a href=\"https:\/\/www.smartheating.cz\/smart-250-kw\/\">SMART 250 kW<\/a><br \/>\n<a href=\"https:\/\/www.smartheating.cz\/smart-300-kw\/\">SMART 300 kW<\/a><br \/>\n<a href=\"https:\/\/www.smartheating.cz\/smart-350-kw\/\">SMART 350 kW<br \/>\n<\/a><a href=\"https:\/\/www.smartheating.cz\/smart-400-kw\/\">SMART 400 kW<\/a><br \/>\n<a href=\"https:\/\/www.smartheating.cz\/smart-450-kw\/\">SMART 450 kW<\/a><br \/>\n<a href=\"https:\/\/www.smartheating.cz\/smart-500-kw\/\">SMART 500 kW<\/a><\/p>\n<\/td>\n<\/tr>\n<\/tbody>\n<\/table>\n<p>&nbsp;<\/p>\n<p>&nbsp;<\/p>\n<table class=\" tabulka\" style=\"width: 863px;\">\n<tbody>\n<tr>\n<td class=\"extra-tmava-bunka\" style=\"text-align: center;\" colspan=\"11\"><span style=\"font-size: 10pt;\">Informa\u00e7\u00e3o t\u00e9cnica das caldeiras SMART<\/span><\/td>\n<\/tr>\n<tr>\n<td class=\"extra-tmava-bunka\"><span style=\"font-size: 10pt;\">Modelo<\/span><\/td>\n<td class=\"extra-tmava-bunka\" style=\"text-align: center;\"><span style=\"font-size: 10pt;\">&nbsp;<\/span><\/td>\n<td class=\"extra-tmava-bunka\" style=\"text-align: center;\"><span style=\"font-size: 10pt;\">150<\/span><\/td>\n<td class=\"extra-tmava-bunka\" style=\"text-align: center;\"><span style=\"font-size: 10pt;\">200<\/span><\/td>\n<td class=\"extra-tmava-bunka\" style=\"text-align: center;\"><span style=\"font-size: 10pt;\">220<\/span><\/td>\n<td class=\"extra-tmava-bunka\" style=\"text-align: center;\"><span style=\"font-size: 10pt;\">250<\/span><\/td>\n<td class=\"extra-tmava-bunka\" style=\"text-align: center;\"><span style=\"font-size: 10pt;\">300<\/span><\/td>\n<td class=\"extra-tmava-bunka\" style=\"text-align: center;\"><span style=\"font-size: 10pt;\">350<\/span><\/td>\n<td class=\"extra-tmava-bunka\" style=\"text-align: center;\"><span style=\"font-size: 10pt;\">400<\/span><\/td>\n<td class=\"extra-tmava-bunka\" style=\"text-align: center;\"><span style=\"font-size: 10pt;\">450<\/span><\/td>\n<td class=\"extra-tmava-bunka\" style=\"text-align: center;\"><span style=\"font-size: 10pt;\">500<\/span><\/td>\n<\/tr>\n<tr>\n<td><span style=\"font-size: 10pt;\">Pot\u00eancia nominal Pn<\/span><\/td>\n<td style=\"text-align: center;\"><span style=\"font-size: 10pt;\">kW<\/span><\/td>\n<td style=\"text-align: center;\"><span style=\"font-size: 10pt;\">150<\/span><\/td>\n<td style=\"text-align: center;\"><span style=\"font-size: 10pt;\">200<\/span><\/td>\n<td style=\"text-align: center;\"><span style=\"font-size: 10pt;\">220&nbsp;<\/span><\/td>\n<td style=\"text-align: center;\"><span style=\"font-size: 10pt;\">250<\/span><\/td>\n<td style=\"text-align: center;\"><span style=\"font-size: 10pt;\">300<\/span><\/td>\n<td style=\"text-align: center;\"><span style=\"font-size: 10pt;\">350<\/span><\/td>\n<td style=\"text-align: center;\"><span style=\"font-size: 10pt;\">400<\/span><\/td>\n<td style=\"text-align: center;\"><span style=\"font-size: 10pt;\">450&nbsp;<\/span><\/td>\n<td style=\"text-align: center;\"><span style=\"font-size: 10pt;\">500<\/span><\/td>\n<\/tr>\n<tr>\n<td><span style=\"font-size: 10pt;\">Pot\u00eancia \u00e0 carga parcial Pp<\/span><\/td>\n<td style=\"text-align: center;\"><span style=\"font-size: 10pt;\">kW<\/span><\/td>\n<td style=\"text-align: center;\"><span style=\"font-size: 10pt;\">40<\/span><\/td>\n<td style=\"text-align: center;\"><span style=\"font-size: 10pt;\">45<\/span><\/td>\n<td style=\"text-align: center;\"><span style=\"font-size: 10pt;\">55<\/span><\/td>\n<td style=\"text-align: center;\"><span style=\"font-size: 10pt;\">65<\/span><\/td>\n<td style=\"text-align: center;\"><span style=\"font-size: 10pt;\">75<\/span><\/td>\n<td style=\"text-align: center;\"><span style=\"font-size: 10pt;\">90<\/span><\/td>\n<td style=\"text-align: center;\"><span style=\"font-size: 10pt;\">100<\/span><\/td>\n<td style=\"text-align: center;\"><span style=\"font-size: 10pt;\">115&nbsp;<\/span><\/td>\n<td style=\"text-align: center;\"><span style=\"font-size: 10pt;\">140<\/span><\/td>\n<\/tr>\n<tr>\n<td><span style=\"font-size: 10pt;\">Rendimento \u00e0 Pn<\/span><\/td>\n<td style=\"text-align: center;\"><span style=\"font-size: 10pt;\">&nbsp;%<\/span><\/td>\n<td style=\"text-align: center;\"><span style=\"font-size: 10pt;\">95<\/span><\/td>\n<td style=\"text-align: center;\"><span style=\"font-size: 10pt;\">95<\/span><\/td>\n<td style=\"text-align: center;\"><span style=\"font-size: 10pt;\">95<\/span><\/td>\n<td style=\"text-align: center;\"><span style=\"font-size: 10pt;\">95<\/span><\/td>\n<td style=\"text-align: center;\"><span style=\"font-size: 10pt;\">95&nbsp;<\/span><\/td>\n<td style=\"text-align: center;\"><span style=\"font-size: 10pt;\">95<\/span><\/td>\n<td style=\"text-align: center;\"><span style=\"font-size: 10pt;\">95<\/span><\/td>\n<td style=\"text-align: center;\"><span style=\"font-size: 10pt;\">95<\/span><\/td>\n<td style=\"text-align: center;\"><span style=\"font-size: 10pt;\">95<\/span><\/td>\n<\/tr>\n<tr>\n<td><span style=\"font-size: 10pt;\">Rendimento \u00e0 Pp<\/span><\/td>\n<td style=\"text-align: center;\"><span style=\"font-size: 10pt;\">&nbsp;%<\/span><\/td>\n<td style=\"text-align: center;\"><span style=\"font-size: 10pt;\">96<\/span><\/td>\n<td style=\"text-align: center;\"><span style=\"font-size: 10pt;\">96<\/span><\/td>\n<td style=\"text-align: center;\"><span style=\"font-size: 10pt;\">96<\/span><\/td>\n<td style=\"text-align: center;\"><span style=\"font-size: 10pt;\">96<\/span><\/td>\n<td style=\"text-align: center;\"><span style=\"font-size: 10pt;\">96<\/span><\/td>\n<td style=\"text-align: center;\"><span style=\"font-size: 10pt;\">96<\/span><\/td>\n<td style=\"text-align: center;\"><span style=\"font-size: 10pt;\">96<\/span><\/td>\n<td style=\"text-align: center;\"><span style=\"font-size: 10pt;\">96<\/span><\/td>\n<td style=\"text-align: center;\"><span style=\"font-size: 10pt;\">96<\/span><\/td>\n<\/tr>\n<tr>\n<td><span style=\"font-size: 10pt;\">Classe<\/span><\/td>\n<td style=\"text-align: center;\"><span style=\"font-size: 10pt;\">&nbsp;<\/span><\/td>\n<td style=\"text-align: center;\"><span style=\"font-size: 10pt;\">5<\/span><\/td>\n<td style=\"text-align: center;\"><span style=\"font-size: 10pt;\">5<\/span><\/td>\n<td style=\"text-align: center;\"><span style=\"font-size: 10pt;\">5<\/span><\/td>\n<td style=\"text-align: center;\"><span style=\"font-size: 10pt;\">5<\/span><\/td>\n<td style=\"text-align: center;\"><span style=\"font-size: 10pt;\">5<\/span><\/td>\n<td style=\"text-align: center;\"><span style=\"font-size: 10pt;\">5<\/span><\/td>\n<td style=\"text-align: center;\"><span style=\"font-size: 10pt;\">5<\/span><\/td>\n<td style=\"text-align: center;\"><span style=\"font-size: 10pt;\">5<\/span><\/td>\n<td style=\"text-align: center;\"><span style=\"font-size: 10pt;\">5<\/span><\/td>\n<\/tr>\n<\/tbody>\n<\/table>\n<p>&nbsp;<\/p>\n<p>&nbsp;<\/p>\n<p>&nbsp;<\/p>\n<table>\n<tbody>\n<tr>\n<td width=\"33%\"><img loading=\"lazy\" decoding=\"async\" class=\"alignnone wp-image-5060\" src=\"http:\/\/www.be-heating.be\/wp-content\/uploads\/2014\/07\/FE-AKU-2000_DN100_CELLA-PV-100_300dpi_logo.png\" alt=\"\" height=\"299\" width=\"199\">&nbsp;<\/td>\n<td width=\"1%\">&nbsp;<\/td>\n<td width=\"33%\"><img loading=\"lazy\" decoding=\"async\" class=\"alignnone wp-image-5061\" src=\"http:\/\/www.be-heating.be\/wp-content\/uploads\/2014\/07\/FE-AKU-2000_G6-4inch_CELLA-PV-100_300dpi_logo.png\" alt=\"\" height=\"299\" width=\"199\">&nbsp;<\/td>\n<td width=\"1%\">&nbsp;<\/td>\n<td width=\"33%\">\n<p>&nbsp;<\/p>\n<p><span class=\"barva-modra\">Dep\u00f3sitos de in\u00e9rcia<br \/>\n&nbsp;<\/span><\/p>\n<p><a href=\"https:\/\/www.smartheating.cz\/accumulation-tanks\/\">FE AKU<\/a><br \/>\n<a href=\"https:\/\/www.smartheating.cz\/accumulation-tanks\/\">FE AKU ST<\/a><\/p>\n<\/td>\n<\/tr>\n<\/tbody>\n<\/table>\n<p>&nbsp;<\/p>\n<h2>Galeria de Fotos<\/h2>\n<p><span style=\"color: #1f497d; font-family: Calibri;\">ngg_shortcode_0_placeholder<\/span><\/p>\n","protected":false},"excerpt":{"rendered":"<p>Centrais de aquecimento em contentor SOLUC\u00c3O DE AQUECIMENTO SMART GREENHOUSE &nbsp; &nbsp; &nbsp; &nbsp; &nbsp; &nbsp; &nbsp; &nbsp; &nbsp; &nbsp; &nbsp; &nbsp; &nbsp; &nbsp; \u2022 Solu\u00e7\u00e3o completa em contentor ou solu\u00e7\u00e3o apenas com caldeira a biomassa \u2022 \u00c1gua quente \/ op\u00e7\u00e3o de aquecimento por ar quente \u2022&nbsp; Solu\u00e7\u00e3o hidr\u00e1ulica e el\u00e9trica completa para aquecimento de [&hellip;]<\/p>\n","protected":false},"author":2,"featured_media":0,"parent":0,"menu_order":0,"comment_status":"closed","ping_status":"closed","template":"page-h1.php","meta":{"ngg_post_thumbnail":0,"footnotes":""},"class_list":["post-6596","page","type-page","status-publish","hentry"],"_links":{"self":[{"href":"https:\/\/www.smartheating.cz\/pt-pt\/wp-json\/wp\/v2\/pages\/6596","targetHints":{"allow":["GET"]}}],"collection":[{"href":"https:\/\/www.smartheating.cz\/pt-pt\/wp-json\/wp\/v2\/pages"}],"about":[{"href":"https:\/\/www.smartheating.cz\/pt-pt\/wp-json\/wp\/v2\/types\/page"}],"author":[{"embeddable":true,"href":"https:\/\/www.smartheating.cz\/pt-pt\/wp-json\/wp\/v2\/users\/2"}],"replies":[{"embeddable":true,"href":"https:\/\/www.smartheating.cz\/pt-pt\/wp-json\/wp\/v2\/comments?post=6596"}],"version-history":[{"count":0,"href":"https:\/\/www.smartheating.cz\/pt-pt\/wp-json\/wp\/v2\/pages\/6596\/revisions"}],"wp:attachment":[{"href":"https:\/\/www.smartheating.cz\/pt-pt\/wp-json\/wp\/v2\/media?parent=6596"}],"curies":[{"name":"wp","href":"https:\/\/api.w.org\/{rel}","templated":true}]}}