{"id":6593,"date":"2014-09-10T11:54:58","date_gmt":"2014-09-10T10:54:58","guid":{"rendered":"http:\/\/www.smartheating.cz\/centrais-de-aquecimento-em-contentor\/mobile-boiler-smart-industrial-cabin\/"},"modified":"2016-03-10T11:28:07","modified_gmt":"2016-03-10T10:28:07","slug":"mobile-boiler-smart-industrial-cabin","status":"publish","type":"page","link":"https:\/\/www.smartheating.cz\/pt-pt\/mobile-boiler-smart-industrial-cabin\/","title":{"rendered":"Mobile boiler SMART INDUSTRIAL CABIN"},"content":{"rendered":"<h1 class=\"title\">CENTRAIS DE AQUECIMENTO EM CONTENTOR<br \/><span class=\"mezera-dole-0\"><strong>SOLU\u00c7\u00c3O DE AQUECIMENTO INDUSTRIAL SMART HEATING<\/strong><\/span><\/h1>\n<p>\u00a0<br \/><span class=\"obrazek-pod-textem\"><img loading=\"lazy\" decoding=\"async\" class=\"alignnone size-full wp-image-6594\" src=\"https:\/\/www.smartheating.cz\/wp-content\/uploads\/2014\/09\/industrial.png\" alt=\"industrial\" width=\"864\" height=\"705\" srcset=\"https:\/\/www.smartheating.cz\/wp-content\/uploads\/2014\/09\/industrial.png 864w, https:\/\/www.smartheating.cz\/wp-content\/uploads\/2014\/09\/industrial-300x245.png 300w, https:\/\/www.smartheating.cz\/wp-content\/uploads\/2014\/09\/industrial-600x490.png 600w\" sizes=\"auto, (max-width: 864px) 100vw, 864px\" \/><\/span><\/p>\n<p>&nbsp;<\/p>\n<p>&nbsp;<\/p>\n<p>&nbsp;<\/p>\n<p>&nbsp;<\/p>\n<p>&nbsp;<\/p>\n<p>&nbsp;<\/p>\n<p>&nbsp;<\/p>\n<p>&nbsp;<\/p>\n<p>&nbsp;<\/p>\n<p>&nbsp;<\/p>\n<p>&nbsp;<\/p>\n<p>&nbsp;<\/p>\n<p><span class=\"barva-modra\">\u2022 Solu\u00e7\u00e3o completa em contentor ou solu\u00e7\u00e3o apenas com caldeira a biomasa \u2022 \u00c1gua quente \/ op\u00e7\u00e3o de aquecimento por ar quente \u2022 Solu\u00e7\u00e3o hidr\u00e1ulica e el\u00e9trica completa para aquecimento de m\u00faltiplos edif\u00edcios \u2022 Possibilidade de instala\u00e7\u00e3o de 2\u201310 term\u00f3statos em cada edif\u00edcio\u00a0\u2022 Regula\u00e7\u00e3o e monitoriza\u00e7\u00e3o total de todos os circuitos de aquecimento \u2022 Possibilidade de instala\u00e7\u00e3o com contadores de entalpia para contabiliza\u00e7\u00e3o de energia \u2022 Controlo e monitoriza\u00e7\u00e3o remota atrav\u00e9s da Internet \/ GSM \u2022 Informa\u00e7\u00e3o instant\u00e2nea de altera\u00e7\u00f5es das condi\u00e7\u00f5es de funcionamento<\/span><\/p>\n<h2 dir=\"LTR\" align=\"LEFT\">\u00a0<\/h2>\n<h2 dir=\"LTR\" align=\"LEFT\">INDUSTRIAL SMART HEATING \u2013 exemplos de aplica\u00e7\u00e3o:<\/h2>\n<p><span class=\"barva-cervena\"><strong>\u2022<\/strong> <\/span><span class=\"barva-modra\">Edif\u00edcios Habitacionais<\/span><br \/><span class=\"barva-cervena\"><strong>\u2022<\/strong> <\/span><span class=\"barva-modra\">Edif\u00edcios Multifuncionais<\/span><br \/><span class=\"barva-cervena\"><strong>\u2022<\/strong> <\/span><span class=\"barva-modra\">Centros Comerciais<\/span><br \/><span class=\"barva-cervena\"><strong>\u2022<\/strong> <\/span><span class=\"barva-modra\">Unidades de Produ\u00e7\u00e3o e Naves Industriais<\/span><br \/><span class=\"barva-cervena\"><strong>\u2022<\/strong>\u00a0<\/span><span class=\"barva-modra\">Explora\u00e7\u00f5es Agr\u00edcolas e Hort\u00edcolas<\/span><br \/><span class=\"barva-cervena\"><strong>\u2022<\/strong>\u00a0<\/span><span class=\"barva-modra\">Hot\u00e9is, Mot\u00e9is, Centros de SPA, Piscinas e Complexos<br \/><\/span><span class=\"barva-cervena\"><strong>\u2022 <\/strong><\/span><span class=\"barva-modra\">Desportivos<\/span><br \/><span class=\"barva-cervena\"><strong>\u2022\u00a0<\/strong><\/span><span class=\"barva-modra\">Edif\u00edcios Municipais<\/span><br \/><span class=\"barva-cervena\"><strong>\u2022 <\/strong><\/span><span class=\"barva-modra\">Escolas, Hospitais e Quart\u00e9is<br \/><span class=\"barva-cervena\"><strong>\u2022 <\/strong><\/span>Bairros<\/span><\/p>\n<p>&nbsp;<\/p>\n<h2>Central t\u00e9rmica &#8211; Equipamentos:<\/h2>\n<table>\n<tbody>\n<tr>\n<td width=\"66%\"><img loading=\"lazy\" decoding=\"async\" class=\"alignnone size-full wp-image-397\" src=\"http:\/\/sh4.kvalitni-web.cz\/wp-content\/uploads\/2014\/07\/kotelna-smart-cabin3.jpg\" alt=\"kotelna-smart-cabin3\" width=\"567\" height=\"249\" srcset=\"https:\/\/www.smartheating.cz\/wp-content\/uploads\/2014\/07\/kotelna-smart-cabin3.jpg 567w, https:\/\/www.smartheating.cz\/wp-content\/uploads\/2014\/07\/kotelna-smart-cabin3-300x131.jpg 300w\" sizes=\"auto, (max-width: 567px) 100vw, 567px\" \/>\u00a0<\/td>\n<td width=\"1%\">\u00a0<\/td>\n<td width=\"33%\">\u00a0<br \/><span class=\"barva-modra ubuntu\">Caldeiras SMART 150\u2013500 kW<\/span><\/p>\n<p><a href=\"https:\/\/www.smartheating.cz\/smart-150-kw\/\">SMART 150 kW<\/a><br \/><a href=\"https:\/\/www.smartheating.cz\/smart-180-kw\/\">SMART 180 kW<\/a><br \/><a href=\"https:\/\/www.smartheating.cz\/smart-200-kw\/\">SMART 200 kW<\/a><br \/><a href=\"https:\/\/www.smartheating.cz\/smart-200-kw\/\">SMART 220 kW<\/a><br \/><a href=\"https:\/\/www.smartheating.cz\/smart-250-kw\/\">SMART 250 kW<\/a><br \/><a href=\"https:\/\/www.smartheating.cz\/smart-300-kw\/\">SMART 300 kW<\/a><br \/><a href=\"https:\/\/www.smartheating.cz\/smart-350-kw\/\">SMART 350 kW<br \/><\/a><a href=\"https:\/\/www.smartheating.cz\/smart-400-kw\/\">SMART 400 kW<\/a><br \/><a href=\"https:\/\/www.smartheating.cz\/smart-450-kw\/\">SMART 450 kW<\/a><br \/><a href=\"https:\/\/www.smartheating.cz\/smart-500-kw\/\">SMART 500 kW<\/a><\/p>\n<\/td>\n<\/tr>\n<\/tbody>\n<\/table>\n<p>&nbsp;<\/p>\n<table class=\" tabulka\" style=\"width: 863px;\">\n<tbody>\n<tr>\n<td class=\"extra-tmava-bunka\" style=\"text-align: center;\" colspan=\"11\"><span style=\"font-size: 10pt;\">Informa\u00e7\u00e3o t\u00e9cnica das caldeiras SMART<\/span><\/td>\n<\/tr>\n<tr>\n<td class=\"extra-tmava-bunka\"><span style=\"font-size: 10pt;\">Modelo<\/span><\/td>\n<td class=\"extra-tmava-bunka\" style=\"text-align: center;\"><span style=\"font-size: 10pt;\">\u00a0<\/span><\/td>\n<td class=\"extra-tmava-bunka\" style=\"text-align: center;\"><span style=\"font-size: 10pt;\">150<\/span><\/td>\n<td class=\"extra-tmava-bunka\" style=\"text-align: center;\"><span style=\"font-size: 10pt;\">200<\/span><\/td>\n<td class=\"extra-tmava-bunka\" style=\"text-align: center;\"><span style=\"font-size: 10pt;\">220<\/span><\/td>\n<td class=\"extra-tmava-bunka\" style=\"text-align: center;\"><span style=\"font-size: 10pt;\">250<\/span><\/td>\n<td class=\"extra-tmava-bunka\" style=\"text-align: center;\"><span style=\"font-size: 10pt;\">300<\/span><\/td>\n<td class=\"extra-tmava-bunka\" style=\"text-align: center;\"><span style=\"font-size: 10pt;\">350<\/span><\/td>\n<td class=\"extra-tmava-bunka\" style=\"text-align: center;\"><span style=\"font-size: 10pt;\">400<\/span><\/td>\n<td class=\"extra-tmava-bunka\" style=\"text-align: center;\"><span style=\"font-size: 10pt;\">450<\/span><\/td>\n<td class=\"extra-tmava-bunka\" style=\"text-align: center;\"><span style=\"font-size: 10pt;\">500<\/span><\/td>\n<\/tr>\n<tr>\n<td><span style=\"font-size: 10pt;\">Pot\u00eancia nominal Pn<\/span><\/td>\n<td style=\"text-align: center;\"><span style=\"font-size: 10pt;\">kW<\/span><\/td>\n<td style=\"text-align: center;\"><span style=\"font-size: 10pt;\">150<\/span><\/td>\n<td style=\"text-align: center;\"><span style=\"font-size: 10pt;\">200<\/span><\/td>\n<td style=\"text-align: center;\"><span style=\"font-size: 10pt;\">220\u00a0<\/span><\/td>\n<td style=\"text-align: center;\"><span style=\"font-size: 10pt;\">250<\/span><\/td>\n<td style=\"text-align: center;\"><span style=\"font-size: 10pt;\">300<\/span><\/td>\n<td style=\"text-align: center;\"><span style=\"font-size: 10pt;\">350<\/span><\/td>\n<td style=\"text-align: center;\"><span style=\"font-size: 10pt;\">400<\/span><\/td>\n<td style=\"text-align: center;\"><span style=\"font-size: 10pt;\">450\u00a0<\/span><\/td>\n<td style=\"text-align: center;\"><span style=\"font-size: 10pt;\">500<\/span><\/td>\n<\/tr>\n<tr>\n<td><span style=\"font-size: 10pt;\">Pot\u00eancia \u00e0 carga parcial Pp<\/span><\/td>\n<td style=\"text-align: center;\"><span style=\"font-size: 10pt;\">kW<\/span><\/td>\n<td style=\"text-align: center;\"><span style=\"font-size: 10pt;\">40<\/span><\/td>\n<td style=\"text-align: center;\"><span style=\"font-size: 10pt;\">45<\/span><\/td>\n<td style=\"text-align: center;\"><span style=\"font-size: 10pt;\">55<\/span><\/td>\n<td style=\"text-align: center;\"><span style=\"font-size: 10pt;\">65<\/span><\/td>\n<td style=\"text-align: center;\"><span style=\"font-size: 10pt;\">75<\/span><\/td>\n<td style=\"text-align: center;\"><span style=\"font-size: 10pt;\">90<\/span><\/td>\n<td style=\"text-align: center;\"><span style=\"font-size: 10pt;\">100<\/span><\/td>\n<td style=\"text-align: center;\"><span style=\"font-size: 10pt;\">115\u00a0<\/span><\/td>\n<td style=\"text-align: center;\"><span style=\"font-size: 10pt;\">140<\/span><\/td>\n<\/tr>\n<tr>\n<td><span style=\"font-size: 10pt;\">Rendimento \u00e0 Pn<\/span><\/td>\n<td style=\"text-align: center;\"><span style=\"font-size: 10pt;\">\u00a0%<\/span><\/td>\n<td style=\"text-align: center;\"><span style=\"font-size: 10pt;\">95<\/span><\/td>\n<td style=\"text-align: center;\"><span style=\"font-size: 10pt;\">95<\/span><\/td>\n<td style=\"text-align: center;\"><span style=\"font-size: 10pt;\">95<\/span><\/td>\n<td style=\"text-align: center;\"><span style=\"font-size: 10pt;\">95<\/span><\/td>\n<td style=\"text-align: center;\"><span style=\"font-size: 10pt;\">95\u00a0<\/span><\/td>\n<td style=\"text-align: center;\"><span style=\"font-size: 10pt;\">95<\/span><\/td>\n<td style=\"text-align: center;\"><span style=\"font-size: 10pt;\">95<\/span><\/td>\n<td style=\"text-align: center;\"><span style=\"font-size: 10pt;\">95<\/span><\/td>\n<td style=\"text-align: center;\"><span style=\"font-size: 10pt;\">95<\/span><\/td>\n<\/tr>\n<tr>\n<td><span style=\"font-size: 10pt;\">Rendimento \u00e0 Pp<\/span><\/td>\n<td style=\"text-align: center;\"><span style=\"font-size: 10pt;\">\u00a0%<\/span><\/td>\n<td style=\"text-align: center;\"><span style=\"font-size: 10pt;\">96<\/span><\/td>\n<td style=\"text-align: center;\"><span style=\"font-size: 10pt;\">96<\/span><\/td>\n<td style=\"text-align: center;\"><span style=\"font-size: 10pt;\">96<\/span><\/td>\n<td style=\"text-align: center;\"><span style=\"font-size: 10pt;\">96<\/span><\/td>\n<td style=\"text-align: center;\"><span style=\"font-size: 10pt;\">96<\/span><\/td>\n<td style=\"text-align: center;\"><span style=\"font-size: 10pt;\">96<\/span><\/td>\n<td style=\"text-align: center;\"><span style=\"font-size: 10pt;\">96<\/span><\/td>\n<td style=\"text-align: center;\"><span style=\"font-size: 10pt;\">96<\/span><\/td>\n<td style=\"text-align: center;\"><span style=\"font-size: 10pt;\">96<\/span><\/td>\n<\/tr>\n<tr>\n<td><span style=\"font-size: 10pt;\">Classe<\/span><\/td>\n<td style=\"text-align: center;\"><span style=\"font-size: 10pt;\">\u00a0<\/span><\/td>\n<td style=\"text-align: center;\"><span style=\"font-size: 10pt;\">5<\/span><\/td>\n<td style=\"text-align: center;\"><span style=\"font-size: 10pt;\">5<\/span><\/td>\n<td style=\"text-align: center;\"><span style=\"font-size: 10pt;\">5<\/span><\/td>\n<td style=\"text-align: center;\"><span style=\"font-size: 10pt;\">5<\/span><\/td>\n<td style=\"text-align: center;\"><span style=\"font-size: 10pt;\">5<\/span><\/td>\n<td style=\"text-align: center;\"><span style=\"font-size: 10pt;\">5<\/span><\/td>\n<td style=\"text-align: center;\"><span style=\"font-size: 10pt;\">5<\/span><\/td>\n<td style=\"text-align: center;\"><span style=\"font-size: 10pt;\">5<\/span><\/td>\n<td style=\"text-align: center;\"><span style=\"font-size: 10pt;\">5<\/span><\/td>\n<\/tr>\n<\/tbody>\n<\/table>\n<p>&nbsp;<\/p>\n<p>&nbsp;<\/p>\n<table>\n<tbody>\n<tr>\n<td width=\"33%\"><img loading=\"lazy\" decoding=\"async\" class=\"alignnone wp-image-5060\" src=\"http:\/\/www.be-heating.be\/wp-content\/uploads\/2014\/07\/FE-AKU-2000_DN100_CELLA-PV-100_300dpi_logo.png\" alt=\"\" width=\"199\" height=\"299\" \/>\u00a0<\/td>\n<td width=\"1%\">\u00a0<\/td>\n<td width=\"33%\"><img loading=\"lazy\" decoding=\"async\" class=\"alignnone wp-image-5061\" src=\"http:\/\/www.be-heating.be\/wp-content\/uploads\/2014\/07\/FE-AKU-2000_G6-4inch_CELLA-PV-100_300dpi_logo.png\" alt=\"\" width=\"199\" height=\"299\" \/>\u00a0<\/td>\n<td width=\"1%\">\u00a0<\/td>\n<td width=\"33%\">\u00a0<\/p>\n<p><span class=\"barva-modra\">Dep\u00f3sitos de in\u00e9rcia<br \/>\u00a0<\/span><\/p>\n<p><a href=\"https:\/\/www.smartheating.cz\/accumulation-tanks\/\">FE AKU<\/a><br \/><a href=\"https:\/\/www.smartheating.cz\/accumulation-tanks\/\">FE AKU ST<\/a><\/p>\n<\/td>\n<\/tr>\n<\/tbody>\n<\/table>\n<p>&nbsp;<\/p>\n<h2>Galeria de Fotos<\/h2>\n<p><span style=\"color: #1f497d; font-family: Calibri;\">ngg_shortcode_0_placeholder<\/span><\/p>\n","protected":false},"excerpt":{"rendered":"<p>CENTRAIS DE AQUECIMENTO EM CONTENTORSOLU\u00c7\u00c3O DE AQUECIMENTO INDUSTRIAL SMART HEATING \u00a0 &nbsp; &nbsp; &nbsp; &nbsp; &nbsp; &nbsp; &nbsp; &nbsp; &nbsp; &nbsp; &nbsp; &nbsp; \u2022 Solu\u00e7\u00e3o completa em contentor ou solu\u00e7\u00e3o apenas com caldeira a biomasa \u2022 \u00c1gua quente \/ op\u00e7\u00e3o de aquecimento por ar quente \u2022 Solu\u00e7\u00e3o hidr\u00e1ulica e el\u00e9trica completa para aquecimento de m\u00faltiplos [&hellip;]<\/p>\n","protected":false},"author":2,"featured_media":0,"parent":0,"menu_order":0,"comment_status":"closed","ping_status":"closed","template":"page-h1.php","meta":{"ngg_post_thumbnail":0,"footnotes":""},"class_list":["post-6593","page","type-page","status-publish","hentry"],"_links":{"self":[{"href":"https:\/\/www.smartheating.cz\/pt-pt\/wp-json\/wp\/v2\/pages\/6593","targetHints":{"allow":["GET"]}}],"collection":[{"href":"https:\/\/www.smartheating.cz\/pt-pt\/wp-json\/wp\/v2\/pages"}],"about":[{"href":"https:\/\/www.smartheating.cz\/pt-pt\/wp-json\/wp\/v2\/types\/page"}],"author":[{"embeddable":true,"href":"https:\/\/www.smartheating.cz\/pt-pt\/wp-json\/wp\/v2\/users\/2"}],"replies":[{"embeddable":true,"href":"https:\/\/www.smartheating.cz\/pt-pt\/wp-json\/wp\/v2\/comments?post=6593"}],"version-history":[{"count":0,"href":"https:\/\/www.smartheating.cz\/pt-pt\/wp-json\/wp\/v2\/pages\/6593\/revisions"}],"wp:attachment":[{"href":"https:\/\/www.smartheating.cz\/pt-pt\/wp-json\/wp\/v2\/media?parent=6593"}],"curies":[{"name":"wp","href":"https:\/\/api.w.org\/{rel}","templated":true}]}}