{"id":6215,"date":"2014-06-07T09:52:48","date_gmt":"2014-06-07T08:52:48","guid":{"rendered":"http:\/\/www.smartheating.cz\/prislusenstvi-2\/"},"modified":"2016-03-16T07:12:12","modified_gmt":"2016-03-16T06:12:12","slug":"prislusenstvi","status":"publish","type":"page","link":"https:\/\/www.smartheating.cz\/pt-pt\/prislusenstvi\/","title":{"rendered":"P\u0159\u00edslu\u0161enstv\u00ed"},"content":{"rendered":"<div class=\"row \"><div class=\"col-lg-3 col-md-3 col-xs-12 col-sm-12\"><div class=\"content_block\" id=\"custom_post_widget-3998\"><h3 class=\"line\">Acess\u00f3rios<\/h3>\n<ul>\n<li><a href=\"https:\/\/www.smartheating.cz\/pt-pt\/airflowunit\/\">Gerador de Ar Quente<\/a><\/li>\n<\/ul>\n<p>&nbsp;<\/p>\n<h3 class=\"line\">Download<\/h3>\n<p><a href=\"http:\/\/sh4.kvalitni-web.cz\/wp-content\/uploads\/2014\/11\/Cat\u00e1logo-Gerador-de-Ar-Quente.pdf\">Cat\u00e1logo Gerador de Ar Quente<\/a><\/p>\n<p>&nbsp;<\/p>\n<h3 class=\"line\">Galeria de Fotos<\/h3>\n<p><a href=\"https:\/\/www.smartheating.cz\/pt-pt\/gerador-de-ar-quente\/\">Fotos das nossas instala\u00e7\u00f5es<\/a><\/p>\n<\/div><\/div><div class=\"col-lg-9 col-md-9 col-xs-12 col-sm-12\"><div class=\"content_block\" id=\"custom_post_widget-3969\"><h1 class=\"title\">Acess\u00f3rios<br \/>\n <strong>Gerador de Ar Quente Smart<\/strong><\/h1>\n<p>&nbsp;<\/p>\n<p>&nbsp;<\/p>\n<p>&nbsp;<\/p>\n<p>&nbsp;<span class=\"obrazek-pod-textem\"><a href=\"https:\/\/www.smartheating.cz\/pt-pt\/airflowunit\/\"><img loading=\"lazy\" decoding=\"async\" class=\"alignnone wp-image-13312 size-full\" src=\"http:\/\/www.smartheating.cz\/wp-content\/uploads\/2014\/11\/airflow-1.jpg\" alt=\"\" height=\"490\" width=\"566\" srcset=\"https:\/\/www.smartheating.cz\/wp-content\/uploads\/2014\/11\/airflow-1.jpg 566w, https:\/\/www.smartheating.cz\/wp-content\/uploads\/2014\/11\/airflow-1-300x260.jpg 300w\" sizes=\"auto, (max-width: 566px) 100vw, 566px\" \/><\/a><\/span><\/p>\n<p>&nbsp;<\/p>\n<p>&nbsp;<\/p>\n<p>&nbsp;<\/p>\n<p>&nbsp;<\/p>\n<p>&nbsp;<\/p>\n<\/div><\/div><\/div>\n<div class=\"row \"><div class=\"col-lg-12 col-md-12 col-xs-12 col-sm-12\"><div class=\"content_block\" id=\"custom_post_widget-388\"><div class=\"extra-wrap extra-wrap-2\">\n<div class=\"extra\">\n<div class=\"extra-in\">\n<h2>\u00a0<\/h2>\n<\/div>\n<\/div>\n<\/div>\n<\/div><\/div><\/div>\n<div class=\"row \"><div class=\"col-lg-3 col-md-3 col-xs-12 col-sm-12\"><div class=\"content_block\" id=\"custom_post_widget-1114\"><h3 class=\"line\">Acess\u00f3rios<\/h3>\n<ul>\n<li>Secador de Estilha<\/li>\n<\/ul>\n<p>&nbsp;<\/p>\n<h4><span style=\"color: #255aa3; font-size: 12pt;\">REFERENCE LIST:<\/span><\/h4>\n<p><a href=\"http:\/\/www.smartheating.cz\/wp-content\/uploads\/2014\/06\/SMART_WOOD_CHIPS_DRYER_560_KW_Daruvar.pdf\" target=\"_blank\" rel=\"noopener noreferrer\"><span style=\"color: #645e61;\">Smart Wood Chips Dryer 560 kW \u2013 Daruvar<\/span><\/a><br \/>\n<a href=\"http:\/\/www.smartheating.cz\/wp-content\/uploads\/2014\/06\/SMART_WOOD_CHIPS_DRYER_560_KW_nahled.pdf\" target=\"_blank\" rel=\"noopener noreferrer\"><span style=\"color: #645e61;\">Smart Wood Chips Dryer 560 kW \u2013 Virovitica<\/span><\/a><br \/>\n<a href=\"http:\/\/www.smartheating.cz\/wp-content\/uploads\/2020\/04\/Smart_Wood_Chips_Dryer_Vocin_nahled.pdf\" target=\"_blank\" rel=\"noopener noreferrer\">Smart Wood Chips Dryer 560 kW \u2013 Vo\u010din<\/a> <br \/>\n<a href=\"http:\/\/www.smartheating.cz\/wp-content\/uploads\/2020\/04\/Smart_Wood_Chips_Dryer_Grubisno_Polje_nahled.pdf\" target=\"_blank\" rel=\"noopener noreferrer\">Smart Wood Chips Dryer 560 kW \u2013 Grubi\u0161no Polje<\/a><\/p>\n<p>&nbsp;<\/p>\n<h3 class=\"line\">Galeria de Fotos<\/h3>\n<p><a href=\"https:\/\/www.smartheating.cz\/pt-pt\/susicka_stepky\/\">Fotos das nossas instala\u00e7\u00f5es<\/a><\/p>\n<\/div><\/div><div class=\"col-lg-9 col-md-9 col-xs-12 col-sm-12\"><div class=\"content_block\" id=\"custom_post_widget-1113\"><h1 class=\"title\">Acess\u00f3rios<br \/><strong>Secador de Estilha Smart<\/strong><\/h1>\n<p>\u00a0<span class=\"obrazek-pod-textem\"><a href=\"https:\/\/www.smartheating.cz\/pt-pt\/susicka_stepky\/\"><img loading=\"lazy\" decoding=\"async\" class=\"alignnone wp-image-1360 size-full\" src=\"http:\/\/www.smartheating.cz\/wp-content\/uploads\/2014\/08\/susicka1.jpg\" alt=\"susicka\" width=\"566\" height=\"490\" srcset=\"https:\/\/www.smartheating.cz\/wp-content\/uploads\/2014\/08\/susicka1.jpg 566w, https:\/\/www.smartheating.cz\/wp-content\/uploads\/2014\/08\/susicka1-300x259.jpg 300w\" sizes=\"auto, (max-width: 566px) 100vw, 566px\" \/><\/a><\/span><\/p>\n<p>&nbsp;<\/p>\n<p>&nbsp;<\/p>\n<p>&nbsp;<\/p>\n<p>&nbsp;<\/p>\n<p>&nbsp;<\/p>\n<p>&nbsp;<\/p>\n<p>&nbsp;<\/p>\n<p>&nbsp;<\/p>\n<p>&nbsp;<\/p>\n<\/div><\/div><\/div>\n<div class=\"row \"><div class=\"col-lg-12 col-md-12 col-xs-12 col-sm-12\"><div class=\"content_block\" id=\"custom_post_widget-388\"><div class=\"extra-wrap extra-wrap-2\">\n<div class=\"extra\">\n<div class=\"extra-in\">\n<h2>\u00a0<\/h2>\n<\/div>\n<\/div>\n<\/div>\n<\/div><\/div><\/div>\n<div class=\"row \"><br \/><div class=\"col-lg-3 col-md-3 col-xs-12 col-sm-12\"><div class=\"content_block\" id=\"custom_post_widget-1115\"><h3 class=\"line\">Acess\u00f3rios<\/h3>\n<ul>\n<li><a href=\"https:\/\/www.smartheating.cz\/pt-pt\/accessories-hydraulic-hatch\/\">Al\u00e7ap\u00e3o Hidr\u00e1ulico<\/a><\/li>\n<\/ul>\n<p>&nbsp;<\/p>\n<h3 class=\"line\">Download<\/h3>\n<p><a href=\"http:\/\/www.smartheating.cz\/wp-content\/uploads\/2014\/08\/Hydraulic_Hatch_Brochure_PT_Smart.pdf\">Cat\u00e1logo Al\u00e7ap\u00e3o Hidr\u00e1ulico SMART<\/a><\/p>\n<h4><span style=\"color: #255aa3; font-size: 12pt;\">Reference list:<\/span><\/h4>\n<p><a href=\"http:\/\/www.smartheating.cz\/wp-content\/uploads\/2014\/06\/Smart_Hydraulic_Hatch_Ireland_nahled.pdf\"><span style=\"color: #645e61;\">Smart Hydraulic Hatch \u2013 Ireland<\/span><\/a><br \/>\n<a href=\"http:\/\/www.smartheating.cz\/wp-content\/uploads\/2014\/06\/Smart_Hydraulic_Hatch_Sweden_nahled.pdf\"><span style=\"color: #645e61;\">Smart Hydraulic Hatch \u2013 Sweden<\/span><\/a><\/p>\n<p><a href=\"http:\/\/sh4.kvalitni-web.cz\/wp-content\/uploads\/2014\/09\/Hydraulicky_poklop_ENG.pdf\"><br \/>\n<\/a>\u00a0<\/p>\n<h3 class=\"line\">Galeria de Fotos<\/h3>\n<p>Fotos das nossas instala\u00e7\u00f5es<\/p>\n<\/div><\/div><div class=\"col-lg-9 col-md-9 col-xs-12 col-sm-12\"><div class=\"content_block\" id=\"custom_post_widget-1116\"><h1 class=\"title\">Acess\u00f3rios<br \/><strong>Al\u00e7ap\u00e3o Hidr\u00e1ulico SMART<\/strong><\/h1>\n<p>&nbsp;<\/p>\n<p><span class=\"barva-modra\">\u00a0<\/span>\u00a0<\/p>\n<p>&nbsp;<\/p>\n<p>&nbsp;<\/p>\n<p>&nbsp;<\/p>\n<p>&nbsp;<\/p>\n<p>&nbsp;<\/p>\n<p>&nbsp;<\/p>\n<p>&nbsp;<\/p>\n<p>&nbsp;<\/p>\n<p><span class=\"obrazek-pod-textem\"><a href=\"https:\/\/www.smartheating.cz\/pt-pt\/accessories-hydraulic-hatch\/\"><img loading=\"lazy\" decoding=\"async\" class=\"alignnone wp-image-1205 size-full\" src=\"http:\/\/www.smartheating.cz\/wp-content\/uploads\/2014\/08\/hydraulicke_dvere.jpg\" alt=\"hydraulicke_dvere\" width=\"566\" height=\"490\" srcset=\"https:\/\/www.smartheating.cz\/wp-content\/uploads\/2014\/08\/hydraulicke_dvere.jpg 566w, https:\/\/www.smartheating.cz\/wp-content\/uploads\/2014\/08\/hydraulicke_dvere-300x259.jpg 300w\" sizes=\"auto, (max-width: 566px) 100vw, 566px\" \/><\/a><\/span><\/p>\n<\/div><\/div><\/div>\n<div class=\"row \"><div class=\"col-lg-12 col-md-12 col-xs-12 col-sm-12\"><div class=\"content_block\" id=\"custom_post_widget-388\"><div class=\"extra-wrap extra-wrap-2\">\n<div class=\"extra\">\n<div class=\"extra-in\">\n<h2>\u00a0<\/h2>\n<\/div>\n<\/div>\n<\/div>\n<\/div><\/div><\/div>\n<div class=\"row \"><br \/><div class=\"col-lg-3 col-md-3 col-xs-12 col-sm-12\"><div class=\"content_block\" id=\"custom_post_widget-1117\"><h3 class=\"line\">Acess\u00f3rios<\/h3>\n<ul>\n<li>Liga\u00e7\u00f5es Hidr\u00e1ulicas<\/li>\n<\/ul>\n<p>&nbsp;<\/p>\n<h3 class=\"line\">Galeria de Fotos<\/h3>\n<p><a href=\"https:\/\/www.smartheating.cz\/pt-pt\/hydraulicke-zapojeni\/\">Fotos das nossas instala\u00e7\u00f5es<\/a><\/p>\n<\/div><\/div><div class=\"col-lg-9 col-md-9 col-xs-12 col-sm-12\"><div class=\"content_block\" id=\"custom_post_widget-1118\"><h1 class=\"title\">Acess\u00f3rios<br \/><strong>Liga\u00e7\u00f5es Hidr\u00e1ulicas SMART<\/strong><\/h1>\n<p><span class=\"obrazek-pod-textem\"><a href=\"https:\/\/www.smartheating.cz\/pt-pt\/hydraulicke-zapojeni\/\"><img loading=\"lazy\" decoding=\"async\" class=\"alignnone wp-image-1206 size-full\" src=\"http:\/\/www.smartheating.cz\/wp-content\/uploads\/2014\/08\/hydraulicke_zapojeni.jpg\" alt=\"hydraulicke_zapojeni\" width=\"566\" height=\"490\" srcset=\"https:\/\/www.smartheating.cz\/wp-content\/uploads\/2014\/08\/hydraulicke_zapojeni.jpg 566w, https:\/\/www.smartheating.cz\/wp-content\/uploads\/2014\/08\/hydraulicke_zapojeni-300x259.jpg 300w\" sizes=\"auto, (max-width: 566px) 100vw, 566px\" \/><\/a><\/span><\/p>\n<p>&nbsp;<\/p>\n<p>&nbsp;<\/p>\n<p>&nbsp;<\/p>\n<p>&nbsp;<\/p>\n<p>&nbsp;<\/p>\n<p>&nbsp;<\/p>\n<p>&nbsp;<\/p>\n<p>&nbsp;<\/p>\n<p>&nbsp;<\/p>\n<\/div><\/div><\/div>\n<div class=\"row \"><div class=\"col-lg-12 col-md-12 col-xs-12 col-sm-12\"><div class=\"content_block\" id=\"custom_post_widget-388\"><div class=\"extra-wrap extra-wrap-2\">\n<div class=\"extra\">\n<div class=\"extra-in\">\n<h2>\u00a0<\/h2>\n<\/div>\n<\/div>\n<\/div>\n<\/div><\/div><\/div>\n<div class=\"row \"><br \/><div class=\"col-lg-3 col-md-3 col-xs-12 col-sm-12\"><div class=\"content_block\" id=\"custom_post_widget-1119\"><h3 class=\"line\">Acess\u00f3rios<\/h3>\n<ul>\n<li>Chamin\u00e9 e Condutas de Fumos<\/li>\n<\/ul>\n<p>&nbsp;<\/p>\n<h3 class=\"line\">Galeria de Fotos<\/h3>\n<p><a href=\"https:\/\/www.smartheating.cz\/pt-pt\/kominy\/\">Fotos das nossas instala\u00e7\u00f5es<\/a><\/p>\n<\/div><\/div><div class=\"col-lg-9 col-md-9 col-xs-12 col-sm-12\"><div class=\"content_block\" id=\"custom_post_widget-1120\"><h1 class=\"title\">Acess\u00f3rios<br \/><strong>Chamin\u00e9 e Condutas de Fumos Smart<\/strong><\/h1>\n<p>&nbsp;<\/p>\n<p>&nbsp;<\/p>\n<p>&nbsp;<\/p>\n<p>&nbsp;<\/p>\n<p>&nbsp;<\/p>\n<p>&nbsp;<\/p>\n<p>&nbsp;<\/p>\n<p>&nbsp;<\/p>\n<p>&nbsp;<\/p>\n<p>&nbsp;<\/p>\n<p><span class=\"obrazek-pod-textem\"><a href=\"https:\/\/www.smartheating.cz\/pt-pt\/kominy\/\"><img loading=\"lazy\" decoding=\"async\" class=\"alignnone wp-image-1204 size-full\" src=\"http:\/\/www.smartheating.cz\/wp-content\/uploads\/2014\/08\/komin.jpg\" alt=\"komin\" width=\"566\" height=\"490\" srcset=\"https:\/\/www.smartheating.cz\/wp-content\/uploads\/2014\/08\/komin.jpg 566w, https:\/\/www.smartheating.cz\/wp-content\/uploads\/2014\/08\/komin-300x259.jpg 300w\" sizes=\"auto, (max-width: 566px) 100vw, 566px\" \/><\/a><\/span><\/p>\n<\/div><\/div><\/div>\n<div class=\"row \"><div class=\"col-lg-12 col-md-12 col-xs-12 col-sm-12\"><div class=\"content_block\" id=\"custom_post_widget-388\"><div class=\"extra-wrap extra-wrap-2\">\n<div class=\"extra\">\n<div class=\"extra-in\">\n<h2>\u00a0<\/h2>\n<\/div>\n<\/div>\n<\/div>\n<\/div><\/div><\/div>\n<div class=\"row \"><br \/><div class=\"col-lg-3 col-md-3 col-xs-12 col-sm-12\"><div class=\"content_block\" id=\"custom_post_widget-1121\"><h3 class=\"line\">Acess\u00f3rios<\/h3>\n<ul>\n<li>Sistemas Especiais de Transporte<\/li>\n<\/ul>\n<p>&nbsp;<\/p>\n<h3 class=\"line\">Galeria de Fotos<\/h3>\n<p><a href=\"https:\/\/www.smartheating.cz\/pt-pt\/specialni-dopravni-system\/\">Fotos das nossas instala\u00e7\u00f5es<\/a><\/p>\n<\/div><\/div><div class=\"col-lg-9 col-md-9 col-xs-12 col-sm-12\"><div class=\"content_block\" id=\"custom_post_widget-1122\"><h1 class=\"title\">Acess\u00f3rios<br \/><strong>Sistemas Especiais de Transporte Smart<\/strong><\/h1>\n<p>&nbsp;<\/p>\n<p>&nbsp;<\/p>\n<p>&nbsp;<\/p>\n<p>&nbsp;<\/p>\n<p>&nbsp;<\/p>\n<p>&nbsp;<\/p>\n<p>&nbsp;<\/p>\n<p>&nbsp;<\/p>\n<p>&nbsp;<\/p>\n<p>&nbsp;<\/p>\n<p><span class=\"obrazek-pod-textem\"><a href=\"https:\/\/www.smartheating.cz\/pt-pt\/specialni-dopravni-system\/\"><img loading=\"lazy\" decoding=\"async\" class=\"alignnone wp-image-1476 size-full\" src=\"http:\/\/www.smartheating.cz\/wp-content\/uploads\/2014\/08\/specialni_dopravni_system.jpg\" alt=\"specialni_dopravni_system\" width=\"566\" height=\"490\" srcset=\"https:\/\/www.smartheating.cz\/wp-content\/uploads\/2014\/08\/specialni_dopravni_system.jpg 566w, https:\/\/www.smartheating.cz\/wp-content\/uploads\/2014\/08\/specialni_dopravni_system-300x259.jpg 300w\" sizes=\"auto, (max-width: 566px) 100vw, 566px\" \/><\/a><\/span><\/p>\n<\/div><\/div><\/div>\n<div class=\"row \"><div class=\"col-lg-12 col-md-12 col-xs-12 col-sm-12\"><div class=\"content_block\" id=\"custom_post_widget-388\"><div class=\"extra-wrap extra-wrap-2\">\n<div class=\"extra\">\n<div class=\"extra-in\">\n<h2>\u00a0<\/h2>\n<\/div>\n<\/div>\n<\/div>\n<\/div><\/div><\/div>\n<div class=\"row \"><br \/><div class=\"col-lg-3 col-md-3 col-xs-12 col-sm-12\"><div class=\"content_block\" id=\"custom_post_widget-1124\"><h3 class=\"line\">Acess\u00f3rios<\/h3>\n<ul>\n<li>Unidades Especiais de Filtragem<\/li>\n<\/ul>\n<p>&nbsp;<\/p>\n<h3 class=\"line\">Galeria de Fotos<\/h3>\n<p><a href=\"https:\/\/www.smartheating.cz\/pt-pt\/filtracni-jednotka\/\">Fotos das nossas instala\u00e7\u00f5es<\/a><\/p>\n<\/div><\/div><div class=\"col-lg-9 col-md-9 col-xs-12 col-sm-12\"><div class=\"content_block\" id=\"custom_post_widget-1125\"><h1 class=\"title\">Acess\u00f3rios<br \/><strong>Unidades Especiais de Filtragem Smart<\/strong><\/h1>\n<p>&nbsp;<\/p>\n<p>&nbsp;<\/p>\n<p><span class=\"obrazek-pod-textem\"><a href=\"https:\/\/www.smartheating.cz\/pt-pt\/filtracni-jednotka\/\"><img loading=\"lazy\" decoding=\"async\" class=\"alignnone wp-image-1202 size-full\" src=\"http:\/\/www.smartheating.cz\/wp-content\/uploads\/2014\/08\/Filtracni_jednotka.jpg\" alt=\"Filtracni_jednotka\" width=\"566\" height=\"490\" srcset=\"https:\/\/www.smartheating.cz\/wp-content\/uploads\/2014\/08\/Filtracni_jednotka.jpg 566w, https:\/\/www.smartheating.cz\/wp-content\/uploads\/2014\/08\/Filtracni_jednotka-300x259.jpg 300w\" sizes=\"auto, (max-width: 566px) 100vw, 566px\" \/><\/a><\/span><\/p>\n<p>&nbsp;<\/p>\n<p>&nbsp;<\/p>\n<p>&nbsp;<\/p>\n<p>&nbsp;<\/p>\n<p>&nbsp;<\/p>\n<p>&nbsp;<\/p>\n<p>&nbsp;<\/p>\n<p>&nbsp;<\/p>\n<\/div><\/div><\/div>\n<div class=\"row \"><div class=\"col-lg-12 col-md-12 col-xs-12 col-sm-12\"><div class=\"content_block\" id=\"custom_post_widget-388\"><div class=\"extra-wrap extra-wrap-2\">\n<div class=\"extra\">\n<div class=\"extra-in\">\n<h2>\u00a0<\/h2>\n<\/div>\n<\/div>\n<\/div>\n<\/div><\/div><\/div>\n<div class=\"row \"><br \/><div class=\"col-lg-3 col-md-3 col-xs-12 col-sm-12\"><div class=\"content_block\" id=\"custom_post_widget-1126\"><h3 class=\"line\">Acess\u00f3rios<\/h3>\n<ul>\n<li>Silos e Estruturas em A\u00e7o<\/li>\n<\/ul>\n<p>&nbsp;<\/p>\n<h3 class=\"line\">Galeria de Fotos<\/h3>\n<p><a href=\"https:\/\/www.smartheating.cz\/pt-pt\/ocelove-nosne-konstrukce\/\">Fotos das nossas instala\u00e7\u00f5es<\/a><\/p>\n<\/div><\/div><div class=\"col-lg-9 col-md-9 col-xs-12 col-sm-12\"><div class=\"content_block\" id=\"custom_post_widget-1127\"><h1 class=\"title\">Acess\u00f3rios<br \/><strong>Silos e Estruturas em A\u00e7o Smart<\/strong><\/h1>\n<p>&nbsp;<\/p>\n<p>&nbsp;<\/p>\n<p>&nbsp;<\/p>\n<p>\u00a0<span class=\"obrazek-pod-textem\"><a href=\"https:\/\/www.smartheating.cz\/pt-pt\/ocelove-nosne-konstrukce\/\"><img loading=\"lazy\" decoding=\"async\" class=\"alignnone wp-image-4383 size-full\" src=\"http:\/\/www.smartheating.cz\/wp-content\/uploads\/2014\/08\/silo.jpg\" alt=\"\" width=\"566\" height=\"490\" srcset=\"https:\/\/www.smartheating.cz\/wp-content\/uploads\/2014\/08\/silo.jpg 566w, https:\/\/www.smartheating.cz\/wp-content\/uploads\/2014\/08\/silo-300x259.jpg 300w\" sizes=\"auto, (max-width: 566px) 100vw, 566px\" \/><\/a><\/span><\/p>\n<p>&nbsp;<\/p>\n<p>&nbsp;<\/p>\n<p>&nbsp;<\/p>\n<p>&nbsp;<\/p>\n<p>&nbsp;<\/p>\n<p>&nbsp;<\/p>\n<\/div><\/div><\/div>\n<p>&nbsp;<\/p>\n<p>&nbsp;<\/p>\n","protected":false},"excerpt":{"rendered":"<p>&nbsp; &nbsp;<\/p>\n","protected":false},"author":1,"featured_media":0,"parent":0,"menu_order":17,"comment_status":"closed","ping_status":"closed","template":"page-h1-full.php","meta":{"ngg_post_thumbnail":0,"footnotes":""},"class_list":["post-6215","page","type-page","status-publish","hentry"],"_links":{"self":[{"href":"https:\/\/www.smartheating.cz\/pt-pt\/wp-json\/wp\/v2\/pages\/6215","targetHints":{"allow":["GET"]}}],"collection":[{"href":"https:\/\/www.smartheating.cz\/pt-pt\/wp-json\/wp\/v2\/pages"}],"about":[{"href":"https:\/\/www.smartheating.cz\/pt-pt\/wp-json\/wp\/v2\/types\/page"}],"author":[{"embeddable":true,"href":"https:\/\/www.smartheating.cz\/pt-pt\/wp-json\/wp\/v2\/users\/1"}],"replies":[{"embeddable":true,"href":"https:\/\/www.smartheating.cz\/pt-pt\/wp-json\/wp\/v2\/comments?post=6215"}],"version-history":[{"count":0,"href":"https:\/\/www.smartheating.cz\/pt-pt\/wp-json\/wp\/v2\/pages\/6215\/revisions"}],"wp:attachment":[{"href":"https:\/\/www.smartheating.cz\/pt-pt\/wp-json\/wp\/v2\/media?parent=6215"}],"curies":[{"name":"wp","href":"https:\/\/api.w.org\/{rel}","templated":true}]}}