{"id":6163,"date":"2015-10-31T15:32:46","date_gmt":"2015-10-31T14:32:46","guid":{"rendered":"http:\/\/www.smartheating.cz\/smart-100-kw-2\/"},"modified":"2016-01-12T12:02:28","modified_gmt":"2016-01-12T11:02:28","slug":"smart-100-kw","status":"publish","type":"page","link":"https:\/\/www.smartheating.cz\/pt-pt\/smart-100-kw\/","title":{"rendered":"SMART 100 kW"},"content":{"rendered":"<p class=\"title\"><span class=\"mezera-dole-0\"><div class=\"row \"><div class=\"col-lg-3 col-md-3 col-xs-12 col-sm-12\"><div class=\"content_block\" id=\"custom_post_widget-2598\"><h3 class=\"line\">Caldeiras Autom\u00e1ticas<br \/>\n a Biomassa (150\u2013500\u20131500 kW)<\/h3>\n<ul>\n<li><a href=\"https:\/\/www.smartheating.cz\/pt-pt\/smart-60-kw\/\">SMART&nbsp;60 kW<\/a><\/li>\n<li><a href=\"https:\/\/www.smartheating.cz\/pt-pt\/smart-80-kw\/\">SMART&nbsp;80 kW<\/a><\/li>\n<li><a href=\"https:\/\/www.smartheating.cz\/pt-pt\/smart-100-kw\/\">SMART&nbsp;100 kW<\/a><\/li>\n<li><a href=\"https:\/\/www.smartheating.cz\/pt-pt\/smart-150-kw\/\">SMART 150 kW<\/a><\/li>\n<li><a href=\"https:\/\/www.smartheating.cz\/pt-pt\/smart-180-kw\/\">SMART 180 kW<\/a><\/li>\n<li><a href=\"https:\/\/www.smartheating.cz\/pt-pt\/smart-200-kw\/\">SMART&nbsp;200 kW<\/a><\/li>\n<li><a href=\"https:\/\/www.smartheating.cz\/pt-pt\/smart-220-kw\/\">SMART 220 kW<\/a><\/li>\n<li><a href=\"https:\/\/www.smartheating.cz\/pt-pt\/smart-250-kw\/\">SMART&nbsp;250 kW<\/a><\/li>\n<li><a href=\"https:\/\/www.smartheating.cz\/pt-pt\/smart-300-kw\/\">SMART&nbsp;300 kW<\/a><\/li>\n<li><a href=\"https:\/\/www.smartheating.cz\/pt-pt\/smart-350-kw\/\">SMART&nbsp;350 kW<\/a><\/li>\n<li><a href=\"https:\/\/www.smartheating.cz\/pt-pt\/smart-400-kw\/\">SMART&nbsp;400 kW<\/a><\/li>\n<li><a href=\"https:\/\/www.smartheating.cz\/pt-pt\/smart-450-kw\/\">SMART&nbsp;450 kW<\/a><\/li>\n<li><a href=\"https:\/\/www.smartheating.cz\/pt-pt\/smart-500-kw\/\">SMART&nbsp;500 kW<\/a><\/li>\n<\/ul>\n<p>&nbsp;<\/p>\n<h3 class=\"line\">Configurar Cor<\/h3>\n<ul>\n<li><a href=\"https:\/\/www.smartheating.cz\/konfigurator\/\">Configurar cores<\/a><\/li>\n<\/ul>\n<p>&nbsp;<\/p>\n<h3 class=\"line\">Download<\/h3>\n<p><a href=\"http:\/\/www.smartheating.cz\/wp-content\/uploads\/2014\/09\/brozura_kotle_Smart_Pt1.pdf\">Cat\u00e1logo Caldeiras Autom\u00e1ticas 150-500-1500 kW<\/a><br \/>\n <a href=\"http:\/\/www.smartheating.cz\/wp-content\/uploads\/2014\/09\/Letak_60-100kW_Pt_Smart.pdf\">Cat\u00e1logo Caldeiras Autom\u00e1ticas 60-100 kW<\/a><\/p>\n<p>&nbsp;<\/p>\n<h3 class=\"line\">Marketing Book 2017\/2018<\/h3>\n<p><a href=\"http:\/\/www.youblisher.com\/p\/1495868-Marketing-book-2016-2017\/\" target=\"_blank\" rel=\"noopener\"><img decoding=\"async\" src=\"http:\/\/www.youblisher.com\/files\/publications\/250\/1495868\/200x300.jpg\" alt=\"Marketing book 2016\/2017\"><\/a><\/p>\n<p>&nbsp;<\/p>\n<h3 class=\"line\">Galeria de Fotos<\/h3>\n<p><a href=\"https:\/\/www.smartheating.cz\/pt-pt\/reference-evropa\/\">Fotos das nossas instala\u00e7\u00f5es<\/a><\/p>\n<\/div><\/div><div class=\"col-lg-9 col-md-9 col-xs-12 col-sm-12\"><\/span><\/p>\n<h1 class=\"title\"><span class=\"mezera-dole-0\">Caldeiras Autom\u00e1ticas<br \/> a Biomassa<br \/><\/span><strong>SMART\u00a0100 kW<span class=\"obrazek-pod-textem\"><span style=\"color: #da1b1a; font-size: xx-large;\"><img loading=\"lazy\" decoding=\"async\" class=\"alignnone wp-image-6161 size-full\" src=\"http:\/\/www.smartheating.cz\/wp-content\/uploads\/2015\/10\/kotel_60-100kw_PT.png\" alt=\"\" width=\"890\" height=\"407\" srcset=\"https:\/\/www.smartheating.cz\/wp-content\/uploads\/2015\/10\/kotel_60-100kw_PT.png 890w, https:\/\/www.smartheating.cz\/wp-content\/uploads\/2015\/10\/kotel_60-100kw_PT-300x137.png 300w, https:\/\/www.smartheating.cz\/wp-content\/uploads\/2015\/10\/kotel_60-100kw_PT-600x274.png 600w\" sizes=\"auto, (max-width: 890px) 100vw, 890px\" \/><\/span><\/span><\/strong><\/h1>\n<p>&nbsp;<\/p>\n<p>&nbsp;<\/p>\n<p class=\"subtitle\">\u00a0<\/p>\n<p class=\"subtitle\">\u00a0\u00a0<\/p>\n<p class=\"subtitle\">\u00a0<br \/>\u00a0<\/p>\n<p class=\"subtitle\">\u00a0<\/p>\n<p class=\"subtitle\">\u00a0<\/p>\n<p style=\"text-align: left;\"><span class=\"barva-modra\"><span class=\"barva-modra\">\u2022\u00a0Caldeiras completamente autom\u00e1ticas de elevada qualidade e robustez \u2022\u00a0Solu\u00e7\u00e3o t\u00e9cnica flex\u00edvel \u2022\u00a0V\u00e1rios combust\u00edveis\u00a0\u2022\u00a0Econ\u00f3mica e ecol\u00f3gica\u00a0\u2022\u00a03 pot\u00eancias dispon\u00edveis\u00a0\u2022\u00a090% de rendimento\u00a0\u2022\u00a0Modula\u00e7\u00e3o de pot\u00eancia de 30%-100%\u00a0\u2022\u00a0Sonda Lambda\u00a0\u2022\u00a0Queimador em a\u00e7o inox com sistema de limpeza\u00a0\u2022\u00a0Baixas necessidades de manuten\u00e7\u00e3o\u00a0\u2022\u00a0Regula\u00e7\u00e3o dos circuitos de aquecimento\u00a0\u2022\u00a0Instala\u00e7\u00e3o em cascata\u00a0\u2022\u00a0Controlo por telem\u00f3vel\u00a0\u2022\u00a0Controlo por internet\u00a0\u2022\u00a0Solu\u00e7\u00f5es em contentor m\u00f3vel\u00a0\u2022\u00a0Acess\u00f3rios especiais<\/span><\/span><\/p>\n<p>&nbsp;<\/p>\n<h2>Caldeiras SMART \u2013 exemplos de aplica\u00e7\u00e3o:<\/h2>\n<p><span class=\"barva-cervena\"><strong>\u2022<\/strong> <\/span><span class=\"barva-modra\">Edif\u00edcios Habitacionais<\/span><br \/><span class=\"barva-cervena\"><strong>\u2022<\/strong> <\/span><span class=\"barva-modra\">Edif\u00edcios Multifuncionais<\/span><br \/><span class=\"barva-cervena\"><strong>\u2022<\/strong> <\/span><span class=\"barva-modra\">Centros Comerciais<\/span><br \/><span class=\"barva-cervena\"><strong>\u2022<\/strong>\u00a0<\/span><span class=\"barva-modra\">Unidades de Produ\u00e7\u00e3o e Naves Industrias <\/span><br \/><span class=\"barva-cervena\"><strong>\u2022<\/strong> <\/span><span class=\"barva-modra\">Explora\u00e7\u00f5es Agr\u00edcolas e Hort\u00edcolas<br \/><\/span><span class=\"barva-cervena\"><strong>\u2022 <\/strong><\/span><span class=\"barva-modra\">Hot\u00e9is, Mot\u00e9is, Centros de SPA, Piscinas e Complexos Desportivos<\/span><br \/><span class=\"barva-cervena\"><strong>\u2022\u00a0<\/strong><\/span><span class=\"barva-modra\">Edif\u00edcios Municipais<\/span><br \/><span class=\"barva-cervena\"><strong>\u2022 <\/strong><\/span><span class=\"barva-modra\">Escolas, Hospitais e Quart\u00e9is<br \/><span class=\"barva-cervena\"><strong>\u2022\u00a0<\/strong><\/span><span class=\"barva-modra\">Bairros<\/span><\/span><\/p>\n<p>&nbsp;<\/p>\n<p>&nbsp;<\/p>\n<table>\n<tbody>\n<tr>\n<td>\n<table class=\" tabulka\">\n<tbody>\n<tr>\n<td style=\"text-align: center;\" colspan=\"3\"><span style=\"font-size: 10pt;\">SMART BOILERS OPERATING DATA<\/span><\/td>\n<\/tr>\n<tr class=\"tmavy-radek extra-tmavy-radek\">\n<td class=\"extra-tmava-bunka\" colspan=\"3\"><span style=\"font-size: 10pt;\">Technical data of the boiler\u00a0\u00a0<\/span><\/td>\n<\/tr>\n<tr>\n<td><span style=\"font-size: 10pt;\">Marking<\/span><\/td>\n<td style=\"text-align: center;\"><span style=\"font-size: 10pt;\">\u00a0<\/span><\/td>\n<td class=\"tmava-bunka\" style=\"text-align: center;\"><span style=\"font-size: 10pt;\">100<\/span><\/td>\n<\/tr>\n<tr>\n<td><span style=\"font-size: 10pt;\">Nominal power Pn<\/span><\/td>\n<td style=\"text-align: center;\"><span style=\"font-size: 10pt;\">\u00a0kW<\/span><\/td>\n<td class=\"tmava-bunka\" style=\"text-align: center;\"><span style=\"font-size: 10pt;\">100<\/span><\/td>\n<\/tr>\n<tr>\n<td><span style=\"font-size: 10pt;\">Partial load Pmin<\/span><\/td>\n<td style=\"text-align: center;\"><span style=\"font-size: 10pt;\">\u00a0kW<\/span><\/td>\n<td class=\"tmava-bunka\" style=\"text-align: center;\"><span style=\"font-size: 10pt;\">29<\/span><\/td>\n<\/tr>\n<tr>\n<td><span style=\"font-size: 10pt;\">Boiler efficiency at Pn<\/span><\/td>\n<td style=\"text-align: center;\"><span style=\"font-size: 10pt;\">%<\/span><\/td>\n<td class=\"tmava-bunka\" style=\"text-align: center;\"><span style=\"font-size: 10pt;\">88,2<\/span><\/td>\n<\/tr>\n<tr>\n<td><span style=\"font-size: 10pt;\">Boiler efficiency at Pmin<\/span><\/td>\n<td class=\"svetla-bunka\" style=\"text-align: center;\"><span style=\"font-size: 10pt;\">%<\/span><\/td>\n<td class=\"tmava-bunka\" style=\"text-align: center;\"><span style=\"font-size: 10pt;\">87,7<\/span><\/td>\n<\/tr>\n<tr>\n<td><span style=\"font-size: 10pt;\">Boiler class<\/span><\/td>\n<td class=\"svetla-bunka\" style=\"text-align: center;\"><span style=\"font-size: 10pt;\">\u00a0<\/span><\/td>\n<td class=\"tmava-bunka\" style=\"text-align: center;\"><span style=\"font-size: 10pt;\">\u00a05<\/span><\/td>\n<\/tr>\n<tr>\n<td><span style=\"font-size: 10pt;\">Noise level<\/span><\/td>\n<td class=\"svetla-bunka\" style=\"text-align: center;\"><span style=\"font-size: 10pt;\">dB<\/span><\/td>\n<td class=\"tmava-bunka\" style=\"text-align: center;\"><span style=\"font-size: 10pt;\">&lt; 65<\/span><\/td>\n<\/tr>\n<tr>\n<td><span style=\"font-size: 10pt;\">Weight<\/span><\/td>\n<td class=\"svetla-bunka\" style=\"text-align: center;\"><span style=\"font-size: 10pt;\">kg<\/span><\/td>\n<td class=\"tmava-bunka\" style=\"text-align: center;\"><span style=\"font-size: 10pt;\">1042<\/span><\/td>\n<\/tr>\n<tr>\n<td class=\"extra-tmava-bunka\" colspan=\"3\"><span style=\"font-size: 10pt;\">Water\u00a0\u00a0<\/span><\/td>\n<\/tr>\n<tr>\n<td><span style=\"font-size: 10pt;\">Volume of water<\/span><\/td>\n<td style=\"text-align: center;\"><span style=\"font-size: 10pt;\">\u00a0l<\/span><\/td>\n<td class=\"tmava-bunka\" style=\"text-align: center;\"><span style=\"font-size: 10pt;\">105<\/span><\/td>\n<\/tr>\n<tr>\n<td class=\"svetla-bunka\"><span style=\"font-size: 10pt;\">Diameter of water connection<\/span><\/td>\n<td class=\"svetla-bunka\" style=\"text-align: center;\"><span style=\"font-size: 10pt;\">\u00a0&#8220;<\/span><\/td>\n<td class=\"tmava-bunka\" style=\"text-align: center;\"><span style=\"font-size: 10pt;\">2<\/span><\/td>\n<\/tr>\n<tr>\n<td><span style=\"font-size: 10pt;\">Diameter of water connection<\/span><\/td>\n<td style=\"text-align: center;\"><span style=\"font-size: 10pt;\">DN<\/span><\/td>\n<td class=\"tmava-bunka\" style=\"text-align: center;\"><span style=\"font-size: 10pt;\">50<\/span><\/td>\n<\/tr>\n<tr>\n<td><span style=\"font-size: 10pt;\">Hydraulic boiler loss attemperature gradient of 10\u00b0<\/span><\/td>\n<td style=\"text-align: center;\"><span style=\"font-size: 10pt;\">mbar<\/span><\/td>\n<td class=\"tmava-bunka\" style=\"text-align: center;\"><span style=\"font-size: 10pt;\">47<\/span><\/td>\n<\/tr>\n<tr>\n<td><span style=\"font-size: 10pt;\">Hydraulic boiler loss attemperature gradient of 20\u00b0<\/span><\/td>\n<td style=\"text-align: center;\"><span style=\"font-size: 10pt;\">mbar<\/span><\/td>\n<td class=\"tmava-bunka\" style=\"text-align: center;\"><span style=\"font-size: 10pt;\">11,9<\/span><\/td>\n<\/tr>\n<tr>\n<td><span style=\"font-size: 10pt;\">Boiler temperature<\/span><\/td>\n<td style=\"text-align: center;\"><span style=\"font-size: 10pt;\">\u00b0C<\/span><\/td>\n<td class=\"tmava-bunka\" style=\"text-align: center;\"><span style=\"font-size: 10pt;\">\u00a065\u201390\u00b0<\/span><\/td>\n<\/tr>\n<tr>\n<td><span style=\"font-size: 10pt;\">Minimal temperature of returnable water<\/span><\/td>\n<td style=\"text-align: center;\"><span style=\"font-size: 10pt;\">\u00b0C<\/span><\/td>\n<td class=\"tmava-bunka\" style=\"text-align: center;\"><span style=\"font-size: 10pt;\">55<\/span><\/td>\n<\/tr>\n<tr>\n<td><span style=\"font-size: 10pt;\">Maximal operational pressure<\/span><\/td>\n<td style=\"text-align: center;\"><span style=\"font-size: 10pt;\">bar<\/span><\/td>\n<td class=\"tmava-bunka\" style=\"text-align: center;\"><span style=\"font-size: 10pt;\">3,5<\/span><\/td>\n<\/tr>\n<tr>\n<td><span style=\"font-size: 10pt;\">Test pressure<\/span><\/td>\n<td style=\"text-align: center;\"><span style=\"font-size: 10pt;\">bar<\/span><\/td>\n<td class=\"tmava-bunka\" style=\"text-align: center;\"><span style=\"font-size: 10pt;\">6<\/span><\/td>\n<\/tr>\n<tr>\n<td class=\"extra-tmava-bunka\"><span style=\"font-size: 10pt;\">Hearth temperature<\/span><\/td>\n<td class=\"extra-tmava-bunka\" style=\"text-align: center;\"><span style=\"font-size: 10pt;\">\u00b0C<\/span><\/td>\n<td class=\"extra-tmava-bunka\"><span style=\"font-size: 10pt;\">\u00a0<\/span><\/td>\n<\/tr>\n<tr>\n<td><span style=\"font-size: 10pt;\">Hearth pressure<\/span><\/td>\n<td style=\"text-align: center;\"><span style=\"font-size: 10pt;\">mbar<\/span><\/td>\n<td class=\"tmava-bunka\" style=\"text-align: center;\"><span style=\"font-size: 10pt;\">-0,01<\/span><\/td>\n<\/tr>\n<tr>\n<td><span style=\"font-size: 10pt;\">Required chimney draught<\/span><\/td>\n<td style=\"text-align: center;\"><span style=\"font-size: 10pt;\">mbar<\/span><\/td>\n<td class=\"tmava-bunka\" style=\"text-align: center;\"><span style=\"font-size: 10pt;\">0,2<\/span><\/td>\n<\/tr>\n<tr>\n<td><span style=\"font-size: 10pt;\">Need for artificial draught<\/span><\/td>\n<td style=\"text-align: center;\"><span style=\"font-size: 10pt;\">\u00a0<\/span><\/td>\n<td class=\"tmava-bunka\" style=\"text-align: center;\"><span style=\"font-size: 10pt;\">yes<\/span><\/td>\n<\/tr>\n<tr>\n<td><span style=\"font-size: 10pt;\">Flue gas temperature at Pn<\/span><\/td>\n<td style=\"text-align: center;\"><span style=\"font-size: 10pt;\">\u00b0C<\/span><\/td>\n<td class=\"tmava-bunka\" style=\"text-align: center;\"><span style=\"font-size: 10pt;\">205<\/span><\/td>\n<\/tr>\n<tr>\n<td><span style=\"font-size: 10pt;\">Mass flow rate of flue gas at Pn<\/span><\/td>\n<td style=\"text-align: center;\"><span style=\"font-size: 10pt;\">\u00b0C<\/span><\/td>\n<td class=\"tmava-bunka\" style=\"text-align: center;\"><span style=\"font-size: 10pt;\">105<\/span><\/td>\n<\/tr>\n<tr>\n<td><span style=\"font-size: 10pt;\">Flue gas temperature at Pmin<\/span><\/td>\n<td style=\"text-align: center;\"><span style=\"font-size: 10pt;\">kg\/h<\/span><\/td>\n<td class=\"tmava-bunka\" style=\"text-align: center;\"><span style=\"font-size: 10pt;\">300<\/span><\/td>\n<\/tr>\n<tr>\n<td><span style=\"font-size: 10pt;\">Mass flow rate of flue gas at Pmin<\/span><\/td>\n<td style=\"text-align: center;\"><span style=\"font-size: 10pt;\">kg\/h<\/span><\/td>\n<td class=\"tmava-bunka\" style=\"text-align: center;\"><span style=\"font-size: 10pt;\">99<\/span><\/td>\n<\/tr>\n<tr>\n<td><span style=\"font-size: 10pt;\">Volume of flue gas at Pn<\/span><\/td>\n<td style=\"text-align: center;\"><span style=\"font-size: 10pt;\">m<sup>3<\/sup>\/h<\/span><\/td>\n<td class=\"tmava-bunka\" style=\"text-align: center;\"><span style=\"font-size: 10pt;\">235<\/span><\/td>\n<\/tr>\n<tr>\n<td><span style=\"font-size: 10pt;\">Volume of flue gas at Pmin<\/span><\/td>\n<td style=\"text-align: center;\"><span style=\"font-size: 10pt;\">m<sup>3<\/sup>\/h<\/span><\/td>\n<td class=\"tmava-bunka\" style=\"text-align: center;\"><span style=\"font-size: 10pt;\">77,6<\/span><\/td>\n<\/tr>\n<tr>\n<td><span style=\"font-size: 10pt;\">Smoke pipe diameter<\/span><\/td>\n<td style=\"text-align: center;\"><span style=\"font-size: 10pt;\">mm<\/span><\/td>\n<td class=\"tmava-bunka\" style=\"text-align: center;\"><span style=\"font-size: 10pt;\">200<\/span><\/td>\n<\/tr>\n<tr>\n<td><span style=\"font-size: 10pt;\">Chimney diameter<\/span><\/td>\n<td style=\"text-align: center;\"><span style=\"font-size: 10pt;\">mm<\/span><\/td>\n<td class=\"tmava-bunka\" style=\"text-align: center;\"><span style=\"font-size: 10pt;\">200<\/span><\/td>\n<\/tr>\n<tr>\n<td><span style=\"font-size: 10pt;\">Type of chimney<\/span><\/td>\n<td style=\"text-align: center;\"><span style=\"font-size: 10pt;\">\u00a0<\/span><\/td>\n<td class=\"tmava-bunka\" style=\"text-align: center;\"><span style=\"font-size: 10pt;\">Moisture \u2013 resistant<\/span><\/td>\n<\/tr>\n<tr>\n<td class=\"extra-tmava-bunka\"><span style=\"font-size: 10pt;\">Fuel<\/span><\/td>\n<td class=\"extra-tmava-bunka\" style=\"text-align: center;\"><span style=\"font-size: 10pt;\">\u00a0<\/span><\/td>\n<td class=\"tmava-bunka extra-tmava-bunka\" style=\"text-align: center;\"><span style=\"font-size: 10pt;\">\u00a0<\/span><\/td>\n<\/tr>\n<tr>\n<td><span style=\"font-size: 10pt;\">Maximum size<\/span><\/td>\n<td style=\"text-align: center;\"><span style=\"font-size: 10pt;\">cm<\/span><\/td>\n<td class=\"tmava-bunka\" style=\"text-align: center;\"><span style=\"font-size: 10pt;\">3<\/span><\/td>\n<\/tr>\n<tr>\n<td><span style=\"font-size: 10pt;\">Maximum moisture content<\/span><\/td>\n<td style=\"text-align: center;\"><span style=\"font-size: 10pt;\">%<\/span><\/td>\n<td class=\"tmava-bunka\" style=\"text-align: center;\"><span style=\"font-size: 10pt;\">30<\/span><\/td>\n<\/tr>\n<tr>\n<td class=\"extra-tmava-bunka\" colspan=\"3\"><span style=\"font-size: 10pt;\">Electric equipment<\/span><\/td>\n<\/tr>\n<tr>\n<td class=\"svetla-bunka\"><span style=\"font-size: 10pt;\">Connection<\/span><\/td>\n<td><span style=\"font-size: 10pt;\">\u00a0<\/span><\/td>\n<td class=\"tmava-bunka\"><span style=\"font-size: 10pt;\">\u00a0<\/span><\/td>\n<\/tr>\n<tr>\n<td class=\"svetla-bunka\"><span style=\"font-size: 10pt;\">Total<\/span><\/td>\n<td style=\"text-align: center;\"><span style=\"font-size: 10pt;\">W<\/span><\/td>\n<td class=\"tmava-bunka\" style=\"text-align: center;\"><span style=\"font-size: 10pt;\">3131<\/span><\/td>\n<\/tr>\n<tr>\n<td class=\"svetla-bunka\"><span style=\"font-size: 10pt;\">Ingress Protection Rating (IP)<\/span><\/td>\n<td style=\"text-align: center;\"><span style=\"font-size: 10pt;\">\u00a0<\/span><\/td>\n<td class=\"tmava-bunka\" style=\"text-align: center;\"><span style=\"font-size: 10pt;\">41<\/span><\/td>\n<\/tr>\n<\/tbody>\n<\/table>\n<p>&nbsp;<\/p>\n<\/td>\n<td>\u00a0<\/td>\n<\/tr>\n<\/tbody>\n<\/table>\n<p>&nbsp;<\/p>\n<h2>Galeria de Fotos<\/h2>\n<p>ngg_shortcode_0_placeholder<\/div><\/div><\/p>\n","protected":false},"excerpt":{"rendered":"","protected":false},"author":2,"featured_media":0,"parent":0,"menu_order":0,"comment_status":"closed","ping_status":"closed","template":"page-h1-full.php","meta":{"ngg_post_thumbnail":0,"footnotes":""},"class_list":["post-6163","page","type-page","status-publish","hentry"],"_links":{"self":[{"href":"https:\/\/www.smartheating.cz\/pt-pt\/wp-json\/wp\/v2\/pages\/6163","targetHints":{"allow":["GET"]}}],"collection":[{"href":"https:\/\/www.smartheating.cz\/pt-pt\/wp-json\/wp\/v2\/pages"}],"about":[{"href":"https:\/\/www.smartheating.cz\/pt-pt\/wp-json\/wp\/v2\/types\/page"}],"author":[{"embeddable":true,"href":"https:\/\/www.smartheating.cz\/pt-pt\/wp-json\/wp\/v2\/users\/2"}],"replies":[{"embeddable":true,"href":"https:\/\/www.smartheating.cz\/pt-pt\/wp-json\/wp\/v2\/comments?post=6163"}],"version-history":[{"count":0,"href":"https:\/\/www.smartheating.cz\/pt-pt\/wp-json\/wp\/v2\/pages\/6163\/revisions"}],"wp:attachment":[{"href":"https:\/\/www.smartheating.cz\/pt-pt\/wp-json\/wp\/v2\/media?parent=6163"}],"curies":[{"name":"wp","href":"https:\/\/api.w.org\/{rel}","templated":true}]}}