{"id":6135,"date":"2014-09-02T16:57:44","date_gmt":"2014-09-02T15:57:44","guid":{"rendered":"http:\/\/www.smartheating.cz\/prislusenstvi-hydraulicke-dvere-2\/"},"modified":"2017-10-23T09:34:40","modified_gmt":"2017-10-23T08:34:40","slug":"accessories-hydraulic-hatch","status":"publish","type":"page","link":"https:\/\/www.smartheating.cz\/pt-pt\/accessories-hydraulic-hatch\/","title":{"rendered":"PT &#8211; p\u0159\u00edslu\u0161enstv\u00ed hydraulick\u00e9 dve\u0159e"},"content":{"rendered":"<h1 class=\"title\">Acess\u00f3rios<br \/>\n <strong>Al\u00e7ap\u00e3o hidr\u00e1ulico SMART<span class=\"obrazek-pod-textem\"><img loading=\"lazy\" decoding=\"async\" class=\"alignnone wp-image-6137 size-full\" src=\"http:\/\/www.smartheating.cz\/wp-content\/uploads\/2014\/09\/hydraulicke_dvere_PT.png\" alt=\"\" height=\"442\" width=\"864\" srcset=\"https:\/\/www.smartheating.cz\/wp-content\/uploads\/2014\/09\/hydraulicke_dvere_PT.png 864w, https:\/\/www.smartheating.cz\/wp-content\/uploads\/2014\/09\/hydraulicke_dvere_PT-300x153.png 300w, https:\/\/www.smartheating.cz\/wp-content\/uploads\/2014\/09\/hydraulicke_dvere_PT-600x307.png 600w\" sizes=\"auto, (max-width: 864px) 100vw, 864px\" \/><\/span><\/strong><\/h1>\n<p class=\"subtitle\">&nbsp;<\/p>\n<p>&nbsp;<\/p>\n<p>&nbsp;<\/p>\n<p>&nbsp;<\/p>\n<p>&nbsp;<\/p>\n<p>&nbsp;<br \/>\n <span class=\"barva-modra\">&nbsp;<\/span>&nbsp;&nbsp;<\/p>\n<p>&nbsp;<\/p>\n<p><span class=\"barva-modra\">&nbsp;\u2022&nbsp; Design simples\/dupla folha para abastecimento e armazenamento de biomassa \u2022&nbsp;kit hidr\u00e1ulico completo (cilindros e sistema de acionamento) \u2022 Resistente \u00e0 intemp\u00e9rie com sistema anti-humidade \u2022 Plataforma de inspe\u00e7\u00e3o e barreiras de prote\u00e7\u00e3o opcionais \u2022 Controlo remoto \u2022 Luz e som indicadores de movimento e aviso de abertura total \u2022 Monitoriza\u00e7\u00e3o e indica\u00e7\u00e3o do n\u00edvel de enchimento do silo \u2022 Rede de prote\u00e7\u00e3o anti-queda \u2022 Entrada de emerg\u00eancia para o servi\u00e7o de assist\u00eancia t\u00e9cnica.<\/span><\/p>\n<p>&nbsp;<\/p>\n<h2>Especifica\u00e7\u00f5es e design<\/h2>\n<p><img loading=\"lazy\" decoding=\"async\" class=\"alignnone size-full wp-image-1728\" src=\"http:\/\/www.smartheating.es\/wp-content\/uploads\/2014\/09\/Specification-and-design.jpg\" alt=\"Specification-and-design\" height=\"193\" width=\"829\" srcset=\"https:\/\/www.smartheating.cz\/wp-content\/uploads\/2014\/09\/Specification-and-design.jpg 829w, https:\/\/www.smartheating.cz\/wp-content\/uploads\/2014\/09\/Specification-and-design-300x69.jpg 300w, https:\/\/www.smartheating.cz\/wp-content\/uploads\/2014\/09\/Specification-and-design-600x139.jpg 600w\" sizes=\"auto, (max-width: 829px) 100vw, 829px\" \/><\/p>\n<p>&nbsp;<\/p>\n<h2 dir=\"LTR\" align=\"LEFT\">Aplica\u00e7\u00e3o:<\/h2>\n<p><strong><span class=\"barva-cervena\">\u2022<\/span>&nbsp;<\/strong>Silos exteriores<strong><br \/>\n <span class=\"barva-cervena\">\u2022<\/span>&nbsp;<\/strong>Silos enterrados<strong><br \/>\n <span class=\"barva-cervena\">\u2022<\/span>&nbsp;<\/strong>Silos em contentor<\/p>\n<p>&nbsp;<\/p>\n<h2>M\u00ednimo \u2013 Dimens\u00f5es m\u00ednimas da aberura:<\/h2>\n<p><span class=\"barva-modra\">1&nbsp;x&nbsp;1 m \u2013&nbsp;6 x&nbsp;6 m<\/span><br \/>\n &nbsp;&nbsp;<\/p>\n<h2>Galeria de fotos<\/h2>\nngg_shortcode_0_placeholder\n","protected":false},"excerpt":{"rendered":"<p>Acess\u00f3rios Al\u00e7ap\u00e3o hidr\u00e1ulico SMART &nbsp; &nbsp; &nbsp; &nbsp; &nbsp; &nbsp; &nbsp;&nbsp;&nbsp; &nbsp; &nbsp;\u2022&nbsp; Design simples\/dupla folha para abastecimento e armazenamento de biomassa \u2022&nbsp;kit hidr\u00e1ulico completo (cilindros e sistema de acionamento) \u2022 Resistente \u00e0 intemp\u00e9rie com sistema anti-humidade \u2022 Plataforma de inspe\u00e7\u00e3o e barreiras de prote\u00e7\u00e3o opcionais \u2022 Controlo remoto \u2022 Luz e som indicadores de [&hellip;]<\/p>\n","protected":false},"author":2,"featured_media":0,"parent":0,"menu_order":0,"comment_status":"closed","ping_status":"closed","template":"page-h1.php","meta":{"ngg_post_thumbnail":0,"footnotes":""},"class_list":["post-6135","page","type-page","status-publish","hentry"],"_links":{"self":[{"href":"https:\/\/www.smartheating.cz\/pt-pt\/wp-json\/wp\/v2\/pages\/6135","targetHints":{"allow":["GET"]}}],"collection":[{"href":"https:\/\/www.smartheating.cz\/pt-pt\/wp-json\/wp\/v2\/pages"}],"about":[{"href":"https:\/\/www.smartheating.cz\/pt-pt\/wp-json\/wp\/v2\/types\/page"}],"author":[{"embeddable":true,"href":"https:\/\/www.smartheating.cz\/pt-pt\/wp-json\/wp\/v2\/users\/2"}],"replies":[{"embeddable":true,"href":"https:\/\/www.smartheating.cz\/pt-pt\/wp-json\/wp\/v2\/comments?post=6135"}],"version-history":[{"count":0,"href":"https:\/\/www.smartheating.cz\/pt-pt\/wp-json\/wp\/v2\/pages\/6135\/revisions"}],"wp:attachment":[{"href":"https:\/\/www.smartheating.cz\/pt-pt\/wp-json\/wp\/v2\/media?parent=6135"}],"curies":[{"name":"wp","href":"https:\/\/api.w.org\/{rel}","templated":true}]}}