{"id":5438,"date":"2014-09-02T16:57:44","date_gmt":"2014-09-02T15:57:44","guid":{"rendered":"http:\/\/www.smartheating.cz\/prislusenstvi-hydraulicke-dvere-2\/"},"modified":"2018-02-06T12:13:04","modified_gmt":"2018-02-06T11:13:04","slug":"accessories-hydraulic-hatch","status":"publish","type":"page","link":"https:\/\/www.smartheating.cz\/it\/accessories-hydraulic-hatch\/","title":{"rendered":"IT &#8211; p\u0159\u00edslu\u0161enstv\u00ed hydraulick\u00e9 dve\u0159e"},"content":{"rendered":"<h1 class=\"title\">Accessori<br \/>\n <strong>SMART portello idraulico<br \/>\n <span class=\"obrazek-pod-textem\"><img loading=\"lazy\" decoding=\"async\" class=\"alignnone wp-image-33965 size-full\" src=\"http:\/\/www.smartheating.cz\/wp-content\/uploads\/2014\/09\/hydraulicke_dvere_IT.png\" alt=\"\" width=\"864\" height=\"442\" srcset=\"https:\/\/www.smartheating.cz\/wp-content\/uploads\/2014\/09\/hydraulicke_dvere_IT.png 864w, https:\/\/www.smartheating.cz\/wp-content\/uploads\/2014\/09\/hydraulicke_dvere_IT-300x153.png 300w, https:\/\/www.smartheating.cz\/wp-content\/uploads\/2014\/09\/hydraulicke_dvere_IT-768x393.png 768w, https:\/\/www.smartheating.cz\/wp-content\/uploads\/2014\/09\/hydraulicke_dvere_IT-600x307.png 600w\" sizes=\"auto, (max-width: 864px) 100vw, 864px\" \/><\/span><\/strong><\/h1>\n<p class=\"subtitle\">&nbsp;<\/p>\n<p>&nbsp;<\/p>\n<p>&nbsp;<\/p>\n<p>&nbsp;<\/p>\n<p>&nbsp;<\/p>\n<p>&nbsp;<br \/>\n <span class=\"barva-modra\">&nbsp;<\/span>&nbsp;&nbsp;<\/p>\n<p>&nbsp;<\/p>\n<p><span class=\"barva-modra\">\u2022&nbsp;Progetto singolo\/Doppoio battente per riempimento automatico e stoccaggio di biomassa \u2022 Completo di pistoni idraulici, insieme idraulico e comandi \u2022&nbsp;Progetto resistente alle precipitazioni atmosferiche con sistema di evacuazione dell\u2018umidit\u00e0 \u2022&nbsp;Variante di design con rampe di sostegno e barriere protettive \u2022&nbsp;Controllo remoto \u2022 Avviso luminoso ed acustico di movimento e segnalazione di avvertimento a piena apertura \u2022 Controllo e indicazione del livello del materiale nel silo assieme alla modalit\u00e0 del suo riempimento \u2022 Griglia di protezione contro la caduta nel silo \u2022&nbsp;Apertura di servizio per l&#8217;entrata d\u2018emergenza nel silo<\/span><\/p>\n<p>&nbsp;<\/p>\n<h2>Specifiche e design:<\/h2>\n<p><img loading=\"lazy\" decoding=\"async\" class=\"alignnone size-full wp-image-1728\" src=\"http:\/\/www.smartheating.cz\/wp-content\/uploads\/2014\/09\/Specification-and-design.jpg\" alt=\"Specification-and-design\" width=\"829\" height=\"193\" srcset=\"https:\/\/www.smartheating.cz\/wp-content\/uploads\/2014\/09\/Specification-and-design.jpg 829w, https:\/\/www.smartheating.cz\/wp-content\/uploads\/2014\/09\/Specification-and-design-300x69.jpg 300w, https:\/\/www.smartheating.cz\/wp-content\/uploads\/2014\/09\/Specification-and-design-600x139.jpg 600w\" sizes=\"auto, (max-width: 829px) 100vw, 829px\" \/><\/p>\n<p>&nbsp;<\/p>\n<h2 dir=\"LTR\" align=\"LEFT\">Utilizzi:<\/h2>\n<p><strong><span class=\"barva-cervena\">\u2022<\/span> <\/strong><span class=\"barva-modra\">Silos esterni<br \/>\n <\/span><span class=\"barva-cervena\"><strong>\u2022<\/strong> <span style=\"color: #255aa3;\">Silos interrati<\/span><\/span><br \/>\n <strong><span class=\"barva-cervena\">\u2022<\/span> <\/strong><span style=\"color: #255aa3;\">Silos container<\/span><\/p>\n<p>&nbsp;<\/p>\n<h2>Minimo \u2013 Massimo&nbsp; Dimensioni della botola:<\/h2>\n<p><span class=\"barva-modra\">1&nbsp;x&nbsp;1 m \u2013&nbsp;6 x&nbsp;6 m<\/span><br \/>\n &nbsp;&nbsp;<\/p>\n<h2>Galleria Fotografica<a id=\"fotogalerie2\"><\/a><\/h2>\nngg_shortcode_0_placeholder\n","protected":false},"excerpt":{"rendered":"<p>Accessori SMART portello idraulico &nbsp; &nbsp; &nbsp; &nbsp; &nbsp; &nbsp; &nbsp;&nbsp;&nbsp; &nbsp; \u2022&nbsp;Progetto singolo\/Doppoio battente per riempimento automatico e stoccaggio di biomassa \u2022 Completo di pistoni idraulici, insieme idraulico e comandi \u2022&nbsp;Progetto resistente alle precipitazioni atmosferiche con sistema di evacuazione dell\u2018umidit\u00e0 \u2022&nbsp;Variante di design con rampe di sostegno e barriere protettive \u2022&nbsp;Controllo remoto \u2022 Avviso [&hellip;]<\/p>\n","protected":false},"author":2,"featured_media":0,"parent":0,"menu_order":0,"comment_status":"closed","ping_status":"closed","template":"page-h1.php","meta":{"ngg_post_thumbnail":0,"footnotes":""},"class_list":["post-5438","page","type-page","status-publish","hentry"],"_links":{"self":[{"href":"https:\/\/www.smartheating.cz\/it\/wp-json\/wp\/v2\/pages\/5438","targetHints":{"allow":["GET"]}}],"collection":[{"href":"https:\/\/www.smartheating.cz\/it\/wp-json\/wp\/v2\/pages"}],"about":[{"href":"https:\/\/www.smartheating.cz\/it\/wp-json\/wp\/v2\/types\/page"}],"author":[{"embeddable":true,"href":"https:\/\/www.smartheating.cz\/it\/wp-json\/wp\/v2\/users\/2"}],"replies":[{"embeddable":true,"href":"https:\/\/www.smartheating.cz\/it\/wp-json\/wp\/v2\/comments?post=5438"}],"version-history":[{"count":0,"href":"https:\/\/www.smartheating.cz\/it\/wp-json\/wp\/v2\/pages\/5438\/revisions"}],"wp:attachment":[{"href":"https:\/\/www.smartheating.cz\/it\/wp-json\/wp\/v2\/media?parent=5438"}],"curies":[{"name":"wp","href":"https:\/\/api.w.org\/{rel}","templated":true}]}}