{"id":32439,"date":"2015-10-27T10:15:08","date_gmt":"2015-10-27T09:15:08","guid":{"rendered":"http:\/\/www.smartheating.cz\/smart-60-kw\/"},"modified":"2018-01-23T11:27:24","modified_gmt":"2018-01-23T10:27:24","slug":"smart-60-kw","status":"publish","type":"page","link":"https:\/\/www.smartheating.cz\/hr\/smart-60-kw\/","title":{"rendered":"SMART 60 kW"},"content":{"rendered":"<p class=\"title\"><span class=\"mezera-dole-0\"><div class=\"row \"><div class=\"col-lg-3 col-md-3 col-xs-12 col-sm-12\"><div class=\"content_block\" id=\"custom_post_widget-2598\"><h3 class=\"line\">Automatski kotlovi <br \/>\n na biomasu <br \/>\n (150\u2013500\u20131500 kW)<\/h3>\n<ul>\n<li><a href=\"https:\/\/www.smartheating.cz\/hr\/smart-60-kw\/\">SMART&nbsp;60 kW<\/a><\/li>\n<li><a href=\"https:\/\/www.smartheating.cz\/hr\/smart-80-kw\/\">SMART&nbsp;80 kW<\/a><\/li>\n<li><a href=\"https:\/\/www.smartheating.cz\/hr\/smart-100-kw\/\">SMART&nbsp;100 kW<\/a><\/li>\n<li><a title=\"SMART 150 kW\" href=\"https:\/\/www.smartheating.cz\/hr\/smart-150-kw\/\">SMART 150 kW<\/a><\/li>\n<li><a href=\"https:\/\/www.smartheating.cz\/hr\/smart-180-kw\/\">SMART 180 kW<\/a><\/li>\n<li><a href=\"https:\/\/www.smartheating.cz\/hr\/smart-200-kw\/\">SMART&nbsp;200 kW<\/a><\/li>\n<li><a href=\"https:\/\/www.smartheating.cz\/hr\/smart-220-kw\/\">SMART 220 kW<\/a><\/li>\n<li><a href=\"https:\/\/www.smartheating.cz\/hr\/smart-250-kw\/\">SMART&nbsp;250 kW<\/a><\/li>\n<li><a href=\"https:\/\/www.smartheating.cz\/hr\/smart-300-kw\/\">SMART&nbsp;300 kW<\/a><\/li>\n<li><a href=\"https:\/\/www.smartheating.cz\/hr\/smart-350-kw\/\">SMART&nbsp;350 kW<\/a><\/li>\n<li><a href=\"https:\/\/www.smartheating.cz\/hr\/smart-400-kw\/\">SMART&nbsp;400 kW<\/a><\/li>\n<li><a href=\"https:\/\/www.smartheating.cz\/hr\/smart-450-kw\/\">SMART&nbsp;450 kW<\/a><\/li>\n<li><a href=\"https:\/\/www.smartheating.cz\/hr\/smart-500-kw\/\">SMART&nbsp;500 kW<\/a><\/li>\n<\/ul>\n<p>&nbsp;<\/p>\n<h3 class=\"line\">Konfiguratot boja<\/h3>\n<ul>\n<li><a href=\"https:\/\/www.smartheating.cz\/hr\/colour-configurator\/\"><span lang=\"EN-GB\">Konfiguriranje vlastitih boja kotlova<\/span><\/a><\/li>\n<\/ul>\n<p>&nbsp;<\/p>\n<h3 class=\"line\">Download<\/h3>\n<p><a href=\"http:\/\/www.smartheating.cz\/wp-content\/uploads\/2014\/09\/brozura_kotle_RS_nahled.pdf\" target=\"_blank\" rel=\"noopener\">Bro\u0161ura Smart kotlovi<\/a><\/p>\n<p>&nbsp;<\/p>\n<h3 class=\"line\">Smart Marketing <br \/>\n &amp; Knjiga Referenci 2017\/2018<\/h3>\n<p><a href=\"http:\/\/www.youblisher.com\/p\/1909322-Marketing-book-2017-2018\/\" target=\"_blank\" rel=\"noopener\"><img decoding=\"async\" src=\"http:\/\/www.youblisher.com\/files\/publications\/319\/1909322\/200x300.jpg\" alt=\"Marketing book 2017\/2018\"><\/a><\/p>\n<p>&nbsp;<\/p>\n<h3 class=\"line\">Fotogalerija:<\/h3>\n<p><a href=\"https:\/\/www.smartheating.cz\/hr\/reference-evropa\/\"><span lang=\"EN-GB\">Molimo pogledajte fotografije iz na\u0161ih instalacija<\/span><\/a><\/p>\n<\/div><\/div><div class=\"col-lg-9 col-md-9 col-xs-12 col-sm-12\"><\/span><\/p>\n<h1 class=\"title\"><span class=\"mezera-dole-0\">Automatski kotlovi <br \/>\n na biomasu <br \/>\n <\/span><strong>SMART&nbsp;60 kW<span class=\"obrazek-pod-textem\"><span style=\"color: #da1b1a; font-size: xx-large;\"><img loading=\"lazy\" decoding=\"async\" class=\"alignnone wp-image-32442 size-full\" src=\"http:\/\/www.smartheating.cz\/wp-content\/uploads\/2015\/10\/kotel_60-100kw_paliva_HR.png\" alt=\"\" width=\"899\" height=\"532\" srcset=\"https:\/\/www.smartheating.cz\/wp-content\/uploads\/2015\/10\/kotel_60-100kw_paliva_HR.png 899w, https:\/\/www.smartheating.cz\/wp-content\/uploads\/2015\/10\/kotel_60-100kw_paliva_HR-300x178.png 300w, https:\/\/www.smartheating.cz\/wp-content\/uploads\/2015\/10\/kotel_60-100kw_paliva_HR-768x454.png 768w, https:\/\/www.smartheating.cz\/wp-content\/uploads\/2015\/10\/kotel_60-100kw_paliva_HR-600x355.png 600w\" sizes=\"auto, (max-width: 899px) 100vw, 899px\" \/><\/span><\/span><\/strong><\/h1>\n<p>&nbsp;<\/p>\n<p class=\"subtitle\">&nbsp;<\/p>\n<p class=\"subtitle\">&nbsp;&nbsp;<\/p>\n<p class=\"subtitle\">&nbsp;<\/p>\n<p class=\"subtitle\">\n &nbsp;<\/p>\n<p class=\"subtitle\">&nbsp;<\/p>\n<p class=\"subtitle\">&nbsp;<\/p>\n<p class=\"subtitle\">&nbsp;<\/p>\n<p class=\"subtitle\">&nbsp;<\/p>\n<p class=\"subtitle\">&nbsp;<\/p>\n<p style=\"text-align: left;\"><span class=\"barva-modra\"><span class=\"barva-modra\">\u2022 Potpuno automatski, ekolo\u0161ki kotlovi s izvrsnim performansima \u2022 Fleksibilno tehni\u010dko rje\u0161enje \u2022 Mogu\u0107nost razli\u010ditih vrsta goriva \u2022 Ekonomi\u010dno i ekolo\u0161ko \u2022 3 vrste kotlova \u2022 U\u010dinkovitost 90% \u2022 Izlazna modulacija 30-100% \u2022 Lambda senzor \u2022 Plamenik od nehr\u0111aju\u0107eg \u010delika s mehanizmom za \u010di\u0161\u0107enje \u2022 Niski zahtjevi za odr\u017eavanje i servis \u2022 Reguliranje krugova \u2022 Sustavi za instalaciju kaskada \u2022 Upravljanje mobilnim telefonom i internetom \u2022 Mobilna rje\u0161enja u kontejneru Posebna oprema za kotlove<\/span><\/span><\/p>\n<p>&nbsp;<\/p>\n<h2>Mogu\u0107nosti primjene SMART kotlova:<\/h2>\n<p><span class=\"barva-cervena\"><strong>\u2022<\/strong><\/span> <span class=\"barva-modra\">Veliki objekti<\/span><\/p>\n<p><span class=\"barva-modra\">I manji objekti:<\/span><\/p>\n<p><span class=\"barva-cervena\"><strong>\u2022<\/strong> <\/span><span class=\"barva-modra\">Stambene zgrade<\/span><br \/>\n <span class=\"barva-cervena\"><strong>\u2022<\/strong> <\/span><span class=\"barva-modra\">Vi\u0161enamjenski objekti<\/span><br \/>\n <span class=\"barva-cervena\"><strong>\u2022<\/strong> <\/span><span class=\"barva-modra\">Sportski kompleksi<\/span><br \/>\n <span class=\"barva-cervena\"><strong>\u2022<\/strong> <\/span><span class=\"barva-modra\">Proizvodni pogoni, industrijski objekti i skladi\u0161ta<\/span><br \/>\n <span class=\"barva-cervena\"><strong>\u2022<\/strong> <\/span><span class=\"barva-modra\">Objekti za poljoprivredu, hortikulturu, ribarstvo<\/span><br \/>\n <span class=\"barva-cervena\"><strong>\u2022<\/strong> <\/span><span class=\"barva-modra\">Hoteli \/ moteli \/ wellness centri \/ bazeni \/ sportske dvorane<br \/>\n <\/span><span class=\"barva-cervena\"><strong>\u2022<\/strong> <\/span><span class=\"barva-modra\">Gradske zgrade<\/span><br \/>\n <span class=\"barva-cervena\"><strong>\u2022<\/strong> <\/span><span class=\"barva-modra\">\u0160kole, bolnice, policijski i vojni kompleksi<\/span><\/p>\n<p>&nbsp;<\/p>\n<table>\n<tbody>\n<tr>\n<td>\n<table class=\" tabulka\">\n<tbody>\n<tr>\n<td style=\"text-align: center;\" colspan=\"3\"><span style=\"font-size: 10pt;\">KARAKTERISTIKE SMART KOTLOVA<\/span><\/td>\n<\/tr>\n<tr class=\"tmavy-radek extra-tmavy-radek\">\n<td class=\"extra-tmava-bunka\" colspan=\"3\"><span style=\"font-size: 10pt;\">Tehni\u010dki podaci kotla<\/span><\/td>\n<\/tr>\n<tr>\n<td><span style=\"font-size: 10pt;\">Oznaka<\/span><\/td>\n<td style=\"text-align: center;\"><span style=\"font-size: 10pt;\">&nbsp;<\/span><\/td>\n<td class=\"tmava-bunka\" style=\"text-align: center;\"><span style=\"font-size: 10pt;\">60<\/span><\/td>\n<\/tr>\n<tr>\n<td><span style=\"font-size: 10pt;\">Nominalna snaga Pn<\/span><\/td>\n<td style=\"text-align: center;\"><span style=\"font-size: 10pt;\">kW<\/span><\/td>\n<td class=\"tmava-bunka\" style=\"text-align: center;\"><span style=\"font-size: 10pt;\">60<\/span><\/td>\n<\/tr>\n<tr>\n<td><span style=\"font-size: 10pt;\">Djelomi\u010dna snaga Pmin<\/span><\/td>\n<td style=\"text-align: center;\"><span style=\"font-size: 10pt;\">kW<\/span><\/td>\n<td class=\"tmava-bunka\" style=\"text-align: center;\"><span style=\"font-size: 10pt;\">17<\/span><\/td>\n<\/tr>\n<tr>\n<td><span style=\"font-size: 10pt;\">Efikasnost kotla pri Pn<\/span><\/td>\n<td style=\"text-align: center;\"><span style=\"font-size: 10pt;\">%<\/span><\/td>\n<td class=\"tmava-bunka\" style=\"text-align: center;\"><span style=\"font-size: 10pt;\">90<\/span><\/td>\n<\/tr>\n<tr>\n<td><span style=\"font-size: 10pt;\">Efikasnost kotla pri Pmin<\/span><\/td>\n<td class=\"svetla-bunka\" style=\"text-align: center;\"><span style=\"font-size: 10pt;\">%<\/span><\/td>\n<td class=\"tmava-bunka\" style=\"text-align: center;\"><span style=\"font-size: 10pt;\">89,1<\/span><\/td>\n<\/tr>\n<tr>\n<td><span style=\"font-size: 10pt;\">Klasa kotla<\/span><\/td>\n<td class=\"svetla-bunka\" style=\"text-align: center;\"><span style=\"font-size: 10pt;\">&nbsp;<\/span><\/td>\n<td class=\"tmava-bunka\" style=\"text-align: center;\"><span style=\"font-size: 10pt;\">5<\/span><\/td>\n<\/tr>\n<tr>\n<td><span style=\"font-size: 10pt;\">Razina buke<\/span><\/td>\n<td class=\"svetla-bunka\" style=\"text-align: center;\"><span style=\"font-size: 10pt;\">dB<\/span><\/td>\n<td class=\"tmava-bunka\" style=\"text-align: center;\"><span style=\"font-size: 10pt;\">&lt; 65<\/span><\/td>\n<\/tr>\n<tr>\n<td><span style=\"font-size: 10pt;\">Te\u017eina<\/span><\/td>\n<td class=\"svetla-bunka\" style=\"text-align: center;\"><span style=\"font-size: 10pt;\">kg<\/span><\/td>\n<td class=\"tmava-bunka\" style=\"text-align: center;\"><span style=\"font-size: 10pt;\">783<\/span><\/td>\n<\/tr>\n<tr>\n<td class=\"extra-tmava-bunka\" colspan=\"3\"><span style=\"font-size: 10pt;\">Voda <\/span><\/td>\n<\/tr>\n<tr>\n<td><span style=\"font-size: 10pt;\">Volumen vode<\/span><\/td>\n<td style=\"text-align: center;\"><span style=\"font-size: 10pt;\">&nbsp;l<\/span><\/td>\n<td class=\"tmava-bunka\" style=\"text-align: center;\"><span style=\"font-size: 10pt;\">129<\/span><\/td>\n<\/tr>\n<tr>\n<td class=\"svetla-bunka\"><span style=\"font-size: 10pt;\">Promjer priklju\u010dka za vodu<\/span><\/td>\n<td class=\"svetla-bunka\" style=\"text-align: center;\"><span style=\"font-size: 10pt;\">&nbsp;&#8220;<\/span><\/td>\n<td class=\"tmava-bunka\" style=\"text-align: center;\"><span style=\"font-size: 10pt;\">2<\/span><\/td>\n<\/tr>\n<tr>\n<td><span style=\"font-size: 10pt;\">Promjer priklju\u010dka za vodu<\/span><\/td>\n<td style=\"text-align: center;\"><span style=\"font-size: 10pt;\">DN<\/span><\/td>\n<td class=\"tmava-bunka\" style=\"text-align: center;\"><span style=\"font-size: 10pt;\">50<\/span><\/td>\n<\/tr>\n<tr>\n<td><span style=\"font-size: 10pt;\">Hidrauli\u010dni gubitak pri temperaturi od 10\u00b0<\/span><\/td>\n<td style=\"text-align: center;\"><span style=\"font-size: 10pt;\">mbar<\/span><\/td>\n<td class=\"tmava-bunka\" style=\"text-align: center;\"><span style=\"font-size: 10pt;\">17<\/span><\/td>\n<\/tr>\n<tr>\n<td><span style=\"font-size: 10pt;\">Hidrauli\u010dni gubitak pri temperaturi od 20\u00b0<\/span><\/td>\n<td style=\"text-align: center;\"><span style=\"font-size: 10pt;\">mbar<\/span><\/td>\n<td class=\"tmava-bunka\" style=\"text-align: center;\"><span style=\"font-size: 10pt;\">&nbsp;4,3<\/span><\/td>\n<\/tr>\n<tr>\n<td><span style=\"font-size: 10pt;\">Temperatura kotla<\/span><\/td>\n<td style=\"text-align: center;\"><span style=\"font-size: 10pt;\">\u00b0C<\/span><\/td>\n<td class=\"tmava-bunka\" style=\"text-align: center;\"><span style=\"font-size: 10pt;\">65\u201390\u00b0<\/span><\/td>\n<\/tr>\n<tr>\n<td><span style=\"font-size: 10pt;\">Minimalna temperatura povratne vode<\/span><\/td>\n<td style=\"text-align: center;\"><span style=\"font-size: 10pt;\">\u00b0C<\/span><\/td>\n<td class=\"tmava-bunka\" style=\"text-align: center;\"><span style=\"font-size: 10pt;\">55<\/span><\/td>\n<\/tr>\n<tr>\n<td><span style=\"font-size: 10pt;\">Maksimalni radni pritisak<\/span><\/td>\n<td style=\"text-align: center;\"><span style=\"font-size: 10pt;\">bar<\/span><\/td>\n<td class=\"tmava-bunka\" style=\"text-align: center;\"><span style=\"font-size: 10pt;\">3,5<\/span><\/td>\n<\/tr>\n<tr>\n<td><span style=\"font-size: 10pt;\">Probni pritisak<\/span><\/td>\n<td style=\"text-align: center;\"><span style=\"font-size: 10pt;\">bar<\/span><\/td>\n<td class=\"tmava-bunka\" style=\"text-align: center;\"><span style=\"font-size: 10pt;\">6<\/span><\/td>\n<\/tr>\n<tr>\n<td class=\"extra-tmava-bunka\"><span style=\"font-size: 10pt;\">Temperatura ognji\u0161ta<\/span><\/td>\n<td class=\"extra-tmava-bunka\" style=\"text-align: center;\"><span style=\"font-size: 10pt;\">\u00b0C<\/span><\/td>\n<td class=\"extra-tmava-bunka\"><span style=\"font-size: 10pt;\">&nbsp;<\/span><\/td>\n<\/tr>\n<tr>\n<td><span style=\"font-size: 10pt;\">Tlak u ognji\u0161tu<\/span><\/td>\n<td style=\"text-align: center;\"><span style=\"font-size: 10pt;\">mbar<\/span><\/td>\n<td class=\"tmava-bunka\" style=\"text-align: center;\"><span style=\"font-size: 10pt;\">-0,01<\/span><\/td>\n<\/tr>\n<tr>\n<td><span style=\"font-size: 10pt;\">Potreban protok zraka u dimnjaku<\/span><\/td>\n<td style=\"text-align: center;\"><span style=\"font-size: 10pt;\">mbar<\/span><\/td>\n<td class=\"tmava-bunka\" style=\"text-align: center;\"><span style=\"font-size: 10pt;\">0,2<\/span><\/td>\n<\/tr>\n<tr>\n<td><span style=\"font-size: 10pt;\">Potreba za umjetnim strujanjem zraka u dimnjaku<\/span><\/td>\n<td style=\"text-align: center;\"><span style=\"font-size: 10pt;\">&nbsp;<\/span><\/td>\n<td class=\"tmava-bunka\" style=\"text-align: center;\"><span style=\"font-size: 10pt;\">yes<\/span><\/td>\n<\/tr>\n<tr>\n<td><span style=\"font-size: 10pt;\">Temperatura dimnih plinova pri Pn<\/span><\/td>\n<td style=\"text-align: center;\"><span style=\"font-size: 10pt;\">\u00b0C<\/span><\/td>\n<td class=\"tmava-bunka\" style=\"text-align: center;\"><span style=\"font-size: 10pt;\">185<\/span><\/td>\n<\/tr>\n<tr>\n<td><span style=\"font-size: 10pt;\">Maseni protok dimnih plinova pri Pn<\/span><\/td>\n<td style=\"text-align: center;\"><span style=\"font-size: 10pt;\">\u00b0C<\/span><\/td>\n<td class=\"tmava-bunka\" style=\"text-align: center;\"><span style=\"font-size: 10pt;\">90<\/span><\/td>\n<\/tr>\n<tr>\n<td><span style=\"font-size: 10pt;\">Temperatura dimnih plinova pri Pmin<\/span><\/td>\n<td style=\"text-align: center;\"><span style=\"font-size: 10pt;\">kg\/h<\/span><\/td>\n<td class=\"tmava-bunka\" style=\"text-align: center;\"><span style=\"font-size: 10pt;\">180<\/span><\/td>\n<\/tr>\n<tr>\n<td><span style=\"font-size: 10pt;\">Maseni protok dimnih plinova pri Pmin<\/span><\/td>\n<td style=\"text-align: center;\"><span style=\"font-size: 10pt;\">kg\/h<\/span><\/td>\n<td class=\"tmava-bunka\" style=\"text-align: center;\"><span style=\"font-size: 10pt;\">60<\/span><\/td>\n<\/tr>\n<tr>\n<td><span style=\"font-size: 10pt;\">Volumen dimnog plina pri Pn<\/span><\/td>\n<td style=\"text-align: center;\"><span style=\"font-size: 10pt;\">m<sup>3<\/sup>\/h<\/span><\/td>\n<td class=\"tmava-bunka\" style=\"text-align: center;\"><span style=\"font-size: 10pt;\">141<\/span><\/td>\n<\/tr>\n<tr>\n<td><span style=\"font-size: 10pt;\">Volumen dimnog plina pri Pmin<\/span><\/td>\n<td style=\"text-align: center;\"><span style=\"font-size: 10pt;\">m<sup>3<\/sup>\/h<\/span><\/td>\n<td class=\"tmava-bunka\" style=\"text-align: center;\"><span style=\"font-size: 10pt;\">47<\/span><\/td>\n<\/tr>\n<tr>\n<td><span style=\"font-size: 10pt;\">Promjer cijevi dimnjaka<\/span><\/td>\n<td style=\"text-align: center;\"><span style=\"font-size: 10pt;\">mm<\/span><\/td>\n<td class=\"tmava-bunka\" style=\"text-align: center;\"><span style=\"font-size: 10pt;\">200<\/span><\/td>\n<\/tr>\n<tr>\n<td><span style=\"font-size: 10pt;\">Promjer dimnjaka<\/span><\/td>\n<td style=\"text-align: center;\"><span style=\"font-size: 10pt;\">mm<\/span><\/td>\n<td class=\"tmava-bunka\" style=\"text-align: center;\"><span style=\"font-size: 10pt;\">200<\/span><\/td>\n<\/tr>\n<tr>\n<td><span style=\"font-size: 10pt;\">Vrsta dimnjaka<\/span><\/td>\n<td style=\"text-align: center;\"><span style=\"font-size: 10pt;\">&nbsp;<\/span><\/td>\n<td class=\"tmava-bunka\" style=\"text-align: center;\"><span style=\"font-size: 10pt;\">Otporan na vlagu<\/span><\/td>\n<\/tr>\n<tr>\n<td class=\"extra-tmava-bunka\"><span style=\"font-size: 10pt;\">Gorivo<\/span><\/td>\n<td class=\"extra-tmava-bunka\" style=\"text-align: center;\"><span style=\"font-size: 10pt;\">&nbsp;<\/span><\/td>\n<td class=\"tmava-bunka extra-tmava-bunka\" style=\"text-align: center;\"><span style=\"font-size: 10pt;\">&nbsp;<\/span><\/td>\n<\/tr>\n<tr>\n<td><span style=\"font-size: 10pt;\">Maksimalna veli\u010dina<\/span><\/td>\n<td style=\"text-align: center;\"><span style=\"font-size: 10pt;\">cm<\/span><\/td>\n<td class=\"tmava-bunka\" style=\"text-align: center;\"><span style=\"font-size: 10pt;\">3<\/span><\/td>\n<\/tr>\n<tr>\n<td><span style=\"font-size: 10pt;\">Maksimalna vla\u017enost<\/span><\/td>\n<td style=\"text-align: center;\"><span style=\"font-size: 10pt;\">%<\/span><\/td>\n<td class=\"tmava-bunka\" style=\"text-align: center;\"><span style=\"font-size: 10pt;\">30<\/span><\/td>\n<\/tr>\n<tr>\n<td class=\"extra-tmava-bunka\" colspan=\"3\"><span style=\"font-size: 10pt;\">Elekrri\u010dna oprema<\/span><\/td>\n<\/tr>\n<tr>\n<td class=\"svetla-bunka\"><span style=\"font-size: 10pt;\">Priklju\u010dak<\/span><\/td>\n<td style=\"text-align: center;\"><span style=\"font-size: 10pt;\">&nbsp;<\/span><\/td>\n<td class=\"tmava-bunka\" style=\"text-align: center;\"><span style=\"font-size: 10pt;\">&nbsp;<\/span><\/td>\n<\/tr>\n<tr>\n<td class=\"svetla-bunka\"><span style=\"font-size: 10pt;\">Ukupno<\/span><\/td>\n<td style=\"text-align: center;\"><span style=\"font-size: 10pt;\">W<\/span><\/td>\n<td class=\"tmava-bunka\" style=\"text-align: center;\"><span style=\"font-size: 10pt;\">3131<\/span><\/td>\n<\/tr>\n<tr>\n<td class=\"svetla-bunka\"><span style=\"font-size: 10pt;\">Ingress Protection Rating (IP)<\/span><\/td>\n<td style=\"text-align: center;\"><span style=\"font-size: 10pt;\">&nbsp;<\/span><\/td>\n<td class=\"tmava-bunka\" style=\"text-align: center;\"><span style=\"font-size: 10pt;\">41<\/span><\/td>\n<\/tr>\n<\/tbody>\n<\/table>\n<p>&nbsp;<\/p>\n<\/td>\n<td>&nbsp;<\/td>\n<\/tr>\n<\/tbody>\n<\/table>\n<p>&nbsp;<\/p>\n<h2>Fotogalerija<\/h2>\n<p>ngg_shortcode_0_placeholder\n <\/div><\/div><\/p>\n","protected":false},"excerpt":{"rendered":"","protected":false},"author":2,"featured_media":0,"parent":0,"menu_order":0,"comment_status":"closed","ping_status":"closed","template":"page-h1-full.php","meta":{"ngg_post_thumbnail":0,"footnotes":""},"class_list":["post-32439","page","type-page","status-publish","hentry"],"_links":{"self":[{"href":"https:\/\/www.smartheating.cz\/hr\/wp-json\/wp\/v2\/pages\/32439","targetHints":{"allow":["GET"]}}],"collection":[{"href":"https:\/\/www.smartheating.cz\/hr\/wp-json\/wp\/v2\/pages"}],"about":[{"href":"https:\/\/www.smartheating.cz\/hr\/wp-json\/wp\/v2\/types\/page"}],"author":[{"embeddable":true,"href":"https:\/\/www.smartheating.cz\/hr\/wp-json\/wp\/v2\/users\/2"}],"replies":[{"embeddable":true,"href":"https:\/\/www.smartheating.cz\/hr\/wp-json\/wp\/v2\/comments?post=32439"}],"version-history":[{"count":0,"href":"https:\/\/www.smartheating.cz\/hr\/wp-json\/wp\/v2\/pages\/32439\/revisions"}],"wp:attachment":[{"href":"https:\/\/www.smartheating.cz\/hr\/wp-json\/wp\/v2\/media?parent=32439"}],"curies":[{"name":"wp","href":"https:\/\/api.w.org\/{rel}","templated":true}]}}