{"id":32328,"date":"2014-09-10T10:24:20","date_gmt":"2014-09-10T09:24:20","guid":{"rendered":"http:\/\/www.smartheating.cz\/mobile-boiler-smart-cabin\/"},"modified":"2018-02-01T13:58:24","modified_gmt":"2018-02-01T12:58:24","slug":"mobile-boiler-smart-cabin","status":"publish","type":"page","link":"https:\/\/www.smartheating.cz\/hr\/mobile-boiler-smart-cabin\/","title":{"rendered":"Mobile boiler SMART CABIN"},"content":{"rendered":"<h1 class=\"title\">Mobilne kotlovnice <br \/>\n <strong>SMART CABIN 150 \u2013 500&nbsp;\u2013 1500 kW<\/strong><\/h1>\n<p><img loading=\"lazy\" decoding=\"async\" class=\"alignnone wp-image-33440 size-full\" src=\"https:\/\/www.smartheating.cz\/wp-content\/uploads\/2014\/09\/mobilni_kotelny_uvodni_obrazek_Chorvatsko_solar.png\" alt=\"\" width=\"864\" height=\"515\" srcset=\"https:\/\/www.smartheating.cz\/wp-content\/uploads\/2014\/09\/mobilni_kotelny_uvodni_obrazek_Chorvatsko_solar.png 864w, https:\/\/www.smartheating.cz\/wp-content\/uploads\/2014\/09\/mobilni_kotelny_uvodni_obrazek_Chorvatsko_solar-300x179.png 300w, https:\/\/www.smartheating.cz\/wp-content\/uploads\/2014\/09\/mobilni_kotelny_uvodni_obrazek_Chorvatsko_solar-768x458.png 768w, https:\/\/www.smartheating.cz\/wp-content\/uploads\/2014\/09\/mobilni_kotelny_uvodni_obrazek_Chorvatsko_solar-600x358.png 600w\" sizes=\"auto, (max-width: 864px) 100vw, 864px\" \/><\/p>\n<p><span class=\"barva-modra\">\u2022 Tehnologija kotla za biomasu Smart 150 \u2013 500 \u2013 1500 kW \u2022 Mogu\u0107nost pomo\u0107nog kotla na mazut\/plin \u2022 Kompletna rje\u0161enja silosa drvne sje\u010dke i drvene kuglice \u2022 Kompletna rje\u0161enja dimnjaka i odvoda dimnih plinova unutar kontejnera \u2022 Kompletna hidrauli\u010dka monta\u017ea unutar kontejnera \u2022 Sustav mjerenja i regulacije \u2022 96% u\u010dinkovitost gorenja \u2022 Fleksibilnost tehni\u010dkog rje\u0161enja \u2022 Razli\u010dite mogu\u0107nosti dizajna uklju\u0107uju\u0107i posebne elemente dizajna<\/span><\/p>\n<p>&nbsp;<\/p>\n<h2>Dizajn<\/h2>\n<p><img loading=\"lazy\" decoding=\"async\" class=\"alignnone wp-image-32346 size-full\" src=\"https:\/\/www.smartheating.cz\/wp-content\/uploads\/2014\/09\/provedeni_kontejnery_sede_HR.png\" alt=\"\" width=\"864\" height=\"192\" srcset=\"https:\/\/www.smartheating.cz\/wp-content\/uploads\/2014\/09\/provedeni_kontejnery_sede_HR.png 864w, https:\/\/www.smartheating.cz\/wp-content\/uploads\/2014\/09\/provedeni_kontejnery_sede_HR-300x67.png 300w, https:\/\/www.smartheating.cz\/wp-content\/uploads\/2014\/09\/provedeni_kontejnery_sede_HR-768x171.png 768w, https:\/\/www.smartheating.cz\/wp-content\/uploads\/2014\/09\/provedeni_kontejnery_sede_HR-600x133.png 600w\" sizes=\"auto, (max-width: 864px) 100vw, 864px\" \/><\/p>\n<p>&nbsp;<\/p>\n<h2>Opcije tehni\u010dkog rje\u0161enja mobilnih kontlovnica:<\/h2>\n<p><strong><span class=\"barva-cervena\">\u2022<\/span> <\/strong><span class=\"barva-modra\">Lijeva ili desna varijanta mobilne kotlovnice<\/span><br \/>\n <strong><span class=\"barva-cervena\">\u2022<\/span> <\/strong><span class=\"barva-modra\">Hidrauli\u010dno ili ru\u010dno otvaranje vrata za punjenje silosa<\/span><br \/>\n <strong><span class=\"barva-cervena\">\u2022<\/span> <\/strong><span class=\"barva-modra\">Ulazna vrata od stakla ili metala<\/span><br \/>\n <strong><span class=\"barva-cervena\">\u2022<\/span> <\/strong><span class=\"barva-modra\">Posebna sigurnosna oprema<\/span><br \/>\n <strong><span class=\"barva-cervena\">\u2022<\/span> <\/strong><span class=\"barva-modra\">Vanjski dizajn prema posebnim zahtjevima kupca<\/span><br \/>\n &nbsp;<\/p>\n<h2>Dimenzije i te\u017eine:<\/h2>\n<p><span class=\"barva-modra\">150\u2013250 kW: 3 x 3 x 12,6 m ~ 12 tona*<\/span><br \/>\n <span class=\"barva-modra\">300\u2013500 kW: 3,2 x 3 x 12,6 m ~ 15 tona*<\/span><br \/>\n <span class=\"barva-modra\" style=\"font-size: 10pt;\">*U slu\u010daju potrebe za opskrbom spremnika za mazut \/ plin, <br \/>\n potrebno je pro\u0161iriti kontejner 1,2 m i pove\u0107ati te\u017einu za 1,5 tona.<\/span><br \/>\n &nbsp;<\/p>\n<h2>Oprema kotlovnice:<\/h2>\n<table>\n<tbody>\n<tr>\n<td width=\"66%\"><a href=\"https:\/\/www.smartheating.cz\/wp-content\/uploads\/2014\/07\/kotelna-smart-cabin3.jpg\"><img loading=\"lazy\" decoding=\"async\" class=\"alignnone size-full wp-image-397\" src=\"https:\/\/www.smartheating.cz\/wp-content\/uploads\/2014\/07\/kotelna-smart-cabin3.jpg\" alt=\"kotelna-smart-cabin3\" width=\"567\" height=\"249\" srcset=\"https:\/\/www.smartheating.cz\/wp-content\/uploads\/2014\/07\/kotelna-smart-cabin3.jpg 567w, https:\/\/www.smartheating.cz\/wp-content\/uploads\/2014\/07\/kotelna-smart-cabin3-300x131.jpg 300w\" sizes=\"auto, (max-width: 567px) 100vw, 567px\" \/><\/a>&nbsp;<\/td>\n<td width=\"1%\">&nbsp;<\/td>\n<td width=\"33%\">\n<p><span class=\"barva-modra ubuntu\">Kotao SMART 150\u2013500 kW<\/span><\/p>\n<p>&nbsp;<\/p>\n<p><a href=\"https:\/\/www.smartheating.cz\/hr\/smart-150-kw\/\">SMART 150 kW<\/a><br \/>\n <a href=\"https:\/\/www.smartheating.cz\/hr\/smart-180-kw\/\">SMART 180 kW<\/a><br \/>\n <a href=\"https:\/\/www.smartheating.cz\/hr\/smart-200-kw\/\">SMART 200 kW<\/a><br \/>\n <a href=\"https:\/\/www.smartheating.cz\/hr\/smart-200-kw\/\">SMART 220 kW<\/a><br \/>\n <a href=\"https:\/\/www.smartheating.cz\/hr\/smart-250-kw\/\">SMART 250 kW<\/a><br \/>\n <a href=\"https:\/\/www.smartheating.cz\/hr\/smart-300-kw\/\">SMART 300 kW<\/a><br \/>\n <a href=\"https:\/\/www.smartheating.cz\/hr\/smart-350-kw\/\">SMART 350 kW<br \/>\n <\/a><a href=\"https:\/\/www.smartheating.cz\/hr\/smart-400-kw\/\">SMART 400 kW<\/a><br \/>\n <a href=\"https:\/\/www.smartheating.cz\/hr\/smart-450-kw\/\">SMART 450 kW<\/a><br \/>\n <a href=\"https:\/\/www.smartheating.cz\/hr\/smart-500-kw\/\">SMART 500 kW<\/a><\/p>\n<\/td>\n<\/tr>\n<\/tbody>\n<\/table>\n<p>&nbsp;<\/p>\n<table class=\" tabulka\" style=\"width: 863px;\">\n<tbody>\n<tr>\n<td class=\"extra-tmava-bunka\" style=\"text-align: center;\" colspan=\"11\"><span style=\"font-size: 10pt;\">TEHNI\u010cKI PODACI SMART KOTLOVA<\/span><\/td>\n<\/tr>\n<tr>\n<td class=\"extra-tmava-bunka\"><span style=\"font-size: 10pt;\">Oznaka<\/span><\/td>\n<td class=\"extra-tmava-bunka\" style=\"text-align: center;\"><span style=\"font-size: 10pt;\">&nbsp;<\/span><\/td>\n<td class=\"extra-tmava-bunka\" style=\"text-align: center;\"><span style=\"font-size: 10pt;\">150<\/span><\/td>\n<td class=\"extra-tmava-bunka\" style=\"text-align: center;\"><span style=\"font-size: 10pt;\">200<\/span><\/td>\n<td class=\"extra-tmava-bunka\" style=\"text-align: center;\"><span style=\"font-size: 10pt;\">220<\/span><\/td>\n<td class=\"extra-tmava-bunka\" style=\"text-align: center;\"><span style=\"font-size: 10pt;\">250<\/span><\/td>\n<td class=\"extra-tmava-bunka\" style=\"text-align: center;\"><span style=\"font-size: 10pt;\">300<\/span><\/td>\n<td class=\"extra-tmava-bunka\" style=\"text-align: center;\"><span style=\"font-size: 10pt;\">350<\/span><\/td>\n<td class=\"extra-tmava-bunka\" style=\"text-align: center;\"><span style=\"font-size: 10pt;\">400<\/span><\/td>\n<td class=\"extra-tmava-bunka\" style=\"text-align: center;\"><span style=\"font-size: 10pt;\">450<\/span><\/td>\n<td class=\"extra-tmava-bunka\" style=\"text-align: center;\"><span style=\"font-size: 10pt;\">500<\/span><\/td>\n<\/tr>\n<tr>\n<td><span style=\"font-size: 10pt;\">Nominalna snaga Pn<\/span><\/td>\n<td style=\"text-align: center;\"><span style=\"font-size: 10pt;\">kW<\/span><\/td>\n<td style=\"text-align: center;\"><span style=\"font-size: 10pt;\">150<\/span><\/td>\n<td style=\"text-align: center;\"><span style=\"font-size: 10pt;\">200<\/span><\/td>\n<td style=\"text-align: center;\"><span style=\"font-size: 10pt;\">220&nbsp;<\/span><\/td>\n<td style=\"text-align: center;\"><span style=\"font-size: 10pt;\">250<\/span><\/td>\n<td style=\"text-align: center;\"><span style=\"font-size: 10pt;\">300<\/span><\/td>\n<td style=\"text-align: center;\"><span style=\"font-size: 10pt;\">350<\/span><\/td>\n<td style=\"text-align: center;\"><span style=\"font-size: 10pt;\">400<\/span><\/td>\n<td style=\"text-align: center;\"><span style=\"font-size: 10pt;\">450<\/span><\/td>\n<td style=\"text-align: center;\"><span style=\"font-size: 10pt;\">500<\/span><\/td>\n<\/tr>\n<tr>\n<td><span style=\"font-size: 10pt;\">Djelomi\u010dno optere\u0107enje (snaga) Pp<\/span><\/td>\n<td style=\"text-align: center;\"><span style=\"font-size: 10pt;\">kW<\/span><\/td>\n<td style=\"text-align: center;\"><span style=\"font-size: 10pt;\">40<\/span><\/td>\n<td style=\"text-align: center;\"><span style=\"font-size: 10pt;\">45<\/span><\/td>\n<td style=\"text-align: center;\"><span style=\"font-size: 10pt;\">55<\/span><\/td>\n<td style=\"text-align: center;\"><span style=\"font-size: 10pt;\">65<\/span><\/td>\n<td style=\"text-align: center;\"><span style=\"font-size: 10pt;\">75<\/span><\/td>\n<td style=\"text-align: center;\"><span style=\"font-size: 10pt;\">90<\/span><\/td>\n<td style=\"text-align: center;\"><span style=\"font-size: 10pt;\">100<\/span><\/td>\n<td style=\"text-align: center;\"><span style=\"font-size: 10pt;\">115<\/span><\/td>\n<td style=\"text-align: center;\"><span style=\"font-size: 10pt;\">140<\/span><\/td>\n<\/tr>\n<tr>\n<td><span style=\"font-size: 10pt;\">U\u010dinkovitost kotla na Pn<\/span><\/td>\n<td style=\"text-align: center;\"><span style=\"font-size: 10pt;\">%<\/span><\/td>\n<td style=\"text-align: center;\"><span style=\"font-size: 10pt;\">95<\/span><\/td>\n<td style=\"text-align: center;\"><span style=\"font-size: 10pt;\">95<\/span><\/td>\n<td style=\"text-align: center;\"><span style=\"font-size: 10pt;\">95<\/span><\/td>\n<td style=\"text-align: center;\"><span style=\"font-size: 10pt;\">95<\/span><\/td>\n<td style=\"text-align: center;\"><span style=\"font-size: 10pt;\">95&nbsp;<\/span><\/td>\n<td style=\"text-align: center;\"><span style=\"font-size: 10pt;\">95<\/span><\/td>\n<td style=\"text-align: center;\"><span style=\"font-size: 10pt;\">95<\/span><\/td>\n<td style=\"text-align: center;\"><span style=\"font-size: 10pt;\">95<\/span><\/td>\n<td style=\"text-align: center;\"><span style=\"font-size: 10pt;\">95<\/span><\/td>\n<\/tr>\n<tr>\n<td><span style=\"font-size: 10pt;\">U\u010dinkovitost kotla na Pp<\/span><\/td>\n<td style=\"text-align: center;\"><span style=\"font-size: 10pt;\">%<\/span><\/td>\n<td style=\"text-align: center;\"><span style=\"font-size: 10pt;\">96<\/span><\/td>\n<td style=\"text-align: center;\"><span style=\"font-size: 10pt;\">96<\/span><\/td>\n<td style=\"text-align: center;\"><span style=\"font-size: 10pt;\">96<\/span><\/td>\n<td style=\"text-align: center;\"><span style=\"font-size: 10pt;\">96<\/span><\/td>\n<td style=\"text-align: center;\"><span style=\"font-size: 10pt;\">96<\/span><\/td>\n<td style=\"text-align: center;\"><span style=\"font-size: 10pt;\">96<\/span><\/td>\n<td style=\"text-align: center;\"><span style=\"font-size: 10pt;\">96<\/span><\/td>\n<td style=\"text-align: center;\"><span style=\"font-size: 10pt;\">96<\/span><\/td>\n<td style=\"text-align: center;\"><span style=\"font-size: 10pt;\">96<\/span><\/td>\n<\/tr>\n<tr>\n<td><span style=\"font-size: 10pt;\">Klasa kotla<\/span><\/td>\n<td style=\"text-align: center;\"><span style=\"font-size: 10pt;\">&nbsp;<\/span><\/td>\n<td style=\"text-align: center;\"><span style=\"font-size: 10pt;\">5<\/span><\/td>\n<td style=\"text-align: center;\"><span style=\"font-size: 10pt;\">5<\/span><\/td>\n<td style=\"text-align: center;\"><span style=\"font-size: 10pt;\">5<\/span><\/td>\n<td style=\"text-align: center;\"><span style=\"font-size: 10pt;\">5<\/span><\/td>\n<td style=\"text-align: center;\"><span style=\"font-size: 10pt;\">5<\/span><\/td>\n<td style=\"text-align: center;\"><span style=\"font-size: 10pt;\">5<\/span><\/td>\n<td style=\"text-align: center;\"><span style=\"font-size: 10pt;\">5<\/span><\/td>\n<td style=\"text-align: center;\"><span style=\"font-size: 10pt;\">5<\/span><\/td>\n<td style=\"text-align: center;\"><span style=\"font-size: 10pt;\">5<\/span><\/td>\n<\/tr>\n<\/tbody>\n<\/table>\n<p>&nbsp;<\/p>\n<p>&nbsp;<\/p>\n<table>\n<tbody>\n<tr>\n<td width=\"33%\"><img loading=\"lazy\" decoding=\"async\" class=\"alignnone wp-image-5060\" src=\"http:\/\/www.be-heating.be\/wp-content\/uploads\/2014\/07\/FE-AKU-2000_DN100_CELLA-PV-100_300dpi_logo.png\" alt=\"\" width=\"199\" height=\"299\">&nbsp;<\/td>\n<td width=\"1%\">&nbsp;<\/td>\n<td width=\"33%\"><img loading=\"lazy\" decoding=\"async\" class=\"alignnone wp-image-5061\" src=\"http:\/\/www.be-heating.be\/wp-content\/uploads\/2014\/07\/FE-AKU-2000_G6-4inch_CELLA-PV-100_300dpi_logo.png\" alt=\"\" width=\"199\" height=\"299\">&nbsp;<\/td>\n<td width=\"1%\">&nbsp;<\/td>\n<td width=\"33%\">\n<p>&nbsp;<\/p>\n<p><span class=\"barva-modra\">Akumulacijski spremnik<br \/>\n &nbsp;<\/span><\/p>\n<p><a href=\"https:\/\/www.smartheating.cz\/hr\/accumulation-tanks\/\">FE AKU<\/a><br \/>\n <a href=\"https:\/\/www.smartheating.cz\/hr\/accumulation-tanks\/\">FE AKU ST<\/a><\/p>\n<\/td>\n<\/tr>\n<\/tbody>\n<\/table>\n<p>&nbsp;<\/p>\n<h2>Fotogalerija:<\/h2>\nngg_shortcode_0_placeholder\n<p>&nbsp;<\/p>\n","protected":false},"excerpt":{"rendered":"<p>Mobilne kotlovnice SMART CABIN 150 \u2013 500&nbsp;\u2013 1500 kW \u2022 Tehnologija kotla za biomasu Smart 150 \u2013 500 \u2013 1500 kW \u2022 Mogu\u0107nost pomo\u0107nog kotla na mazut\/plin \u2022 Kompletna rje\u0161enja silosa drvne sje\u010dke i drvene kuglice \u2022 Kompletna rje\u0161enja dimnjaka i odvoda dimnih plinova unutar kontejnera \u2022 Kompletna hidrauli\u010dka monta\u017ea unutar kontejnera \u2022 Sustav mjerenja [&hellip;]<\/p>\n","protected":false},"author":2,"featured_media":0,"parent":0,"menu_order":0,"comment_status":"closed","ping_status":"closed","template":"page-h1.php","meta":{"ngg_post_thumbnail":0,"footnotes":""},"class_list":["post-32328","page","type-page","status-publish","hentry"],"_links":{"self":[{"href":"https:\/\/www.smartheating.cz\/hr\/wp-json\/wp\/v2\/pages\/32328","targetHints":{"allow":["GET"]}}],"collection":[{"href":"https:\/\/www.smartheating.cz\/hr\/wp-json\/wp\/v2\/pages"}],"about":[{"href":"https:\/\/www.smartheating.cz\/hr\/wp-json\/wp\/v2\/types\/page"}],"author":[{"embeddable":true,"href":"https:\/\/www.smartheating.cz\/hr\/wp-json\/wp\/v2\/users\/2"}],"replies":[{"embeddable":true,"href":"https:\/\/www.smartheating.cz\/hr\/wp-json\/wp\/v2\/comments?post=32328"}],"version-history":[{"count":0,"href":"https:\/\/www.smartheating.cz\/hr\/wp-json\/wp\/v2\/pages\/32328\/revisions"}],"wp:attachment":[{"href":"https:\/\/www.smartheating.cz\/hr\/wp-json\/wp\/v2\/media?parent=32328"}],"curies":[{"name":"wp","href":"https:\/\/api.w.org\/{rel}","templated":true}]}}