{"id":32223,"date":"2014-07-17T23:24:57","date_gmt":"2014-07-17T22:24:57","guid":{"rendered":"http:\/\/www.smartheating.cz\/mobile-boiler-room-bio-house\/"},"modified":"2018-01-23T11:54:32","modified_gmt":"2018-01-23T10:54:32","slug":"mobile-boiler-room-bio-house","status":"publish","type":"page","link":"https:\/\/www.smartheating.cz\/hr\/mobile-boiler-room-bio-house\/","title":{"rendered":"Mobile boiler room BIO-HOUSE"},"content":{"rendered":"<h1 class=\"title\">Mobilne kotlovnice<br \/>\n <strong>BIO-KU\u0106A<\/strong><\/h1>\n<p class=\"subtitle\">&nbsp;<\/p>\n<p>&nbsp;<span class=\"obrazek-pod-textem\"><img loading=\"lazy\" decoding=\"async\" class=\"alignnone wp-image-32243 size-full\" src=\"https:\/\/www.smartheating.cz\/wp-content\/uploads\/2014\/07\/bio_house_HR.png\" alt=\"\" width=\"864\" height=\"484\" srcset=\"https:\/\/www.smartheating.cz\/wp-content\/uploads\/2014\/07\/bio_house_HR.png 864w, https:\/\/www.smartheating.cz\/wp-content\/uploads\/2014\/07\/bio_house_HR-300x168.png 300w, https:\/\/www.smartheating.cz\/wp-content\/uploads\/2014\/07\/bio_house_HR-768x430.png 768w, https:\/\/www.smartheating.cz\/wp-content\/uploads\/2014\/07\/bio_house_HR-600x336.png 600w\" sizes=\"auto, (max-width: 864px) 100vw, 864px\" \/><\/span><\/p>\n<p>&nbsp;<\/p>\n<p>&nbsp;<\/p>\n<p>&nbsp;<\/p>\n<p>&nbsp;<\/p>\n<p>&nbsp;<\/p>\n<p>&nbsp;<\/p>\n<p>&nbsp;<\/p>\n<p>&nbsp;<\/p>\n<p><span class=\"barva-modra\">\u2022 Pocin\u010dani dizajn konstrukcije s PUR plo\u010dama prema zahtjevima kupca \u2022 Hidrauli\u010dno \/ ru\u010dno otvaranje silosa \u2022 Tehnologija kotla za biomasu Smart 150\u2013500\u20131500 kW \u2022 Mogu\u0107nost pomo\u0107nog kotla na mazut\/plin \u2022 Kompletna rje\u0161enja silosa na drvene pelete i drvne sje\u010dke\u2022 Kompletna rje\u0161enja dimnjaka i odvoda dimnih plinova \u2022 Potpuna hidrauli\u010dna instalacija \u2022 Sustav mjerenja i regulacije \u2022 96% u\u010dinkovitost sagorevanja \u2022 Fleksibilnost tehni\u010dkog rje\u0161enja \u2022 Razli\u010dite mogu\u0107nosti dizajna uklju\u010duju\u0107i posebne elemente dizajna<\/span><\/p>\n<p>&nbsp;<\/p>\n<h2>Dizajn<\/h2>\n<p><img loading=\"lazy\" decoding=\"async\" class=\"alignnone wp-image-32257 size-full\" src=\"https:\/\/www.smartheating.cz\/wp-content\/uploads\/2014\/07\/Prefabrikovana_kotelna_na_biomasu_HR.png\" alt=\"\" width=\"864\" height=\"211\" srcset=\"https:\/\/www.smartheating.cz\/wp-content\/uploads\/2014\/07\/Prefabrikovana_kotelna_na_biomasu_HR.png 864w, https:\/\/www.smartheating.cz\/wp-content\/uploads\/2014\/07\/Prefabrikovana_kotelna_na_biomasu_HR-300x73.png 300w, https:\/\/www.smartheating.cz\/wp-content\/uploads\/2014\/07\/Prefabrikovana_kotelna_na_biomasu_HR-768x188.png 768w, https:\/\/www.smartheating.cz\/wp-content\/uploads\/2014\/07\/Prefabrikovana_kotelna_na_biomasu_HR-600x147.png 600w\" sizes=\"auto, (max-width: 864px) 100vw, 864px\" \/><\/p>\n<p><span class=\"obrazek-pod-textem\">&nbsp;<\/span><\/p>\n<h2>Mogu\u0107a tehni\u010dka rje\u0161enja monta\u017enih mobilnih kotlovnica:<\/h2>\n<p><strong><span class=\"barva-cervena\">\u2022<\/span> <\/strong><span class=\"barva-modra\">Sa ili bez silosa<\/span><br \/>\n <span class=\"barva-cervena\"><strong>\u2022<\/strong> <\/span><span class=\"barva-modra\">Lijeva ili desna varijanta mobilne kotlovnice<\/span><br \/>\n <strong><span class=\"barva-cervena\">\u2022<\/span> <\/strong><span class=\"barva-modra\">Hidrauli\u010dno ili ru\u010dno otvaranje vrata za punjenje silosa<\/span><br \/>\n <strong><span class=\"barva-cervena\">\u2022<\/span> <\/strong><span class=\"barva-modra\">Ulazna vrata od stakla ili metala<\/span><br \/>\n <strong><span class=\"barva-cervena\">\u2022<\/span> <\/strong><span class=\"barva-modra\">Posebna sigurnosna oprema<\/span><br \/>\n <strong><span class=\"barva-cervena\">\u2022<\/span> <\/strong><span class=\"barva-modra\">Vanjski dizajn prema posebnim zahtjevima kupca<\/span><br \/>\n &nbsp;<\/p>\n<h2>Minimalne \u2013 Max. Dimenzije Smart BIO-HOUSE kotlovnice:<\/h2>\n<p><span class=\"barva-modra\">3 x 3 m \u2013 9 x 9 m<\/span><br \/>\n &nbsp;<\/p>\n<h2>Standardne boje panela:<\/h2>\n<p><img loading=\"lazy\" decoding=\"async\" class=\"alignnone size-full wp-image-671\" src=\"https:\/\/www.smartheating.cz\/wp-content\/uploads\/2014\/07\/bio-house-3.jpg\" alt=\"bio-house-3\" width=\"863\" height=\"118\" srcset=\"https:\/\/www.smartheating.cz\/wp-content\/uploads\/2014\/07\/bio-house-3.jpg 863w, https:\/\/www.smartheating.cz\/wp-content\/uploads\/2014\/07\/bio-house-3-300x41.jpg 300w, https:\/\/www.smartheating.cz\/wp-content\/uploads\/2014\/07\/bio-house-3-600x82.jpg 600w\" sizes=\"auto, (max-width: 863px) 100vw, 863px\" \/><\/p>\n<h2><span class=\"hps\"><span style=\"color: #255aa3;\">Oprema kotlovnice:<\/span><\/span><\/h2>\n<table>\n<tbody>\n<tr>\n<td width=\"66%\"><img loading=\"lazy\" decoding=\"async\" class=\"alignnone size-full wp-image-397\" src=\"https:\/\/www.smartheating.cz\/wp-content\/uploads\/2014\/07\/kotelna-smart-cabin3.jpg\" alt=\"kotelna-smart-cabin3\" width=\"567\" height=\"249\" srcset=\"https:\/\/www.smartheating.cz\/wp-content\/uploads\/2014\/07\/kotelna-smart-cabin3.jpg 567w, https:\/\/www.smartheating.cz\/wp-content\/uploads\/2014\/07\/kotelna-smart-cabin3-300x131.jpg 300w\" sizes=\"auto, (max-width: 567px) 100vw, 567px\" \/>&nbsp;<\/td>\n<td width=\"1%\">&nbsp;<\/td>\n<td width=\"33%\">\n<p>&nbsp;<br \/>\n <span class=\"barva-modra\" style=\"font-size: 10pt;\">Kotao SMART 150-500 kW<br \/>\n <\/span><\/p>\n<p>&nbsp;<\/p>\n<p><a href=\"https:\/\/www.smartheating.cz\/hr\/smart-150-kw\/\">SMART 150 kW<\/a><br \/>\n <a href=\"https:\/\/www.smartheating.cz\/hr\/smart-180-kw\/\">SMART 180 kW<\/a><br \/>\n <a href=\"https:\/\/www.smartheating.cz\/hr\/smart-200-kw\/\">SMART 200 kW<\/a><br \/>\n <a href=\"https:\/\/www.smartheating.cz\/hr\/smart-200-kw\/\">SMART 220 kW<\/a><br \/>\n <a href=\"https:\/\/www.smartheating.cz\/hr\/smart-250-kw\/\">SMART 250 kW<\/a><br \/>\n <a href=\"https:\/\/www.smartheating.cz\/hr\/smart-300-kw\/\">SMART 300 kW<\/a><br \/>\n <a href=\"https:\/\/www.smartheating.cz\/hr\/smart-350-kw\/\">SMART 350 kW<br \/>\n <\/a><a href=\"https:\/\/www.smartheating.cz\/hr\/smart-400-kw\/\">SMART 400 kW<\/a><br \/>\n <a href=\"https:\/\/www.smartheating.cz\/hr\/smart-450-kw\/\">SMART 450 kW<\/a><br \/>\n <a href=\"https:\/\/www.smartheating.cz\/hr\/smart-500-kw\/\">SMART 500 kW<\/a><\/p>\n<\/td>\n<\/tr>\n<\/tbody>\n<\/table>\n<p>&nbsp;<\/p>\n<table class=\" tabulka\" style=\"width: 863px;\">\n<tbody>\n<tr>\n<td class=\"extra-tmava-bunka\" style=\"text-align: center;\" colspan=\"11\"><span style=\"font-size: 10pt;\">TEHNI\u010cKI PODACI SMART KOTLOVA<\/span><\/td>\n<\/tr>\n<tr>\n<td class=\"extra-tmava-bunka\"><span style=\"font-size: 10pt;\">Oznaka<\/span><\/td>\n<td class=\"extra-tmava-bunka\" style=\"text-align: center;\"><span style=\"font-size: 10pt;\">&nbsp;<\/span><\/td>\n<td class=\"extra-tmava-bunka\" style=\"text-align: center;\"><span style=\"font-size: 10pt;\">150&nbsp;<\/span><\/td>\n<td class=\"extra-tmava-bunka\" style=\"text-align: center;\"><span style=\"font-size: 10pt;\">200<\/span><\/td>\n<td class=\"extra-tmava-bunka\" style=\"text-align: center;\"><span style=\"font-size: 10pt;\">220<\/span><\/td>\n<td class=\"extra-tmava-bunka\" style=\"text-align: center;\"><span style=\"font-size: 10pt;\">250<\/span><\/td>\n<td class=\"extra-tmava-bunka\" style=\"text-align: center;\"><span style=\"font-size: 10pt;\">300<\/span><\/td>\n<td class=\"extra-tmava-bunka\" style=\"text-align: center;\"><span style=\"font-size: 10pt;\">350<\/span><\/td>\n<td class=\"extra-tmava-bunka\" style=\"text-align: center;\"><span style=\"font-size: 10pt;\">400<\/span><\/td>\n<td class=\"extra-tmava-bunka\" style=\"text-align: center;\"><span style=\"font-size: 10pt;\">450<\/span><\/td>\n<td class=\"extra-tmava-bunka\" style=\"text-align: center;\"><span style=\"font-size: 10pt;\">500<\/span><\/td>\n<\/tr>\n<tr>\n<td><span style=\"font-size: 10pt;\">Nominalna snaga Pn<\/span><\/td>\n<td style=\"text-align: center;\"><span style=\"font-size: 10pt;\">kW<\/span><\/td>\n<td style=\"text-align: center;\"><span style=\"font-size: 10pt;\">150<\/span><\/td>\n<td style=\"text-align: center;\"><span style=\"font-size: 10pt;\">200<\/span><\/td>\n<td style=\"text-align: center;\"><span style=\"font-size: 10pt;\">220&nbsp;<\/span><\/td>\n<td style=\"text-align: center;\"><span style=\"font-size: 10pt;\">250<\/span><\/td>\n<td style=\"text-align: center;\"><span style=\"font-size: 10pt;\">300<\/span><\/td>\n<td style=\"text-align: center;\"><span style=\"font-size: 10pt;\">350<\/span><\/td>\n<td style=\"text-align: center;\"><span style=\"font-size: 10pt;\">400<\/span><\/td>\n<td style=\"text-align: center;\"><span style=\"font-size: 10pt;\">450&nbsp;<\/span><\/td>\n<td style=\"text-align: center;\"><span style=\"font-size: 10pt;\">500<\/span><\/td>\n<\/tr>\n<tr>\n<td><span style=\"font-size: 10pt;\">Djelomi\u010dno optere\u0107enje (snaga) Pp<\/span><\/td>\n<td style=\"text-align: center;\"><span style=\"font-size: 10pt;\">kW<\/span><\/td>\n<td style=\"text-align: center;\"><span style=\"font-size: 10pt;\">40<\/span><\/td>\n<td style=\"text-align: center;\"><span style=\"font-size: 10pt;\">45<\/span><\/td>\n<td style=\"text-align: center;\"><span style=\"font-size: 10pt;\">55<\/span><\/td>\n<td style=\"text-align: center;\"><span style=\"font-size: 10pt;\">65<\/span><\/td>\n<td style=\"text-align: center;\"><span style=\"font-size: 10pt;\">75<\/span><\/td>\n<td style=\"text-align: center;\"><span style=\"font-size: 10pt;\">90<\/span><\/td>\n<td style=\"text-align: center;\"><span style=\"font-size: 10pt;\">100<\/span><\/td>\n<td style=\"text-align: center;\"><span style=\"font-size: 10pt;\">115&nbsp;<\/span><\/td>\n<td style=\"text-align: center;\"><span style=\"font-size: 10pt;\">140<\/span><\/td>\n<\/tr>\n<tr>\n<td><span style=\"font-size: 10pt;\">U\u010dinkovitost kotla na Pn<\/span><\/td>\n<td style=\"text-align: center;\"><span style=\"font-size: 10pt;\">&nbsp;%<\/span><\/td>\n<td style=\"text-align: center;\"><span style=\"font-size: 10pt;\">95<\/span><\/td>\n<td style=\"text-align: center;\"><span style=\"font-size: 10pt;\">95<\/span><\/td>\n<td style=\"text-align: center;\"><span style=\"font-size: 10pt;\">95<\/span><\/td>\n<td style=\"text-align: center;\"><span style=\"font-size: 10pt;\">95<\/span><\/td>\n<td style=\"text-align: center;\"><span style=\"font-size: 10pt;\">95&nbsp;<\/span><\/td>\n<td style=\"text-align: center;\"><span style=\"font-size: 10pt;\">95<\/span><\/td>\n<td style=\"text-align: center;\"><span style=\"font-size: 10pt;\">95<\/span><\/td>\n<td style=\"text-align: center;\"><span style=\"font-size: 10pt;\">95<\/span><\/td>\n<td style=\"text-align: center;\"><span style=\"font-size: 10pt;\">95<\/span><\/td>\n<\/tr>\n<tr>\n<td><span style=\"font-size: 10pt;\">U\u010dinkovitost kotla na Pp<\/span><\/td>\n<td style=\"text-align: center;\"><span style=\"font-size: 10pt;\">&nbsp;%<\/span><\/td>\n<td style=\"text-align: center;\"><span style=\"font-size: 10pt;\">96<\/span><\/td>\n<td style=\"text-align: center;\"><span style=\"font-size: 10pt;\">96<\/span><\/td>\n<td style=\"text-align: center;\"><span style=\"font-size: 10pt;\">96<\/span><\/td>\n<td style=\"text-align: center;\"><span style=\"font-size: 10pt;\">96<\/span><\/td>\n<td style=\"text-align: center;\"><span style=\"font-size: 10pt;\">96<\/span><\/td>\n<td style=\"text-align: center;\"><span style=\"font-size: 10pt;\">96<\/span><\/td>\n<td style=\"text-align: center;\"><span style=\"font-size: 10pt;\">96<\/span><\/td>\n<td style=\"text-align: center;\"><span style=\"font-size: 10pt;\">96<\/span><\/td>\n<td style=\"text-align: center;\"><span style=\"font-size: 10pt;\">96<\/span><\/td>\n<\/tr>\n<tr>\n<td><span style=\"font-size: 10pt;\">Klasa kotla<\/span><\/td>\n<td style=\"text-align: center;\"><span style=\"font-size: 10pt;\">&nbsp;<\/span><\/td>\n<td style=\"text-align: center;\"><span style=\"font-size: 10pt;\">5<\/span><\/td>\n<td style=\"text-align: center;\"><span style=\"font-size: 10pt;\">5<\/span><\/td>\n<td style=\"text-align: center;\"><span style=\"font-size: 10pt;\">5<\/span><\/td>\n<td style=\"text-align: center;\"><span style=\"font-size: 10pt;\">5<\/span><\/td>\n<td style=\"text-align: center;\"><span style=\"font-size: 10pt;\">5<\/span><\/td>\n<td style=\"text-align: center;\"><span style=\"font-size: 10pt;\">5<\/span><\/td>\n<td style=\"text-align: center;\"><span style=\"font-size: 10pt;\">5<\/span><\/td>\n<td style=\"text-align: center;\"><span style=\"font-size: 10pt;\">5<\/span><\/td>\n<td style=\"text-align: center;\"><span style=\"font-size: 10pt;\">5<\/span><\/td>\n<\/tr>\n<\/tbody>\n<\/table>\n<p>&nbsp;<\/p>\n<p>&nbsp;<\/p>\n<table>\n<tbody>\n<tr>\n<td width=\"33%\"><img loading=\"lazy\" decoding=\"async\" class=\"alignnone wp-image-5060\" src=\"http:\/\/www.be-heating.be\/wp-content\/uploads\/2014\/07\/FE-AKU-2000_DN100_CELLA-PV-100_300dpi_logo.png\" alt=\"\" width=\"199\" height=\"299\">&nbsp;<\/td>\n<td width=\"1%\">&nbsp;<\/td>\n<td width=\"33%\"><img loading=\"lazy\" decoding=\"async\" class=\"alignnone wp-image-5061\" src=\"http:\/\/www.be-heating.be\/wp-content\/uploads\/2014\/07\/FE-AKU-2000_G6-4inch_CELLA-PV-100_300dpi_logo.png\" alt=\"\" width=\"199\" height=\"299\">&nbsp;<\/td>\n<td width=\"1%\">&nbsp;<\/td>\n<td width=\"33%\">\n<p>&nbsp;<\/p>\n<p><span class=\"barva-modra\"><span style=\"font-size: 10pt;\">Akumulacijski spremnik<\/span><br \/>\n &nbsp;<\/span><\/p>\n<p><a href=\"https:\/\/www.smartheating.cz\/hr\/accumulation-tanks\/\">FE AKU<\/a><br \/>\n <a href=\"https:\/\/www.smartheating.cz\/hr\/accumulation-tanks\/\">FE AKU ST<\/a><\/p>\n<\/td>\n<\/tr>\n<\/tbody>\n<\/table>\n<p>&nbsp;<\/p>\n<h2>Fotogalerija<\/h2>\nngg_shortcode_0_placeholder\n","protected":false},"excerpt":{"rendered":"<p>Mobilne kotlovnice BIO-KU\u0106A &nbsp; &nbsp; &nbsp; &nbsp; &nbsp; &nbsp; &nbsp; &nbsp; &nbsp; &nbsp; \u2022 Pocin\u010dani dizajn konstrukcije s PUR plo\u010dama prema zahtjevima kupca \u2022 Hidrauli\u010dno \/ ru\u010dno otvaranje silosa \u2022 Tehnologija kotla za biomasu Smart 150\u2013500\u20131500 kW \u2022 Mogu\u0107nost pomo\u0107nog kotla na mazut\/plin \u2022 Kompletna rje\u0161enja silosa na drvene pelete i drvne sje\u010dke\u2022 Kompletna rje\u0161enja [&hellip;]<\/p>\n","protected":false},"author":1,"featured_media":0,"parent":0,"menu_order":0,"comment_status":"closed","ping_status":"closed","template":"page-h1.php","meta":{"ngg_post_thumbnail":0,"footnotes":""},"class_list":["post-32223","page","type-page","status-publish","hentry"],"_links":{"self":[{"href":"https:\/\/www.smartheating.cz\/hr\/wp-json\/wp\/v2\/pages\/32223","targetHints":{"allow":["GET"]}}],"collection":[{"href":"https:\/\/www.smartheating.cz\/hr\/wp-json\/wp\/v2\/pages"}],"about":[{"href":"https:\/\/www.smartheating.cz\/hr\/wp-json\/wp\/v2\/types\/page"}],"author":[{"embeddable":true,"href":"https:\/\/www.smartheating.cz\/hr\/wp-json\/wp\/v2\/users\/1"}],"replies":[{"embeddable":true,"href":"https:\/\/www.smartheating.cz\/hr\/wp-json\/wp\/v2\/comments?post=32223"}],"version-history":[{"count":0,"href":"https:\/\/www.smartheating.cz\/hr\/wp-json\/wp\/v2\/pages\/32223\/revisions"}],"wp:attachment":[{"href":"https:\/\/www.smartheating.cz\/hr\/wp-json\/wp\/v2\/media?parent=32223"}],"curies":[{"name":"wp","href":"https:\/\/api.w.org\/{rel}","templated":true}]}}