{"id":31720,"date":"2016-09-26T15:37:28","date_gmt":"2016-09-26T14:37:28","guid":{"rendered":"http:\/\/www.smartheating.cz\/smart-air-heaters-360\/"},"modified":"2018-02-13T12:41:03","modified_gmt":"2018-02-13T11:41:03","slug":"smart-air-heaters-360","status":"publish","type":"page","link":"https:\/\/www.smartheating.cz\/hr\/smart-air-heaters-360\/","title":{"rendered":"Smart grija\u010di zraka 360\u00b0"},"content":{"rendered":"<h1 class=\"title\"><strong>&nbsp;<img loading=\"lazy\" decoding=\"async\" class=\"wp-image-20389 alignright\" src=\"http:\/\/www.smartheating.cz\/wp-content\/uploads\/2016\/09\/Multiheat_image2.png\" width=\"659\" height=\"422\" srcset=\"https:\/\/www.smartheating.cz\/wp-content\/uploads\/2016\/09\/Multiheat_image2.png 864w, https:\/\/www.smartheating.cz\/wp-content\/uploads\/2016\/09\/Multiheat_image2-300x192.png 300w, https:\/\/www.smartheating.cz\/wp-content\/uploads\/2016\/09\/Multiheat_image2-768x492.png 768w, https:\/\/www.smartheating.cz\/wp-content\/uploads\/2016\/09\/Multiheat_image2-600x384.png 600w\" sizes=\"auto, (max-width: 659px) 100vw, 659px\" \/><\/strong><\/h1>\n<p>&nbsp;<\/p>\n<p class=\"subtitle\">&nbsp;<\/p>\n<p>\n <b><\/b><i><\/i><u><\/u><\/p>\n<p>&nbsp;<\/p>\n<p>&nbsp;<\/p>\n<p><span class=\"barva-modra\">&nbsp;<\/span>&nbsp;&nbsp;<\/p>\n<p>&nbsp;<\/p>\n<p>&nbsp;<\/p>\n<p>&nbsp;<\/p>\n<p>\n <span class=\"barva-modra\">\u2022 Lagano ABS ku\u0107i\u0161te \u2022 15-30 metara 360\u00b0 izbacivanje zraka \u2022 Poklopci od nehr\u0111aju\u0107eg \u010delika za regulaciju protoka zraka \u2022 Dvostruko oblo\u017eeni izmjenjiva\u010di \u2022 Kapacitet &gt;10.000 m<sup>3<\/sup> po satu \u2022 Grijanje\/Su\u0161enje bez proizvodnje CO<sub>2<\/sub> \u2022 Bolje okru\u017eenje za \u017eivotinje \u2022 Suha toplina \u2022 Suhi otpad \/ \u017eivotinjski otpad \u2022 Smanjivanje problema \u017eivotinjskih stopala, tako da je potrebno manje antibiotika \u2022 Znatno ni\u017ea razina NH<sub>2<\/sub> \u2022 Bolja stopa konverzije hrane \u2022 Jednostavno predgrijavanje poda \u2022 Jednostavno \u010di\u0161\u0107enje\/jednostavno odr\u017eavanje<\/span><\/p>\n<h2 dir=\"LTR\" align=\"LEFT\">&nbsp;<\/h2>\n<table class=\" alignright\" style=\"width: 207.5px;\">\n<tbody>\n<tr style=\"height: 109px;\">\n<td style=\"width: 204.5px; height: 109px;\">\n<p><a href=\"http:\/\/www.smartheating.cz\/wp-content\/uploads\/2016\/09\/Smart-Air-Heater-1.png\"><img loading=\"lazy\" decoding=\"async\" class=\"alignnone wp-image-20323\" src=\"http:\/\/www.smartheating.cz\/wp-content\/uploads\/2016\/09\/Smart-Air-Heater-1.png\" alt=\"smart-air-heater-1\" width=\"200\" height=\"99\" srcset=\"https:\/\/www.smartheating.cz\/wp-content\/uploads\/2016\/09\/Smart-Air-Heater-1.png 400w, https:\/\/www.smartheating.cz\/wp-content\/uploads\/2016\/09\/Smart-Air-Heater-1-300x148.png 300w\" sizes=\"auto, (max-width: 200px) 100vw, 200px\" \/><\/a><br \/>\n &nbsp;<\/p>\n<\/td>\n<\/tr>\n<tr style=\"height: 127px;\">\n<td style=\"width: 204.5px; height: 127px;\"><a href=\"http:\/\/www.smartheating.cz\/wp-content\/uploads\/2016\/09\/Smart-Air-Heater-2.png\"><img loading=\"lazy\" decoding=\"async\" class=\"alignnone wp-image-20334\" src=\"http:\/\/www.smartheating.cz\/wp-content\/uploads\/2016\/09\/Smart-Air-Heater-2.png\" alt=\"smart-air-heater-2\" width=\"200\" height=\"99\" srcset=\"https:\/\/www.smartheating.cz\/wp-content\/uploads\/2016\/09\/Smart-Air-Heater-2.png 400w, https:\/\/www.smartheating.cz\/wp-content\/uploads\/2016\/09\/Smart-Air-Heater-2-300x148.png 300w\" sizes=\"auto, (max-width: 200px) 100vw, 200px\" \/><\/a><br \/>\n &nbsp;<\/td>\n<\/tr>\n<tr style=\"height: 120.28px;\">\n<td style=\"width: 204.5px; height: 120.28px;\"><a href=\"http:\/\/www.smartheating.cz\/wp-content\/uploads\/2016\/09\/Smart-Air-Heater-3.png\"><img loading=\"lazy\" decoding=\"async\" class=\"alignnone wp-image-20345\" src=\"http:\/\/www.smartheating.cz\/wp-content\/uploads\/2016\/09\/Smart-Air-Heater-3.png\" alt=\"smart-air-heater-3\" width=\"200\" height=\"99\" srcset=\"https:\/\/www.smartheating.cz\/wp-content\/uploads\/2016\/09\/Smart-Air-Heater-3.png 400w, https:\/\/www.smartheating.cz\/wp-content\/uploads\/2016\/09\/Smart-Air-Heater-3-300x148.png 300w\" sizes=\"auto, (max-width: 200px) 100vw, 200px\" \/><\/a><br \/>\n &nbsp;<\/td>\n<\/tr>\n<tr style=\"height: 109px;\">\n<td style=\"width: 204.5px; height: 109px;\"><a href=\"http:\/\/www.smartheating.cz\/wp-content\/uploads\/2016\/09\/Smart-Air-Heater-4.png\"><img loading=\"lazy\" decoding=\"async\" class=\"alignnone wp-image-20356\" src=\"http:\/\/www.smartheating.cz\/wp-content\/uploads\/2016\/09\/Smart-Air-Heater-4.png\" alt=\"smart-air-heater-4\" width=\"200\" height=\"99\" srcset=\"https:\/\/www.smartheating.cz\/wp-content\/uploads\/2016\/09\/Smart-Air-Heater-4.png 400w, https:\/\/www.smartheating.cz\/wp-content\/uploads\/2016\/09\/Smart-Air-Heater-4-300x148.png 300w\" sizes=\"auto, (max-width: 200px) 100vw, 200px\" \/><\/a><br \/>\n &nbsp;<\/td>\n<\/tr>\n<tr style=\"height: 177px;\">\n<td style=\"width: 204.5px; height: 177px;\"><a href=\"http:\/\/www.smartheating.cz\/wp-content\/uploads\/2016\/09\/Smart-Air-Heater-5.png\"><img loading=\"lazy\" decoding=\"async\" class=\"alignnone wp-image-20367\" src=\"http:\/\/www.smartheating.cz\/wp-content\/uploads\/2016\/09\/Smart-Air-Heater-5.png\" alt=\"smart-air-heater-5\" width=\"200\" height=\"167\" srcset=\"https:\/\/www.smartheating.cz\/wp-content\/uploads\/2016\/09\/Smart-Air-Heater-5.png 400w, https:\/\/www.smartheating.cz\/wp-content\/uploads\/2016\/09\/Smart-Air-Heater-5-300x250.png 300w\" sizes=\"auto, (max-width: 200px) 100vw, 200px\" \/><\/a><\/td>\n<\/tr>\n<\/tbody>\n<\/table>\n<h2 dir=\"LTR\" align=\"LEFT\">Smart Air Heaters 360\u00b0 Jedinstvena jedinica za distribuciju zraka<\/h2>\n<p><span class=\"barva-modra\">The <\/span><span class=\"barva-modra\">Smart air heaters 360 sastoje se od visokou\u010dinkovitih izmjenjiva\u010da topline, aksijalnih ventilator i jedinstveno dizajniran distribucijski ure\u0111aj. Vru\u0107a voda dolazi iz vanjskog kotla i prolazi kroz izmjenjiva\u010d topline. Ventilator usisava zrak iz unutra\u0161njosti objekta kroz izmjenjiva\u010d topline i gura zrak kroz 6 otvora za zrak.<\/span><\/p>\n<p>\n <span class=\"barva-modra\">Koli\u010dina zraka i smjer mogu se pode\u0161avati poklopcima unutar svakog izlaza za zrak.<br \/>\n Jedinice vise u sredini objekta \u0161to omogu\u0107uje idealnu distribuciju zraka u sve kuteve objekta.<\/span><\/p>\n<p><span class=\"barva-modra\">Zrak mo\u017ee biti distribuiran do 15 m, a zatim i do 30 m \u0161irokih ku\u0107a.<\/span><\/p>\n<p>&nbsp;<\/p>\n<h2><span class=\"barva-modra\">Recirkulacijska cijev<\/span><\/h2>\n<p><span class=\"barva-modra\">Topli zrak dopire do bo\u010dnih strana i uzdi\u017ee se do stropa gdje se vra\u0107a <br \/>\n u HW jedinicu za prirodnu cirkulaciju toplog zraka.<\/span><\/p>\n<p>&nbsp;<\/p>\n<h2>Prednosti<\/h2>\n<p><span class=\"barva-cervena\"><span style=\"color: #255aa3;\"><strong><span class=\"barva-cervena\">\u2022 <\/span><\/strong>Savr\u0161ena raspodijela topline<br \/>\n <\/span><strong>\u2022<\/strong> <span style=\"color: #255aa3;\">Manji tro\u0161kovi energije<br \/>\n <\/span><\/span><span style=\"color: #255aa3;\"><span class=\"barva-cervena\"><strong>\u2022<\/strong> <\/span>B<\/span><span style=\"color: #255aa3;\">ezopasni, bez otvorenog plamena<br \/>\n <span class=\"barva-cervena\"><strong>\u2022<\/strong> <\/span>Trajni ABS materijal<br \/>\n <span class=\"barva-cervena\"><strong>\u2022<\/strong> <\/span>Mogu\u0107e je koristiti za hla\u0111enje<br \/>\n <\/span><\/p>\n<p><span class=\"barva-modra\" style=\"font-size: 10pt;\">Jedinica je patentirana i registrirana.<\/span><\/p>\n<h2>&nbsp;<\/h2>\n<table class=\" tabulka\" style=\"width: 678.14px;\">\n<tbody>\n<tr style=\"height: 24px;\">\n<td class=\"extra-tmava-bunka\" style=\"width: 111px; height: 24px;\">&nbsp;<\/td>\n<td class=\"extra-tmava-bunka\" style=\"width: 43px; height: 24px; text-align: center;\"><span style=\"font-size: 10pt;\">&nbsp;<\/span><\/td>\n<td class=\"extra-tmava-bunka\" style=\"width: 108px; height: 24px; text-align: center;\"><span style=\"font-size: 10pt;\">Smart grija\u010d zraka 25 <\/span><\/td>\n<td class=\"extra-tmava-bunka\" style=\"width: 108px; height: 24px; text-align: center;\"><span style=\"font-size: 10pt;\">Smart grija\u010d zraka 50<\/span><\/td>\n<td class=\"extra-tmava-bunka\" style=\"width: 108px; height: 24px; text-align: center;\"><span style=\"font-size: 10pt;\">Smart grija\u010d zraka 60<\/span><\/td>\n<td class=\"extra-tmava-bunka\" style=\"width: 110.14px; height: 24px; text-align: center;\"><span style=\"font-size: 10pt;\">Smart grija\u010d zraka 70<\/span><\/td>\n<\/tr>\n<tr style=\"height: 24px;\">\n<td style=\"width: 111px; height: 24px;\"><span style=\"font-size: 10pt;\">Strujanje zraka<\/span><\/td>\n<td style=\"width: 43px; height: 24px; text-align: center;\"><span style=\"font-size: 10pt;\">&nbsp;<\/span><\/td>\n<td style=\"width: 108px; height: 24px; text-align: center;\"><span style=\"font-size: 10pt;\">3 000 m<sup>3<\/sup>\/h<\/span><\/td>\n<td style=\"width: 108px; height: 24px; text-align: center;\"><span style=\"font-size: 10pt;\">10 400 m<sup>3<\/sup>\/h<\/span><\/td>\n<td style=\"width: 108px; height: 24px; text-align: center;\"><span style=\"font-size: 10pt;\">10 400 m<sup>3<\/sup>\/h<\/span><\/td>\n<td style=\"width: 110.14px; height: 24px; text-align: center;\"><span style=\"font-size: 10pt;\">10 400 m<sup>3<\/sup>\/h<\/span><\/td>\n<\/tr>\n<tr style=\"height: 24px;\">\n<td style=\"width: 111px; height: 24px;\"><span style=\"font-size: 10pt;\">Ventilator <\/span><\/td>\n<td style=\"width: 43px; height: 24px; text-align: center;\"><span style=\"font-size: 10pt;\">&nbsp;<\/span><\/td>\n<td style=\"width: 108px; height: 24px; text-align: center;\"><span style=\"font-size: 10pt;\">230 V\/0,9 A<br \/>\n 170 W\/ 1400 RPM<\/span><\/td>\n<td style=\"width: 108px; height: 24px; text-align: center;\"><span style=\"font-size: 10pt;\">400 V\/1,3 A<br \/>\n 600 W\/900 RPM<\/span><\/td>\n<td style=\"width: 108px; height: 24px; text-align: center;\"><span style=\"font-size: 10pt;\">400 V\/1,3 A<br \/>\n 600 W\/900 RPM<\/span><\/td>\n<td style=\"width: 110.14px; height: 24px; text-align: center;\"><span style=\"font-size: 10pt;\">400 V\/1,3 A<br \/>\n 600 W\/900 RPM<\/span><\/td>\n<\/tr>\n<tr style=\"height: 24px;\">\n<td style=\"width: 111px; height: 24px;\"><span style=\"font-size: 10pt;\">Mjerenje <\/span><\/td>\n<td style=\"width: 43px; height: 24px; text-align: center;\">&nbsp;<\/td>\n<td style=\"width: 108px; height: 24px; text-align: center;\"><span style=\"font-size: 10pt;\">830 x 535 x 860<\/span><\/td>\n<td style=\"width: 108px; height: 24px; text-align: center;\"><span style=\"font-size: 10pt;\">1115 x 1062 x 920<\/span><\/td>\n<td style=\"width: 108px; height: 24px; text-align: center;\"><span style=\"font-size: 10pt;\">1115 x 1062 x 950<\/span><\/td>\n<td style=\"width: 110.14px; height: 24px; text-align: center;\"><span style=\"font-size: 10pt;\">1115 x 1062 x 980<\/span><\/td>\n<\/tr>\n<tr style=\"height: 24.53px;\">\n<td style=\"width: 111px; height: 24.53px;\"><span style=\"font-size: 10pt;\">Priklju\u010dak vode<\/span><\/td>\n<td style=\"width: 43px; height: 24.53px; text-align: center;\"><span style=\"font-size: 10pt;\">&nbsp;<\/span><\/td>\n<td style=\"width: 108px; height: 24.53px; text-align: center;\"><span style=\"font-size: 10pt;\">G 3\/4\u201d<\/span><\/td>\n<td style=\"width: 108px; height: 24.53px; text-align: center;\"><span style=\"font-size: 10pt;\">G 1\u201d<\/span><\/td>\n<td style=\"width: 108px; height: 24.53px; text-align: center;\"><span style=\"font-size: 10pt;\">G 5\/4\u201d<\/span><\/td>\n<td style=\"width: 110.14px; height: 24.53px; text-align: center;\"><span style=\"font-size: 10pt;\">G 5\/4\u201d<\/span><\/td>\n<\/tr>\n<tr style=\"height: 24px;\">\n<td style=\"width: 111px; height: 24px;\"><span style=\"font-size: 10pt;\">Te\u017eina uklju\u010duju\u0107i vodu <\/span><\/td>\n<td style=\"width: 43px; height: 24px; text-align: center;\">&nbsp;<\/td>\n<td style=\"width: 108px; height: 24px; text-align: center;\"><span style=\"font-size: 10pt;\">32 kg<\/span><\/td>\n<td style=\"width: 108px; height: 24px; text-align: center;\"><span style=\"font-size: 10pt;\">82 kg<\/span><\/td>\n<td style=\"width: 108px; height: 24px; text-align: center;\"><span style=\"font-size: 10pt;\">86 kg<\/span><\/td>\n<td style=\"width: 110.14px; height: 24px; text-align: center;\"><span style=\"font-size: 10pt;\">90 kg<\/span><\/td>\n<\/tr>\n<tr style=\"height: 24px;\">\n<td class=\"extra-tmava-bunka\" style=\"width: 111px; height: 24px;\">&nbsp;<\/td>\n<td class=\"extra-tmava-bunka\" style=\"width: 43px; height: 24px;\">&nbsp;<\/td>\n<td class=\"extra-tmava-bunka\" style=\"width: 434.14px; height: 24px; text-align: center;\" colspan=\"4\"><span style=\"font-size: 10pt;\">Izvo\u0111enje na temperaturi vode 80 \u00b0C \u2013 65 \u00b0C<\/span><\/td>\n<\/tr>\n<tr style=\"height: 24px;\">\n<td style=\"width: 111px; height: 24px;\"><span style=\"font-size: 10pt;\">Temperatura okoline:<\/span><\/td>\n<td style=\"width: 43px; height: 24px; text-align: center;\"><span style=\"font-size: 10pt;\">20 \u00b0C<\/span><\/td>\n<td style=\"width: 108px; height: 24px; text-align: center;\"><span style=\"font-size: 10pt;\">28 kW &#8211; 1,3 m<sup>3<\/sup>\/h &#8211; 20 kPa<\/span><\/td>\n<td style=\"width: 108px; height: 24px; text-align: center;\"><span style=\"font-size: 10pt;\">75 kW &#8211; 3,3 m<sup>3<\/sup>\/h &#8211; 37 kPa<\/span><\/td>\n<td style=\"width: 108px; height: 24px; text-align: center;\"><span style=\"font-size: 10pt;\">93 kW &#8211; 4,2 m<sup>3<\/sup>\/h &#8211; 35 kPa<\/span><\/td>\n<td style=\"width: 110.14px; height: 24px; text-align: center;\"><span style=\"font-size: 10pt;\">111 kW &#8211; 4,9 m<sup>3<\/sup>\/h &#8211;&nbsp;38 kPa<\/span><\/td>\n<\/tr>\n<tr style=\"height: 24px;\">\n<td class=\"extra-tmava-bunka\" style=\"width: 111px; height: 24px;\"><span style=\"font-size: 10pt;\">Te\u017eina uklju\u010duju\u0107i vodu<\/span><\/td>\n<td class=\"extra-tmava-bunka\" style=\"width: 43px; height: 24px; text-align: center;\"><span style=\"font-size: 10pt;\">&nbsp;<\/span><\/td>\n<td class=\"extra-tmava-bunka\" style=\"width: 434.14px; height: 24px; text-align: center;\" colspan=\"4\"><span style=\"font-size: 10pt;\">Izvo\u0111enje na temperature vode 80 \u00b0C \u2013 65 \u00b0C <\/span><\/td>\n<\/tr>\n<tr style=\"height: 24px;\">\n<td style=\"width: 111px; height: 24px;\"><span style=\"font-size: 10pt;\">Temperatura okoline:<\/span><\/td>\n<td style=\"width: 43px; height: 24px; text-align: center;\"><span style=\"font-size: 10pt;\">20 \u00b0C<\/span><\/td>\n<td style=\"width: 108px; height: 24px; text-align: center;\"><span style=\"font-size: 10pt;\">25 kW &#8211; 1,5 m<sup>3<\/sup>\/h &#8211; 27 kPa<\/span><\/td>\n<td style=\"width: 108px; height: 24px; text-align: center;\"><span style=\"font-size: 10pt;\">66 kW &#8211; 3,9 m<sup>3<\/sup>\/h &#8211; 50 kPa<\/span><\/td>\n<td style=\"width: 108px; height: 24px; text-align: center;\"><span style=\"font-size: 10pt;\">82 kW &#8211; 4,8 m<sup>3<\/sup>\/h &#8211; 47 kPa<\/span><\/td>\n<td style=\"width: 110.14px; height: 24px; text-align: center;\"><span style=\"font-size: 10pt;\">97 kW &#8211; 5,7 m<sup>3<\/sup>\/h &#8211; 51 kPa<\/span><\/td>\n<\/tr>\n<\/tbody>\n<\/table>\n<p>&nbsp;<\/p>\n<h2>Fotogalerija:<\/h2>\n<p>&nbsp;<\/p>\n","protected":false},"excerpt":{"rendered":"<p>&nbsp; &nbsp; &nbsp; &nbsp; &nbsp; &nbsp;&nbsp;&nbsp; &nbsp; &nbsp; &nbsp; \u2022 Lagano ABS ku\u0107i\u0161te \u2022 15-30 metara 360\u00b0 izbacivanje zraka \u2022 Poklopci od nehr\u0111aju\u0107eg \u010delika za regulaciju protoka zraka \u2022 Dvostruko oblo\u017eeni izmjenjiva\u010di \u2022 Kapacitet &gt;10.000 m3 po satu \u2022 Grijanje\/Su\u0161enje bez proizvodnje CO2 \u2022 Bolje okru\u017eenje za \u017eivotinje \u2022 Suha toplina \u2022 Suhi otpad \/ [&hellip;]<\/p>\n","protected":false},"author":2,"featured_media":0,"parent":0,"menu_order":0,"comment_status":"closed","ping_status":"closed","template":"","meta":{"ngg_post_thumbnail":0,"footnotes":""},"class_list":["post-31720","page","type-page","status-publish","hentry"],"_links":{"self":[{"href":"https:\/\/www.smartheating.cz\/hr\/wp-json\/wp\/v2\/pages\/31720","targetHints":{"allow":["GET"]}}],"collection":[{"href":"https:\/\/www.smartheating.cz\/hr\/wp-json\/wp\/v2\/pages"}],"about":[{"href":"https:\/\/www.smartheating.cz\/hr\/wp-json\/wp\/v2\/types\/page"}],"author":[{"embeddable":true,"href":"https:\/\/www.smartheating.cz\/hr\/wp-json\/wp\/v2\/users\/2"}],"replies":[{"embeddable":true,"href":"https:\/\/www.smartheating.cz\/hr\/wp-json\/wp\/v2\/comments?post=31720"}],"version-history":[{"count":0,"href":"https:\/\/www.smartheating.cz\/hr\/wp-json\/wp\/v2\/pages\/31720\/revisions"}],"wp:attachment":[{"href":"https:\/\/www.smartheating.cz\/hr\/wp-json\/wp\/v2\/media?parent=31720"}],"curies":[{"name":"wp","href":"https:\/\/api.w.org\/{rel}","templated":true}]}}