{"id":31716,"date":"2017-10-23T15:26:09","date_gmt":"2017-10-23T14:26:09","guid":{"rendered":"http:\/\/www.smartheating.cz\/airflowunit\/"},"modified":"2018-01-22T10:43:37","modified_gmt":"2018-01-22T09:43:37","slug":"airflowunit","status":"publish","type":"page","link":"https:\/\/www.smartheating.cz\/hr\/airflowunit\/","title":{"rendered":"Smart Airflow Unit"},"content":{"rendered":"<h1 class=\"title\"><strong>Ure\u0111aj za protok zraka<br \/>\n &nbsp;<\/strong><\/h1>\n<p class=\"subtitle\">&nbsp;<\/p>\n<p>&nbsp;<\/p>\n<p>&nbsp;<\/p>\n<p>&nbsp;<\/p>\n<p><span class=\"barva-modra\">&nbsp;<\/span>&nbsp;&nbsp;<\/p>\n<p>&nbsp;<\/p>\n<p>&nbsp;<span class=\"obrazek-pod-textem\"><img loading=\"lazy\" decoding=\"async\" class=\"alignnone wp-image-32103 size-full\" src=\"http:\/\/www.smartheating.cz\/wp-content\/uploads\/2017\/10\/airflow_hr.png\" alt=\"\" width=\"898\" height=\"459\" srcset=\"https:\/\/www.smartheating.cz\/wp-content\/uploads\/2017\/10\/airflow_hr.png 898w, https:\/\/www.smartheating.cz\/wp-content\/uploads\/2017\/10\/airflow_hr-300x153.png 300w, https:\/\/www.smartheating.cz\/wp-content\/uploads\/2017\/10\/airflow_hr-768x393.png 768w, https:\/\/www.smartheating.cz\/wp-content\/uploads\/2017\/10\/airflow_hr-600x307.png 600w\" sizes=\"auto, (max-width: 898px) 100vw, 898px\" \/><\/span><\/p>\n<p><span class=\"barva-modra\">\u2022 \u010celi\u010dna nosiva paleta i pokrivaju\u0107a konstrukcija \u2022 Automatski kotao za drvene pelete s automatskim \u010di\u0161\u0107enjem i uklanjanjem pepela \u2022 U\u010dinkovitost&gt; 90% \u2022 Izlazna modulacija 30-100% \u2022 Kanta za gorivo od 400 l \u2022 Elektroni\u010dki upravljani ventilator vru\u0107eg zraka s pokretom od 0-270 \u00b0 \u2022 Isporuka kompletnog dimnjaka\u2022 Kompletna hidrauli\u010dka opskrba \u2022 Prikaz operacije \u2022 Kontrola putem mobilnog telefona \u2022 Internetska kontrola<br \/>\n <\/span><\/p>\n<h2 dir=\"LTR\" align=\"LEFT\">Opis isporuke Smart ure\u0111aja za protok zraka:<\/h2>\n<p><span class=\"barva-cervena\"><span style=\"color: #255aa3;\"><strong><span class=\"barva-cervena\">\u2022 <\/span><\/strong>Kompaktna nosiva \u010deli\u010dna paleta za jednostavno rukovanje i pozicioniranje<br \/>\n <\/span><strong>\u2022<\/strong> <span style=\"color: #255aa3;\">Smart kotao od 20-30 kW na drveni pelet<br \/>\n <\/span><\/span><span style=\"color: #255aa3;\"><span class=\"barva-cervena\"><strong>\u2022<\/strong> <\/span><\/span><span style=\"color: #255aa3;\">Spremnik goriva od 250 kg, uklju\u010duju\u0107i svrdlo za gorivo<br \/>\n <span class=\"barva-cervena\"><strong>\u2022<\/strong> <\/span>2 000 mm dimni set od 3 sloja<br \/>\n <span class=\"barva-cervena\"><strong>\u2022<\/strong> <\/span>Ventilator s toplim zrakom s rasponom kretanja od 0 do 270 stupnjeva<br \/>\n <span class=\"barva-cervena\"><strong>\u2022<\/strong> <\/span>Cirkulacijska pumpa<br \/>\n <span class=\"barva-cervena\"><strong>\u2022<\/strong> <\/span>Odvodni ventil<br \/>\n <span class=\"barva-cervena\"><strong>\u2022<\/strong> <\/span>Kontrola tlaka<br \/>\n <span class=\"barva-cervena\"><strong>\u2022<\/strong> <\/span>Ekspanzijska posuda<br \/>\n <span class=\"barva-cervena\"><strong>\u2022<\/strong> <\/span>Ventil za otpu\u0161tanje tlaka<br \/>\n <span class=\"barva-cervena\"><strong>\u2022<\/strong> <\/span>Automatski kontrolni ventil<br \/>\n <span class=\"barva-cervena\"><strong>\u2022<\/strong> <\/span>Mjera\u010d topline &#8211; izborno<\/span><\/p>\n<h2><span style=\"color: #255aa3;\"><br \/>\n Prikaz operacija:<\/span><\/h2>\n<table>\n<tbody>\n<tr>\n<td><a href=\"http:\/\/www.smartheating.cz\/wp-content\/uploads\/2014\/11\/displej2.jpg\"><img loading=\"lazy\" decoding=\"async\" class=\"alignnone wp-image-4006\" src=\"http:\/\/www.smartheating.cz\/wp-content\/uploads\/2014\/11\/displej2.jpg\" alt=\"displej2\" width=\"250\" height=\"187\" srcset=\"https:\/\/www.smartheating.cz\/wp-content\/uploads\/2014\/11\/displej2.jpg 635w, https:\/\/www.smartheating.cz\/wp-content\/uploads\/2014\/11\/displej2-300x224.jpg 300w, https:\/\/www.smartheating.cz\/wp-content\/uploads\/2014\/11\/displej2-600x449.jpg 600w\" sizes=\"auto, (max-width: 250px) 100vw, 250px\" \/><\/a>&nbsp;<\/td>\n<td>&nbsp;<\/td>\n<td><a href=\"http:\/\/www.smartheating.cz\/wp-content\/uploads\/2014\/11\/displej4.jpg\"><img loading=\"lazy\" decoding=\"async\" class=\"alignnone wp-image-4007\" src=\"http:\/\/www.smartheating.cz\/wp-content\/uploads\/2014\/11\/displej4.jpg\" alt=\"displej4\" width=\"250\" height=\"187\" srcset=\"https:\/\/www.smartheating.cz\/wp-content\/uploads\/2014\/11\/displej4.jpg 638w, https:\/\/www.smartheating.cz\/wp-content\/uploads\/2014\/11\/displej4-300x224.jpg 300w, https:\/\/www.smartheating.cz\/wp-content\/uploads\/2014\/11\/displej4-600x449.jpg 600w\" sizes=\"auto, (max-width: 250px) 100vw, 250px\" \/><\/a>&nbsp;<\/td>\n<\/tr>\n<\/tbody>\n<\/table>\n<h2>&nbsp;<\/h2>\n<h2>Karakteristike Smart kotla 30\/50 Kw na drveni pelet:<\/h2>\n<p><span class=\"barva-modra\"><span style=\"color: #255aa3;\"><span class=\"barva-cervena\"><strong>\u2022<\/strong> <\/span><\/span>\u010celi\u010dna konstrukcija sa za\u0161titinim premazom za dugi vijek trajanja<\/span><br \/>\n <span class=\"barva-modra\"><span style=\"color: #255aa3;\"><span class=\"barva-cervena\"><strong>\u2022<\/strong> <\/span><\/span>Mogu\u0107nost vi\u0161estrukog goriva: bu\u0161ilica, vakuum ili ru\u010dna opskrba<\/span><br \/>\n <span class=\"barva-modra\"><span style=\"color: #255aa3;\"><span class=\"barva-cervena\"><strong>\u2022<\/strong> <\/span><\/span>Napredna upravlja\u010dka jedinica za automatsko upravljanje<\/span><br \/>\n <span class=\"barva-modra\"><span style=\"color: #255aa3;\"><span class=\"barva-cervena\"><strong>\u2022<\/strong> <\/span><\/span>Visoka u\u010dinkovitost &#8211; vi\u0161e od 90%<\/span><br \/>\n <span class=\"barva-modra\"><span style=\"color: #255aa3;\"><span class=\"barva-cervena\"><strong>\u2022<\/strong> <\/span><\/span>Izlazna modulacija 30-100%, ovisno o stvarnoj potrebi za toplinom<\/span><br \/>\n <span class=\"barva-modra\"><span style=\"color: #255aa3;\"><span class=\"barva-cervena\"><strong>\u2022<\/strong> <\/span><\/span>Konstrukcija plamenika od lijevanog \u017eeljeza s izmjenjivom povr\u0161inom plamenika<\/span><br \/>\n <span class=\"barva-modra\"><span style=\"color: #255aa3;\"><span class=\"barva-cervena\"><strong>\u2022<\/strong> <\/span><\/span>Automatsko elektronsko paljenje<\/span><br \/>\n <span class=\"barva-modra\"><span style=\"color: #255aa3;\"><span class=\"barva-cervena\"><strong>\u2022<\/strong> <\/span><\/span>Vertikalni izmjenjiva\u010d topline koji se sam \u010disti<\/span><br \/>\n <span class=\"barva-modra\"><span style=\"color: #255aa3;\"><span class=\"barva-cervena\"><strong>\u2022<\/strong> <\/span><\/span>Sigurnosni termostat s automatskim isklju\u010denjem<\/span><br \/>\n <span class=\"barva-modra\"><span style=\"color: #255aa3;\"><span class=\"barva-cervena\"><strong>\u2022<\/strong> <\/span><\/span>Automatsko uklanjanje pepela u kutiju na kota\u010di\u0107e<\/span><br \/>\n <span class=\"barva-modra\"><span style=\"color: #255aa3;\"><span class=\"barva-cervena\"><strong>\u2022<\/strong> <\/span><\/span>Daljinsko nadgledanje i upravljanje putem Interneta ili GSM<\/span><br \/>\n <span class=\"barva-modra\"><span style=\"color: #255aa3;\"><span class=\"barva-cervena\"><strong>\u2022<\/strong> <\/span><\/span>Integrirani ventilator dimnjaka &#8211; Izborno<\/span><\/p>\n<h2>&nbsp;<\/h2>\n<h2>Uvjeti za instalaciju::<\/h2>\n<table>\n<tbody>\n<tr>\n<td>&nbsp; <a href=\"http:\/\/www.smartheating.cz\/wp-content\/uploads\/2014\/11\/rozmerove_schema.png\"><img loading=\"lazy\" decoding=\"async\" class=\"alignnone wp-image-4010\" src=\"http:\/\/www.smartheating.cz\/wp-content\/uploads\/2014\/11\/rozmerove_schema.png\" alt=\"rozmerove_schema\" width=\"183\" height=\"300\"><\/a><\/td>\n<td>&nbsp;<\/td>\n<td>&nbsp;<a href=\"http:\/\/www.smartheating.cz\/wp-content\/uploads\/2014\/11\/servisni_zony.png\"><img loading=\"lazy\" decoding=\"async\" class=\"aligncenter wp-image-4011\" src=\"http:\/\/www.smartheating.cz\/wp-content\/uploads\/2014\/11\/servisni_zony.png\" alt=\"servisni_zony\" width=\"250\" height=\"280\" srcset=\"https:\/\/www.smartheating.cz\/wp-content\/uploads\/2014\/11\/servisni_zony.png 675w, https:\/\/www.smartheating.cz\/wp-content\/uploads\/2014\/11\/servisni_zony-267x300.png 267w, https:\/\/www.smartheating.cz\/wp-content\/uploads\/2014\/11\/servisni_zony-600x672.png 600w\" sizes=\"auto, (max-width: 250px) 100vw, 250px\" \/><\/a><\/td>\n<\/tr>\n<tr>\n<td style=\"text-align: center;\"><span class=\"barva-modra\" style=\"font-size: 10pt;\">Dimenzije ure\u0111aja za protok zraka<\/span><\/td>\n<td style=\"text-align: center;\"><span class=\"barva-modra\" style=\"font-size: 10pt;\">&nbsp;<\/span><\/td>\n<td style=\"text-align: center;\"><span class=\"barva-modra\" style=\"font-size: 10pt;\">Te\u017eina jedinice protoka<\/span><\/td>\n<\/tr>\n<tr>\n<td style=\"text-align: center;\"><span class=\"barva-modra\" style=\"font-size: 10pt;\">1 900 x 1 130 x 2 885 mm<\/span><\/td>\n<td style=\"text-align: center;\"><span class=\"barva-modra\" style=\"font-size: 10pt;\">&nbsp;<\/span><\/td>\n<td style=\"text-align: center;\"><span class=\"barva-modra\" style=\"font-size: 10pt;\">815 kg \/ 920 kg<\/span><\/td>\n<\/tr>\n<\/tbody>\n<\/table>\n<h2>&nbsp;<\/h2>\n<table class=\" tabulka\">\n<tbody>\n<tr>\n<td class=\"extra-tmava-bunka\"><span style=\"font-size: 10pt;\">Termalni i tehni\u010dki parametri<\/span><\/td>\n<td class=\"extra-tmava-bunka\" style=\"text-align: center;\"><span style=\"font-size: 10pt;\">Mjerna jedinica<\/span><\/td>\n<td class=\"extra-tmava-bunka\" style=\"text-align: center;\"><span style=\"font-size: 10pt;\">Protok zraka 30 kW<\/span><\/td>\n<td class=\"extra-tmava-bunka\" style=\"text-align: center;\"><span style=\"font-size: 10pt;\">Protok zraka 50 kW<\/span><\/td>\n<\/tr>\n<tr>\n<td><span style=\"font-size: 10pt;\">Nominalna snaga<\/span><\/td>\n<td style=\"text-align: center;\"><span style=\"font-size: 10pt;\">kW<\/span><\/td>\n<td style=\"text-align: center;\"><span style=\"font-size: 10pt;\">29<\/span><\/td>\n<td style=\"text-align: center;\"><span style=\"font-size: 10pt;\">49,5<\/span><\/td>\n<\/tr>\n<tr>\n<td><span style=\"font-size: 10pt;\">Izlazni opseg<\/span><\/td>\n<td style=\"text-align: center;\"><span style=\"font-size: 10pt;\">kW<\/span><\/td>\n<td style=\"text-align: center;\"><span style=\"font-size: 10pt;\">8,6 &#8211; 29<\/span><\/td>\n<td style=\"text-align: center;\"><span style=\"font-size: 10pt;\">14,6 &#8211; 49,5<\/span><\/td>\n<\/tr>\n<tr>\n<td><span style=\"font-size: 10pt;\">Potro\u0161nja goriva<\/span><\/td>\n<td style=\"text-align: center;\"><span style=\"font-size: 10pt;\">kg x hrs-1<\/span><\/td>\n<td style=\"text-align: center;\"><span style=\"font-size: 10pt;\">1,9 &#8211; 6,6<\/span><\/td>\n<td style=\"text-align: center;\"><span style=\"font-size: 10pt;\">3,44 &#8211; 11,63<\/span><\/td>\n<\/tr>\n<tr>\n<td><span style=\"font-size: 10pt;\">Efikasnost (nominalna snaga)<\/span><\/td>\n<td style=\"text-align: center;\"><span style=\"font-size: 10pt;\">%<\/span><\/td>\n<td style=\"text-align: center;\"><span style=\"font-size: 10pt;\">90,9<\/span><\/td>\n<td style=\"text-align: center;\"><span style=\"font-size: 10pt;\">90,4<\/span><\/td>\n<\/tr>\n<tr>\n<td><span style=\"font-size: 10pt;\">Temperatura dimnih plinova <br \/>\n (nominalna snaga)<\/span><\/td>\n<td style=\"text-align: center;\"><span style=\"font-size: 10pt;\">\u00b0C<\/span><\/td>\n<td style=\"text-align: center;\"><span style=\"font-size: 10pt;\">94 &#8211; 148<\/span><\/td>\n<td style=\"text-align: center;\"><span style=\"font-size: 10pt;\">110 &#8211; 153<\/span><\/td>\n<\/tr>\n<tr>\n<td><span style=\"font-size: 10pt;\">Klasa kotla<\/span><\/td>\n<td style=\"text-align: center;\">&nbsp;<\/td>\n<td style=\"text-align: center;\"><span style=\"font-size: 10pt;\">5<\/span><\/td>\n<td style=\"text-align: center;\"><span style=\"font-size: 10pt;\">5<\/span><\/td>\n<\/tr>\n<tr>\n<td><span style=\"font-size: 10pt;\">Vrijeme sagorijevanja min\/nominalna snaga<br \/>\n (na osnovi spremnika goriva od 250 kg)<\/span><\/td>\n<td style=\"text-align: center;\"><span style=\"font-size: 10pt;\">sati<\/span><\/td>\n<td style=\"text-align: center;\"><span style=\"font-size: 10pt;\">147 &#8211; 42<\/span><\/td>\n<td style=\"text-align: center;\"><span style=\"font-size: 10pt;\">80 &#8211; 24<\/span><\/td>\n<\/tr>\n<tr>\n<td class=\"extra-tmava-bunka\" colspan=\"4\"><span style=\"font-size: 10pt;\">Tehni\u010dki parametri proizvoda &nbsp; <br \/>\n <\/span><\/td>\n<\/tr>\n<tr>\n<td><span style=\"font-size: 10pt;\">Te\u017eina<\/span><\/td>\n<td style=\"text-align: center;\"><span style=\"font-size: 10pt;\">kg<\/span><\/td>\n<td style=\"text-align: center;\"><span style=\"font-size: 10pt;\">815<\/span><\/td>\n<td style=\"text-align: center;\"><span style=\"font-size: 10pt;\">920<\/span><\/td>\n<\/tr>\n<tr>\n<td><span style=\"font-size: 10pt;\">Sadr\u017eaj vode<\/span><\/td>\n<td style=\"text-align: center;\"><span style=\"font-size: 10pt;\">litara<\/span><\/td>\n<td style=\"text-align: center;\"><span style=\"font-size: 10pt;\">140<\/span><\/td>\n<td style=\"text-align: center;\"><span style=\"font-size: 10pt;\">190<\/span><\/td>\n<\/tr>\n<tr>\n<td><span style=\"font-size: 10pt;\">Promjer dimnjaka<\/span><\/td>\n<td style=\"text-align: center;\"><span style=\"font-size: 10pt;\">mm<\/span><\/td>\n<td style=\"text-align: center;\"><span style=\"font-size: 10pt;\">150<\/span><\/td>\n<td style=\"text-align: center;\"><span style=\"font-size: 10pt;\">160<\/span><\/td>\n<\/tr>\n<tr>\n<td><span style=\"font-size: 10pt;\">Dimenzije (\u0161irinaxdubina) bez kutije za pepeo<\/span><\/td>\n<td style=\"text-align: center;\"><span style=\"font-size: 10pt;\">mm<\/span><\/td>\n<td style=\"text-align: center;\"><span style=\"font-size: 10pt;\">1130 x 1900<\/span><\/td>\n<td style=\"text-align: center;\"><span style=\"font-size: 10pt;\">1130 x 1900<\/span><\/td>\n<\/tr>\n<tr>\n<td><span style=\"font-size: 10pt;\">Maksimalan pritisak vode<\/span><\/td>\n<td style=\"text-align: center;\"><span style=\"font-size: 10pt;\">bar<\/span><\/td>\n<td style=\"text-align: center;\"><span style=\"font-size: 10pt;\">up to 3<\/span><\/td>\n<td style=\"text-align: center;\"><span style=\"font-size: 10pt;\">up to 3<\/span><\/td>\n<\/tr>\n<tr>\n<td><span style=\"font-size: 10pt;\">Potreban protok zraka u dimnjaku<\/span><\/td>\n<td style=\"text-align: center;\"><span style=\"font-size: 10pt;\">mbar<\/span><\/td>\n<td style=\"text-align: center;\"><span style=\"font-size: 10pt;\">0,1 &#8211; 0,2<\/span><\/td>\n<td style=\"text-align: center;\"><span style=\"font-size: 10pt;\">0,1 &#8211; 0,3<\/span><\/td>\n<\/tr>\n<tr>\n<td><span style=\"font-size: 10pt;\">Preporu\u010dena radna temperatura vode za grijanje<\/span><\/td>\n<td style=\"text-align: center;\"><span style=\"font-size: 10pt;\">\u00b0C<\/span><\/td>\n<td style=\"text-align: center;\"><span style=\"font-size: 10pt;\">60 &#8211; 80<\/span><\/td>\n<td style=\"text-align: center;\"><span style=\"font-size: 10pt;\">60 &#8211; 80<\/span><\/td>\n<\/tr>\n<tr>\n<td><span style=\"font-size: 10pt;\">Najni\u017ea temperatura dolazne vode<\/span><\/td>\n<td style=\"text-align: center;\"><span style=\"font-size: 10pt;\">\u00b0C<\/span><\/td>\n<td style=\"text-align: center;\"><span style=\"font-size: 10pt;\">55<\/span><\/td>\n<td style=\"text-align: center;\"><span style=\"font-size: 10pt;\">55<\/span><\/td>\n<\/tr>\n<tr>\n<td><span style=\"font-size: 10pt;\">Razina buke<\/span><\/td>\n<td style=\"text-align: center;\"><span style=\"font-size: 10pt;\">dB<\/span><\/td>\n<td style=\"text-align: center;\"><span style=\"font-size: 10pt;\">57<\/span><\/td>\n<td style=\"text-align: center;\"><span style=\"font-size: 10pt;\">57<\/span><\/td>\n<\/tr>\n<tr>\n<td><span style=\"font-size: 10pt;\">Izlazna snaga 70\/50 \u00b0C, 10 \u00b0C<\/span><\/td>\n<td style=\"text-align: center;\"><span style=\"font-size: 10pt;\">kW<\/span><\/td>\n<td style=\"text-align: center;\"><span style=\"font-size: 10pt;\">32,48<\/span><\/td>\n<td style=\"text-align: center;\"><span style=\"font-size: 10pt;\">53,91<\/span><\/td>\n<\/tr>\n<tr>\n<td><span style=\"font-size: 10pt;\">Opseg cirkulacije zraka na otvorenom prostoru<\/span><\/td>\n<td style=\"text-align: center;\"><span style=\"font-size: 10pt;\">m<\/span><\/td>\n<td style=\"text-align: center;\"><span style=\"font-size: 10pt;\">22,5<\/span><\/td>\n<td style=\"text-align: center;\"><span style=\"font-size: 10pt;\">17,5<\/span><\/td>\n<\/tr>\n<tr>\n<td><span style=\"font-size: 10pt;\">Srednja razina zvu\u010dnog pritiska<\/span><\/td>\n<td style=\"text-align: center;\"><span style=\"font-size: 10pt;\">dB<\/span><\/td>\n<td style=\"text-align: center;\"><span style=\"font-size: 10pt;\">64,5<\/span><\/td>\n<td style=\"text-align: center;\"><span style=\"font-size: 10pt;\">67,2<\/span><\/td>\n<\/tr>\n<tr>\n<td class=\"extra-tmava-bunka\" colspan=\"4\"><span style=\"font-size: 10pt;\">Elektri\u010dni parametri proizvoda &nbsp; <br \/>\n <\/span><\/td>\n<\/tr>\n<tr>\n<td><span style=\"font-size: 10pt;\">Napon priklju\u010dka<\/span><\/td>\n<td style=\"text-align: center;\"><span style=\"font-size: 10pt;\">&nbsp;<\/span><\/td>\n<td style=\"text-align: center;\"><span style=\"font-size: 10pt;\">230 VAC \u00b110%, 50 Hz \u00b1 2 Hz<\/span><\/td>\n<td style=\"text-align: center;\"><span style=\"font-size: 10pt;\">230 VAC \u00b110%, 50 Hz \u00b1 2 Hz<\/span><\/td>\n<\/tr>\n<tr>\n<td><span style=\"font-size: 10pt;\">Maksimalni elektri\u010dni ulaz \u2013 paljenje<\/span><\/td>\n<td style=\"text-align: center;\"><span style=\"font-size: 10pt;\">V<\/span><\/td>\n<td style=\"text-align: center;\"><span style=\"font-size: 10pt;\">1200<\/span><\/td>\n<td style=\"text-align: center;\"><span style=\"font-size: 10pt;\">1200<\/span><\/td>\n<\/tr>\n<tr>\n<td><span style=\"font-size: 10pt;\">Elektri\u010dna za\u0161tita upravlja\u010dke jedinice<\/span><\/td>\n<td style=\"text-align: center;\"><span style=\"font-size: 10pt;\">&nbsp;<\/span><\/td>\n<td style=\"text-align: center;\"><span style=\"font-size: 10pt;\">IP54<\/span><\/td>\n<td style=\"text-align: center;\"><span style=\"font-size: 10pt;\">IP54<\/span><\/td>\n<\/tr>\n<tr>\n<td><span style=\"font-size: 10pt;\">Elektri\u010dna za\u0161tita kablova kotla<\/span><\/td>\n<td style=\"text-align: center;\"><span style=\"font-size: 10pt;\">&nbsp;<\/span><\/td>\n<td style=\"text-align: center;\"><span style=\"font-size: 10pt;\">IP20<\/span><\/td>\n<td style=\"text-align: center;\"><span style=\"font-size: 10pt;\">IP20<\/span><\/td>\n<\/tr>\n<tr>\n<td class=\"extra-tmava-bunka\" colspan=\"4\"><span style=\"font-size: 10pt;\">Gorivo i njezini parametri<\/span><\/td>\n<\/tr>\n<tr>\n<td><span style=\"font-size: 10pt;\">Promjer drvenih peleta<\/span><\/td>\n<td style=\"text-align: center;\"><span style=\"font-size: 10pt;\">mm<\/span><\/td>\n<td style=\"text-align: center;\"><span style=\"font-size: 10pt;\">6,0 &#8211; 8,5<\/span><\/td>\n<td style=\"text-align: center;\"><span style=\"font-size: 10pt;\">6,0 &#8211; 8,5<\/span><\/td>\n<\/tr>\n<tr>\n<td><span style=\"font-size: 10pt;\">Kalorijska vrijednost<\/span><\/td>\n<td style=\"text-align: center;\"><span style=\"font-size: 10pt;\">MJ\/kg<\/span><\/td>\n<td style=\"text-align: center;\"><span style=\"font-size: 10pt;\">approximately 16 &#8211; 18<\/span><\/td>\n<td style=\"text-align: center;\"><span style=\"font-size: 10pt;\">approximately 16 &#8211; 18<\/span><\/td>\n<\/tr>\n<tr>\n<td><span style=\"font-size: 10pt;\">Sadr\u017eaj vode<\/span><\/td>\n<td style=\"text-align: center;\"><span style=\"font-size: 10pt;\">&nbsp;<\/span><\/td>\n<td style=\"text-align: center;\"><span style=\"font-size: 10pt;\">Up to 10%<\/span><\/td>\n<td style=\"text-align: center;\"><span style=\"font-size: 10pt;\">Up to 10%<\/span><\/td>\n<\/tr>\n<tr>\n<td><span style=\"font-size: 10pt;\">Sadr\u017eaj pepela<\/span><\/td>\n<td style=\"text-align: center;\"><span style=\"font-size: 10pt;\">&nbsp;<\/span><\/td>\n<td style=\"text-align: center;\"><span style=\"font-size: 10pt;\">Up to 1% (0,8 &#8211; 1,0%)<\/span><\/td>\n<td style=\"text-align: center;\"><span style=\"font-size: 10pt;\">Up to 1% (0,8 &#8211; 1,0%)<\/span><\/td>\n<\/tr>\n<\/tbody>\n<\/table>\n<p>&nbsp;<\/p>\n<h2>Fotogalerija:<\/h2>\nngg_shortcode_0_placeholder\n","protected":false},"excerpt":{"rendered":"<p>Ure\u0111aj za protok zraka &nbsp; &nbsp; &nbsp; &nbsp; &nbsp; &nbsp;&nbsp;&nbsp; &nbsp; &nbsp; \u2022 \u010celi\u010dna nosiva paleta i pokrivaju\u0107a konstrukcija \u2022 Automatski kotao za drvene pelete s automatskim \u010di\u0161\u0107enjem i uklanjanjem pepela \u2022 U\u010dinkovitost&gt; 90% \u2022 Izlazna modulacija 30-100% \u2022 Kanta za gorivo od 400 l \u2022 Elektroni\u010dki upravljani ventilator vru\u0107eg zraka s pokretom od 0-270 [&hellip;]<\/p>\n","protected":false},"author":1,"featured_media":0,"parent":0,"menu_order":0,"comment_status":"closed","ping_status":"closed","template":"page-h1.php","meta":{"ngg_post_thumbnail":0,"footnotes":""},"class_list":["post-31716","page","type-page","status-publish","hentry"],"_links":{"self":[{"href":"https:\/\/www.smartheating.cz\/hr\/wp-json\/wp\/v2\/pages\/31716","targetHints":{"allow":["GET"]}}],"collection":[{"href":"https:\/\/www.smartheating.cz\/hr\/wp-json\/wp\/v2\/pages"}],"about":[{"href":"https:\/\/www.smartheating.cz\/hr\/wp-json\/wp\/v2\/types\/page"}],"author":[{"embeddable":true,"href":"https:\/\/www.smartheating.cz\/hr\/wp-json\/wp\/v2\/users\/1"}],"replies":[{"embeddable":true,"href":"https:\/\/www.smartheating.cz\/hr\/wp-json\/wp\/v2\/comments?post=31716"}],"version-history":[{"count":0,"href":"https:\/\/www.smartheating.cz\/hr\/wp-json\/wp\/v2\/pages\/31716\/revisions"}],"wp:attachment":[{"href":"https:\/\/www.smartheating.cz\/hr\/wp-json\/wp\/v2\/media?parent=31716"}],"curies":[{"name":"wp","href":"https:\/\/api.w.org\/{rel}","templated":true}]}}