{"id":31434,"date":"2014-06-07T09:35:52","date_gmt":"2014-06-07T08:35:52","guid":{"rendered":"http:\/\/www.smartheating.cz\/smart-industrial-park-en\/"},"modified":"2018-01-23T13:28:49","modified_gmt":"2018-01-23T12:28:49","slug":"smart-industrial-park-en","status":"publish","type":"page","link":"https:\/\/www.smartheating.cz\/hr\/smart-industrial-park-en\/","title":{"rendered":"Smart Industrial Park"},"content":{"rendered":"<h1>Smart Industrijski Park<\/h1>\n<p>Prostor Smart Industrijskog parka je mjesto gdje se nalaze <strong>Smart Heating Technology s.r.o., Smart Trading Company s.r.o. i Smart painting s.r.o.<\/strong> Pilot projekta Smart industrijskog park osmi\u0161ljen je 2005. godine, s povr\u0161inom od 18.000 m<sup>2<\/sup> za proizvodnju i skladi\u0161tenje.<\/p>\n<p>Prva faza industrijskog kompleksa osnovana je 2005. godine s obnovom postoje\u0107ih prostora i potpunom rekonstrukcijom zgrade SO 01 (1650 m<sup>2<\/sup>), a u o\u017eujku 2006. izgra\u0111ena je dvorana SO03 (4000 m<sup>2<\/sup>).<\/p>\n<p>Druga faza zapo\u010dela je u srpnju 2007. godine s izgradnjom najve\u0107e proizvodne dvorane i skladi\u0161ta SO 04 (povr\u0161ine 10.000 m<sup>2<\/sup>), nakon \u010dega slijedi dvorana SO 05 (1200 m<sup>2<\/sup>) u kolovozu 2008. godine.<\/p>\n<p>Tre\u0107a i posljednja faza izvedena je u prolje\u0107e 2010. godine kada su zavr\u0161ene i pu\u0161tene u rad sve proizvodne dvorane i skladi\u0161ta.<\/p>\n<p>Smart Trading Company s.r.o., Smart Painting s.r.o. i Smart Heating Technology s.r.o. dijele viziju sudjelovanja u izgradnji dodatnog proizvodnog podru\u010dja od 37.000 m<sup>2<\/sup> koji bi se nadovezao na postoje\u0107e te bi se time pove\u0107ali proizvodni kapaciteti i pro\u0161irile poslovne aktivnoste na tr\u017ei\u0161tima na kojima smo ve\u0107 aktivni.<\/p>\n<p>&nbsp;<\/p>\n<p><img loading=\"lazy\" decoding=\"async\" class=\"alignnone size-full wp-image-559\" src=\"http:\/\/www.smartheating.cz\/wp-content\/uploads\/2014\/06\/sht.png\" alt=\"sht\" width=\"395\" height=\"66\" srcset=\"https:\/\/www.smartheating.cz\/wp-content\/uploads\/2014\/06\/sht.png 395w, https:\/\/www.smartheating.cz\/wp-content\/uploads\/2014\/06\/sht-300x50.png 300w\" sizes=\"auto, (max-width: 395px) 100vw, 395px\" \/><\/p>\n<p class=\"relative\"><strong><span class=\"barva-cervena\">\u2022<\/span><\/strong> Dizajner i proizvo\u0111a\u010d cjelovitih rje\u0161enja za grijanje i pripadaju\u0107e opreme<img loading=\"lazy\" decoding=\"async\" class=\"alignright wp-image-890\" src=\"http:\/\/www.smartheating.cz\/wp-content\/uploads\/2014\/06\/SMART_A4_Kotle_Tisk_v2_Airflow-22.png\" alt=\"SMART_A4_Kotle_Tisk_v2_Airflow-22\" width=\"420\" height=\"181\" srcset=\"https:\/\/www.smartheating.cz\/wp-content\/uploads\/2014\/06\/SMART_A4_Kotle_Tisk_v2_Airflow-22.png 677w, https:\/\/www.smartheating.cz\/wp-content\/uploads\/2014\/06\/SMART_A4_Kotle_Tisk_v2_Airflow-22-300x129.png 300w, https:\/\/www.smartheating.cz\/wp-content\/uploads\/2014\/06\/SMART_A4_Kotle_Tisk_v2_Airflow-22-600x258.png 600w\" sizes=\"auto, (max-width: 420px) 100vw, 420px\" \/><br \/>\n <strong><span class=\"barva-cervena\">\u2022<\/span><\/strong> Automatski kotlovi za biomasu Smart 60 &#8211; 100 kW<br \/>\n <strong><span class=\"barva-cervena\">\u2022<\/span> <\/strong>Automatski kotlovi za biomasu Smart 150 &#8211; 500 &#8211; 1500 kW<br \/>\n <strong><span class=\"barva-cervena\">\u2022<\/span> <\/strong>Mobilne kotlovnice, montirane u kontejnerima<br \/>\n <strong><span class=\"barva-cervena\">\u2022<\/span> <\/strong>Specijalni sistemi za transport goriva i rje\u0161enja za silose<br \/>\n <strong><span class=\"barva-cervena\">\u2022<\/span> <\/strong>Specijalni sistemi za mjerenje i kotrolu grija\u010dkih krugova<br \/>\n <strong><span class=\"barva-cervena\">\u2022<\/span> <\/strong>Specijalni filteri<br \/>\n <strong><span class=\"barva-cervena\">\u2022<\/span> <\/strong>Proizvo\u0111a\u010d OEM proizvoda<\/p>\n<p>&nbsp;<\/p>\n<p class=\"mezera-dole-0\"><a href=\"http:\/\/www.smartheating.cz\/wp-content\/uploads\/2014\/06\/sht-3.png\"><img loading=\"lazy\" decoding=\"async\" class=\"alignnone size-full wp-image-560\" src=\"http:\/\/www.smartheating.cz\/wp-content\/uploads\/2014\/06\/sht-3.png\" alt=\"sht-3\" width=\"267\" height=\"59\"><br \/>\n <\/a><\/p>\n<table>\n<tbody>\n<tr>\n<td width=\"66%\">\n<p>Proizvo\u0111a\u010d \u0161irokog spektra mehani\u010dkih dijelova metalnih plo\u010da primjenom<br \/>\n CNC tehnologije:<\/p>\n<p><strong><span class=\"barva-cervena\">\u2022<\/span> <\/strong>Telekomunikacijski ormari\u0107i (unutarnji \/ vanjski)<br \/>\n <strong><span class=\"barva-cervena\">\u2022<\/span> <\/strong>Ku\u0107i\u0161ta i strukturne mehani\u010dke komponente za elektroniku<br \/>\n <strong><span class=\"barva-cervena\">\u2022<\/span> <\/strong>Okviri, dijelovi od metalnih plo\u010da(lima), komponente <br \/>\n &nbsp;&nbsp; za energetiku i telekomunikacije<br \/>\n <strong><span class=\"barva-cervena\">\u2022<\/span> <\/strong>Elektrotehni\u010dke komponente od bakra<br \/>\n <strong><span class=\"barva-cervena\">\u2022<\/span> <\/strong>Industrijski sistemi polica za skladi\u0161tenje<br \/>\n <strong><span class=\"barva-cervena\">\u2022<\/span> <\/strong>Razni kotlovi<\/p>\n<p>&nbsp;<\/p>\n<\/td>\n<td width=\"1%\">&nbsp;<\/td>\n<td width=\"33%\"><img loading=\"lazy\" decoding=\"async\" class=\"alignnone size-full wp-image-579\" src=\"http:\/\/www.smartheating.cz\/wp-content\/uploads\/2014\/06\/sht-5.jpg\" alt=\"sht-5\" width=\"278\" height=\"208\"><\/td>\n<\/tr>\n<\/tbody>\n<\/table>\n<p class=\"mezera-dole-0\">&nbsp;<\/p>\n<p class=\"mezera-dole-0\"><span class=\"mezera-dole-0\"><a href=\"http:\/\/www.smartheating.cz\/wp-content\/uploads\/2014\/06\/sht-4.png\"><img loading=\"lazy\" decoding=\"async\" class=\"alignnone size-full wp-image-561\" src=\"http:\/\/www.smartheating.cz\/wp-content\/uploads\/2014\/06\/sht-4.png\" alt=\"sht-4\" width=\"267\" height=\"70\"><\/a><\/span><\/p>\n<table>\n<tbody>\n<tr>\n<td width=\"66%\">\n<p><strong><span class=\"barva-cervena\">\u2022<\/span> <\/strong>Bojanje u prahu s kontinuiranim, potpuno automatskim slikarskim linijama<br \/>\n <strong><span class=\"barva-cervena\">\u2022<\/span> <\/strong>Bojanje u prahu na 6 ru\u010dnih radnih mjesta<br \/>\n <strong><span class=\"barva-cervena\">\u2022<\/span> <\/strong>Silkscreen tisak<br \/>\n <strong><span class=\"barva-cervena\">\u2022<\/span> <\/strong>\u201eMokro\u201c bojanje<br \/>\n <strong><span class=\"barva-cervena\">\u2022<\/span> <\/strong>Rezana grafika (samoljepljiva folija)<\/p>\n<\/td>\n<td width=\"1%\">&nbsp;<\/td>\n<td width=\"33%\"><img loading=\"lazy\" decoding=\"async\" class=\"size-full wp-image-569 alignright\" src=\"http:\/\/www.smartheating.cz\/wp-content\/uploads\/2014\/06\/sht-7.jpg\" alt=\"sht-7\" width=\"278\" height=\"186\"><\/td>\n<\/tr>\n<\/tbody>\n<\/table>\n<p><img loading=\"lazy\" decoding=\"async\" class=\"alignnone size-full wp-image-562\" src=\"http:\/\/www.smartheating.cz\/wp-content\/uploads\/2014\/06\/sht-6.jpg\" alt=\"sht-6\" width=\"864\" height=\"181\" srcset=\"https:\/\/www.smartheating.cz\/wp-content\/uploads\/2014\/06\/sht-6.jpg 864w, https:\/\/www.smartheating.cz\/wp-content\/uploads\/2014\/06\/sht-6-300x62.jpg 300w, https:\/\/www.smartheating.cz\/wp-content\/uploads\/2014\/06\/sht-6-600x125.jpg 600w\" sizes=\"auto, (max-width: 864px) 100vw, 864px\" \/><\/p>\n<p><img loading=\"lazy\" decoding=\"async\" class=\"alignnone size-full wp-image-563\" src=\"http:\/\/www.smartheating.cz\/wp-content\/uploads\/2014\/06\/sht-2.png\" alt=\"sht-2\" width=\"863\" height=\"98\" srcset=\"https:\/\/www.smartheating.cz\/wp-content\/uploads\/2014\/06\/sht-2.png 863w, https:\/\/www.smartheating.cz\/wp-content\/uploads\/2014\/06\/sht-2-300x34.png 300w, https:\/\/www.smartheating.cz\/wp-content\/uploads\/2014\/06\/sht-2-600x68.png 600w\" sizes=\"auto, (max-width: 863px) 100vw, 863px\" \/><\/p>\n<h2>Ostali proizvodni procesi &#8220;pod jednim krovom&#8221;:<\/h2>\n<p><strong><span class=\"barva-cervena\">\u2022<\/span> <\/strong>Zavarivanje i bru\u0161enje (TIG, MIG metode, to\u010dka zavarivanja, robotski laserski zavarivanje)<br \/>\n <strong><span class=\"barva-cervena\">\u2022<\/span> <\/strong>Bu\u0161enje, provrtanje, okretanje, glodanje, bru\u0161enje povr\u0161ine<br \/>\n <strong><span class=\"barva-cervena\">\u2022<\/span> <\/strong>Monta\u017eni radovi, poluautomatski pri\u010dvr\u0161\u0107iva\u010di pritiskom, zakivanje<br \/>\n <strong><span class=\"barva-cervena\">\u2022<\/span> <\/strong>Zavr\u0161na monta\u017ea, izolacija i brtvljenja<br \/>\n <strong><span class=\"barva-cervena\">\u2022<\/span> <\/strong>Cjelokupna obrada bakrenih dijelova<br \/>\n <strong><span class=\"barva-cervena\">\u2022<\/span> <\/strong>Metalni listovi za\u0161titne folije<br \/>\n <strong><span class=\"barva-cervena\">\u2022<\/span> <\/strong>Tvrdo oru\u0111e (160 tonske pre\u0161e)<br \/>\n <strong><span class=\"barva-cervena\">\u2022<\/span> <\/strong>Obrada povr\u0161ina: pra\u0161kasto i \u201emokro\u201c slikarstvo, premazivanje cinkom, <br \/>\n &nbsp;&nbsp; premazivanje kositrom, premazivanje niklom, anodizacija<br \/>\n <strong><span class=\"barva-cervena\">\u2022<\/span> <\/strong>3D vizualizacija i dizajn<\/p>\n<p>&nbsp;<\/p>\n<p><img loading=\"lazy\" decoding=\"async\" class=\"alignnone size-full wp-image-461\" src=\"http:\/\/www.smartheating.cz\/wp-content\/uploads\/2014\/06\/kontakt-areal.png\" alt=\"kontakt-areal\" width=\"862\" height=\"586\" srcset=\"https:\/\/www.smartheating.cz\/wp-content\/uploads\/2014\/06\/kontakt-areal.png 862w, https:\/\/www.smartheating.cz\/wp-content\/uploads\/2014\/06\/kontakt-areal-300x203.png 300w, https:\/\/www.smartheating.cz\/wp-content\/uploads\/2014\/06\/kontakt-areal-600x407.png 600w\" sizes=\"auto, (max-width: 862px) 100vw, 862px\" \/><\/p>\n","protected":false},"excerpt":{"rendered":"<p>Smart Industrijski Park Prostor Smart Industrijskog parka je mjesto gdje se nalaze Smart Heating Technology s.r.o., Smart Trading Company s.r.o. i Smart painting s.r.o. Pilot projekta Smart industrijskog park osmi\u0161ljen je 2005. godine, s povr\u0161inom od 18.000 m2 za proizvodnju i skladi\u0161tenje. Prva faza industrijskog kompleksa osnovana je 2005. godine s obnovom postoje\u0107ih prostora i [&hellip;]<\/p>\n","protected":false},"author":1,"featured_media":0,"parent":0,"menu_order":54,"comment_status":"closed","ping_status":"closed","template":"page-h1.php","meta":{"ngg_post_thumbnail":0,"footnotes":""},"class_list":["post-31434","page","type-page","status-publish","hentry"],"_links":{"self":[{"href":"https:\/\/www.smartheating.cz\/hr\/wp-json\/wp\/v2\/pages\/31434","targetHints":{"allow":["GET"]}}],"collection":[{"href":"https:\/\/www.smartheating.cz\/hr\/wp-json\/wp\/v2\/pages"}],"about":[{"href":"https:\/\/www.smartheating.cz\/hr\/wp-json\/wp\/v2\/types\/page"}],"author":[{"embeddable":true,"href":"https:\/\/www.smartheating.cz\/hr\/wp-json\/wp\/v2\/users\/1"}],"replies":[{"embeddable":true,"href":"https:\/\/www.smartheating.cz\/hr\/wp-json\/wp\/v2\/comments?post=31434"}],"version-history":[{"count":0,"href":"https:\/\/www.smartheating.cz\/hr\/wp-json\/wp\/v2\/pages\/31434\/revisions"}],"wp:attachment":[{"href":"https:\/\/www.smartheating.cz\/hr\/wp-json\/wp\/v2\/media?parent=31434"}],"curies":[{"name":"wp","href":"https:\/\/api.w.org\/{rel}","templated":true}]}}