{"id":5909,"date":"2015-10-27T10:15:08","date_gmt":"2015-10-27T09:15:08","guid":{"rendered":"http:\/\/www.smartheating.cz\/smart-60-kw-3\/"},"modified":"2017-08-10T07:08:39","modified_gmt":"2017-08-10T06:08:39","slug":"smart-60-kw","status":"publish","type":"page","link":"https:\/\/www.smartheating.cz\/fr\/smart-60-kw\/","title":{"rendered":"SMART 60 kW"},"content":{"rendered":"<p class=\"title\"><span class=\"mezera-dole-0\"><div class=\"row \"><div class=\"col-lg-3 col-md-3 col-xs-12 col-sm-12\"><div class=\"content_block\" id=\"custom_post_widget-2598\"><h3 class=\"line\">Chaudi\u00e8res biomasse<br \/>\n automatiques<br \/>\n (150\u2013500\u20131500 kW)<\/h3>\n<ul>\n<li><a href=\"https:\/\/www.smartheating.cz\/fr\/smart-60-kw\/\">SMART 60 kW<\/a><\/li>\n<li><a href=\"https:\/\/www.smartheating.cz\/fr\/smart-80-kw\/\">SMART 80 kW<\/a><\/li>\n<li><a href=\"https:\/\/www.smartheating.cz\/fr\/smart-100-kw\/\">SMART 100 kW<\/a><\/li>\n<li><a href=\"https:\/\/www.smartheating.cz\/fr\/smart-150-kw\/\">SMART 150 kW<\/a><\/li>\n<li><a href=\"https:\/\/www.smartheating.cz\/fr\/smart-180-kw\/\">SMART 180 kW<\/a><\/li>\n<li><a href=\"https:\/\/www.smartheating.cz\/fr\/smart-200-kw\/\">SMART&nbsp;200 kW<\/a><\/li>\n<li><a href=\"https:\/\/www.smartheating.cz\/fr\/smart-220-kw\/\">SMART 220 kW<\/a><\/li>\n<li><a href=\"https:\/\/www.smartheating.cz\/fr\/smart-250-kw\/\">SMART&nbsp;250 kW<\/a><\/li>\n<li><a href=\"https:\/\/www.smartheating.cz\/fr\/smart-300-kw\/\">SMART&nbsp;300 kW<\/a><\/li>\n<li><a href=\"https:\/\/www.smartheating.cz\/fr\/smart-350-kw\/\">SMART&nbsp;350 kW<\/a><\/li>\n<li><a href=\"https:\/\/www.smartheating.cz\/fr\/smart-400-kw\/\">SMART&nbsp;400 kW<\/a><\/li>\n<li><a href=\"https:\/\/www.smartheating.cz\/fr\/smart-450-kw\/\">SMART&nbsp;450 kW<\/a><\/li>\n<li><a href=\"https:\/\/www.smartheating.cz\/fr\/smart-500-kw\/\">SMART&nbsp;500 kW<\/a><\/li>\n<\/ul>\n<p>&nbsp;<\/p>\n<h3 class=\"line\">Configurateur de couleur<\/h3>\n<ul>\n<li><a href=\"https:\/\/www.smartheating.cz\/fr\/colour-configurator\/\">Configurez votre propre couleur de chaudi\u00e8re<\/a><\/li>\n<\/ul>\n<p>&nbsp;<\/p>\n<h3 class=\"line\">T\u00e9l\u00e9chargement<\/h3>\n<p><a href=\"http:\/\/www.smartheating.cz\/wp-content\/uploads\/2014\/06\/Smart-Cabin-150-500-kW-Brochure_FR.pdf\" target=\"_blank\" rel=\"noopener\">Brochure chaudi\u00e8re 150-500-1500 kW<\/a><br \/>\n <a href=\"http:\/\/www.smartheating.cz\/wp-content\/uploads\/2014\/06\/Letak_60-100kW_FR.indd_.pdf\" target=\"_blank\" rel=\"noopener\">Brochure chaudi\u00e8re 60-100 kW<\/a><\/p>\n<p>&nbsp;<\/p>\n<h3 class=\"line\">Marketing &amp; Reference book <br \/>\n 2017\/2018<\/h3>\n<p><a href=\"http:\/\/www.youblisher.com\/p\/1887100-Marketing-Reference-Book-2017-2018-France\/\" target=\"_blank\" rel=\"noopener\"><img decoding=\"async\" src=\"http:\/\/www.youblisher.com\/files\/publications\/315\/1887100\/200x300.jpg\" alt=\"Marketing &amp; Reference Book 2017-2018 - France\"><\/a><\/p>\n<p>&nbsp;<\/p>\n<h3 class=\"line\">Galerie Photos<\/h3>\n<p><a href=\"https:\/\/www.smartheating.cz\/reference-evropa\/\">D\u00e9couvrez des photos de nos installations<\/a><\/p>\n<\/div><\/div><div class=\"col-lg-9 col-md-9 col-xs-12 col-sm-12\"><\/span><\/p>\n<h1 class=\"title\"><span class=\"mezera-dole-0\"><span style=\"color: #255aa3;\">Chaudi\u00e8res biomasse<br \/>\n <\/span><span style=\"color: #255aa3;\">automatiques\u00a0<\/span>\u00a0<br \/>\n <\/span><strong>SMART\u00a060 kW<span class=\"obrazek-pod-textem\"><span style=\"color: #da1b1a; font-size: xx-large;\"><img loading=\"lazy\" decoding=\"async\" class=\"alignnone wp-image-24769 size-full\" src=\"http:\/\/www.smartheating.cz\/wp-content\/uploads\/2015\/10\/kotel_60-100kw_FR-1.png\" width=\"899\" height=\"532\" srcset=\"https:\/\/www.smartheating.cz\/wp-content\/uploads\/2015\/10\/kotel_60-100kw_FR-1.png 899w, https:\/\/www.smartheating.cz\/wp-content\/uploads\/2015\/10\/kotel_60-100kw_FR-1-300x178.png 300w, https:\/\/www.smartheating.cz\/wp-content\/uploads\/2015\/10\/kotel_60-100kw_FR-1-768x454.png 768w, https:\/\/www.smartheating.cz\/wp-content\/uploads\/2015\/10\/kotel_60-100kw_FR-1-600x355.png 600w\" sizes=\"auto, (max-width: 899px) 100vw, 899px\" \/><\/span><\/span><\/strong><\/h1>\n<p class=\"subtitle\">\u00a0\u00a0<\/p>\n<p class=\"subtitle\">\u00a0<\/p>\n<p class=\"subtitle\">\u00a0\u00a0<\/p>\n<p class=\"subtitle\">\n \u00a0<\/p>\n<p class=\"subtitle\">\u00a0<\/p>\n<p class=\"subtitle\">\u00a0<\/p>\n<p class=\"subtitle\">\u00a0<\/p>\n<p class=\"subtitle\">\u00a0<\/p>\n<p class=\"subtitle\">\u00a0<\/p>\n<p class=\"subtitle\">\u00a0<\/p>\n<p style=\"text-align: left;\"><span class=\"barva-modra\"><span class=\"barva-modra\">\u2022\u00a0Enti\u00e8rement automatiques, chaudi\u00e8res tr\u00e8s \u00e9cologiques \u2022\u00a0Solution technique tr\u00e8s flexible multi combustibles\u00a0\u2022\u00a0Fonctionnement tr\u00e8s \u00e9conomique et \u00e9cologique\u00a0\u2022\u00a09 chaudi\u00e8res pour couvrir la gamme de puissance\u00a0\u2022\u00a0Haut rendement 96 %\u00a0\u2022\u00a0Plage de modulation de 30 \u00e0 100 %\u00a0\u2022\u00a0Sonde lambda\u00a0\u2022\u00a0Br\u00fbleur en c\u00e9ramique avec plaque vibrante (option)\u00a0\u2022\u00a0Maintenance simple et rapide\u00a0\u2022\u00a0R\u00e9gulation des circuits de chauffage\u00a0\u2022\u00a0Possible solutions d\u2018installation en cascade\u00a0\u2022\u00a0Contr\u00f4le \u00e0 distance par t\u00e9l\u00e9phone mobile\u00a0\u2022\u00a0Contr\u00f4le \u00e0 distance via internet\u00a0\u2022 Possibilit\u00e9 de solutions en conteneurs mobiles\u00a0\u2022\u00a0Possibilit\u00e9s de nombreux accessoires sp\u00e9cifiques \u00e0 votre besoin<\/span><\/span><\/p>\n<p>&nbsp;<\/p>\n<h2>Option disponible sur les chaudi\u00e8res SMART:<\/h2>\n<p><span class=\"barva-cervena\"><strong>\u2022<\/strong><\/span> <span class=\"barva-modra\">Bulding \u00e0 appartement<\/span><br \/>\n <span class=\"barva-cervena\"><strong>\u2022<\/strong> <\/span><span class=\"barva-modra\">Immeuble multi-fonction<\/span><br \/>\n <span class=\"barva-cervena\"><strong>\u2022<\/strong> <\/span><span class=\"barva-modra\">Shopping Center<\/span><br \/>\n <span class=\"barva-cervena\"><strong>\u2022<\/strong> <\/span><span class=\"barva-modra\">Hall de production, hall de stockage, atelier<\/span><br \/>\n <span class=\"barva-cervena\"><strong>\u2022<\/strong> <\/span><span class=\"barva-modra\">Fermes horticoles, b\u00e2timents agricoles\u2026<\/span><br \/>\n <span class=\"barva-cervena\"><strong>\u2022<\/strong> <\/span><span class=\"barva-modra\">Hotels \/ Motels \/ Centre wellness, piscine\u2026<\/span><br \/>\n <span class=\"barva-cervena\"><strong>\u2022<\/strong> <\/span><span class=\"barva-modra\">Hall Omnisports<br \/>\n <\/span><span class=\"barva-cervena\"><strong>\u2022<\/strong> <\/span><span class=\"barva-modra\">B\u00e2timents communaux<\/span><br \/>\n <span class=\"barva-cervena\"><strong>\u2022<\/strong> <\/span><span class=\"barva-modra\">Ecoles, coll\u00e8ge, centre de police, complexe militaire<\/span><br \/>\n <span class=\"barva-cervena\"><strong>\u2022<\/strong><\/span>\u00a0<span class=\"barva-modra\">Quartiers urbains<\/span><\/p>\n<p>&nbsp;<\/p>\n<table>\n<tbody>\n<tr>\n<td>\n<table class=\" tabulka\">\n<tbody>\n<tr>\n<td style=\"text-align: center;\" colspan=\"3\"><span style=\"font-size: 10pt;\">DONNEES D\u2018 EXPLOITATION DES CHAUDIERES SMART<\/span><\/td>\n<\/tr>\n<tr class=\"tmavy-radek extra-tmavy-radek\">\n<td class=\"extra-tmava-bunka\" colspan=\"3\"><span style=\"font-size: 10pt;\">Donn\u00e9es techniques de la chaudi\u00e8re\u00a0SMART<\/span><\/td>\n<\/tr>\n<tr>\n<td><span lang=\"EN-US\" style=\"font-size: 10pt;\">Mod\u00e8le<\/span><\/td>\n<td style=\"text-align: center;\"><span style=\"font-size: 10pt;\">\u00a0<\/span><\/td>\n<td class=\"tmava-bunka\" style=\"text-align: center;\"><span style=\"font-size: 10pt;\">60<\/span><\/td>\n<\/tr>\n<tr>\n<td><span style=\"font-size: 10pt;\">Puissance nominal<\/span><\/td>\n<td style=\"text-align: center;\"><span style=\"font-size: 10pt;\">\u00a0kW<\/span><\/td>\n<td class=\"tmava-bunka\" style=\"text-align: center;\"><span style=\"font-size: 10pt;\">60<\/span><\/td>\n<\/tr>\n<tr>\n<td><span style=\"font-size: 10pt;\">Puissance minimale<\/span><\/td>\n<td style=\"text-align: center;\"><span style=\"font-size: 10pt;\">\u00a0kW<\/span><\/td>\n<td class=\"tmava-bunka\" style=\"text-align: center;\"><span style=\"font-size: 10pt;\">17<\/span><\/td>\n<\/tr>\n<tr>\n<td><span style=\"font-size: 10pt;\">Rendement \u00e0 Pn<\/span><\/td>\n<td style=\"text-align: center;\"><span style=\"font-size: 10pt;\">%<\/span><\/td>\n<td class=\"tmava-bunka\" style=\"text-align: center;\"><span style=\"font-size: 10pt;\">90<\/span><\/td>\n<\/tr>\n<tr>\n<td><span style=\"font-size: 10pt;\">Rendement \u00e0 Pmin<\/span><\/td>\n<td class=\"svetla-bunka\" style=\"text-align: center;\"><span style=\"font-size: 10pt;\">%<\/span><\/td>\n<td class=\"tmava-bunka\" style=\"text-align: center;\"><span style=\"font-size: 10pt;\">89,1<\/span><\/td>\n<\/tr>\n<tr>\n<td><span style=\"font-size: 10pt;\">Classe de chaudi\u00e8re<\/span><\/td>\n<td class=\"svetla-bunka\" style=\"text-align: center;\"><span style=\"font-size: 10pt;\">\u00a0<\/span><\/td>\n<td class=\"tmava-bunka\" style=\"text-align: center;\"><span style=\"font-size: 10pt;\">\u00a05<\/span><\/td>\n<\/tr>\n<tr>\n<td><span style=\"font-size: 10pt;\">Niveau sonore<\/span><\/td>\n<td class=\"svetla-bunka\" style=\"text-align: center;\"><span style=\"font-size: 10pt;\">dB<\/span><\/td>\n<td class=\"tmava-bunka\" style=\"text-align: center;\"><span style=\"font-size: 10pt;\">&lt; 65<\/span><\/td>\n<\/tr>\n<tr>\n<td><span style=\"font-size: 10pt;\">Poids<\/span><\/td>\n<td class=\"svetla-bunka\" style=\"text-align: center;\"><span style=\"font-size: 10pt;\">kg<\/span><\/td>\n<td class=\"tmava-bunka\" style=\"text-align: center;\"><span style=\"font-size: 10pt;\">783<\/span><\/td>\n<\/tr>\n<tr>\n<td class=\"extra-tmava-bunka\" colspan=\"3\"><span style=\"font-size: 10pt;\">Eau<\/span><\/td>\n<\/tr>\n<tr>\n<td><span style=\"font-size: 10pt;\">Volume d\u2019eau<\/span><\/td>\n<td style=\"text-align: center;\"><span style=\"font-size: 10pt;\">\u00a0l<\/span><\/td>\n<td class=\"tmava-bunka\" style=\"text-align: center;\"><span style=\"font-size: 10pt;\">\u00a0129<\/span><\/td>\n<\/tr>\n<tr>\n<td class=\"svetla-bunka\"><span style=\"font-size: 10pt;\">Diam\u00e8tre de connexion en eau<\/span><\/td>\n<td class=\"svetla-bunka\" style=\"text-align: center;\"><span style=\"font-size: 10pt;\">\u00a0\u00ab\u00a0<\/span><\/td>\n<td class=\"tmava-bunka\" style=\"text-align: center;\"><span style=\"font-size: 10pt;\">2<\/span><\/td>\n<\/tr>\n<tr>\n<td><span style=\"font-size: 10pt;\">Diam\u00e8tre de connexion en eau<\/span><\/td>\n<td style=\"text-align: center;\"><span style=\"font-size: 10pt;\">DN<\/span><\/td>\n<td class=\"tmava-bunka\" style=\"text-align: center;\"><span style=\"font-size: 10pt;\">50<\/span><\/td>\n<\/tr>\n<tr>\n<td><span style=\"font-size: 10pt;\">Pertes de temperature \u00e0 gradient 10\u00b0<\/span><\/td>\n<td style=\"text-align: center;\"><span style=\"font-size: 10pt;\">mbar<\/span><\/td>\n<td class=\"tmava-bunka\" style=\"text-align: center;\"><span style=\"font-size: 10pt;\">17<\/span><\/td>\n<\/tr>\n<tr>\n<td><span style=\"font-size: 10pt;\">Pertes de temperature \u00e0 gradient 20\u00b0<\/span><\/td>\n<td style=\"text-align: center;\"><span style=\"font-size: 10pt;\">mbar<\/span><\/td>\n<td class=\"tmava-bunka\" style=\"text-align: center;\"><span style=\"font-size: 10pt;\">\u00a04,3<\/span><\/td>\n<\/tr>\n<tr>\n<td><span style=\"font-size: 10pt;\">Temp\u00e9rature d\u2019eau de la chaudi\u00e8re<\/span><\/td>\n<td style=\"text-align: center;\"><span style=\"font-size: 10pt;\">\u00b0C<\/span><\/td>\n<td class=\"tmava-bunka\" style=\"text-align: center;\"><span style=\"font-size: 10pt;\">\u00a065\u201390\u00b0<\/span><\/td>\n<\/tr>\n<tr>\n<td><span style=\"font-size: 10pt;\">Temp\u00e9rature minimale de retour d\u2019eau<\/span><\/td>\n<td style=\"text-align: center;\"><span style=\"font-size: 10pt;\">\u00b0C<\/span><\/td>\n<td class=\"tmava-bunka\" style=\"text-align: center;\"><span style=\"font-size: 10pt;\">55<\/span><\/td>\n<\/tr>\n<tr>\n<td><span style=\"font-size: 10pt;\">Pression maximum de fonctionnement<\/span><\/td>\n<td style=\"text-align: center;\"><span style=\"font-size: 10pt;\">bar<\/span><\/td>\n<td class=\"tmava-bunka\" style=\"text-align: center;\"><span style=\"font-size: 10pt;\">3,5<\/span><\/td>\n<\/tr>\n<tr>\n<td><span style=\"font-size: 10pt;\">Pression de test<\/span><\/td>\n<td style=\"text-align: center;\"><span style=\"font-size: 10pt;\">bar<\/span><\/td>\n<td class=\"tmava-bunka\" style=\"text-align: center;\"><span style=\"font-size: 10pt;\">6<\/span><\/td>\n<\/tr>\n<tr>\n<td class=\"extra-tmava-bunka\"><span style=\"font-size: 10pt;\">Temp\u00e9rature de service<\/span><\/td>\n<td class=\"extra-tmava-bunka\" style=\"text-align: center;\"><span style=\"font-size: 10pt;\">\u00b0C<\/span><\/td>\n<td class=\"extra-tmava-bunka\"><span style=\"font-size: 10pt;\">\u00a0<\/span><\/td>\n<\/tr>\n<tr>\n<td><span style=\"font-size: 10pt;\">Pression de service<\/span><\/td>\n<td style=\"text-align: center;\"><span style=\"font-size: 10pt;\">mbar<\/span><\/td>\n<td class=\"tmava-bunka\" style=\"text-align: center;\"><span style=\"font-size: 10pt;\">-0,01<\/span><\/td>\n<\/tr>\n<tr>\n<td><span style=\"font-size: 10pt;\">Tirrage n\u00e9cessaire pour la chemin\u00e9e<\/span><\/td>\n<td style=\"text-align: center;\"><span style=\"font-size: 10pt;\">mbar<\/span><\/td>\n<td class=\"tmava-bunka\" style=\"text-align: center;\"><span style=\"font-size: 10pt;\">0,2<\/span><\/td>\n<\/tr>\n<tr>\n<td><span style=\"font-size: 10pt;\">Besoin de tirrage artificel<\/span><\/td>\n<td style=\"text-align: center;\"><span style=\"font-size: 10pt;\">\u00a0<\/span><\/td>\n<td class=\"tmava-bunka\" style=\"text-align: center;\"><span style=\"font-size: 10pt;\">yes<\/span><\/td>\n<\/tr>\n<tr>\n<td><span style=\"font-size: 10pt;\">Temp\u00e9rature des fum\u00e9es \u00e0 Pn<\/span><\/td>\n<td style=\"text-align: center;\"><span style=\"font-size: 10pt;\">\u00b0C<\/span><\/td>\n<td class=\"tmava-bunka\" style=\"text-align: center;\"><span style=\"font-size: 10pt;\">185<\/span><\/td>\n<\/tr>\n<tr>\n<td><span style=\"font-size: 10pt;\">D\u00e9bit des fum\u00e9es \u00e0 Pn<\/span><\/td>\n<td style=\"text-align: center;\"><span style=\"font-size: 10pt;\">\u00b0C<\/span><\/td>\n<td class=\"tmava-bunka\" style=\"text-align: center;\"><span style=\"font-size: 10pt;\">90<\/span><\/td>\n<\/tr>\n<tr>\n<td><span style=\"font-size: 10pt;\">Temp\u00e9rature des fum\u00e9es \u00e0 Pmin<\/span><\/td>\n<td style=\"text-align: center;\"><span style=\"font-size: 10pt;\">kg\/h<\/span><\/td>\n<td class=\"tmava-bunka\" style=\"text-align: center;\"><span style=\"font-size: 10pt;\">180<\/span><\/td>\n<\/tr>\n<tr>\n<td><span style=\"font-size: 10pt;\">D\u00e9bit des fum\u00e9es \u00e0 Pmin<\/span><\/td>\n<td style=\"text-align: center;\"><span style=\"font-size: 10pt;\">kg\/h<\/span><\/td>\n<td class=\"tmava-bunka\" style=\"text-align: center;\"><span style=\"font-size: 10pt;\">60<\/span><\/td>\n<\/tr>\n<tr>\n<td><span style=\"font-size: 10pt;\">Volume de fum\u00e9e \u00e0 Pn<\/span><\/td>\n<td style=\"text-align: center;\"><span style=\"font-size: 10pt;\">m<sup>3<\/sup>\/h<\/span><\/td>\n<td class=\"tmava-bunka\" style=\"text-align: center;\"><span style=\"font-size: 10pt;\">141<\/span><\/td>\n<\/tr>\n<tr>\n<td><span style=\"font-size: 10pt;\">Volume de fum\u00e9e \u00e0 Pmin<\/span><\/td>\n<td style=\"text-align: center;\"><span style=\"font-size: 10pt;\">m<sup>3<\/sup>\/h<\/span><\/td>\n<td class=\"tmava-bunka\" style=\"text-align: center;\"><span style=\"font-size: 10pt;\">47<\/span><\/td>\n<\/tr>\n<tr>\n<td><span style=\"font-size: 10pt;\">Diam\u00e8tre du conduit de sortie des fum\u00e9es<\/span><\/td>\n<td style=\"text-align: center;\"><span style=\"font-size: 10pt;\">mm<\/span><\/td>\n<td class=\"tmava-bunka\" style=\"text-align: center;\"><span style=\"font-size: 10pt;\">200<\/span><\/td>\n<\/tr>\n<tr>\n<td><span style=\"font-size: 10pt;\">Diam\u00e8tre de la chemin\u00e9e<\/span><\/td>\n<td style=\"text-align: center;\"><span style=\"font-size: 10pt;\">mm<\/span><\/td>\n<td class=\"tmava-bunka\" style=\"text-align: center;\"><span style=\"font-size: 10pt;\">200<\/span><\/td>\n<\/tr>\n<tr>\n<td><span style=\"font-size: 10pt;\">Type de chemin\u00e9e en acier inox<\/span><\/td>\n<td style=\"text-align: center;\"><span style=\"font-size: 10pt;\">\u00a0<\/span><\/td>\n<td class=\"tmava-bunka\" style=\"text-align: center;\"><span style=\"font-size: 10pt;\">Moisture \u2013 resistant<\/span><\/td>\n<\/tr>\n<tr>\n<td class=\"extra-tmava-bunka\"><span style=\"font-size: 10pt;\">Combustible<\/span><\/td>\n<td class=\"extra-tmava-bunka\" style=\"text-align: center;\"><span style=\"font-size: 10pt;\">\u00a0<\/span><\/td>\n<td class=\"tmava-bunka extra-tmava-bunka\" style=\"text-align: center;\"><span style=\"font-size: 10pt;\">\u00a0<\/span><\/td>\n<\/tr>\n<tr>\n<td><span style=\"font-size: 10pt;\">Taille maximum<\/span><\/td>\n<td style=\"text-align: center;\"><span style=\"font-size: 10pt;\">cm<\/span><\/td>\n<td class=\"tmava-bunka\" style=\"text-align: center;\"><span style=\"font-size: 10pt;\">3<\/span><\/td>\n<\/tr>\n<tr>\n<td><span style=\"font-size: 10pt;\">% maximum d\u2019humidit\u00e9<\/span><\/td>\n<td style=\"text-align: center;\"><span style=\"font-size: 10pt;\">%<\/span><\/td>\n<td class=\"tmava-bunka\" style=\"text-align: center;\"><span style=\"font-size: 10pt;\">30<\/span><\/td>\n<\/tr>\n<tr>\n<td class=\"extra-tmava-bunka\" colspan=\"3\"><span style=\"font-size: 10pt;\">Equipement \u00e9lectrique<\/span><\/td>\n<\/tr>\n<tr>\n<td class=\"svetla-bunka\"><span style=\"font-size: 10pt;\">Connexion<\/span><\/td>\n<td><span style=\"font-size: 10pt;\">\u00a0<\/span><\/td>\n<td class=\"tmava-bunka\"><span style=\"font-size: 10pt;\">\u00a0<\/span><\/td>\n<\/tr>\n<tr>\n<td class=\"svetla-bunka\"><span style=\"font-size: 10pt;\">Total<\/span><\/td>\n<td style=\"text-align: center;\"><span style=\"font-size: 10pt;\">W<\/span><\/td>\n<td class=\"tmava-bunka\" style=\"text-align: center;\"><span style=\"font-size: 10pt;\">3131<\/span><\/td>\n<\/tr>\n<tr>\n<td class=\"svetla-bunka\"><span style=\"font-size: 10pt;\">Niveau de protection (IP)<\/span><\/td>\n<td><span style=\"font-size: 10pt;\">\u00a0<\/span><\/td>\n<td class=\"tmava-bunka\" style=\"text-align: center;\"><span style=\"font-size: 10pt;\">41<\/span><\/td>\n<\/tr>\n<\/tbody>\n<\/table>\n<p>&nbsp;<\/p>\n<\/td>\n<td>&nbsp;<\/td>\n<\/tr>\n<\/tbody>\n<\/table>\n<p>&nbsp;<\/p>\n<h2>Galerie Photos<\/h2>\n<p>ngg_shortcode_0_placeholder\n <\/div><\/div><\/p>\n","protected":false},"excerpt":{"rendered":"","protected":false},"author":2,"featured_media":0,"parent":0,"menu_order":0,"comment_status":"closed","ping_status":"closed","template":"page-h1-full.php","meta":{"ngg_post_thumbnail":0,"footnotes":""},"class_list":["post-5909","page","type-page","status-publish","hentry"],"_links":{"self":[{"href":"https:\/\/www.smartheating.cz\/fr\/wp-json\/wp\/v2\/pages\/5909","targetHints":{"allow":["GET"]}}],"collection":[{"href":"https:\/\/www.smartheating.cz\/fr\/wp-json\/wp\/v2\/pages"}],"about":[{"href":"https:\/\/www.smartheating.cz\/fr\/wp-json\/wp\/v2\/types\/page"}],"author":[{"embeddable":true,"href":"https:\/\/www.smartheating.cz\/fr\/wp-json\/wp\/v2\/users\/2"}],"replies":[{"embeddable":true,"href":"https:\/\/www.smartheating.cz\/fr\/wp-json\/wp\/v2\/comments?post=5909"}],"version-history":[{"count":0,"href":"https:\/\/www.smartheating.cz\/fr\/wp-json\/wp\/v2\/pages\/5909\/revisions"}],"wp:attachment":[{"href":"https:\/\/www.smartheating.cz\/fr\/wp-json\/wp\/v2\/media?parent=5909"}],"curies":[{"name":"wp","href":"https:\/\/api.w.org\/{rel}","templated":true}]}}