{"id":5063,"date":"2014-09-02T16:57:44","date_gmt":"2014-09-02T15:57:44","guid":{"rendered":"http:\/\/www.smartheating.cz\/prislusenstvi-hydraulicke-dvere-2\/"},"modified":"2017-10-30T10:33:07","modified_gmt":"2017-10-30T09:33:07","slug":"accessories-hydraulic-hatch","status":"publish","type":"page","link":"https:\/\/www.smartheating.cz\/fr\/accessories-hydraulic-hatch\/","title":{"rendered":"Accessories Hydraulic Hatch &#8211; FR"},"content":{"rendered":"<h1 class=\"title\">Accessoires<span class=\"obrazek-pod-textem\"><img loading=\"lazy\" decoding=\"async\" class=\"alignnone wp-image-29047 size-full\" src=\"http:\/\/www.smartheating.cz\/wp-content\/uploads\/2014\/09\/hydraulicke_dvere_FR.png\" alt=\"\" height=\"442\" width=\"864\" srcset=\"https:\/\/www.smartheating.cz\/wp-content\/uploads\/2014\/09\/hydraulicke_dvere_FR.png 864w, https:\/\/www.smartheating.cz\/wp-content\/uploads\/2014\/09\/hydraulicke_dvere_FR-300x153.png 300w, https:\/\/www.smartheating.cz\/wp-content\/uploads\/2014\/09\/hydraulicke_dvere_FR-768x393.png 768w, https:\/\/www.smartheating.cz\/wp-content\/uploads\/2014\/09\/hydraulicke_dvere_FR-600x307.png 600w\" sizes=\"auto, (max-width: 864px) 100vw, 864px\" \/><\/span><br \/>\n <strong>Toiture&nbsp;hydraulique SMART<br \/>\n pour silo sp\u00e9ciaux<\/strong><\/h1>\n<p class=\"subtitle\">&nbsp;<\/p>\n<p>&nbsp;<\/p>\n<p>&nbsp;<\/p>\n<p>&nbsp;<\/p>\n<p>&nbsp;<\/p>\n<p>&nbsp;<br \/>\n <span class=\"barva-modra\">&nbsp;<\/span>&nbsp;&nbsp;<\/p>\n<p>&nbsp;<\/p>\n<p><span class=\"barva-modra\">\u2022 Simple battant \/ double-battants&nbsp;pour le remplissage et le stockage de votre combustible biomasse \u2022 Ensemble complet de pistons hydrauliques, groupe hydraulique et conduites \u2022 Conception r\u00e9sistante et \u00e9tanche aux pr\u00e9cipitations atmosph\u00e9riques \u2022 Variante avec conception de rampes d&rsquo;appui et barri\u00e8res de protection \u2022 T\u00e9l\u00e9commande \u2022 Lumi\u00e8re automatique &#8211; indication de mouvement et alerte \u00e0 l&rsquo;ouverture&nbsp; \u2022 Suivi et indication du niveau de combustible dans le silo \u2022 Protection contre les chutes par grille \u00e0 l&rsquo;ouverture du silo \u2022 Trappe de visite et d&rsquo;urgence pour entrer dans le silo<\/span><\/p>\n<p>&nbsp;<\/p>\n<h2>Sp\u00e9cifications et design:<\/h2>\n<p><img loading=\"lazy\" decoding=\"async\" class=\"alignnone size-full wp-image-1728\" src=\"http:\/\/www.be-heating.be\/wp-content\/uploads\/2014\/09\/Specification-and-design.jpg\" alt=\"Specification-and-design\" height=\"193\" width=\"829\" srcset=\"https:\/\/www.smartheating.cz\/wp-content\/uploads\/2014\/09\/Specification-and-design.jpg 829w, https:\/\/www.smartheating.cz\/wp-content\/uploads\/2014\/09\/Specification-and-design-300x69.jpg 300w, https:\/\/www.smartheating.cz\/wp-content\/uploads\/2014\/09\/Specification-and-design-600x139.jpg 600w\" sizes=\"auto, (max-width: 829px) 100vw, 829px\" \/><\/p>\n<p>&nbsp;<\/p>\n<h2 dir=\"LTR\" align=\"LEFT\">Utilisations:<\/h2>\n<p><strong><span class=\"barva-cervena\">\u2022<\/span> <\/strong><span class=\"barva-modra\">Silo externe<\/span><br \/>\n <span class=\"barva-cervena\"><strong>\u2022<\/strong> <span style=\"color: #255aa3;\">Silo enterr\u00e9<\/span><\/span><br \/>\n <strong><span class=\"barva-cervena\">\u2022<\/span> <\/strong><span style=\"color: #255aa3;\">Silo conteneur<\/span><\/p>\n<p>&nbsp;<\/p>\n<h2>Minimum \u2013 Maximum dimensions pour la trappe de visiste:<\/h2>\n<p><span class=\"barva-modra\">1&nbsp;x&nbsp;1 m \u2013&nbsp;6 x&nbsp;6 m<\/span><br \/>\n &nbsp;&nbsp;<\/p>\n<h2>Galerie Photos:<\/h2>\nngg_shortcode_0_placeholder\n","protected":false},"excerpt":{"rendered":"<p>Accessoires Toiture&nbsp;hydraulique SMART pour silo sp\u00e9ciaux &nbsp; &nbsp; &nbsp; &nbsp; &nbsp; &nbsp; &nbsp;&nbsp;&nbsp; &nbsp; \u2022 Simple battant \/ double-battants&nbsp;pour le remplissage et le stockage de votre combustible biomasse \u2022 Ensemble complet de pistons hydrauliques, groupe hydraulique et conduites \u2022 Conception r\u00e9sistante et \u00e9tanche aux pr\u00e9cipitations atmosph\u00e9riques \u2022 Variante avec conception de rampes d&rsquo;appui et barri\u00e8res [&hellip;]<\/p>\n","protected":false},"author":2,"featured_media":0,"parent":0,"menu_order":0,"comment_status":"closed","ping_status":"closed","template":"page-h1.php","meta":{"ngg_post_thumbnail":0,"footnotes":""},"class_list":["post-5063","page","type-page","status-publish","hentry"],"_links":{"self":[{"href":"https:\/\/www.smartheating.cz\/fr\/wp-json\/wp\/v2\/pages\/5063","targetHints":{"allow":["GET"]}}],"collection":[{"href":"https:\/\/www.smartheating.cz\/fr\/wp-json\/wp\/v2\/pages"}],"about":[{"href":"https:\/\/www.smartheating.cz\/fr\/wp-json\/wp\/v2\/types\/page"}],"author":[{"embeddable":true,"href":"https:\/\/www.smartheating.cz\/fr\/wp-json\/wp\/v2\/users\/2"}],"replies":[{"embeddable":true,"href":"https:\/\/www.smartheating.cz\/fr\/wp-json\/wp\/v2\/comments?post=5063"}],"version-history":[{"count":0,"href":"https:\/\/www.smartheating.cz\/fr\/wp-json\/wp\/v2\/pages\/5063\/revisions"}],"wp:attachment":[{"href":"https:\/\/www.smartheating.cz\/fr\/wp-json\/wp\/v2\/media?parent=5063"}],"curies":[{"name":"wp","href":"https:\/\/api.w.org\/{rel}","templated":true}]}}