{"id":4857,"date":"2015-04-13T14:35:24","date_gmt":"2015-04-13T13:35:24","guid":{"rendered":"http:\/\/www.smartheating.cz\/?page_id=4857"},"modified":"2018-02-01T14:49:30","modified_gmt":"2018-02-01T13:49:30","slug":"mobile-boiler-smart-greenhouse-heating-solution","status":"publish","type":"page","link":"https:\/\/www.smartheating.cz\/fr\/mobile-boiler-smart-greenhouse-heating-solution\/","title":{"rendered":"FR &#8211; Mobiln\u00ed kotelna SMART GREENHOUSE HEATING SOLUTION"},"content":{"rendered":"<h1 class=\"title\">Conteneur mobile&nbsp;<br \/>\n <span class=\"mezera-dole-0\"><strong>Bardage bois&nbsp;\u2013 Int\u00e9gration nature de la chaufferie<\/strong><\/span><\/h1>\n<p>&nbsp;<\/p>\n<p>&nbsp;<\/p>\n<p>&nbsp;<\/p>\n<p>&nbsp;<\/p>\n<p>&nbsp;<\/p>\n<p>&nbsp;<\/p>\n<p>&nbsp;<\/p>\n<p>&nbsp;<\/p>\n<p>&nbsp;<\/p>\n<p>&nbsp;<\/p>\n<p><span class=\"obrazek-pod-textem\"><img loading=\"lazy\" decoding=\"async\" class=\"alignnone size-full wp-image-33852\" src=\"https:\/\/www.smartheating.cz\/wp-content\/uploads\/2015\/04\/mobilni_kotelny_uvodni_obrazek_Francie_obyc_drevo.png\" alt=\"\" width=\"864\" height=\"515\" srcset=\"https:\/\/www.smartheating.cz\/wp-content\/uploads\/2015\/04\/mobilni_kotelny_uvodni_obrazek_Francie_obyc_drevo.png 864w, https:\/\/www.smartheating.cz\/wp-content\/uploads\/2015\/04\/mobilni_kotelny_uvodni_obrazek_Francie_obyc_drevo-300x179.png 300w, https:\/\/www.smartheating.cz\/wp-content\/uploads\/2015\/04\/mobilni_kotelny_uvodni_obrazek_Francie_obyc_drevo-768x458.png 768w, https:\/\/www.smartheating.cz\/wp-content\/uploads\/2015\/04\/mobilni_kotelny_uvodni_obrazek_Francie_obyc_drevo-600x358.png 600w\" sizes=\"auto, (max-width: 864px) 100vw, 864px\" \/><\/span><\/p>\n<p><span class=\"barva-modra\"><span style=\"color: #255aa3;\"><span class=\"barva-modra\">\u2022 Fourniture compl\u00e8te de la chaufferie conteneuris\u00e9e technologie Smart Boiler 150-500-1500 kW \u2022 Ventilation d\u2019air haute et basse requise int\u00e9gr\u00e9e \u2022 Installation hydraulique compl\u00e8te et r\u00e9gulation pour plusieurs circuits de chauffage possible \u2022 Capteurs de temp\u00e9rature pour distribution optimalis\u00e9e de l\u2019\u00e9nergie \u2022 Mesure compl\u00e8te et int\u00e9gration de la technologie de commande et de r\u00e9gulation de chaque d\u00e9part \u2022 Contr\u00f4le et surveillance \u00e0 distance via Internet \/ GSM \u2022 Historique et disponibilit\u00e9 d&rsquo;information pour suivi apr\u00e8s-vente<\/span><\/span><\/span><\/p>\n<h2 dir=\"LTR\" align=\"LEFT\">&nbsp;<\/h2>\n<h2 dir=\"LTR\" align=\"LEFT\">Fabrication sur mesure d\u2019a\u00e9rothermes sp\u00e9cifiques \u00e0 vos besoins<\/h2>\n<table>\n<tbody>\n<tr>\n<td><img loading=\"lazy\" decoding=\"async\" class=\"alignnone wp-image-1612 size-medium\" src=\"http:\/\/www.be-heating.be\/wp-content\/uploads\/2014\/08\/fukar1-300x225.jpg\" alt=\"fukar1\" width=\"300\" height=\"225\" srcset=\"https:\/\/www.smartheating.cz\/wp-content\/uploads\/2014\/08\/fukar1-300x225.jpg 300w, https:\/\/www.smartheating.cz\/wp-content\/uploads\/2014\/08\/fukar1-600x450.jpg 600w, https:\/\/www.smartheating.cz\/wp-content\/uploads\/2014\/08\/fukar1.jpg 1000w\" sizes=\"auto, (max-width: 300px) 100vw, 300px\" \/>&nbsp;<\/td>\n<td>&nbsp;<img loading=\"lazy\" decoding=\"async\" class=\"alignnone wp-image-1613\" src=\"http:\/\/www.be-heating.be\/wp-content\/uploads\/2014\/08\/ventilator1-300x300.jpg\" alt=\"ventilator1\" width=\"225\" height=\"225\" srcset=\"https:\/\/www.smartheating.cz\/wp-content\/uploads\/2014\/08\/ventilator1-300x300.jpg 300w, https:\/\/www.smartheating.cz\/wp-content\/uploads\/2014\/08\/ventilator1-150x150.jpg 150w, https:\/\/www.smartheating.cz\/wp-content\/uploads\/2014\/08\/ventilator1-600x600.jpg 600w, https:\/\/www.smartheating.cz\/wp-content\/uploads\/2014\/08\/ventilator1.jpg 1000w\" sizes=\"auto, (max-width: 225px) 100vw, 225px\" \/><\/td>\n<td>&nbsp;<\/td>\n<td><img loading=\"lazy\" decoding=\"async\" class=\"alignnone wp-image-1614 size-medium\" src=\"http:\/\/www.be-heating.be\/wp-content\/uploads\/2014\/08\/ventilator2-300x225.jpg\" alt=\"ventilator2\" width=\"300\" height=\"225\" srcset=\"https:\/\/www.smartheating.cz\/wp-content\/uploads\/2014\/08\/ventilator2-300x225.jpg 300w, https:\/\/www.smartheating.cz\/wp-content\/uploads\/2014\/08\/ventilator2-600x450.jpg 600w, https:\/\/www.smartheating.cz\/wp-content\/uploads\/2014\/08\/ventilator2.jpg 1000w\" sizes=\"auto, (max-width: 300px) 100vw, 300px\" \/>&nbsp;<\/td>\n<\/tr>\n<\/tbody>\n<\/table>\n<h2>&nbsp;<\/h2>\n<h2 dir=\"LTR\" align=\"LEFT\">Exemples d\u2019utilisation de la version Nature:<\/h2>\n<p><strong><span class=\"barva-cervena\">\u2022<\/span>&nbsp;<\/strong><span class=\"barva-modra\">Chauffage de serres avec fourniture d\u2019eau chaude<\/span><br \/>\n <strong><span class=\"barva-cervena\">\u2022<\/span> <\/strong><span class=\"barva-modra\">Fermes de poulet&nbsp;\u2013 ventilation sp\u00e9cifique adapt\u00e9e<\/span><br \/>\n <strong><span class=\"barva-cervena\">\u2022<\/span> <\/strong><span class=\"barva-modra\">Ranch \u2013 hall d\u2019\u00e9levages<\/span><br \/>\n <strong><span class=\"barva-cervena\">\u2022<\/span> <\/strong><span class=\"barva-modra\">Fermes porcines <\/span><br \/>\n <strong><span class=\"barva-cervena\">\u2022<\/span>&nbsp;<\/strong><span class=\"barva-modra\">Piscicultures<\/span><br \/>\n <strong><span class=\"barva-cervena\">\u2022<\/span>&nbsp;<\/strong><span class=\"barva-modra\">Zoo&nbsp;\u2013 Pr\u00e9paration de l&rsquo;eau chaude, air chaud sp\u00e9cifique aux esp\u00e8ces<\/span><br \/>\n <strong><span class=\"barva-cervena\">\u2022<\/span>&nbsp;<\/strong><span class=\"barva-modra\">Solutions adapt\u00e9e pour le s\u00e9chage des mat\u00e9riaux et des substrats<\/span><\/p>\n<p>&nbsp;<\/p>\n<h2>Equipement de nos chaufferies:<\/h2>\n<table>\n<tbody>\n<tr>\n<td width=\"66%\"><img loading=\"lazy\" decoding=\"async\" class=\"alignnone wp-image-397 size-full\" src=\"https:\/\/www.smartheating.cz\/wp-content\/uploads\/2014\/07\/kotelna-smart-cabin3.jpg\" alt=\"kotelna-smart-cabin3\" width=\"567\" height=\"249\" srcset=\"https:\/\/www.smartheating.cz\/wp-content\/uploads\/2014\/07\/kotelna-smart-cabin3.jpg 567w, https:\/\/www.smartheating.cz\/wp-content\/uploads\/2014\/07\/kotelna-smart-cabin3-300x131.jpg 300w\" sizes=\"auto, (max-width: 567px) 100vw, 567px\" \/>&nbsp;<\/td>\n<td width=\"1%\">&nbsp;<\/td>\n<td width=\"33%\">\n<p><span class=\"barva-modra ubuntu\">CHAUDI\u00c8RE AUTOMATIQUE BIOMASSE SMART 150\u2013500 kW<\/span><\/p>\n<p>&nbsp;<\/p>\n<p><a href=\"https:\/\/www.smartheating.cz\/smart-150-kw\/\">SMART 150 kW<\/a><br \/>\n <a href=\"https:\/\/www.smartheating.cz\/smart-180-kw\/\">SMART 180 kW<\/a><br \/>\n <a href=\"https:\/\/www.smartheating.cz\/smart-200-kw\/\">SMART 200 kW<\/a><br \/>\n <a href=\"https:\/\/www.smartheating.cz\/smart-200-kw\/\">SMART 220 kW<\/a><br \/>\n <a href=\"https:\/\/www.smartheating.cz\/smart-250-kw\/\">SMART 250 kW<\/a><br \/>\n <a href=\"https:\/\/www.smartheating.cz\/smart-300-kw\/\">SMART 300 kW<\/a><br \/>\n <a href=\"https:\/\/www.smartheating.cz\/smart-350-kw\/\">SMART 350 kW<br \/>\n <\/a><a href=\"https:\/\/www.smartheating.cz\/smart-400-kw\/\">SMART 400 kW<\/a><br \/>\n <a href=\"https:\/\/www.smartheating.cz\/smart-450-kw\/\">SMART 450 kW<\/a><br \/>\n <a href=\"https:\/\/www.smartheating.cz\/smart-500-kw\/\">SMART 500 kW<\/a><\/p>\n<\/td>\n<\/tr>\n<\/tbody>\n<\/table>\n<p>&nbsp;<\/p>\n<table class=\" tabulka\" style=\"width: 863px;\">\n<tbody>\n<tr>\n<td class=\"extra-tmava-bunka\" style=\"text-align: center;\" colspan=\"11\"><span style=\"font-size: 10pt;\">CARACT\u00c9RISTIQUES TECHNIQUES<\/span><\/td>\n<\/tr>\n<tr>\n<td class=\"extra-tmava-bunka\"><span style=\"font-size: 10pt;\">Type<\/span><\/td>\n<td class=\"extra-tmava-bunka\" style=\"text-align: center;\"><span style=\"font-size: 10pt;\">&nbsp;<\/span><\/td>\n<td class=\"extra-tmava-bunka\" style=\"text-align: center;\"><span style=\"font-size: 10pt;\">150<\/span><\/td>\n<td class=\"extra-tmava-bunka\" style=\"text-align: center;\"><span style=\"font-size: 10pt;\">200<\/span><\/td>\n<td class=\"extra-tmava-bunka\" style=\"text-align: center;\"><span style=\"font-size: 10pt;\">220<\/span><\/td>\n<td class=\"extra-tmava-bunka\" style=\"text-align: center;\"><span style=\"font-size: 10pt;\">250<\/span><\/td>\n<td class=\"extra-tmava-bunka\" style=\"text-align: center;\"><span style=\"font-size: 10pt;\">300<\/span><\/td>\n<td class=\"extra-tmava-bunka\" style=\"text-align: center;\"><span style=\"font-size: 10pt;\">350<\/span><\/td>\n<td class=\"extra-tmava-bunka\" style=\"text-align: center;\"><span style=\"font-size: 10pt;\">400<\/span><\/td>\n<td class=\"extra-tmava-bunka\" style=\"text-align: center;\"><span style=\"font-size: 10pt;\">450<\/span><\/td>\n<td class=\"extra-tmava-bunka\" style=\"text-align: center;\"><span style=\"font-size: 10pt;\">500<\/span><\/td>\n<\/tr>\n<tr>\n<td><span style=\"font-size: 10pt;\">Puissance minimale&nbsp;Pn<\/span><\/td>\n<td style=\"text-align: center;\"><span style=\"font-size: 10pt;\">kW<\/span><\/td>\n<td style=\"text-align: center;\"><span style=\"font-size: 10pt;\">150<\/span><\/td>\n<td style=\"text-align: center;\"><span style=\"font-size: 10pt;\">200<\/span><\/td>\n<td style=\"text-align: center;\"><span style=\"font-size: 10pt;\">220&nbsp;<\/span><\/td>\n<td style=\"text-align: center;\"><span style=\"font-size: 10pt;\">250<\/span><\/td>\n<td style=\"text-align: center;\"><span style=\"font-size: 10pt;\">300<\/span><\/td>\n<td style=\"text-align: center;\"><span style=\"font-size: 10pt;\">350<\/span><\/td>\n<td style=\"text-align: center;\"><span style=\"font-size: 10pt;\">400<\/span><\/td>\n<td style=\"text-align: center;\"><span style=\"font-size: 10pt;\">450&nbsp;<\/span><\/td>\n<td style=\"text-align: center;\"><span style=\"font-size: 10pt;\">500<\/span><\/td>\n<\/tr>\n<tr>\n<td><span style=\"font-size: 10pt;\">Puissance minimale Pp<\/span><\/td>\n<td style=\"text-align: center;\"><span style=\"font-size: 10pt;\">kW<\/span><\/td>\n<td style=\"text-align: center;\"><span style=\"font-size: 10pt;\">40<\/span><\/td>\n<td style=\"text-align: center;\"><span style=\"font-size: 10pt;\">45<\/span><\/td>\n<td style=\"text-align: center;\"><span style=\"font-size: 10pt;\">55<\/span><\/td>\n<td style=\"text-align: center;\"><span style=\"font-size: 10pt;\">65<\/span><\/td>\n<td style=\"text-align: center;\"><span style=\"font-size: 10pt;\">75<\/span><\/td>\n<td style=\"text-align: center;\"><span style=\"font-size: 10pt;\">90<\/span><\/td>\n<td style=\"text-align: center;\"><span style=\"font-size: 10pt;\">100<\/span><\/td>\n<td style=\"text-align: center;\"><span style=\"font-size: 10pt;\">115&nbsp;<\/span><\/td>\n<td style=\"text-align: center;\"><span style=\"font-size: 10pt;\">140<\/span><\/td>\n<\/tr>\n<tr>\n<td><span style=\"font-size: 10pt;\">Rendement \u00e0 Pn<\/span><\/td>\n<td style=\"text-align: center;\"><span style=\"font-size: 10pt;\">&nbsp;%<\/span><\/td>\n<td style=\"text-align: center;\"><span style=\"font-size: 10pt;\">95<\/span><\/td>\n<td style=\"text-align: center;\"><span style=\"font-size: 10pt;\">95<\/span><\/td>\n<td style=\"text-align: center;\"><span style=\"font-size: 10pt;\">95<\/span><\/td>\n<td style=\"text-align: center;\"><span style=\"font-size: 10pt;\">95<\/span><\/td>\n<td style=\"text-align: center;\"><span style=\"font-size: 10pt;\">95&nbsp;<\/span><\/td>\n<td style=\"text-align: center;\"><span style=\"font-size: 10pt;\">95<\/span><\/td>\n<td style=\"text-align: center;\"><span style=\"font-size: 10pt;\">95<\/span><\/td>\n<td style=\"text-align: center;\"><span style=\"font-size: 10pt;\">95<\/span><\/td>\n<td style=\"text-align: center;\"><span style=\"font-size: 10pt;\">95<\/span><\/td>\n<\/tr>\n<tr>\n<td><span style=\"font-size: 10pt;\">Rendement \u00e0 Pp<\/span><\/td>\n<td style=\"text-align: center;\"><span style=\"font-size: 10pt;\">&nbsp;%<\/span><\/td>\n<td style=\"text-align: center;\"><span style=\"font-size: 10pt;\">96<\/span><\/td>\n<td style=\"text-align: center;\"><span style=\"font-size: 10pt;\">96<\/span><\/td>\n<td style=\"text-align: center;\"><span style=\"font-size: 10pt;\">96<\/span><\/td>\n<td style=\"text-align: center;\"><span style=\"font-size: 10pt;\">96<\/span><\/td>\n<td style=\"text-align: center;\"><span style=\"font-size: 10pt;\">96<\/span><\/td>\n<td style=\"text-align: center;\"><span style=\"font-size: 10pt;\">96<\/span><\/td>\n<td style=\"text-align: center;\"><span style=\"font-size: 10pt;\">96<\/span><\/td>\n<td style=\"text-align: center;\"><span style=\"font-size: 10pt;\">96<\/span><\/td>\n<td style=\"text-align: center;\"><span style=\"font-size: 10pt;\">96<\/span><\/td>\n<\/tr>\n<tr>\n<td><span style=\"font-size: 10pt;\">Classe de chaudi\u00e8re<\/span><\/td>\n<td style=\"text-align: center;\"><span style=\"font-size: 10pt;\">&nbsp;<\/span><\/td>\n<td style=\"text-align: center;\"><span style=\"font-size: 10pt;\">5<\/span><\/td>\n<td style=\"text-align: center;\"><span style=\"font-size: 10pt;\">5<\/span><\/td>\n<td style=\"text-align: center;\"><span style=\"font-size: 10pt;\">5<\/span><\/td>\n<td style=\"text-align: center;\"><span style=\"font-size: 10pt;\">5<\/span><\/td>\n<td style=\"text-align: center;\"><span style=\"font-size: 10pt;\">5<\/span><\/td>\n<td style=\"text-align: center;\"><span style=\"font-size: 10pt;\">5<\/span><\/td>\n<td style=\"text-align: center;\"><span style=\"font-size: 10pt;\">5<\/span><\/td>\n<td style=\"text-align: center;\"><span style=\"font-size: 10pt;\">5<\/span><\/td>\n<td style=\"text-align: center;\"><span style=\"font-size: 10pt;\">5<\/span><\/td>\n<\/tr>\n<\/tbody>\n<\/table>\n<p>&nbsp;<\/p>\n<p>&nbsp;<\/p>\n<table>\n<tbody>\n<tr>\n<td width=\"33%\"><img loading=\"lazy\" decoding=\"async\" class=\"alignnone wp-image-5060\" src=\"http:\/\/www.be-heating.be\/wp-content\/uploads\/2014\/07\/FE-AKU-2000_DN100_CELLA-PV-100_300dpi_logo.png\" alt=\"\" width=\"199\" height=\"299\">&nbsp;<\/td>\n<td width=\"1%\">&nbsp;<\/td>\n<td width=\"33%\"><img loading=\"lazy\" decoding=\"async\" class=\"alignnone wp-image-5061\" src=\"http:\/\/www.be-heating.be\/wp-content\/uploads\/2014\/07\/FE-AKU-2000_G6-4inch_CELLA-PV-100_300dpi_logo.png\" alt=\"\" width=\"199\" height=\"299\">&nbsp;<\/td>\n<td width=\"1%\">&nbsp;<\/td>\n<td width=\"33%\">\n<p>&nbsp;<\/p>\n<p><span class=\"barva-modra\">Ballons d\u2019accumulation<br \/>\n &nbsp;<\/span><\/p>\n<p><a href=\"https:\/\/www.smartheating.cz\/accumulation-tanks\/\">FE AKU<\/a><br \/>\n <a href=\"https:\/\/www.smartheating.cz\/accumulation-tanks\/\">FE AKU ST<\/a><\/p>\n<\/td>\n<\/tr>\n<\/tbody>\n<\/table>\n<p>&nbsp;<\/p>\n<h2>Galerie Photos<\/h2>\n<p><span style=\"color: #1f497d; font-family: Calibri;\">ngg_shortcode_0_placeholder<\/span><\/p>\n","protected":false},"excerpt":{"rendered":"<p>Conteneur mobile&nbsp; Bardage bois&nbsp;\u2013 Int\u00e9gration nature de la chaufferie &nbsp; &nbsp; &nbsp; &nbsp; &nbsp; &nbsp; &nbsp; &nbsp; &nbsp; &nbsp; \u2022 Fourniture compl\u00e8te de la chaufferie conteneuris\u00e9e technologie Smart Boiler 150-500-1500 kW \u2022 Ventilation d\u2019air haute et basse requise int\u00e9gr\u00e9e \u2022 Installation hydraulique compl\u00e8te et r\u00e9gulation pour plusieurs circuits de chauffage possible \u2022 Capteurs de temp\u00e9rature [&hellip;]<\/p>\n","protected":false},"author":2,"featured_media":0,"parent":0,"menu_order":0,"comment_status":"closed","ping_status":"closed","template":"page-h1.php","meta":{"ngg_post_thumbnail":0,"footnotes":""},"class_list":["post-4857","page","type-page","status-publish","hentry"],"_links":{"self":[{"href":"https:\/\/www.smartheating.cz\/fr\/wp-json\/wp\/v2\/pages\/4857","targetHints":{"allow":["GET"]}}],"collection":[{"href":"https:\/\/www.smartheating.cz\/fr\/wp-json\/wp\/v2\/pages"}],"about":[{"href":"https:\/\/www.smartheating.cz\/fr\/wp-json\/wp\/v2\/types\/page"}],"author":[{"embeddable":true,"href":"https:\/\/www.smartheating.cz\/fr\/wp-json\/wp\/v2\/users\/2"}],"replies":[{"embeddable":true,"href":"https:\/\/www.smartheating.cz\/fr\/wp-json\/wp\/v2\/comments?post=4857"}],"version-history":[{"count":0,"href":"https:\/\/www.smartheating.cz\/fr\/wp-json\/wp\/v2\/pages\/4857\/revisions"}],"wp:attachment":[{"href":"https:\/\/www.smartheating.cz\/fr\/wp-json\/wp\/v2\/media?parent=4857"}],"curies":[{"name":"wp","href":"https:\/\/api.w.org\/{rel}","templated":true}]}}