{"id":4856,"date":"2015-04-13T14:32:19","date_gmt":"2015-04-13T13:32:19","guid":{"rendered":"http:\/\/www.smartheating.cz\/?page_id=4856"},"modified":"2018-02-01T14:25:39","modified_gmt":"2018-02-01T13:25:39","slug":"mobile-boiler-smart-industrial-cabin","status":"publish","type":"page","link":"https:\/\/www.smartheating.cz\/fr\/mobile-boiler-smart-industrial-cabin\/","title":{"rendered":"Mobiln\u00ed kotelna SMART INDUSTRIAL CABIN"},"content":{"rendered":"<h1 class=\"title\">Conteneur Mobile&nbsp;&nbsp;<br \/>\n <span class=\"mezera-dole-0\"><strong>Module industriel SMART<\/strong><\/span><\/h1>\n<p><img loading=\"lazy\" decoding=\"async\" class=\"alignnone size-full wp-image-33668\" src=\"https:\/\/www.smartheating.cz\/wp-content\/uploads\/2015\/04\/mobilni_kotelny_uvodni_obrazek_Francie_2MW.png\" alt=\"\" width=\"864\" height=\"515\" srcset=\"https:\/\/www.smartheating.cz\/wp-content\/uploads\/2015\/04\/mobilni_kotelny_uvodni_obrazek_Francie_2MW.png 864w, https:\/\/www.smartheating.cz\/wp-content\/uploads\/2015\/04\/mobilni_kotelny_uvodni_obrazek_Francie_2MW-300x179.png 300w, https:\/\/www.smartheating.cz\/wp-content\/uploads\/2015\/04\/mobilni_kotelny_uvodni_obrazek_Francie_2MW-768x458.png 768w, https:\/\/www.smartheating.cz\/wp-content\/uploads\/2015\/04\/mobilni_kotelny_uvodni_obrazek_Francie_2MW-600x358.png 600w\" sizes=\"auto, (max-width: 864px) 100vw, 864px\" \/>&nbsp;<\/p>\n<p><span class=\"barva-modra\"><span style=\"color: #255aa3;\">&nbsp;\u2022 Fourniture compl\u00e8te de la chaufferie conteneuris\u00e9e technologie Smart Boiler 150\u2013500\u20131500 kW \u2022 Ventilation d\u2019air haute et basse requise int\u00e9gr\u00e9e \u2022 Installation hydraulique compl\u00e8te et r\u00e9gulation pour plusieurs circuits de chauffage possible \u2022 Capteurs de temp\u00e9rature pour distribution optimalis\u00e9e de l\u2019\u00e9nergie \u2022 Mesure compl\u00e8te et int\u00e9gration de la technologie de commande et de r\u00e9gulation de chaque d\u00e9part \u2022 Contr\u00f4le et surveillance \u00e0 distance via Internet \/ GSM \u2022 Historique et disponibilit\u00e9 d&rsquo;information pour suivi apr\u00e8s-vente<\/span><\/span><\/p>\n<h2 dir=\"LTR\" align=\"LEFT\">&nbsp;<\/h2>\n<h2 dir=\"LTR\" align=\"LEFT\">&nbsp;Applications possibles de notre conteneur chaufferie:<\/h2>\n<p><span class=\"barva-cervena\"><strong>\u2022<\/strong> <\/span><span class=\"barva-modra\">Les b\u00e2timents r\u00e9sidentiels et habitat group\u00e9<\/span><br \/>\n <span class=\"barva-cervena\"><strong>\u2022<\/strong> <\/span><span class=\"barva-modra\">Immeuble \u00e0 usage multiple, bureaux, salle de s\u00e9minaire<\/span><br \/>\n <span class=\"barva-cervena\"><strong>\u2022<\/strong> <\/span><span class=\"barva-modra\">Centres commerciaux<\/span><br \/>\n <span class=\"barva-cervena\"><strong>\u2022<\/strong> <\/span><span class=\"barva-modra\">Halls de production, les ateliers industrielles, halls de stockage<\/span><br \/>\n <span class=\"barva-cervena\"><strong>\u2022<\/strong>&nbsp;<\/span><span class=\"barva-modra\">Exploitation agricoles, horticoles<\/span><br \/>\n <span class=\"barva-cervena\"><strong>\u2022<\/strong>&nbsp;<\/span><span class=\"barva-modra\">H\u00f4tels, g\u00eetes, centre wellness,&nbsp; piscines, centre sportif<br \/>\n <\/span><span class=\"barva-cervena\"><strong>\u2022 <\/strong><\/span><span class=\"barva-modra\">Les b\u00e2timents communaux, centre administratif<\/span><br \/>\n <span class=\"barva-cervena\"><strong>\u2022&nbsp;<\/strong><\/span><span class=\"barva-modra\">Ecoles, h\u00f4pitaux, police, complexes militaires<\/span><br \/>\n <span class=\"barva-cervena\"><strong>\u2022 <\/strong><\/span><span class=\"barva-modra\">Quartiers, zone urbaine<\/span><\/p>\n<p>&nbsp;<\/p>\n<h2>Equipement de nos chaufferies:<\/h2>\n<table>\n<tbody>\n<tr>\n<td width=\"66%\"><img loading=\"lazy\" decoding=\"async\" class=\"alignnone wp-image-397 size-full\" src=\"https:\/\/www.smartheating.cz\/wp-content\/uploads\/2014\/07\/kotelna-smart-cabin3.jpg\" alt=\"kotelna-smart-cabin3\" width=\"567\" height=\"249\" srcset=\"https:\/\/www.smartheating.cz\/wp-content\/uploads\/2014\/07\/kotelna-smart-cabin3.jpg 567w, https:\/\/www.smartheating.cz\/wp-content\/uploads\/2014\/07\/kotelna-smart-cabin3-300x131.jpg 300w\" sizes=\"auto, (max-width: 567px) 100vw, 567px\" \/>&nbsp;<\/td>\n<td width=\"1%\">&nbsp;<\/td>\n<td width=\"33%\">\n<p><span class=\"barva-modra ubuntu\">CHAUDI\u00c8RE AUTOMATIQUE BIOMASSE SMART 150\u2013500 kW<\/span><\/p>\n<p>&nbsp;<\/p>\n<p><a href=\"https:\/\/www.smartheating.cz\/smart-150-kw\/\">SMART 150 kW<\/a><br \/>\n <a href=\"https:\/\/www.smartheating.cz\/smart-180-kw\/\">SMART 180 kW<\/a><br \/>\n <a href=\"https:\/\/www.smartheating.cz\/smart-200-kw\/\">SMART 200 kW<\/a><br \/>\n <a href=\"https:\/\/www.smartheating.cz\/smart-200-kw\/\">SMART 220 kW<\/a><br \/>\n <a href=\"https:\/\/www.smartheating.cz\/smart-250-kw\/\">SMART 250 kW<\/a><br \/>\n <a href=\"https:\/\/www.smartheating.cz\/smart-300-kw\/\">SMART 300 kW<\/a><br \/>\n <a href=\"https:\/\/www.smartheating.cz\/smart-350-kw\/\">SMART 350 kW<br \/>\n <\/a><a href=\"https:\/\/www.smartheating.cz\/smart-400-kw\/\">SMART 400 kW<\/a><br \/>\n <a href=\"https:\/\/www.smartheating.cz\/smart-450-kw\/\">SMART 450 kW<\/a><br \/>\n <a href=\"https:\/\/www.smartheating.cz\/smart-500-kw\/\">SMART 500 kW<\/a><\/p>\n<\/td>\n<\/tr>\n<\/tbody>\n<\/table>\n<p>&nbsp;<\/p>\n<table class=\" tabulka\" style=\"width: 863px;\">\n<tbody>\n<tr>\n<td class=\"extra-tmava-bunka\" style=\"text-align: center;\" colspan=\"11\"><span style=\"font-size: 10pt;\">CARACT\u00c9RISTIQUES TECHNIQUES<\/span><\/td>\n<\/tr>\n<tr>\n<td class=\"extra-tmava-bunka\"><span style=\"font-size: 10pt;\">Type<\/span><\/td>\n<td class=\"extra-tmava-bunka\" style=\"text-align: center;\"><span style=\"font-size: 10pt;\">&nbsp;<\/span><\/td>\n<td class=\"extra-tmava-bunka\" style=\"text-align: center;\"><span style=\"font-size: 10pt;\">150<\/span><\/td>\n<td class=\"extra-tmava-bunka\" style=\"text-align: center;\"><span style=\"font-size: 10pt;\">200<\/span><\/td>\n<td class=\"extra-tmava-bunka\" style=\"text-align: center;\"><span style=\"font-size: 10pt;\">220<\/span><\/td>\n<td class=\"extra-tmava-bunka\" style=\"text-align: center;\"><span style=\"font-size: 10pt;\">250<\/span><\/td>\n<td class=\"extra-tmava-bunka\" style=\"text-align: center;\"><span style=\"font-size: 10pt;\">300<\/span><\/td>\n<td class=\"extra-tmava-bunka\" style=\"text-align: center;\"><span style=\"font-size: 10pt;\">350<\/span><\/td>\n<td class=\"extra-tmava-bunka\" style=\"text-align: center;\"><span style=\"font-size: 10pt;\">400<\/span><\/td>\n<td class=\"extra-tmava-bunka\" style=\"text-align: center;\"><span style=\"font-size: 10pt;\">450<\/span><\/td>\n<td class=\"extra-tmava-bunka\" style=\"text-align: center;\"><span style=\"font-size: 10pt;\">500<\/span><\/td>\n<\/tr>\n<tr>\n<td><span style=\"font-size: 10pt;\">Puissance minimale&nbsp;Pn<\/span><\/td>\n<td style=\"text-align: center;\"><span style=\"font-size: 10pt;\">kW<\/span><\/td>\n<td style=\"text-align: center;\"><span style=\"font-size: 10pt;\">150<\/span><\/td>\n<td style=\"text-align: center;\"><span style=\"font-size: 10pt;\">200<\/span><\/td>\n<td style=\"text-align: center;\"><span style=\"font-size: 10pt;\">220&nbsp;<\/span><\/td>\n<td style=\"text-align: center;\"><span style=\"font-size: 10pt;\">250<\/span><\/td>\n<td style=\"text-align: center;\"><span style=\"font-size: 10pt;\">300<\/span><\/td>\n<td style=\"text-align: center;\"><span style=\"font-size: 10pt;\">350<\/span><\/td>\n<td style=\"text-align: center;\"><span style=\"font-size: 10pt;\">400<\/span><\/td>\n<td style=\"text-align: center;\"><span style=\"font-size: 10pt;\">450&nbsp;<\/span><\/td>\n<td style=\"text-align: center;\"><span style=\"font-size: 10pt;\">500<\/span><\/td>\n<\/tr>\n<tr>\n<td><span style=\"font-size: 10pt;\">Puissance minimale Pp<\/span><\/td>\n<td style=\"text-align: center;\"><span style=\"font-size: 10pt;\">kW<\/span><\/td>\n<td style=\"text-align: center;\"><span style=\"font-size: 10pt;\">40<\/span><\/td>\n<td style=\"text-align: center;\"><span style=\"font-size: 10pt;\">45<\/span><\/td>\n<td style=\"text-align: center;\"><span style=\"font-size: 10pt;\">55<\/span><\/td>\n<td style=\"text-align: center;\"><span style=\"font-size: 10pt;\">65<\/span><\/td>\n<td style=\"text-align: center;\"><span style=\"font-size: 10pt;\">75<\/span><\/td>\n<td style=\"text-align: center;\"><span style=\"font-size: 10pt;\">90<\/span><\/td>\n<td style=\"text-align: center;\"><span style=\"font-size: 10pt;\">100<\/span><\/td>\n<td style=\"text-align: center;\"><span style=\"font-size: 10pt;\">115&nbsp;<\/span><\/td>\n<td style=\"text-align: center;\"><span style=\"font-size: 10pt;\">140<\/span><\/td>\n<\/tr>\n<tr>\n<td><span style=\"font-size: 10pt;\">Rendement \u00e0 Pn<\/span><\/td>\n<td style=\"text-align: center;\"><span style=\"font-size: 10pt;\">&nbsp;%<\/span><\/td>\n<td style=\"text-align: center;\"><span style=\"font-size: 10pt;\">95<\/span><\/td>\n<td style=\"text-align: center;\"><span style=\"font-size: 10pt;\">95<\/span><\/td>\n<td style=\"text-align: center;\"><span style=\"font-size: 10pt;\">95<\/span><\/td>\n<td style=\"text-align: center;\"><span style=\"font-size: 10pt;\">95<\/span><\/td>\n<td style=\"text-align: center;\"><span style=\"font-size: 10pt;\">95&nbsp;<\/span><\/td>\n<td style=\"text-align: center;\"><span style=\"font-size: 10pt;\">95<\/span><\/td>\n<td style=\"text-align: center;\"><span style=\"font-size: 10pt;\">95<\/span><\/td>\n<td style=\"text-align: center;\"><span style=\"font-size: 10pt;\">95<\/span><\/td>\n<td style=\"text-align: center;\"><span style=\"font-size: 10pt;\">95<\/span><\/td>\n<\/tr>\n<tr>\n<td><span style=\"font-size: 10pt;\">Rendement \u00e0 Pp<\/span><\/td>\n<td style=\"text-align: center;\"><span style=\"font-size: 10pt;\">&nbsp;%<\/span><\/td>\n<td style=\"text-align: center;\"><span style=\"font-size: 10pt;\">96<\/span><\/td>\n<td style=\"text-align: center;\"><span style=\"font-size: 10pt;\">96<\/span><\/td>\n<td style=\"text-align: center;\"><span style=\"font-size: 10pt;\">96<\/span><\/td>\n<td style=\"text-align: center;\"><span style=\"font-size: 10pt;\">96<\/span><\/td>\n<td style=\"text-align: center;\"><span style=\"font-size: 10pt;\">96<\/span><\/td>\n<td style=\"text-align: center;\"><span style=\"font-size: 10pt;\">96<\/span><\/td>\n<td style=\"text-align: center;\"><span style=\"font-size: 10pt;\">96<\/span><\/td>\n<td style=\"text-align: center;\"><span style=\"font-size: 10pt;\">96<\/span><\/td>\n<td style=\"text-align: center;\"><span style=\"font-size: 10pt;\">96<\/span><\/td>\n<\/tr>\n<tr>\n<td><span style=\"font-size: 10pt;\">Classe de chaudi\u00e8re<\/span><\/td>\n<td style=\"text-align: center;\"><span style=\"font-size: 10pt;\">&nbsp;<\/span><\/td>\n<td style=\"text-align: center;\"><span style=\"font-size: 10pt;\">5<\/span><\/td>\n<td style=\"text-align: center;\"><span style=\"font-size: 10pt;\">5<\/span><\/td>\n<td style=\"text-align: center;\"><span style=\"font-size: 10pt;\">5<\/span><\/td>\n<td style=\"text-align: center;\"><span style=\"font-size: 10pt;\">5<\/span><\/td>\n<td style=\"text-align: center;\"><span style=\"font-size: 10pt;\">5<\/span><\/td>\n<td style=\"text-align: center;\"><span style=\"font-size: 10pt;\">5<\/span><\/td>\n<td style=\"text-align: center;\"><span style=\"font-size: 10pt;\">5<\/span><\/td>\n<td style=\"text-align: center;\"><span style=\"font-size: 10pt;\">5<\/span><\/td>\n<td style=\"text-align: center;\"><span style=\"font-size: 10pt;\">5<\/span><\/td>\n<\/tr>\n<\/tbody>\n<\/table>\n<p>&nbsp;<\/p>\n<p>&nbsp;<\/p>\n<table>\n<tbody>\n<tr>\n<td width=\"33%\"><img loading=\"lazy\" decoding=\"async\" class=\"alignnone wp-image-5060\" src=\"http:\/\/www.be-heating.be\/wp-content\/uploads\/2014\/07\/FE-AKU-2000_DN100_CELLA-PV-100_300dpi_logo.png\" alt=\"\" width=\"199\" height=\"299\">&nbsp;<\/td>\n<td width=\"1%\">&nbsp;<\/td>\n<td width=\"33%\"><img loading=\"lazy\" decoding=\"async\" class=\"alignnone wp-image-5061\" src=\"http:\/\/www.be-heating.be\/wp-content\/uploads\/2014\/07\/FE-AKU-2000_G6-4inch_CELLA-PV-100_300dpi_logo.png\" alt=\"\" width=\"199\" height=\"299\">&nbsp;<\/td>\n<td width=\"1%\">&nbsp;<\/td>\n<td width=\"33%\">\n<p>&nbsp;<\/p>\n<p><span class=\"barva-modra\">Ballons d\u2019accumulation<br \/>\n &nbsp;<\/span><\/p>\n<p><a href=\"https:\/\/www.smartheating.cz\/accumulation-tanks\/\">FE AKU<\/a><br \/>\n <a href=\"https:\/\/www.smartheating.cz\/accumulation-tanks\/\">FE AKU ST<\/a><\/p>\n<\/td>\n<\/tr>\n<\/tbody>\n<\/table>\n<p>&nbsp;<\/p>\n<h2>Galerie Photos<\/h2>\n<p><span style=\"color: #1f497d; font-family: Calibri;\">ngg_shortcode_0_placeholder<\/span><\/p>\n","protected":false},"excerpt":{"rendered":"<p>Conteneur Mobile&nbsp;&nbsp; Module industriel SMART &nbsp; &nbsp;\u2022 Fourniture compl\u00e8te de la chaufferie conteneuris\u00e9e technologie Smart Boiler 150\u2013500\u20131500 kW \u2022 Ventilation d\u2019air haute et basse requise int\u00e9gr\u00e9e \u2022 Installation hydraulique compl\u00e8te et r\u00e9gulation pour plusieurs circuits de chauffage possible \u2022 Capteurs de temp\u00e9rature pour distribution optimalis\u00e9e de l\u2019\u00e9nergie \u2022 Mesure compl\u00e8te et int\u00e9gration de la technologie [&hellip;]<\/p>\n","protected":false},"author":2,"featured_media":0,"parent":0,"menu_order":0,"comment_status":"closed","ping_status":"closed","template":"page-h1.php","meta":{"ngg_post_thumbnail":0,"footnotes":""},"class_list":["post-4856","page","type-page","status-publish","hentry"],"_links":{"self":[{"href":"https:\/\/www.smartheating.cz\/fr\/wp-json\/wp\/v2\/pages\/4856","targetHints":{"allow":["GET"]}}],"collection":[{"href":"https:\/\/www.smartheating.cz\/fr\/wp-json\/wp\/v2\/pages"}],"about":[{"href":"https:\/\/www.smartheating.cz\/fr\/wp-json\/wp\/v2\/types\/page"}],"author":[{"embeddable":true,"href":"https:\/\/www.smartheating.cz\/fr\/wp-json\/wp\/v2\/users\/2"}],"replies":[{"embeddable":true,"href":"https:\/\/www.smartheating.cz\/fr\/wp-json\/wp\/v2\/comments?post=4856"}],"version-history":[{"count":0,"href":"https:\/\/www.smartheating.cz\/fr\/wp-json\/wp\/v2\/pages\/4856\/revisions"}],"wp:attachment":[{"href":"https:\/\/www.smartheating.cz\/fr\/wp-json\/wp\/v2\/media?parent=4856"}],"curies":[{"name":"wp","href":"https:\/\/api.w.org\/{rel}","templated":true}]}}