{"id":4854,"date":"2015-04-13T14:27:54","date_gmt":"2015-04-13T13:27:54","guid":{"rendered":"http:\/\/www.smartheating.cz\/?page_id=4854"},"modified":"2018-02-01T14:03:18","modified_gmt":"2018-02-01T13:03:18","slug":"mobile-boiler-smart-cabin","status":"publish","type":"page","link":"https:\/\/www.smartheating.cz\/fr\/mobile-boiler-smart-cabin\/","title":{"rendered":"FR &#8211; Mobiln\u00ed kotelna SMART CABIN"},"content":{"rendered":"<h1 class=\"title\">CHAUDIERE MOBILE<br \/>\n <strong>SMART 100 \u00e0 500 \u00e0 1500 kW<\/strong><\/h1>\n<h1 class=\"title\"><img loading=\"lazy\" decoding=\"async\" class=\"alignnone wp-image-33497 size-full\" src=\"https:\/\/www.smartheating.cz\/wp-content\/uploads\/2015\/04\/mobilni_kotelny_uvodni_obrazek_Francie_solar.png\" alt=\"\" width=\"864\" height=\"515\" srcset=\"https:\/\/www.smartheating.cz\/wp-content\/uploads\/2015\/04\/mobilni_kotelny_uvodni_obrazek_Francie_solar.png 864w, https:\/\/www.smartheating.cz\/wp-content\/uploads\/2015\/04\/mobilni_kotelny_uvodni_obrazek_Francie_solar-300x179.png 300w, https:\/\/www.smartheating.cz\/wp-content\/uploads\/2015\/04\/mobilni_kotelny_uvodni_obrazek_Francie_solar-768x458.png 768w, https:\/\/www.smartheating.cz\/wp-content\/uploads\/2015\/04\/mobilni_kotelny_uvodni_obrazek_Francie_solar-600x358.png 600w\" sizes=\"auto, (max-width: 864px) 100vw, 864px\" \/><\/h1>\n<p><span class=\"barva-modra\"><span style=\"color: #255aa3;\"><span style=\"color: #255aa3;\">\u2022 Installation hydraulique compl\u00e8te pr\u00e9-mont\u00e9e d\u2019usine \u2022 Possibilit\u00e9 d\u2019int\u00e9grer au container une chaudi\u00e8re mazout ou gaz en back-up \u2022 Solution compacte, enti\u00e8rement mobile et flexible \u2022 Silo multi combustible pr\u00e9vu pour travailler au pellets ou au bois d\u00e9chiquet\u00e9 \u2022 Chemin\u00e9e compl\u00e8tement int\u00e9gr\u00e9e au container \u2022 Syst\u00e8me de comptage \u00e9nerg\u00e9tique et r\u00e9gulation SIEMENS \u2022 Finition externe du container modulable et ex\u00e9cution sp\u00e9ciale sur demande \u2022 Ne r\u00e9duit pas votre espace de travail \u2022 Id\u00e9al pour collectivit\u00e9s, halls industriels, maisons de repos, hotels, centres Welness\u2026<\/span><\/span><\/span><\/p>\n<p>&nbsp;<\/p>\n<h2>Design<\/h2>\n<p><img loading=\"lazy\" decoding=\"async\" class=\"alignnone wp-image-32683 size-full\" src=\"https:\/\/www.smartheating.cz\/wp-content\/uploads\/2015\/04\/provedeni_kontejnery_new_FR.png\" alt=\"\" width=\"864\" height=\"192\" srcset=\"https:\/\/www.smartheating.cz\/wp-content\/uploads\/2015\/04\/provedeni_kontejnery_new_FR.png 864w, https:\/\/www.smartheating.cz\/wp-content\/uploads\/2015\/04\/provedeni_kontejnery_new_FR-300x67.png 300w, https:\/\/www.smartheating.cz\/wp-content\/uploads\/2015\/04\/provedeni_kontejnery_new_FR-768x171.png 768w, https:\/\/www.smartheating.cz\/wp-content\/uploads\/2015\/04\/provedeni_kontejnery_new_FR-600x133.png 600w\" sizes=\"auto, (max-width: 864px) 100vw, 864px\" \/><\/p>\n<p>&nbsp;<\/p>\n<h2>Options du container:<\/h2>\n<p><span class=\"barva-modra\"><span class=\"barva-cervena\"><strong>\u2022<\/strong> <\/span><span class=\"barva-modra\">Confinguration gauche \/ droite<\/span><br \/>\n <strong><span class=\"barva-cervena\">\u2022<\/span> <\/strong><span class=\"barva-modra\">Trappe hydraulique pour chargement de copeaux de bois<br \/>\n <\/span><strong><span class=\"barva-cervena\">\u2022<\/span> <\/strong><span class=\"barva-modra\">Porte et ch\u00e2ssis vitr\u00e9s (espace didactique)<br \/>\n <\/span><strong><span class=\"barva-cervena\">\u2022<\/span> <\/strong><span class=\"barva-modra\">Dispositif de s\u00e9curit\u00e9 int\u00e9gr\u00e9<br \/>\n <\/span><strong><span class=\"barva-cervena\">\u2022<\/span> <\/strong><span class=\"barva-modra\">Finition du container en fonction des exigences du client<\/span><\/span><\/p>\n<p>&nbsp;<\/p>\n<h2>Encombrements et poids:<\/h2>\n<p><span class=\"barva-modra\">150\u2013250 kW: 3 x 3 x 12,6 m ~ 12 tonnes*<\/span><br \/>\n <span class=\"barva-modra\">300\u2013500 kW: 3,2 x 3 x 12,6 m ~ 15 tonnes*<br \/>\n <\/span><span class=\"barva-modra\" style=\"font-size: 10pt;\">*En cas d\u2019int\u00e9gration d\u2019un back-up mazout \/ gaz, le container doit \u00eatre allong\u00e9 de 1,5 m<\/span><br \/>\n &nbsp;<\/p>\n<h2>Equipement de nos chaufferies:<\/h2>\n<table>\n<tbody>\n<tr>\n<td width=\"66%\"><a href=\"http:\/\/sh.kvalitni-web.cz\/wp-content\/uploads\/2014\/07\/kotelna-smart-cabin3.jpg\"><img loading=\"lazy\" decoding=\"async\" class=\"alignnone wp-image-397 size-full\" src=\"https:\/\/www.smartheating.cz\/wp-content\/uploads\/2014\/07\/kotelna-smart-cabin3.jpg\" alt=\"kotelna-smart-cabin3\" width=\"567\" height=\"249\" srcset=\"https:\/\/www.smartheating.cz\/wp-content\/uploads\/2014\/07\/kotelna-smart-cabin3.jpg 567w, https:\/\/www.smartheating.cz\/wp-content\/uploads\/2014\/07\/kotelna-smart-cabin3-300x131.jpg 300w\" sizes=\"auto, (max-width: 567px) 100vw, 567px\" \/><\/a>&nbsp;<\/td>\n<td width=\"1%\">&nbsp;<\/td>\n<td width=\"33%\">\n<p><span class=\"barva-modra ubuntu\">CHAUDI\u00c8RE AUTOMATIQUE BIOMASSE SMART 150\u2013500 kW<\/span><\/p>\n<p><a href=\"https:\/\/www.smartheating.cz\/smart-150-kw\/\">SMART 150 kW<\/a><br \/>\n <a href=\"https:\/\/www.smartheating.cz\/smart-180-kw\/\">SMART 180 kW<\/a><br \/>\n <a href=\"https:\/\/www.smartheating.cz\/smart-200-kw\/\">SMART 200 kW<\/a><br \/>\n <a href=\"https:\/\/www.smartheating.cz\/smart-200-kw\/\">SMART 220 kW<\/a><br \/>\n <a href=\"https:\/\/www.smartheating.cz\/smart-250-kw\/\">SMART 250 kW<\/a><br \/>\n <a href=\"https:\/\/www.smartheating.cz\/smart-300-kw\/\">SMART 300 kW<\/a><br \/>\n <a href=\"https:\/\/www.smartheating.cz\/smart-350-kw\/\">SMART 350 kW<br \/>\n <\/a><a href=\"https:\/\/www.smartheating.cz\/smart-400-kw\/\">SMART 400 kW<\/a><br \/>\n <a href=\"https:\/\/www.smartheating.cz\/smart-450-kw\/\">SMART 450 kW<\/a><br \/>\n <a href=\"https:\/\/www.smartheating.cz\/smart-500-kw\/\">SMART 500 kW<\/a><\/p>\n<\/td>\n<\/tr>\n<\/tbody>\n<\/table>\n<p>&nbsp;<\/p>\n<table class=\" tabulka\" style=\"width: 863px;\">\n<tbody>\n<tr>\n<td class=\"extra-tmava-bunka\" style=\"text-align: center;\" colspan=\"11\"><span style=\"font-size: 10pt;\">CARACT\u00c9RISTIQUES TECHNIQUES<\/span><\/td>\n<\/tr>\n<tr>\n<td class=\"extra-tmava-bunka\"><span style=\"font-size: 10pt;\">Type<\/span><\/td>\n<td class=\"extra-tmava-bunka\" style=\"text-align: center;\"><span style=\"font-size: 10pt;\">&nbsp;<\/span><\/td>\n<td class=\"extra-tmava-bunka\" style=\"text-align: center;\"><span style=\"font-size: 10pt;\">150<\/span><\/td>\n<td class=\"extra-tmava-bunka\" style=\"text-align: center;\"><span style=\"font-size: 10pt;\">200<\/span><\/td>\n<td class=\"extra-tmava-bunka\" style=\"text-align: center;\"><span style=\"font-size: 10pt;\">220<\/span><\/td>\n<td class=\"extra-tmava-bunka\" style=\"text-align: center;\"><span style=\"font-size: 10pt;\">250<\/span><\/td>\n<td class=\"extra-tmava-bunka\" style=\"text-align: center;\"><span style=\"font-size: 10pt;\">300<\/span><\/td>\n<td class=\"extra-tmava-bunka\" style=\"text-align: center;\"><span style=\"font-size: 10pt;\">350<\/span><\/td>\n<td class=\"extra-tmava-bunka\" style=\"text-align: center;\"><span style=\"font-size: 10pt;\">400<\/span><\/td>\n<td class=\"extra-tmava-bunka\" style=\"text-align: center;\"><span style=\"font-size: 10pt;\">450<\/span><\/td>\n<td class=\"extra-tmava-bunka\" style=\"text-align: center;\"><span style=\"font-size: 10pt;\">500<\/span><\/td>\n<\/tr>\n<tr>\n<td><span style=\"font-size: 10pt;\">Puissance minimale&nbsp;Pn<\/span><\/td>\n<td style=\"text-align: center;\"><span style=\"font-size: 10pt;\">kW<\/span><\/td>\n<td style=\"text-align: center;\"><span style=\"font-size: 10pt;\">150<\/span><\/td>\n<td style=\"text-align: center;\"><span style=\"font-size: 10pt;\">200<\/span><\/td>\n<td style=\"text-align: center;\"><span style=\"font-size: 10pt;\">220&nbsp;<\/span><\/td>\n<td style=\"text-align: center;\"><span style=\"font-size: 10pt;\">250<\/span><\/td>\n<td style=\"text-align: center;\"><span style=\"font-size: 10pt;\">300<\/span><\/td>\n<td style=\"text-align: center;\"><span style=\"font-size: 10pt;\">350<\/span><\/td>\n<td style=\"text-align: center;\"><span style=\"font-size: 10pt;\">400<\/span><\/td>\n<td style=\"text-align: center;\"><span style=\"font-size: 10pt;\">450&nbsp;<\/span><\/td>\n<td style=\"text-align: center;\"><span style=\"font-size: 10pt;\">500<\/span><\/td>\n<\/tr>\n<tr>\n<td><span style=\"font-size: 10pt;\">Puissance minimale Pp<\/span><\/td>\n<td style=\"text-align: center;\"><span style=\"font-size: 10pt;\">kW<\/span><\/td>\n<td style=\"text-align: center;\"><span style=\"font-size: 10pt;\">40<\/span><\/td>\n<td style=\"text-align: center;\"><span style=\"font-size: 10pt;\">45<\/span><\/td>\n<td style=\"text-align: center;\"><span style=\"font-size: 10pt;\">55<\/span><\/td>\n<td style=\"text-align: center;\"><span style=\"font-size: 10pt;\">65<\/span><\/td>\n<td style=\"text-align: center;\"><span style=\"font-size: 10pt;\">75<\/span><\/td>\n<td style=\"text-align: center;\"><span style=\"font-size: 10pt;\">90<\/span><\/td>\n<td style=\"text-align: center;\"><span style=\"font-size: 10pt;\">100<\/span><\/td>\n<td style=\"text-align: center;\"><span style=\"font-size: 10pt;\">115&nbsp;<\/span><\/td>\n<td style=\"text-align: center;\"><span style=\"font-size: 10pt;\">140<\/span><\/td>\n<\/tr>\n<tr>\n<td><span style=\"font-size: 10pt;\">Rendement \u00e0 Pn<\/span><\/td>\n<td style=\"text-align: center;\"><span style=\"font-size: 10pt;\">&nbsp;%<\/span><\/td>\n<td style=\"text-align: center;\"><span style=\"font-size: 10pt;\">95<\/span><\/td>\n<td style=\"text-align: center;\"><span style=\"font-size: 10pt;\">95<\/span><\/td>\n<td style=\"text-align: center;\"><span style=\"font-size: 10pt;\">95<\/span><\/td>\n<td style=\"text-align: center;\"><span style=\"font-size: 10pt;\">95<\/span><\/td>\n<td style=\"text-align: center;\"><span style=\"font-size: 10pt;\">95&nbsp;<\/span><\/td>\n<td style=\"text-align: center;\"><span style=\"font-size: 10pt;\">95<\/span><\/td>\n<td style=\"text-align: center;\"><span style=\"font-size: 10pt;\">95<\/span><\/td>\n<td style=\"text-align: center;\"><span style=\"font-size: 10pt;\">95<\/span><\/td>\n<td style=\"text-align: center;\"><span style=\"font-size: 10pt;\">95<\/span><\/td>\n<\/tr>\n<tr>\n<td><span style=\"font-size: 10pt;\">Rendement \u00e0 Pp<\/span><\/td>\n<td style=\"text-align: center;\"><span style=\"font-size: 10pt;\">&nbsp;%<\/span><\/td>\n<td style=\"text-align: center;\"><span style=\"font-size: 10pt;\">96<\/span><\/td>\n<td style=\"text-align: center;\"><span style=\"font-size: 10pt;\">96<\/span><\/td>\n<td style=\"text-align: center;\"><span style=\"font-size: 10pt;\">96<\/span><\/td>\n<td style=\"text-align: center;\"><span style=\"font-size: 10pt;\">96<\/span><\/td>\n<td style=\"text-align: center;\"><span style=\"font-size: 10pt;\">96<\/span><\/td>\n<td style=\"text-align: center;\"><span style=\"font-size: 10pt;\">96<\/span><\/td>\n<td style=\"text-align: center;\"><span style=\"font-size: 10pt;\">96<\/span><\/td>\n<td style=\"text-align: center;\"><span style=\"font-size: 10pt;\">96<\/span><\/td>\n<td style=\"text-align: center;\"><span style=\"font-size: 10pt;\">96<\/span><\/td>\n<\/tr>\n<tr>\n<td><span style=\"font-size: 10pt;\">Classe de chaudi\u00e8re<\/span><\/td>\n<td style=\"text-align: center;\"><span style=\"font-size: 10pt;\">&nbsp;<\/span><\/td>\n<td style=\"text-align: center;\"><span style=\"font-size: 10pt;\">5<\/span><\/td>\n<td style=\"text-align: center;\"><span style=\"font-size: 10pt;\">5<\/span><\/td>\n<td style=\"text-align: center;\"><span style=\"font-size: 10pt;\">5<\/span><\/td>\n<td style=\"text-align: center;\"><span style=\"font-size: 10pt;\">5<\/span><\/td>\n<td style=\"text-align: center;\"><span style=\"font-size: 10pt;\">5<\/span><\/td>\n<td style=\"text-align: center;\"><span style=\"font-size: 10pt;\">5<\/span><\/td>\n<td style=\"text-align: center;\"><span style=\"font-size: 10pt;\">5<\/span><\/td>\n<td style=\"text-align: center;\"><span style=\"font-size: 10pt;\">5<\/span><\/td>\n<td style=\"text-align: center;\"><span style=\"font-size: 10pt;\">5<\/span><\/td>\n<\/tr>\n<\/tbody>\n<\/table>\n<p>&nbsp;<\/p>\n<p>&nbsp;<\/p>\n<table>\n<tbody>\n<tr>\n<td width=\"33%\"><img loading=\"lazy\" decoding=\"async\" class=\"alignnone wp-image-5060\" src=\"http:\/\/www.be-heating.be\/wp-content\/uploads\/2014\/07\/FE-AKU-2000_DN100_CELLA-PV-100_300dpi_logo.png\" alt=\"\" width=\"199\" height=\"299\">&nbsp;<\/td>\n<td width=\"1%\">&nbsp;<\/td>\n<td width=\"33%\"><img loading=\"lazy\" decoding=\"async\" class=\"alignnone wp-image-5061\" src=\"http:\/\/www.be-heating.be\/wp-content\/uploads\/2014\/07\/FE-AKU-2000_G6-4inch_CELLA-PV-100_300dpi_logo.png\" alt=\"\" width=\"199\" height=\"299\">&nbsp;<\/td>\n<td width=\"1%\">&nbsp;<\/td>\n<td width=\"33%\">\n<p>&nbsp;<\/p>\n<p><span class=\"barva-modra\">Ballons d\u2019accumulation<br \/>\n &nbsp;<\/span><\/p>\n<p><a href=\"https:\/\/www.smartheating.cz\/accumulation-tanks\/\">FE AKU<\/a><br \/>\n <a href=\"https:\/\/www.smartheating.cz\/accumulation-tanks\/\">FE AKU ST<\/a><\/p>\n<\/td>\n<\/tr>\n<\/tbody>\n<\/table>\n<p>&nbsp;<\/p>\n<h2>Galerie Photos<\/h2>\nngg_shortcode_0_placeholder\n","protected":false},"excerpt":{"rendered":"<p>CHAUDIERE MOBILE SMART 100 \u00e0 500 \u00e0 1500 kW \u2022 Installation hydraulique compl\u00e8te pr\u00e9-mont\u00e9e d\u2019usine \u2022 Possibilit\u00e9 d\u2019int\u00e9grer au container une chaudi\u00e8re mazout ou gaz en back-up \u2022 Solution compacte, enti\u00e8rement mobile et flexible \u2022 Silo multi combustible pr\u00e9vu pour travailler au pellets ou au bois d\u00e9chiquet\u00e9 \u2022 Chemin\u00e9e compl\u00e8tement int\u00e9gr\u00e9e au container \u2022 Syst\u00e8me [&hellip;]<\/p>\n","protected":false},"author":2,"featured_media":0,"parent":0,"menu_order":0,"comment_status":"closed","ping_status":"closed","template":"page-h1.php","meta":{"ngg_post_thumbnail":0,"footnotes":""},"class_list":["post-4854","page","type-page","status-publish","hentry"],"_links":{"self":[{"href":"https:\/\/www.smartheating.cz\/fr\/wp-json\/wp\/v2\/pages\/4854","targetHints":{"allow":["GET"]}}],"collection":[{"href":"https:\/\/www.smartheating.cz\/fr\/wp-json\/wp\/v2\/pages"}],"about":[{"href":"https:\/\/www.smartheating.cz\/fr\/wp-json\/wp\/v2\/types\/page"}],"author":[{"embeddable":true,"href":"https:\/\/www.smartheating.cz\/fr\/wp-json\/wp\/v2\/users\/2"}],"replies":[{"embeddable":true,"href":"https:\/\/www.smartheating.cz\/fr\/wp-json\/wp\/v2\/comments?post=4854"}],"version-history":[{"count":0,"href":"https:\/\/www.smartheating.cz\/fr\/wp-json\/wp\/v2\/pages\/4854\/revisions"}],"wp:attachment":[{"href":"https:\/\/www.smartheating.cz\/fr\/wp-json\/wp\/v2\/media?parent=4854"}],"curies":[{"name":"wp","href":"https:\/\/api.w.org\/{rel}","templated":true}]}}