{"id":4848,"date":"2014-06-07T09:35:52","date_gmt":"2014-06-07T08:35:52","guid":{"rendered":"http:\/\/www.smartheating.cz\/smart-industrial-park-2\/"},"modified":"2017-08-21T08:03:03","modified_gmt":"2017-08-21T07:03:03","slug":"smart-industrial-park","status":"publish","type":"page","link":"https:\/\/www.smartheating.cz\/fr\/smart-industrial-park\/","title":{"rendered":"Smart Industrial Park"},"content":{"rendered":"<h1>Parc industriel SMART<\/h1>\n<p><strong>Le parc industriel SMART est compos\u00e9 de 3 parties, Smart Technology pour le chauffage, Smart Trading Company pour la fabrication m\u00e9tallique et SMART peinture<\/strong>. Le projet pilote du parc industriel\u00a0SMART a \u00e9t\u00e9 con\u00e7u en 2005, sur une premi\u00e8re zone couvrant 18 000 m<sup>2<\/sup>.<\/p>\n<p>La premi\u00e8re phase du complexe industriel a \u00e9t\u00e9 cr\u00e9\u00e9 en 2005 avec la r\u00e9novation des espaces existants et la reconstruction compl\u00e8te du b\u00e2timent SO 01 (1650 m<sup>2<\/sup>), et en Mars 2006, le SO 03 salle (4000 m<sup>2<\/sup>). La deuxi\u00e8me phase a commenc\u00e9 en Juillet 2007 avec la construction de la plus grande salle de production et de l\u2019entrep\u00f4t SO 04 (couvrant 10 000 m<sup>2<\/sup>), suivi par le SO 05 (1200 m<sup>2<\/sup>) en Ao\u00fbt 2008. La troisi\u00e8me et derni\u00e8re phase a eu lieu au printemps 2010, lorsque toutes les salles de production et les entrep\u00f4ts ont \u00e9t\u00e9 achev\u00e9s et mis en service.<\/p>\n<p>La Smart Trading Company, la SMART peinture et SMART Technologie Chauffage regroupe aujourd\u2019hui une zone de 37 000 m<sup>2<\/sup> de fabrication et est actuellement en augmentation de capacit\u00e9 de production. L&rsquo;expansion des activit\u00e9s d&rsquo;affaires dans le march\u00e9 du chauffage et particuli\u00e8rement du conteneur chaufferie oblige \u00e0 rester actif et constamment agrandir le site.<\/p>\n<p>&nbsp;<\/p>\n<p><img loading=\"lazy\" decoding=\"async\" class=\"alignnone size-full wp-image-559\" src=\"http:\/\/www.be-heating.be\/wp-content\/uploads\/2014\/06\/sht.png\" alt=\"sht\" width=\"395\" height=\"66\" srcset=\"https:\/\/www.smartheating.cz\/wp-content\/uploads\/2014\/06\/sht.png 395w, https:\/\/www.smartheating.cz\/wp-content\/uploads\/2014\/06\/sht-300x50.png 300w\" sizes=\"auto, (max-width: 395px) 100vw, 395px\" \/><\/p>\n<p class=\"relative\"><strong><span lang=\"FR\">Concepteur et fabricant de<\/span><span lang=\"FR\"> solutions de chauffage biomasse compl\u00e8tes et de ses accessoires<\/span>:<img loading=\"lazy\" decoding=\"async\" class=\"alignright wp-image-890\" src=\"http:\/\/www.be-heating.be\/wp-content\/uploads\/2014\/06\/SMART_A4_Kotle_Tisk_v2_Airflow-22.png\" alt=\"SMART_A4_Kotle_Tisk_v2_Airflow-22\" width=\"420\" height=\"181\" srcset=\"https:\/\/www.smartheating.cz\/wp-content\/uploads\/2014\/06\/SMART_A4_Kotle_Tisk_v2_Airflow-22.png 677w, https:\/\/www.smartheating.cz\/wp-content\/uploads\/2014\/06\/SMART_A4_Kotle_Tisk_v2_Airflow-22-300x129.png 300w, https:\/\/www.smartheating.cz\/wp-content\/uploads\/2014\/06\/SMART_A4_Kotle_Tisk_v2_Airflow-22-600x258.png 600w\" sizes=\"auto, (max-width: 420px) 100vw, 420px\" \/><\/strong><br \/>\n<strong><span class=\"barva-cervena\">\u2022<\/span><\/strong> Chaudi\u00e8res automatiques biomasse domestiques<br \/>\n\u00a0 de 60\u2013100 kW<br \/>\n<strong><span class=\"barva-cervena\">\u2022<\/span> <\/strong>Chaudi\u00e8res automatiques biomasse industrielles<br \/>\n\u00a0 de 150\u2013500\u20131500 kW<br \/>\n<strong><span class=\"barva-cervena\">\u2022<\/span> <\/strong>Chaufferie pr\u00e9-mont\u00e9e en conteneur, solution<br \/>\n\u00a0\u00a0 mobile Plug &amp; Play<br \/>\n<strong><span class=\"barva-cervena\">\u2022<\/span> <\/strong>Convoyeurs de carburant sp\u00e9ciales et Solutions<br \/>\n\u00a0\u00a0 sp\u00e9cifiques de Silos<br \/>\n<strong><span class=\"barva-cervena\">\u2022<\/span> <\/strong>Mesures et r\u00e9gulation des circuits de chauffage,<br \/>\n\u00a0 gestion du syst\u00e8me<br \/>\n<strong><span class=\"barva-cervena\">\u2022<\/span> <\/strong>Unit\u00e9s de filtration sp\u00e9ciales pour combustible sp\u00e9cifique<\/p>\n<p>&nbsp;<\/p>\n<p class=\"mezera-dole-0\"><img loading=\"lazy\" decoding=\"async\" class=\"alignnone size-full wp-image-560\" src=\"http:\/\/www.be-heating.be\/wp-content\/uploads\/2014\/06\/sht-3.png\" alt=\"sht-3\" width=\"267\" height=\"59\" \/><a href=\"http:\/\/sh.kvalitni-web.cz\/wp-content\/uploads\/2014\/06\/sht-3.png\"><br \/>\n<\/a><\/p>\n<table>\n<tbody>\n<tr>\n<td width=\"66%\">\n<p>Entreprise de m\u00e9cano-soudage couvrant une large gamme de possibilit\u00e9, utilisant la technologie CNC:<\/p>\n<p><strong><span class=\"barva-cervena\">\u2022<\/span> <\/strong>Fabrication d\u2019armoires de t\u00e9l\u00e9communication<br \/>\n\u00a0\u00a0(pour l\u2019int\u00e9rieur et l\u2019ext\u00e9rieur).<br \/>\n<strong><span class=\"barva-cervena\">\u2022<\/span> <\/strong>Fabrication de support et de composants m\u00e9caniques<br \/>\n\u00a0\u00a0pour l&rsquo;\u00e9lectronique.<br \/>\n<strong><span class=\"barva-cervena\">\u2022<\/span> <\/strong>Fabrication de grosses structures, traitement de t\u00f4le.<br \/>\n\u00a0 Composants m\u00e9caniques pour l&rsquo;industrie de puissance,<br \/>\n\u00a0\u00a0courant lourd\u00a0 et de t\u00e9l\u00e9communication.<br \/>\n<strong><span class=\"barva-cervena\">\u2022<\/span> <\/strong>Composants en cuivre pour l\u2019\u00e9lectrotechnique.<br \/>\n<strong><span class=\"barva-cervena\">\u2022<\/span> <\/strong>Fabrication de rayonnage, \u00e9tag\u00e8res industrielles pour hall.<br \/>\n<strong><span class=\"barva-cervena\">\u2022<\/span> <\/strong>Diff\u00e9rents rev\u00eatements et recouvrement, habillage de machines.<\/p>\n<p>&nbsp;<\/p>\n<p>&nbsp;<\/p>\n<\/td>\n<td width=\"1%\">\u00a0<\/td>\n<td width=\"33%\"><img loading=\"lazy\" decoding=\"async\" class=\"alignnone size-full wp-image-579\" src=\"http:\/\/www.be-heating.be\/wp-content\/uploads\/2014\/06\/sht-5.jpg\" alt=\"sht-5\" width=\"278\" height=\"208\" \/><\/td>\n<\/tr>\n<\/tbody>\n<\/table>\n<p class=\"mezera-dole-0\">\u00a0<\/p>\n<p class=\"mezera-dole-0\"><span class=\"mezera-dole-0\"><img loading=\"lazy\" decoding=\"async\" class=\"alignnone size-full wp-image-561\" src=\"http:\/\/www.be-heating.be\/wp-content\/uploads\/2014\/06\/sht-4.png\" alt=\"sht-4\" width=\"267\" height=\"70\" \/><\/span><\/p>\n<table>\n<tbody>\n<tr>\n<td width=\"66%\">\n<p><strong><span class=\"barva-cervena\">\u2022 <\/span><\/strong><span lang=\"FR\">Peinture par poudrage<\/span><span lang=\"FR\"> en ligne continue, enti\u00e8rement automatique<\/span><br \/>\n<strong><span class=\"barva-cervena\">\u2022<\/span> <\/strong>Peinture par poudrage manuel dans 6 cellules adapt\u00e9es<br \/>\n<strong><span class=\"barva-cervena\">\u2022 <\/span><\/strong>S\u00e9rigraphie<br \/>\n<strong><span class=\"barva-cervena\">\u2022 <\/span><\/strong>Application de peinture sp\u00e9cifique au pistolet<br \/>\n<strong><span class=\"barva-cervena\">\u2022 <\/span><\/strong>Lettrage et d\u00e9coupe sur mesure (feuille autocollante)<\/p>\n<\/td>\n<td width=\"1%\">\u00a0<\/td>\n<td width=\"33%\"><img loading=\"lazy\" decoding=\"async\" class=\"size-full wp-image-569 alignright\" src=\"http:\/\/www.be-heating.be\/wp-content\/uploads\/2014\/06\/sht-7.jpg\" alt=\"sht-7\" width=\"278\" height=\"186\" \/><\/td>\n<\/tr>\n<\/tbody>\n<\/table>\n<p><img loading=\"lazy\" decoding=\"async\" class=\"alignnone size-full wp-image-562\" src=\"http:\/\/www.be-heating.be\/wp-content\/uploads\/2014\/06\/sht-6.jpg\" alt=\"sht-6\" width=\"864\" height=\"181\" srcset=\"https:\/\/www.smartheating.cz\/wp-content\/uploads\/2014\/06\/sht-6.jpg 864w, https:\/\/www.smartheating.cz\/wp-content\/uploads\/2014\/06\/sht-6-300x62.jpg 300w, https:\/\/www.smartheating.cz\/wp-content\/uploads\/2014\/06\/sht-6-600x125.jpg 600w\" sizes=\"auto, (max-width: 864px) 100vw, 864px\" \/><\/p>\n<p><img loading=\"lazy\" decoding=\"async\" class=\"alignnone size-full wp-image-563\" src=\"http:\/\/www.be-heating.be\/wp-content\/uploads\/2014\/06\/sht-2.png\" alt=\"sht-2\" width=\"863\" height=\"98\" srcset=\"https:\/\/www.smartheating.cz\/wp-content\/uploads\/2014\/06\/sht-2.png 863w, https:\/\/www.smartheating.cz\/wp-content\/uploads\/2014\/06\/sht-2-300x34.png 300w, https:\/\/www.smartheating.cz\/wp-content\/uploads\/2014\/06\/sht-2-600x68.png 600w\" sizes=\"auto, (max-width: 863px) 100vw, 863px\" \/><\/p>\n<h2><span lang=\"FR\">Autres proc\u00e9d\u00e9s de fabrication<\/span><span lang=\"FR\"> \u00ab\u00a0sous le m\u00eame toit\u00a0\u00bb:<\/span><\/h2>\n<p><strong><span class=\"barva-cervena\">\u2022<\/span> <\/strong>Soudage et meulage (TIG, MIG, Arc, par point, soudage laser robotis\u00e9)<br \/>\n<span class=\"barva-cervena\"><strong>\u2022<\/strong><\/span>\u00a0Forage, taraudage, tournage, fraisage, rectification surface<br \/>\n<span class=\"barva-cervena\"><strong>\u2022<\/strong><\/span>\u00a0Les travaux de montage, de m\u00e9cano-fixation, de rivetage<br \/>\n<span class=\"barva-cervena\"><strong>\u2022<\/strong><\/span>\u00a0Travaux d&rsquo;assemblage final, l&rsquo;isolation et pose de joints<br \/>\n<span class=\"barva-cervena\"><strong>\u2022<\/strong><\/span>\u00a0Pi\u00e8ces en cuivre traitement thermique et chimique complet<br \/>\n<span class=\"barva-cervena\"><strong>\u2022<\/strong><\/span>\u00a0T\u00f4lerie et toute ses applications, d\u00e9pose de feuille de protection<br \/>\n<span class=\"barva-cervena\"><strong>\u2022<\/strong><\/span>\u00a0Presse hydraulique (160 tonnes)<br \/>\n<span class=\"barva-cervena\"><strong>\u2022<\/strong><\/span> Traitements de surface: poudrage et peinture liquide, rev\u00eatement de zinc,<br \/>\n\u00a0\u00a0 rev\u00eatement d&rsquo;\u00e9tain, rev\u00eatement de nickel, anodisation<br \/>\n<span class=\"barva-cervena\"><strong>\u2022<\/strong><\/span>\u00a0Visualisation 3D et plan de conceptio<\/p>\n<p>&nbsp;<\/p>\n<p><img loading=\"lazy\" decoding=\"async\" class=\"alignnone size-full wp-image-461\" src=\"http:\/\/www.smartheating.cz\/wp-content\/uploads\/2014\/06\/kontakt-areal.png\" alt=\"kontakt-areal\" width=\"862\" height=\"586\" srcset=\"https:\/\/www.smartheating.cz\/wp-content\/uploads\/2014\/06\/kontakt-areal.png 862w, https:\/\/www.smartheating.cz\/wp-content\/uploads\/2014\/06\/kontakt-areal-300x203.png 300w, https:\/\/www.smartheating.cz\/wp-content\/uploads\/2014\/06\/kontakt-areal-600x407.png 600w\" sizes=\"auto, (max-width: 862px) 100vw, 862px\" \/><\/p>\n","protected":false},"excerpt":{"rendered":"<p>Parc industriel SMART Le parc industriel SMART est compos\u00e9 de 3 parties, Smart Technology pour le chauffage, Smart Trading Company pour la fabrication m\u00e9tallique et SMART peinture. Le projet pilote du parc industriel\u00a0SMART a \u00e9t\u00e9 con\u00e7u en 2005, sur une premi\u00e8re zone couvrant 18 000 m2. La premi\u00e8re phase du complexe industriel a \u00e9t\u00e9 cr\u00e9\u00e9 [&hellip;]<\/p>\n","protected":false},"author":1,"featured_media":0,"parent":0,"menu_order":54,"comment_status":"closed","ping_status":"closed","template":"page-h1.php","meta":{"ngg_post_thumbnail":0,"footnotes":""},"class_list":["post-4848","page","type-page","status-publish","hentry"],"_links":{"self":[{"href":"https:\/\/www.smartheating.cz\/fr\/wp-json\/wp\/v2\/pages\/4848","targetHints":{"allow":["GET"]}}],"collection":[{"href":"https:\/\/www.smartheating.cz\/fr\/wp-json\/wp\/v2\/pages"}],"about":[{"href":"https:\/\/www.smartheating.cz\/fr\/wp-json\/wp\/v2\/types\/page"}],"author":[{"embeddable":true,"href":"https:\/\/www.smartheating.cz\/fr\/wp-json\/wp\/v2\/users\/1"}],"replies":[{"embeddable":true,"href":"https:\/\/www.smartheating.cz\/fr\/wp-json\/wp\/v2\/comments?post=4848"}],"version-history":[{"count":0,"href":"https:\/\/www.smartheating.cz\/fr\/wp-json\/wp\/v2\/pages\/4848\/revisions"}],"wp:attachment":[{"href":"https:\/\/www.smartheating.cz\/fr\/wp-json\/wp\/v2\/media?parent=4848"}],"curies":[{"name":"wp","href":"https:\/\/api.w.org\/{rel}","templated":true}]}}