{"id":20720,"date":"2016-09-26T15:37:28","date_gmt":"2016-09-26T14:37:28","guid":{"rendered":"http:\/\/www.smartheating.cz\/fr\/smart-air-heaters-360\/"},"modified":"2016-11-03T13:26:18","modified_gmt":"2016-11-03T12:26:18","slug":"smart-air-heaters-360","status":"publish","type":"page","link":"https:\/\/www.smartheating.cz\/fr\/smart-air-heaters-360\/","title":{"rendered":"A\u00e9rotherme 360 \u00b0 SMART"},"content":{"rendered":"<h1 class=\"title\"><strong>\u00a0<img loading=\"lazy\" decoding=\"async\" class=\"wp-image-20389 alignright\" src=\"http:\/\/www.smartheating.cz\/wp-content\/uploads\/2016\/09\/Multiheat_image2.png\" width=\"659\" height=\"422\" srcset=\"https:\/\/www.smartheating.cz\/wp-content\/uploads\/2016\/09\/Multiheat_image2.png 864w, https:\/\/www.smartheating.cz\/wp-content\/uploads\/2016\/09\/Multiheat_image2-300x192.png 300w, https:\/\/www.smartheating.cz\/wp-content\/uploads\/2016\/09\/Multiheat_image2-768x492.png 768w, https:\/\/www.smartheating.cz\/wp-content\/uploads\/2016\/09\/Multiheat_image2-600x384.png 600w\" sizes=\"auto, (max-width: 659px) 100vw, 659px\" \/><\/strong><\/h1>\n<p>&nbsp;<\/p>\n<p class=\"subtitle\">\u00a0<\/p>\n<p>\n <b><\/b><i><\/i><u><\/u><\/p>\n<p>&nbsp;<\/p>\n<p>&nbsp;<\/p>\n<p><span class=\"barva-modra\">\u00a0<\/span>\u00a0\u00a0<\/p>\n<p>&nbsp;<\/p>\n<p>&nbsp;<\/p>\n<p>&nbsp;<\/p>\n<p>\n \u00a0<span class=\"barva-modra\">\u2022 Corps l\u00e9ger en ABS \u2022 jet d\u2019air de 15-30 m\u00e8tres \u00e0 360 \u00b0 \u2022 Flaps en acier inoxydable pour la r\u00e9gulation du d\u00e9bit d&rsquo;air \u2022 \u00c9changeur double couche protectrice\u00a0 \u2022 Capacit\u00e9&gt; 10.000 m<sup>3<\/sup>\/heure \u2022 Chauffage \/ s\u00e9chage sans production de CO<sub>2<\/sub> \u2022 Id\u00e9al pour environnement animalier car Chaleur s\u00e8che \u2022 R\u00e9duit les probl\u00e8mes d\u2019humidit\u00e9 des liti\u00e8res animales et r\u00e9duire les besoins en antibiotiques \u2022 Diminue le niveau NH<sub>2<\/sub> dans les \u00e9tables \u2022 Id\u00e9al pour\u00a0 pr\u00e9chauffer les sols dans les \u00e9levages aviaires \u2022 Nettoyage et maintenance facile\u00a0!<\/span><\/p>\n<h2 dir=\"LTR\" align=\"LEFT\">\u00a0<\/h2>\n<table class=\" alignright\" style=\"width: 207.5px;\">\n<tbody>\n<tr style=\"height: 109px;\">\n<td style=\"width: 204.5px; height: 109px;\">\n<p><a href=\"http:\/\/www.smartheating.cz\/wp-content\/uploads\/2016\/09\/Smart-Air-Heater-1.png\"><img loading=\"lazy\" decoding=\"async\" class=\"alignnone wp-image-20323\" src=\"http:\/\/www.smartheating.cz\/wp-content\/uploads\/2016\/09\/Smart-Air-Heater-1.png\" alt=\"smart-air-heater-1\" width=\"200\" height=\"99\" srcset=\"https:\/\/www.smartheating.cz\/wp-content\/uploads\/2016\/09\/Smart-Air-Heater-1.png 400w, https:\/\/www.smartheating.cz\/wp-content\/uploads\/2016\/09\/Smart-Air-Heater-1-300x148.png 300w\" sizes=\"auto, (max-width: 200px) 100vw, 200px\" \/><\/a><br \/>\n \u00a0<\/p>\n<\/td>\n<\/tr>\n<tr style=\"height: 127px;\">\n<td style=\"width: 204.5px; height: 127px;\"><a href=\"http:\/\/www.smartheating.cz\/wp-content\/uploads\/2016\/09\/Smart-Air-Heater-2.png\"><img loading=\"lazy\" decoding=\"async\" class=\"alignnone wp-image-20334\" src=\"http:\/\/www.smartheating.cz\/wp-content\/uploads\/2016\/09\/Smart-Air-Heater-2.png\" alt=\"smart-air-heater-2\" width=\"200\" height=\"99\" srcset=\"https:\/\/www.smartheating.cz\/wp-content\/uploads\/2016\/09\/Smart-Air-Heater-2.png 400w, https:\/\/www.smartheating.cz\/wp-content\/uploads\/2016\/09\/Smart-Air-Heater-2-300x148.png 300w\" sizes=\"auto, (max-width: 200px) 100vw, 200px\" \/><\/a><br \/>\n \u00a0<\/td>\n<\/tr>\n<tr style=\"height: 120.28px;\">\n<td style=\"width: 204.5px; height: 120.28px;\"><a href=\"http:\/\/www.smartheating.cz\/wp-content\/uploads\/2016\/09\/Smart-Air-Heater-3.png\"><img loading=\"lazy\" decoding=\"async\" class=\"alignnone wp-image-20345\" src=\"http:\/\/www.smartheating.cz\/wp-content\/uploads\/2016\/09\/Smart-Air-Heater-3.png\" alt=\"smart-air-heater-3\" width=\"200\" height=\"99\" srcset=\"https:\/\/www.smartheating.cz\/wp-content\/uploads\/2016\/09\/Smart-Air-Heater-3.png 400w, https:\/\/www.smartheating.cz\/wp-content\/uploads\/2016\/09\/Smart-Air-Heater-3-300x148.png 300w\" sizes=\"auto, (max-width: 200px) 100vw, 200px\" \/><\/a><br \/>\n \u00a0<\/td>\n<\/tr>\n<tr style=\"height: 109px;\">\n<td style=\"width: 204.5px; height: 109px;\"><a href=\"http:\/\/www.smartheating.cz\/wp-content\/uploads\/2016\/09\/Smart-Air-Heater-4.png\"><img loading=\"lazy\" decoding=\"async\" class=\"alignnone wp-image-20356\" src=\"http:\/\/www.smartheating.cz\/wp-content\/uploads\/2016\/09\/Smart-Air-Heater-4.png\" alt=\"smart-air-heater-4\" width=\"200\" height=\"99\" srcset=\"https:\/\/www.smartheating.cz\/wp-content\/uploads\/2016\/09\/Smart-Air-Heater-4.png 400w, https:\/\/www.smartheating.cz\/wp-content\/uploads\/2016\/09\/Smart-Air-Heater-4-300x148.png 300w\" sizes=\"auto, (max-width: 200px) 100vw, 200px\" \/><\/a><br \/>\n \u00a0<\/td>\n<\/tr>\n<tr style=\"height: 177px;\">\n<td style=\"width: 204.5px; height: 177px;\"><a href=\"http:\/\/www.smartheating.cz\/wp-content\/uploads\/2016\/09\/Smart-Air-Heater-5.png\"><img loading=\"lazy\" decoding=\"async\" class=\"alignnone wp-image-20367\" src=\"http:\/\/www.smartheating.cz\/wp-content\/uploads\/2016\/09\/Smart-Air-Heater-5.png\" alt=\"smart-air-heater-5\" width=\"200\" height=\"167\" srcset=\"https:\/\/www.smartheating.cz\/wp-content\/uploads\/2016\/09\/Smart-Air-Heater-5.png 400w, https:\/\/www.smartheating.cz\/wp-content\/uploads\/2016\/09\/Smart-Air-Heater-5-300x250.png 300w\" sizes=\"auto, (max-width: 200px) 100vw, 200px\" \/><\/a><\/td>\n<\/tr>\n<\/tbody>\n<\/table>\n<h2 dir=\"LTR\" align=\"LEFT\">A\u00e9rotherme Smart Air 360 \u00b0 une unit\u00e9 de distribution d&rsquo;air unique\u00a0!<\/h2>\n<p><span class=\"barva-modra\">L&rsquo;unit\u00e9 Smart Air 360 \u00b0 se compose d&rsquo;un \u00e9changeur de chaleur \u00e0 haut rendement, <\/span><span class=\"barva-modra\">D\u2019un ventilateur axial et d\u2019un dispositif de distribution d\u2019air unique. L&rsquo;eau chaude est fournie <\/span><span class=\"barva-modra\">Par la chaudi\u00e8re externe et traverse l&rsquo;\u00e9changeur de chaleur. Le ventilateur aspire <\/span><span class=\"barva-modra\">L&rsquo;air int\u00e9rieur de l&rsquo;immeuble \u00e0 travers l&rsquo;\u00e9changeur de chaleur et pousse. <\/span><span class=\"barva-modra\">L&rsquo;air chaud au travers des 6 sorties d&rsquo;air.<\/span><\/p>\n<p><span class=\"barva-modra\">La quantit\u00e9 d&rsquo;air et les directions peuvent \u00eatre ajust\u00e9es par les volets internes de <\/span><span class=\"barva-modra\">Chaque sortie d&rsquo;air. Les unit\u00e9s sont suspendues au milieu du b\u00e2timent. <\/span><span class=\"barva-modra\">Une r\u00e9partition id\u00e9ale est garantie dans tous les coins du b\u00e2timent.<\/span><\/p>\n<p><span class=\"barva-modra\">L&rsquo;air peut \u00eatre distribu\u00e9 jusqu&rsquo;\u00e0 15 m, et donc id\u00e9al pour les halls de 30 m de large.<\/span><\/p>\n<p>&nbsp;<\/p>\n<h2><span class=\"barva-modra\">Recirculation d\u2019air<\/span><\/h2>\n<p><span class=\"barva-modra\">L&rsquo;air chaud atteint les flancs et les coins du hall et monte naturellement au plafond, o\u00f9 il retourne<\/span><\/p>\n<p><span class=\"barva-modra\">vers l\u2019a\u00e9rotherme qui l\u2019aspire pour une recirculation d\u2019air chaud.<\/span><\/p>\n<p>&nbsp;<\/p>\n<h2>Avantages<\/h2>\n<p><span class=\"barva-cervena\"><span style=\"color: #255aa3;\"><strong><span class=\"barva-cervena\">\u2022 <\/span><\/strong>Distribution homog\u00e8ne de la chaleur<br \/>\n <\/span><strong>\u2022<\/strong> <span style=\"color: #255aa3;\">Gain en \u00e9nergie<br \/>\n <\/span><\/span><span style=\"color: #255aa3;\"><span class=\"barva-cervena\"><strong>\u2022<\/strong>\u00a0<\/span>Pas de risque, pas de flamme nue<\/span><span style=\"color: #255aa3;\"><br \/>\n <span class=\"barva-cervena\"><strong>\u2022<\/strong> <\/span>Mat\u00e9riau ABS r\u00e9sistant et l\u00e9ger<br \/>\n <span class=\"barva-cervena\"><strong>\u2022<\/strong> <\/span>Possibilit\u00e9 d\u2019utilisation en refroidissement<br \/>\n <\/span><\/p>\n<p><span class=\"barva-modra\" style=\"font-size: 10pt;\">L&rsquo;unit\u00e9 est brevet\u00e9e et enregistr\u00e9e.<\/span><\/p>\n<h2>\u00a0<\/h2>\n<table class=\" tabulka\" style=\"width: 678.14px;\">\n<tbody>\n<tr style=\"height: 24px;\">\n<td class=\"extra-tmava-bunka\" style=\"width: 115.3px; height: 24px;\"><span style=\"font-size: 10pt;\">\u00a0<\/span><\/td>\n<td class=\"extra-tmava-bunka\" style=\"width: 44.9px; height: 24px; text-align: center;\"><span style=\"font-size: 10pt;\">\u00a0<\/span><\/td>\n<td class=\"extra-tmava-bunka\" style=\"width: 112.18px; height: 24px; text-align: center;\"><span style=\"font-size: 10pt;\">Smart A\u00e9rotherme 25 <\/span><\/td>\n<td class=\"extra-tmava-bunka\" style=\"width: 112.18px; height: 24px; text-align: center;\"><span style=\"font-size: 10pt;\">Smart A\u00e9rotherme 50<\/span><\/td>\n<td class=\"extra-tmava-bunka\" style=\"width: 112.18px; height: 24px; text-align: center;\"><span style=\"font-size: 10pt;\">Smart A\u00e9rotherme 60<\/span><\/td>\n<td class=\"extra-tmava-bunka\" style=\"width: 114.4px; height: 24px; text-align: center;\"><span style=\"font-size: 10pt;\">Smart A\u00e9rotherme 70<\/span><\/td>\n<\/tr>\n<tr style=\"height: 24px;\">\n<td style=\"width: 115.3px; height: 24px;\"><span style=\"font-size: 10pt;\">D\u00e9bit d\u2019air<\/span><\/td>\n<td style=\"width: 44.9px; height: 24px; text-align: center;\"><span style=\"font-size: 10pt;\">\u00a0<\/span><\/td>\n<td style=\"width: 112.18px; height: 24px; text-align: center;\"><span style=\"font-size: 10pt;\">3 000 m<sup>3<\/sup>\/h<\/span><\/td>\n<td style=\"width: 112.18px; height: 24px; text-align: center;\"><span style=\"font-size: 10pt;\">10 400 m<sup>3<\/sup>\/h<\/span><\/td>\n<td style=\"width: 112.18px; height: 24px; text-align: center;\"><span style=\"font-size: 10pt;\">10 400 m<sup>3<\/sup>\/h<\/span><\/td>\n<td style=\"width: 114.4px; height: 24px; text-align: center;\"><span style=\"font-size: 10pt;\">10 400 m<sup>3<\/sup>\/h<\/span><\/td>\n<\/tr>\n<tr style=\"height: 24px;\">\n<td style=\"width: 115.3px; height: 24px;\"><span style=\"font-size: 10pt;\">Ventilateur<\/span><\/td>\n<td style=\"width: 44.9px; height: 24px; text-align: center;\"><span style=\"font-size: 10pt;\">\u00a0<\/span><\/td>\n<td style=\"width: 112.18px; height: 24px; text-align: center;\"><span style=\"font-size: 10pt;\">230 V\/0,9 A<br \/>\n 170 W\/ 1400 RPM<\/span><\/td>\n<td style=\"width: 112.18px; height: 24px; text-align: center;\"><span style=\"font-size: 10pt;\">400 V\/1,3 A<br \/>\n 600 W\/900 RPM<\/span><\/td>\n<td style=\"width: 112.18px; height: 24px; text-align: center;\"><span style=\"font-size: 10pt;\">400 V\/1,3 A<br \/>\n 600 W\/900 RPM<\/span><\/td>\n<td style=\"width: 114.4px; height: 24px; text-align: center;\"><span style=\"font-size: 10pt;\">400 V\/1,3 A<br \/>\n 600 W\/900 RPM<\/span><\/td>\n<\/tr>\n<tr style=\"height: 24.22px;\">\n<td style=\"width: 115.3px; height: 24.22px;\"><span style=\"font-size: 10pt;\">Dimensions<\/span><\/td>\n<td style=\"width: 44.9px; height: 24.22px; text-align: center;\"><span style=\"font-size: 10pt;\">\u00a0<\/span><\/td>\n<td style=\"width: 112.18px; height: 24.22px; text-align: center;\"><span style=\"font-size: 10pt;\">830 x 535 x 860<\/span><\/td>\n<td style=\"width: 112.18px; height: 24.22px; text-align: center;\"><span style=\"font-size: 10pt;\">1115 x 1062 x 920<\/span><\/td>\n<td style=\"width: 112.18px; height: 24.22px; text-align: center;\"><span style=\"font-size: 10pt;\">1115 x 1062 x 950<\/span><\/td>\n<td style=\"width: 114.4px; height: 24.22px; text-align: center;\"><span style=\"font-size: 10pt;\">1115 x 1062 x 980<\/span><\/td>\n<\/tr>\n<tr style=\"height: 24px;\">\n<td style=\"width: 115.3px; height: 24px;\"><span style=\"font-size: 10pt;\">Raccords eau<\/span><\/td>\n<td style=\"width: 44.9px; height: 24px; text-align: center;\"><span style=\"font-size: 10pt;\">\u00a0<\/span><\/td>\n<td style=\"width: 112.18px; height: 24px; text-align: center;\"><span style=\"font-size: 10pt;\">G 3\/4\u201d<\/span><\/td>\n<td style=\"width: 112.18px; height: 24px; text-align: center;\"><span style=\"font-size: 10pt;\">G 1\u201d<\/span><\/td>\n<td style=\"width: 112.18px; height: 24px; text-align: center;\"><span style=\"font-size: 10pt;\">G 5\/4\u201d<\/span><\/td>\n<td style=\"width: 114.4px; height: 24px; text-align: center;\"><span style=\"font-size: 10pt;\">G 5\/4\u201d<\/span><\/td>\n<\/tr>\n<tr style=\"height: 24px;\">\n<td style=\"width: 115.3px; height: 24px;\"><span style=\"font-size: 10pt;\">Poids eau inclue<\/span><\/td>\n<td style=\"width: 44.9px; height: 24px; text-align: center;\"><span style=\"font-size: 10pt;\">\u00a0<\/span><\/td>\n<td style=\"width: 112.18px; height: 24px; text-align: center;\"><span style=\"font-size: 10pt;\">32 kg<\/span><\/td>\n<td style=\"width: 112.18px; height: 24px; text-align: center;\"><span style=\"font-size: 10pt;\">82 kg<\/span><\/td>\n<td style=\"width: 112.18px; height: 24px; text-align: center;\"><span style=\"font-size: 10pt;\">86 kg<\/span><\/td>\n<td style=\"width: 114.4px; height: 24px; text-align: center;\"><span style=\"font-size: 10pt;\">90 kg<\/span><\/td>\n<\/tr>\n<tr style=\"height: 24px;\">\n<td class=\"extra-tmava-bunka\" style=\"width: 115.3px; height: 24px;\"><span style=\"font-size: 10pt;\">\u00a0<\/span><\/td>\n<td class=\"extra-tmava-bunka\" style=\"width: 44.9px; height: 24px;\"><span style=\"font-size: 10pt;\">\u00a0<\/span><\/td>\n<td class=\"extra-tmava-bunka\" style=\"width: 483.94px; height: 24px; text-align: center;\" colspan=\"4\"><span style=\"font-size: 10pt;\">Performance at 80 \u00b0C \u2013 65 \u00b0C water temperature<\/span><\/td>\n<\/tr>\n<tr style=\"height: 24px;\">\n<td style=\"width: 115.3px; height: 24px;\"><span style=\"font-size: 10pt;\">Temp. Ambiance:<\/span><\/td>\n<td style=\"width: 44.9px; height: 24px; text-align: center;\"><span style=\"font-size: 10pt;\">20 \u00b0C<\/span><\/td>\n<td style=\"width: 112.18px; height: 24px; text-align: center;\"><span style=\"font-size: 10pt;\">28 kW &#8211; 1,3 m<sup>3<\/sup>\/h &#8211; 20 kPa<\/span><\/td>\n<td style=\"width: 112.18px; height: 24px; text-align: center;\"><span style=\"font-size: 10pt;\">75 kW &#8211; 3,3 m<sup>3<\/sup>\/h &#8211; 37 kPa<\/span><\/td>\n<td style=\"width: 112.18px; height: 24px; text-align: center;\"><span style=\"font-size: 10pt;\">93 kW &#8211; 4,2 m<sup>3<\/sup>\/h &#8211; 35 kPa<\/span><\/td>\n<td style=\"width: 114.4px; height: 24px; text-align: center;\"><span style=\"font-size: 10pt;\">111 kW &#8211; 4,9 m<sup>3<\/sup>\/h &#8211;\u00a038 kPa<\/span><\/td>\n<\/tr>\n<tr style=\"height: 24px;\">\n<td class=\"extra-tmava-bunka\" style=\"width: 115.3px; height: 24px;\"><span style=\"font-size: 10pt;\">Poids eau inclue<\/span><\/td>\n<td class=\"extra-tmava-bunka\" style=\"width: 44.9px; height: 24px; text-align: center;\"><span style=\"font-size: 10pt;\">\u00a0<\/span><\/td>\n<td class=\"extra-tmava-bunka\" style=\"width: 483.94px; height: 24px; text-align: center;\" colspan=\"4\"><span style=\"font-size: 10pt;\">Performance at 80 \u00b0C \u2013 65 \u00b0C water temperature<\/span><\/td>\n<\/tr>\n<tr style=\"height: 24px;\">\n<td style=\"width: 115.3px; height: 24px;\"><span style=\"font-size: 10pt;\">Temp. Ambiance<\/span><\/td>\n<td style=\"width: 44.9px; height: 24px; text-align: center;\"><span style=\"font-size: 10pt;\">20 \u00b0C<\/span><\/td>\n<td style=\"width: 112.18px; height: 24px; text-align: center;\"><span style=\"font-size: 10pt;\">25 kW &#8211; 1,5 m<sup>3<\/sup>\/h &#8211; 27 kPa<\/span><\/td>\n<td style=\"width: 112.18px; height: 24px; text-align: center;\"><span style=\"font-size: 10pt;\">66 kW &#8211; 3,9 m<sup>3<\/sup>\/h &#8211; 50 kPa<\/span><\/td>\n<td style=\"width: 112.18px; height: 24px; text-align: center;\"><span style=\"font-size: 10pt;\">82 kW &#8211; 4,8 m<sup>3<\/sup>\/h &#8211; 47 kPa<\/span><\/td>\n<td style=\"width: 114.4px; height: 24px; text-align: center;\"><span style=\"font-size: 10pt;\">97 kW &#8211; 5,7 m<sup>3<\/sup>\/h &#8211; 51 kPa<\/span><\/td>\n<\/tr>\n<\/tbody>\n<\/table>\n<p>&nbsp;<\/p>\n<h2>Galerie Photos:<\/h2>\n<p>&nbsp;<\/p>\n","protected":false},"excerpt":{"rendered":"<p>\u00a0 &nbsp; \u00a0 &nbsp; &nbsp; \u00a0\u00a0\u00a0 &nbsp; &nbsp; &nbsp; \u00a0\u2022 Corps l\u00e9ger en ABS \u2022 jet d\u2019air de 15-30 m\u00e8tres \u00e0 360 \u00b0 \u2022 Flaps en acier inoxydable pour la r\u00e9gulation du d\u00e9bit d&rsquo;air \u2022 \u00c9changeur double couche protectrice\u00a0 \u2022 Capacit\u00e9&gt; 10.000 m3\/heure \u2022 Chauffage \/ s\u00e9chage sans production de CO2 \u2022 Id\u00e9al pour environnement [&hellip;]<\/p>\n","protected":false},"author":2,"featured_media":0,"parent":0,"menu_order":0,"comment_status":"closed","ping_status":"closed","template":"","meta":{"ngg_post_thumbnail":0,"footnotes":""},"class_list":["post-20720","page","type-page","status-publish","hentry"],"_links":{"self":[{"href":"https:\/\/www.smartheating.cz\/fr\/wp-json\/wp\/v2\/pages\/20720","targetHints":{"allow":["GET"]}}],"collection":[{"href":"https:\/\/www.smartheating.cz\/fr\/wp-json\/wp\/v2\/pages"}],"about":[{"href":"https:\/\/www.smartheating.cz\/fr\/wp-json\/wp\/v2\/types\/page"}],"author":[{"embeddable":true,"href":"https:\/\/www.smartheating.cz\/fr\/wp-json\/wp\/v2\/users\/2"}],"replies":[{"embeddable":true,"href":"https:\/\/www.smartheating.cz\/fr\/wp-json\/wp\/v2\/comments?post=20720"}],"version-history":[{"count":0,"href":"https:\/\/www.smartheating.cz\/fr\/wp-json\/wp\/v2\/pages\/20720\/revisions"}],"wp:attachment":[{"href":"https:\/\/www.smartheating.cz\/fr\/wp-json\/wp\/v2\/media?parent=20720"}],"curies":[{"name":"wp","href":"https:\/\/api.w.org\/{rel}","templated":true}]}}