{"id":5205,"date":"2015-07-17T09:57:10","date_gmt":"2015-07-17T08:57:10","guid":{"rendered":"http:\/\/www.smartheating.cz\/?page_id=5205"},"modified":"2018-02-01T14:54:26","modified_gmt":"2018-02-01T13:54:26","slug":"mobile-boiler-smart-greenhouse-heating-solution","status":"publish","type":"page","link":"https:\/\/www.smartheating.cz\/es\/mobile-boiler-smart-greenhouse-heating-solution\/","title":{"rendered":"ESP &#8211; Mobiln\u00ed kotelna SMART GREENHOUSE HEATING SOLUTION"},"content":{"rendered":"<h1 class=\"title\">Salas de calderas m\u00f3viles<br \/>\n <span class=\"mezera-dole-0\"><strong>SOLUCI\u00d3N CALEFACCI\u00d3N INVERNADERO SMART<\/strong><\/span><\/h1>\n<p>&nbsp;<span class=\"obrazek-pod-textem\"><img loading=\"lazy\" decoding=\"async\" class=\"alignnone size-full wp-image-33908\" src=\"https:\/\/www.smartheating.cz\/wp-content\/uploads\/2015\/07\/mobilni_kotelny_uvodni_obrazek_Spanelsko_obyc_drevo.png\" alt=\"\" width=\"864\" height=\"515\" srcset=\"https:\/\/www.smartheating.cz\/wp-content\/uploads\/2015\/07\/mobilni_kotelny_uvodni_obrazek_Spanelsko_obyc_drevo.png 864w, https:\/\/www.smartheating.cz\/wp-content\/uploads\/2015\/07\/mobilni_kotelny_uvodni_obrazek_Spanelsko_obyc_drevo-300x179.png 300w, https:\/\/www.smartheating.cz\/wp-content\/uploads\/2015\/07\/mobilni_kotelny_uvodni_obrazek_Spanelsko_obyc_drevo-768x458.png 768w, https:\/\/www.smartheating.cz\/wp-content\/uploads\/2015\/07\/mobilni_kotelny_uvodni_obrazek_Spanelsko_obyc_drevo-600x358.png 600w\" sizes=\"auto, (max-width: 864px) 100vw, 864px\" \/><\/span><\/p>\n<p>&nbsp;<\/p>\n<p>&nbsp;<\/p>\n<p>&nbsp;<\/p>\n<p>&nbsp;<\/p>\n<p>&nbsp;<\/p>\n<p>&nbsp;<\/p>\n<p>&nbsp;<\/p>\n<p>&nbsp;<\/p>\n<p>&nbsp;<\/p>\n<p><span class=\"barva-modra\"><span style=\"color: #255aa3;\"><span class=\"barva-modra\">\u2022 Soluci\u00f3n M\u00f3vil Completa de Contenedor \u00f3 Soluci\u00f3n de Caldera de Biomasa individual \u2022 Opci\u00f3n de Agua Caliente \/ Aire Caliente para Calefacci\u00f3n Invernadero \u2022 Soluci\u00f3n hidr\u00e1ulica &amp; el\u00e9ctrica&nbsp; para dar calefacci\u00f3n a m\u00faltiples Invernaderos \u2022 Instalaci\u00f3n de 2\u20134 termostatos en cada Invernadero \u2022 Crontrol y Regulaci\u00f3n Completa de todos los circuitos de calefacci\u00f3n \u2022 Control Remoto sobre Internet\/GSM \u2022 Notificaci\u00f3n instantanea de alteraciones de las condiciones de trabajo<\/span><\/span><\/span><\/p>\n<h2 dir=\"LTR\" align=\"LEFT\">&nbsp;<\/h2>\n<h2 dir=\"LTR\" align=\"LEFT\">Opciones de dise\u00f1o de los ventiladores interiores:<\/h2>\n<table>\n<tbody>\n<tr>\n<td><a href=\"http:\/\/www.smartheating.es\/wp-content\/uploads\/2014\/08\/fukar1.jpg\"><img loading=\"lazy\" decoding=\"async\" class=\"alignnone wp-image-1612 size-medium\" src=\"http:\/\/www.smartheating.es\/wp-content\/uploads\/2014\/08\/fukar1-300x225.jpg\" alt=\"fukar1\" width=\"300\" height=\"225\" srcset=\"https:\/\/www.smartheating.cz\/wp-content\/uploads\/2014\/08\/fukar1-300x225.jpg 300w, https:\/\/www.smartheating.cz\/wp-content\/uploads\/2014\/08\/fukar1-600x450.jpg 600w, https:\/\/www.smartheating.cz\/wp-content\/uploads\/2014\/08\/fukar1.jpg 1000w\" sizes=\"auto, (max-width: 300px) 100vw, 300px\" \/><\/a>&nbsp;<\/td>\n<td>&nbsp;<a href=\"http:\/\/www.smartheating.es\/wp-content\/uploads\/2014\/08\/ventilator1.jpg\"><img loading=\"lazy\" decoding=\"async\" class=\"alignnone wp-image-1613\" src=\"http:\/\/www.smartheating.es\/wp-content\/uploads\/2014\/08\/ventilator1-300x300.jpg\" alt=\"ventilator1\" width=\"225\" height=\"225\" srcset=\"https:\/\/www.smartheating.cz\/wp-content\/uploads\/2014\/08\/ventilator1-300x300.jpg 300w, https:\/\/www.smartheating.cz\/wp-content\/uploads\/2014\/08\/ventilator1-150x150.jpg 150w, https:\/\/www.smartheating.cz\/wp-content\/uploads\/2014\/08\/ventilator1-600x600.jpg 600w, https:\/\/www.smartheating.cz\/wp-content\/uploads\/2014\/08\/ventilator1.jpg 1000w\" sizes=\"auto, (max-width: 225px) 100vw, 225px\" \/><\/a><\/td>\n<td>&nbsp;<\/td>\n<td><a href=\"http:\/\/www.smartheating.es\/wp-content\/uploads\/2014\/08\/ventilator2.jpg\"><img loading=\"lazy\" decoding=\"async\" class=\"alignnone wp-image-1614 size-medium\" src=\"http:\/\/www.smartheating.es\/wp-content\/uploads\/2014\/08\/ventilator2-300x225.jpg\" alt=\"ventilator2\" width=\"300\" height=\"225\" srcset=\"https:\/\/www.smartheating.cz\/wp-content\/uploads\/2014\/08\/ventilator2-300x225.jpg 300w, https:\/\/www.smartheating.cz\/wp-content\/uploads\/2014\/08\/ventilator2-600x450.jpg 600w, https:\/\/www.smartheating.cz\/wp-content\/uploads\/2014\/08\/ventilator2.jpg 1000w\" sizes=\"auto, (max-width: 300px) 100vw, 300px\" \/><\/a>&nbsp;<\/td>\n<\/tr>\n<\/tbody>\n<\/table>\n<h2>&nbsp;<\/h2>\n<h2 dir=\"LTR\" align=\"LEFT\">Opciones para la Calefacci\u00f3n Invernadero Smart:<\/h2>\n<p><strong><span class=\"barva-cervena\">\u2022<\/span> <\/strong><span class=\"barva-modra\">Calefacci\u00f3n Invernadero \u2013 Agua caliente \/ Aire caliente<\/span><br \/>\n <strong><span class=\"barva-cervena\">\u2022 <\/span><\/strong><span class=\"barva-modra\">Granja avicola \u2013 Agua caliente \/ Aire caliente<\/span><br \/>\n <strong><span class=\"barva-cervena\">\u2022<\/span>&nbsp;<\/strong><span class=\"barva-modra\">Granja de ganado Agua caliente \u2013 Agua caliente \/ Aire caliente<\/span><br \/>\n <strong><span class=\"barva-cervena\">\u2022<\/span> <\/strong><span class=\"barva-modra\">Granja de cerdos \u2013 Agua caliente \/ Aire caliente\/Preparaci\u00f3n DHW<\/span><br \/>\n <strong><span class=\"barva-cervena\">\u2022<\/span>&nbsp;<\/strong><span class=\"barva-modra\">Piscicultora \u2013 Agua caliente \/ Aire caliente<\/span><br \/>\n <strong><span class=\"barva-cervena\">\u2022<\/span>&nbsp;<\/strong><span class=\"barva-modra\">ZOO \u2013 Agua caliente \/ Aire caliente<\/span><br \/>\n <strong><span class=\"barva-cervena\">\u2022<\/span>&nbsp;<\/strong><span class=\"barva-modra\">Soluciones de secado &amp; agua caliente dom\u00e9stica<\/span><\/p>\n<p>&nbsp;<\/p>\n<h2>Equipo de la sala de calderas:<\/h2>\n<table>\n<tbody>\n<tr>\n<td width=\"66%\"><img loading=\"lazy\" decoding=\"async\" class=\"alignnone wp-image-4927\" src=\"http:\/\/www.smartheating.es\/wp-content\/uploads\/2014\/06\/SMART_Kotel_Iberica_cerveny_2.png\" alt=\"\" width=\"567\" height=\"237\">&nbsp;<\/td>\n<td width=\"1%\">&nbsp;<\/td>\n<td width=\"33%\">&nbsp;<br \/>\n <span class=\"barva-modra ubuntu\">Caldera SMART 150\u2013500 kW<\/span><\/p>\n<p><a href=\"https:\/\/www.smartheating.cz\/smart-150-kw\/\">SMART 150 kW<\/a><br \/>\n <a href=\"https:\/\/www.smartheating.cz\/smart-180-kw\/\">SMART 180 kW<\/a><br \/>\n <a href=\"https:\/\/www.smartheating.cz\/smart-200-kw\/\">SMART 200 kW<\/a><br \/>\n <a href=\"https:\/\/www.smartheating.cz\/smart-200-kw\/\">SMART 220 kW<\/a><br \/>\n <a href=\"https:\/\/www.smartheating.cz\/smart-250-kw\/\">SMART 250 kW<\/a><br \/>\n <a href=\"https:\/\/www.smartheating.cz\/smart-300-kw\/\">SMART 300 kW<\/a><br \/>\n <a href=\"https:\/\/www.smartheating.cz\/smart-350-kw\/\">SMART 350 kW<br \/>\n <\/a><a href=\"https:\/\/www.smartheating.cz\/smart-400-kw\/\">SMART 400 kW<\/a><br \/>\n <a href=\"https:\/\/www.smartheating.cz\/smart-450-kw\/\">SMART 450 kW<\/a><br \/>\n <a href=\"https:\/\/www.smartheating.cz\/smart-500-kw\/\">SMART 500 kW<\/a><\/p>\n<\/td>\n<\/tr>\n<\/tbody>\n<\/table>\n<p>&nbsp;<\/p>\n<table class=\" tabulka\" style=\"width: 863px;\">\n<tbody>\n<tr>\n<td class=\"extra-tmava-bunka\" style=\"text-align: center;\" colspan=\"11\"><span style=\"font-size: 10pt;\">DATOS TECNICOS DE LAS CALDERAS SMART<\/span><\/td>\n<\/tr>\n<tr>\n<td class=\"extra-tmava-bunka\"><span style=\"font-size: 10pt;\">Marca<\/span><\/td>\n<td class=\"extra-tmava-bunka\" style=\"text-align: center;\"><span style=\"font-size: 10pt;\">&nbsp;<\/span><\/td>\n<td class=\"extra-tmava-bunka\" style=\"text-align: center;\"><span style=\"font-size: 10pt;\">150<\/span><\/td>\n<td class=\"extra-tmava-bunka\" style=\"text-align: center;\"><span style=\"font-size: 10pt;\">200<\/span><\/td>\n<td class=\"extra-tmava-bunka\" style=\"text-align: center;\"><span style=\"font-size: 10pt;\">220<\/span><\/td>\n<td class=\"extra-tmava-bunka\" style=\"text-align: center;\"><span style=\"font-size: 10pt;\">250<\/span><\/td>\n<td class=\"extra-tmava-bunka\" style=\"text-align: center;\"><span style=\"font-size: 10pt;\">300<\/span><\/td>\n<td class=\"extra-tmava-bunka\" style=\"text-align: center;\"><span style=\"font-size: 10pt;\">350<\/span><\/td>\n<td class=\"extra-tmava-bunka\" style=\"text-align: center;\"><span style=\"font-size: 10pt;\">400<\/span><\/td>\n<td class=\"extra-tmava-bunka\" style=\"text-align: center;\"><span style=\"font-size: 10pt;\">450<\/span><\/td>\n<td class=\"extra-tmava-bunka\" style=\"text-align: center;\"><span style=\"font-size: 10pt;\">500<\/span><\/td>\n<\/tr>\n<tr>\n<td><span style=\"font-size: 10pt;\">Energia nomrinal En<\/span><\/td>\n<td style=\"text-align: center;\"><span style=\"font-size: 10pt;\">kW<\/span><\/td>\n<td style=\"text-align: center;\"><span style=\"font-size: 10pt;\">150<\/span><\/td>\n<td style=\"text-align: center;\"><span style=\"font-size: 10pt;\">200<\/span><\/td>\n<td style=\"text-align: center;\"><span style=\"font-size: 10pt;\">220&nbsp;<\/span><\/td>\n<td style=\"text-align: center;\"><span style=\"font-size: 10pt;\">250<\/span><\/td>\n<td style=\"text-align: center;\"><span style=\"font-size: 10pt;\">300<\/span><\/td>\n<td style=\"text-align: center;\"><span style=\"font-size: 10pt;\">350<\/span><\/td>\n<td style=\"text-align: center;\"><span style=\"font-size: 10pt;\">400<\/span><\/td>\n<td style=\"text-align: center;\"><span style=\"font-size: 10pt;\">450&nbsp;<\/span><\/td>\n<td style=\"text-align: center;\"><span style=\"font-size: 10pt;\">500<\/span><\/td>\n<\/tr>\n<tr>\n<td><span style=\"font-size: 10pt;\">Partial load (power) Pp<\/span><\/td>\n<td style=\"text-align: center;\"><span style=\"font-size: 10pt;\">kW<\/span><\/td>\n<td style=\"text-align: center;\"><span style=\"font-size: 10pt;\">40<\/span><\/td>\n<td style=\"text-align: center;\"><span style=\"font-size: 10pt;\">45<\/span><\/td>\n<td style=\"text-align: center;\"><span style=\"font-size: 10pt;\">55<\/span><\/td>\n<td style=\"text-align: center;\"><span style=\"font-size: 10pt;\">65<\/span><\/td>\n<td style=\"text-align: center;\"><span style=\"font-size: 10pt;\">75<\/span><\/td>\n<td style=\"text-align: center;\"><span style=\"font-size: 10pt;\">90<\/span><\/td>\n<td style=\"text-align: center;\"><span style=\"font-size: 10pt;\">100<\/span><\/td>\n<td style=\"text-align: center;\"><span style=\"font-size: 10pt;\">115&nbsp;<\/span><\/td>\n<td style=\"text-align: center;\"><span style=\"font-size: 10pt;\">140<\/span><\/td>\n<\/tr>\n<tr>\n<td><span style=\"font-size: 10pt;\">Eficiencia de la caldera en En<\/span><\/td>\n<td style=\"text-align: center;\"><span style=\"font-size: 10pt;\">&nbsp;%<\/span><\/td>\n<td style=\"text-align: center;\"><span style=\"font-size: 10pt;\">95<\/span><\/td>\n<td style=\"text-align: center;\"><span style=\"font-size: 10pt;\">95<\/span><\/td>\n<td style=\"text-align: center;\"><span style=\"font-size: 10pt;\">95<\/span><\/td>\n<td style=\"text-align: center;\"><span style=\"font-size: 10pt;\">95<\/span><\/td>\n<td style=\"text-align: center;\"><span style=\"font-size: 10pt;\">95&nbsp;<\/span><\/td>\n<td style=\"text-align: center;\"><span style=\"font-size: 10pt;\">95<\/span><\/td>\n<td style=\"text-align: center;\"><span style=\"font-size: 10pt;\">95<\/span><\/td>\n<td style=\"text-align: center;\"><span style=\"font-size: 10pt;\">95<\/span><\/td>\n<td style=\"text-align: center;\"><span style=\"font-size: 10pt;\">95<\/span><\/td>\n<\/tr>\n<tr>\n<td><span style=\"font-size: 10pt;\">Eficiencia de la caldera en Pp<\/span><\/td>\n<td style=\"text-align: center;\"><span style=\"font-size: 10pt;\">&nbsp;%<\/span><\/td>\n<td style=\"text-align: center;\"><span style=\"font-size: 10pt;\">96<\/span><\/td>\n<td style=\"text-align: center;\"><span style=\"font-size: 10pt;\">96<\/span><\/td>\n<td style=\"text-align: center;\"><span style=\"font-size: 10pt;\">96<\/span><\/td>\n<td style=\"text-align: center;\"><span style=\"font-size: 10pt;\">96<\/span><\/td>\n<td style=\"text-align: center;\"><span style=\"font-size: 10pt;\">96<\/span><\/td>\n<td style=\"text-align: center;\"><span style=\"font-size: 10pt;\">96<\/span><\/td>\n<td style=\"text-align: center;\"><span style=\"font-size: 10pt;\">96<\/span><\/td>\n<td style=\"text-align: center;\"><span style=\"font-size: 10pt;\">96<\/span><\/td>\n<td style=\"text-align: center;\"><span style=\"font-size: 10pt;\">96<\/span><\/td>\n<\/tr>\n<tr>\n<td><span style=\"font-size: 10pt;\">Clase de caldera<\/span><\/td>\n<td style=\"text-align: center;\"><span style=\"font-size: 10pt;\">&nbsp;<\/span><\/td>\n<td style=\"text-align: center;\"><span style=\"font-size: 10pt;\">5<\/span><\/td>\n<td style=\"text-align: center;\"><span style=\"font-size: 10pt;\">5<\/span><\/td>\n<td style=\"text-align: center;\"><span style=\"font-size: 10pt;\">5<\/span><\/td>\n<td style=\"text-align: center;\"><span style=\"font-size: 10pt;\">5<\/span><\/td>\n<td style=\"text-align: center;\"><span style=\"font-size: 10pt;\">5<\/span><\/td>\n<td style=\"text-align: center;\"><span style=\"font-size: 10pt;\">5<\/span><\/td>\n<td style=\"text-align: center;\"><span style=\"font-size: 10pt;\">5<\/span><\/td>\n<td style=\"text-align: center;\"><span style=\"font-size: 10pt;\">5<\/span><\/td>\n<td style=\"text-align: center;\"><span style=\"font-size: 10pt;\">5<\/span><\/td>\n<\/tr>\n<\/tbody>\n<\/table>\n<p>&nbsp;<\/p>\n<p>&nbsp;<\/p>\n<table>\n<tbody>\n<tr>\n<td width=\"33%\"><img loading=\"lazy\" decoding=\"async\" class=\"alignnone wp-image-5069\" src=\"http:\/\/www.smartheating.es\/wp-content\/uploads\/2014\/07\/FE-AKU-2000_DN100_CELLA-PV-100_300dpi_cervena_logo.png\" alt=\"\" width=\"199\" height=\"299\">&nbsp;<\/td>\n<td width=\"1%\">&nbsp;<\/td>\n<td width=\"33%\"><img loading=\"lazy\" decoding=\"async\" class=\"alignnone wp-image-5071\" src=\"http:\/\/www.smartheating.es\/wp-content\/uploads\/2014\/07\/FE-AKU-2000_G6-4inch_CELLA-PV-100_300dpi_cervena_logo.png\" alt=\"\" width=\"199\" height=\"299\">&nbsp;<\/td>\n<td width=\"1%\">&nbsp;<\/td>\n<td width=\"33%\">\n<p>&nbsp;<\/p>\n<p><span class=\"barva-modra\">Tanque de acumulaci\u00f3n<br \/>\n &nbsp;<\/span><\/p>\n<p><a href=\"https:\/\/www.smartheating.cz\/accumulation-tanks\/\">FE AKU<\/a><br \/>\n <a href=\"https:\/\/www.smartheating.cz\/accumulation-tanks\/\">FE AKU ST<\/a><\/p>\n<\/td>\n<\/tr>\n<\/tbody>\n<\/table>\n<p>&nbsp;<\/p>\n<h2>Galer\u00eda de Fotos<\/h2>\n<p><span style=\"color: #1f497d; font-family: Calibri;\">ngg_shortcode_0_placeholder<\/span><\/p>\n","protected":false},"excerpt":{"rendered":"<p>Salas de calderas m\u00f3viles SOLUCI\u00d3N CALEFACCI\u00d3N INVERNADERO SMART &nbsp; &nbsp; &nbsp; &nbsp; &nbsp; &nbsp; &nbsp; &nbsp; &nbsp; &nbsp; \u2022 Soluci\u00f3n M\u00f3vil Completa de Contenedor \u00f3 Soluci\u00f3n de Caldera de Biomasa individual \u2022 Opci\u00f3n de Agua Caliente \/ Aire Caliente para Calefacci\u00f3n Invernadero \u2022 Soluci\u00f3n hidr\u00e1ulica &amp; el\u00e9ctrica&nbsp; para dar calefacci\u00f3n a m\u00faltiples Invernaderos \u2022 Instalaci\u00f3n [&hellip;]<\/p>\n","protected":false},"author":2,"featured_media":0,"parent":0,"menu_order":0,"comment_status":"closed","ping_status":"closed","template":"page-h1.php","meta":{"ngg_post_thumbnail":0,"footnotes":""},"class_list":["post-5205","page","type-page","status-publish","hentry"],"_links":{"self":[{"href":"https:\/\/www.smartheating.cz\/es\/wp-json\/wp\/v2\/pages\/5205","targetHints":{"allow":["GET"]}}],"collection":[{"href":"https:\/\/www.smartheating.cz\/es\/wp-json\/wp\/v2\/pages"}],"about":[{"href":"https:\/\/www.smartheating.cz\/es\/wp-json\/wp\/v2\/types\/page"}],"author":[{"embeddable":true,"href":"https:\/\/www.smartheating.cz\/es\/wp-json\/wp\/v2\/users\/2"}],"replies":[{"embeddable":true,"href":"https:\/\/www.smartheating.cz\/es\/wp-json\/wp\/v2\/comments?post=5205"}],"version-history":[{"count":0,"href":"https:\/\/www.smartheating.cz\/es\/wp-json\/wp\/v2\/pages\/5205\/revisions"}],"wp:attachment":[{"href":"https:\/\/www.smartheating.cz\/es\/wp-json\/wp\/v2\/media?parent=5205"}],"curies":[{"name":"wp","href":"https:\/\/api.w.org\/{rel}","templated":true}]}}