{"id":5204,"date":"2015-07-17T09:55:24","date_gmt":"2015-07-17T08:55:24","guid":{"rendered":"http:\/\/www.smartheating.cz\/?page_id=5204"},"modified":"2018-02-01T14:30:55","modified_gmt":"2018-02-01T13:30:55","slug":"mobile-boiler-smart-industrial-cabin","status":"publish","type":"page","link":"https:\/\/www.smartheating.cz\/es\/mobile-boiler-smart-industrial-cabin\/","title":{"rendered":"ESP &#8211; Mobiln\u00ed kotelna SMART INDUSTRIAL CABIN"},"content":{"rendered":"<h1 class=\"title\">Salas de calderas m\u00f3viles<br \/>\n <span class=\"mezera-dole-0\"><strong>SMART INDUSTRIAL CABIN<\/strong><\/span><\/h1>\n<p><img loading=\"lazy\" decoding=\"async\" class=\"alignnone size-full wp-image-33738\" src=\"https:\/\/www.smartheating.cz\/wp-content\/uploads\/2015\/07\/mobilni_kotelny_uvodni_obrazek_Spanelsko_2MW.png\" alt=\"\" width=\"864\" height=\"515\" srcset=\"https:\/\/www.smartheating.cz\/wp-content\/uploads\/2015\/07\/mobilni_kotelny_uvodni_obrazek_Spanelsko_2MW.png 864w, https:\/\/www.smartheating.cz\/wp-content\/uploads\/2015\/07\/mobilni_kotelny_uvodni_obrazek_Spanelsko_2MW-300x179.png 300w, https:\/\/www.smartheating.cz\/wp-content\/uploads\/2015\/07\/mobilni_kotelny_uvodni_obrazek_Spanelsko_2MW-768x458.png 768w, https:\/\/www.smartheating.cz\/wp-content\/uploads\/2015\/07\/mobilni_kotelny_uvodni_obrazek_Spanelsko_2MW-600x358.png 600w\" sizes=\"auto, (max-width: 864px) 100vw, 864px\" \/>&nbsp;<\/p>\n<p><span class=\"barva-modra\"><span style=\"color: #255aa3;\">\u2022 Soluci\u00f3n de Contenedor m\u00f3vil completo \u00f3 Soluci\u00f3n de Caldera de Biomasa individual \u2022 Agua caliente \/ Opci\u00f3n de calefacci\u00f3n aire caliente \u2022 Soluci\u00f3n hidraulica y Electrica completa para calentar varios edificios \u2022 2\u201310 instalaci\u00f3n de termostatos en cada edificio \u2022 Control y Regulaci\u00f3n completa para todos los circuitos de calefacci\u00f3n \u2022 Posibilidad e Instalaci\u00f3n de contadores certificados para controlar la energ\u00eda \u2022 Control remoto sobre Internet\/GSM \u2022 Notificaci\u00f3n inmediata&nbsp;de la alteraci\u00f3n de las condiciones de trabajo.<\/span><\/span><\/p>\n<h2 dir=\"LTR\" align=\"LEFT\">&nbsp;<\/h2>\n<h2 dir=\"LTR\" align=\"LEFT\">Soluciones t\u00e9cnicas de Contenedor M\u00f3vil:<\/h2>\n<p><span class=\"barva-cervena\"><strong>\u2022<\/strong> <\/span><span class=\"barva-modra\">Edificio de apartamentos<\/span><br \/>\n <span class=\"barva-cervena\"><strong>\u2022<\/strong> <\/span><span class=\"barva-modra\">Edificios multifuncionales<\/span><br \/>\n <span class=\"barva-cervena\"><strong>\u2022<\/strong> <\/span><span class=\"barva-modra\">Centros Comerciales<\/span><br \/>\n <span class=\"barva-cervena\"><strong>\u2022<\/strong> <\/span><span class=\"barva-modra\">Plantas de producci\u00f3n e instalaciones industriales e instalaciones de almacenamiento<\/span><br \/>\n <span class=\"barva-cervena\"><strong>\u2022<\/strong> <\/span><span class=\"barva-modra\">Granjas de agricultura, acuacultura y horticultura<\/span><br \/>\n <span class=\"barva-cervena\"><strong>\u2022<\/strong>&nbsp;<\/span><span class=\"barva-modra\">Hoteles\/Moteles\/Centros Spa\/Piscinas\/De deporte<br \/>\n <\/span><span class=\"barva-cervena\"><strong>\u2022 <\/strong><\/span><span class=\"barva-modra\">Edificios municipales<\/span><br \/>\n <span class=\"barva-cervena\"><strong>\u2022&nbsp;<\/strong><\/span><span class=\"barva-modra\">Colegios, Hospitales, Complejo de la Policia y Armada<\/span><br \/>\n <span class=\"barva-cervena\"><strong>\u2022 <\/strong><\/span><span class=\"barva-modra\">Distritos de la ciudad<\/span><\/p>\n<p>&nbsp;<\/p>\n<h2>Equipo de la sala de calderas:<\/h2>\n<table>\n<tbody>\n<tr>\n<td width=\"66%\"><img loading=\"lazy\" decoding=\"async\" class=\"alignnone wp-image-4927\" src=\"http:\/\/www.smartheating.es\/wp-content\/uploads\/2014\/06\/SMART_Kotel_Iberica_cerveny_2.png\" alt=\"\" width=\"567\" height=\"237\">&nbsp;<\/td>\n<td width=\"1%\">&nbsp;<\/td>\n<td width=\"33%\"><span class=\"barva-modra ubuntu\">Caldera SMART 150\u2013500 kW<\/span><\/p>\n<p><a href=\"https:\/\/www.smartheating.cz\/smart-150-kw\/\">SMART 150 kW<\/a><br \/>\n <a href=\"https:\/\/www.smartheating.cz\/smart-180-kw\/\">SMART 180 kW<\/a><br \/>\n <a href=\"https:\/\/www.smartheating.cz\/smart-200-kw\/\">SMART 200 kW<\/a><br \/>\n <a href=\"https:\/\/www.smartheating.cz\/smart-200-kw\/\">SMART 220 kW<\/a><br \/>\n <a href=\"https:\/\/www.smartheating.cz\/smart-250-kw\/\">SMART 250 kW<\/a><br \/>\n <a href=\"https:\/\/www.smartheating.cz\/smart-300-kw\/\">SMART 300 kW<\/a><br \/>\n <a href=\"https:\/\/www.smartheating.cz\/smart-350-kw\/\">SMART 350 kW<br \/>\n <\/a><a href=\"https:\/\/www.smartheating.cz\/smart-400-kw\/\">SMART 400 kW<\/a><br \/>\n <a href=\"https:\/\/www.smartheating.cz\/smart-450-kw\/\">SMART 450 kW<\/a><br \/>\n <a href=\"https:\/\/www.smartheating.cz\/smart-500-kw\/\">SMART 500 kW<\/a><\/p>\n<\/td>\n<\/tr>\n<\/tbody>\n<\/table>\n<p>&nbsp;<\/p>\n<table class=\" tabulka\" style=\"width: 863px;\">\n<tbody>\n<tr>\n<td class=\"extra-tmava-bunka\" style=\"text-align: center;\" colspan=\"11\"><span style=\"font-size: 10pt;\">DATOS TECNICOS DE LAS CALDERAS SMART<\/span><\/td>\n<\/tr>\n<tr>\n<td class=\"extra-tmava-bunka\"><span style=\"font-size: 10pt;\">Marca<\/span><\/td>\n<td class=\"extra-tmava-bunka\" style=\"text-align: center;\"><span style=\"font-size: 10pt;\">&nbsp;<\/span><\/td>\n<td class=\"extra-tmava-bunka\" style=\"text-align: center;\"><span style=\"font-size: 10pt;\">150<\/span><\/td>\n<td class=\"extra-tmava-bunka\" style=\"text-align: center;\"><span style=\"font-size: 10pt;\">200<\/span><\/td>\n<td class=\"extra-tmava-bunka\" style=\"text-align: center;\"><span style=\"font-size: 10pt;\">220<\/span><\/td>\n<td class=\"extra-tmava-bunka\" style=\"text-align: center;\"><span style=\"font-size: 10pt;\">250<\/span><\/td>\n<td class=\"extra-tmava-bunka\" style=\"text-align: center;\"><span style=\"font-size: 10pt;\">300<\/span><\/td>\n<td class=\"extra-tmava-bunka\" style=\"text-align: center;\"><span style=\"font-size: 10pt;\">350<\/span><\/td>\n<td class=\"extra-tmava-bunka\" style=\"text-align: center;\"><span style=\"font-size: 10pt;\">400<\/span><\/td>\n<td class=\"extra-tmava-bunka\" style=\"text-align: center;\"><span style=\"font-size: 10pt;\">450<\/span><\/td>\n<td class=\"extra-tmava-bunka\" style=\"text-align: center;\"><span style=\"font-size: 10pt;\">500<\/span><\/td>\n<\/tr>\n<tr>\n<td><span style=\"font-size: 10pt;\">Energia nomrinal En<\/span><\/td>\n<td style=\"text-align: center;\"><span style=\"font-size: 10pt;\">kW<\/span><\/td>\n<td style=\"text-align: center;\"><span style=\"font-size: 10pt;\">150<\/span><\/td>\n<td style=\"text-align: center;\"><span style=\"font-size: 10pt;\">200<\/span><\/td>\n<td style=\"text-align: center;\"><span style=\"font-size: 10pt;\">220&nbsp;<\/span><\/td>\n<td style=\"text-align: center;\"><span style=\"font-size: 10pt;\">250<\/span><\/td>\n<td style=\"text-align: center;\"><span style=\"font-size: 10pt;\">300<\/span><\/td>\n<td style=\"text-align: center;\"><span style=\"font-size: 10pt;\">350<\/span><\/td>\n<td style=\"text-align: center;\"><span style=\"font-size: 10pt;\">400<\/span><\/td>\n<td style=\"text-align: center;\"><span style=\"font-size: 10pt;\">450&nbsp;<\/span><\/td>\n<td style=\"text-align: center;\"><span style=\"font-size: 10pt;\">500<\/span><\/td>\n<\/tr>\n<tr>\n<td><span style=\"font-size: 10pt;\">Partial load (power) Pp<\/span><\/td>\n<td style=\"text-align: center;\"><span style=\"font-size: 10pt;\">kW<\/span><\/td>\n<td style=\"text-align: center;\"><span style=\"font-size: 10pt;\">40<\/span><\/td>\n<td style=\"text-align: center;\"><span style=\"font-size: 10pt;\">45<\/span><\/td>\n<td style=\"text-align: center;\"><span style=\"font-size: 10pt;\">55<\/span><\/td>\n<td style=\"text-align: center;\"><span style=\"font-size: 10pt;\">65<\/span><\/td>\n<td style=\"text-align: center;\"><span style=\"font-size: 10pt;\">75<\/span><\/td>\n<td style=\"text-align: center;\"><span style=\"font-size: 10pt;\">90<\/span><\/td>\n<td style=\"text-align: center;\"><span style=\"font-size: 10pt;\">100<\/span><\/td>\n<td style=\"text-align: center;\"><span style=\"font-size: 10pt;\">115&nbsp;<\/span><\/td>\n<td style=\"text-align: center;\"><span style=\"font-size: 10pt;\">140<\/span><\/td>\n<\/tr>\n<tr>\n<td><span style=\"font-size: 10pt;\">Eficiencia de la caldera en En<\/span><\/td>\n<td style=\"text-align: center;\"><span style=\"font-size: 10pt;\">&nbsp;%<\/span><\/td>\n<td style=\"text-align: center;\"><span style=\"font-size: 10pt;\">95<\/span><\/td>\n<td style=\"text-align: center;\"><span style=\"font-size: 10pt;\">95<\/span><\/td>\n<td style=\"text-align: center;\"><span style=\"font-size: 10pt;\">95<\/span><\/td>\n<td style=\"text-align: center;\"><span style=\"font-size: 10pt;\">95<\/span><\/td>\n<td style=\"text-align: center;\"><span style=\"font-size: 10pt;\">95&nbsp;<\/span><\/td>\n<td style=\"text-align: center;\"><span style=\"font-size: 10pt;\">95<\/span><\/td>\n<td style=\"text-align: center;\"><span style=\"font-size: 10pt;\">95<\/span><\/td>\n<td style=\"text-align: center;\"><span style=\"font-size: 10pt;\">95<\/span><\/td>\n<td style=\"text-align: center;\"><span style=\"font-size: 10pt;\">95<\/span><\/td>\n<\/tr>\n<tr>\n<td><span style=\"font-size: 10pt;\">Eficiencia de la caldera en Pp<\/span><\/td>\n<td style=\"text-align: center;\"><span style=\"font-size: 10pt;\">&nbsp;%<\/span><\/td>\n<td style=\"text-align: center;\"><span style=\"font-size: 10pt;\">96<\/span><\/td>\n<td style=\"text-align: center;\"><span style=\"font-size: 10pt;\">96<\/span><\/td>\n<td style=\"text-align: center;\"><span style=\"font-size: 10pt;\">96<\/span><\/td>\n<td style=\"text-align: center;\"><span style=\"font-size: 10pt;\">96<\/span><\/td>\n<td style=\"text-align: center;\"><span style=\"font-size: 10pt;\">96<\/span><\/td>\n<td style=\"text-align: center;\"><span style=\"font-size: 10pt;\">96<\/span><\/td>\n<td style=\"text-align: center;\"><span style=\"font-size: 10pt;\">96<\/span><\/td>\n<td style=\"text-align: center;\"><span style=\"font-size: 10pt;\">96<\/span><\/td>\n<td style=\"text-align: center;\"><span style=\"font-size: 10pt;\">96<\/span><\/td>\n<\/tr>\n<tr>\n<td><span style=\"font-size: 10pt;\">Clase de caldera<\/span><\/td>\n<td style=\"text-align: center;\"><span style=\"font-size: 10pt;\">&nbsp;<\/span><\/td>\n<td style=\"text-align: center;\"><span style=\"font-size: 10pt;\">5<\/span><\/td>\n<td style=\"text-align: center;\"><span style=\"font-size: 10pt;\">5<\/span><\/td>\n<td style=\"text-align: center;\"><span style=\"font-size: 10pt;\">5<\/span><\/td>\n<td style=\"text-align: center;\"><span style=\"font-size: 10pt;\">5<\/span><\/td>\n<td style=\"text-align: center;\"><span style=\"font-size: 10pt;\">5<\/span><\/td>\n<td style=\"text-align: center;\"><span style=\"font-size: 10pt;\">5<\/span><\/td>\n<td style=\"text-align: center;\"><span style=\"font-size: 10pt;\">5<\/span><\/td>\n<td style=\"text-align: center;\"><span style=\"font-size: 10pt;\">5<\/span><\/td>\n<td style=\"text-align: center;\"><span style=\"font-size: 10pt;\">5<\/span><\/td>\n<\/tr>\n<\/tbody>\n<\/table>\n<p>&nbsp;<\/p>\n<p>&nbsp;<\/p>\n<table>\n<tbody>\n<tr>\n<td width=\"33%\"><img loading=\"lazy\" decoding=\"async\" class=\"alignnone wp-image-5069\" src=\"http:\/\/www.smartheating.es\/wp-content\/uploads\/2014\/07\/FE-AKU-2000_DN100_CELLA-PV-100_300dpi_cervena_logo.png\" alt=\"\" width=\"199\" height=\"299\">&nbsp;<\/td>\n<td width=\"1%\">&nbsp;<\/td>\n<td width=\"33%\"><img loading=\"lazy\" decoding=\"async\" class=\"alignnone wp-image-5071\" src=\"http:\/\/www.smartheating.es\/wp-content\/uploads\/2014\/07\/FE-AKU-2000_G6-4inch_CELLA-PV-100_300dpi_cervena_logo.png\" alt=\"\" width=\"199\" height=\"299\">&nbsp;<\/td>\n<td width=\"1%\">&nbsp;<\/td>\n<td width=\"33%\">\n<p>&nbsp;<\/p>\n<p><span class=\"barva-modra\">Tanque de acumulaci\u00f3n<br \/>\n &nbsp;<\/span><\/p>\n<p><a href=\"https:\/\/www.smartheating.cz\/accumulation-tanks\/\">FE AKU<\/a><br \/>\n <a href=\"https:\/\/www.smartheating.cz\/accumulation-tanks\/\">FE AKU ST<\/a><\/p>\n<\/td>\n<\/tr>\n<\/tbody>\n<\/table>\n<p>&nbsp;<\/p>\n<h2>Galer\u00eda de Fotos<\/h2>\n<p><span style=\"color: #1f497d; font-family: Calibri;\">ngg_shortcode_0_placeholder<\/span><\/p>\n","protected":false},"excerpt":{"rendered":"<p>Salas de calderas m\u00f3viles SMART INDUSTRIAL CABIN &nbsp; \u2022 Soluci\u00f3n de Contenedor m\u00f3vil completo \u00f3 Soluci\u00f3n de Caldera de Biomasa individual \u2022 Agua caliente \/ Opci\u00f3n de calefacci\u00f3n aire caliente \u2022 Soluci\u00f3n hidraulica y Electrica completa para calentar varios edificios \u2022 2\u201310 instalaci\u00f3n de termostatos en cada edificio \u2022 Control y Regulaci\u00f3n completa para todos [&hellip;]<\/p>\n","protected":false},"author":2,"featured_media":0,"parent":0,"menu_order":0,"comment_status":"closed","ping_status":"closed","template":"page-h1.php","meta":{"ngg_post_thumbnail":0,"footnotes":""},"class_list":["post-5204","page","type-page","status-publish","hentry"],"_links":{"self":[{"href":"https:\/\/www.smartheating.cz\/es\/wp-json\/wp\/v2\/pages\/5204","targetHints":{"allow":["GET"]}}],"collection":[{"href":"https:\/\/www.smartheating.cz\/es\/wp-json\/wp\/v2\/pages"}],"about":[{"href":"https:\/\/www.smartheating.cz\/es\/wp-json\/wp\/v2\/types\/page"}],"author":[{"embeddable":true,"href":"https:\/\/www.smartheating.cz\/es\/wp-json\/wp\/v2\/users\/2"}],"replies":[{"embeddable":true,"href":"https:\/\/www.smartheating.cz\/es\/wp-json\/wp\/v2\/comments?post=5204"}],"version-history":[{"count":0,"href":"https:\/\/www.smartheating.cz\/es\/wp-json\/wp\/v2\/pages\/5204\/revisions"}],"wp:attachment":[{"href":"https:\/\/www.smartheating.cz\/es\/wp-json\/wp\/v2\/media?parent=5204"}],"curies":[{"name":"wp","href":"https:\/\/api.w.org\/{rel}","templated":true}]}}