{"id":5194,"date":"2014-06-07T09:35:52","date_gmt":"2014-06-07T08:35:52","guid":{"rendered":"http:\/\/www.smartheating.cz\/smart-industrial-park-2\/"},"modified":"2017-08-21T08:04:53","modified_gmt":"2017-08-21T07:04:53","slug":"parque-industrial-smart","status":"publish","type":"page","link":"https:\/\/www.smartheating.cz\/es\/parque-industrial-smart\/","title":{"rendered":"ESP &#8211; Smart Industrial Park"},"content":{"rendered":"<h1>Calderas de biomasa autom\u00e1ticas<\/h1>\n<p><strong>El Parque Industrial Smart es<\/strong> donde se encuentra <strong>Smart Heating Technology s.r.o.,<\/strong> <strong>Smart Trading Company s.r.o<\/strong>, y <strong>Smart Painting s.r.o<\/strong>. El Parque Industrial Smart piloto fue dise\u00f1ado en 2005, con un \u00e1rea que cubre los 18,000 m<sup>2<\/sup> para producci\u00f3n y almac\u00e9n. <br \/>\nLa primera fase del complejo industrial se estableci\u00f3 en 2005 con la renovaci\u00f3n de los espacios ya existentes y con una reconstrucci\u00f3n completa del edificicio SO 01 (1650 m<sup>2<\/sup>), y en Marzo del 2006, la sala SO 03 (4000 m<sup>2<\/sup>).<\/p>\n<p>La segunda fase comenz\u00f3 en Julio del 2007 con la nave m\u00e1s grande de producci\u00f3n y almac\u00e9n SO 04 (cubriendo 10,000 m<sup>2<\/sup>), siguiendo con la sala SO 05\u00a0 (1200 m<sup>2<\/sup>) en Agosto del 2008. <br \/>\nLa tercera y fase final tuvo lugar en la primavera del 2010 cuando todas las salas de producci\u00f3n y los almacenenes ya estaban terminados y puestos en operaci\u00f3n.<\/p>\n<p>Smart Trading Company s.r.o., Smart painting s.r.o y Smart Heating Technology, participan en un \u00e1rea de producci\u00f3n de 37,000 m<sup>2<\/sup> sobre la ubicaci\u00f3n existente e incrementando la capacidad de producci\u00f3n y expandiendo actividades de negocio en los mercados en los cuales estamos activos.<\/p>\n<p>&nbsp;<\/p>\n<p><img loading=\"lazy\" decoding=\"async\" class=\"alignnone size-full wp-image-559\" src=\"http:\/\/www.smartheating.es\/wp-content\/uploads\/2014\/06\/sht.png\" alt=\"sht\" width=\"395\" height=\"66\" srcset=\"https:\/\/www.smartheating.cz\/wp-content\/uploads\/2014\/06\/sht.png 395w, https:\/\/www.smartheating.cz\/wp-content\/uploads\/2014\/06\/sht-300x50.png 300w\" sizes=\"auto, (max-width: 395px) 100vw, 395px\" \/><\/p>\n<p class=\"relative\"><strong>Dise\u00f1o y producci\u00f3n de las soluciones completas de calefacci\u00f3n y de sus accesorios:<\/strong><br \/>\n<strong><span class=\"barva-cervena\">\u2022<\/span> <\/strong>Calderas Autom\u00e1ticas Biomasa Smart 60 \u2013 100 kW<img loading=\"lazy\" decoding=\"async\" class=\" wp-image-4927 alignright\" src=\"http:\/\/www.smartheating.es\/wp-content\/uploads\/2014\/06\/SMART_Kotel_Iberica_cerveny_2.png\" alt=\"\" width=\"420\" height=\"176\" \/><br \/>\n<strong><span class=\"barva-cervena\">\u2022<\/span> <\/strong>Calderas Autom\u00e1ticas Biomasa Smart 150 \u2013 500 \u2013 1500 kW<br \/>\n<strong><span class=\"barva-cervena\">\u2022<\/span> <\/strong>Smart Cabin M\u00f3vil y Prefabricada <br \/>\n<strong><span class=\"barva-cervena\">\u2022<\/span> <\/strong>Sistemas de alimentaci\u00f3n y Soluci\u00f3n de Silo<br \/>\n<strong><span class=\"barva-cervena\">\u2022<\/span> <\/strong>Medici\u00f3n y Regulaci\u00f3n de los Circuitos Hidraulicos de Calefacci\u00f3n<br \/>\n<strong><span class=\"barva-cervena\">\u2022 <\/span><\/strong>Unidades Especiales de Filtraci\u00f3n<\/p>\n<p>&nbsp;<\/p>\n<p class=\"mezera-dole-0\"><a href=\"http:\/\/www.smartheating.es\/wp-content\/uploads\/2014\/06\/sht-3.png\"><img loading=\"lazy\" decoding=\"async\" class=\"alignnone size-full wp-image-560\" src=\"http:\/\/www.smartheating.es\/wp-content\/uploads\/2014\/06\/sht-3.png\" alt=\"sht-3\" width=\"267\" height=\"59\" \/><br \/>\n<\/a><\/p>\n<table>\n<tbody>\n<tr>\n<td width=\"66%\">\n<p>Fabricante de una amplio abanico de piezas y componentes mec\u00e1nicos en chapa usando tecnolog\u00eda CNC:<\/p>\n<p><strong><span class=\"barva-cervena\">\u2022<\/span> <\/strong>Armarios de telecomunicaci\u00f3n (para interior\/exterior)<br \/>\n<strong><span class=\"barva-cervena\">\u2022<\/span> <\/strong>Carcasas y componentes mec\u00e1nicos estructurales para equipos electr\u00f3nicos<br \/>\n<strong><span class=\"barva-cervena\">\u2022<\/span>\u00a0<\/strong>Cuadros estructurales, cubiertas de metal<br \/>\n\u00a0\u00a0Componentes electricos para la industria electrica y de telecomunicaciones<br \/>\n<strong><span class=\"barva-cervena\">\u2022<\/span> <\/strong>Elementos de cobre para equipos electricos<br \/>\n<strong><span class=\"barva-cervena\">\u2022<\/span> <\/strong>Sistemas de auto almacenaje industrial<br \/>\n<strong><span class=\"barva-cervena\">\u2022<\/span> <\/strong>Chapas para fabricantes de otros equipos<\/p>\n<p>&nbsp;<\/p>\n<\/td>\n<td width=\"1%\">\u00a0<\/td>\n<td width=\"33%\"><img loading=\"lazy\" decoding=\"async\" class=\"alignnone size-full wp-image-579\" src=\"http:\/\/www.smartheating.es\/wp-content\/uploads\/2014\/06\/sht-5.jpg\" alt=\"sht-5\" width=\"278\" height=\"208\" \/><\/td>\n<\/tr>\n<\/tbody>\n<\/table>\n<p class=\"mezera-dole-0\">\u00a0<\/p>\n<p class=\"mezera-dole-0\"><span class=\"mezera-dole-0\"><a href=\"http:\/\/www.smartheating.es\/wp-content\/uploads\/2014\/06\/sht-4.png\"><img loading=\"lazy\" decoding=\"async\" class=\"alignnone size-full wp-image-561\" src=\"http:\/\/www.smartheating.es\/wp-content\/uploads\/2014\/06\/sht-4.png\" alt=\"sht-4\" width=\"267\" height=\"70\" \/><\/a><\/span><\/p>\n<table>\n<tbody>\n<tr>\n<td width=\"66%\">\n<p><strong><span class=\"barva-cervena\">\u2022 <\/span><\/strong>Pintura en polvo continua, con una l\u00ednea de pintura completamente autom\u00e1tica <br \/>\n<strong><span class=\"barva-cervena\">\u2022<\/span> <\/strong>Pintura autom\u00e1tica con 6 c\u00e9lulas de aplicaci\u00f3n manual<br \/>\n<strong><span class=\"barva-cervena\">\u2022 <\/span><\/strong>Serigrafia<br \/>\n<strong><span class=\"barva-cervena\">\u2022 <\/span><\/strong>Aplicaci\u00f3n pintura humeda, 2 celulas<br \/>\n<span class=\"barva-cervena\"><strong>\u2022<\/strong><\/span> Corte de gr\u00e1ficas (papel de aluminio auto-adhesivo)<\/p>\n<\/td>\n<td width=\"1%\">\u00a0<\/td>\n<td width=\"33%\"><img loading=\"lazy\" decoding=\"async\" class=\"size-full wp-image-569 alignright\" src=\"http:\/\/www.smartheating.es\/wp-content\/uploads\/2014\/06\/sht-7.jpg\" alt=\"sht-7\" width=\"278\" height=\"186\" \/><\/td>\n<\/tr>\n<\/tbody>\n<\/table>\n<p><img loading=\"lazy\" decoding=\"async\" class=\"alignnone size-full wp-image-562\" src=\"http:\/\/www.smartheating.es\/wp-content\/uploads\/2014\/06\/sht-6.jpg\" alt=\"sht-6\" width=\"864\" height=\"181\" srcset=\"https:\/\/www.smartheating.cz\/wp-content\/uploads\/2014\/06\/sht-6.jpg 864w, https:\/\/www.smartheating.cz\/wp-content\/uploads\/2014\/06\/sht-6-300x62.jpg 300w, https:\/\/www.smartheating.cz\/wp-content\/uploads\/2014\/06\/sht-6-600x125.jpg 600w\" sizes=\"auto, (max-width: 864px) 100vw, 864px\" \/><\/p>\n<p><img loading=\"lazy\" decoding=\"async\" class=\"alignnone size-full wp-image-563\" src=\"http:\/\/www.smartheating.es\/wp-content\/uploads\/2014\/06\/sht-2.png\" alt=\"sht-2\" width=\"863\" height=\"98\" srcset=\"https:\/\/www.smartheating.cz\/wp-content\/uploads\/2014\/06\/sht-2.png 863w, https:\/\/www.smartheating.cz\/wp-content\/uploads\/2014\/06\/sht-2-300x34.png 300w, https:\/\/www.smartheating.cz\/wp-content\/uploads\/2014\/06\/sht-2-600x68.png 600w\" sizes=\"auto, (max-width: 863px) 100vw, 863px\" \/><\/p>\n<h2>Otros Procesos de Producci\u00f3n \u201cBajo un techo\u201d:<\/h2>\n<p><strong><span class=\"barva-cervena\">\u2022<\/span> <\/strong>Soldar y pulido\u00a0(TIG, m\u00e9todos MIG, soldar por puntos, soldar con l\u00e1ser rob\u00f3tico)<br \/>\n<strong><span class=\"barva-cervena\">\u2022<\/span>\u00a0<\/strong>Perforar, golpear, viraje, fresadora, pulido de superficies<br \/>\n<strong><span class=\"barva-cervena\">\u2022<\/span> <\/strong>Trabajos de montaje, prensado semi-autom\u00e1tico, remachado<br \/>\n<strong><span class=\"barva-cervena\">\u2022<\/span> <\/strong>Trabajos finales de montaje, aislamiento y aplicaci\u00f3n de juntas<br \/>\n<strong><span class=\"barva-cervena\">\u2022<\/span> <\/strong>Proceso de ba\u00f1o de cobre a las partes <br \/>\n<strong><span class=\"barva-cervena\">\u2022<\/span> <\/strong>Aplicaci\u00f3n de aluminio a las laminas de metal de protecci\u00f3n<br \/>\n<strong><span class=\"barva-cervena\">\u2022<\/span> <\/strong>Presi\u00f3n hidra\u00falica (160 toneladas)<br \/>\n<strong><span class=\"barva-cervena\">\u2022<\/span> <\/strong>Tratamientos a la superficie: pintura en polvo y liquida, capa de zinc, recubrimiento de esta\u00f1o, recubrimiento de niquel, anodizaci\u00f3n<br \/>\n<strong><span class=\"barva-cervena\">\u2022<\/span> <\/strong>Visualizaci\u00f3n y dise\u00f1o en 3D.<\/p>\n<p><img loading=\"lazy\" decoding=\"async\" class=\"alignnone wp-image-461 size-full\" src=\"http:\/\/www.smartheating.cz\/wp-content\/uploads\/2014\/06\/kontakt-areal.png\" alt=\"kontakt-areal\" width=\"862\" height=\"586\" srcset=\"https:\/\/www.smartheating.cz\/wp-content\/uploads\/2014\/06\/kontakt-areal.png 862w, https:\/\/www.smartheating.cz\/wp-content\/uploads\/2014\/06\/kontakt-areal-300x203.png 300w, https:\/\/www.smartheating.cz\/wp-content\/uploads\/2014\/06\/kontakt-areal-600x407.png 600w\" sizes=\"auto, (max-width: 862px) 100vw, 862px\" \/><\/p>\n","protected":false},"excerpt":{"rendered":"<p>Calderas de biomasa autom\u00e1ticas El Parque Industrial Smart es donde se encuentra Smart Heating Technology s.r.o., Smart Trading Company s.r.o, y Smart Painting s.r.o. El Parque Industrial Smart piloto fue dise\u00f1ado en 2005, con un \u00e1rea que cubre los 18,000 m2 para producci\u00f3n y almac\u00e9n. La primera fase del complejo industrial se estableci\u00f3 en 2005 [&hellip;]<\/p>\n","protected":false},"author":1,"featured_media":0,"parent":0,"menu_order":54,"comment_status":"closed","ping_status":"closed","template":"page-h1.php","meta":{"ngg_post_thumbnail":0,"footnotes":""},"class_list":["post-5194","page","type-page","status-publish","hentry"],"_links":{"self":[{"href":"https:\/\/www.smartheating.cz\/es\/wp-json\/wp\/v2\/pages\/5194","targetHints":{"allow":["GET"]}}],"collection":[{"href":"https:\/\/www.smartheating.cz\/es\/wp-json\/wp\/v2\/pages"}],"about":[{"href":"https:\/\/www.smartheating.cz\/es\/wp-json\/wp\/v2\/types\/page"}],"author":[{"embeddable":true,"href":"https:\/\/www.smartheating.cz\/es\/wp-json\/wp\/v2\/users\/1"}],"replies":[{"embeddable":true,"href":"https:\/\/www.smartheating.cz\/es\/wp-json\/wp\/v2\/comments?post=5194"}],"version-history":[{"count":0,"href":"https:\/\/www.smartheating.cz\/es\/wp-json\/wp\/v2\/pages\/5194\/revisions"}],"wp:attachment":[{"href":"https:\/\/www.smartheating.cz\/es\/wp-json\/wp\/v2\/media?parent=5194"}],"curies":[{"name":"wp","href":"https:\/\/api.w.org\/{rel}","templated":true}]}}