{"id":5184,"date":"2014-09-02T16:57:44","date_gmt":"2014-09-02T15:57:44","guid":{"rendered":"http:\/\/www.smartheating.cz\/prislusenstvi-hydraulicke-dvere-2\/"},"modified":"2017-10-23T09:38:12","modified_gmt":"2017-10-23T08:38:12","slug":"accessories-hydraulic-hatch","status":"publish","type":"page","link":"https:\/\/www.smartheating.cz\/es\/accessories-hydraulic-hatch\/","title":{"rendered":"ESP &#8211; Accessories Hydraulic Hatch"},"content":{"rendered":"<h1 class=\"title\" style=\"text-align: left;\">Accesorios<br \/>\n <strong>Compuerta Hidr\u00e1ulica SMART<span class=\"obrazek-pod-textem\"><img loading=\"lazy\" decoding=\"async\" class=\"alignnone wp-image-4973 size-full\" src=\"http:\/\/www.smartheating.es\/wp-content\/uploads\/2014\/09\/hydraulicke_dvere_ESP_red.png\" alt=\"\" height=\"442\" width=\"864\"><\/span><\/strong><\/h1>\n<p class=\"subtitle\">&nbsp;<\/p>\n<p>&nbsp;<\/p>\n<p>&nbsp;<\/p>\n<p>&nbsp;<\/p>\n<p>&nbsp;<\/p>\n<p>&nbsp;<br \/>\n <span class=\"barva-modra\">&nbsp;<\/span>&nbsp;&nbsp;<\/p>\n<p>&nbsp;<\/p>\n<p><span class=\"barva-modra\">\u2022&nbsp; Dise\u00f1o sencillo \/ doble hoja para llenado autom\u00e1tico del transporte y almacenamiento de biocombustible \u2022 Instalaci\u00f3n hidraulica completa, pistones y canalizaci\u00f3n \u2022 Dise\u00f1o resistente a la interperie con sistema de eliminaci\u00f3n de humedad \u2022 Opcional dise\u00f1o con plataforma de inspecci\u00f3n y barreras de protecci\u00f3n \u2022 Control remoto \u2022 Indicaci\u00f3n lum\u00ednica y sonora de movimiento y aviso de m\u00e1xima apertura \u2022 Monitorizaci\u00f3n e indicaci\u00f3n de nivel de llenado del silo acorde con el dise\u00f1o de llenado.\u2022 Rejijlla de protecci\u00f3n antica\u00eddas \u2022&nbsp; Entrada de servicio para entrada de emergencia en el silo<\/span><\/p>\n<p>&nbsp;<\/p>\n<h2>Especificaci\u00f3n y dise\u00f1o:<\/h2>\n<p><img loading=\"lazy\" decoding=\"async\" class=\"alignnone size-full wp-image-1728\" src=\"http:\/\/www.smartheating.es\/wp-content\/uploads\/2014\/09\/Specification-and-design.jpg\" alt=\"Specification-and-design\" height=\"193\" width=\"829\" srcset=\"https:\/\/www.smartheating.cz\/wp-content\/uploads\/2014\/09\/Specification-and-design.jpg 829w, https:\/\/www.smartheating.cz\/wp-content\/uploads\/2014\/09\/Specification-and-design-300x69.jpg 300w, https:\/\/www.smartheating.cz\/wp-content\/uploads\/2014\/09\/Specification-and-design-600x139.jpg 600w\" sizes=\"auto, (max-width: 829px) 100vw, 829px\" \/><\/p>\n<p>&nbsp;<\/p>\n<h2 dir=\"LTR\" align=\"LEFT\">Uso:<\/h2>\n<p><strong><span class=\"barva-cervena\">\u2022<\/span> <\/strong><span class=\"barva-modra\">Silos exteriores<\/span><br \/>\n <span class=\"barva-cervena\"><strong>\u2022<\/strong> <span style=\"color: #255aa3;\">Silos bajo tierra<\/span><\/span><br \/>\n <strong><span class=\"barva-cervena\">\u2022<\/span> <\/strong><span style=\"color: #255aa3;\">Silo en contenedor<\/span><\/p>\n<p>&nbsp;<\/p>\n<h2>Minimo \u2013 Dimensiones minimas de la arqueta:<\/h2>\n<p><span class=\"barva-modra\">1&nbsp;x&nbsp;1 m \u2013&nbsp;6 x&nbsp;6 m<\/span><br \/>\n &nbsp;&nbsp;<\/p>\n<h2>Galer\u00eda de Fotos<\/h2>\nngg_shortcode_0_placeholder\n","protected":false},"excerpt":{"rendered":"<p>Accesorios Compuerta Hidr\u00e1ulica SMART &nbsp; &nbsp; &nbsp; &nbsp; &nbsp; &nbsp; &nbsp;&nbsp;&nbsp; &nbsp; \u2022&nbsp; Dise\u00f1o sencillo \/ doble hoja para llenado autom\u00e1tico del transporte y almacenamiento de biocombustible \u2022 Instalaci\u00f3n hidraulica completa, pistones y canalizaci\u00f3n \u2022 Dise\u00f1o resistente a la interperie con sistema de eliminaci\u00f3n de humedad \u2022 Opcional dise\u00f1o con plataforma de inspecci\u00f3n y barreras [&hellip;]<\/p>\n","protected":false},"author":2,"featured_media":0,"parent":0,"menu_order":0,"comment_status":"closed","ping_status":"closed","template":"page-h1.php","meta":{"ngg_post_thumbnail":0,"footnotes":""},"class_list":["post-5184","page","type-page","status-publish","hentry"],"_links":{"self":[{"href":"https:\/\/www.smartheating.cz\/es\/wp-json\/wp\/v2\/pages\/5184","targetHints":{"allow":["GET"]}}],"collection":[{"href":"https:\/\/www.smartheating.cz\/es\/wp-json\/wp\/v2\/pages"}],"about":[{"href":"https:\/\/www.smartheating.cz\/es\/wp-json\/wp\/v2\/types\/page"}],"author":[{"embeddable":true,"href":"https:\/\/www.smartheating.cz\/es\/wp-json\/wp\/v2\/users\/2"}],"replies":[{"embeddable":true,"href":"https:\/\/www.smartheating.cz\/es\/wp-json\/wp\/v2\/comments?post=5184"}],"version-history":[{"count":0,"href":"https:\/\/www.smartheating.cz\/es\/wp-json\/wp\/v2\/pages\/5184\/revisions"}],"wp:attachment":[{"href":"https:\/\/www.smartheating.cz\/es\/wp-json\/wp\/v2\/media?parent=5184"}],"curies":[{"name":"wp","href":"https:\/\/api.w.org\/{rel}","templated":true}]}}