{"id":28881,"date":"2017-10-23T15:26:09","date_gmt":"2017-10-23T14:26:09","guid":{"rendered":"http:\/\/www.smartheating.cz\/airflowunit\/"},"modified":"2017-10-23T18:38:00","modified_gmt":"2017-10-23T17:38:00","slug":"airflowunit","status":"publish","type":"page","link":"https:\/\/www.smartheating.cz\/es\/airflowunit\/","title":{"rendered":"Smart Airflow Unit"},"content":{"rendered":"<h1 class=\"title\"><strong>Generador de Aire 50 kW SMART<br \/>\n &nbsp;<\/strong><\/h1>\n<p class=\"subtitle\">&nbsp;<\/p>\n<p>&nbsp;<\/p>\n<p>&nbsp;<\/p>\n<p>&nbsp;<\/p>\n<p>&nbsp;<\/p>\n<p><span class=\"barva-modra\">&nbsp;<\/span>&nbsp;&nbsp;<\/p>\n<p>&nbsp;<span class=\"obrazek-pod-textem\"><img loading=\"lazy\" decoding=\"async\" class=\"alignnone wp-image-4977 size-full\" src=\"http:\/\/www.smartheating.es\/wp-content\/uploads\/2014\/11\/Airflow_hlavn_redi1.png\" alt=\"\" height=\"442\" width=\"864\"><\/span><\/p>\n<p><span class=\"barva-modra\">\u2022 Pal\u00e9 de soporte y estructura de acero \u2022 Calderas de Pellet Autom\u00e1tica con limpieza de cenizas autom\u00e1tica \u2022 Eficiencia &gt;90% \u2022 Ajuste de potencia de salida 30-100% \u2022 400 l Tolva de combustible \u2022 Ventilador de aire caliente con Control Electr\u00f3nico con movimiento de 0-270\u00ba \u2022 Suministro completo de la chimenea \u2022 Suministro completo de la hidra\u00falica \u2022 Visualizaci\u00f3n especial en operaci\u00f3n \u2022 Control por tel\u00e9fono m\u00f3vil \u2022 Control por Internet <\/span><\/p>\n<h2 dir=\"LTR\" align=\"LEFT\">Descripci\u00f3n de la Entrega del Generador de Aire Smart:<\/h2>\n<p><span class=\"barva-cervena\"><strong>\u2022<\/strong><strong>&nbsp;<\/strong><\/span><span class=\"barva-modra\">Estructura soporte compacta de acero para un manejo y posicionamiento mas f\u00e1cil<\/span><span class=\"barva-cervena\"><br \/>\n <strong>\u2022<\/strong> <\/span><span class=\"barva-modra\">Caldera de pellet Smart 30\/50\/80 kW<\/span><span class=\"barva-cervena\"><br \/>\n <strong>\u2022<\/strong><\/span><span class=\"barva-cervena\">&nbsp;<\/span><span class=\"barva-modra\">Almacenamiento de 250 kg de combustible incluyendo sistema de alimentaci\u00f3n<\/span><br \/>\n <strong><span class=\"barva-cervena\">\u2022<\/span><\/strong><span class=\"barva-cervena\">&nbsp;<\/span><span class=\"barva-modra\">3 capas de 2000 mm en la chimenea<\/span><br \/>\n <strong><span class=\"barva-cervena\">\u2022<\/span><\/strong> <span class=\"barva-modra\">Ventilador de aire caliente con un rango de movimiento de 0-270 grados<\/span><br \/>\n <span class=\"barva-cervena\"><strong>\u2022<\/strong><\/span> <span class=\"barva-modra\">Bomba de circulaci\u00f3n<\/span><br \/>\n <strong><span class=\"barva-cervena\">\u2022<\/span><\/strong> <span class=\"barva-modra\">V\u00e1lvula de drenaje<\/span><br \/>\n <strong><span class=\"barva-cervena\">\u2022<\/span><\/strong> <span class=\"barva-modra\">Control de presi\u00f3n<\/span><br \/>\n <strong><span class=\"barva-cervena\">\u2022<\/span><\/strong> <span class=\"barva-modra\">Tanque de expansi\u00f3n<\/span><br \/>\n <strong><span class=\"barva-cervena\">\u2022<\/span><\/strong> <span class=\"barva-modra\">V\u00e1lvula de descarga de presi\u00f3n<\/span> <br \/>\n <strong><span class=\"barva-cervena\">\u2022<\/span><\/strong> <span class=\"barva-modra\">Tiro de control autom\u00e1tico<\/span><br \/>\n <strong><span class=\"barva-cervena\">\u2022<\/span><\/strong> <span class=\"barva-modra\">Opci\u00f3n de Contador de calor<\/span><\/p>\n<h2>Visualizaci\u00f3n especial en operaci\u00f3n:<\/h2>\n<table>\n<tbody>\n<tr>\n<td><a href=\"http:\/\/www.smartheating.es\/wp-content\/uploads\/2014\/11\/displej2.jpg\"><img loading=\"lazy\" decoding=\"async\" class=\"alignnone wp-image-4006\" src=\"http:\/\/www.smartheating.es\/wp-content\/uploads\/2014\/11\/displej2.jpg\" alt=\"displej2\" height=\"187\" width=\"250\" srcset=\"https:\/\/www.smartheating.cz\/wp-content\/uploads\/2014\/11\/displej2.jpg 635w, https:\/\/www.smartheating.cz\/wp-content\/uploads\/2014\/11\/displej2-300x224.jpg 300w, https:\/\/www.smartheating.cz\/wp-content\/uploads\/2014\/11\/displej2-600x449.jpg 600w\" sizes=\"auto, (max-width: 250px) 100vw, 250px\" \/><\/a>&nbsp;<\/td>\n<td>&nbsp;<\/td>\n<td><a href=\"http:\/\/www.smartheating.es\/wp-content\/uploads\/2014\/11\/displej4.jpg\"><img loading=\"lazy\" decoding=\"async\" class=\"alignnone wp-image-4007\" src=\"http:\/\/www.smartheating.es\/wp-content\/uploads\/2014\/11\/displej4.jpg\" alt=\"displej4\" height=\"187\" width=\"250\" srcset=\"https:\/\/www.smartheating.cz\/wp-content\/uploads\/2014\/11\/displej4.jpg 638w, https:\/\/www.smartheating.cz\/wp-content\/uploads\/2014\/11\/displej4-300x224.jpg 300w, https:\/\/www.smartheating.cz\/wp-content\/uploads\/2014\/11\/displej4-600x449.jpg 600w\" sizes=\"auto, (max-width: 250px) 100vw, 250px\" \/><\/a>&nbsp;<\/td>\n<\/tr>\n<\/tbody>\n<\/table>\n<h2>&nbsp;<\/h2>\n<h2>Caracteristicas de la Caldera de Pellets Smart 30\/50\/80 kW:<\/h2>\n<p><strong><span class=\"barva-cervena\">\u2022<\/span><\/strong><span class=\"barva-modra\"><span class=\"barva-cervena\">&nbsp;<\/span>Construcci\u00f3n en acero&nbsp; con capa coaxite para una larga durabilidad<\/span><br \/>\n <span class=\"barva-cervena\"><strong>\u2022<\/strong><\/span>&nbsp;<span class=\"barva-modra\">Multiples opciones de combustible: alimentaci\u00f3n, vac\u00edo \u00f3 alimentaci\u00f3n manual<\/span><br \/>\n <strong><span class=\"barva-cervena\">\u2022<\/span><\/strong><span class=\"barva-modra\"><span class=\"barva-cervena\">&nbsp;<\/span>Unidad de Control Avanzado para operaci\u00f3n autom\u00e1tica<\/span><br \/>\n <strong><span class=\"barva-cervena\">\u2022<\/span><\/strong> <span class=\"barva-modra\">Alta eficiencia \u2013 sobre 90%<\/span><br \/>\n <strong><span class=\"barva-cervena\">\u2022<\/span><\/strong> <span class=\"barva-modra\">Ajuste de potencia de salida de 30\u2013100% dependiendo de la demanda de calefacci\u00f3n actual<\/span><br \/>\n <strong><span class=\"barva-cervena\">\u2022<\/span><\/strong> <span class=\"barva-modra\">Construcci\u00f3n de quemador de hierro con superficie quemador intercambiable<\/span><br \/>\n <strong><span class=\"barva-cervena\">\u2022<\/span><\/strong> <span class=\"barva-modra\">Encendido electrico autom\u00e1tico<\/span><br \/>\n <strong><span class=\"barva-cervena\">\u2022<\/span><\/strong> <span class=\"barva-modra\">Auto-limpieza, tubulador vertical del intercambiador<\/span><br \/>\n <strong><span class=\"barva-cervena\">\u2022<\/span><\/strong> <span class=\"barva-modra\">Termostato de seguridad con corte autom\u00e1tico<\/span><br \/>\n <strong><span class=\"barva-cervena\">\u2022<\/span><\/strong> <span class=\"barva-modra\">Limpieza de cenizas autom\u00e1tica con tolva para cenizas<\/span><br \/>\n <strong><span class=\"barva-cervena\">\u2022<\/span><\/strong> <span class=\"barva-modra\">Control remoto via Internet o GSM<\/span><br \/>\n <strong><span class=\"barva-cervena\">\u2022<\/span><\/strong> <span class=\"barva-modra\">Ventilador de gas integral &#8211; Opcional<\/span><\/p>\n<h2>&nbsp;<\/h2>\n<h2>Requisitos de espacios para la instalaci\u00f3n:<\/h2>\n<table>\n<tbody>\n<tr>\n<td>&nbsp; <a href=\"http:\/\/www.smartheating.es\/wp-content\/uploads\/2014\/11\/aurflow_red.png\"><img loading=\"lazy\" decoding=\"async\" class=\"alignnone wp-image-5097\" src=\"http:\/\/www.smartheating.es\/wp-content\/uploads\/2014\/11\/aurflow_red.png\" alt=\"\" height=\"302\" width=\"183\"><\/a><\/td>\n<td>&nbsp;<\/td>\n<td>&nbsp;<a href=\"http:\/\/www.smartheating.es\/wp-content\/uploads\/2014\/11\/airflow_2_red.png\"><img loading=\"lazy\" decoding=\"async\" class=\"alignnone wp-image-5098\" src=\"http:\/\/www.smartheating.es\/wp-content\/uploads\/2014\/11\/airflow_2_red.png\" alt=\"\" height=\"280\" width=\"253\"><\/a><\/td>\n<\/tr>\n<tr>\n<td style=\"text-align: center;\"><span class=\"barva-modra\" style=\"font-size: 10pt;\">Dimensiones del Generador de Aire<\/span><\/td>\n<td style=\"text-align: center;\"><span class=\"barva-modra\" style=\"font-size: 10pt;\">&nbsp;<\/span><\/td>\n<td style=\"text-align: center;\"><span class=\"barva-modra\" style=\"font-size: 10pt;\">Peso del Generador de Aire<\/span><\/td>\n<\/tr>\n<tr>\n<td style=\"text-align: center;\"><span class=\"barva-modra\" style=\"font-size: 10pt;\">1 900 x 1 130 x 2 885 mm<\/span><\/td>\n<td style=\"text-align: center;\"><span class=\"barva-modra\" style=\"font-size: 10pt;\">&nbsp;<\/span><\/td>\n<td style=\"text-align: center;\"><span class=\"barva-modra\" style=\"font-size: 10pt;\">815 kg \/ 920 kg<\/span><\/td>\n<\/tr>\n<\/tbody>\n<\/table>\n<h2>&nbsp;<\/h2>\n<p>&nbsp;<\/p>\n<table class=\" tabulka\">\n<tbody>\n<tr>\n<td class=\"extra-tmava-bunka\"><span style=\"font-size: 10pt;\">Par\u00e1metros termales y tecnicos<\/span><\/td>\n<td class=\"extra-tmava-bunka\" style=\"text-align: center;\"><span style=\"font-size: 10pt;\">Unidad<\/span><\/td>\n<td class=\"extra-tmava-bunka\" style=\"text-align: center;\"><span style=\"font-size: 10pt;\">Generador aire 30 kW<\/span><\/td>\n<td class=\"extra-tmava-bunka\" style=\"text-align: center;\"><span style=\"font-size: 10pt;\">Generador aire 50 kW<\/span><\/td>\n<\/tr>\n<tr>\n<td><span style=\"font-size: 10pt;\">Potencia salida<\/span><\/td>\n<td style=\"text-align: center;\"><span style=\"font-size: 10pt;\">kW<\/span><\/td>\n<td style=\"text-align: center;\"><span style=\"font-size: 10pt;\">29<\/span><\/td>\n<td style=\"text-align: center;\"><span style=\"font-size: 10pt;\">49,5<\/span><\/td>\n<\/tr>\n<tr>\n<td><span style=\"font-size: 10pt;\">Rango de salida<\/span><\/td>\n<td style=\"text-align: center;\"><span style=\"font-size: 10pt;\">kW<\/span><\/td>\n<td style=\"text-align: center;\"><span style=\"font-size: 10pt;\">8,6 &#8211; 29<\/span><\/td>\n<td style=\"text-align: center;\"><span style=\"font-size: 10pt;\">14,6 &#8211; 49,5<\/span><\/td>\n<\/tr>\n<tr>\n<td><span style=\"font-size: 10pt;\">Consumo de combustible<\/span><\/td>\n<td style=\"text-align: center;\"><span style=\"font-size: 10pt;\">kg x hrs-1<\/span><\/td>\n<td style=\"text-align: center;\"><span style=\"font-size: 10pt;\">1,9 &#8211; 6,6<\/span><\/td>\n<td style=\"text-align: center;\"><span style=\"font-size: 10pt;\">3,44 &#8211; 11,63<\/span><\/td>\n<\/tr>\n<tr>\n<td><span style=\"font-size: 10pt;\">Eficiencia (rango de salida)<\/span><\/td>\n<td style=\"text-align: center;\"><span style=\"font-size: 10pt;\">%<\/span><\/td>\n<td style=\"text-align: center;\"><span style=\"font-size: 10pt;\">90,9<\/span><\/td>\n<td style=\"text-align: center;\"><span style=\"font-size: 10pt;\">90,4<\/span><\/td>\n<\/tr>\n<tr>\n<td><span style=\"font-size: 10pt;\">Rango de salida del gas de combusti\u00f3n<\/span><\/td>\n<td style=\"text-align: center;\"><span style=\"font-size: 10pt;\">\u00b0C<\/span><\/td>\n<td style=\"text-align: center;\"><span style=\"font-size: 10pt;\">94 &#8211; 148<\/span><\/td>\n<td style=\"text-align: center;\"><span style=\"font-size: 10pt;\">110 &#8211; 153<\/span><\/td>\n<\/tr>\n<tr>\n<td><span style=\"font-size: 10pt;\">Clase de caldera<\/span><\/td>\n<td style=\"text-align: center;\"><span style=\"font-size: 10pt;\">&nbsp;<\/span><\/td>\n<td style=\"text-align: center;\"><span style=\"font-size: 10pt;\">5<\/span><\/td>\n<td style=\"text-align: center;\"><span style=\"font-size: 10pt;\">5<\/span><\/td>\n<\/tr>\n<tr>\n<td><span style=\"font-size: 10pt;\">Tiempo min quemar\/rango de salida<\/span><br \/>\n<span style=\"font-size: 10pt;\"> (en base al almacen de combustible de 250 kg)<\/span><\/td>\n<td style=\"text-align: center;\"><span style=\"font-size: 10pt;\">horas<\/span><\/td>\n<td style=\"text-align: center;\"><span style=\"font-size: 10pt;\">147 &#8211; 42<\/span><\/td>\n<td style=\"text-align: center;\"><span style=\"font-size: 10pt;\">80 &#8211; 24<\/span><\/td>\n<\/tr>\n<tr>\n<td class=\"extra-tmava-bunka\" style=\"text-align: center;\" colspan=\"4\"><span style=\"font-size: 10pt;\">Parametros tecnicos de los productos<\/span><\/td>\n<\/tr>\n<tr>\n<td><span style=\"font-size: 10pt;\">Peso<\/span><\/td>\n<td style=\"text-align: center;\"><span style=\"font-size: 10pt;\">kg<\/span><\/td>\n<td style=\"text-align: center;\"><span style=\"font-size: 10pt;\">815<\/span><\/td>\n<td style=\"text-align: center;\"><span style=\"font-size: 10pt;\">920<\/span><\/td>\n<\/tr>\n<tr>\n<td><span style=\"font-size: 10pt;\">Contenido en agua<\/span><\/td>\n<td style=\"text-align: center;\"><span style=\"font-size: 10pt;\">litros<\/span><\/td>\n<td style=\"text-align: center;\"><span style=\"font-size: 10pt;\">140<\/span><\/td>\n<td style=\"text-align: center;\"><span style=\"font-size: 10pt;\">190<\/span><\/td>\n<\/tr>\n<tr>\n<td><span style=\"font-size: 10pt;\">Diametro del conducto del gas<\/span><\/td>\n<td style=\"text-align: center;\"><span style=\"font-size: 10pt;\">mm<\/span><\/td>\n<td style=\"text-align: center;\"><span style=\"font-size: 10pt;\">150<\/span><\/td>\n<td style=\"text-align: center;\"><span style=\"font-size: 10pt;\">160<\/span><\/td>\n<\/tr>\n<tr>\n<td><span style=\"font-size: 10pt;\">Dimension (anchoxprofundo) excloyendo caja de cenizas<\/span><\/td>\n<td style=\"text-align: center;\"><span style=\"font-size: 10pt;\">mm<\/span><\/td>\n<td style=\"text-align: center;\"><span style=\"font-size: 10pt;\">1130 x 1900<\/span><\/td>\n<td style=\"text-align: center;\"><span style=\"font-size: 10pt;\">1130 x 1900<\/span><\/td>\n<\/tr>\n<tr>\n<td><span style=\"font-size: 10pt;\">Presi\u00f3n m\u00e1xima de agua<\/span><\/td>\n<td style=\"text-align: center;\"><span style=\"font-size: 10pt;\">bar<\/span><\/td>\n<td style=\"text-align: center;\"><span style=\"font-size: 10pt;\">Hasta 3<\/span><\/td>\n<td style=\"text-align: center;\"><span style=\"font-size: 10pt;\">Hasta 3<\/span><\/td>\n<\/tr>\n<tr>\n<td><span style=\"font-size: 10pt;\">Tiro requerido&nbsp;<\/span><\/td>\n<td style=\"text-align: center;\"><span style=\"font-size: 10pt;\">mbar<\/span><\/td>\n<td style=\"text-align: center;\"><span style=\"font-size: 10pt;\">0,1 &#8211; 0,2<\/span><\/td>\n<td style=\"text-align: center;\"><span style=\"font-size: 10pt;\">0,1 &#8211; 0,3<\/span><\/td>\n<\/tr>\n<tr>\n<td><span style=\"font-size: 10pt;\">Temperatura de operaci\u00f3n recomendad<\/span><br \/>\n<span style=\"font-size: 10pt;\"> adel agua caliente<\/span><\/td>\n<td style=\"text-align: center;\"><span style=\"font-size: 10pt;\">\u00b0C<\/span><\/td>\n<td style=\"text-align: center;\"><span style=\"font-size: 10pt;\">60 &#8211; 80<\/span><\/td>\n<td style=\"text-align: center;\"><span style=\"font-size: 10pt;\">60 &#8211; 80<\/span><\/td>\n<\/tr>\n<tr>\n<td><span style=\"font-size: 10pt;\">Temperatura inferior del agua entrante<\/span><\/td>\n<td style=\"text-align: center;\"><span style=\"font-size: 10pt;\">\u00b0C<\/span><\/td>\n<td style=\"text-align: center;\"><span style=\"font-size: 10pt;\">55<\/span><\/td>\n<td style=\"text-align: center;\"><span style=\"font-size: 10pt;\">55<\/span><\/td>\n<\/tr>\n<tr>\n<td><span style=\"font-size: 10pt;\">Nivel de ruido<\/span><\/td>\n<td style=\"text-align: center;\"><span style=\"font-size: 10pt;\">dB<\/span><\/td>\n<td style=\"text-align: center;\"><span style=\"font-size: 10pt;\">57<\/span><\/td>\n<td style=\"text-align: center;\"><span style=\"font-size: 10pt;\">57<\/span><\/td>\n<\/tr>\n<tr>\n<td><span style=\"font-size: 10pt;\">Energ\u00eda de salida 70\/50 \u00b0C, 10 \u00b0C<\/span><\/td>\n<td style=\"text-align: center;\"><span style=\"font-size: 10pt;\">kW<\/span><\/td>\n<td style=\"text-align: center;\"><span style=\"font-size: 10pt;\">32,48<\/span><\/td>\n<td style=\"text-align: center;\"><span style=\"font-size: 10pt;\">53,91<\/span><\/td>\n<\/tr>\n<tr>\n<td><span style=\"font-size: 10pt;\">Rango de aire de circulaci\u00f3n en espacio abierto<\/span><\/td>\n<td style=\"text-align: center;\"><span style=\"font-size: 10pt;\">m<\/span><\/td>\n<td style=\"text-align: center;\"><span style=\"font-size: 10pt;\">22,5<\/span><\/td>\n<td style=\"text-align: center;\"><span style=\"font-size: 10pt;\">17,5<\/span><\/td>\n<\/tr>\n<tr>\n<td><span style=\"font-size: 10pt;\">Nivel medio de la presi\u00f3n del ruido<\/span><\/td>\n<td style=\"text-align: center;\"><span style=\"font-size: 10pt;\">dB<\/span><\/td>\n<td style=\"text-align: center;\"><span style=\"font-size: 10pt;\">64,5<\/span><\/td>\n<td style=\"text-align: center;\"><span style=\"font-size: 10pt;\">67,2<\/span><\/td>\n<\/tr>\n<tr>\n<td class=\"extra-tmava-bunka\" style=\"text-align: center;\" colspan=\"4\"><span style=\"font-size: 10pt;\">Parametros electricos de los productos<\/span><\/td>\n<\/tr>\n<tr>\n<td><span style=\"font-size: 10pt;\">Voltaje de la conexi\u00f3n<\/span><\/td>\n<td style=\"text-align: center;\"><span style=\"font-size: 10pt;\">&nbsp;<\/span><\/td>\n<td style=\"text-align: center;\"><span style=\"font-size: 10pt;\">230 VAC \u00b110%, 50 Hz \u00b1 2 Hz<\/span><\/td>\n<td style=\"text-align: center;\"><span style=\"font-size: 10pt;\">230 VAC \u00b110%, 50 Hz \u00b1 2 Hz<\/span><\/td>\n<\/tr>\n<tr>\n<td><span style=\"font-size: 10pt;\">Entrada m\u00e1xima electrica \u2013 Encendido<\/span><\/td>\n<td style=\"text-align: center;\"><span style=\"font-size: 10pt;\">V<\/span><\/td>\n<td style=\"text-align: center;\"><span style=\"font-size: 10pt;\">1200<\/span><\/td>\n<td style=\"text-align: center;\"><span style=\"font-size: 10pt;\">1200<\/span><\/td>\n<\/tr>\n<tr>\n<td><span style=\"font-size: 10pt;\">Protecci\u00f3n electrica de la unidad de control<\/span><\/td>\n<td style=\"text-align: center;\"><span style=\"font-size: 10pt;\">&nbsp;<\/span><\/td>\n<td style=\"text-align: center;\"><span style=\"font-size: 10pt;\">IP54<\/span><\/td>\n<td style=\"text-align: center;\"><span style=\"font-size: 10pt;\">IP54<\/span><\/td>\n<\/tr>\n<tr>\n<td><span style=\"font-size: 10pt;\">Protecci\u00f3n electrica del cableado de la caldera<\/span><\/td>\n<td style=\"text-align: center;\"><span style=\"font-size: 10pt;\">&nbsp;<\/span><\/td>\n<td style=\"text-align: center;\"><span style=\"font-size: 10pt;\">IP20<\/span><\/td>\n<td style=\"text-align: center;\"><span style=\"font-size: 10pt;\">IP20<\/span><\/td>\n<\/tr>\n<tr>\n<td class=\"extra-tmava-bunka\" style=\"text-align: center;\" colspan=\"4\"><span style=\"font-size: 10pt;\">Combustible y sus parametros&nbsp;&nbsp;<\/span><\/td>\n<\/tr>\n<tr>\n<td><span style=\"font-size: 10pt;\">Diametro de los pellets<\/span><\/td>\n<td style=\"text-align: center;\"><span style=\"font-size: 10pt;\">mm<\/span><\/td>\n<td style=\"text-align: center;\"><span style=\"font-size: 10pt;\">6,0 &#8211; 8,5<\/span><\/td>\n<td style=\"text-align: center;\"><span style=\"font-size: 10pt;\">6,0 &#8211; 8,5<\/span><\/td>\n<\/tr>\n<tr>\n<td><span style=\"font-size: 10pt;\">Agua<\/span><\/td>\n<td style=\"text-align: center;\"><span style=\"font-size: 10pt;\">MJ\/kg<\/span><\/td>\n<td style=\"text-align: center;\"><span style=\"font-size: 10pt;\">aproximadamente 16 &#8211; 18<\/span><\/td>\n<td style=\"text-align: center;\"><span style=\"font-size: 10pt;\">aproximadamente 16 &#8211; 18<\/span><\/td>\n<\/tr>\n<tr>\n<td><span style=\"font-size: 10pt;\">Nivel de humedad<\/span><\/td>\n<td style=\"text-align: center;\"><span style=\"font-size: 10pt;\">&nbsp;<\/span><\/td>\n<td style=\"text-align: center;\"><span style=\"font-size: 10pt;\">Hasta 10%<\/span><\/td>\n<td style=\"text-align: center;\"><span style=\"font-size: 10pt;\">Hasta 10%<\/span><\/td>\n<\/tr>\n<tr>\n<td><span style=\"font-size: 10pt;\">Contenido de cenizas<\/span><\/td>\n<td style=\"text-align: center;\"><span style=\"font-size: 10pt;\">&nbsp;<\/span><\/td>\n<td style=\"text-align: center;\"><span style=\"font-size: 10pt;\">Hasta 1% (0,8 &#8211; 1,0%)<\/span><\/td>\n<td style=\"text-align: center;\"><span style=\"font-size: 10pt;\">Hasta 1% (0,8 &#8211; 1,0%)<\/span><\/td>\n<\/tr>\n<\/tbody>\n<\/table>\n<p>&nbsp;<\/p>\n<p>&nbsp;<\/p>\n<h2>Galer\u00eda de Fotos:<\/h2>\nngg_shortcode_0_placeholder\n","protected":false},"excerpt":{"rendered":"<p>Generador de Aire 50 kW SMART &nbsp; &nbsp; &nbsp; &nbsp; &nbsp; &nbsp; &nbsp;&nbsp;&nbsp; &nbsp; \u2022 Pal\u00e9 de soporte y estructura de acero \u2022 Calderas de Pellet Autom\u00e1tica con limpieza de cenizas autom\u00e1tica \u2022 Eficiencia &gt;90% \u2022 Ajuste de potencia de salida 30-100% \u2022 400 l Tolva de combustible \u2022 Ventilador de aire caliente con Control [&hellip;]<\/p>\n","protected":false},"author":1,"featured_media":0,"parent":0,"menu_order":0,"comment_status":"closed","ping_status":"closed","template":"page-h1.php","meta":{"ngg_post_thumbnail":0,"footnotes":""},"class_list":["post-28881","page","type-page","status-publish","hentry"],"_links":{"self":[{"href":"https:\/\/www.smartheating.cz\/es\/wp-json\/wp\/v2\/pages\/28881","targetHints":{"allow":["GET"]}}],"collection":[{"href":"https:\/\/www.smartheating.cz\/es\/wp-json\/wp\/v2\/pages"}],"about":[{"href":"https:\/\/www.smartheating.cz\/es\/wp-json\/wp\/v2\/types\/page"}],"author":[{"embeddable":true,"href":"https:\/\/www.smartheating.cz\/es\/wp-json\/wp\/v2\/users\/1"}],"replies":[{"embeddable":true,"href":"https:\/\/www.smartheating.cz\/es\/wp-json\/wp\/v2\/comments?post=28881"}],"version-history":[{"count":0,"href":"https:\/\/www.smartheating.cz\/es\/wp-json\/wp\/v2\/pages\/28881\/revisions"}],"wp:attachment":[{"href":"https:\/\/www.smartheating.cz\/es\/wp-json\/wp\/v2\/media?parent=28881"}],"curies":[{"name":"wp","href":"https:\/\/api.w.org\/{rel}","templated":true}]}}