{"id":20697,"date":"2016-09-26T15:37:28","date_gmt":"2016-09-26T14:37:28","guid":{"rendered":"http:\/\/www.smartheating.cz\/es\/smart-air-heaters-360\/"},"modified":"2018-08-22T09:18:15","modified_gmt":"2018-08-22T08:18:15","slug":"smart-air-heaters-360","status":"publish","type":"page","link":"https:\/\/www.smartheating.cz\/es\/smart-air-heaters-360\/","title":{"rendered":"Calentadores De Aire 360\u00b0 SMART"},"content":{"rendered":"<h1 class=\"title\"><strong> <img loading=\"lazy\" decoding=\"async\" class=\"wp-image-25953 size-full alignright\" src=\"http:\/\/www.smartheating.cz\/wp-content\/uploads\/2016\/09\/air_heater2.png\" alt=\"\" width=\"566\" height=\"375\" srcset=\"https:\/\/www.smartheating.cz\/wp-content\/uploads\/2016\/09\/air_heater2.png 566w, https:\/\/www.smartheating.cz\/wp-content\/uploads\/2016\/09\/air_heater2-300x199.png 300w\" sizes=\"auto, (max-width: 566px) 100vw, 566px\" \/><\/strong><\/h1>\n<p>&nbsp;<\/p>\n<p>&nbsp;<\/p>\n<p>&nbsp;<\/p>\n<p>&nbsp;<\/p>\n<p>&nbsp;<\/p>\n<p>&nbsp;<\/p>\n<p>&nbsp;<\/p>\n<p>&nbsp;<\/p>\n<p>&nbsp;<\/p>\n<p><span class=\"barva-modra\">\u2022 ABS Alumbran el Cuerpo de Peso \u2022 15-30 metros 360\u00b0 Tiro de Aire de \u2022 Tapas de Acero inoxidable para la Regulaci\u00f3n de Corriente de aire \u2022 el Doble Cambiador Cubierto \u2022 la Capacidad &gt; 10.000 m<sup>3<\/sup> por hora \u2022 Calienta\/Seca sin la Producci\u00f3n CO<sub>2<\/sub> \u2022 el Mejor Entorno para Animales \u2022 el Calor Seco \u2022 la Basura Seca \/ el Animal Reduce sus Problemas de Pies entonces necesita Menos Antibi\u00f3ticos \u2022 Mucho m\u00e1s abajo NH<sub>2<\/sub> Nivelan \u2022 Mejor Alimentan la Tarifa De conversi\u00f3n \u2022 F\u00e1cil para Precalentar el Piso \u2022 el Servicio de Mantenimiento\/F\u00e1cil de Limpieza\/F\u00e1cil F\u00e1cil<\/span><\/p>\n<h2 dir=\"LTR\" align=\"LEFT\">&nbsp;<\/h2>\n<table class=\" alignright\" style=\"width: 207.5px;\">\n<tbody>\n<tr style=\"height: 109px;\">\n<td style=\"width: 204.5px; height: 109px;\">\n<p><a href=\"http:\/\/www.smartheating.cz\/wp-content\/uploads\/2016\/09\/Smart-Air-Heater-1.png\"><img loading=\"lazy\" decoding=\"async\" class=\"alignnone wp-image-20323\" src=\"http:\/\/www.smartheating.cz\/wp-content\/uploads\/2016\/09\/Smart-Air-Heater-1.png\" alt=\"smart-air-heater-1\" width=\"200\" height=\"99\" srcset=\"https:\/\/www.smartheating.cz\/wp-content\/uploads\/2016\/09\/Smart-Air-Heater-1.png 400w, https:\/\/www.smartheating.cz\/wp-content\/uploads\/2016\/09\/Smart-Air-Heater-1-300x148.png 300w\" sizes=\"auto, (max-width: 200px) 100vw, 200px\" \/><\/a><\/p>\n<\/td>\n<\/tr>\n<tr style=\"height: 127px;\">\n<td style=\"width: 204.5px; height: 127px;\"><a href=\"http:\/\/www.smartheating.cz\/wp-content\/uploads\/2016\/09\/Smart-Air-Heater-2.png\"><img loading=\"lazy\" decoding=\"async\" class=\"alignnone wp-image-20334\" src=\"http:\/\/www.smartheating.cz\/wp-content\/uploads\/2016\/09\/Smart-Air-Heater-2.png\" alt=\"smart-air-heater-2\" width=\"200\" height=\"99\" srcset=\"https:\/\/www.smartheating.cz\/wp-content\/uploads\/2016\/09\/Smart-Air-Heater-2.png 400w, https:\/\/www.smartheating.cz\/wp-content\/uploads\/2016\/09\/Smart-Air-Heater-2-300x148.png 300w\" sizes=\"auto, (max-width: 200px) 100vw, 200px\" \/><\/a><\/td>\n<\/tr>\n<tr style=\"height: 120.28px;\">\n<td style=\"width: 204.5px; height: 120.28px;\"><a href=\"http:\/\/www.smartheating.cz\/wp-content\/uploads\/2016\/09\/Smart-Air-Heater-3.png\"><img loading=\"lazy\" decoding=\"async\" class=\"alignnone wp-image-20345\" src=\"http:\/\/www.smartheating.cz\/wp-content\/uploads\/2016\/09\/Smart-Air-Heater-3.png\" alt=\"smart-air-heater-3\" width=\"200\" height=\"99\" srcset=\"https:\/\/www.smartheating.cz\/wp-content\/uploads\/2016\/09\/Smart-Air-Heater-3.png 400w, https:\/\/www.smartheating.cz\/wp-content\/uploads\/2016\/09\/Smart-Air-Heater-3-300x148.png 300w\" sizes=\"auto, (max-width: 200px) 100vw, 200px\" \/><\/a><\/td>\n<\/tr>\n<tr style=\"height: 109px;\">\n<td style=\"width: 204.5px; height: 109px;\"><a href=\"http:\/\/www.smartheating.cz\/wp-content\/uploads\/2016\/09\/Smart-Air-Heater-4.png\"><img loading=\"lazy\" decoding=\"async\" class=\"alignnone wp-image-20356\" src=\"http:\/\/www.smartheating.cz\/wp-content\/uploads\/2016\/09\/Smart-Air-Heater-4.png\" alt=\"smart-air-heater-4\" width=\"200\" height=\"99\" srcset=\"https:\/\/www.smartheating.cz\/wp-content\/uploads\/2016\/09\/Smart-Air-Heater-4.png 400w, https:\/\/www.smartheating.cz\/wp-content\/uploads\/2016\/09\/Smart-Air-Heater-4-300x148.png 300w\" sizes=\"auto, (max-width: 200px) 100vw, 200px\" \/><\/a><\/td>\n<\/tr>\n<tr style=\"height: 177px;\">\n<td style=\"width: 204.5px; height: 177px;\"><a href=\"http:\/\/www.smartheating.cz\/wp-content\/uploads\/2016\/09\/Smart-Air-Heater-5.png\"><img loading=\"lazy\" decoding=\"async\" class=\"alignnone wp-image-20367\" src=\"http:\/\/www.smartheating.cz\/wp-content\/uploads\/2016\/09\/Smart-Air-Heater-5.png\" alt=\"smart-air-heater-5\" width=\"200\" height=\"167\" srcset=\"https:\/\/www.smartheating.cz\/wp-content\/uploads\/2016\/09\/Smart-Air-Heater-5.png 400w, https:\/\/www.smartheating.cz\/wp-content\/uploads\/2016\/09\/Smart-Air-Heater-5-300x250.png 300w\" sizes=\"auto, (max-width: 200px) 100vw, 200px\" \/><\/a><\/td>\n<\/tr>\n<\/tbody>\n<\/table>\n<h2 dir=\"LTR\" align=\"LEFT\">Smart Air Heaters 360\u00b0 <span id=\"result_box\" class=\"short_text\" lang=\"es\"><span class=\"\">una unidad de distribuci\u00f3n de aire \u00fanica<\/span><\/span><\/h2>\n<p><span class=\"barva-modra\">Los Calentadores De Aire 360\u00b0 SMART unidad consisten en el alto transformador de calor de eficacia, el abanico axial y un dispositivo de distribuci\u00f3n \u00fanico dise\u00f1ado. El agua caliente es suministrada de una caldera externa y pasa el transformador de calor. El abanico aspira el aire de dentro del edificio por el transformador de calor y empuja el aire caliente igualmente por las 6 salidas de aire.<\/span><\/p>\n<p>\n <span class=\"barva-modra\">La cantidad de aire y las direcciones puede ser ajustada por las tapas dentro de cada salida de aire. Las unidades cuelgan en medio del edificio por el cual una distribuci\u00f3n ideal es garantizada a todas las esquinas en el edificio.<\/span><\/p>\n<p><span class=\"barva-modra\">El aire puede ser distribuido hasta 15 m, posteriormente para 30 m amplias casas.<\/span><\/p>\n<p>&nbsp;<\/p>\n<h2><span class=\"barva-modra\">El conducto de recirculaci\u00f3n<\/span><\/h2>\n<p><span class=\"barva-modra\">el aire Caliente alcanza los flancos y subidas al techo, donde esto vuelve a la unidad HW para una circulaci\u00f3n natural de aire caliente.<\/span><\/p>\n<p>&nbsp;<\/p>\n<h2>Ventajas<\/h2>\n<p><span class=\"barva-cervena\"><span style=\"color: #255aa3;\"><strong><span class=\"barva-cervena\">\u2022 <\/span><\/strong>La distribuci\u00f3n Perfecta del calor<br \/>\n <\/span><strong>\u2022<\/strong> <span style=\"color: #255aa3;\">Menos energ\u00eda no cuesta<br \/>\n <\/span><\/span><span style=\"color: #255aa3;\"><span class=\"barva-cervena\"><strong>\u2022<\/strong> <\/span>No peligroso, ninguna llama abierta<\/span><span style=\"color: #255aa3;\"><br \/>\n <span class=\"barva-cervena\"><strong>\u2022<\/strong> <\/span>el material Duradero ABS<br \/>\n <span class=\"barva-cervena\"><strong>\u2022<\/strong> <\/span>Posible de usar como la refrigeraci\u00f3n<br \/>\n <\/span><\/p>\n<p><span class=\"barva-modra\" style=\"font-size: 10pt;\">La unidad es patentada y registrada.<\/span><\/p>\n<h2>&nbsp;<\/h2>\n<table class=\" tabulka\" style=\"width: 678.14px;\">\n<tbody>\n<tr style=\"height: 24px;\">\n<td class=\"extra-tmava-bunka\" style=\"width: 111px; height: 24px;\">&nbsp;<\/td>\n<td class=\"extra-tmava-bunka\" style=\"width: 43px; height: 24px; text-align: center;\">&nbsp;<\/td>\n<td class=\"extra-tmava-bunka\" style=\"width: 108px; height: 24px; text-align: center;\"><span style=\"font-size: 10pt;\">Calentadores De Aire 360\u00b0 SMART 25 <\/span><\/td>\n<td class=\"extra-tmava-bunka\" style=\"width: 108px; height: 24px; text-align: center;\"><span style=\"font-size: 10pt;\">Calentadores De Aire 360\u00b0 SMART 50<\/span><\/td>\n<td class=\"extra-tmava-bunka\" style=\"width: 108px; height: 24px; text-align: center;\"><span style=\"font-size: 10pt;\">Calentadores De Aire 360\u00b0 SMART 60<\/span><\/td>\n<td class=\"extra-tmava-bunka\" style=\"width: 110.14px; height: 24px; text-align: center;\"><span style=\"font-size: 10pt;\">Calentadores De Aire 360\u00b0 SMART 70<\/span><\/td>\n<\/tr>\n<tr style=\"height: 24px;\">\n<td style=\"width: 111px; height: 24px;\"><span style=\"font-size: 10pt;\">Desplazamiento de aire<\/span><\/td>\n<td style=\"width: 43px; height: 24px; text-align: center;\">&nbsp;<\/td>\n<td style=\"width: 108px; height: 24px; text-align: center;\"><span style=\"font-size: 10pt;\">3 000 m<sup>3<\/sup>\/h<\/span><\/td>\n<td style=\"width: 108px; height: 24px; text-align: center;\"><span style=\"font-size: 10pt;\">10 400 m<sup>3<\/sup>\/h<\/span><\/td>\n<td style=\"width: 108px; height: 24px; text-align: center;\"><span style=\"font-size: 10pt;\">10 400 m<sup>3<\/sup>\/h<\/span><\/td>\n<td style=\"width: 110.14px; height: 24px; text-align: center;\"><span style=\"font-size: 10pt;\">10 400 m<sup>3<\/sup>\/h<\/span><\/td>\n<\/tr>\n<tr style=\"height: 24px;\">\n<td style=\"width: 111px; height: 24px;\"><span style=\"font-size: 10pt;\">Abanico<\/span><\/td>\n<td style=\"width: 43px; height: 24px; text-align: center;\">&nbsp;<\/td>\n<td style=\"width: 108px; height: 24px; text-align: center;\"><span style=\"font-size: 10pt;\">230 V\/0,9 A<br \/>\n 170 W\/ 1400 RPM<\/span><\/td>\n<td style=\"width: 108px; height: 24px; text-align: center;\"><span style=\"font-size: 10pt;\">400 V\/1,3 A<br \/>\n 600 W\/900 RPM<\/span><\/td>\n<td style=\"width: 108px; height: 24px; text-align: center;\"><span style=\"font-size: 10pt;\">400 V\/1,3 A<br \/>\n 600 W\/900 RPM<\/span><\/td>\n<td style=\"width: 110.14px; height: 24px; text-align: center;\"><span style=\"font-size: 10pt;\">400 V\/1,3 A<br \/>\n 600 W\/900 RPM<\/span><\/td>\n<\/tr>\n<tr style=\"height: 24px;\">\n<td style=\"width: 111px; height: 24px;\"><span style=\"font-size: 10pt;\">Medida<\/span><\/td>\n<td style=\"width: 43px; height: 24px; text-align: center;\">&nbsp;<\/td>\n<td style=\"width: 108px; height: 24px; text-align: center;\"><span style=\"font-size: 10pt;\">830 x 535 x 860<\/span><\/td>\n<td style=\"width: 108px; height: 24px; text-align: center;\"><span style=\"font-size: 10pt;\">1115 x 1062 x 920<\/span><\/td>\n<td style=\"width: 108px; height: 24px; text-align: center;\"><span style=\"font-size: 10pt;\">1115 x 1062 x 950<\/span><\/td>\n<td style=\"width: 110.14px; height: 24px; text-align: center;\"><span style=\"font-size: 10pt;\">1115 x 1062 x 980<\/span><\/td>\n<\/tr>\n<tr style=\"height: 24.53px;\">\n<td style=\"width: 111px; height: 24.53px;\"><span style=\"font-size: 10pt;\">Conexion de agua<\/span><\/td>\n<td style=\"width: 43px; height: 24.53px; text-align: center;\">&nbsp;<\/td>\n<td style=\"width: 108px; height: 24.53px; text-align: center;\"><span style=\"font-size: 10pt;\">G 3\/4\u201d<\/span><\/td>\n<td style=\"width: 108px; height: 24.53px; text-align: center;\"><span style=\"font-size: 10pt;\">G 1\u201d<\/span><\/td>\n<td style=\"width: 108px; height: 24.53px; text-align: center;\"><span style=\"font-size: 10pt;\">G 5\/4\u201d<\/span><\/td>\n<td style=\"width: 110.14px; height: 24.53px; text-align: center;\"><span style=\"font-size: 10pt;\">G 5\/4\u201d<\/span><\/td>\n<\/tr>\n<tr style=\"height: 24px;\">\n<td style=\"width: 111px; height: 24px;\"><span style=\"font-size: 10pt;\">Peso incluido el agua<\/span><\/td>\n<td style=\"width: 43px; height: 24px; text-align: center;\">&nbsp;<\/td>\n<td style=\"width: 108px; height: 24px; text-align: center;\"><span style=\"font-size: 10pt;\">32 kg<\/span><\/td>\n<td style=\"width: 108px; height: 24px; text-align: center;\"><span style=\"font-size: 10pt;\">82 kg<\/span><\/td>\n<td style=\"width: 108px; height: 24px; text-align: center;\"><span style=\"font-size: 10pt;\">86 kg<\/span><\/td>\n<td style=\"width: 110.14px; height: 24px; text-align: center;\"><span style=\"font-size: 10pt;\">90 kg<\/span><\/td>\n<\/tr>\n<tr style=\"height: 24px;\">\n<td class=\"extra-tmava-bunka\" style=\"width: 111px; height: 24px;\">&nbsp;<\/td>\n<td class=\"extra-tmava-bunka\" style=\"width: 43px; height: 24px;\">&nbsp;<\/td>\n<td class=\"extra-tmava-bunka\" style=\"width: 434.14px; height: 24px; text-align: center;\" colspan=\"4\"><span style=\"font-size: 10pt;\">RANGO DE TEMPERATURAS DE TRABAJO ENTRE 90 \u00b0C \u2013 70 \u00b0C<\/span><\/td>\n<\/tr>\n<tr style=\"height: 24px;\">\n<td style=\"width: 111px; height: 24px;\"><span style=\"font-size: 10pt;\">Temperatura ambiente<\/span><\/td>\n<td style=\"width: 43px; height: 24px; text-align: center;\"><span style=\"font-size: 10pt;\">20 \u00b0C<\/span><\/td>\n<td style=\"width: 108px; height: 24px; text-align: center;\"><span style=\"font-size: 10pt;\">28 kW &#8211; 1,3 m<sup>3<\/sup>\/h &#8211; 20 kPa<\/span><\/td>\n<td style=\"width: 108px; height: 24px; text-align: center;\"><span style=\"font-size: 10pt;\">75 kW &#8211; 3,3 m<sup>3<\/sup>\/h &#8211; 37 kPa<\/span><\/td>\n<td style=\"width: 108px; height: 24px; text-align: center;\"><span style=\"font-size: 10pt;\">93 kW &#8211; 4,2 m<sup>3<\/sup>\/h &#8211; 35 kPa<\/span><\/td>\n<td style=\"width: 110.14px; height: 24px; text-align: center;\"><span style=\"font-size: 10pt;\">111 kW &#8211; 4,9 m<sup>3<\/sup>\/h &#8211; 38 kPa<\/span><\/td>\n<\/tr>\n<tr style=\"height: 24px;\">\n<td class=\"extra-tmava-bunka\" style=\"width: 111px; height: 24px;\"><span style=\"font-size: 10pt;\">Peso incluido el agua<\/span><\/td>\n<td class=\"extra-tmava-bunka\" style=\"width: 43px; height: 24px; text-align: center;\">&nbsp;<\/td>\n<td class=\"extra-tmava-bunka\" style=\"width: 434.14px; height: 24px; text-align: center;\" colspan=\"4\"><span style=\"font-size: 10pt;\">RANGO DE TEMPERATURAS DE TRABAJO ENTRE 80 \u00b0C \u2013 65 \u00b0C<\/span><\/td>\n<\/tr>\n<tr style=\"height: 24px;\">\n<td style=\"width: 111px; height: 24px;\"><span style=\"font-size: 10pt;\">Temperatura ambiente<\/span><\/td>\n<td style=\"width: 43px; height: 24px; text-align: center;\"><span style=\"font-size: 10pt;\">20 \u00b0C<\/span><\/td>\n<td style=\"width: 108px; height: 24px; text-align: center;\"><span style=\"font-size: 10pt;\">25 kW &#8211; 1,5 m<sup>3<\/sup>\/h &#8211; 27 kPa<\/span><\/td>\n<td style=\"width: 108px; height: 24px; text-align: center;\"><span style=\"font-size: 10pt;\">66 kW &#8211; 3,9 m<sup>3<\/sup>\/h &#8211; 50 kPa<\/span><\/td>\n<td style=\"width: 108px; height: 24px; text-align: center;\"><span style=\"font-size: 10pt;\">82 kW &#8211; 4,8 m<sup>3<\/sup>\/h &#8211; 47 kPa<\/span><\/td>\n<td style=\"width: 110.14px; height: 24px; text-align: center;\"><span style=\"font-size: 10pt;\">97 kW &#8211; 5,7 m<sup>3<\/sup>\/h &#8211; 51 kPa<\/span><\/td>\n<\/tr>\n<\/tbody>\n<\/table>\n<p>&nbsp;<\/p>\n<h2>Galer\u00eda de Fotos:<\/h2>\n<p>&nbsp;<\/p>\n","protected":false},"excerpt":{"rendered":"<p>&nbsp; &nbsp; &nbsp; &nbsp; &nbsp; &nbsp; &nbsp; &nbsp; &nbsp; \u2022 ABS Alumbran el Cuerpo de Peso \u2022 15-30 metros 360\u00b0 Tiro de Aire de \u2022 Tapas de Acero inoxidable para la Regulaci\u00f3n de Corriente de aire \u2022 el Doble Cambiador Cubierto \u2022 la Capacidad &gt; 10.000 m3 por hora \u2022 Calienta\/Seca sin la Producci\u00f3n CO2 [&hellip;]<\/p>\n","protected":false},"author":2,"featured_media":0,"parent":0,"menu_order":0,"comment_status":"closed","ping_status":"closed","template":"","meta":{"ngg_post_thumbnail":0,"footnotes":""},"class_list":["post-20697","page","type-page","status-publish","hentry"],"_links":{"self":[{"href":"https:\/\/www.smartheating.cz\/es\/wp-json\/wp\/v2\/pages\/20697","targetHints":{"allow":["GET"]}}],"collection":[{"href":"https:\/\/www.smartheating.cz\/es\/wp-json\/wp\/v2\/pages"}],"about":[{"href":"https:\/\/www.smartheating.cz\/es\/wp-json\/wp\/v2\/types\/page"}],"author":[{"embeddable":true,"href":"https:\/\/www.smartheating.cz\/es\/wp-json\/wp\/v2\/users\/2"}],"replies":[{"embeddable":true,"href":"https:\/\/www.smartheating.cz\/es\/wp-json\/wp\/v2\/comments?post=20697"}],"version-history":[{"count":0,"href":"https:\/\/www.smartheating.cz\/es\/wp-json\/wp\/v2\/pages\/20697\/revisions"}],"wp:attachment":[{"href":"https:\/\/www.smartheating.cz\/es\/wp-json\/wp\/v2\/media?parent=20697"}],"curies":[{"name":"wp","href":"https:\/\/api.w.org\/{rel}","templated":true}]}}